{"id":11599,"date":"2024-06-04T17:23:33","date_gmt":"2024-06-04T15:23:33","guid":{"rendered":"https:\/\/abrhome.eu\/product\/holdbart-stal-trappegelaender-segment\/"},"modified":"2024-06-04T21:30:40","modified_gmt":"2024-06-04T19:30:40","slug":"holdbart-stal-trappegelaender-segment","status":"publish","type":"product","link":"https:\/\/abrhome.eu\/da\/vare\/holdbart-stal-trappegelaender-segment\/","title":{"rendered":"Holdbart st\u00e5l trappegel\u00e6nder segment"},"content":{"rendered":"<p>Vores <b>Holdbart st\u00e5l trappegel\u00e6nder segment<\/b> tilbyder \u00f8get sikkerhed, st\u00f8tte og et moderne \u00e6stetisk udtryk til enhver trappekonfiguration. Pr\u00e6cist fremstillet ved brug af h\u00f8jkvalitets <b>st\u00e5l<\/b>, er hvert gel\u00e6ndersegment tilpasset specifikke st\u00f8rrelser gennem pr\u00e6cise sk\u00e6reteknikker. Avancerede svejseprocesser anvendes derefter til samling og sikrer robust strukturel integritet.<\/p>\n<p>Efter samlingen bliver vores f\u00e6rdige produkter omhyggeligt slebet for at skabe glatte overflader, der eliminerer skarpe kanter og dermed \u00f8ger sikkerheden for brugerne. For at \u00f8ge b\u00e5de holdbarhed og visuel appel kan gel\u00e6nderne behandles gennem forzinkning eller afsluttes med et <b>pulverlakeret<\/b> lag. Tilpassede farver som sort RAL 9005 eller hvid RAL 9010 er tilg\u00e6ngelige, hvilket giver fleksibilitet til at matche forskellige designbehov og tilbyder fremragende korrosionsbestandighed.<\/p>\n<p>Hvert segment har robuste lodrette balustre, et solidt nederste gel\u00e6nder og inkluderer monteringsarmaturer for enkel, sikker installation. Velegnet til b\u00e5de boligm\u00e6ssige og kommercielle omgivelser kombinerer vores <b>metalgel\u00e6nder til trapper<\/b> funktionalitet med elegant styling og tilf\u00f8rer betydelig v\u00e6rdi til enhver ejendom.<\/p>\n<p> <div class=\"p2410-product-tags\" style=\"margin:1rem 0\">\r\n\t\t<div style=\"font-weight:600\">Tags<\/div>\r\n\t\t<div><a href=\"https:\/\/abrhome.eu\/da\/vare-tag\/forzinket-gelaender-til-trapper\/\" class=\"product-tag\">forzinket gel\u00e6nder til trapper<\/a>, <a href=\"https:\/\/abrhome.eu\/da\/vare-tag\/holdbart-trappegelaender\/\" class=\"product-tag\">Holdbart Trappegel\u00e6nder<\/a>, <a href=\"https:\/\/abrhome.eu\/da\/vare-tag\/metal-trapperekvaerk\/\" class=\"product-tag\">Metal Trapperekv\u00e6rk<\/a>, <a href=\"https:\/\/abrhome.eu\/da\/vare-tag\/pulverbelagte-skinner\/\" class=\"product-tag\">pulverbelagte skinner<\/a>, <a href=\"https:\/\/abrhome.eu\/da\/vare-tag\/staal-gelaendersegment\/\" class=\"product-tag\">st\u00e5l gel\u00e6ndersegment<\/a><\/div>\r\n\t<\/div> <div class=\"p2410-product-colors\" style=\"margin:1rem 0\">\r\n\t\t<div style=\"font-weight:600\">Farve<\/div>\r\n\t\t<div><span>RAL 1023 Trafikgul (Gul)<\/span>, <span>RAL 1036 Perleguld (Guld)<\/span>, <span>RAL 2004 Ren orange (Orange)<\/span>, <span>RAL 3000 Flammer\u00f8d (R\u00f8d)<\/span>, <span>RAL 3020 Trafikr\u00f8d (R\u00f8d)<\/span>, <span>RAL 4005 Bl\u00e5lilla (Violet)<\/span>, <span>RAL 5005 Signa lbl\u00e5 (Bl\u00e5)<\/span>, <span>RAL 5010 Gentianabl\u00e5 (Bl\u00e5)<\/span>, <span>RAL 6005 Mosgr\u00f8n (Gr\u00f8n)<\/span>, <span>RAL 7012 Basaltgr\u00e5 (Gr\u00e5)<\/span>, <span>RAL 7015 Skifergr\u00e5 (Gr\u00e5)<\/span>, <span>RAL 7016 Antracitgr\u00e5 (Gr\u00e5)<\/span>, <span>RAL 7021 Sortgr\u00e5 (Sort)<\/span>, <span>RAL 7024 Grafitgr\u00e5 (Gr\u00e5)<\/span>, <span>RAL 7032 Gr\u00e5 grus (Gr\u00e5)<\/span>, <span>RAL 7035 Lysegr\u00e5 (Gr\u00e5)<\/span>, <span>RAL 7040 Vinduesgr\u00e5 (Gr\u00e5)<\/span>, <span>RAL 7042 Trafikgr\u00e5 A (Gr\u00e5)<\/span>, <span>RAL 8017 Chokoladebrun (Brun)<\/span>, <span>RAL 9005 Sort sort (Sort)<\/span>, <span>RAL 9006 Hvidt aluminium (S\u00f8lv)<\/span>, <span>RAL 9007 Gr\u00e5t aluminium (S\u00f8lv)<\/span>, <span>RAL 9010 Ren hvid (Hvid)<\/span>, <span>RAL 9016 Trafikhvid (Hvid)<\/span><\/div>\r\n\t<\/div><\/p>\n","protected":false},"excerpt":{"rendered":"<p>Forbedre sikkerheden og stilen p\u00e5 din trappe med vores <b>Holdbart st\u00e5l trappegel\u00e6nder segment<\/b>. Ekspertfremstillet ved brug af f\u00f8rsteklasses <b>st\u00e5l<\/b> og tilg\u00e6ngelig i galvaniserede eller <b>pulverlakerede<\/b> afslutninger. Nem at installere, egnet til forskelligartede ejendomme.<\/p>\n","protected":false},"featured_media":7658,"template":"","meta":[],"product_cat":[26835],"product_tag":[20110,10417,10508,18892,20096],"class_list":{"0":"post-11599","1":"product","2":"type-product","3":"status-publish","4":"has-post-thumbnail","6":"product_cat-sikkerhedsfunktioner-raekvaerk-og-hegn","7":"product_tag-forzinket-gelaender-til-trapper","8":"product_tag-holdbart-trappegelaender","9":"product_tag-metal-trapperekvaerk","10":"product_tag-pulverbelagte-skinner","11":"product_tag-staal-gelaendersegment","13":"first","14":"instock","15":"shipping-taxable","16":"product-type-simple"},"yoast_head":"<!-- This site is optimized with the Yoast SEO plugin v23.1 - https:\/\/yoast.com\/wordpress\/plugins\/seo\/ -->\n<title>Holdbart st\u00e5l trappegel\u00e6nder segment - ABR Home - Metallic constructions since 2010<\/title>\n<meta name=\"robots\" content=\"index, follow, max-snippet:-1, max-image-preview:large, max-video-preview:-1\" \/>\n<link rel=\"canonical\" href=\"https:\/\/abrhome.eu\/vare\/durable-steel-stair-railing-segment\/\" \/>\n<meta property=\"og:locale\" content=\"da_DK\" \/>\n<meta property=\"og:type\" content=\"article\" \/>\n<meta property=\"og:title\" content=\"Holdbart st\u00e5l trappegel\u00e6nder segment - ABR Home - Metallic constructions since 2010\" \/>\n<meta property=\"og:description\" content=\"Forbedre sikkerheden og stilen p\u00e5 din trappe med vores Holdbart st\u00e5l trappegel\u00e6nder segment. Ekspertfremstillet ved brug af f\u00f8rsteklasses st\u00e5l og tilg\u00e6ngelig i galvaniserede eller pulverlakerede afslutninger. Nem at installere, egnet til forskelligartede ejendomme.\" \/>\n<meta property=\"og:url\" content=\"https:\/\/abrhome.eu\/vare\/durable-steel-stair-railing-segment\/\" \/>\n<meta property=\"og:site_name\" content=\"ABR Home - Metallic constructions since 2010\" \/>\n<meta property=\"article:modified_time\" content=\"2024-06-04T19:30:40+00:00\" \/>\n<meta property=\"og:image\" content=\"https:\/\/abrhome.eu\/wp-content\/uploads\/2024\/06\/IMG-20220613-WA0000.jpg\" \/>\n\t<meta property=\"og:image:width\" content=\"1204\" \/>\n\t<meta property=\"og:image:height\" content=\"1600\" \/>\n\t<meta property=\"og:image:type\" content=\"image\/jpeg\" \/>\n<meta name=\"twitter:card\" content=\"summary_large_image\" \/>\n<meta name=\"twitter:label1\" content=\"Estimeret l\u00e6setid\" \/>\n\t<meta name=\"twitter:data1\" content=\"1 minut\" \/>\n<script type=\"application\/ld+json\" class=\"yoast-schema-graph\">{\"@context\":\"https:\/\/schema.org\",\"@graph\":[{\"@type\":\"WebPage\",\"@id\":\"https:\/\/abrhome.eu\/vare\/durable-steel-stair-railing-segment\/\",\"url\":\"https:\/\/abrhome.eu\/vare\/durable-steel-stair-railing-segment\/\",\"name\":\"Holdbart st\u00e5l trappegel\u00e6nder segment - ABR Home - Metallic constructions since 2010\",\"isPartOf\":{\"@id\":\"https:\/\/abrhome.eu\/#website\"},\"primaryImageOfPage\":{\"@id\":\"https:\/\/abrhome.eu\/vare\/durable-steel-stair-railing-segment\/#primaryimage\"},\"image\":{\"@id\":\"https:\/\/abrhome.eu\/vare\/durable-steel-stair-railing-segment\/#primaryimage\"},\"thumbnailUrl\":\"https:\/\/abrhome.eu\/wp-content\/uploads\/2024\/06\/IMG-20220613-WA0000.jpg\",\"datePublished\":\"2024-06-04T15:23:33+00:00\",\"dateModified\":\"2024-06-04T19:30:40+00:00\",\"breadcrumb\":{\"@id\":\"https:\/\/abrhome.eu\/vare\/durable-steel-stair-railing-segment\/#breadcrumb\"},\"inLanguage\":\"da-DK\",\"potentialAction\":[{\"@type\":\"ReadAction\",\"target\":[\"https:\/\/abrhome.eu\/vare\/durable-steel-stair-railing-segment\/\"]}]},{\"@type\":\"ImageObject\",\"inLanguage\":\"da-DK\",\"@id\":\"https:\/\/abrhome.eu\/vare\/durable-steel-stair-railing-segment\/#primaryimage\",\"url\":\"https:\/\/abrhome.eu\/wp-content\/uploads\/2024\/06\/IMG-20220613-WA0000.jpg\",\"contentUrl\":\"https:\/\/abrhome.eu\/wp-content\/uploads\/2024\/06\/IMG-20220613-WA0000.jpg\",\"width\":1204,\"height\":1600,\"caption\":\"Kest\u00e4v\u00e4 Ter\u00e4skaiden Portaan P\u00e4tk\u00e4\"},{\"@type\":\"BreadcrumbList\",\"@id\":\"https:\/\/abrhome.eu\/vare\/durable-steel-stair-railing-segment\/#breadcrumb\",\"itemListElement\":[{\"@type\":\"ListItem\",\"position\":1,\"name\":\"Home\",\"item\":\"https:\/\/abrhome.eu\/da\/\"},{\"@type\":\"ListItem\",\"position\":2,\"name\":\"Produkter\",\"item\":\"https:\/\/abrhome.eu\/products\/\"},{\"@type\":\"ListItem\",\"position\":3,\"name\":\"Holdbart st\u00e5l trappegel\u00e6nder segment\"}]},{\"@type\":\"WebSite\",\"@id\":\"https:\/\/abrhome.eu\/#website\",\"url\":\"https:\/\/abrhome.eu\/\",\"name\":\"ABR Home - Metallic constructions since 2010\",\"description\":\"\",\"publisher\":{\"@id\":\"https:\/\/abrhome.eu\/#organization\"},\"potentialAction\":[{\"@type\":\"SearchAction\",\"target\":{\"@type\":\"EntryPoint\",\"urlTemplate\":\"https:\/\/abrhome.eu\/?s={search_term_string}\"},\"query-input\":\"required name=search_term_string\"}],\"inLanguage\":\"da-DK\"},{\"@type\":\"Organization\",\"@id\":\"https:\/\/abrhome.eu\/#organization\",\"name\":\"ABR Home - Metallic constructions since 2010\",\"url\":\"https:\/\/abrhome.eu\/\",\"logo\":{\"@type\":\"ImageObject\",\"inLanguage\":\"da-DK\",\"@id\":\"https:\/\/abrhome.eu\/#\/schema\/logo\/image\/\",\"url\":\"https:\/\/abrhome.eu\/wp-content\/uploads\/2023\/12\/logo-10.png\",\"contentUrl\":\"https:\/\/abrhome.eu\/wp-content\/uploads\/2023\/12\/logo-10.png\",\"width\":300,\"height\":139,\"caption\":\"ABR Home - Metallic constructions since 2010\"},\"image\":{\"@id\":\"https:\/\/abrhome.eu\/#\/schema\/logo\/image\/\"}}]}<\/script>\n<!-- \/ Yoast SEO plugin. -->","yoast_head_json":{"title":"Holdbart st\u00e5l trappegel\u00e6nder segment - ABR Home - Metallic constructions since 2010","robots":{"index":"index","follow":"follow","max-snippet":"max-snippet:-1","max-image-preview":"max-image-preview:large","max-video-preview":"max-video-preview:-1"},"canonical":"https:\/\/abrhome.eu\/vare\/durable-steel-stair-railing-segment\/","og_locale":"da_DK","og_type":"article","og_title":"Holdbart st\u00e5l trappegel\u00e6nder segment - ABR Home - Metallic constructions since 2010","og_description":"Forbedre sikkerheden og stilen p\u00e5 din trappe med vores Holdbart st\u00e5l trappegel\u00e6nder segment. Ekspertfremstillet ved brug af f\u00f8rsteklasses st\u00e5l og tilg\u00e6ngelig i galvaniserede eller pulverlakerede afslutninger. Nem at installere, egnet til forskelligartede ejendomme.","og_url":"https:\/\/abrhome.eu\/vare\/durable-steel-stair-railing-segment\/","og_site_name":"ABR Home - Metallic constructions since 2010","article_modified_time":"2024-06-04T19:30:40+00:00","og_image":[{"width":1204,"height":1600,"url":"https:\/\/abrhome.eu\/wp-content\/uploads\/2024\/06\/IMG-20220613-WA0000.jpg","type":"image\/jpeg"}],"twitter_card":"summary_large_image","twitter_misc":{"Estimeret l\u00e6setid":"1 minut"},"schema":{"@context":"https:\/\/schema.org","@graph":[{"@type":"WebPage","@id":"https:\/\/abrhome.eu\/vare\/durable-steel-stair-railing-segment\/","url":"https:\/\/abrhome.eu\/vare\/durable-steel-stair-railing-segment\/","name":"Holdbart st\u00e5l trappegel\u00e6nder segment - ABR Home - Metallic constructions since 2010","isPartOf":{"@id":"https:\/\/abrhome.eu\/#website"},"primaryImageOfPage":{"@id":"https:\/\/abrhome.eu\/vare\/durable-steel-stair-railing-segment\/#primaryimage"},"image":{"@id":"https:\/\/abrhome.eu\/vare\/durable-steel-stair-railing-segment\/#primaryimage"},"thumbnailUrl":"https:\/\/abrhome.eu\/wp-content\/uploads\/2024\/06\/IMG-20220613-WA0000.jpg","datePublished":"2024-06-04T15:23:33+00:00","dateModified":"2024-06-04T19:30:40+00:00","breadcrumb":{"@id":"https:\/\/abrhome.eu\/vare\/durable-steel-stair-railing-segment\/#breadcrumb"},"inLanguage":"da-DK","potentialAction":[{"@type":"ReadAction","target":["https:\/\/abrhome.eu\/vare\/durable-steel-stair-railing-segment\/"]}]},{"@type":"ImageObject","inLanguage":"da-DK","@id":"https:\/\/abrhome.eu\/vare\/durable-steel-stair-railing-segment\/#primaryimage","url":"https:\/\/abrhome.eu\/wp-content\/uploads\/2024\/06\/IMG-20220613-WA0000.jpg","contentUrl":"https:\/\/abrhome.eu\/wp-content\/uploads\/2024\/06\/IMG-20220613-WA0000.jpg","width":1204,"height":1600,"caption":"Kest\u00e4v\u00e4 Ter\u00e4skaiden Portaan P\u00e4tk\u00e4"},{"@type":"BreadcrumbList","@id":"https:\/\/abrhome.eu\/vare\/durable-steel-stair-railing-segment\/#breadcrumb","itemListElement":[{"@type":"ListItem","position":1,"name":"Home","item":"https:\/\/abrhome.eu\/da\/"},{"@type":"ListItem","position":2,"name":"Produkter","item":"https:\/\/abrhome.eu\/products\/"},{"@type":"ListItem","position":3,"name":"Holdbart st\u00e5l trappegel\u00e6nder segment"}]},{"@type":"WebSite","@id":"https:\/\/abrhome.eu\/#website","url":"https:\/\/abrhome.eu\/","name":"ABR Home - Metallic constructions since 2010","description":"","publisher":{"@id":"https:\/\/abrhome.eu\/#organization"},"potentialAction":[{"@type":"SearchAction","target":{"@type":"EntryPoint","urlTemplate":"https:\/\/abrhome.eu\/?s={search_term_string}"},"query-input":"required name=search_term_string"}],"inLanguage":"da-DK"},{"@type":"Organization","@id":"https:\/\/abrhome.eu\/#organization","name":"ABR Home - Metallic constructions since 2010","url":"https:\/\/abrhome.eu\/","logo":{"@type":"ImageObject","inLanguage":"da-DK","@id":"https:\/\/abrhome.eu\/#\/schema\/logo\/image\/","url":"https:\/\/abrhome.eu\/wp-content\/uploads\/2023\/12\/logo-10.png","contentUrl":"https:\/\/abrhome.eu\/wp-content\/uploads\/2023\/12\/logo-10.png","width":300,"height":139,"caption":"ABR Home - Metallic constructions since 2010"},"image":{"@id":"https:\/\/abrhome.eu\/#\/schema\/logo\/image\/"}}]}},"_links":{"self":[{"href":"https:\/\/abrhome.eu\/da\/wp-json\/wp\/v2\/product\/11599","targetHints":{"allow":["GET"]}}],"collection":[{"href":"https:\/\/abrhome.eu\/da\/wp-json\/wp\/v2\/product"}],"about":[{"href":"https:\/\/abrhome.eu\/da\/wp-json\/wp\/v2\/types\/product"}],"version-history":[{"count":0,"href":"https:\/\/abrhome.eu\/da\/wp-json\/wp\/v2\/product\/11599\/revisions"}],"wp:featuredmedia":[{"embeddable":true,"href":"https:\/\/abrhome.eu\/da\/wp-json\/wp\/v2\/media\/7658"}],"wp:attachment":[{"href":"https:\/\/abrhome.eu\/da\/wp-json\/wp\/v2\/media?parent=11599"}],"wp:term":[{"taxonomy":"product_cat","embeddable":true,"href":"https:\/\/abrhome.eu\/da\/wp-json\/wp\/v2\/product_cat?post=11599"},{"taxonomy":"product_tag","embeddable":true,"href":"https:\/\/abrhome.eu\/da\/wp-json\/wp\/v2\/product_tag?post=11599"}],"curies":[{"name":"wp","href":"https:\/\/api.w.org\/{rel}","templated":true}]}}