{"id":12625,"date":"2024-06-04T17:23:21","date_gmt":"2024-06-04T15:23:21","guid":{"rendered":"https:\/\/abrhome.eu\/product\/moderne-metalaltan-gelaender\/"},"modified":"2024-06-04T22:18:50","modified_gmt":"2024-06-04T20:18:50","slug":"moderne-metalaltan-gelaender","status":"publish","type":"product","link":"https:\/\/abrhome.eu\/da\/vare\/moderne-metalaltan-gelaender\/","title":{"rendered":"Moderne Metalaltan Gel\u00e6nder"},"content":{"rendered":"<p>For\u00f8g sikkerheden og \u00e6stetikken p\u00e5 din altan med vores <b>Moderne Metalaltan Gel\u00e6nder<\/b>. Konstrueret af h\u00f8jkvalitets <b>st\u00e5l<\/b> eller <b>aluminium<\/b>, lover dette gel\u00e6nder holdbarhed og robusthed, hvilket g\u00f8r det ideelt til b\u00e5de boligejendomme og erhvervsejendomme. Med en h\u00f8jde p\u00e5 cirka 1 til 1,2 meter og en bredde p\u00e5 2 til 3 meter er dette gel\u00e6ndersystem designet til at tilbyde optimal beskyttelse uden at g\u00e5 p\u00e5 kompromis med stilen.<\/p>\n<p>Hvert gel\u00e6nder gennemg\u00e5r en omhyggelig ingeni\u00f8r- og designproces, der bruger avanceret CAD-software efterfulgt af pr\u00e6cis sk\u00e6ring, b\u00f8jning og fr\u00e6sning for at skabe en fejlfri finish. Komponenterne er sikkert samlet ved enten svejsning eller mekanisk fastg\u00f8relse og er belagt med et robust gr\u00e5t pulver (RAL 7042 &#8211; Trafikgr\u00e5 A) for \u00f8get vejrbestandighed og levetid. Gel\u00e6nderet er systematisk pakket og klar til nem montering, hvilket sikrer stabilitet og langvarig pr\u00e6station.<\/p>\n<p> <div class=\"p2410-product-tags\" style=\"margin:1rem 0\">\r\n\t\t<div style=\"font-weight:600\">Tags<\/div>\r\n\t\t<div><a href=\"https:\/\/abrhome.eu\/da\/vare-tag\/aluminium-altan-gelaender\/\" class=\"product-tag\">Aluminium Altan Gel\u00e6nder<\/a>, <a href=\"https:\/\/abrhome.eu\/da\/vare-tag\/holdbart-udendoers-gelaender\/\" class=\"product-tag\">Holdbart Udend\u00f8rs Gel\u00e6nder<\/a>, <a href=\"https:\/\/abrhome.eu\/da\/vare-tag\/metalaltan-gelaender\/\" class=\"product-tag\">Metalaltan Gel\u00e6nder<\/a>, <a href=\"https:\/\/abrhome.eu\/da\/vare-tag\/moderne-gelaender-til-altan\/\" class=\"product-tag\">Moderne Gel\u00e6nder til Altan<\/a>, <a href=\"https:\/\/abrhome.eu\/da\/vare-tag\/staal-altan-gelaender\/\" class=\"product-tag\">st\u00e5l altan gel\u00e6nder<\/a><\/div>\r\n\t<\/div> <div class=\"p2410-product-colors\" style=\"margin:1rem 0\">\r\n\t\t<div style=\"font-weight:600\">Farve<\/div>\r\n\t\t<div><span>RAL 1023 Trafikgul (Gul)<\/span>, <span>RAL 1036 Perleguld (Guld)<\/span>, <span>RAL 2004 Ren orange (Orange)<\/span>, <span>RAL 3000 Flammer\u00f8d (R\u00f8d)<\/span>, <span>RAL 3020 Trafikr\u00f8d (R\u00f8d)<\/span>, <span>RAL 4005 Bl\u00e5lilla (Violet)<\/span>, <span>RAL 5005 Signa lbl\u00e5 (Bl\u00e5)<\/span>, <span>RAL 5010 Gentianabl\u00e5 (Bl\u00e5)<\/span>, <span>RAL 6005 Mosgr\u00f8n (Gr\u00f8n)<\/span>, <span>RAL 7012 Basaltgr\u00e5 (Gr\u00e5)<\/span>, <span>RAL 7015 Skifergr\u00e5 (Gr\u00e5)<\/span>, <span>RAL 7016 Antracitgr\u00e5 (Gr\u00e5)<\/span>, <span>RAL 7021 Sortgr\u00e5 (Sort)<\/span>, <span>RAL 7024 Grafitgr\u00e5 (Gr\u00e5)<\/span>, <span>RAL 7032 Gr\u00e5 grus (Gr\u00e5)<\/span>, <span>RAL 7035 Lysegr\u00e5 (Gr\u00e5)<\/span>, <span>RAL 7040 Vinduesgr\u00e5 (Gr\u00e5)<\/span>, <span>RAL 7042 Trafikgr\u00e5 A (Gr\u00e5)<\/span>, <span>RAL 8017 Chokoladebrun (Brun)<\/span>, <span>RAL 9005 Sort sort (Sort)<\/span>, <span>RAL 9006 Hvidt aluminium (S\u00f8lv)<\/span>, <span>RAL 9007 Gr\u00e5t aluminium (S\u00f8lv)<\/span>, <span>RAL 9010 Ren hvid (Hvid)<\/span>, <span>RAL 9016 Trafikhvid (Hvid)<\/span><\/div>\r\n\t<\/div><\/p>\n","protected":false},"excerpt":{"rendered":"<p>Opdag vores <b>Moderne Metalaltan Gel\u00e6nder<\/b>, fremstillet af holdbart <b>st\u00e5l<\/b> eller <b>aluminium<\/b>. Ideel til at forbedre b\u00e5de sikkerhed og stil, dette gel\u00e6nder har en pulverlakeret finish for overlegen holdbarhed og vejrbestandighed. Perfekt til b\u00e5de bolig- og erhvervsbrug.<\/p>\n","protected":false},"featured_media":7598,"template":"","meta":[],"product_cat":[26835],"product_tag":[19940,19954,19926,19966,2595],"class_list":{"0":"post-12625","1":"product","2":"type-product","3":"status-publish","4":"has-post-thumbnail","6":"product_cat-sikkerhedsfunktioner-raekvaerk-og-hegn","7":"product_tag-aluminium-altan-gelaender","8":"product_tag-holdbart-udendoers-gelaender","9":"product_tag-metalaltan-gelaender","10":"product_tag-moderne-gelaender-til-altan","11":"product_tag-staal-altan-gelaender","13":"first","14":"instock","15":"shipping-taxable","16":"product-type-simple"},"yoast_head":"<!-- This site is optimized with the Yoast SEO plugin v23.1 - https:\/\/yoast.com\/wordpress\/plugins\/seo\/ -->\n<title>Moderne Metalaltan Gel\u00e6nder - ABR Home - Metallic constructions since 2010<\/title>\n<meta name=\"robots\" content=\"index, follow, max-snippet:-1, max-image-preview:large, max-video-preview:-1\" \/>\n<link rel=\"canonical\" href=\"https:\/\/abrhome.eu\/vare\/modern-metallic-balcony-railing\/\" \/>\n<meta property=\"og:locale\" content=\"da_DK\" \/>\n<meta property=\"og:type\" content=\"article\" \/>\n<meta property=\"og:title\" content=\"Moderne Metalaltan Gel\u00e6nder - ABR Home - Metallic constructions since 2010\" \/>\n<meta property=\"og:description\" content=\"Opdag vores Moderne Metalaltan Gel\u00e6nder, fremstillet af holdbart st\u00e5l eller aluminium. Ideel til at forbedre b\u00e5de sikkerhed og stil, dette gel\u00e6nder har en pulverlakeret finish for overlegen holdbarhed og vejrbestandighed. Perfekt til b\u00e5de bolig- og erhvervsbrug.\" \/>\n<meta property=\"og:url\" content=\"https:\/\/abrhome.eu\/vare\/modern-metallic-balcony-railing\/\" \/>\n<meta property=\"og:site_name\" content=\"ABR Home - Metallic constructions since 2010\" \/>\n<meta property=\"article:modified_time\" content=\"2024-06-04T20:18:50+00:00\" \/>\n<meta property=\"og:image\" content=\"https:\/\/abrhome.eu\/wp-content\/uploads\/2024\/06\/IMG-20211113-WA0002.jpg\" \/>\n\t<meta property=\"og:image:width\" content=\"1600\" \/>\n\t<meta property=\"og:image:height\" content=\"1200\" \/>\n\t<meta property=\"og:image:type\" content=\"image\/jpeg\" \/>\n<meta name=\"twitter:card\" content=\"summary_large_image\" \/>\n<meta name=\"twitter:label1\" content=\"Estimeret l\u00e6setid\" \/>\n\t<meta name=\"twitter:data1\" content=\"1 minut\" \/>\n<script type=\"application\/ld+json\" class=\"yoast-schema-graph\">{\"@context\":\"https:\/\/schema.org\",\"@graph\":[{\"@type\":\"WebPage\",\"@id\":\"https:\/\/abrhome.eu\/vare\/modern-metallic-balcony-railing\/\",\"url\":\"https:\/\/abrhome.eu\/vare\/modern-metallic-balcony-railing\/\",\"name\":\"Moderne Metalaltan Gel\u00e6nder - ABR Home - Metallic constructions since 2010\",\"isPartOf\":{\"@id\":\"https:\/\/abrhome.eu\/#website\"},\"primaryImageOfPage\":{\"@id\":\"https:\/\/abrhome.eu\/vare\/modern-metallic-balcony-railing\/#primaryimage\"},\"image\":{\"@id\":\"https:\/\/abrhome.eu\/vare\/modern-metallic-balcony-railing\/#primaryimage\"},\"thumbnailUrl\":\"https:\/\/abrhome.eu\/wp-content\/uploads\/2024\/06\/IMG-20211113-WA0002.jpg\",\"datePublished\":\"2024-06-04T15:23:21+00:00\",\"dateModified\":\"2024-06-04T20:18:50+00:00\",\"breadcrumb\":{\"@id\":\"https:\/\/abrhome.eu\/vare\/modern-metallic-balcony-railing\/#breadcrumb\"},\"inLanguage\":\"da-DK\",\"potentialAction\":[{\"@type\":\"ReadAction\",\"target\":[\"https:\/\/abrhome.eu\/vare\/modern-metallic-balcony-railing\/\"]}]},{\"@type\":\"ImageObject\",\"inLanguage\":\"da-DK\",\"@id\":\"https:\/\/abrhome.eu\/vare\/modern-metallic-balcony-railing\/#primaryimage\",\"url\":\"https:\/\/abrhome.eu\/wp-content\/uploads\/2024\/06\/IMG-20211113-WA0002.jpg\",\"contentUrl\":\"https:\/\/abrhome.eu\/wp-content\/uploads\/2024\/06\/IMG-20211113-WA0002.jpg\",\"width\":1600,\"height\":1200,\"caption\":\"Nykyajan Metallinen Parvekekaide\"},{\"@type\":\"BreadcrumbList\",\"@id\":\"https:\/\/abrhome.eu\/vare\/modern-metallic-balcony-railing\/#breadcrumb\",\"itemListElement\":[{\"@type\":\"ListItem\",\"position\":1,\"name\":\"Home\",\"item\":\"https:\/\/abrhome.eu\/da\/\"},{\"@type\":\"ListItem\",\"position\":2,\"name\":\"Produkter\",\"item\":\"https:\/\/abrhome.eu\/products\/\"},{\"@type\":\"ListItem\",\"position\":3,\"name\":\"Moderne Metalaltan Gel\u00e6nder\"}]},{\"@type\":\"WebSite\",\"@id\":\"https:\/\/abrhome.eu\/#website\",\"url\":\"https:\/\/abrhome.eu\/\",\"name\":\"ABR Home - Metallic constructions since 2010\",\"description\":\"\",\"publisher\":{\"@id\":\"https:\/\/abrhome.eu\/#organization\"},\"potentialAction\":[{\"@type\":\"SearchAction\",\"target\":{\"@type\":\"EntryPoint\",\"urlTemplate\":\"https:\/\/abrhome.eu\/?s={search_term_string}\"},\"query-input\":\"required name=search_term_string\"}],\"inLanguage\":\"da-DK\"},{\"@type\":\"Organization\",\"@id\":\"https:\/\/abrhome.eu\/#organization\",\"name\":\"ABR Home - Metallic constructions since 2010\",\"url\":\"https:\/\/abrhome.eu\/\",\"logo\":{\"@type\":\"ImageObject\",\"inLanguage\":\"da-DK\",\"@id\":\"https:\/\/abrhome.eu\/#\/schema\/logo\/image\/\",\"url\":\"https:\/\/abrhome.eu\/wp-content\/uploads\/2023\/12\/logo-10.png\",\"contentUrl\":\"https:\/\/abrhome.eu\/wp-content\/uploads\/2023\/12\/logo-10.png\",\"width\":300,\"height\":139,\"caption\":\"ABR Home - Metallic constructions since 2010\"},\"image\":{\"@id\":\"https:\/\/abrhome.eu\/#\/schema\/logo\/image\/\"}}]}<\/script>\n<!-- \/ Yoast SEO plugin. -->","yoast_head_json":{"title":"Moderne Metalaltan Gel\u00e6nder - ABR Home - Metallic constructions since 2010","robots":{"index":"index","follow":"follow","max-snippet":"max-snippet:-1","max-image-preview":"max-image-preview:large","max-video-preview":"max-video-preview:-1"},"canonical":"https:\/\/abrhome.eu\/vare\/modern-metallic-balcony-railing\/","og_locale":"da_DK","og_type":"article","og_title":"Moderne Metalaltan Gel\u00e6nder - ABR Home - Metallic constructions since 2010","og_description":"Opdag vores Moderne Metalaltan Gel\u00e6nder, fremstillet af holdbart st\u00e5l eller aluminium. Ideel til at forbedre b\u00e5de sikkerhed og stil, dette gel\u00e6nder har en pulverlakeret finish for overlegen holdbarhed og vejrbestandighed. Perfekt til b\u00e5de bolig- og erhvervsbrug.","og_url":"https:\/\/abrhome.eu\/vare\/modern-metallic-balcony-railing\/","og_site_name":"ABR Home - Metallic constructions since 2010","article_modified_time":"2024-06-04T20:18:50+00:00","og_image":[{"width":1600,"height":1200,"url":"https:\/\/abrhome.eu\/wp-content\/uploads\/2024\/06\/IMG-20211113-WA0002.jpg","type":"image\/jpeg"}],"twitter_card":"summary_large_image","twitter_misc":{"Estimeret l\u00e6setid":"1 minut"},"schema":{"@context":"https:\/\/schema.org","@graph":[{"@type":"WebPage","@id":"https:\/\/abrhome.eu\/vare\/modern-metallic-balcony-railing\/","url":"https:\/\/abrhome.eu\/vare\/modern-metallic-balcony-railing\/","name":"Moderne Metalaltan Gel\u00e6nder - ABR Home - Metallic constructions since 2010","isPartOf":{"@id":"https:\/\/abrhome.eu\/#website"},"primaryImageOfPage":{"@id":"https:\/\/abrhome.eu\/vare\/modern-metallic-balcony-railing\/#primaryimage"},"image":{"@id":"https:\/\/abrhome.eu\/vare\/modern-metallic-balcony-railing\/#primaryimage"},"thumbnailUrl":"https:\/\/abrhome.eu\/wp-content\/uploads\/2024\/06\/IMG-20211113-WA0002.jpg","datePublished":"2024-06-04T15:23:21+00:00","dateModified":"2024-06-04T20:18:50+00:00","breadcrumb":{"@id":"https:\/\/abrhome.eu\/vare\/modern-metallic-balcony-railing\/#breadcrumb"},"inLanguage":"da-DK","potentialAction":[{"@type":"ReadAction","target":["https:\/\/abrhome.eu\/vare\/modern-metallic-balcony-railing\/"]}]},{"@type":"ImageObject","inLanguage":"da-DK","@id":"https:\/\/abrhome.eu\/vare\/modern-metallic-balcony-railing\/#primaryimage","url":"https:\/\/abrhome.eu\/wp-content\/uploads\/2024\/06\/IMG-20211113-WA0002.jpg","contentUrl":"https:\/\/abrhome.eu\/wp-content\/uploads\/2024\/06\/IMG-20211113-WA0002.jpg","width":1600,"height":1200,"caption":"Nykyajan Metallinen Parvekekaide"},{"@type":"BreadcrumbList","@id":"https:\/\/abrhome.eu\/vare\/modern-metallic-balcony-railing\/#breadcrumb","itemListElement":[{"@type":"ListItem","position":1,"name":"Home","item":"https:\/\/abrhome.eu\/da\/"},{"@type":"ListItem","position":2,"name":"Produkter","item":"https:\/\/abrhome.eu\/products\/"},{"@type":"ListItem","position":3,"name":"Moderne Metalaltan Gel\u00e6nder"}]},{"@type":"WebSite","@id":"https:\/\/abrhome.eu\/#website","url":"https:\/\/abrhome.eu\/","name":"ABR Home - Metallic constructions since 2010","description":"","publisher":{"@id":"https:\/\/abrhome.eu\/#organization"},"potentialAction":[{"@type":"SearchAction","target":{"@type":"EntryPoint","urlTemplate":"https:\/\/abrhome.eu\/?s={search_term_string}"},"query-input":"required name=search_term_string"}],"inLanguage":"da-DK"},{"@type":"Organization","@id":"https:\/\/abrhome.eu\/#organization","name":"ABR Home - Metallic constructions since 2010","url":"https:\/\/abrhome.eu\/","logo":{"@type":"ImageObject","inLanguage":"da-DK","@id":"https:\/\/abrhome.eu\/#\/schema\/logo\/image\/","url":"https:\/\/abrhome.eu\/wp-content\/uploads\/2023\/12\/logo-10.png","contentUrl":"https:\/\/abrhome.eu\/wp-content\/uploads\/2023\/12\/logo-10.png","width":300,"height":139,"caption":"ABR Home - Metallic constructions since 2010"},"image":{"@id":"https:\/\/abrhome.eu\/#\/schema\/logo\/image\/"}}]}},"_links":{"self":[{"href":"https:\/\/abrhome.eu\/da\/wp-json\/wp\/v2\/product\/12625","targetHints":{"allow":["GET"]}}],"collection":[{"href":"https:\/\/abrhome.eu\/da\/wp-json\/wp\/v2\/product"}],"about":[{"href":"https:\/\/abrhome.eu\/da\/wp-json\/wp\/v2\/types\/product"}],"version-history":[{"count":0,"href":"https:\/\/abrhome.eu\/da\/wp-json\/wp\/v2\/product\/12625\/revisions"}],"wp:featuredmedia":[{"embeddable":true,"href":"https:\/\/abrhome.eu\/da\/wp-json\/wp\/v2\/media\/7598"}],"wp:attachment":[{"href":"https:\/\/abrhome.eu\/da\/wp-json\/wp\/v2\/media?parent=12625"}],"wp:term":[{"taxonomy":"product_cat","embeddable":true,"href":"https:\/\/abrhome.eu\/da\/wp-json\/wp\/v2\/product_cat?post=12625"},{"taxonomy":"product_tag","embeddable":true,"href":"https:\/\/abrhome.eu\/da\/wp-json\/wp\/v2\/product_tag?post=12625"}],"curies":[{"name":"wp","href":"https:\/\/api.w.org\/{rel}","templated":true}]}}