{"id":13070,"date":"2024-06-04T17:15:07","date_gmt":"2024-06-04T15:15:07","guid":{"rendered":"https:\/\/abrhome.eu\/product\/stalsikkerhedsport-med-lodrette-tremmer\/"},"modified":"2024-06-04T22:37:31","modified_gmt":"2024-06-04T20:37:31","slug":"stalsikkerhedsport-med-lodrette-tremmer","status":"publish","type":"product","link":"https:\/\/abrhome.eu\/da\/vare\/stalsikkerhedsport-med-lodrette-tremmer\/","title":{"rendered":"St\u00e5lsikkerhedsport med Lodrette Tremmer"},"content":{"rendered":"<p><b>For\u00f8g sikkerheden<\/b> p\u00e5 din ejendom med vores robuste <b>St\u00e5lsikkerhedsport med Lodrette Tremmer<\/b>. Denne port er n\u00f8je konstrueret og designet til maksimal holdbarhed og p\u00e5lidelighed. Fremstillet af h\u00f8jkvalitetsst\u00e5l, den har robuste lodrette tremmer og horisontale st\u00f8ttebj\u00e6lker, sammen med en p\u00e5lidelig l\u00e5semekanisme og h\u00e5ndtag for nem adgang.<\/p>\n<p>Hver port er n\u00f8je svejset for at \u00f8ge styrke og stabilitet, hvilket sikrer en sikker pasform. For at beskytte mod korrosion og bevare dens \u00e6stetiske appel, er porten f\u00e6rdig med en pulverbel\u00e6gning i mat sort, der n\u00f8je ligner RAL 9005 (Jet Black).<\/p>\n<p>Ideal til at tilbyde kontrolleret adgang og for\u00f8get sikkerhed til b\u00e5de bolig- og erhvervsejendomme, kombinerer dette produkt effektivt funktionalitet med stil. Tilg\u00e6ngelig i forskellige st\u00f8rrelser for at passe til forskellige indgangspartier, porten er udstyret med metal legeringsh\u00e6ngsler og metal l\u00e5se for langvarig holdbarhed og brugervenlighed.<\/p>\n<p> <div class=\"p2410-product-tags\" style=\"margin:1rem 0\">\r\n\t\t<div style=\"font-weight:600\">Tags<\/div>\r\n\t\t<div><a href=\"https:\/\/abrhome.eu\/da\/vare-tag\/lodret-tremmegate\/\" class=\"product-tag\">lodret tremmegate<\/a>, <a href=\"https:\/\/abrhome.eu\/da\/vare-tag\/metalsikkerhedsport\/\" class=\"product-tag\">metalsikkerhedsport<\/a>, <a href=\"https:\/\/abrhome.eu\/da\/vare-tag\/pulverlakeret-sikkerhedshegn\/\" class=\"product-tag\">pulverlakeret sikkerhedshegn<\/a>, <a href=\"https:\/\/abrhome.eu\/da\/vare-tag\/residensiel-staalsikkerhedsport\/\" class=\"product-tag\">residensiel st\u00e5lsikkerhedsport<\/a>, <a href=\"https:\/\/abrhome.eu\/da\/vare-tag\/staalsikkerhedsport\/\" class=\"product-tag\">st\u00e5lsikkerhedsport<\/a><\/div>\r\n\t<\/div> <div class=\"p2410-product-colors\" style=\"margin:1rem 0\">\r\n\t\t<div style=\"font-weight:600\">Farve<\/div>\r\n\t\t<div><span>RAL 1023 Trafikgul (Gul)<\/span>, <span>RAL 1036 Perleguld (Guld)<\/span>, <span>RAL 2004 Ren orange (Orange)<\/span>, <span>RAL 3000 Flammer\u00f8d (R\u00f8d)<\/span>, <span>RAL 3020 Trafikr\u00f8d (R\u00f8d)<\/span>, <span>RAL 4005 Bl\u00e5lilla (Violet)<\/span>, <span>RAL 5005 Signa lbl\u00e5 (Bl\u00e5)<\/span>, <span>RAL 5010 Gentianabl\u00e5 (Bl\u00e5)<\/span>, <span>RAL 6005 Mosgr\u00f8n (Gr\u00f8n)<\/span>, <span>RAL 7012 Basaltgr\u00e5 (Gr\u00e5)<\/span>, <span>RAL 7015 Skifergr\u00e5 (Gr\u00e5)<\/span>, <span>RAL 7016 Antracitgr\u00e5 (Gr\u00e5)<\/span>, <span>RAL 7021 Sortgr\u00e5 (Sort)<\/span>, <span>RAL 7024 Grafitgr\u00e5 (Gr\u00e5)<\/span>, <span>RAL 7032 Gr\u00e5 grus (Gr\u00e5)<\/span>, <span>RAL 7035 Lysegr\u00e5 (Gr\u00e5)<\/span>, <span>RAL 7040 Vinduesgr\u00e5 (Gr\u00e5)<\/span>, <span>RAL 7042 Trafikgr\u00e5 A (Gr\u00e5)<\/span>, <span>RAL 8017 Chokoladebrun (Brun)<\/span>, <span>RAL 9005 Sort sort (Sort)<\/span>, <span>RAL 9006 Hvidt aluminium (S\u00f8lv)<\/span>, <span>RAL 9007 Gr\u00e5t aluminium (S\u00f8lv)<\/span>, <span>RAL 9010 Ren hvid (Hvid)<\/span>, <span>RAL 9016 Trafikhvid (Hvid)<\/span><\/div>\r\n\t<\/div><\/p>\n","protected":false},"excerpt":{"rendered":"<p>Opdag vores <b>St\u00e5lsikkerhedsport<\/b>, konstrueret for holdbarhed med lodrette og vandrette st\u00f8ttebj\u00e6lker samt en p\u00e5lidelig l\u00e5semekanisme. F\u00e6rdiggjort i mat sort pulverbel\u00e6gning for korrosionsmodstand og stil.<\/p>\n","protected":false},"featured_media":4163,"template":"","meta":[],"product_cat":[26681],"product_tag":[7792,7820,7806,7834,7778],"class_list":{"0":"post-13070","1":"product","2":"type-product","3":"status-publish","4":"has-post-thumbnail","6":"product_cat-hegn-og-porte","7":"product_tag-lodret-tremmegate","8":"product_tag-metalsikkerhedsport","9":"product_tag-pulverlakeret-sikkerhedshegn","10":"product_tag-residensiel-staalsikkerhedsport","11":"product_tag-staalsikkerhedsport","13":"first","14":"instock","15":"shipping-taxable","16":"product-type-simple"},"yoast_head":"<!-- This site is optimized with the Yoast SEO plugin v23.1 - https:\/\/yoast.com\/wordpress\/plugins\/seo\/ -->\n<title>St\u00e5lsikkerhedsport med Lodrette Tremmer - ABR Home - Metallic constructions since 2010<\/title>\n<meta name=\"robots\" content=\"index, follow, max-snippet:-1, max-image-preview:large, max-video-preview:-1\" \/>\n<link rel=\"canonical\" href=\"https:\/\/abrhome.eu\/vare\/steel-security-gate-with-vertical-bars\/\" \/>\n<meta property=\"og:locale\" content=\"da_DK\" \/>\n<meta property=\"og:type\" content=\"article\" \/>\n<meta property=\"og:title\" content=\"St\u00e5lsikkerhedsport med Lodrette Tremmer - ABR Home - Metallic constructions since 2010\" \/>\n<meta property=\"og:description\" content=\"Opdag vores St\u00e5lsikkerhedsport, konstrueret for holdbarhed med lodrette og vandrette st\u00f8ttebj\u00e6lker samt en p\u00e5lidelig l\u00e5semekanisme. F\u00e6rdiggjort i mat sort pulverbel\u00e6gning for korrosionsmodstand og stil.\" \/>\n<meta property=\"og:url\" content=\"https:\/\/abrhome.eu\/vare\/steel-security-gate-with-vertical-bars\/\" \/>\n<meta property=\"og:site_name\" content=\"ABR Home - Metallic constructions since 2010\" \/>\n<meta property=\"article:modified_time\" content=\"2024-06-04T20:37:31+00:00\" \/>\n<meta property=\"og:image\" content=\"https:\/\/abrhome.eu\/wp-content\/uploads\/2024\/06\/IMG-20200615-WA0001.jpg\" \/>\n\t<meta property=\"og:image:width\" content=\"1200\" \/>\n\t<meta property=\"og:image:height\" content=\"1600\" \/>\n\t<meta property=\"og:image:type\" content=\"image\/jpeg\" \/>\n<meta name=\"twitter:card\" content=\"summary_large_image\" \/>\n<meta name=\"twitter:label1\" content=\"Estimeret l\u00e6setid\" \/>\n\t<meta name=\"twitter:data1\" content=\"1 minut\" \/>\n<script type=\"application\/ld+json\" class=\"yoast-schema-graph\">{\"@context\":\"https:\/\/schema.org\",\"@graph\":[{\"@type\":\"WebPage\",\"@id\":\"https:\/\/abrhome.eu\/vare\/steel-security-gate-with-vertical-bars\/\",\"url\":\"https:\/\/abrhome.eu\/vare\/steel-security-gate-with-vertical-bars\/\",\"name\":\"St\u00e5lsikkerhedsport med Lodrette Tremmer - ABR Home - Metallic constructions since 2010\",\"isPartOf\":{\"@id\":\"https:\/\/abrhome.eu\/#website\"},\"primaryImageOfPage\":{\"@id\":\"https:\/\/abrhome.eu\/vare\/steel-security-gate-with-vertical-bars\/#primaryimage\"},\"image\":{\"@id\":\"https:\/\/abrhome.eu\/vare\/steel-security-gate-with-vertical-bars\/#primaryimage\"},\"thumbnailUrl\":\"https:\/\/abrhome.eu\/wp-content\/uploads\/2024\/06\/IMG-20200615-WA0001.jpg\",\"datePublished\":\"2024-06-04T15:15:07+00:00\",\"dateModified\":\"2024-06-04T20:37:31+00:00\",\"breadcrumb\":{\"@id\":\"https:\/\/abrhome.eu\/vare\/steel-security-gate-with-vertical-bars\/#breadcrumb\"},\"inLanguage\":\"da-DK\",\"potentialAction\":[{\"@type\":\"ReadAction\",\"target\":[\"https:\/\/abrhome.eu\/vare\/steel-security-gate-with-vertical-bars\/\"]}]},{\"@type\":\"ImageObject\",\"inLanguage\":\"da-DK\",\"@id\":\"https:\/\/abrhome.eu\/vare\/steel-security-gate-with-vertical-bars\/#primaryimage\",\"url\":\"https:\/\/abrhome.eu\/wp-content\/uploads\/2024\/06\/IMG-20200615-WA0001.jpg\",\"contentUrl\":\"https:\/\/abrhome.eu\/wp-content\/uploads\/2024\/06\/IMG-20200615-WA0001.jpg\",\"width\":1200,\"height\":1600,\"caption\":\"Ter\u00e4sturvaportti pystysuorilla tangoilla\"},{\"@type\":\"BreadcrumbList\",\"@id\":\"https:\/\/abrhome.eu\/vare\/steel-security-gate-with-vertical-bars\/#breadcrumb\",\"itemListElement\":[{\"@type\":\"ListItem\",\"position\":1,\"name\":\"Home\",\"item\":\"https:\/\/abrhome.eu\/da\/\"},{\"@type\":\"ListItem\",\"position\":2,\"name\":\"Produkter\",\"item\":\"https:\/\/abrhome.eu\/products\/\"},{\"@type\":\"ListItem\",\"position\":3,\"name\":\"St\u00e5lsikkerhedsport med Lodrette Tremmer\"}]},{\"@type\":\"WebSite\",\"@id\":\"https:\/\/abrhome.eu\/#website\",\"url\":\"https:\/\/abrhome.eu\/\",\"name\":\"ABR Home - Metallic constructions since 2010\",\"description\":\"\",\"publisher\":{\"@id\":\"https:\/\/abrhome.eu\/#organization\"},\"potentialAction\":[{\"@type\":\"SearchAction\",\"target\":{\"@type\":\"EntryPoint\",\"urlTemplate\":\"https:\/\/abrhome.eu\/?s={search_term_string}\"},\"query-input\":\"required name=search_term_string\"}],\"inLanguage\":\"da-DK\"},{\"@type\":\"Organization\",\"@id\":\"https:\/\/abrhome.eu\/#organization\",\"name\":\"ABR Home - Metallic constructions since 2010\",\"url\":\"https:\/\/abrhome.eu\/\",\"logo\":{\"@type\":\"ImageObject\",\"inLanguage\":\"da-DK\",\"@id\":\"https:\/\/abrhome.eu\/#\/schema\/logo\/image\/\",\"url\":\"https:\/\/abrhome.eu\/wp-content\/uploads\/2023\/12\/logo-10.png\",\"contentUrl\":\"https:\/\/abrhome.eu\/wp-content\/uploads\/2023\/12\/logo-10.png\",\"width\":300,\"height\":139,\"caption\":\"ABR Home - Metallic constructions since 2010\"},\"image\":{\"@id\":\"https:\/\/abrhome.eu\/#\/schema\/logo\/image\/\"}}]}<\/script>\n<!-- \/ Yoast SEO plugin. -->","yoast_head_json":{"title":"St\u00e5lsikkerhedsport med Lodrette Tremmer - ABR Home - Metallic constructions since 2010","robots":{"index":"index","follow":"follow","max-snippet":"max-snippet:-1","max-image-preview":"max-image-preview:large","max-video-preview":"max-video-preview:-1"},"canonical":"https:\/\/abrhome.eu\/vare\/steel-security-gate-with-vertical-bars\/","og_locale":"da_DK","og_type":"article","og_title":"St\u00e5lsikkerhedsport med Lodrette Tremmer - ABR Home - Metallic constructions since 2010","og_description":"Opdag vores St\u00e5lsikkerhedsport, konstrueret for holdbarhed med lodrette og vandrette st\u00f8ttebj\u00e6lker samt en p\u00e5lidelig l\u00e5semekanisme. F\u00e6rdiggjort i mat sort pulverbel\u00e6gning for korrosionsmodstand og stil.","og_url":"https:\/\/abrhome.eu\/vare\/steel-security-gate-with-vertical-bars\/","og_site_name":"ABR Home - Metallic constructions since 2010","article_modified_time":"2024-06-04T20:37:31+00:00","og_image":[{"width":1200,"height":1600,"url":"https:\/\/abrhome.eu\/wp-content\/uploads\/2024\/06\/IMG-20200615-WA0001.jpg","type":"image\/jpeg"}],"twitter_card":"summary_large_image","twitter_misc":{"Estimeret l\u00e6setid":"1 minut"},"schema":{"@context":"https:\/\/schema.org","@graph":[{"@type":"WebPage","@id":"https:\/\/abrhome.eu\/vare\/steel-security-gate-with-vertical-bars\/","url":"https:\/\/abrhome.eu\/vare\/steel-security-gate-with-vertical-bars\/","name":"St\u00e5lsikkerhedsport med Lodrette Tremmer - ABR Home - Metallic constructions since 2010","isPartOf":{"@id":"https:\/\/abrhome.eu\/#website"},"primaryImageOfPage":{"@id":"https:\/\/abrhome.eu\/vare\/steel-security-gate-with-vertical-bars\/#primaryimage"},"image":{"@id":"https:\/\/abrhome.eu\/vare\/steel-security-gate-with-vertical-bars\/#primaryimage"},"thumbnailUrl":"https:\/\/abrhome.eu\/wp-content\/uploads\/2024\/06\/IMG-20200615-WA0001.jpg","datePublished":"2024-06-04T15:15:07+00:00","dateModified":"2024-06-04T20:37:31+00:00","breadcrumb":{"@id":"https:\/\/abrhome.eu\/vare\/steel-security-gate-with-vertical-bars\/#breadcrumb"},"inLanguage":"da-DK","potentialAction":[{"@type":"ReadAction","target":["https:\/\/abrhome.eu\/vare\/steel-security-gate-with-vertical-bars\/"]}]},{"@type":"ImageObject","inLanguage":"da-DK","@id":"https:\/\/abrhome.eu\/vare\/steel-security-gate-with-vertical-bars\/#primaryimage","url":"https:\/\/abrhome.eu\/wp-content\/uploads\/2024\/06\/IMG-20200615-WA0001.jpg","contentUrl":"https:\/\/abrhome.eu\/wp-content\/uploads\/2024\/06\/IMG-20200615-WA0001.jpg","width":1200,"height":1600,"caption":"Ter\u00e4sturvaportti pystysuorilla tangoilla"},{"@type":"BreadcrumbList","@id":"https:\/\/abrhome.eu\/vare\/steel-security-gate-with-vertical-bars\/#breadcrumb","itemListElement":[{"@type":"ListItem","position":1,"name":"Home","item":"https:\/\/abrhome.eu\/da\/"},{"@type":"ListItem","position":2,"name":"Produkter","item":"https:\/\/abrhome.eu\/products\/"},{"@type":"ListItem","position":3,"name":"St\u00e5lsikkerhedsport med Lodrette Tremmer"}]},{"@type":"WebSite","@id":"https:\/\/abrhome.eu\/#website","url":"https:\/\/abrhome.eu\/","name":"ABR Home - Metallic constructions since 2010","description":"","publisher":{"@id":"https:\/\/abrhome.eu\/#organization"},"potentialAction":[{"@type":"SearchAction","target":{"@type":"EntryPoint","urlTemplate":"https:\/\/abrhome.eu\/?s={search_term_string}"},"query-input":"required name=search_term_string"}],"inLanguage":"da-DK"},{"@type":"Organization","@id":"https:\/\/abrhome.eu\/#organization","name":"ABR Home - Metallic constructions since 2010","url":"https:\/\/abrhome.eu\/","logo":{"@type":"ImageObject","inLanguage":"da-DK","@id":"https:\/\/abrhome.eu\/#\/schema\/logo\/image\/","url":"https:\/\/abrhome.eu\/wp-content\/uploads\/2023\/12\/logo-10.png","contentUrl":"https:\/\/abrhome.eu\/wp-content\/uploads\/2023\/12\/logo-10.png","width":300,"height":139,"caption":"ABR Home - Metallic constructions since 2010"},"image":{"@id":"https:\/\/abrhome.eu\/#\/schema\/logo\/image\/"}}]}},"_links":{"self":[{"href":"https:\/\/abrhome.eu\/da\/wp-json\/wp\/v2\/product\/13070","targetHints":{"allow":["GET"]}}],"collection":[{"href":"https:\/\/abrhome.eu\/da\/wp-json\/wp\/v2\/product"}],"about":[{"href":"https:\/\/abrhome.eu\/da\/wp-json\/wp\/v2\/types\/product"}],"version-history":[{"count":0,"href":"https:\/\/abrhome.eu\/da\/wp-json\/wp\/v2\/product\/13070\/revisions"}],"wp:featuredmedia":[{"embeddable":true,"href":"https:\/\/abrhome.eu\/da\/wp-json\/wp\/v2\/media\/4163"}],"wp:attachment":[{"href":"https:\/\/abrhome.eu\/da\/wp-json\/wp\/v2\/media?parent=13070"}],"wp:term":[{"taxonomy":"product_cat","embeddable":true,"href":"https:\/\/abrhome.eu\/da\/wp-json\/wp\/v2\/product_cat?post=13070"},{"taxonomy":"product_tag","embeddable":true,"href":"https:\/\/abrhome.eu\/da\/wp-json\/wp\/v2\/product_tag?post=13070"}],"curies":[{"name":"wp","href":"https:\/\/api.w.org\/{rel}","templated":true}]}}