{"id":13785,"date":"2024-06-04T17:23:24","date_gmt":"2024-06-04T15:23:24","guid":{"rendered":"https:\/\/abrhome.eu\/product\/holdbart-stal-altan-gelaender-2\/"},"modified":"2024-06-04T22:46:42","modified_gmt":"2024-06-04T20:46:42","slug":"holdbart-stal-altan-gelaender-2","status":"publish","type":"product","link":"https:\/\/abrhome.eu\/da\/vare\/holdbart-stal-altan-gelaender-2\/","title":{"rendered":"Holdbart St\u00e5l Altan Gel\u00e6nder"},"content":{"rendered":"<p>Forbedre sikkerheden og \u00e6stetisk appel af din bygning med vores <b>Holdbart St\u00e5l Altan Gel\u00e6nder<\/b>. Fremstillet af kvalitetsst\u00e5l, er dette gel\u00e6nder designet til at tilbyde robust beskyttelse og forhindre fald fra altaner og terrasser. Vores pr\u00e6cise ingeni\u00f8rarbejde og designproces sikrer at hvert gel\u00e6nder opfylder strenge kvalitetsstandarder.<\/p>\n<p>Fremstillingsprocessen inkluderer sk\u00e6ring, fr\u00e6sning, bukning, og svejsning, hvor hvert trin omhyggeligt udf\u00f8res for at skabe en sammenh\u00e6ngende og solid struktur. Efter samlingen forbedres gel\u00e6nderet med en <b>pulverlakeret<\/b> jet sort finish (RAL 9005), hvilket tilbyder fremragende holdbarhed og korrosionsbestandighed. Dette elegante design tilf\u00f8jer ikke kun sikkerhed, men forbedrer ogs\u00e5 markant det ydre udseende af b\u00e5de bolig- og erhvervsejendomme.<\/p>\n<p>Tilg\u00e6ngelig i forskellige h\u00f8jder og let at installere med tunge beslag og skruer, sikrer vores gel\u00e6ndere langvarig stabilitet. Uanset om du s\u00f8ger et <b>metalgel\u00e6nder til terrassen<\/b> eller et <b>udend\u00f8rs sikkerhedsgel\u00e6nder<\/b>, lover vores produkt b\u00e5de p\u00e5lidelighed og stil.<\/p>\n<p> <div class=\"p2410-product-tags\" style=\"margin:1rem 0\">\r\n\t\t<div style=\"font-weight:600\">Tags<\/div>\r\n\t\t<div><a href=\"https:\/\/abrhome.eu\/da\/vare-tag\/holdbart-gelaender-til-altan\/\" class=\"product-tag\">holdbart gel\u00e6nder til altan<\/a>, <a href=\"https:\/\/abrhome.eu\/da\/vare-tag\/metalgelaender-til-terrassen\/\" class=\"product-tag\">metalgel\u00e6nder til terrassen<\/a>, <a href=\"https:\/\/abrhome.eu\/da\/vare-tag\/staal-altan-gelaender\/\" class=\"product-tag\">st\u00e5l altan gel\u00e6nder<\/a>, <a href=\"https:\/\/abrhome.eu\/da\/vare-tag\/udendoers-sikkerhedsgelaender\/\" class=\"product-tag\">udend\u00f8rs sikkerhedsgel\u00e6nder<\/a><\/div>\r\n\t<\/div> <div class=\"p2410-product-colors\" style=\"margin:1rem 0\">\r\n\t\t<div style=\"font-weight:600\">Farve<\/div>\r\n\t\t<div><span>RAL 1023 Trafikgul (Gul)<\/span>, <span>RAL 1036 Perleguld (Guld)<\/span>, <span>RAL 2004 Ren orange (Orange)<\/span>, <span>RAL 3000 Flammer\u00f8d (R\u00f8d)<\/span>, <span>RAL 3020 Trafikr\u00f8d (R\u00f8d)<\/span>, <span>RAL 4005 Bl\u00e5lilla (Violet)<\/span>, <span>RAL 5005 Signa lbl\u00e5 (Bl\u00e5)<\/span>, <span>RAL 5010 Gentianabl\u00e5 (Bl\u00e5)<\/span>, <span>RAL 6005 Mosgr\u00f8n (Gr\u00f8n)<\/span>, <span>RAL 7012 Basaltgr\u00e5 (Gr\u00e5)<\/span>, <span>RAL 7015 Skifergr\u00e5 (Gr\u00e5)<\/span>, <span>RAL 7016 Antracitgr\u00e5 (Gr\u00e5)<\/span>, <span>RAL 7021 Sortgr\u00e5 (Sort)<\/span>, <span>RAL 7024 Grafitgr\u00e5 (Gr\u00e5)<\/span>, <span>RAL 7032 Gr\u00e5 grus (Gr\u00e5)<\/span>, <span>RAL 7035 Lysegr\u00e5 (Gr\u00e5)<\/span>, <span>RAL 7040 Vinduesgr\u00e5 (Gr\u00e5)<\/span>, <span>RAL 7042 Trafikgr\u00e5 A (Gr\u00e5)<\/span>, <span>RAL 8017 Chokoladebrun (Brun)<\/span>, <span>RAL 9005 Sort sort (Sort)<\/span>, <span>RAL 9006 Hvidt aluminium (S\u00f8lv)<\/span>, <span>RAL 9007 Gr\u00e5t aluminium (S\u00f8lv)<\/span>, <span>RAL 9010 Ren hvid (Hvid)<\/span>, <span>RAL 9016 Trafikhvid (Hvid)<\/span><\/div>\r\n\t<\/div><\/p>\n","protected":false},"excerpt":{"rendered":"<p><b>Holdbart St\u00e5l Altan Gel\u00e6nder<\/b> designet til robust beskyttelse og \u00e6stetik. Med en elegant, <b>pulverlakeret<\/b> finish for holdbarhed og nem installation, ideel til at forbedre ydre sikkerhed og udseende.<\/p>\n","protected":false},"featured_media":7613,"template":"","meta":[],"product_cat":[26835],"product_tag":[19978,19992,2595,20006],"class_list":{"0":"post-13785","1":"product","2":"type-product","3":"status-publish","4":"has-post-thumbnail","6":"product_cat-sikkerhedsfunktioner-raekvaerk-og-hegn","7":"product_tag-holdbart-gelaender-til-altan","8":"product_tag-metalgelaender-til-terrassen","9":"product_tag-staal-altan-gelaender","10":"product_tag-udendoers-sikkerhedsgelaender","12":"first","13":"instock","14":"shipping-taxable","15":"product-type-simple"},"yoast_head":"<!-- This site is optimized with the Yoast SEO plugin v23.1 - https:\/\/yoast.com\/wordpress\/plugins\/seo\/ -->\n<title>Holdbart St\u00e5l Altan Gel\u00e6nder - ABR Home - Metallic constructions since 2010<\/title>\n<meta name=\"robots\" content=\"index, follow, max-snippet:-1, max-image-preview:large, max-video-preview:-1\" \/>\n<link rel=\"canonical\" href=\"https:\/\/abrhome.eu\/vare\/durable-steel-balcony-railing-2\/\" \/>\n<meta property=\"og:locale\" content=\"da_DK\" \/>\n<meta property=\"og:type\" content=\"article\" \/>\n<meta property=\"og:title\" content=\"Holdbart St\u00e5l Altan Gel\u00e6nder - ABR Home - Metallic constructions since 2010\" \/>\n<meta property=\"og:description\" content=\"Holdbart St\u00e5l Altan Gel\u00e6nder designet til robust beskyttelse og \u00e6stetik. Med en elegant, pulverlakeret finish for holdbarhed og nem installation, ideel til at forbedre ydre sikkerhed og udseende.\" \/>\n<meta property=\"og:url\" content=\"https:\/\/abrhome.eu\/vare\/durable-steel-balcony-railing-2\/\" \/>\n<meta property=\"og:site_name\" content=\"ABR Home - Metallic constructions since 2010\" \/>\n<meta property=\"article:modified_time\" content=\"2024-06-04T20:46:42+00:00\" \/>\n<meta property=\"og:image\" content=\"https:\/\/abrhome.eu\/wp-content\/uploads\/2024\/06\/IMG-20211116-WA0006.jpg\" \/>\n\t<meta property=\"og:image:width\" content=\"1600\" \/>\n\t<meta property=\"og:image:height\" content=\"1200\" \/>\n\t<meta property=\"og:image:type\" content=\"image\/jpeg\" \/>\n<meta name=\"twitter:card\" content=\"summary_large_image\" \/>\n<meta name=\"twitter:label1\" content=\"Estimeret l\u00e6setid\" \/>\n\t<meta name=\"twitter:data1\" content=\"1 minut\" \/>\n<script type=\"application\/ld+json\" class=\"yoast-schema-graph\">{\"@context\":\"https:\/\/schema.org\",\"@graph\":[{\"@type\":\"WebPage\",\"@id\":\"https:\/\/abrhome.eu\/vare\/durable-steel-balcony-railing-2\/\",\"url\":\"https:\/\/abrhome.eu\/vare\/durable-steel-balcony-railing-2\/\",\"name\":\"Holdbart St\u00e5l Altan Gel\u00e6nder - ABR Home - Metallic constructions since 2010\",\"isPartOf\":{\"@id\":\"https:\/\/abrhome.eu\/#website\"},\"primaryImageOfPage\":{\"@id\":\"https:\/\/abrhome.eu\/vare\/durable-steel-balcony-railing-2\/#primaryimage\"},\"image\":{\"@id\":\"https:\/\/abrhome.eu\/vare\/durable-steel-balcony-railing-2\/#primaryimage\"},\"thumbnailUrl\":\"https:\/\/abrhome.eu\/wp-content\/uploads\/2024\/06\/IMG-20211116-WA0006.jpg\",\"datePublished\":\"2024-06-04T15:23:24+00:00\",\"dateModified\":\"2024-06-04T20:46:42+00:00\",\"breadcrumb\":{\"@id\":\"https:\/\/abrhome.eu\/vare\/durable-steel-balcony-railing-2\/#breadcrumb\"},\"inLanguage\":\"da-DK\",\"potentialAction\":[{\"@type\":\"ReadAction\",\"target\":[\"https:\/\/abrhome.eu\/vare\/durable-steel-balcony-railing-2\/\"]}]},{\"@type\":\"ImageObject\",\"inLanguage\":\"da-DK\",\"@id\":\"https:\/\/abrhome.eu\/vare\/durable-steel-balcony-railing-2\/#primaryimage\",\"url\":\"https:\/\/abrhome.eu\/wp-content\/uploads\/2024\/06\/IMG-20211116-WA0006.jpg\",\"contentUrl\":\"https:\/\/abrhome.eu\/wp-content\/uploads\/2024\/06\/IMG-20211116-WA0006.jpg\",\"width\":1600,\"height\":1200,\"caption\":\"Kest\u00e4v\u00e4 Ter\u00e4ksinen Parvekekaide\"},{\"@type\":\"BreadcrumbList\",\"@id\":\"https:\/\/abrhome.eu\/vare\/durable-steel-balcony-railing-2\/#breadcrumb\",\"itemListElement\":[{\"@type\":\"ListItem\",\"position\":1,\"name\":\"Home\",\"item\":\"https:\/\/abrhome.eu\/da\/\"},{\"@type\":\"ListItem\",\"position\":2,\"name\":\"Produkter\",\"item\":\"https:\/\/abrhome.eu\/products\/\"},{\"@type\":\"ListItem\",\"position\":3,\"name\":\"Holdbart St\u00e5l Altan Gel\u00e6nder\"}]},{\"@type\":\"WebSite\",\"@id\":\"https:\/\/abrhome.eu\/#website\",\"url\":\"https:\/\/abrhome.eu\/\",\"name\":\"ABR Home - Metallic constructions since 2010\",\"description\":\"\",\"publisher\":{\"@id\":\"https:\/\/abrhome.eu\/#organization\"},\"potentialAction\":[{\"@type\":\"SearchAction\",\"target\":{\"@type\":\"EntryPoint\",\"urlTemplate\":\"https:\/\/abrhome.eu\/?s={search_term_string}\"},\"query-input\":\"required name=search_term_string\"}],\"inLanguage\":\"da-DK\"},{\"@type\":\"Organization\",\"@id\":\"https:\/\/abrhome.eu\/#organization\",\"name\":\"ABR Home - Metallic constructions since 2010\",\"url\":\"https:\/\/abrhome.eu\/\",\"logo\":{\"@type\":\"ImageObject\",\"inLanguage\":\"da-DK\",\"@id\":\"https:\/\/abrhome.eu\/#\/schema\/logo\/image\/\",\"url\":\"https:\/\/abrhome.eu\/wp-content\/uploads\/2023\/12\/logo-10.png\",\"contentUrl\":\"https:\/\/abrhome.eu\/wp-content\/uploads\/2023\/12\/logo-10.png\",\"width\":300,\"height\":139,\"caption\":\"ABR Home - Metallic constructions since 2010\"},\"image\":{\"@id\":\"https:\/\/abrhome.eu\/#\/schema\/logo\/image\/\"}}]}<\/script>\n<!-- \/ Yoast SEO plugin. -->","yoast_head_json":{"title":"Holdbart St\u00e5l Altan Gel\u00e6nder - ABR Home - Metallic constructions since 2010","robots":{"index":"index","follow":"follow","max-snippet":"max-snippet:-1","max-image-preview":"max-image-preview:large","max-video-preview":"max-video-preview:-1"},"canonical":"https:\/\/abrhome.eu\/vare\/durable-steel-balcony-railing-2\/","og_locale":"da_DK","og_type":"article","og_title":"Holdbart St\u00e5l Altan Gel\u00e6nder - ABR Home - Metallic constructions since 2010","og_description":"Holdbart St\u00e5l Altan Gel\u00e6nder designet til robust beskyttelse og \u00e6stetik. Med en elegant, pulverlakeret finish for holdbarhed og nem installation, ideel til at forbedre ydre sikkerhed og udseende.","og_url":"https:\/\/abrhome.eu\/vare\/durable-steel-balcony-railing-2\/","og_site_name":"ABR Home - Metallic constructions since 2010","article_modified_time":"2024-06-04T20:46:42+00:00","og_image":[{"width":1600,"height":1200,"url":"https:\/\/abrhome.eu\/wp-content\/uploads\/2024\/06\/IMG-20211116-WA0006.jpg","type":"image\/jpeg"}],"twitter_card":"summary_large_image","twitter_misc":{"Estimeret l\u00e6setid":"1 minut"},"schema":{"@context":"https:\/\/schema.org","@graph":[{"@type":"WebPage","@id":"https:\/\/abrhome.eu\/vare\/durable-steel-balcony-railing-2\/","url":"https:\/\/abrhome.eu\/vare\/durable-steel-balcony-railing-2\/","name":"Holdbart St\u00e5l Altan Gel\u00e6nder - ABR Home - Metallic constructions since 2010","isPartOf":{"@id":"https:\/\/abrhome.eu\/#website"},"primaryImageOfPage":{"@id":"https:\/\/abrhome.eu\/vare\/durable-steel-balcony-railing-2\/#primaryimage"},"image":{"@id":"https:\/\/abrhome.eu\/vare\/durable-steel-balcony-railing-2\/#primaryimage"},"thumbnailUrl":"https:\/\/abrhome.eu\/wp-content\/uploads\/2024\/06\/IMG-20211116-WA0006.jpg","datePublished":"2024-06-04T15:23:24+00:00","dateModified":"2024-06-04T20:46:42+00:00","breadcrumb":{"@id":"https:\/\/abrhome.eu\/vare\/durable-steel-balcony-railing-2\/#breadcrumb"},"inLanguage":"da-DK","potentialAction":[{"@type":"ReadAction","target":["https:\/\/abrhome.eu\/vare\/durable-steel-balcony-railing-2\/"]}]},{"@type":"ImageObject","inLanguage":"da-DK","@id":"https:\/\/abrhome.eu\/vare\/durable-steel-balcony-railing-2\/#primaryimage","url":"https:\/\/abrhome.eu\/wp-content\/uploads\/2024\/06\/IMG-20211116-WA0006.jpg","contentUrl":"https:\/\/abrhome.eu\/wp-content\/uploads\/2024\/06\/IMG-20211116-WA0006.jpg","width":1600,"height":1200,"caption":"Kest\u00e4v\u00e4 Ter\u00e4ksinen Parvekekaide"},{"@type":"BreadcrumbList","@id":"https:\/\/abrhome.eu\/vare\/durable-steel-balcony-railing-2\/#breadcrumb","itemListElement":[{"@type":"ListItem","position":1,"name":"Home","item":"https:\/\/abrhome.eu\/da\/"},{"@type":"ListItem","position":2,"name":"Produkter","item":"https:\/\/abrhome.eu\/products\/"},{"@type":"ListItem","position":3,"name":"Holdbart St\u00e5l Altan Gel\u00e6nder"}]},{"@type":"WebSite","@id":"https:\/\/abrhome.eu\/#website","url":"https:\/\/abrhome.eu\/","name":"ABR Home - Metallic constructions since 2010","description":"","publisher":{"@id":"https:\/\/abrhome.eu\/#organization"},"potentialAction":[{"@type":"SearchAction","target":{"@type":"EntryPoint","urlTemplate":"https:\/\/abrhome.eu\/?s={search_term_string}"},"query-input":"required name=search_term_string"}],"inLanguage":"da-DK"},{"@type":"Organization","@id":"https:\/\/abrhome.eu\/#organization","name":"ABR Home - Metallic constructions since 2010","url":"https:\/\/abrhome.eu\/","logo":{"@type":"ImageObject","inLanguage":"da-DK","@id":"https:\/\/abrhome.eu\/#\/schema\/logo\/image\/","url":"https:\/\/abrhome.eu\/wp-content\/uploads\/2023\/12\/logo-10.png","contentUrl":"https:\/\/abrhome.eu\/wp-content\/uploads\/2023\/12\/logo-10.png","width":300,"height":139,"caption":"ABR Home - Metallic constructions since 2010"},"image":{"@id":"https:\/\/abrhome.eu\/#\/schema\/logo\/image\/"}}]}},"_links":{"self":[{"href":"https:\/\/abrhome.eu\/da\/wp-json\/wp\/v2\/product\/13785","targetHints":{"allow":["GET"]}}],"collection":[{"href":"https:\/\/abrhome.eu\/da\/wp-json\/wp\/v2\/product"}],"about":[{"href":"https:\/\/abrhome.eu\/da\/wp-json\/wp\/v2\/types\/product"}],"version-history":[{"count":0,"href":"https:\/\/abrhome.eu\/da\/wp-json\/wp\/v2\/product\/13785\/revisions"}],"wp:featuredmedia":[{"embeddable":true,"href":"https:\/\/abrhome.eu\/da\/wp-json\/wp\/v2\/media\/7613"}],"wp:attachment":[{"href":"https:\/\/abrhome.eu\/da\/wp-json\/wp\/v2\/media?parent=13785"}],"wp:term":[{"taxonomy":"product_cat","embeddable":true,"href":"https:\/\/abrhome.eu\/da\/wp-json\/wp\/v2\/product_cat?post=13785"},{"taxonomy":"product_tag","embeddable":true,"href":"https:\/\/abrhome.eu\/da\/wp-json\/wp\/v2\/product_tag?post=13785"}],"curies":[{"name":"wp","href":"https:\/\/api.w.org\/{rel}","templated":true}]}}