{"id":10045,"date":"2024-06-04T17:11:13","date_gmt":"2024-06-04T15:11:13","guid":{"rendered":"https:\/\/abrhome.eu\/product\/robuster-stahl-balkongelaender\/"},"modified":"2024-06-04T18:22:46","modified_gmt":"2024-06-04T16:22:46","slug":"robuster-stahl-balkongelaender","status":"publish","type":"product","link":"https:\/\/abrhome.eu\/de\/produkt\/robuster-stahl-balkongelaender\/","title":{"rendered":"Robuster Stahl-Balkongel\u00e4nder"},"content":{"rendered":"<p><b>Verbessern Sie die Sicherheit und \u00c4sthetik<\/b> Ihres Balkons mit unserem Robusten Stahl-Balkongel\u00e4nder. Sorgf\u00e4ltig gefertigt aus hochwertigem Stahl, dient dieses Gel\u00e4nder als robuste <b>Sicherheitsbarriere<\/b>, w\u00e4hrend es Ihrer Geb\u00e4udefassade eine elegante Note verleiht. Der Ingenieurs- und Designprozess stellt sicher, dass jedes Gel\u00e4nder perfekt zu den Abmessungen Ihres Balkons passt.<\/p>\n<p>Es durchl\u00e4uft die Schritte des Schneidens, Formens und Schwei\u00dfens, um die strukturelle Integrit\u00e4t zu gew\u00e4hrleisten. Die Gel\u00e4nder werden durch Schleifen, <b>Verzinken<\/b> und eine <b>Pulverbeschichtung<\/b> in Graphitgrau (RAL 7024) behandelt, um Glattheit, Korrosionsbest\u00e4ndigkeit und Langlebigkeit zu sichern. Die letzten Schritte umfassen sorgf\u00e4ltiges Verpacken und fachkundige Montage, um eine sichere Lieferung und einfache Installation zu gew\u00e4hrleisten, die Ihnen hilft, Ihren Balkon effizient und stilvoll zu sichern.<\/p>\n<p> <div class=\"p2410-product-tags\" style=\"margin:1rem 0\">\r\n\t\t<div style=\"font-weight:600\">Tags<\/div>\r\n\t\t<div><a href=\"https:\/\/abrhome.eu\/de\/produkt-schlagwort\/balkongelaender-installation\/\" class=\"product-tag\">Balkongel\u00e4nder-Installation<\/a>, <a href=\"https:\/\/abrhome.eu\/de\/produkt-schlagwort\/metallsicherheitsgelaender\/\" class=\"product-tag\">Metallsicherheitsgel\u00e4nder<\/a>, <a href=\"https:\/\/abrhome.eu\/de\/produkt-schlagwort\/pulverbeschichtetes-balkongelaender\/\" class=\"product-tag\">pulverbeschichtetes Balkongel\u00e4nder<\/a>, <a href=\"https:\/\/abrhome.eu\/de\/produkt-schlagwort\/stahlbalkongelaender\/\" class=\"product-tag\">Stahlbalkongel\u00e4nder<\/a>, <a href=\"https:\/\/abrhome.eu\/de\/produkt-schlagwort\/verzinktes-balkongelaender\/\" class=\"product-tag\">verzinktes Balkongel\u00e4nder<\/a><\/div>\r\n\t<\/div> <div class=\"p2410-product-colors\" style=\"margin:1rem 0\">\r\n\t\t<div style=\"font-weight:600\">Farbe<\/div>\r\n\t\t<div><span>RAL 1023 Verkehrsgelb (Gelb)<\/span>, <span>RAL 1036 Perlglanzgold (Gold)<\/span>, <span>RAL 2004 Reinorange (Orange)<\/span>, <span>RAL 3000 Feuerrot (Rot)<\/span>, <span>RAL 3020 Verkehrsrot (Rot)<\/span>, <span>RAL 4005 Blaulila (Violett)<\/span>, <span>RAL 5005 Signalblau (Blau)<\/span>, <span>RAL 5010 Enzianblau (Blau)<\/span>, <span>RAL 6005 Moosgr\u00fcn (Gr\u00fcn)<\/span>, <span>RAL 7012 Basaltgrau (Grau)<\/span>, <span>RAL 7015 Schiefergrau (Grau)<\/span>, <span>RAL 7016 Anthrazitgrau (Grau)<\/span>, <span>RAL 7021 Schwarzgrau (Schwarz)<\/span>, <span>RAL 7024 Graphitgrau (Grau)<\/span>, <span>RAL 7032 Kieselgrau (Grau)<\/span>, <span>RAL 7035 Lichtgrau (Grau)<\/span>, <span>RAL 7040 Fenstergrau (Grau)<\/span>, <span>RAL 7042 Verkehrsgrau A (Grau)<\/span>, <span>RAL 8017 Schokoladenbraun (Braun)<\/span>, <span>RAL 9005 Tiefschwarz (Schwarz)<\/span>, <span>RAL 9006 Wei\u00dfaluminium (Silber)<\/span>, <span>RAL 9007 Graualuminium (Silber)<\/span>, <span>RAL 9010 Reinwei\u00df (Wei\u00df)<\/span>, <span>RAL 9016 Verkehrswei\u00df (Wei\u00df)<\/span><\/div>\r\n\t<\/div><\/p>\n","protected":false},"excerpt":{"rendered":"<p>Sichern und versch\u00f6nern Sie Ihren Balkon mit unserem <b>Stahlbalkongel\u00e4nder<\/b>. Fachm\u00e4nnisch entworfen f\u00fcr optimale Sicherheit und \u00e4sthetischen Reiz, es verf\u00fcgt \u00fcber eine langlebige <b>pulverbeschichtete Oberfl\u00e4che<\/b> und einfache Installation.<\/p>\n","protected":false},"featured_media":2303,"template":"","meta":[],"product_cat":[26689],"product_tag":[2645,2603,2631,2589,2617],"class_list":{"0":"post-10045","1":"product","2":"type-product","3":"status-publish","4":"has-post-thumbnail","6":"product_cat-hausstrukturen-balkon","7":"product_tag-balkongelaender-installation","8":"product_tag-metallsicherheitsgelaender","9":"product_tag-pulverbeschichtetes-balkongelaender","10":"product_tag-stahlbalkongelaender","11":"product_tag-verzinktes-balkongelaender","13":"first","14":"instock","15":"shipping-taxable","16":"product-type-simple"},"yoast_head":"<!-- This site is optimized with the Yoast SEO plugin v23.1 - https:\/\/yoast.com\/wordpress\/plugins\/seo\/ -->\n<title>Robuster Stahl-Balkongel\u00e4nder - ABR Home - Metallic constructions since 2010<\/title>\n<meta name=\"robots\" content=\"index, follow, max-snippet:-1, max-image-preview:large, max-video-preview:-1\" \/>\n<link rel=\"canonical\" href=\"https:\/\/abrhome.eu\/produkt\/durable-steel-balcony-railing\/\" \/>\n<meta property=\"og:locale\" content=\"de_DE\" \/>\n<meta property=\"og:type\" content=\"article\" \/>\n<meta property=\"og:title\" content=\"Robuster Stahl-Balkongel\u00e4nder - ABR Home - Metallic constructions since 2010\" \/>\n<meta property=\"og:description\" content=\"Sichern und versch\u00f6nern Sie Ihren Balkon mit unserem Stahlbalkongel\u00e4nder. Fachm\u00e4nnisch entworfen f\u00fcr optimale Sicherheit und \u00e4sthetischen Reiz, es verf\u00fcgt \u00fcber eine langlebige pulverbeschichtete Oberfl\u00e4che und einfache Installation.\" \/>\n<meta property=\"og:url\" content=\"https:\/\/abrhome.eu\/produkt\/durable-steel-balcony-railing\/\" \/>\n<meta property=\"og:site_name\" content=\"ABR Home - Metallic constructions since 2010\" \/>\n<meta property=\"article:modified_time\" content=\"2024-06-04T16:22:46+00:00\" \/>\n<meta property=\"og:image\" content=\"https:\/\/abrhome.eu\/wp-content\/uploads\/2024\/06\/016-Berlin-2018-scaled.jpg\" \/>\n\t<meta property=\"og:image:width\" content=\"2560\" \/>\n\t<meta property=\"og:image:height\" content=\"1920\" \/>\n\t<meta property=\"og:image:type\" content=\"image\/jpeg\" \/>\n<meta name=\"twitter:card\" content=\"summary_large_image\" \/>\n<meta name=\"twitter:label1\" content=\"Gesch\u00e4tzte Lesezeit\" \/>\n\t<meta name=\"twitter:data1\" content=\"1\u00a0Minute\" \/>\n<script type=\"application\/ld+json\" class=\"yoast-schema-graph\">{\"@context\":\"https:\/\/schema.org\",\"@graph\":[{\"@type\":\"WebPage\",\"@id\":\"https:\/\/abrhome.eu\/produkt\/durable-steel-balcony-railing\/\",\"url\":\"https:\/\/abrhome.eu\/produkt\/durable-steel-balcony-railing\/\",\"name\":\"Robuster Stahl-Balkongel\u00e4nder - ABR Home - Metallic constructions since 2010\",\"isPartOf\":{\"@id\":\"https:\/\/abrhome.eu\/#website\"},\"primaryImageOfPage\":{\"@id\":\"https:\/\/abrhome.eu\/produkt\/durable-steel-balcony-railing\/#primaryimage\"},\"image\":{\"@id\":\"https:\/\/abrhome.eu\/produkt\/durable-steel-balcony-railing\/#primaryimage\"},\"thumbnailUrl\":\"https:\/\/abrhome.eu\/wp-content\/uploads\/2024\/06\/016-Berlin-2018-scaled.jpg\",\"datePublished\":\"2024-06-04T15:11:13+00:00\",\"dateModified\":\"2024-06-04T16:22:46+00:00\",\"breadcrumb\":{\"@id\":\"https:\/\/abrhome.eu\/produkt\/durable-steel-balcony-railing\/#breadcrumb\"},\"inLanguage\":\"de\",\"potentialAction\":[{\"@type\":\"ReadAction\",\"target\":[\"https:\/\/abrhome.eu\/produkt\/durable-steel-balcony-railing\/\"]}]},{\"@type\":\"ImageObject\",\"inLanguage\":\"de\",\"@id\":\"https:\/\/abrhome.eu\/produkt\/durable-steel-balcony-railing\/#primaryimage\",\"url\":\"https:\/\/abrhome.eu\/wp-content\/uploads\/2024\/06\/016-Berlin-2018-scaled.jpg\",\"contentUrl\":\"https:\/\/abrhome.eu\/wp-content\/uploads\/2024\/06\/016-Berlin-2018-scaled.jpg\",\"width\":2560,\"height\":1920,\"caption\":\"Kest\u00e4v\u00e4 Ter\u00e4sparvekkeen Kaide\"},{\"@type\":\"BreadcrumbList\",\"@id\":\"https:\/\/abrhome.eu\/produkt\/durable-steel-balcony-railing\/#breadcrumb\",\"itemListElement\":[{\"@type\":\"ListItem\",\"position\":1,\"name\":\"Home\",\"item\":\"https:\/\/abrhome.eu\/de\/\"},{\"@type\":\"ListItem\",\"position\":2,\"name\":\"Produkte\",\"item\":\"https:\/\/abrhome.eu\/products\/\"},{\"@type\":\"ListItem\",\"position\":3,\"name\":\"Robuster Stahl-Balkongel\u00e4nder\"}]},{\"@type\":\"WebSite\",\"@id\":\"https:\/\/abrhome.eu\/#website\",\"url\":\"https:\/\/abrhome.eu\/\",\"name\":\"ABR Home - Metallic constructions since 2010\",\"description\":\"\",\"publisher\":{\"@id\":\"https:\/\/abrhome.eu\/#organization\"},\"potentialAction\":[{\"@type\":\"SearchAction\",\"target\":{\"@type\":\"EntryPoint\",\"urlTemplate\":\"https:\/\/abrhome.eu\/?s={search_term_string}\"},\"query-input\":\"required name=search_term_string\"}],\"inLanguage\":\"de\"},{\"@type\":\"Organization\",\"@id\":\"https:\/\/abrhome.eu\/#organization\",\"name\":\"ABR Home - Metallic constructions since 2010\",\"url\":\"https:\/\/abrhome.eu\/\",\"logo\":{\"@type\":\"ImageObject\",\"inLanguage\":\"de\",\"@id\":\"https:\/\/abrhome.eu\/#\/schema\/logo\/image\/\",\"url\":\"https:\/\/abrhome.eu\/wp-content\/uploads\/2023\/12\/logo-10.png\",\"contentUrl\":\"https:\/\/abrhome.eu\/wp-content\/uploads\/2023\/12\/logo-10.png\",\"width\":300,\"height\":139,\"caption\":\"ABR Home - Metallic constructions since 2010\"},\"image\":{\"@id\":\"https:\/\/abrhome.eu\/#\/schema\/logo\/image\/\"}}]}<\/script>\n<!-- \/ Yoast SEO plugin. -->","yoast_head_json":{"title":"Robuster Stahl-Balkongel\u00e4nder - ABR Home - Metallic constructions since 2010","robots":{"index":"index","follow":"follow","max-snippet":"max-snippet:-1","max-image-preview":"max-image-preview:large","max-video-preview":"max-video-preview:-1"},"canonical":"https:\/\/abrhome.eu\/produkt\/durable-steel-balcony-railing\/","og_locale":"de_DE","og_type":"article","og_title":"Robuster Stahl-Balkongel\u00e4nder - ABR Home - Metallic constructions since 2010","og_description":"Sichern und versch\u00f6nern Sie Ihren Balkon mit unserem Stahlbalkongel\u00e4nder. Fachm\u00e4nnisch entworfen f\u00fcr optimale Sicherheit und \u00e4sthetischen Reiz, es verf\u00fcgt \u00fcber eine langlebige pulverbeschichtete Oberfl\u00e4che und einfache Installation.","og_url":"https:\/\/abrhome.eu\/produkt\/durable-steel-balcony-railing\/","og_site_name":"ABR Home - Metallic constructions since 2010","article_modified_time":"2024-06-04T16:22:46+00:00","og_image":[{"width":2560,"height":1920,"url":"https:\/\/abrhome.eu\/wp-content\/uploads\/2024\/06\/016-Berlin-2018-scaled.jpg","type":"image\/jpeg"}],"twitter_card":"summary_large_image","twitter_misc":{"Gesch\u00e4tzte Lesezeit":"1\u00a0Minute"},"schema":{"@context":"https:\/\/schema.org","@graph":[{"@type":"WebPage","@id":"https:\/\/abrhome.eu\/produkt\/durable-steel-balcony-railing\/","url":"https:\/\/abrhome.eu\/produkt\/durable-steel-balcony-railing\/","name":"Robuster Stahl-Balkongel\u00e4nder - ABR Home - Metallic constructions since 2010","isPartOf":{"@id":"https:\/\/abrhome.eu\/#website"},"primaryImageOfPage":{"@id":"https:\/\/abrhome.eu\/produkt\/durable-steel-balcony-railing\/#primaryimage"},"image":{"@id":"https:\/\/abrhome.eu\/produkt\/durable-steel-balcony-railing\/#primaryimage"},"thumbnailUrl":"https:\/\/abrhome.eu\/wp-content\/uploads\/2024\/06\/016-Berlin-2018-scaled.jpg","datePublished":"2024-06-04T15:11:13+00:00","dateModified":"2024-06-04T16:22:46+00:00","breadcrumb":{"@id":"https:\/\/abrhome.eu\/produkt\/durable-steel-balcony-railing\/#breadcrumb"},"inLanguage":"de","potentialAction":[{"@type":"ReadAction","target":["https:\/\/abrhome.eu\/produkt\/durable-steel-balcony-railing\/"]}]},{"@type":"ImageObject","inLanguage":"de","@id":"https:\/\/abrhome.eu\/produkt\/durable-steel-balcony-railing\/#primaryimage","url":"https:\/\/abrhome.eu\/wp-content\/uploads\/2024\/06\/016-Berlin-2018-scaled.jpg","contentUrl":"https:\/\/abrhome.eu\/wp-content\/uploads\/2024\/06\/016-Berlin-2018-scaled.jpg","width":2560,"height":1920,"caption":"Kest\u00e4v\u00e4 Ter\u00e4sparvekkeen Kaide"},{"@type":"BreadcrumbList","@id":"https:\/\/abrhome.eu\/produkt\/durable-steel-balcony-railing\/#breadcrumb","itemListElement":[{"@type":"ListItem","position":1,"name":"Home","item":"https:\/\/abrhome.eu\/de\/"},{"@type":"ListItem","position":2,"name":"Produkte","item":"https:\/\/abrhome.eu\/products\/"},{"@type":"ListItem","position":3,"name":"Robuster Stahl-Balkongel\u00e4nder"}]},{"@type":"WebSite","@id":"https:\/\/abrhome.eu\/#website","url":"https:\/\/abrhome.eu\/","name":"ABR Home - Metallic constructions since 2010","description":"","publisher":{"@id":"https:\/\/abrhome.eu\/#organization"},"potentialAction":[{"@type":"SearchAction","target":{"@type":"EntryPoint","urlTemplate":"https:\/\/abrhome.eu\/?s={search_term_string}"},"query-input":"required name=search_term_string"}],"inLanguage":"de"},{"@type":"Organization","@id":"https:\/\/abrhome.eu\/#organization","name":"ABR Home - Metallic constructions since 2010","url":"https:\/\/abrhome.eu\/","logo":{"@type":"ImageObject","inLanguage":"de","@id":"https:\/\/abrhome.eu\/#\/schema\/logo\/image\/","url":"https:\/\/abrhome.eu\/wp-content\/uploads\/2023\/12\/logo-10.png","contentUrl":"https:\/\/abrhome.eu\/wp-content\/uploads\/2023\/12\/logo-10.png","width":300,"height":139,"caption":"ABR Home - Metallic constructions since 2010"},"image":{"@id":"https:\/\/abrhome.eu\/#\/schema\/logo\/image\/"}}]}},"_links":{"self":[{"href":"https:\/\/abrhome.eu\/de\/wp-json\/wp\/v2\/product\/10045","targetHints":{"allow":["GET"]}}],"collection":[{"href":"https:\/\/abrhome.eu\/de\/wp-json\/wp\/v2\/product"}],"about":[{"href":"https:\/\/abrhome.eu\/de\/wp-json\/wp\/v2\/types\/product"}],"version-history":[{"count":0,"href":"https:\/\/abrhome.eu\/de\/wp-json\/wp\/v2\/product\/10045\/revisions"}],"wp:featuredmedia":[{"embeddable":true,"href":"https:\/\/abrhome.eu\/de\/wp-json\/wp\/v2\/media\/2303"}],"wp:attachment":[{"href":"https:\/\/abrhome.eu\/de\/wp-json\/wp\/v2\/media?parent=10045"}],"wp:term":[{"taxonomy":"product_cat","embeddable":true,"href":"https:\/\/abrhome.eu\/de\/wp-json\/wp\/v2\/product_cat?post=10045"},{"taxonomy":"product_tag","embeddable":true,"href":"https:\/\/abrhome.eu\/de\/wp-json\/wp\/v2\/product_tag?post=10045"}],"curies":[{"name":"wp","href":"https:\/\/api.w.org\/{rel}","templated":true}]}}