{"id":10229,"date":"2024-06-04T17:11:46","date_gmt":"2024-06-04T15:11:46","guid":{"rendered":"https:\/\/abrhome.eu\/product\/stahlbalkon-gelaender-und-plattform\/"},"modified":"2024-06-04T18:55:20","modified_gmt":"2024-06-04T16:55:20","slug":"stahlbalkon-gelaender-und-plattform","status":"publish","type":"product","link":"https:\/\/abrhome.eu\/de\/produkt\/stahlbalkon-gelaender-und-plattform\/","title":{"rendered":"Stahlbalkon Gel\u00e4nder und Plattform"},"content":{"rendered":"<p>Verbessern Sie die Sicherheit und \u00e4sthetische Anziehungskraft Ihrer Geb\u00e4ude mit unserem <b>Stahlbalkon Gel\u00e4nder und Plattform<\/b>. Hergestellt aus hochwertigem Stahl, zeichnet sich dieses Produkt durch eine robuste Plattform und ein sicheres Gel\u00e4ndersystem aus, das St\u00fcrze verhindert und jedem \u00c4u\u00dferen eine schlanke, moderne Note verleiht. Die Plattform misst ungef\u00e4hr 1&#215;1 Meter und bietet ausreichend Platz und gew\u00e4hrleistet Stabilit\u00e4t.<\/p>\n<p>Jedes Gel\u00e4nder ist sorgf\u00e4ltig gefertigt, hat eine H\u00f6he von etwa 90 bis 100 cm und integriert sich nahtlos in die Plattform. Die Oberfl\u00e4che ist mit einer haltbaren dunkelgrauen Farbe behandelt, speziell RAL 7016 Anthrazitgrau, die einen hervorragenden Korrosionsschutz bietet und \u00fcber die Zeit hinweg ein elegantes Aussehen bewahrt. Ideal sowohl f\u00fcr Wohn- als auch f\u00fcr kommerzielle Anwendungen, ist diese Balkonkonstruktion leicht an Ihrem Geb\u00e4ude mit schwerlastigen Schrauben und Halterungen f\u00fcr garantierte Sicherheit und Stabilit\u00e4t zu montieren. Relevante <b>SEO Schl\u00fcsselw\u00f6rter<\/b> umfassen <b>Metallbalkongel\u00e4nder<\/b>, <b>Stahlplattform<\/b>, <b>verzinktes Balkongel\u00e4nder<\/b>, <b>Stahlbalkongel\u00e4nder-Design<\/b> und <b>au\u00dfen Balkongel\u00e4ndersystem<\/b>.<\/p>\n<p> <div class=\"p2410-product-tags\" style=\"margin:1rem 0\">\r\n\t\t<div style=\"font-weight:600\">Tags<\/div>\r\n\t\t<div><a href=\"https:\/\/abrhome.eu\/de\/produkt-schlagwort\/aussenbalkonplattform\/\" class=\"product-tag\">Au\u00dfenbalkonplattform<\/a>, <a href=\"https:\/\/abrhome.eu\/de\/produkt-schlagwort\/metallbalkongelaender\/\" class=\"product-tag\">Metallbalkongel\u00e4nder<\/a>, <a href=\"https:\/\/abrhome.eu\/de\/produkt-schlagwort\/modernes-gelaenderdesign\/\" class=\"product-tag\">modernes Gel\u00e4nderdesign<\/a>, <a href=\"https:\/\/abrhome.eu\/de\/produkt-schlagwort\/sicherheitsbalkongelaender\/\" class=\"product-tag\">Sicherheitsbalkongel\u00e4nder<\/a>, <a href=\"https:\/\/abrhome.eu\/de\/produkt-schlagwort\/stahlbalkongelaender\/\" class=\"product-tag\">Stahlbalkongel\u00e4nder<\/a><\/div>\r\n\t<\/div> <div class=\"p2410-product-colors\" style=\"margin:1rem 0\">\r\n\t\t<div style=\"font-weight:600\">Farbe<\/div>\r\n\t\t<div><span>RAL 1023 Verkehrsgelb (Gelb)<\/span>, <span>RAL 1036 Perlglanzgold (Gold)<\/span>, <span>RAL 2004 Reinorange (Orange)<\/span>, <span>RAL 3000 Feuerrot (Rot)<\/span>, <span>RAL 3020 Verkehrsrot (Rot)<\/span>, <span>RAL 4005 Blaulila (Violett)<\/span>, <span>RAL 5005 Signalblau (Blau)<\/span>, <span>RAL 5010 Enzianblau (Blau)<\/span>, <span>RAL 6005 Moosgr\u00fcn (Gr\u00fcn)<\/span>, <span>RAL 7012 Basaltgrau (Grau)<\/span>, <span>RAL 7015 Schiefergrau (Grau)<\/span>, <span>RAL 7016 Anthrazitgrau (Grau)<\/span>, <span>RAL 7021 Schwarzgrau (Schwarz)<\/span>, <span>RAL 7024 Graphitgrau (Grau)<\/span>, <span>RAL 7032 Kieselgrau (Grau)<\/span>, <span>RAL 7035 Lichtgrau (Grau)<\/span>, <span>RAL 7040 Fenstergrau (Grau)<\/span>, <span>RAL 7042 Verkehrsgrau A (Grau)<\/span>, <span>RAL 8017 Schokoladenbraun (Braun)<\/span>, <span>RAL 9005 Tiefschwarz (Schwarz)<\/span>, <span>RAL 9006 Wei\u00dfaluminium (Silber)<\/span>, <span>RAL 9007 Graualuminium (Silber)<\/span>, <span>RAL 9010 Reinwei\u00df (Wei\u00df)<\/span>, <span>RAL 9016 Verkehrswei\u00df (Wei\u00df)<\/span><\/div>\r\n\t<\/div><\/p>\n","protected":false},"excerpt":{"rendered":"<p>Entdecken Sie das robuste <b>Stahlbalkon Gel\u00e4nder und Plattform<\/b>, ideal um Sicherheit zu erh\u00f6hen und Geb\u00e4uden eine moderne Note zu verleihen. Merkmale umfassen eine Konstruktion aus hochwertigem Stahl, eine haltbare Beschichtung und einfache Montage.<\/p>\n","protected":false},"featured_media":2498,"template":"","meta":[],"product_cat":[26689],"product_tag":[3315,2156,3329,3343,2589],"class_list":{"0":"post-10229","1":"product","2":"type-product","3":"status-publish","4":"has-post-thumbnail","6":"product_cat-hausstrukturen-balkon","7":"product_tag-aussenbalkonplattform","8":"product_tag-metallbalkongelaender","9":"product_tag-modernes-gelaenderdesign","10":"product_tag-sicherheitsbalkongelaender","11":"product_tag-stahlbalkongelaender","13":"first","14":"instock","15":"shipping-taxable","16":"product-type-simple"},"yoast_head":"<!-- This site is optimized with the Yoast SEO plugin v23.1 - https:\/\/yoast.com\/wordpress\/plugins\/seo\/ -->\n<title>Stahlbalkon Gel\u00e4nder und Plattform - ABR Home - Metallic constructions since 2010<\/title>\n<meta name=\"robots\" content=\"index, follow, max-snippet:-1, max-image-preview:large, max-video-preview:-1\" \/>\n<link rel=\"canonical\" href=\"https:\/\/abrhome.eu\/produkt\/steel-balcony-railing-and-platform\/\" \/>\n<meta property=\"og:locale\" content=\"de_DE\" \/>\n<meta property=\"og:type\" content=\"article\" \/>\n<meta property=\"og:title\" content=\"Stahlbalkon Gel\u00e4nder und Plattform - ABR Home - Metallic constructions since 2010\" \/>\n<meta property=\"og:description\" content=\"Entdecken Sie das robuste Stahlbalkon Gel\u00e4nder und Plattform, ideal um Sicherheit zu erh\u00f6hen und Geb\u00e4uden eine moderne Note zu verleihen. Merkmale umfassen eine Konstruktion aus hochwertigem Stahl, eine haltbare Beschichtung und einfache Montage.\" \/>\n<meta property=\"og:url\" content=\"https:\/\/abrhome.eu\/produkt\/steel-balcony-railing-and-platform\/\" \/>\n<meta property=\"og:site_name\" content=\"ABR Home - Metallic constructions since 2010\" \/>\n<meta property=\"article:modified_time\" content=\"2024-06-04T16:55:20+00:00\" \/>\n<meta property=\"og:image\" content=\"https:\/\/abrhome.eu\/wp-content\/uploads\/2024\/06\/balkons-1x1-marga.jpg\" \/>\n\t<meta property=\"og:image:width\" content=\"1200\" \/>\n\t<meta property=\"og:image:height\" content=\"1600\" \/>\n\t<meta property=\"og:image:type\" content=\"image\/jpeg\" \/>\n<meta name=\"twitter:card\" content=\"summary_large_image\" \/>\n<meta name=\"twitter:label1\" content=\"Gesch\u00e4tzte Lesezeit\" \/>\n\t<meta name=\"twitter:data1\" content=\"1\u00a0Minute\" \/>\n<script type=\"application\/ld+json\" class=\"yoast-schema-graph\">{\"@context\":\"https:\/\/schema.org\",\"@graph\":[{\"@type\":\"WebPage\",\"@id\":\"https:\/\/abrhome.eu\/produkt\/steel-balcony-railing-and-platform\/\",\"url\":\"https:\/\/abrhome.eu\/produkt\/steel-balcony-railing-and-platform\/\",\"name\":\"Stahlbalkon Gel\u00e4nder und Plattform - ABR Home - Metallic constructions since 2010\",\"isPartOf\":{\"@id\":\"https:\/\/abrhome.eu\/#website\"},\"primaryImageOfPage\":{\"@id\":\"https:\/\/abrhome.eu\/produkt\/steel-balcony-railing-and-platform\/#primaryimage\"},\"image\":{\"@id\":\"https:\/\/abrhome.eu\/produkt\/steel-balcony-railing-and-platform\/#primaryimage\"},\"thumbnailUrl\":\"https:\/\/abrhome.eu\/wp-content\/uploads\/2024\/06\/balkons-1x1-marga.jpg\",\"datePublished\":\"2024-06-04T15:11:46+00:00\",\"dateModified\":\"2024-06-04T16:55:20+00:00\",\"breadcrumb\":{\"@id\":\"https:\/\/abrhome.eu\/produkt\/steel-balcony-railing-and-platform\/#breadcrumb\"},\"inLanguage\":\"de\",\"potentialAction\":[{\"@type\":\"ReadAction\",\"target\":[\"https:\/\/abrhome.eu\/produkt\/steel-balcony-railing-and-platform\/\"]}]},{\"@type\":\"ImageObject\",\"inLanguage\":\"de\",\"@id\":\"https:\/\/abrhome.eu\/produkt\/steel-balcony-railing-and-platform\/#primaryimage\",\"url\":\"https:\/\/abrhome.eu\/wp-content\/uploads\/2024\/06\/balkons-1x1-marga.jpg\",\"contentUrl\":\"https:\/\/abrhome.eu\/wp-content\/uploads\/2024\/06\/balkons-1x1-marga.jpg\",\"width\":1200,\"height\":1600,\"caption\":\"Ter\u00e4ksinen parvekkeen kaide ja alusta\"},{\"@type\":\"BreadcrumbList\",\"@id\":\"https:\/\/abrhome.eu\/produkt\/steel-balcony-railing-and-platform\/#breadcrumb\",\"itemListElement\":[{\"@type\":\"ListItem\",\"position\":1,\"name\":\"Home\",\"item\":\"https:\/\/abrhome.eu\/de\/\"},{\"@type\":\"ListItem\",\"position\":2,\"name\":\"Produkte\",\"item\":\"https:\/\/abrhome.eu\/products\/\"},{\"@type\":\"ListItem\",\"position\":3,\"name\":\"Stahlbalkon Gel\u00e4nder und Plattform\"}]},{\"@type\":\"WebSite\",\"@id\":\"https:\/\/abrhome.eu\/#website\",\"url\":\"https:\/\/abrhome.eu\/\",\"name\":\"ABR Home - Metallic constructions since 2010\",\"description\":\"\",\"publisher\":{\"@id\":\"https:\/\/abrhome.eu\/#organization\"},\"potentialAction\":[{\"@type\":\"SearchAction\",\"target\":{\"@type\":\"EntryPoint\",\"urlTemplate\":\"https:\/\/abrhome.eu\/?s={search_term_string}\"},\"query-input\":\"required name=search_term_string\"}],\"inLanguage\":\"de\"},{\"@type\":\"Organization\",\"@id\":\"https:\/\/abrhome.eu\/#organization\",\"name\":\"ABR Home - Metallic constructions since 2010\",\"url\":\"https:\/\/abrhome.eu\/\",\"logo\":{\"@type\":\"ImageObject\",\"inLanguage\":\"de\",\"@id\":\"https:\/\/abrhome.eu\/#\/schema\/logo\/image\/\",\"url\":\"https:\/\/abrhome.eu\/wp-content\/uploads\/2023\/12\/logo-10.png\",\"contentUrl\":\"https:\/\/abrhome.eu\/wp-content\/uploads\/2023\/12\/logo-10.png\",\"width\":300,\"height\":139,\"caption\":\"ABR Home - Metallic constructions since 2010\"},\"image\":{\"@id\":\"https:\/\/abrhome.eu\/#\/schema\/logo\/image\/\"}}]}<\/script>\n<!-- \/ Yoast SEO plugin. -->","yoast_head_json":{"title":"Stahlbalkon Gel\u00e4nder und Plattform - ABR Home - Metallic constructions since 2010","robots":{"index":"index","follow":"follow","max-snippet":"max-snippet:-1","max-image-preview":"max-image-preview:large","max-video-preview":"max-video-preview:-1"},"canonical":"https:\/\/abrhome.eu\/produkt\/steel-balcony-railing-and-platform\/","og_locale":"de_DE","og_type":"article","og_title":"Stahlbalkon Gel\u00e4nder und Plattform - ABR Home - Metallic constructions since 2010","og_description":"Entdecken Sie das robuste Stahlbalkon Gel\u00e4nder und Plattform, ideal um Sicherheit zu erh\u00f6hen und Geb\u00e4uden eine moderne Note zu verleihen. Merkmale umfassen eine Konstruktion aus hochwertigem Stahl, eine haltbare Beschichtung und einfache Montage.","og_url":"https:\/\/abrhome.eu\/produkt\/steel-balcony-railing-and-platform\/","og_site_name":"ABR Home - Metallic constructions since 2010","article_modified_time":"2024-06-04T16:55:20+00:00","og_image":[{"width":1200,"height":1600,"url":"https:\/\/abrhome.eu\/wp-content\/uploads\/2024\/06\/balkons-1x1-marga.jpg","type":"image\/jpeg"}],"twitter_card":"summary_large_image","twitter_misc":{"Gesch\u00e4tzte Lesezeit":"1\u00a0Minute"},"schema":{"@context":"https:\/\/schema.org","@graph":[{"@type":"WebPage","@id":"https:\/\/abrhome.eu\/produkt\/steel-balcony-railing-and-platform\/","url":"https:\/\/abrhome.eu\/produkt\/steel-balcony-railing-and-platform\/","name":"Stahlbalkon Gel\u00e4nder und Plattform - ABR Home - Metallic constructions since 2010","isPartOf":{"@id":"https:\/\/abrhome.eu\/#website"},"primaryImageOfPage":{"@id":"https:\/\/abrhome.eu\/produkt\/steel-balcony-railing-and-platform\/#primaryimage"},"image":{"@id":"https:\/\/abrhome.eu\/produkt\/steel-balcony-railing-and-platform\/#primaryimage"},"thumbnailUrl":"https:\/\/abrhome.eu\/wp-content\/uploads\/2024\/06\/balkons-1x1-marga.jpg","datePublished":"2024-06-04T15:11:46+00:00","dateModified":"2024-06-04T16:55:20+00:00","breadcrumb":{"@id":"https:\/\/abrhome.eu\/produkt\/steel-balcony-railing-and-platform\/#breadcrumb"},"inLanguage":"de","potentialAction":[{"@type":"ReadAction","target":["https:\/\/abrhome.eu\/produkt\/steel-balcony-railing-and-platform\/"]}]},{"@type":"ImageObject","inLanguage":"de","@id":"https:\/\/abrhome.eu\/produkt\/steel-balcony-railing-and-platform\/#primaryimage","url":"https:\/\/abrhome.eu\/wp-content\/uploads\/2024\/06\/balkons-1x1-marga.jpg","contentUrl":"https:\/\/abrhome.eu\/wp-content\/uploads\/2024\/06\/balkons-1x1-marga.jpg","width":1200,"height":1600,"caption":"Ter\u00e4ksinen parvekkeen kaide ja alusta"},{"@type":"BreadcrumbList","@id":"https:\/\/abrhome.eu\/produkt\/steel-balcony-railing-and-platform\/#breadcrumb","itemListElement":[{"@type":"ListItem","position":1,"name":"Home","item":"https:\/\/abrhome.eu\/de\/"},{"@type":"ListItem","position":2,"name":"Produkte","item":"https:\/\/abrhome.eu\/products\/"},{"@type":"ListItem","position":3,"name":"Stahlbalkon Gel\u00e4nder und Plattform"}]},{"@type":"WebSite","@id":"https:\/\/abrhome.eu\/#website","url":"https:\/\/abrhome.eu\/","name":"ABR Home - Metallic constructions since 2010","description":"","publisher":{"@id":"https:\/\/abrhome.eu\/#organization"},"potentialAction":[{"@type":"SearchAction","target":{"@type":"EntryPoint","urlTemplate":"https:\/\/abrhome.eu\/?s={search_term_string}"},"query-input":"required name=search_term_string"}],"inLanguage":"de"},{"@type":"Organization","@id":"https:\/\/abrhome.eu\/#organization","name":"ABR Home - Metallic constructions since 2010","url":"https:\/\/abrhome.eu\/","logo":{"@type":"ImageObject","inLanguage":"de","@id":"https:\/\/abrhome.eu\/#\/schema\/logo\/image\/","url":"https:\/\/abrhome.eu\/wp-content\/uploads\/2023\/12\/logo-10.png","contentUrl":"https:\/\/abrhome.eu\/wp-content\/uploads\/2023\/12\/logo-10.png","width":300,"height":139,"caption":"ABR Home - Metallic constructions since 2010"},"image":{"@id":"https:\/\/abrhome.eu\/#\/schema\/logo\/image\/"}}]}},"_links":{"self":[{"href":"https:\/\/abrhome.eu\/de\/wp-json\/wp\/v2\/product\/10229","targetHints":{"allow":["GET"]}}],"collection":[{"href":"https:\/\/abrhome.eu\/de\/wp-json\/wp\/v2\/product"}],"about":[{"href":"https:\/\/abrhome.eu\/de\/wp-json\/wp\/v2\/types\/product"}],"version-history":[{"count":0,"href":"https:\/\/abrhome.eu\/de\/wp-json\/wp\/v2\/product\/10229\/revisions"}],"wp:featuredmedia":[{"embeddable":true,"href":"https:\/\/abrhome.eu\/de\/wp-json\/wp\/v2\/media\/2498"}],"wp:attachment":[{"href":"https:\/\/abrhome.eu\/de\/wp-json\/wp\/v2\/media?parent=10229"}],"wp:term":[{"taxonomy":"product_cat","embeddable":true,"href":"https:\/\/abrhome.eu\/de\/wp-json\/wp\/v2\/product_cat?post=10229"},{"taxonomy":"product_tag","embeddable":true,"href":"https:\/\/abrhome.eu\/de\/wp-json\/wp\/v2\/product_tag?post=10229"}],"curies":[{"name":"wp","href":"https:\/\/api.w.org\/{rel}","templated":true}]}}