{"id":11297,"date":"2024-06-04T17:15:09","date_gmt":"2024-06-04T15:15:09","guid":{"rendered":"https:\/\/abrhome.eu\/product\/doppel-fluegel-lochblechtor\/"},"modified":"2024-06-04T21:16:59","modified_gmt":"2024-06-04T19:16:59","slug":"doppel-fluegel-lochblechtor","status":"publish","type":"product","link":"https:\/\/abrhome.eu\/de\/produkt\/doppel-fluegel-lochblechtor\/","title":{"rendered":"Doppel-Fl\u00fcgel-Lochblechtor"},"content":{"rendered":"<p>Erh\u00f6hen Sie die Sicherheit und \u00e4sthetische Anziehungskraft Ihres Wohn- oder Gewerbeobjekts mit unserem <b>Doppel-Fl\u00fcgel-Lochblechtor<\/b>. Dieses Tor ist aus hochwertigem Stahl gefertigt und verf\u00fcgt \u00fcber einen robusten Rahmen mit sorgf\u00e4ltig gestalteten gelochten Paneelen. Das Design bietet sowohl Privatsph\u00e4re als auch eine moderne Optik, die f\u00fcr verschiedene Eing\u00e4nge geeignet ist.<\/p>\n<p>Das Tor wird mit Pr\u00e4zision entwickelt. Die Entwurfsphase beinhaltet sorgf\u00e4ltiges Schneiden, Fr\u00e4sen und Schwei\u00dfen, um eine robuste Montage zu gew\u00e4hrleisten. Das Lochmuster verwendet fortschrittliche Stanztechnologie, die einen einzigartigen visuellen Reiz betont. Eine robuste, matte schwarze Pulverbeschichtung, speziell <b>RAL 9005 (Tiefschwarz)<\/b>, verst\u00e4rkt die Haltbarkeit gegen widriges Wetter und bewahrt \u00fcber Zeit ein elegantes Aussehen.<\/p>\n<p>Mit einer H\u00f6he von etwa 2 bis 2,5 Metern und einer Breite von etwa 3 bis 4 Metern ist das Tor ideal f\u00fcr zahlreiche Anwendungen dimensioniert. Die Installation ist unkompliziert, mit Scharnieren, die f\u00fcr eine sichere Montage an Pfosten oder W\u00e4nden ausgelegt sind, was einen reibungslosen Betrieb und Ausrichtung garantiert. Es ist eine ideale Wahl f\u00fcr diejenigen, die ein <b>Stahlsicherheitstor<\/b> oder ein <b>gewerbliches Metalltor<\/b> mit einem ausgepr\u00e4gten <b>Doppel-Fl\u00fcgel-Tordesign<\/b> suchen.<\/p>\n<p> <div class=\"p2410-product-tags\" style=\"margin:1rem 0\">\r\n\t\t<div style=\"font-weight:600\">Tags<\/div>\r\n\t\t<div><a href=\"https:\/\/abrhome.eu\/de\/produkt-schlagwort\/doppel-blatt-tordesign\/\" class=\"product-tag\">Doppel-Blatt-Tordesign<\/a>, <a href=\"https:\/\/abrhome.eu\/de\/produkt-schlagwort\/gewerbliches-metalltor\/\" class=\"product-tag\">gewerbliches Metalltor<\/a>, <a href=\"https:\/\/abrhome.eu\/de\/produkt-schlagwort\/lochblechtor\/\" class=\"product-tag\">Lochblechtor<\/a>, <a href=\"https:\/\/abrhome.eu\/de\/produkt-schlagwort\/ral-9005-schwarzes-tor\/\" class=\"product-tag\">RAL 9005 schwarzes Tor<\/a>, <a href=\"https:\/\/abrhome.eu\/de\/produkt-schlagwort\/stahlsicherheitstor\/\" class=\"product-tag\">Stahlsicherheitstor<\/a><\/div>\r\n\t<\/div> <div class=\"p2410-product-colors\" style=\"margin:1rem 0\">\r\n\t\t<div style=\"font-weight:600\">Farbe<\/div>\r\n\t\t<div><span>RAL 1023 Verkehrsgelb (Gelb)<\/span>, <span>RAL 1036 Perlglanzgold (Gold)<\/span>, <span>RAL 2004 Reinorange (Orange)<\/span>, <span>RAL 3000 Feuerrot (Rot)<\/span>, <span>RAL 3020 Verkehrsrot (Rot)<\/span>, <span>RAL 4005 Blaulila (Violett)<\/span>, <span>RAL 5005 Signalblau (Blau)<\/span>, <span>RAL 5010 Enzianblau (Blau)<\/span>, <span>RAL 6005 Moosgr\u00fcn (Gr\u00fcn)<\/span>, <span>RAL 7012 Basaltgrau (Grau)<\/span>, <span>RAL 7015 Schiefergrau (Grau)<\/span>, <span>RAL 7016 Anthrazitgrau (Grau)<\/span>, <span>RAL 7021 Schwarzgrau (Schwarz)<\/span>, <span>RAL 7024 Graphitgrau (Grau)<\/span>, <span>RAL 7032 Kieselgrau (Grau)<\/span>, <span>RAL 7035 Lichtgrau (Grau)<\/span>, <span>RAL 7040 Fenstergrau (Grau)<\/span>, <span>RAL 7042 Verkehrsgrau A (Grau)<\/span>, <span>RAL 8017 Schokoladenbraun (Braun)<\/span>, <span>RAL 9005 Tiefschwarz (Schwarz)<\/span>, <span>RAL 9006 Wei\u00dfaluminium (Silber)<\/span>, <span>RAL 9007 Graualuminium (Silber)<\/span>, <span>RAL 9010 Reinwei\u00df (Wei\u00df)<\/span>, <span>RAL 9016 Verkehrswei\u00df (Wei\u00df)<\/span><\/div>\r\n\t<\/div><\/p>\n","protected":false},"excerpt":{"rendered":"<p>Entdecken Sie das robuste <b>Doppel-Fl\u00fcgel-Lochblechtor<\/b>, gefertigt aus hochwertigem Stahl und mit einem modernen Lochdesign sowie einer matten <b>RAL 9005 schwarzen<\/b> Oberfl\u00e4che. Perfekt, um Sicherheit und \u00e4sthetische Anziehungskraft verschiedener Objekte zu erh\u00f6hen.<\/p>\n","protected":false},"featured_media":4208,"template":"","meta":[],"product_cat":[26675],"product_tag":[7870,7856,7842,7884,7772],"class_list":{"0":"post-11297","1":"product","2":"type-product","3":"status-publish","4":"has-post-thumbnail","6":"product_cat-zaeune-und-tore","7":"product_tag-doppel-blatt-tordesign","8":"product_tag-gewerbliches-metalltor","9":"product_tag-lochblechtor","10":"product_tag-ral-9005-schwarzes-tor","11":"product_tag-stahlsicherheitstor","13":"first","14":"instock","15":"shipping-taxable","16":"product-type-simple"},"yoast_head":"<!-- This site is optimized with the Yoast SEO plugin v23.1 - https:\/\/yoast.com\/wordpress\/plugins\/seo\/ -->\n<title>Doppel-Fl\u00fcgel-Lochblechtor - ABR Home - Metallic constructions since 2010<\/title>\n<meta name=\"robots\" content=\"index, follow, max-snippet:-1, max-image-preview:large, max-video-preview:-1\" \/>\n<link rel=\"canonical\" href=\"https:\/\/abrhome.eu\/produkt\/double-leaf-perforated-metal-gate\/\" \/>\n<meta property=\"og:locale\" content=\"de_DE\" \/>\n<meta property=\"og:type\" content=\"article\" \/>\n<meta property=\"og:title\" content=\"Doppel-Fl\u00fcgel-Lochblechtor - ABR Home - Metallic constructions since 2010\" \/>\n<meta property=\"og:description\" content=\"Entdecken Sie das robuste Doppel-Fl\u00fcgel-Lochblechtor, gefertigt aus hochwertigem Stahl und mit einem modernen Lochdesign sowie einer matten RAL 9005 schwarzen Oberfl\u00e4che. Perfekt, um Sicherheit und \u00e4sthetische Anziehungskraft verschiedener Objekte zu erh\u00f6hen.\" \/>\n<meta property=\"og:url\" content=\"https:\/\/abrhome.eu\/produkt\/double-leaf-perforated-metal-gate\/\" \/>\n<meta property=\"og:site_name\" content=\"ABR Home - Metallic constructions since 2010\" \/>\n<meta property=\"article:modified_time\" content=\"2024-06-04T19:16:59+00:00\" \/>\n<meta property=\"og:image\" content=\"https:\/\/abrhome.eu\/wp-content\/uploads\/2024\/06\/IMG-20220226-WA0000.jpg\" \/>\n\t<meta property=\"og:image:width\" content=\"1600\" \/>\n\t<meta property=\"og:image:height\" content=\"1200\" \/>\n\t<meta property=\"og:image:type\" content=\"image\/jpeg\" \/>\n<meta name=\"twitter:card\" content=\"summary_large_image\" \/>\n<meta name=\"twitter:label1\" content=\"Gesch\u00e4tzte Lesezeit\" \/>\n\t<meta name=\"twitter:data1\" content=\"1\u00a0Minute\" \/>\n<script type=\"application\/ld+json\" class=\"yoast-schema-graph\">{\"@context\":\"https:\/\/schema.org\",\"@graph\":[{\"@type\":\"WebPage\",\"@id\":\"https:\/\/abrhome.eu\/produkt\/double-leaf-perforated-metal-gate\/\",\"url\":\"https:\/\/abrhome.eu\/produkt\/double-leaf-perforated-metal-gate\/\",\"name\":\"Doppel-Fl\u00fcgel-Lochblechtor - ABR Home - Metallic constructions since 2010\",\"isPartOf\":{\"@id\":\"https:\/\/abrhome.eu\/#website\"},\"primaryImageOfPage\":{\"@id\":\"https:\/\/abrhome.eu\/produkt\/double-leaf-perforated-metal-gate\/#primaryimage\"},\"image\":{\"@id\":\"https:\/\/abrhome.eu\/produkt\/double-leaf-perforated-metal-gate\/#primaryimage\"},\"thumbnailUrl\":\"https:\/\/abrhome.eu\/wp-content\/uploads\/2024\/06\/IMG-20220226-WA0000.jpg\",\"datePublished\":\"2024-06-04T15:15:09+00:00\",\"dateModified\":\"2024-06-04T19:16:59+00:00\",\"breadcrumb\":{\"@id\":\"https:\/\/abrhome.eu\/produkt\/double-leaf-perforated-metal-gate\/#breadcrumb\"},\"inLanguage\":\"de\",\"potentialAction\":[{\"@type\":\"ReadAction\",\"target\":[\"https:\/\/abrhome.eu\/produkt\/double-leaf-perforated-metal-gate\/\"]}]},{\"@type\":\"ImageObject\",\"inLanguage\":\"de\",\"@id\":\"https:\/\/abrhome.eu\/produkt\/double-leaf-perforated-metal-gate\/#primaryimage\",\"url\":\"https:\/\/abrhome.eu\/wp-content\/uploads\/2024\/06\/IMG-20220226-WA0000.jpg\",\"contentUrl\":\"https:\/\/abrhome.eu\/wp-content\/uploads\/2024\/06\/IMG-20220226-WA0000.jpg\",\"width\":1600,\"height\":1200,\"caption\":\"Kaksilehtinen Reik\u00e4metalliportti\"},{\"@type\":\"BreadcrumbList\",\"@id\":\"https:\/\/abrhome.eu\/produkt\/double-leaf-perforated-metal-gate\/#breadcrumb\",\"itemListElement\":[{\"@type\":\"ListItem\",\"position\":1,\"name\":\"Home\",\"item\":\"https:\/\/abrhome.eu\/de\/\"},{\"@type\":\"ListItem\",\"position\":2,\"name\":\"Produkte\",\"item\":\"https:\/\/abrhome.eu\/products\/\"},{\"@type\":\"ListItem\",\"position\":3,\"name\":\"Doppel-Fl\u00fcgel-Lochblechtor\"}]},{\"@type\":\"WebSite\",\"@id\":\"https:\/\/abrhome.eu\/#website\",\"url\":\"https:\/\/abrhome.eu\/\",\"name\":\"ABR Home - Metallic constructions since 2010\",\"description\":\"\",\"publisher\":{\"@id\":\"https:\/\/abrhome.eu\/#organization\"},\"potentialAction\":[{\"@type\":\"SearchAction\",\"target\":{\"@type\":\"EntryPoint\",\"urlTemplate\":\"https:\/\/abrhome.eu\/?s={search_term_string}\"},\"query-input\":\"required name=search_term_string\"}],\"inLanguage\":\"de\"},{\"@type\":\"Organization\",\"@id\":\"https:\/\/abrhome.eu\/#organization\",\"name\":\"ABR Home - Metallic constructions since 2010\",\"url\":\"https:\/\/abrhome.eu\/\",\"logo\":{\"@type\":\"ImageObject\",\"inLanguage\":\"de\",\"@id\":\"https:\/\/abrhome.eu\/#\/schema\/logo\/image\/\",\"url\":\"https:\/\/abrhome.eu\/wp-content\/uploads\/2023\/12\/logo-10.png\",\"contentUrl\":\"https:\/\/abrhome.eu\/wp-content\/uploads\/2023\/12\/logo-10.png\",\"width\":300,\"height\":139,\"caption\":\"ABR Home - Metallic constructions since 2010\"},\"image\":{\"@id\":\"https:\/\/abrhome.eu\/#\/schema\/logo\/image\/\"}}]}<\/script>\n<!-- \/ Yoast SEO plugin. -->","yoast_head_json":{"title":"Doppel-Fl\u00fcgel-Lochblechtor - ABR Home - Metallic constructions since 2010","robots":{"index":"index","follow":"follow","max-snippet":"max-snippet:-1","max-image-preview":"max-image-preview:large","max-video-preview":"max-video-preview:-1"},"canonical":"https:\/\/abrhome.eu\/produkt\/double-leaf-perforated-metal-gate\/","og_locale":"de_DE","og_type":"article","og_title":"Doppel-Fl\u00fcgel-Lochblechtor - ABR Home - Metallic constructions since 2010","og_description":"Entdecken Sie das robuste Doppel-Fl\u00fcgel-Lochblechtor, gefertigt aus hochwertigem Stahl und mit einem modernen Lochdesign sowie einer matten RAL 9005 schwarzen Oberfl\u00e4che. Perfekt, um Sicherheit und \u00e4sthetische Anziehungskraft verschiedener Objekte zu erh\u00f6hen.","og_url":"https:\/\/abrhome.eu\/produkt\/double-leaf-perforated-metal-gate\/","og_site_name":"ABR Home - Metallic constructions since 2010","article_modified_time":"2024-06-04T19:16:59+00:00","og_image":[{"width":1600,"height":1200,"url":"https:\/\/abrhome.eu\/wp-content\/uploads\/2024\/06\/IMG-20220226-WA0000.jpg","type":"image\/jpeg"}],"twitter_card":"summary_large_image","twitter_misc":{"Gesch\u00e4tzte Lesezeit":"1\u00a0Minute"},"schema":{"@context":"https:\/\/schema.org","@graph":[{"@type":"WebPage","@id":"https:\/\/abrhome.eu\/produkt\/double-leaf-perforated-metal-gate\/","url":"https:\/\/abrhome.eu\/produkt\/double-leaf-perforated-metal-gate\/","name":"Doppel-Fl\u00fcgel-Lochblechtor - ABR Home - Metallic constructions since 2010","isPartOf":{"@id":"https:\/\/abrhome.eu\/#website"},"primaryImageOfPage":{"@id":"https:\/\/abrhome.eu\/produkt\/double-leaf-perforated-metal-gate\/#primaryimage"},"image":{"@id":"https:\/\/abrhome.eu\/produkt\/double-leaf-perforated-metal-gate\/#primaryimage"},"thumbnailUrl":"https:\/\/abrhome.eu\/wp-content\/uploads\/2024\/06\/IMG-20220226-WA0000.jpg","datePublished":"2024-06-04T15:15:09+00:00","dateModified":"2024-06-04T19:16:59+00:00","breadcrumb":{"@id":"https:\/\/abrhome.eu\/produkt\/double-leaf-perforated-metal-gate\/#breadcrumb"},"inLanguage":"de","potentialAction":[{"@type":"ReadAction","target":["https:\/\/abrhome.eu\/produkt\/double-leaf-perforated-metal-gate\/"]}]},{"@type":"ImageObject","inLanguage":"de","@id":"https:\/\/abrhome.eu\/produkt\/double-leaf-perforated-metal-gate\/#primaryimage","url":"https:\/\/abrhome.eu\/wp-content\/uploads\/2024\/06\/IMG-20220226-WA0000.jpg","contentUrl":"https:\/\/abrhome.eu\/wp-content\/uploads\/2024\/06\/IMG-20220226-WA0000.jpg","width":1600,"height":1200,"caption":"Kaksilehtinen Reik\u00e4metalliportti"},{"@type":"BreadcrumbList","@id":"https:\/\/abrhome.eu\/produkt\/double-leaf-perforated-metal-gate\/#breadcrumb","itemListElement":[{"@type":"ListItem","position":1,"name":"Home","item":"https:\/\/abrhome.eu\/de\/"},{"@type":"ListItem","position":2,"name":"Produkte","item":"https:\/\/abrhome.eu\/products\/"},{"@type":"ListItem","position":3,"name":"Doppel-Fl\u00fcgel-Lochblechtor"}]},{"@type":"WebSite","@id":"https:\/\/abrhome.eu\/#website","url":"https:\/\/abrhome.eu\/","name":"ABR Home - Metallic constructions since 2010","description":"","publisher":{"@id":"https:\/\/abrhome.eu\/#organization"},"potentialAction":[{"@type":"SearchAction","target":{"@type":"EntryPoint","urlTemplate":"https:\/\/abrhome.eu\/?s={search_term_string}"},"query-input":"required name=search_term_string"}],"inLanguage":"de"},{"@type":"Organization","@id":"https:\/\/abrhome.eu\/#organization","name":"ABR Home - Metallic constructions since 2010","url":"https:\/\/abrhome.eu\/","logo":{"@type":"ImageObject","inLanguage":"de","@id":"https:\/\/abrhome.eu\/#\/schema\/logo\/image\/","url":"https:\/\/abrhome.eu\/wp-content\/uploads\/2023\/12\/logo-10.png","contentUrl":"https:\/\/abrhome.eu\/wp-content\/uploads\/2023\/12\/logo-10.png","width":300,"height":139,"caption":"ABR Home - Metallic constructions since 2010"},"image":{"@id":"https:\/\/abrhome.eu\/#\/schema\/logo\/image\/"}}]}},"_links":{"self":[{"href":"https:\/\/abrhome.eu\/de\/wp-json\/wp\/v2\/product\/11297","targetHints":{"allow":["GET"]}}],"collection":[{"href":"https:\/\/abrhome.eu\/de\/wp-json\/wp\/v2\/product"}],"about":[{"href":"https:\/\/abrhome.eu\/de\/wp-json\/wp\/v2\/types\/product"}],"version-history":[{"count":0,"href":"https:\/\/abrhome.eu\/de\/wp-json\/wp\/v2\/product\/11297\/revisions"}],"wp:featuredmedia":[{"embeddable":true,"href":"https:\/\/abrhome.eu\/de\/wp-json\/wp\/v2\/media\/4208"}],"wp:attachment":[{"href":"https:\/\/abrhome.eu\/de\/wp-json\/wp\/v2\/media?parent=11297"}],"wp:term":[{"taxonomy":"product_cat","embeddable":true,"href":"https:\/\/abrhome.eu\/de\/wp-json\/wp\/v2\/product_cat?post=11297"},{"taxonomy":"product_tag","embeddable":true,"href":"https:\/\/abrhome.eu\/de\/wp-json\/wp\/v2\/product_tag?post=11297"}],"curies":[{"name":"wp","href":"https:\/\/api.w.org\/{rel}","templated":true}]}}