{"id":12102,"date":"2024-06-04T17:21:22","date_gmt":"2024-06-04T15:21:22","guid":{"rendered":"https:\/\/abrhome.eu\/product\/cercha-de-acero-industrial-para-construccion\/"},"modified":"2024-06-04T21:53:20","modified_gmt":"2024-06-04T19:53:20","slug":"cercha-de-acero-industrial-para-construccion","status":"publish","type":"product","link":"https:\/\/abrhome.eu\/es\/producto\/cercha-de-acero-industrial-para-construccion\/","title":{"rendered":"Cercha de Acero Industrial para Construcci\u00f3n"},"content":{"rendered":"<p>Nuestra <b> Estructura de Cercha de Acero Industrial<\/b> es una soluci\u00f3n robusta y altamente confiable dise\u00f1ada para cumplir con las demandas de la arquitectura moderna y los requisitos de ingenier\u00eda. Fabricada utilizando tecnolog\u00eda avanzada, esta cercha se elabora a trav\u00e9s de un ingenier\u00eda de precisi\u00f3n que incluye dise\u00f1o CAD seguido por el corte meticuloso y el ensamblado de vigas de acero. Las cerchas se someten a procesos de torneado y fresado para lograr dimensiones precisas antes de ser soldadas juntas para garantizar la m\u00e1xima fuerza y estabilidad.<\/p>\n<p>Para incrementar a\u00fan m\u00e1s su durabilidad y resistencia a la corrosi\u00f3n, ofrecemos la opci\u00f3n de galvanizado o recubrimiento en polvo, t\u00edpicamente en Gris Ventana RAL 7040 para un acabado elegante. Ideales para diversas aplicaciones como edificios, puentes y grandes sistemas de techado, nuestras <b>cerchas de acero<\/b> ofrecen un soporte superior <b>y estabilidad<\/b>, asegurando seguridad y longevidad. Las caracter\u00edsticas clave incluyen ser un <b>componente estructural de acero<\/b>, <b>cercha de acero galvanizado<\/b> y <b>soporte duradero de techos de acero<\/b>.<\/p>\n<p> <div class=\"p2410-product-tags\" style=\"margin:1rem 0\">\r\n\t\t<div style=\"font-weight:600\">Etiquetas<\/div>\r\n\t\t<div><a href=\"https:\/\/abrhome.eu\/es\/etiqueta-producto\/cercha-de-acero-galvanizado\/\" class=\"product-tag\">cercha de acero galvanizado<\/a>, <a href=\"https:\/\/abrhome.eu\/es\/etiqueta-producto\/cercha-de-acero-industrial\/\" class=\"product-tag\">cercha de acero industrial<\/a>, <a href=\"https:\/\/abrhome.eu\/es\/etiqueta-producto\/cercha-de-alta-resistencia\/\" class=\"product-tag\">cercha de alta resistencia<\/a>, <a href=\"https:\/\/abrhome.eu\/es\/etiqueta-producto\/componente-estructural-de-acero\/\" class=\"product-tag\">componente estructural de acero<\/a>, <a href=\"https:\/\/abrhome.eu\/es\/etiqueta-producto\/soporte-de-techos-de-acero\/\" class=\"product-tag\">soporte de techos de acero<\/a><\/div>\r\n\t<\/div> <div class=\"p2410-product-colors\" style=\"margin:1rem 0\">\r\n\t\t<div style=\"font-weight:600\">Color<\/div>\r\n\t\t<div><span>RAL 1023 Amarillo tr\u00e1fico (Amarillo)<\/span>, <span>RAL 1036 Oro perlado (Oro)<\/span>, <span>RAL 2004 Naranja puro (Naranja)<\/span>, <span>RAL 3000 Rojo llama (Rojo)<\/span>, <span>RAL 3020 Rojo tr\u00e1fico (Rojo)<\/span>, <span>RAL 4005 Lila azulada (Violeta)<\/span>, <span>RAL 5005 Azul se\u00f1al (Azul)<\/span>, <span>RAL 5010 Azul genciana (Azul)<\/span>, <span>RAL 6005 Verde musgo (Verde)<\/span>, <span>RAL 7012 Gris basalto (Gris)<\/span>, <span>RAL 7015 Gris pizarra (Gris)<\/span>, <span>RAL 7016 Gris antracita (Gris)<\/span>, <span>RAL 7021 Gris negro (Negro)<\/span>, <span>RAL 7024 Gris grafito (Gris)<\/span>, <span>RAL 7032 Gris guijarro (Gris)<\/span>, <span>RAL 7035 Gris claro (Gris)<\/span>, <span>RAL 7040 Gris ventana (Gris)<\/span>, <span>RAL 7042 Gris tr\u00e1fico A (Gris)<\/span>, <span>RAL 8017 Marr\u00f3n chocolate (Marr\u00f3n)<\/span>, <span>RAL 9005 Negro azabache (Negro)<\/span>, <span>RAL 9006 Aluminio blanco (Plata)<\/span>, <span>RAL 9007 Aluminio gris (Plata)<\/span>, <span>RAL 9010 Blanco puro (Blanco)<\/span>, <span>RAL 9016 Blanco tr\u00e1fico (Blanco)<\/span><\/div>\r\n\t<\/div><\/p>\n","protected":false},"excerpt":{"rendered":"<p>Descubre la robusta <b>Cercha de Acero Industrial para Construcci\u00f3n<\/b>, dise\u00f1ada para las demandas de la ingenier\u00eda moderna. Cuenta con ingenier\u00eda de precisi\u00f3n, opciones de galvanizaci\u00f3n o recubrimiento en polvo, y asegura un soporte superior <b>y estabilidad<\/b>.<\/p>\n","protected":false},"featured_media":6833,"template":"","meta":[],"product_cat":[26929],"product_tag":[17691,17663,17719,17677,17705],"class_list":{"0":"post-12102","1":"product","2":"type-product","3":"status-publish","4":"has-post-thumbnail","6":"product_cat-modulo-de-articulos-especializados","7":"product_tag-cercha-de-acero-galvanizado","8":"product_tag-cercha-de-acero-industrial","9":"product_tag-cercha-de-alta-resistencia","10":"product_tag-componente-estructural-de-acero","11":"product_tag-soporte-de-techos-de-acero","13":"first","14":"instock","15":"shipping-taxable","16":"product-type-simple"},"yoast_head":"<!-- This site is optimized with the Yoast SEO plugin v23.1 - https:\/\/yoast.com\/wordpress\/plugins\/seo\/ -->\n<title>Cercha de Acero Industrial para Construcci\u00f3n - ABR Home - Metallic constructions since 2010<\/title>\n<meta name=\"robots\" content=\"index, follow, max-snippet:-1, max-image-preview:large, max-video-preview:-1\" \/>\n<link rel=\"canonical\" href=\"https:\/\/abrhome.eu\/producto\/industrial-steel-truss-for-construction\/\" \/>\n<meta property=\"og:locale\" content=\"es_ES\" \/>\n<meta property=\"og:type\" content=\"article\" \/>\n<meta property=\"og:title\" content=\"Cercha de Acero Industrial para Construcci\u00f3n - ABR Home - Metallic constructions since 2010\" \/>\n<meta property=\"og:description\" content=\"Descubre la robusta Cercha de Acero Industrial para Construcci\u00f3n, dise\u00f1ada para las demandas de la ingenier\u00eda moderna. Cuenta con ingenier\u00eda de precisi\u00f3n, opciones de galvanizaci\u00f3n o recubrimiento en polvo, y asegura un soporte superior y estabilidad.\" \/>\n<meta property=\"og:url\" content=\"https:\/\/abrhome.eu\/producto\/industrial-steel-truss-for-construction\/\" \/>\n<meta property=\"og:site_name\" content=\"ABR Home - Metallic constructions since 2010\" \/>\n<meta property=\"article:modified_time\" content=\"2024-06-04T19:53:20+00:00\" \/>\n<meta property=\"og:image\" content=\"https:\/\/abrhome.eu\/wp-content\/uploads\/2024\/06\/20230919_151333_HDR-scaled.jpg\" \/>\n\t<meta property=\"og:image:width\" content=\"2560\" \/>\n\t<meta property=\"og:image:height\" content=\"1920\" \/>\n\t<meta property=\"og:image:type\" content=\"image\/jpeg\" \/>\n<meta name=\"twitter:card\" content=\"summary_large_image\" \/>\n<meta name=\"twitter:label1\" content=\"Tiempo de lectura\" \/>\n\t<meta name=\"twitter:data1\" content=\"1 minuto\" \/>\n<script type=\"application\/ld+json\" class=\"yoast-schema-graph\">{\"@context\":\"https:\/\/schema.org\",\"@graph\":[{\"@type\":\"WebPage\",\"@id\":\"https:\/\/abrhome.eu\/producto\/industrial-steel-truss-for-construction\/\",\"url\":\"https:\/\/abrhome.eu\/producto\/industrial-steel-truss-for-construction\/\",\"name\":\"Cercha de Acero Industrial para Construcci\u00f3n - ABR Home - Metallic constructions since 2010\",\"isPartOf\":{\"@id\":\"https:\/\/abrhome.eu\/#website\"},\"primaryImageOfPage\":{\"@id\":\"https:\/\/abrhome.eu\/producto\/industrial-steel-truss-for-construction\/#primaryimage\"},\"image\":{\"@id\":\"https:\/\/abrhome.eu\/producto\/industrial-steel-truss-for-construction\/#primaryimage\"},\"thumbnailUrl\":\"https:\/\/abrhome.eu\/wp-content\/uploads\/2024\/06\/20230919_151333_HDR-scaled.jpg\",\"datePublished\":\"2024-06-04T15:21:22+00:00\",\"dateModified\":\"2024-06-04T19:53:20+00:00\",\"breadcrumb\":{\"@id\":\"https:\/\/abrhome.eu\/producto\/industrial-steel-truss-for-construction\/#breadcrumb\"},\"inLanguage\":\"es\",\"potentialAction\":[{\"@type\":\"ReadAction\",\"target\":[\"https:\/\/abrhome.eu\/producto\/industrial-steel-truss-for-construction\/\"]}]},{\"@type\":\"ImageObject\",\"inLanguage\":\"es\",\"@id\":\"https:\/\/abrhome.eu\/producto\/industrial-steel-truss-for-construction\/#primaryimage\",\"url\":\"https:\/\/abrhome.eu\/wp-content\/uploads\/2024\/06\/20230919_151333_HDR-scaled.jpg\",\"contentUrl\":\"https:\/\/abrhome.eu\/wp-content\/uploads\/2024\/06\/20230919_151333_HDR-scaled.jpg\",\"width\":2560,\"height\":1920,\"caption\":\"Teollinen ter\u00e4spalkkiristikko rakentamiseen\"},{\"@type\":\"BreadcrumbList\",\"@id\":\"https:\/\/abrhome.eu\/producto\/industrial-steel-truss-for-construction\/#breadcrumb\",\"itemListElement\":[{\"@type\":\"ListItem\",\"position\":1,\"name\":\"Home\",\"item\":\"https:\/\/abrhome.eu\/es\/\"},{\"@type\":\"ListItem\",\"position\":2,\"name\":\"Productos\",\"item\":\"https:\/\/abrhome.eu\/products\/\"},{\"@type\":\"ListItem\",\"position\":3,\"name\":\"Cercha de Acero Industrial para Construcci\u00f3n\"}]},{\"@type\":\"WebSite\",\"@id\":\"https:\/\/abrhome.eu\/#website\",\"url\":\"https:\/\/abrhome.eu\/\",\"name\":\"ABR Home - Metallic constructions since 2010\",\"description\":\"\",\"publisher\":{\"@id\":\"https:\/\/abrhome.eu\/#organization\"},\"potentialAction\":[{\"@type\":\"SearchAction\",\"target\":{\"@type\":\"EntryPoint\",\"urlTemplate\":\"https:\/\/abrhome.eu\/?s={search_term_string}\"},\"query-input\":\"required name=search_term_string\"}],\"inLanguage\":\"es\"},{\"@type\":\"Organization\",\"@id\":\"https:\/\/abrhome.eu\/#organization\",\"name\":\"ABR Home - Metallic constructions since 2010\",\"url\":\"https:\/\/abrhome.eu\/\",\"logo\":{\"@type\":\"ImageObject\",\"inLanguage\":\"es\",\"@id\":\"https:\/\/abrhome.eu\/#\/schema\/logo\/image\/\",\"url\":\"https:\/\/abrhome.eu\/wp-content\/uploads\/2023\/12\/logo-10.png\",\"contentUrl\":\"https:\/\/abrhome.eu\/wp-content\/uploads\/2023\/12\/logo-10.png\",\"width\":300,\"height\":139,\"caption\":\"ABR Home - Metallic constructions since 2010\"},\"image\":{\"@id\":\"https:\/\/abrhome.eu\/#\/schema\/logo\/image\/\"}}]}<\/script>\n<!-- \/ Yoast SEO plugin. -->","yoast_head_json":{"title":"Cercha de Acero Industrial para Construcci\u00f3n - ABR Home - Metallic constructions since 2010","robots":{"index":"index","follow":"follow","max-snippet":"max-snippet:-1","max-image-preview":"max-image-preview:large","max-video-preview":"max-video-preview:-1"},"canonical":"https:\/\/abrhome.eu\/producto\/industrial-steel-truss-for-construction\/","og_locale":"es_ES","og_type":"article","og_title":"Cercha de Acero Industrial para Construcci\u00f3n - ABR Home - Metallic constructions since 2010","og_description":"Descubre la robusta Cercha de Acero Industrial para Construcci\u00f3n, dise\u00f1ada para las demandas de la ingenier\u00eda moderna. Cuenta con ingenier\u00eda de precisi\u00f3n, opciones de galvanizaci\u00f3n o recubrimiento en polvo, y asegura un soporte superior y estabilidad.","og_url":"https:\/\/abrhome.eu\/producto\/industrial-steel-truss-for-construction\/","og_site_name":"ABR Home - Metallic constructions since 2010","article_modified_time":"2024-06-04T19:53:20+00:00","og_image":[{"width":2560,"height":1920,"url":"https:\/\/abrhome.eu\/wp-content\/uploads\/2024\/06\/20230919_151333_HDR-scaled.jpg","type":"image\/jpeg"}],"twitter_card":"summary_large_image","twitter_misc":{"Tiempo de lectura":"1 minuto"},"schema":{"@context":"https:\/\/schema.org","@graph":[{"@type":"WebPage","@id":"https:\/\/abrhome.eu\/producto\/industrial-steel-truss-for-construction\/","url":"https:\/\/abrhome.eu\/producto\/industrial-steel-truss-for-construction\/","name":"Cercha de Acero Industrial para Construcci\u00f3n - ABR Home - Metallic constructions since 2010","isPartOf":{"@id":"https:\/\/abrhome.eu\/#website"},"primaryImageOfPage":{"@id":"https:\/\/abrhome.eu\/producto\/industrial-steel-truss-for-construction\/#primaryimage"},"image":{"@id":"https:\/\/abrhome.eu\/producto\/industrial-steel-truss-for-construction\/#primaryimage"},"thumbnailUrl":"https:\/\/abrhome.eu\/wp-content\/uploads\/2024\/06\/20230919_151333_HDR-scaled.jpg","datePublished":"2024-06-04T15:21:22+00:00","dateModified":"2024-06-04T19:53:20+00:00","breadcrumb":{"@id":"https:\/\/abrhome.eu\/producto\/industrial-steel-truss-for-construction\/#breadcrumb"},"inLanguage":"es","potentialAction":[{"@type":"ReadAction","target":["https:\/\/abrhome.eu\/producto\/industrial-steel-truss-for-construction\/"]}]},{"@type":"ImageObject","inLanguage":"es","@id":"https:\/\/abrhome.eu\/producto\/industrial-steel-truss-for-construction\/#primaryimage","url":"https:\/\/abrhome.eu\/wp-content\/uploads\/2024\/06\/20230919_151333_HDR-scaled.jpg","contentUrl":"https:\/\/abrhome.eu\/wp-content\/uploads\/2024\/06\/20230919_151333_HDR-scaled.jpg","width":2560,"height":1920,"caption":"Teollinen ter\u00e4spalkkiristikko rakentamiseen"},{"@type":"BreadcrumbList","@id":"https:\/\/abrhome.eu\/producto\/industrial-steel-truss-for-construction\/#breadcrumb","itemListElement":[{"@type":"ListItem","position":1,"name":"Home","item":"https:\/\/abrhome.eu\/es\/"},{"@type":"ListItem","position":2,"name":"Productos","item":"https:\/\/abrhome.eu\/products\/"},{"@type":"ListItem","position":3,"name":"Cercha de Acero Industrial para Construcci\u00f3n"}]},{"@type":"WebSite","@id":"https:\/\/abrhome.eu\/#website","url":"https:\/\/abrhome.eu\/","name":"ABR Home - Metallic constructions since 2010","description":"","publisher":{"@id":"https:\/\/abrhome.eu\/#organization"},"potentialAction":[{"@type":"SearchAction","target":{"@type":"EntryPoint","urlTemplate":"https:\/\/abrhome.eu\/?s={search_term_string}"},"query-input":"required name=search_term_string"}],"inLanguage":"es"},{"@type":"Organization","@id":"https:\/\/abrhome.eu\/#organization","name":"ABR Home - Metallic constructions since 2010","url":"https:\/\/abrhome.eu\/","logo":{"@type":"ImageObject","inLanguage":"es","@id":"https:\/\/abrhome.eu\/#\/schema\/logo\/image\/","url":"https:\/\/abrhome.eu\/wp-content\/uploads\/2023\/12\/logo-10.png","contentUrl":"https:\/\/abrhome.eu\/wp-content\/uploads\/2023\/12\/logo-10.png","width":300,"height":139,"caption":"ABR Home - Metallic constructions since 2010"},"image":{"@id":"https:\/\/abrhome.eu\/#\/schema\/logo\/image\/"}}]}},"_links":{"self":[{"href":"https:\/\/abrhome.eu\/es\/wp-json\/wp\/v2\/product\/12102","targetHints":{"allow":["GET"]}}],"collection":[{"href":"https:\/\/abrhome.eu\/es\/wp-json\/wp\/v2\/product"}],"about":[{"href":"https:\/\/abrhome.eu\/es\/wp-json\/wp\/v2\/types\/product"}],"version-history":[{"count":0,"href":"https:\/\/abrhome.eu\/es\/wp-json\/wp\/v2\/product\/12102\/revisions"}],"wp:featuredmedia":[{"embeddable":true,"href":"https:\/\/abrhome.eu\/es\/wp-json\/wp\/v2\/media\/6833"}],"wp:attachment":[{"href":"https:\/\/abrhome.eu\/es\/wp-json\/wp\/v2\/media?parent=12102"}],"wp:term":[{"taxonomy":"product_cat","embeddable":true,"href":"https:\/\/abrhome.eu\/es\/wp-json\/wp\/v2\/product_cat?post=12102"},{"taxonomy":"product_tag","embeddable":true,"href":"https:\/\/abrhome.eu\/es\/wp-json\/wp\/v2\/product_tag?post=12102"}],"curies":[{"name":"wp","href":"https:\/\/api.w.org\/{rel}","templated":true}]}}