{"id":13041,"date":"2024-06-04T17:15:07","date_gmt":"2024-06-04T15:15:07","guid":{"rendered":"https:\/\/abrhome.eu\/product\/puerta-de-seguridad-de-acero-con-barras-verticales\/"},"modified":"2024-06-04T22:37:02","modified_gmt":"2024-06-04T20:37:02","slug":"puerta-de-seguridad-de-acero-con-barras-verticales","status":"publish","type":"product","link":"https:\/\/abrhome.eu\/es\/producto\/puerta-de-seguridad-de-acero-con-barras-verticales\/","title":{"rendered":"Puerta de Seguridad de Acero con Barras Verticales"},"content":{"rendered":"<p><b>Mejore la seguridad<\/b> de su propiedad con nuestra robusta <b>Puerta de Seguridad de Acero con Barras Verticales<\/b>. Esta puerta est\u00e1 meticulosamente dise\u00f1ada y construida para m\u00e1xima durabilidad y fiabilidad. Fabricada con acero de alta calidad, cuenta con resistentes barras verticales y barras de soporte horizontales, junto con un mecanismo de bloqueo confiable y un asa para f\u00e1cil acceso.<\/p>\n<p>Cada puerta es meticulosamente soldada para aumentar la fuerza y estabilidad, asegurando un ajuste seguro. Para proteger contra la corrosi\u00f3n y mantener su atractivo est\u00e9tico, la puerta est\u00e1 terminada con un recubrimiento en polvo en negro mate, que se asemeja mucho a RAL 9005 (Negro Jet).<\/p>\n<p>Ideal para proporcionar acceso controlado y mayor seguridad tanto en propiedades residenciales como comerciales, este producto combina eficazmente funcionalidad con estilo. Disponible en varios tama\u00f1os para adaptarse a diferentes entradas, la puerta est\u00e1 equipada con bisagras de aleaci\u00f3n met\u00e1lica y cerraduras met\u00e1licas para una durabilidad prolongada y facilidad de uso.<\/p>\n<p> <div class=\"p2410-product-tags\" style=\"margin:1rem 0\">\r\n\t\t<div style=\"font-weight:600\">Etiquetas<\/div>\r\n\t\t<div><a href=\"https:\/\/abrhome.eu\/es\/etiqueta-producto\/puerta-con-barras-verticales\/\" class=\"product-tag\">puerta con barras verticales<\/a>, <a href=\"https:\/\/abrhome.eu\/es\/etiqueta-producto\/puerta-de-acero-residencial\/\" class=\"product-tag\">puerta de acero residencial<\/a>, <a href=\"https:\/\/abrhome.eu\/es\/etiqueta-producto\/puerta-de-seguridad-con-recubrimiento-en-polvo\/\" class=\"product-tag\">puerta de seguridad con recubrimiento en polvo<\/a>, <a href=\"https:\/\/abrhome.eu\/es\/etiqueta-producto\/puerta-de-seguridad-de-acero\/\" class=\"product-tag\">puerta de seguridad de acero<\/a>, <a href=\"https:\/\/abrhome.eu\/es\/etiqueta-producto\/puerta-de-seguridad-metalica\/\" class=\"product-tag\">puerta de seguridad met\u00e1lica<\/a><\/div>\r\n\t<\/div> <div class=\"p2410-product-colors\" style=\"margin:1rem 0\">\r\n\t\t<div style=\"font-weight:600\">Color<\/div>\r\n\t\t<div><span>RAL 1023 Amarillo tr\u00e1fico (Amarillo)<\/span>, <span>RAL 1036 Oro perlado (Oro)<\/span>, <span>RAL 2004 Naranja puro (Naranja)<\/span>, <span>RAL 3000 Rojo llama (Rojo)<\/span>, <span>RAL 3020 Rojo tr\u00e1fico (Rojo)<\/span>, <span>RAL 4005 Lila azulada (Violeta)<\/span>, <span>RAL 5005 Azul se\u00f1al (Azul)<\/span>, <span>RAL 5010 Azul genciana (Azul)<\/span>, <span>RAL 6005 Verde musgo (Verde)<\/span>, <span>RAL 7012 Gris basalto (Gris)<\/span>, <span>RAL 7015 Gris pizarra (Gris)<\/span>, <span>RAL 7016 Gris antracita (Gris)<\/span>, <span>RAL 7021 Gris negro (Negro)<\/span>, <span>RAL 7024 Gris grafito (Gris)<\/span>, <span>RAL 7032 Gris guijarro (Gris)<\/span>, <span>RAL 7035 Gris claro (Gris)<\/span>, <span>RAL 7040 Gris ventana (Gris)<\/span>, <span>RAL 7042 Gris tr\u00e1fico A (Gris)<\/span>, <span>RAL 8017 Marr\u00f3n chocolate (Marr\u00f3n)<\/span>, <span>RAL 9005 Negro azabache (Negro)<\/span>, <span>RAL 9006 Aluminio blanco (Plata)<\/span>, <span>RAL 9007 Aluminio gris (Plata)<\/span>, <span>RAL 9010 Blanco puro (Blanco)<\/span>, <span>RAL 9016 Blanco tr\u00e1fico (Blanco)<\/span><\/div>\r\n\t<\/div><\/p>\n","protected":false},"excerpt":{"rendered":"<p>Descubra nuestra <b>Puerta de Seguridad de Acero<\/b>, dise\u00f1ada para durabilidad con barras de soporte verticales y horizontales y un mecanismo de bloqueo confiable. Terminada con un recubrimiento en polvo negro mate para resistencia a la corrosi\u00f3n y estilo.<\/p>\n","protected":false},"featured_media":4163,"template":"","meta":[],"product_cat":[26677],"product_tag":[7788,7830,7802,7774,7816],"class_list":{"0":"post-13041","1":"product","2":"type-product","3":"status-publish","4":"has-post-thumbnail","6":"product_cat-barreras-y-portones-cercas-y-portones","7":"product_tag-puerta-con-barras-verticales","8":"product_tag-puerta-de-acero-residencial","9":"product_tag-puerta-de-seguridad-con-recubrimiento-en-polvo","10":"product_tag-puerta-de-seguridad-de-acero","11":"product_tag-puerta-de-seguridad-metalica","13":"first","14":"instock","15":"shipping-taxable","16":"product-type-simple"},"yoast_head":"<!-- This site is optimized with the Yoast SEO plugin v23.1 - https:\/\/yoast.com\/wordpress\/plugins\/seo\/ -->\n<title>Puerta de Seguridad de Acero con Barras Verticales - ABR Home - Metallic constructions since 2010<\/title>\n<meta name=\"robots\" content=\"index, follow, max-snippet:-1, max-image-preview:large, max-video-preview:-1\" \/>\n<link rel=\"canonical\" href=\"https:\/\/abrhome.eu\/es\/producto\/puerta-de-seguridad-de-acero-con-barras-verticales\/\" \/>\n<meta property=\"og:locale\" content=\"es_ES\" \/>\n<meta property=\"og:type\" content=\"article\" \/>\n<meta property=\"og:title\" content=\"Puerta de Seguridad de Acero con Barras Verticales - ABR Home - Metallic constructions since 2010\" \/>\n<meta property=\"og:description\" content=\"Descubra nuestra Puerta de Seguridad de Acero, dise\u00f1ada para durabilidad con barras de soporte verticales y horizontales y un mecanismo de bloqueo confiable. Terminada con un recubrimiento en polvo negro mate para resistencia a la corrosi\u00f3n y estilo.\" \/>\n<meta property=\"og:url\" content=\"https:\/\/abrhome.eu\/es\/producto\/puerta-de-seguridad-de-acero-con-barras-verticales\/\" \/>\n<meta property=\"og:site_name\" content=\"ABR Home - Metallic constructions since 2010\" \/>\n<meta property=\"article:modified_time\" content=\"2024-06-04T20:37:02+00:00\" \/>\n<meta property=\"og:image\" content=\"https:\/\/abrhome.eu\/wp-content\/uploads\/2024\/06\/IMG-20200615-WA0001.jpg\" \/>\n\t<meta property=\"og:image:width\" content=\"1200\" \/>\n\t<meta property=\"og:image:height\" content=\"1600\" \/>\n\t<meta property=\"og:image:type\" content=\"image\/jpeg\" \/>\n<meta name=\"twitter:card\" content=\"summary_large_image\" \/>\n<meta name=\"twitter:label1\" content=\"Tiempo de lectura\" \/>\n\t<meta name=\"twitter:data1\" content=\"1 minuto\" \/>\n<script type=\"application\/ld+json\" class=\"yoast-schema-graph\">{\"@context\":\"https:\/\/schema.org\",\"@graph\":[{\"@type\":\"WebPage\",\"@id\":\"https:\/\/abrhome.eu\/es\/producto\/puerta-de-seguridad-de-acero-con-barras-verticales\/\",\"url\":\"https:\/\/abrhome.eu\/es\/producto\/puerta-de-seguridad-de-acero-con-barras-verticales\/\",\"name\":\"Puerta de Seguridad de Acero con Barras Verticales - ABR Home - Metallic constructions since 2010\",\"isPartOf\":{\"@id\":\"https:\/\/abrhome.eu\/#website\"},\"primaryImageOfPage\":{\"@id\":\"https:\/\/abrhome.eu\/es\/producto\/puerta-de-seguridad-de-acero-con-barras-verticales\/#primaryimage\"},\"image\":{\"@id\":\"https:\/\/abrhome.eu\/es\/producto\/puerta-de-seguridad-de-acero-con-barras-verticales\/#primaryimage\"},\"thumbnailUrl\":\"https:\/\/abrhome.eu\/wp-content\/uploads\/2024\/06\/IMG-20200615-WA0001.jpg\",\"datePublished\":\"2024-06-04T15:15:07+00:00\",\"dateModified\":\"2024-06-04T20:37:02+00:00\",\"breadcrumb\":{\"@id\":\"https:\/\/abrhome.eu\/es\/producto\/puerta-de-seguridad-de-acero-con-barras-verticales\/#breadcrumb\"},\"inLanguage\":\"es\",\"potentialAction\":[{\"@type\":\"ReadAction\",\"target\":[\"https:\/\/abrhome.eu\/es\/producto\/puerta-de-seguridad-de-acero-con-barras-verticales\/\"]}]},{\"@type\":\"ImageObject\",\"inLanguage\":\"es\",\"@id\":\"https:\/\/abrhome.eu\/es\/producto\/puerta-de-seguridad-de-acero-con-barras-verticales\/#primaryimage\",\"url\":\"https:\/\/abrhome.eu\/wp-content\/uploads\/2024\/06\/IMG-20200615-WA0001.jpg\",\"contentUrl\":\"https:\/\/abrhome.eu\/wp-content\/uploads\/2024\/06\/IMG-20200615-WA0001.jpg\",\"width\":1200,\"height\":1600,\"caption\":\"Ter\u00e4sturvaportti pystysuorilla tangoilla\"},{\"@type\":\"BreadcrumbList\",\"@id\":\"https:\/\/abrhome.eu\/es\/producto\/puerta-de-seguridad-de-acero-con-barras-verticales\/#breadcrumb\",\"itemListElement\":[{\"@type\":\"ListItem\",\"position\":1,\"name\":\"Home\",\"item\":\"https:\/\/abrhome.eu\/es\/\"},{\"@type\":\"ListItem\",\"position\":2,\"name\":\"Productos\",\"item\":\"https:\/\/abrhome.eu\/products\/\"},{\"@type\":\"ListItem\",\"position\":3,\"name\":\"Puerta de Seguridad de Acero con Barras Verticales\"}]},{\"@type\":\"WebSite\",\"@id\":\"https:\/\/abrhome.eu\/#website\",\"url\":\"https:\/\/abrhome.eu\/\",\"name\":\"ABR Home - Metallic constructions since 2010\",\"description\":\"\",\"publisher\":{\"@id\":\"https:\/\/abrhome.eu\/#organization\"},\"potentialAction\":[{\"@type\":\"SearchAction\",\"target\":{\"@type\":\"EntryPoint\",\"urlTemplate\":\"https:\/\/abrhome.eu\/?s={search_term_string}\"},\"query-input\":\"required name=search_term_string\"}],\"inLanguage\":\"es\"},{\"@type\":\"Organization\",\"@id\":\"https:\/\/abrhome.eu\/#organization\",\"name\":\"ABR Home - Metallic constructions since 2010\",\"url\":\"https:\/\/abrhome.eu\/\",\"logo\":{\"@type\":\"ImageObject\",\"inLanguage\":\"es\",\"@id\":\"https:\/\/abrhome.eu\/#\/schema\/logo\/image\/\",\"url\":\"https:\/\/abrhome.eu\/wp-content\/uploads\/2023\/12\/logo-10.png\",\"contentUrl\":\"https:\/\/abrhome.eu\/wp-content\/uploads\/2023\/12\/logo-10.png\",\"width\":300,\"height\":139,\"caption\":\"ABR Home - Metallic constructions since 2010\"},\"image\":{\"@id\":\"https:\/\/abrhome.eu\/#\/schema\/logo\/image\/\"}}]}<\/script>\n<!-- \/ Yoast SEO plugin. -->","yoast_head_json":{"title":"Puerta de Seguridad de Acero con Barras Verticales - ABR Home - Metallic constructions since 2010","robots":{"index":"index","follow":"follow","max-snippet":"max-snippet:-1","max-image-preview":"max-image-preview:large","max-video-preview":"max-video-preview:-1"},"canonical":"https:\/\/abrhome.eu\/es\/producto\/puerta-de-seguridad-de-acero-con-barras-verticales\/","og_locale":"es_ES","og_type":"article","og_title":"Puerta de Seguridad de Acero con Barras Verticales - ABR Home - Metallic constructions since 2010","og_description":"Descubra nuestra Puerta de Seguridad de Acero, dise\u00f1ada para durabilidad con barras de soporte verticales y horizontales y un mecanismo de bloqueo confiable. Terminada con un recubrimiento en polvo negro mate para resistencia a la corrosi\u00f3n y estilo.","og_url":"https:\/\/abrhome.eu\/es\/producto\/puerta-de-seguridad-de-acero-con-barras-verticales\/","og_site_name":"ABR Home - Metallic constructions since 2010","article_modified_time":"2024-06-04T20:37:02+00:00","og_image":[{"width":1200,"height":1600,"url":"https:\/\/abrhome.eu\/wp-content\/uploads\/2024\/06\/IMG-20200615-WA0001.jpg","type":"image\/jpeg"}],"twitter_card":"summary_large_image","twitter_misc":{"Tiempo de lectura":"1 minuto"},"schema":{"@context":"https:\/\/schema.org","@graph":[{"@type":"WebPage","@id":"https:\/\/abrhome.eu\/es\/producto\/puerta-de-seguridad-de-acero-con-barras-verticales\/","url":"https:\/\/abrhome.eu\/es\/producto\/puerta-de-seguridad-de-acero-con-barras-verticales\/","name":"Puerta de Seguridad de Acero con Barras Verticales - ABR Home - Metallic constructions since 2010","isPartOf":{"@id":"https:\/\/abrhome.eu\/#website"},"primaryImageOfPage":{"@id":"https:\/\/abrhome.eu\/es\/producto\/puerta-de-seguridad-de-acero-con-barras-verticales\/#primaryimage"},"image":{"@id":"https:\/\/abrhome.eu\/es\/producto\/puerta-de-seguridad-de-acero-con-barras-verticales\/#primaryimage"},"thumbnailUrl":"https:\/\/abrhome.eu\/wp-content\/uploads\/2024\/06\/IMG-20200615-WA0001.jpg","datePublished":"2024-06-04T15:15:07+00:00","dateModified":"2024-06-04T20:37:02+00:00","breadcrumb":{"@id":"https:\/\/abrhome.eu\/es\/producto\/puerta-de-seguridad-de-acero-con-barras-verticales\/#breadcrumb"},"inLanguage":"es","potentialAction":[{"@type":"ReadAction","target":["https:\/\/abrhome.eu\/es\/producto\/puerta-de-seguridad-de-acero-con-barras-verticales\/"]}]},{"@type":"ImageObject","inLanguage":"es","@id":"https:\/\/abrhome.eu\/es\/producto\/puerta-de-seguridad-de-acero-con-barras-verticales\/#primaryimage","url":"https:\/\/abrhome.eu\/wp-content\/uploads\/2024\/06\/IMG-20200615-WA0001.jpg","contentUrl":"https:\/\/abrhome.eu\/wp-content\/uploads\/2024\/06\/IMG-20200615-WA0001.jpg","width":1200,"height":1600,"caption":"Ter\u00e4sturvaportti pystysuorilla tangoilla"},{"@type":"BreadcrumbList","@id":"https:\/\/abrhome.eu\/es\/producto\/puerta-de-seguridad-de-acero-con-barras-verticales\/#breadcrumb","itemListElement":[{"@type":"ListItem","position":1,"name":"Home","item":"https:\/\/abrhome.eu\/es\/"},{"@type":"ListItem","position":2,"name":"Productos","item":"https:\/\/abrhome.eu\/products\/"},{"@type":"ListItem","position":3,"name":"Puerta de Seguridad de Acero con Barras Verticales"}]},{"@type":"WebSite","@id":"https:\/\/abrhome.eu\/#website","url":"https:\/\/abrhome.eu\/","name":"ABR Home - Metallic constructions since 2010","description":"","publisher":{"@id":"https:\/\/abrhome.eu\/#organization"},"potentialAction":[{"@type":"SearchAction","target":{"@type":"EntryPoint","urlTemplate":"https:\/\/abrhome.eu\/?s={search_term_string}"},"query-input":"required name=search_term_string"}],"inLanguage":"es"},{"@type":"Organization","@id":"https:\/\/abrhome.eu\/#organization","name":"ABR Home - Metallic constructions since 2010","url":"https:\/\/abrhome.eu\/","logo":{"@type":"ImageObject","inLanguage":"es","@id":"https:\/\/abrhome.eu\/#\/schema\/logo\/image\/","url":"https:\/\/abrhome.eu\/wp-content\/uploads\/2023\/12\/logo-10.png","contentUrl":"https:\/\/abrhome.eu\/wp-content\/uploads\/2023\/12\/logo-10.png","width":300,"height":139,"caption":"ABR Home - Metallic constructions since 2010"},"image":{"@id":"https:\/\/abrhome.eu\/#\/schema\/logo\/image\/"}}]}},"_links":{"self":[{"href":"https:\/\/abrhome.eu\/es\/wp-json\/wp\/v2\/product\/13041","targetHints":{"allow":["GET"]}}],"collection":[{"href":"https:\/\/abrhome.eu\/es\/wp-json\/wp\/v2\/product"}],"about":[{"href":"https:\/\/abrhome.eu\/es\/wp-json\/wp\/v2\/types\/product"}],"version-history":[{"count":0,"href":"https:\/\/abrhome.eu\/es\/wp-json\/wp\/v2\/product\/13041\/revisions"}],"wp:featuredmedia":[{"embeddable":true,"href":"https:\/\/abrhome.eu\/es\/wp-json\/wp\/v2\/media\/4163"}],"wp:attachment":[{"href":"https:\/\/abrhome.eu\/es\/wp-json\/wp\/v2\/media?parent=13041"}],"wp:term":[{"taxonomy":"product_cat","embeddable":true,"href":"https:\/\/abrhome.eu\/es\/wp-json\/wp\/v2\/product_cat?post=13041"},{"taxonomy":"product_tag","embeddable":true,"href":"https:\/\/abrhome.eu\/es\/wp-json\/wp\/v2\/product_tag?post=13041"}],"curies":[{"name":"wp","href":"https:\/\/api.w.org\/{rel}","templated":true}]}}