{"id":10256,"date":"2024-06-04T17:11:52","date_gmt":"2024-06-04T15:11:52","guid":{"rendered":"https:\/\/abrhome.eu\/product\/vastupidav-metallist-rodupiire\/"},"modified":"2024-06-04T18:59:23","modified_gmt":"2024-06-04T16:59:23","slug":"vastupidav-metallist-rodupiire","status":"publish","type":"product","link":"https:\/\/abrhome.eu\/et\/toode\/vastupidav-metallist-rodupiire\/","title":{"rendered":"Vastupidav Metallist R\u00f5dupiire"},"content":{"rendered":"<p><b>T\u00f5sta ohutust<\/b> ja esteetilist meeldivust oma r\u00f5dul meie <b>Vastupidava Metallist R\u00f5dupiirdega<\/b>. Meisterdatud kasutades kvaliteetset <b>terast<\/b>, iga paneel on hoolikalt projekteeritud kasutades treimist, freimist ja lihvimisprotsesse, et luua t\u00e4psed ja vastupidavad komponendid.<\/p>\n<p>Need komponendid on seej\u00e4rel hoolikalt kokku pandud ja keevitatud, tagades tugeva struktuurse terviklikkuse. Eluea ja korrosioonikindluse tagamiseks, iga piire l\u00e4bib p\u00f5hjaliku puhastusprotsessi millele j\u00e4rgneb kas <b>pulberv\u00e4rvimine<\/b> v\u00f5i tsinkimine. Matt must viimistlus, mis vastab RAL 9005 (T\u00f5eline Must), mitte ainult ei lisa toote vastupidavust vaid lisab ka elegantset puudutust hoone v\u00e4lisilmele.<\/p>\n<p>Meie piirded, saadaval erinevates suurustes, on m\u00f5eldud lihtsaks paigalduseks kasutades tugevaid kruve ja sulgusid, tagades <b>turvalise paigalduse<\/b>.<\/p>\n<p> <div class=\"p2410-product-tags\" style=\"margin:1rem 0\">\r\n\t\t<div style=\"font-weight:600\">Sildid<\/div>\r\n\t\t<div><a href=\"https:\/\/abrhome.eu\/et\/tootesilt\/metallist-rodupiire\/\" class=\"product-tag\">metallist r\u00f5dupiire<\/a>, <a href=\"https:\/\/abrhome.eu\/et\/tootesilt\/must-teraspiire\/\" class=\"product-tag\">must teraspiire<\/a>, <a href=\"https:\/\/abrhome.eu\/et\/tootesilt\/terasest-rodupiire\/\" class=\"product-tag\">terasest r\u00f5dupiire<\/a>, <a href=\"https:\/\/abrhome.eu\/et\/tootesilt\/valistingimustesse-paigaldatav-piire\/\" class=\"product-tag\">v\u00e4listingimustesse paigaldatav piire<\/a>, <a href=\"https:\/\/abrhome.eu\/et\/tootesilt\/vastupidav-rodupiire\/\" class=\"product-tag\">vastupidav r\u00f5dupiire<\/a><\/div>\r\n\t<\/div> <div class=\"p2410-product-colors\" style=\"margin:1rem 0\">\r\n\t\t<div style=\"font-weight:600\">V\u00e4rv<\/div>\r\n\t\t<div><span>RAL 1023 Liiklus kollane (Kollane)<\/span>, <span>RAL 1036 P\u00e4rlkuldne (Kuld)<\/span>, <span>RAL 2004 Puhas oran\u017e (Oran\u017e)<\/span>, <span>RAL 3000 Leekpunane (Punane)<\/span>, <span>RAL 3020 Liiklus punane (Punane)<\/span>, <span>RAL 4005 Sinine sirel (Lilla)<\/span>, <span>RAL 5005 Signaalisinine (Sinine)<\/span>, <span>RAL 5010 Gentiaanisinine (Sinine)<\/span>, <span>RAL 6005 Samblaroheline (Roheline)<\/span>, <span>RAL 7012 Basalt hall (Hall)<\/span>, <span>RAL 7015 Kiltkivihall (Hall)<\/span>, <span>RAL 7016 Antratsiithall (Hall)<\/span>, <span>RAL 7021 Musthall (Must)<\/span>, <span>RAL 7024 Grafiithall (Hall)<\/span>, <span>RAL 7032 Kivihall (Hall)<\/span>, <span>RAL 7035 Helehall (Hall)<\/span>, <span>RAL 7040 Akna hall (Hall)<\/span>, <span>RAL 7042 Liiklushall A (Hall)<\/span>, <span>RAL 8017 \u0160okolaadipruun (Pruun)<\/span>, <span>RAL 9005 Reaktiivmust (Must)<\/span>, <span>RAL 9006 Valge alumiinium (H\u00f5be)<\/span>, <span>RAL 9007 Hall alumiinium (H\u00f5be)<\/span>, <span>RAL 9010 Puhas valge (Valge)<\/span>, <span>RAL 9016 Liiklusvalge (Valge)<\/span><\/div>\r\n\t<\/div><\/p>\n","protected":false},"excerpt":{"rendered":"<p>Kvaliteetne <b>metallist r\u00f5dupiire<\/b>, valmistatud <b>terasest<\/b> matt musta <b>pulberv\u00e4rviga<\/b>. Disainitud t\u00e4itmaks robustseid ohutusn\u00f5udeid ja lihtsat <b>v\u00e4lispaigaldust<\/b>.<\/p>\n","protected":false},"featured_media":2528,"template":"","meta":[],"product_cat":[26688],"product_tag":[2155,3397,2588,3411,3383],"class_list":{"0":"post-10256","1":"product","2":"type-product","3":"status-publish","4":"has-post-thumbnail","6":"product_cat-kodu-struktuurid-rdu","7":"product_tag-metallist-rodupiire","8":"product_tag-must-teraspiire","9":"product_tag-terasest-rodupiire","10":"product_tag-valistingimustesse-paigaldatav-piire","11":"product_tag-vastupidav-rodupiire","13":"first","14":"instock","15":"shipping-taxable","16":"product-type-simple"},"yoast_head":"<!-- This site is optimized with the Yoast SEO plugin v23.1 - https:\/\/yoast.com\/wordpress\/plugins\/seo\/ -->\n<title>Vastupidav Metallist R\u00f5dupiire - ABR Home - Metallic constructions since 2010<\/title>\n<meta name=\"robots\" content=\"index, follow, max-snippet:-1, max-image-preview:large, max-video-preview:-1\" \/>\n<link rel=\"canonical\" href=\"https:\/\/abrhome.eu\/toode\/durable-metal-balcony-railing\/\" \/>\n<meta property=\"og:locale\" content=\"et_EE\" \/>\n<meta property=\"og:type\" content=\"article\" \/>\n<meta property=\"og:title\" content=\"Vastupidav Metallist R\u00f5dupiire - ABR Home - Metallic constructions since 2010\" \/>\n<meta property=\"og:description\" content=\"Kvaliteetne metallist r\u00f5dupiire, valmistatud terasest matt musta pulberv\u00e4rviga. Disainitud t\u00e4itmaks robustseid ohutusn\u00f5udeid ja lihtsat v\u00e4lispaigaldust.\" \/>\n<meta property=\"og:url\" content=\"https:\/\/abrhome.eu\/toode\/durable-metal-balcony-railing\/\" \/>\n<meta property=\"og:site_name\" content=\"ABR Home - Metallic constructions since 2010\" \/>\n<meta property=\"article:modified_time\" content=\"2024-06-04T16:59:23+00:00\" \/>\n<meta property=\"og:image\" content=\"https:\/\/abrhome.eu\/wp-content\/uploads\/2024\/06\/margas-Jurkalnes54-2.jpg\" \/>\n\t<meta property=\"og:image:width\" content=\"476\" \/>\n\t<meta property=\"og:image:height\" content=\"468\" \/>\n\t<meta property=\"og:image:type\" content=\"image\/jpeg\" \/>\n<meta name=\"twitter:card\" content=\"summary_large_image\" \/>\n<meta name=\"twitter:label1\" content=\"Est. reading time\" \/>\n\t<meta name=\"twitter:data1\" content=\"1 minut\" \/>\n<script type=\"application\/ld+json\" class=\"yoast-schema-graph\">{\"@context\":\"https:\/\/schema.org\",\"@graph\":[{\"@type\":\"WebPage\",\"@id\":\"https:\/\/abrhome.eu\/toode\/durable-metal-balcony-railing\/\",\"url\":\"https:\/\/abrhome.eu\/toode\/durable-metal-balcony-railing\/\",\"name\":\"Vastupidav Metallist R\u00f5dupiire - ABR Home - Metallic constructions since 2010\",\"isPartOf\":{\"@id\":\"https:\/\/abrhome.eu\/#website\"},\"primaryImageOfPage\":{\"@id\":\"https:\/\/abrhome.eu\/toode\/durable-metal-balcony-railing\/#primaryimage\"},\"image\":{\"@id\":\"https:\/\/abrhome.eu\/toode\/durable-metal-balcony-railing\/#primaryimage\"},\"thumbnailUrl\":\"https:\/\/abrhome.eu\/wp-content\/uploads\/2024\/06\/margas-Jurkalnes54-2.jpg\",\"datePublished\":\"2024-06-04T15:11:52+00:00\",\"dateModified\":\"2024-06-04T16:59:23+00:00\",\"breadcrumb\":{\"@id\":\"https:\/\/abrhome.eu\/toode\/durable-metal-balcony-railing\/#breadcrumb\"},\"inLanguage\":\"et\",\"potentialAction\":[{\"@type\":\"ReadAction\",\"target\":[\"https:\/\/abrhome.eu\/toode\/durable-metal-balcony-railing\/\"]}]},{\"@type\":\"ImageObject\",\"inLanguage\":\"et\",\"@id\":\"https:\/\/abrhome.eu\/toode\/durable-metal-balcony-railing\/#primaryimage\",\"url\":\"https:\/\/abrhome.eu\/wp-content\/uploads\/2024\/06\/margas-Jurkalnes54-2.jpg\",\"contentUrl\":\"https:\/\/abrhome.eu\/wp-content\/uploads\/2024\/06\/margas-Jurkalnes54-2.jpg\",\"width\":476,\"height\":468,\"caption\":\"Kest\u00e4v\u00e4 Metalliparvekkeen Kaide\"},{\"@type\":\"BreadcrumbList\",\"@id\":\"https:\/\/abrhome.eu\/toode\/durable-metal-balcony-railing\/#breadcrumb\",\"itemListElement\":[{\"@type\":\"ListItem\",\"position\":1,\"name\":\"Home\",\"item\":\"https:\/\/abrhome.eu\/et\/\"},{\"@type\":\"ListItem\",\"position\":2,\"name\":\"Tooted\",\"item\":\"https:\/\/abrhome.eu\/products\/\"},{\"@type\":\"ListItem\",\"position\":3,\"name\":\"Vastupidav Metallist R\u00f5dupiire\"}]},{\"@type\":\"WebSite\",\"@id\":\"https:\/\/abrhome.eu\/#website\",\"url\":\"https:\/\/abrhome.eu\/\",\"name\":\"ABR Home - Metallic constructions since 2010\",\"description\":\"\",\"publisher\":{\"@id\":\"https:\/\/abrhome.eu\/#organization\"},\"potentialAction\":[{\"@type\":\"SearchAction\",\"target\":{\"@type\":\"EntryPoint\",\"urlTemplate\":\"https:\/\/abrhome.eu\/?s={search_term_string}\"},\"query-input\":\"required name=search_term_string\"}],\"inLanguage\":\"et\"},{\"@type\":\"Organization\",\"@id\":\"https:\/\/abrhome.eu\/#organization\",\"name\":\"ABR Home - Metallic constructions since 2010\",\"url\":\"https:\/\/abrhome.eu\/\",\"logo\":{\"@type\":\"ImageObject\",\"inLanguage\":\"et\",\"@id\":\"https:\/\/abrhome.eu\/#\/schema\/logo\/image\/\",\"url\":\"https:\/\/abrhome.eu\/wp-content\/uploads\/2023\/12\/logo-10.png\",\"contentUrl\":\"https:\/\/abrhome.eu\/wp-content\/uploads\/2023\/12\/logo-10.png\",\"width\":300,\"height\":139,\"caption\":\"ABR Home - Metallic constructions since 2010\"},\"image\":{\"@id\":\"https:\/\/abrhome.eu\/#\/schema\/logo\/image\/\"}}]}<\/script>\n<!-- \/ Yoast SEO plugin. -->","yoast_head_json":{"title":"Vastupidav Metallist R\u00f5dupiire - ABR Home - Metallic constructions since 2010","robots":{"index":"index","follow":"follow","max-snippet":"max-snippet:-1","max-image-preview":"max-image-preview:large","max-video-preview":"max-video-preview:-1"},"canonical":"https:\/\/abrhome.eu\/toode\/durable-metal-balcony-railing\/","og_locale":"et_EE","og_type":"article","og_title":"Vastupidav Metallist R\u00f5dupiire - ABR Home - Metallic constructions since 2010","og_description":"Kvaliteetne metallist r\u00f5dupiire, valmistatud terasest matt musta pulberv\u00e4rviga. Disainitud t\u00e4itmaks robustseid ohutusn\u00f5udeid ja lihtsat v\u00e4lispaigaldust.","og_url":"https:\/\/abrhome.eu\/toode\/durable-metal-balcony-railing\/","og_site_name":"ABR Home - Metallic constructions since 2010","article_modified_time":"2024-06-04T16:59:23+00:00","og_image":[{"width":476,"height":468,"url":"https:\/\/abrhome.eu\/wp-content\/uploads\/2024\/06\/margas-Jurkalnes54-2.jpg","type":"image\/jpeg"}],"twitter_card":"summary_large_image","twitter_misc":{"Est. reading time":"1 minut"},"schema":{"@context":"https:\/\/schema.org","@graph":[{"@type":"WebPage","@id":"https:\/\/abrhome.eu\/toode\/durable-metal-balcony-railing\/","url":"https:\/\/abrhome.eu\/toode\/durable-metal-balcony-railing\/","name":"Vastupidav Metallist R\u00f5dupiire - ABR Home - Metallic constructions since 2010","isPartOf":{"@id":"https:\/\/abrhome.eu\/#website"},"primaryImageOfPage":{"@id":"https:\/\/abrhome.eu\/toode\/durable-metal-balcony-railing\/#primaryimage"},"image":{"@id":"https:\/\/abrhome.eu\/toode\/durable-metal-balcony-railing\/#primaryimage"},"thumbnailUrl":"https:\/\/abrhome.eu\/wp-content\/uploads\/2024\/06\/margas-Jurkalnes54-2.jpg","datePublished":"2024-06-04T15:11:52+00:00","dateModified":"2024-06-04T16:59:23+00:00","breadcrumb":{"@id":"https:\/\/abrhome.eu\/toode\/durable-metal-balcony-railing\/#breadcrumb"},"inLanguage":"et","potentialAction":[{"@type":"ReadAction","target":["https:\/\/abrhome.eu\/toode\/durable-metal-balcony-railing\/"]}]},{"@type":"ImageObject","inLanguage":"et","@id":"https:\/\/abrhome.eu\/toode\/durable-metal-balcony-railing\/#primaryimage","url":"https:\/\/abrhome.eu\/wp-content\/uploads\/2024\/06\/margas-Jurkalnes54-2.jpg","contentUrl":"https:\/\/abrhome.eu\/wp-content\/uploads\/2024\/06\/margas-Jurkalnes54-2.jpg","width":476,"height":468,"caption":"Kest\u00e4v\u00e4 Metalliparvekkeen Kaide"},{"@type":"BreadcrumbList","@id":"https:\/\/abrhome.eu\/toode\/durable-metal-balcony-railing\/#breadcrumb","itemListElement":[{"@type":"ListItem","position":1,"name":"Home","item":"https:\/\/abrhome.eu\/et\/"},{"@type":"ListItem","position":2,"name":"Tooted","item":"https:\/\/abrhome.eu\/products\/"},{"@type":"ListItem","position":3,"name":"Vastupidav Metallist R\u00f5dupiire"}]},{"@type":"WebSite","@id":"https:\/\/abrhome.eu\/#website","url":"https:\/\/abrhome.eu\/","name":"ABR Home - Metallic constructions since 2010","description":"","publisher":{"@id":"https:\/\/abrhome.eu\/#organization"},"potentialAction":[{"@type":"SearchAction","target":{"@type":"EntryPoint","urlTemplate":"https:\/\/abrhome.eu\/?s={search_term_string}"},"query-input":"required name=search_term_string"}],"inLanguage":"et"},{"@type":"Organization","@id":"https:\/\/abrhome.eu\/#organization","name":"ABR Home - Metallic constructions since 2010","url":"https:\/\/abrhome.eu\/","logo":{"@type":"ImageObject","inLanguage":"et","@id":"https:\/\/abrhome.eu\/#\/schema\/logo\/image\/","url":"https:\/\/abrhome.eu\/wp-content\/uploads\/2023\/12\/logo-10.png","contentUrl":"https:\/\/abrhome.eu\/wp-content\/uploads\/2023\/12\/logo-10.png","width":300,"height":139,"caption":"ABR Home - Metallic constructions since 2010"},"image":{"@id":"https:\/\/abrhome.eu\/#\/schema\/logo\/image\/"}}]}},"_links":{"self":[{"href":"https:\/\/abrhome.eu\/et\/wp-json\/wp\/v2\/product\/10256","targetHints":{"allow":["GET"]}}],"collection":[{"href":"https:\/\/abrhome.eu\/et\/wp-json\/wp\/v2\/product"}],"about":[{"href":"https:\/\/abrhome.eu\/et\/wp-json\/wp\/v2\/types\/product"}],"version-history":[{"count":0,"href":"https:\/\/abrhome.eu\/et\/wp-json\/wp\/v2\/product\/10256\/revisions"}],"wp:featuredmedia":[{"embeddable":true,"href":"https:\/\/abrhome.eu\/et\/wp-json\/wp\/v2\/media\/2528"}],"wp:attachment":[{"href":"https:\/\/abrhome.eu\/et\/wp-json\/wp\/v2\/media?parent=10256"}],"wp:term":[{"taxonomy":"product_cat","embeddable":true,"href":"https:\/\/abrhome.eu\/et\/wp-json\/wp\/v2\/product_cat?post=10256"},{"taxonomy":"product_tag","embeddable":true,"href":"https:\/\/abrhome.eu\/et\/wp-json\/wp\/v2\/product_tag?post=10256"}],"curies":[{"name":"wp","href":"https:\/\/api.w.org\/{rel}","templated":true}]}}