{"id":11294,"date":"2024-06-04T17:15:09","date_gmt":"2024-06-04T15:15:09","guid":{"rendered":"https:\/\/abrhome.eu\/product\/kahepoolne-perforeeritud-metallvarav\/"},"modified":"2024-06-04T21:16:51","modified_gmt":"2024-06-04T19:16:51","slug":"kahepoolne-perforeeritud-metallvarav","status":"publish","type":"product","link":"https:\/\/abrhome.eu\/et\/toode\/kahepoolne-perforeeritud-metallvarav\/","title":{"rendered":"Kahepoolne Perforeeritud Metallv\u00e4rav"},"content":{"rendered":"<p>Parendage oma elamu v\u00f5i kaubandusomandi turvalisust ja esteetilist veetlust meie <b>Kahepoolse Perforeeritud Metallv\u00e4rava<\/b> abil. Kvaliteetsest terasest valmistatud v\u00e4rav on varustatud vastupidava raamiga, milles on peenelt t\u00f6\u00f6deldud perforeeritud paneelid. Disain tagab privaatsuse ning kaasaegse v\u00e4limuse, sobides paljudele sissep\u00e4\u00e4sudele.<\/p>\n<p>V\u00e4rav on projekteeritud t\u00e4psusega. Disainiprotsess h\u00f5lmab t\u00e4pset l\u00f5ikamist, freesimist ja keevitamist, tagamaks tugeva koostu. Perforatsioonimuster kasutab arenenud stantsimistehnoloogiat, r\u00f5hutades unikaalset visuaalset efekti. Vastupidav matt must pulberv\u00e4rv, eriti <b>RAL 9005 (Jet Black)<\/b>, parandab vastupidavust ebasoodsate ilmastikutingimuste eest, s\u00e4ilitades aja jooksul elegantse v\u00e4limuse.<\/p>\n<p>M\u00f5\u00f5tmetega ligikaudu 2 kuni 2,5 meetrit k\u00f5rgust ja umbes 3 kuni 4 meetrit laiust, on v\u00e4rav ideaalselt sobiv mitmetele rakendustele. Paigaldamine on lihtne, klarniiridega kavandatud kindlaks kinnitamiseks postidele v\u00f5i seintele, tagades sujuva t\u00f6\u00f6 ja joonduse. See on ideaalne valik neile, kes otsivad <b>terasest turvav\u00e4ravat<\/b> v\u00f5i <b>kaubanduslikku metallv\u00e4ravat<\/b> eristuva <b>kahepoolse v\u00e4rava disainiga<\/b>.<\/p>\n<p> <div class=\"p2410-product-tags\" style=\"margin:1rem 0\">\r\n\t\t<div style=\"font-weight:600\">Sildid<\/div>\r\n\t\t<div><a href=\"https:\/\/abrhome.eu\/et\/tootesilt\/kahepoolse-varava-disain\/\" class=\"product-tag\">kahepoolse v\u00e4rava disain<\/a>, <a href=\"https:\/\/abrhome.eu\/et\/tootesilt\/kaubanduslik-metallvarav\/\" class=\"product-tag\">kaubanduslik metallv\u00e4rav<\/a>, <a href=\"https:\/\/abrhome.eu\/et\/tootesilt\/perforeeritud-metallvarav\/\" class=\"product-tag\">perforeeritud metallv\u00e4rav<\/a>, <a href=\"https:\/\/abrhome.eu\/et\/tootesilt\/ral-9005-must-varav\/\" class=\"product-tag\">RAL 9005 must v\u00e4rav<\/a>, <a href=\"https:\/\/abrhome.eu\/et\/tootesilt\/terasest-turvavarav\/\" class=\"product-tag\">terasest turvav\u00e4rav<\/a><\/div>\r\n\t<\/div> <div class=\"p2410-product-colors\" style=\"margin:1rem 0\">\r\n\t\t<div style=\"font-weight:600\">V\u00e4rv<\/div>\r\n\t\t<div><span>RAL 1023 Liiklus kollane (Kollane)<\/span>, <span>RAL 1036 P\u00e4rlkuldne (Kuld)<\/span>, <span>RAL 2004 Puhas oran\u017e (Oran\u017e)<\/span>, <span>RAL 3000 Leekpunane (Punane)<\/span>, <span>RAL 3020 Liiklus punane (Punane)<\/span>, <span>RAL 4005 Sinine sirel (Lilla)<\/span>, <span>RAL 5005 Signaalisinine (Sinine)<\/span>, <span>RAL 5010 Gentiaanisinine (Sinine)<\/span>, <span>RAL 6005 Samblaroheline (Roheline)<\/span>, <span>RAL 7012 Basalt hall (Hall)<\/span>, <span>RAL 7015 Kiltkivihall (Hall)<\/span>, <span>RAL 7016 Antratsiithall (Hall)<\/span>, <span>RAL 7021 Musthall (Must)<\/span>, <span>RAL 7024 Grafiithall (Hall)<\/span>, <span>RAL 7032 Kivihall (Hall)<\/span>, <span>RAL 7035 Helehall (Hall)<\/span>, <span>RAL 7040 Akna hall (Hall)<\/span>, <span>RAL 7042 Liiklushall A (Hall)<\/span>, <span>RAL 8017 \u0160okolaadipruun (Pruun)<\/span>, <span>RAL 9005 Reaktiivmust (Must)<\/span>, <span>RAL 9006 Valge alumiinium (H\u00f5be)<\/span>, <span>RAL 9007 Hall alumiinium (H\u00f5be)<\/span>, <span>RAL 9010 Puhas valge (Valge)<\/span>, <span>RAL 9016 Liiklusvalge (Valge)<\/span><\/div>\r\n\t<\/div><\/p>\n","protected":false},"excerpt":{"rendered":"<p>Avastage vastupidav <b>Kahepoolne Perforeeritud Metallv\u00e4rav<\/b>, mis on valmistatud k\u00f5rgekvaliteedilisest terasest ning millel on kaasaegne perforeeritud disain matt <b>RAL 9005 musta<\/b> viimistlusega. Ideaalne erinevate hoonete turvalisuse ja esteetilise veetluse t\u00f5stmiseks.<\/p>\n","protected":false},"featured_media":4208,"template":"","meta":[],"product_cat":[26674],"product_tag":[7869,7855,7841,7883,7771],"class_list":{"0":"post-11294","1":"product","2":"type-product","3":"status-publish","4":"has-post-thumbnail","6":"product_cat-tkked-ja-vravad-aiad-ja-vravad","7":"product_tag-kahepoolse-varava-disain","8":"product_tag-kaubanduslik-metallvarav","9":"product_tag-perforeeritud-metallvarav","10":"product_tag-ral-9005-must-varav","11":"product_tag-terasest-turvavarav","13":"first","14":"instock","15":"shipping-taxable","16":"product-type-simple"},"yoast_head":"<!-- This site is optimized with the Yoast SEO plugin v23.1 - https:\/\/yoast.com\/wordpress\/plugins\/seo\/ -->\n<title>Kahepoolne Perforeeritud Metallv\u00e4rav - ABR Home - Metallic constructions since 2010<\/title>\n<meta name=\"robots\" content=\"index, follow, max-snippet:-1, max-image-preview:large, max-video-preview:-1\" \/>\n<link rel=\"canonical\" href=\"https:\/\/abrhome.eu\/toode\/double-leaf-perforated-metal-gate\/\" \/>\n<meta property=\"og:locale\" content=\"et_EE\" \/>\n<meta property=\"og:type\" content=\"article\" \/>\n<meta property=\"og:title\" content=\"Kahepoolne Perforeeritud Metallv\u00e4rav - ABR Home - Metallic constructions since 2010\" \/>\n<meta property=\"og:description\" content=\"Avastage vastupidav Kahepoolne Perforeeritud Metallv\u00e4rav, mis on valmistatud k\u00f5rgekvaliteedilisest terasest ning millel on kaasaegne perforeeritud disain matt RAL 9005 musta viimistlusega. Ideaalne erinevate hoonete turvalisuse ja esteetilise veetluse t\u00f5stmiseks.\" \/>\n<meta property=\"og:url\" content=\"https:\/\/abrhome.eu\/toode\/double-leaf-perforated-metal-gate\/\" \/>\n<meta property=\"og:site_name\" content=\"ABR Home - Metallic constructions since 2010\" \/>\n<meta property=\"article:modified_time\" content=\"2024-06-04T19:16:51+00:00\" \/>\n<meta property=\"og:image\" content=\"https:\/\/abrhome.eu\/wp-content\/uploads\/2024\/06\/IMG-20220226-WA0000.jpg\" \/>\n\t<meta property=\"og:image:width\" content=\"1600\" \/>\n\t<meta property=\"og:image:height\" content=\"1200\" \/>\n\t<meta property=\"og:image:type\" content=\"image\/jpeg\" \/>\n<meta name=\"twitter:card\" content=\"summary_large_image\" \/>\n<meta name=\"twitter:label1\" content=\"Est. reading time\" \/>\n\t<meta name=\"twitter:data1\" content=\"1 minut\" \/>\n<script type=\"application\/ld+json\" class=\"yoast-schema-graph\">{\"@context\":\"https:\/\/schema.org\",\"@graph\":[{\"@type\":\"WebPage\",\"@id\":\"https:\/\/abrhome.eu\/toode\/double-leaf-perforated-metal-gate\/\",\"url\":\"https:\/\/abrhome.eu\/toode\/double-leaf-perforated-metal-gate\/\",\"name\":\"Kahepoolne Perforeeritud Metallv\u00e4rav - ABR Home - Metallic constructions since 2010\",\"isPartOf\":{\"@id\":\"https:\/\/abrhome.eu\/#website\"},\"primaryImageOfPage\":{\"@id\":\"https:\/\/abrhome.eu\/toode\/double-leaf-perforated-metal-gate\/#primaryimage\"},\"image\":{\"@id\":\"https:\/\/abrhome.eu\/toode\/double-leaf-perforated-metal-gate\/#primaryimage\"},\"thumbnailUrl\":\"https:\/\/abrhome.eu\/wp-content\/uploads\/2024\/06\/IMG-20220226-WA0000.jpg\",\"datePublished\":\"2024-06-04T15:15:09+00:00\",\"dateModified\":\"2024-06-04T19:16:51+00:00\",\"breadcrumb\":{\"@id\":\"https:\/\/abrhome.eu\/toode\/double-leaf-perforated-metal-gate\/#breadcrumb\"},\"inLanguage\":\"et\",\"potentialAction\":[{\"@type\":\"ReadAction\",\"target\":[\"https:\/\/abrhome.eu\/toode\/double-leaf-perforated-metal-gate\/\"]}]},{\"@type\":\"ImageObject\",\"inLanguage\":\"et\",\"@id\":\"https:\/\/abrhome.eu\/toode\/double-leaf-perforated-metal-gate\/#primaryimage\",\"url\":\"https:\/\/abrhome.eu\/wp-content\/uploads\/2024\/06\/IMG-20220226-WA0000.jpg\",\"contentUrl\":\"https:\/\/abrhome.eu\/wp-content\/uploads\/2024\/06\/IMG-20220226-WA0000.jpg\",\"width\":1600,\"height\":1200,\"caption\":\"Kaksilehtinen Reik\u00e4metalliportti\"},{\"@type\":\"BreadcrumbList\",\"@id\":\"https:\/\/abrhome.eu\/toode\/double-leaf-perforated-metal-gate\/#breadcrumb\",\"itemListElement\":[{\"@type\":\"ListItem\",\"position\":1,\"name\":\"Home\",\"item\":\"https:\/\/abrhome.eu\/et\/\"},{\"@type\":\"ListItem\",\"position\":2,\"name\":\"Tooted\",\"item\":\"https:\/\/abrhome.eu\/products\/\"},{\"@type\":\"ListItem\",\"position\":3,\"name\":\"Kahepoolne Perforeeritud Metallv\u00e4rav\"}]},{\"@type\":\"WebSite\",\"@id\":\"https:\/\/abrhome.eu\/#website\",\"url\":\"https:\/\/abrhome.eu\/\",\"name\":\"ABR Home - Metallic constructions since 2010\",\"description\":\"\",\"publisher\":{\"@id\":\"https:\/\/abrhome.eu\/#organization\"},\"potentialAction\":[{\"@type\":\"SearchAction\",\"target\":{\"@type\":\"EntryPoint\",\"urlTemplate\":\"https:\/\/abrhome.eu\/?s={search_term_string}\"},\"query-input\":\"required name=search_term_string\"}],\"inLanguage\":\"et\"},{\"@type\":\"Organization\",\"@id\":\"https:\/\/abrhome.eu\/#organization\",\"name\":\"ABR Home - Metallic constructions since 2010\",\"url\":\"https:\/\/abrhome.eu\/\",\"logo\":{\"@type\":\"ImageObject\",\"inLanguage\":\"et\",\"@id\":\"https:\/\/abrhome.eu\/#\/schema\/logo\/image\/\",\"url\":\"https:\/\/abrhome.eu\/wp-content\/uploads\/2023\/12\/logo-10.png\",\"contentUrl\":\"https:\/\/abrhome.eu\/wp-content\/uploads\/2023\/12\/logo-10.png\",\"width\":300,\"height\":139,\"caption\":\"ABR Home - Metallic constructions since 2010\"},\"image\":{\"@id\":\"https:\/\/abrhome.eu\/#\/schema\/logo\/image\/\"}}]}<\/script>\n<!-- \/ Yoast SEO plugin. -->","yoast_head_json":{"title":"Kahepoolne Perforeeritud Metallv\u00e4rav - ABR Home - Metallic constructions since 2010","robots":{"index":"index","follow":"follow","max-snippet":"max-snippet:-1","max-image-preview":"max-image-preview:large","max-video-preview":"max-video-preview:-1"},"canonical":"https:\/\/abrhome.eu\/toode\/double-leaf-perforated-metal-gate\/","og_locale":"et_EE","og_type":"article","og_title":"Kahepoolne Perforeeritud Metallv\u00e4rav - ABR Home - Metallic constructions since 2010","og_description":"Avastage vastupidav Kahepoolne Perforeeritud Metallv\u00e4rav, mis on valmistatud k\u00f5rgekvaliteedilisest terasest ning millel on kaasaegne perforeeritud disain matt RAL 9005 musta viimistlusega. Ideaalne erinevate hoonete turvalisuse ja esteetilise veetluse t\u00f5stmiseks.","og_url":"https:\/\/abrhome.eu\/toode\/double-leaf-perforated-metal-gate\/","og_site_name":"ABR Home - Metallic constructions since 2010","article_modified_time":"2024-06-04T19:16:51+00:00","og_image":[{"width":1600,"height":1200,"url":"https:\/\/abrhome.eu\/wp-content\/uploads\/2024\/06\/IMG-20220226-WA0000.jpg","type":"image\/jpeg"}],"twitter_card":"summary_large_image","twitter_misc":{"Est. reading time":"1 minut"},"schema":{"@context":"https:\/\/schema.org","@graph":[{"@type":"WebPage","@id":"https:\/\/abrhome.eu\/toode\/double-leaf-perforated-metal-gate\/","url":"https:\/\/abrhome.eu\/toode\/double-leaf-perforated-metal-gate\/","name":"Kahepoolne Perforeeritud Metallv\u00e4rav - ABR Home - Metallic constructions since 2010","isPartOf":{"@id":"https:\/\/abrhome.eu\/#website"},"primaryImageOfPage":{"@id":"https:\/\/abrhome.eu\/toode\/double-leaf-perforated-metal-gate\/#primaryimage"},"image":{"@id":"https:\/\/abrhome.eu\/toode\/double-leaf-perforated-metal-gate\/#primaryimage"},"thumbnailUrl":"https:\/\/abrhome.eu\/wp-content\/uploads\/2024\/06\/IMG-20220226-WA0000.jpg","datePublished":"2024-06-04T15:15:09+00:00","dateModified":"2024-06-04T19:16:51+00:00","breadcrumb":{"@id":"https:\/\/abrhome.eu\/toode\/double-leaf-perforated-metal-gate\/#breadcrumb"},"inLanguage":"et","potentialAction":[{"@type":"ReadAction","target":["https:\/\/abrhome.eu\/toode\/double-leaf-perforated-metal-gate\/"]}]},{"@type":"ImageObject","inLanguage":"et","@id":"https:\/\/abrhome.eu\/toode\/double-leaf-perforated-metal-gate\/#primaryimage","url":"https:\/\/abrhome.eu\/wp-content\/uploads\/2024\/06\/IMG-20220226-WA0000.jpg","contentUrl":"https:\/\/abrhome.eu\/wp-content\/uploads\/2024\/06\/IMG-20220226-WA0000.jpg","width":1600,"height":1200,"caption":"Kaksilehtinen Reik\u00e4metalliportti"},{"@type":"BreadcrumbList","@id":"https:\/\/abrhome.eu\/toode\/double-leaf-perforated-metal-gate\/#breadcrumb","itemListElement":[{"@type":"ListItem","position":1,"name":"Home","item":"https:\/\/abrhome.eu\/et\/"},{"@type":"ListItem","position":2,"name":"Tooted","item":"https:\/\/abrhome.eu\/products\/"},{"@type":"ListItem","position":3,"name":"Kahepoolne Perforeeritud Metallv\u00e4rav"}]},{"@type":"WebSite","@id":"https:\/\/abrhome.eu\/#website","url":"https:\/\/abrhome.eu\/","name":"ABR Home - Metallic constructions since 2010","description":"","publisher":{"@id":"https:\/\/abrhome.eu\/#organization"},"potentialAction":[{"@type":"SearchAction","target":{"@type":"EntryPoint","urlTemplate":"https:\/\/abrhome.eu\/?s={search_term_string}"},"query-input":"required name=search_term_string"}],"inLanguage":"et"},{"@type":"Organization","@id":"https:\/\/abrhome.eu\/#organization","name":"ABR Home - Metallic constructions since 2010","url":"https:\/\/abrhome.eu\/","logo":{"@type":"ImageObject","inLanguage":"et","@id":"https:\/\/abrhome.eu\/#\/schema\/logo\/image\/","url":"https:\/\/abrhome.eu\/wp-content\/uploads\/2023\/12\/logo-10.png","contentUrl":"https:\/\/abrhome.eu\/wp-content\/uploads\/2023\/12\/logo-10.png","width":300,"height":139,"caption":"ABR Home - Metallic constructions since 2010"},"image":{"@id":"https:\/\/abrhome.eu\/#\/schema\/logo\/image\/"}}]}},"_links":{"self":[{"href":"https:\/\/abrhome.eu\/et\/wp-json\/wp\/v2\/product\/11294","targetHints":{"allow":["GET"]}}],"collection":[{"href":"https:\/\/abrhome.eu\/et\/wp-json\/wp\/v2\/product"}],"about":[{"href":"https:\/\/abrhome.eu\/et\/wp-json\/wp\/v2\/types\/product"}],"version-history":[{"count":0,"href":"https:\/\/abrhome.eu\/et\/wp-json\/wp\/v2\/product\/11294\/revisions"}],"wp:featuredmedia":[{"embeddable":true,"href":"https:\/\/abrhome.eu\/et\/wp-json\/wp\/v2\/media\/4208"}],"wp:attachment":[{"href":"https:\/\/abrhome.eu\/et\/wp-json\/wp\/v2\/media?parent=11294"}],"wp:term":[{"taxonomy":"product_cat","embeddable":true,"href":"https:\/\/abrhome.eu\/et\/wp-json\/wp\/v2\/product_cat?post=11294"},{"taxonomy":"product_tag","embeddable":true,"href":"https:\/\/abrhome.eu\/et\/wp-json\/wp\/v2\/product_tag?post=11294"}],"curies":[{"name":"wp","href":"https:\/\/api.w.org\/{rel}","templated":true}]}}