{"id":11814,"date":"2024-06-04T17:15:16","date_gmt":"2024-06-04T15:15:16","guid":{"rendered":"https:\/\/abrhome.eu\/product\/elegantne-ultramariinsinine-terasest-turvavarav\/"},"modified":"2024-06-04T21:40:17","modified_gmt":"2024-06-04T19:40:17","slug":"elegantne-ultramariinsinine-terasest-turvavarav","status":"publish","type":"product","link":"https:\/\/abrhome.eu\/et\/toode\/elegantne-ultramariinsinine-terasest-turvavarav\/","title":{"rendered":"Elegantne Ultramariinsinine Terasest Turvav\u00e4rav"},"content":{"rendered":"<p>Tutvustame <b>Elegantset Ultramariinsinist Terasest Turvav\u00e4ravat<\/b>, mis on hoolikalt kujundatud turvalisuse suurendamiseks, pakkudes samal ajal esteetiliselt meeldivat v\u00e4limust. T\u00e4ppistehnika abil valmistatud v\u00e4rav tagab vastupidavuse ja pikaajalise kestvuse t\u00e4nu k\u00f5rgekvaliteedilisele teraskonstruktsioonile.<\/p>\n<p>Sofistikeeritud freesimis- ja painutusprotsessid vormivad metalli t\u00e4pselt, luues dekoratiivsed rombikujulised mustrid, mis lisavad kaunistavat puudutust. Ulatuslikud keevitus- ja montaa\u017eitehnikad tagavad struktuuri terviklikkuse ja t\u00f5rgeteta funktsionaalsuse selle <b>Metallist Turvav\u00e4rava<\/b> puhul.<\/p>\n<p>Keskkonnam\u00f5jude ja korrosiooni eest kaitsmiseks l\u00e4bib v\u00e4rav \u00fclimad katteprotsessid, sealhulgas tsinkimine ja pulberv\u00e4rvimine silmapaistvas Ultramariinsinises viimistluses. See <b>Pulberv\u00e4rvitud Turvav\u00e4rav<\/b> on kohandatud erinevate turvavajaduste rahuldamiseks, muutes selle ideaalseks kommertsehitistele, haridusasutustele ja teistele aladele, kus on vajalik turvaline, ent visuaalselt ahvatlev juurdep\u00e4\u00e4sukontroll.<\/p>\n<p> <div class=\"p2410-product-tags\" style=\"margin:1rem 0\">\r\n\t\t<div style=\"font-weight:600\">Sildid<\/div>\r\n\t\t<div><a href=\"https:\/\/abrhome.eu\/et\/tootesilt\/dekoratiivne-terasest-varav\/\" class=\"product-tag\">Dekoratiivne Terasest V\u00e4rav<\/a>, <a href=\"https:\/\/abrhome.eu\/et\/tootesilt\/metallist-turvavarav\/\" class=\"product-tag\">metallist turvav\u00e4rav<\/a>, <a href=\"https:\/\/abrhome.eu\/et\/tootesilt\/oue-turvavaravad-koolidele\/\" class=\"product-tag\">\u00d5ue Turvav\u00e4ravad Koolidele<\/a>, <a href=\"https:\/\/abrhome.eu\/et\/tootesilt\/pulbervarvitud-turvavarav\/\" class=\"product-tag\">pulberv\u00e4rvitud turvav\u00e4rav<\/a>, <a href=\"https:\/\/abrhome.eu\/et\/tootesilt\/ultramariinsinine-turvavarav\/\" class=\"product-tag\">Ultramariinsinine Turvav\u00e4rav<\/a><\/div>\r\n\t<\/div> <div class=\"p2410-product-colors\" style=\"margin:1rem 0\">\r\n\t\t<div style=\"font-weight:600\">V\u00e4rv<\/div>\r\n\t\t<div><span>RAL 1023 Liiklus kollane (Kollane)<\/span>, <span>RAL 1036 P\u00e4rlkuldne (Kuld)<\/span>, <span>RAL 2004 Puhas oran\u017e (Oran\u017e)<\/span>, <span>RAL 3000 Leekpunane (Punane)<\/span>, <span>RAL 3020 Liiklus punane (Punane)<\/span>, <span>RAL 4005 Sinine sirel (Lilla)<\/span>, <span>RAL 5005 Signaalisinine (Sinine)<\/span>, <span>RAL 5010 Gentiaanisinine (Sinine)<\/span>, <span>RAL 6005 Samblaroheline (Roheline)<\/span>, <span>RAL 7012 Basalt hall (Hall)<\/span>, <span>RAL 7015 Kiltkivihall (Hall)<\/span>, <span>RAL 7016 Antratsiithall (Hall)<\/span>, <span>RAL 7021 Musthall (Must)<\/span>, <span>RAL 7024 Grafiithall (Hall)<\/span>, <span>RAL 7032 Kivihall (Hall)<\/span>, <span>RAL 7035 Helehall (Hall)<\/span>, <span>RAL 7040 Akna hall (Hall)<\/span>, <span>RAL 7042 Liiklushall A (Hall)<\/span>, <span>RAL 8017 \u0160okolaadipruun (Pruun)<\/span>, <span>RAL 9005 Reaktiivmust (Must)<\/span>, <span>RAL 9006 Valge alumiinium (H\u00f5be)<\/span>, <span>RAL 9007 Hall alumiinium (H\u00f5be)<\/span>, <span>RAL 9010 Puhas valge (Valge)<\/span>, <span>RAL 9016 Liiklusvalge (Valge)<\/span><\/div>\r\n\t<\/div><\/p>\n","protected":false},"excerpt":{"rendered":"<p>Avastage <b>Dekoratiivne Terasest V\u00e4rav<\/b>, mis on kujundatud nii turvalisuse kui ka esteetilise atraktiivsuse tagamiseks. K\u00f5rgekvaliteedilisest terasest valmistatud ning <b>Ultramariinsinises<\/b> viimistluses v\u00e4rav pakub elegantseid rombikujulisi mustreid ja arenenud katteid vastupidavuse tagamiseks, sobides erinevate turvaliste paigalduste jaoks.<\/p>\n","protected":false},"featured_media":4253,"template":"","meta":[],"product_cat":[26674],"product_tag":[8037,7813,8065,7799,8051],"class_list":{"0":"post-11814","1":"product","2":"type-product","3":"status-publish","4":"has-post-thumbnail","6":"product_cat-tkked-ja-vravad-aiad-ja-vravad","7":"product_tag-dekoratiivne-terasest-varav","8":"product_tag-metallist-turvavarav","9":"product_tag-oue-turvavaravad-koolidele","10":"product_tag-pulbervarvitud-turvavarav","11":"product_tag-ultramariinsinine-turvavarav","13":"first","14":"instock","15":"shipping-taxable","16":"product-type-simple"},"yoast_head":"<!-- This site is optimized with the Yoast SEO plugin v23.1 - https:\/\/yoast.com\/wordpress\/plugins\/seo\/ -->\n<title>Elegantne Ultramariinsinine Terasest Turvav\u00e4rav - ABR Home - Metallic constructions since 2010<\/title>\n<meta name=\"robots\" content=\"index, follow, max-snippet:-1, max-image-preview:large, max-video-preview:-1\" \/>\n<link rel=\"canonical\" href=\"https:\/\/abrhome.eu\/toode\/elegant-ultramarine-blue-steel-security-gate\/\" \/>\n<meta property=\"og:locale\" content=\"et_EE\" \/>\n<meta property=\"og:type\" content=\"article\" \/>\n<meta property=\"og:title\" content=\"Elegantne Ultramariinsinine Terasest Turvav\u00e4rav - ABR Home - Metallic constructions since 2010\" \/>\n<meta property=\"og:description\" content=\"Avastage Dekoratiivne Terasest V\u00e4rav, mis on kujundatud nii turvalisuse kui ka esteetilise atraktiivsuse tagamiseks. K\u00f5rgekvaliteedilisest terasest valmistatud ning Ultramariinsinises viimistluses v\u00e4rav pakub elegantseid rombikujulisi mustreid ja arenenud katteid vastupidavuse tagamiseks, sobides erinevate turvaliste paigalduste jaoks.\" \/>\n<meta property=\"og:url\" content=\"https:\/\/abrhome.eu\/toode\/elegant-ultramarine-blue-steel-security-gate\/\" \/>\n<meta property=\"og:site_name\" content=\"ABR Home - Metallic constructions since 2010\" \/>\n<meta property=\"article:modified_time\" content=\"2024-06-04T19:40:17+00:00\" \/>\n<meta property=\"og:image\" content=\"https:\/\/abrhome.eu\/wp-content\/uploads\/2024\/06\/V7-scaled.jpg\" \/>\n\t<meta property=\"og:image:width\" content=\"2560\" \/>\n\t<meta property=\"og:image:height\" content=\"1920\" \/>\n\t<meta property=\"og:image:type\" content=\"image\/jpeg\" \/>\n<meta name=\"twitter:card\" content=\"summary_large_image\" \/>\n<meta name=\"twitter:label1\" content=\"Est. reading time\" \/>\n\t<meta name=\"twitter:data1\" content=\"1 minut\" \/>\n<script type=\"application\/ld+json\" class=\"yoast-schema-graph\">{\"@context\":\"https:\/\/schema.org\",\"@graph\":[{\"@type\":\"WebPage\",\"@id\":\"https:\/\/abrhome.eu\/toode\/elegant-ultramarine-blue-steel-security-gate\/\",\"url\":\"https:\/\/abrhome.eu\/toode\/elegant-ultramarine-blue-steel-security-gate\/\",\"name\":\"Elegantne Ultramariinsinine Terasest Turvav\u00e4rav - ABR Home - Metallic constructions since 2010\",\"isPartOf\":{\"@id\":\"https:\/\/abrhome.eu\/#website\"},\"primaryImageOfPage\":{\"@id\":\"https:\/\/abrhome.eu\/toode\/elegant-ultramarine-blue-steel-security-gate\/#primaryimage\"},\"image\":{\"@id\":\"https:\/\/abrhome.eu\/toode\/elegant-ultramarine-blue-steel-security-gate\/#primaryimage\"},\"thumbnailUrl\":\"https:\/\/abrhome.eu\/wp-content\/uploads\/2024\/06\/V7-scaled.jpg\",\"datePublished\":\"2024-06-04T15:15:16+00:00\",\"dateModified\":\"2024-06-04T19:40:17+00:00\",\"breadcrumb\":{\"@id\":\"https:\/\/abrhome.eu\/toode\/elegant-ultramarine-blue-steel-security-gate\/#breadcrumb\"},\"inLanguage\":\"et\",\"potentialAction\":[{\"@type\":\"ReadAction\",\"target\":[\"https:\/\/abrhome.eu\/toode\/elegant-ultramarine-blue-steel-security-gate\/\"]}]},{\"@type\":\"ImageObject\",\"inLanguage\":\"et\",\"@id\":\"https:\/\/abrhome.eu\/toode\/elegant-ultramarine-blue-steel-security-gate\/#primaryimage\",\"url\":\"https:\/\/abrhome.eu\/wp-content\/uploads\/2024\/06\/V7-scaled.jpg\",\"contentUrl\":\"https:\/\/abrhome.eu\/wp-content\/uploads\/2024\/06\/V7-scaled.jpg\",\"width\":2560,\"height\":1920,\"caption\":\"Tyylik\u00e4s Ultramariininsininen Ter\u00e4sturvaportti\"},{\"@type\":\"BreadcrumbList\",\"@id\":\"https:\/\/abrhome.eu\/toode\/elegant-ultramarine-blue-steel-security-gate\/#breadcrumb\",\"itemListElement\":[{\"@type\":\"ListItem\",\"position\":1,\"name\":\"Home\",\"item\":\"https:\/\/abrhome.eu\/et\/\"},{\"@type\":\"ListItem\",\"position\":2,\"name\":\"Tooted\",\"item\":\"https:\/\/abrhome.eu\/products\/\"},{\"@type\":\"ListItem\",\"position\":3,\"name\":\"Elegantne Ultramariinsinine Terasest Turvav\u00e4rav\"}]},{\"@type\":\"WebSite\",\"@id\":\"https:\/\/abrhome.eu\/#website\",\"url\":\"https:\/\/abrhome.eu\/\",\"name\":\"ABR Home - Metallic constructions since 2010\",\"description\":\"\",\"publisher\":{\"@id\":\"https:\/\/abrhome.eu\/#organization\"},\"potentialAction\":[{\"@type\":\"SearchAction\",\"target\":{\"@type\":\"EntryPoint\",\"urlTemplate\":\"https:\/\/abrhome.eu\/?s={search_term_string}\"},\"query-input\":\"required name=search_term_string\"}],\"inLanguage\":\"et\"},{\"@type\":\"Organization\",\"@id\":\"https:\/\/abrhome.eu\/#organization\",\"name\":\"ABR Home - Metallic constructions since 2010\",\"url\":\"https:\/\/abrhome.eu\/\",\"logo\":{\"@type\":\"ImageObject\",\"inLanguage\":\"et\",\"@id\":\"https:\/\/abrhome.eu\/#\/schema\/logo\/image\/\",\"url\":\"https:\/\/abrhome.eu\/wp-content\/uploads\/2023\/12\/logo-10.png\",\"contentUrl\":\"https:\/\/abrhome.eu\/wp-content\/uploads\/2023\/12\/logo-10.png\",\"width\":300,\"height\":139,\"caption\":\"ABR Home - Metallic constructions since 2010\"},\"image\":{\"@id\":\"https:\/\/abrhome.eu\/#\/schema\/logo\/image\/\"}}]}<\/script>\n<!-- \/ Yoast SEO plugin. -->","yoast_head_json":{"title":"Elegantne Ultramariinsinine Terasest Turvav\u00e4rav - ABR Home - Metallic constructions since 2010","robots":{"index":"index","follow":"follow","max-snippet":"max-snippet:-1","max-image-preview":"max-image-preview:large","max-video-preview":"max-video-preview:-1"},"canonical":"https:\/\/abrhome.eu\/toode\/elegant-ultramarine-blue-steel-security-gate\/","og_locale":"et_EE","og_type":"article","og_title":"Elegantne Ultramariinsinine Terasest Turvav\u00e4rav - ABR Home - Metallic constructions since 2010","og_description":"Avastage Dekoratiivne Terasest V\u00e4rav, mis on kujundatud nii turvalisuse kui ka esteetilise atraktiivsuse tagamiseks. K\u00f5rgekvaliteedilisest terasest valmistatud ning Ultramariinsinises viimistluses v\u00e4rav pakub elegantseid rombikujulisi mustreid ja arenenud katteid vastupidavuse tagamiseks, sobides erinevate turvaliste paigalduste jaoks.","og_url":"https:\/\/abrhome.eu\/toode\/elegant-ultramarine-blue-steel-security-gate\/","og_site_name":"ABR Home - Metallic constructions since 2010","article_modified_time":"2024-06-04T19:40:17+00:00","og_image":[{"width":2560,"height":1920,"url":"https:\/\/abrhome.eu\/wp-content\/uploads\/2024\/06\/V7-scaled.jpg","type":"image\/jpeg"}],"twitter_card":"summary_large_image","twitter_misc":{"Est. reading time":"1 minut"},"schema":{"@context":"https:\/\/schema.org","@graph":[{"@type":"WebPage","@id":"https:\/\/abrhome.eu\/toode\/elegant-ultramarine-blue-steel-security-gate\/","url":"https:\/\/abrhome.eu\/toode\/elegant-ultramarine-blue-steel-security-gate\/","name":"Elegantne Ultramariinsinine Terasest Turvav\u00e4rav - ABR Home - Metallic constructions since 2010","isPartOf":{"@id":"https:\/\/abrhome.eu\/#website"},"primaryImageOfPage":{"@id":"https:\/\/abrhome.eu\/toode\/elegant-ultramarine-blue-steel-security-gate\/#primaryimage"},"image":{"@id":"https:\/\/abrhome.eu\/toode\/elegant-ultramarine-blue-steel-security-gate\/#primaryimage"},"thumbnailUrl":"https:\/\/abrhome.eu\/wp-content\/uploads\/2024\/06\/V7-scaled.jpg","datePublished":"2024-06-04T15:15:16+00:00","dateModified":"2024-06-04T19:40:17+00:00","breadcrumb":{"@id":"https:\/\/abrhome.eu\/toode\/elegant-ultramarine-blue-steel-security-gate\/#breadcrumb"},"inLanguage":"et","potentialAction":[{"@type":"ReadAction","target":["https:\/\/abrhome.eu\/toode\/elegant-ultramarine-blue-steel-security-gate\/"]}]},{"@type":"ImageObject","inLanguage":"et","@id":"https:\/\/abrhome.eu\/toode\/elegant-ultramarine-blue-steel-security-gate\/#primaryimage","url":"https:\/\/abrhome.eu\/wp-content\/uploads\/2024\/06\/V7-scaled.jpg","contentUrl":"https:\/\/abrhome.eu\/wp-content\/uploads\/2024\/06\/V7-scaled.jpg","width":2560,"height":1920,"caption":"Tyylik\u00e4s Ultramariininsininen Ter\u00e4sturvaportti"},{"@type":"BreadcrumbList","@id":"https:\/\/abrhome.eu\/toode\/elegant-ultramarine-blue-steel-security-gate\/#breadcrumb","itemListElement":[{"@type":"ListItem","position":1,"name":"Home","item":"https:\/\/abrhome.eu\/et\/"},{"@type":"ListItem","position":2,"name":"Tooted","item":"https:\/\/abrhome.eu\/products\/"},{"@type":"ListItem","position":3,"name":"Elegantne Ultramariinsinine Terasest Turvav\u00e4rav"}]},{"@type":"WebSite","@id":"https:\/\/abrhome.eu\/#website","url":"https:\/\/abrhome.eu\/","name":"ABR Home - Metallic constructions since 2010","description":"","publisher":{"@id":"https:\/\/abrhome.eu\/#organization"},"potentialAction":[{"@type":"SearchAction","target":{"@type":"EntryPoint","urlTemplate":"https:\/\/abrhome.eu\/?s={search_term_string}"},"query-input":"required name=search_term_string"}],"inLanguage":"et"},{"@type":"Organization","@id":"https:\/\/abrhome.eu\/#organization","name":"ABR Home - Metallic constructions since 2010","url":"https:\/\/abrhome.eu\/","logo":{"@type":"ImageObject","inLanguage":"et","@id":"https:\/\/abrhome.eu\/#\/schema\/logo\/image\/","url":"https:\/\/abrhome.eu\/wp-content\/uploads\/2023\/12\/logo-10.png","contentUrl":"https:\/\/abrhome.eu\/wp-content\/uploads\/2023\/12\/logo-10.png","width":300,"height":139,"caption":"ABR Home - Metallic constructions since 2010"},"image":{"@id":"https:\/\/abrhome.eu\/#\/schema\/logo\/image\/"}}]}},"_links":{"self":[{"href":"https:\/\/abrhome.eu\/et\/wp-json\/wp\/v2\/product\/11814","targetHints":{"allow":["GET"]}}],"collection":[{"href":"https:\/\/abrhome.eu\/et\/wp-json\/wp\/v2\/product"}],"about":[{"href":"https:\/\/abrhome.eu\/et\/wp-json\/wp\/v2\/types\/product"}],"version-history":[{"count":0,"href":"https:\/\/abrhome.eu\/et\/wp-json\/wp\/v2\/product\/11814\/revisions"}],"wp:featuredmedia":[{"embeddable":true,"href":"https:\/\/abrhome.eu\/et\/wp-json\/wp\/v2\/media\/4253"}],"wp:attachment":[{"href":"https:\/\/abrhome.eu\/et\/wp-json\/wp\/v2\/media?parent=11814"}],"wp:term":[{"taxonomy":"product_cat","embeddable":true,"href":"https:\/\/abrhome.eu\/et\/wp-json\/wp\/v2\/product_cat?post=11814"},{"taxonomy":"product_tag","embeddable":true,"href":"https:\/\/abrhome.eu\/et\/wp-json\/wp\/v2\/product_tag?post=11814"}],"curies":[{"name":"wp","href":"https:\/\/api.w.org\/{rel}","templated":true}]}}