{"id":12603,"date":"2024-06-04T17:23:21","date_gmt":"2024-06-04T15:23:21","guid":{"rendered":"https:\/\/abrhome.eu\/product\/moodne-metallist-rodupiire\/"},"modified":"2024-06-04T22:17:47","modified_gmt":"2024-06-04T20:17:47","slug":"moodne-metallist-rodupiire","status":"publish","type":"product","link":"https:\/\/abrhome.eu\/et\/toode\/moodne-metallist-rodupiire\/","title":{"rendered":"Moodne Metallist R\u00f5dupiire"},"content":{"rendered":"<p>Parandage oma r\u00f5du turvalisust ja visuaalset atraktiivsust meie <b>Moodne Metallist R\u00f5dupiire<\/b> abil. Kvaliteetsest <b>terasest<\/b> v\u00f5i <b>alumiiniumist<\/b> valmistatud piire tagab vastupidavuse ja robustsuse, mist\u00f5ttu on see ideaalne nii eramajadele kui ka kommertskinnisvarale. Piire on umbes 1 kuni 1,2 meetrit k\u00f5rge ja 2 kuni 3 meetrit lai, on kujundatud pakkuma optimaalset kaitset ilma stiilis j\u00e4releandmisi tegemata.<\/p>\n<p>Iga piire l\u00e4bib p\u00f5hjaliku insenertehnilise ja disainiprotsessi, kasutades edasij\u00f5udnud CAD tarkvara, millele j\u00e4rgnevad t\u00e4ppisl\u00f5ikamine, painutamine ja freesimine, et saavutada veatu viimistlus. Komponendid on kindlalt monteeritud kas keevitamise v\u00f5i mehaanilise kinnituse teel ning on kaetud vastupidava halli pulberv\u00e4rviga (RAL 7042 &#8211; Liiklus Hall A), et suurendada ilmastikukindlust ja pikaealisust. Piire on s\u00fcsteemselt pakendatud ja valmis lihtsaks paigalduseks, tagades stabiilsuse ja p\u00fcsiva sooritusv\u00f5ime.<\/p>\n<p> <div class=\"p2410-product-tags\" style=\"margin:1rem 0\">\r\n\t\t<div style=\"font-weight:600\">Sildid<\/div>\r\n\t\t<div><a href=\"https:\/\/abrhome.eu\/et\/tootesilt\/alumiiniumist-rodupiire\/\" class=\"product-tag\">Alumiiniumist r\u00f5dupiire<\/a>, <a href=\"https:\/\/abrhome.eu\/et\/tootesilt\/terasest-rodupiire\/\" class=\"product-tag\">terasest r\u00f5dupiire<\/a>, <a href=\"https:\/\/abrhome.eu\/et\/tootesilt\/vastupidav-valispiire\/\" class=\"product-tag\">Vastupidav v\u00e4lispiire<\/a><\/div>\r\n\t<\/div> <div class=\"p2410-product-colors\" style=\"margin:1rem 0\">\r\n\t\t<div style=\"font-weight:600\">V\u00e4rv<\/div>\r\n\t\t<div><span>RAL 1023 Liiklus kollane (Kollane)<\/span>, <span>RAL 1036 P\u00e4rlkuldne (Kuld)<\/span>, <span>RAL 2004 Puhas oran\u017e (Oran\u017e)<\/span>, <span>RAL 3000 Leekpunane (Punane)<\/span>, <span>RAL 3020 Liiklus punane (Punane)<\/span>, <span>RAL 4005 Sinine sirel (Lilla)<\/span>, <span>RAL 5005 Signaalisinine (Sinine)<\/span>, <span>RAL 5010 Gentiaanisinine (Sinine)<\/span>, <span>RAL 6005 Samblaroheline (Roheline)<\/span>, <span>RAL 7012 Basalt hall (Hall)<\/span>, <span>RAL 7015 Kiltkivihall (Hall)<\/span>, <span>RAL 7016 Antratsiithall (Hall)<\/span>, <span>RAL 7021 Musthall (Must)<\/span>, <span>RAL 7024 Grafiithall (Hall)<\/span>, <span>RAL 7032 Kivihall (Hall)<\/span>, <span>RAL 7035 Helehall (Hall)<\/span>, <span>RAL 7040 Akna hall (Hall)<\/span>, <span>RAL 7042 Liiklushall A (Hall)<\/span>, <span>RAL 8017 \u0160okolaadipruun (Pruun)<\/span>, <span>RAL 9005 Reaktiivmust (Must)<\/span>, <span>RAL 9006 Valge alumiinium (H\u00f5be)<\/span>, <span>RAL 9007 Hall alumiinium (H\u00f5be)<\/span>, <span>RAL 9010 Puhas valge (Valge)<\/span>, <span>RAL 9016 Liiklusvalge (Valge)<\/span><\/div>\r\n\t<\/div><\/p>\n","protected":false},"excerpt":{"rendered":"<p>Avastage meie <b>Moodne Metallist R\u00f5dupiire<\/b>, mis on valmistatud vastupidavast <b>terasest<\/b> v\u00f5i <b>alumiiniumist<\/b>. Ideaalne nii ohutuse kui stiili t\u00f5stmiseks, see piire on varustatud pulberv\u00e4rvitud viimistlusega, mis tagab \u00fclima pikaajalise vastupidavuse ja ilmastikukindluse. Sobib suurep\u00e4raselt kasutamiseks nii eramajades kui ka kommertskinnisvaras.<\/p>\n","protected":false},"featured_media":7598,"template":"","meta":[],"product_cat":[26828],"product_tag":[19933,2588,19947],"class_list":{"0":"post-12603","1":"product","2":"type-product","3":"status-publish","4":"has-post-thumbnail","6":"product_cat-ohutus-omadused-piirded-ja-aiad","7":"product_tag-alumiiniumist-rodupiire","8":"product_tag-terasest-rodupiire","9":"product_tag-vastupidav-valispiire","11":"first","12":"instock","13":"shipping-taxable","14":"product-type-simple"},"yoast_head":"<!-- This site is optimized with the Yoast SEO plugin v23.1 - https:\/\/yoast.com\/wordpress\/plugins\/seo\/ -->\n<title>Moodne Metallist R\u00f5dupiire - ABR Home - Metallic constructions since 2010<\/title>\n<meta name=\"robots\" content=\"index, follow, max-snippet:-1, max-image-preview:large, max-video-preview:-1\" \/>\n<link rel=\"canonical\" href=\"https:\/\/abrhome.eu\/toode\/modern-metallic-balcony-railing\/\" \/>\n<meta property=\"og:locale\" content=\"et_EE\" \/>\n<meta property=\"og:type\" content=\"article\" \/>\n<meta property=\"og:title\" content=\"Moodne Metallist R\u00f5dupiire - ABR Home - Metallic constructions since 2010\" \/>\n<meta property=\"og:description\" content=\"Avastage meie Moodne Metallist R\u00f5dupiire, mis on valmistatud vastupidavast terasest v\u00f5i alumiiniumist. Ideaalne nii ohutuse kui stiili t\u00f5stmiseks, see piire on varustatud pulberv\u00e4rvitud viimistlusega, mis tagab \u00fclima pikaajalise vastupidavuse ja ilmastikukindluse. Sobib suurep\u00e4raselt kasutamiseks nii eramajades kui ka kommertskinnisvaras.\" \/>\n<meta property=\"og:url\" content=\"https:\/\/abrhome.eu\/toode\/modern-metallic-balcony-railing\/\" \/>\n<meta property=\"og:site_name\" content=\"ABR Home - Metallic constructions since 2010\" \/>\n<meta property=\"article:modified_time\" content=\"2024-06-04T20:17:47+00:00\" \/>\n<meta property=\"og:image\" content=\"https:\/\/abrhome.eu\/wp-content\/uploads\/2024\/06\/IMG-20211113-WA0002.jpg\" \/>\n\t<meta property=\"og:image:width\" content=\"1600\" \/>\n\t<meta property=\"og:image:height\" content=\"1200\" \/>\n\t<meta property=\"og:image:type\" content=\"image\/jpeg\" \/>\n<meta name=\"twitter:card\" content=\"summary_large_image\" \/>\n<meta name=\"twitter:label1\" content=\"Est. reading time\" \/>\n\t<meta name=\"twitter:data1\" content=\"1 minut\" \/>\n<script type=\"application\/ld+json\" class=\"yoast-schema-graph\">{\"@context\":\"https:\/\/schema.org\",\"@graph\":[{\"@type\":\"WebPage\",\"@id\":\"https:\/\/abrhome.eu\/toode\/modern-metallic-balcony-railing\/\",\"url\":\"https:\/\/abrhome.eu\/toode\/modern-metallic-balcony-railing\/\",\"name\":\"Moodne Metallist R\u00f5dupiire - ABR Home - Metallic constructions since 2010\",\"isPartOf\":{\"@id\":\"https:\/\/abrhome.eu\/#website\"},\"primaryImageOfPage\":{\"@id\":\"https:\/\/abrhome.eu\/toode\/modern-metallic-balcony-railing\/#primaryimage\"},\"image\":{\"@id\":\"https:\/\/abrhome.eu\/toode\/modern-metallic-balcony-railing\/#primaryimage\"},\"thumbnailUrl\":\"https:\/\/abrhome.eu\/wp-content\/uploads\/2024\/06\/IMG-20211113-WA0002.jpg\",\"datePublished\":\"2024-06-04T15:23:21+00:00\",\"dateModified\":\"2024-06-04T20:17:47+00:00\",\"breadcrumb\":{\"@id\":\"https:\/\/abrhome.eu\/toode\/modern-metallic-balcony-railing\/#breadcrumb\"},\"inLanguage\":\"et\",\"potentialAction\":[{\"@type\":\"ReadAction\",\"target\":[\"https:\/\/abrhome.eu\/toode\/modern-metallic-balcony-railing\/\"]}]},{\"@type\":\"ImageObject\",\"inLanguage\":\"et\",\"@id\":\"https:\/\/abrhome.eu\/toode\/modern-metallic-balcony-railing\/#primaryimage\",\"url\":\"https:\/\/abrhome.eu\/wp-content\/uploads\/2024\/06\/IMG-20211113-WA0002.jpg\",\"contentUrl\":\"https:\/\/abrhome.eu\/wp-content\/uploads\/2024\/06\/IMG-20211113-WA0002.jpg\",\"width\":1600,\"height\":1200,\"caption\":\"Nykyajan Metallinen Parvekekaide\"},{\"@type\":\"BreadcrumbList\",\"@id\":\"https:\/\/abrhome.eu\/toode\/modern-metallic-balcony-railing\/#breadcrumb\",\"itemListElement\":[{\"@type\":\"ListItem\",\"position\":1,\"name\":\"Home\",\"item\":\"https:\/\/abrhome.eu\/et\/\"},{\"@type\":\"ListItem\",\"position\":2,\"name\":\"Tooted\",\"item\":\"https:\/\/abrhome.eu\/products\/\"},{\"@type\":\"ListItem\",\"position\":3,\"name\":\"Moodne Metallist R\u00f5dupiire\"}]},{\"@type\":\"WebSite\",\"@id\":\"https:\/\/abrhome.eu\/#website\",\"url\":\"https:\/\/abrhome.eu\/\",\"name\":\"ABR Home - Metallic constructions since 2010\",\"description\":\"\",\"publisher\":{\"@id\":\"https:\/\/abrhome.eu\/#organization\"},\"potentialAction\":[{\"@type\":\"SearchAction\",\"target\":{\"@type\":\"EntryPoint\",\"urlTemplate\":\"https:\/\/abrhome.eu\/?s={search_term_string}\"},\"query-input\":\"required name=search_term_string\"}],\"inLanguage\":\"et\"},{\"@type\":\"Organization\",\"@id\":\"https:\/\/abrhome.eu\/#organization\",\"name\":\"ABR Home - Metallic constructions since 2010\",\"url\":\"https:\/\/abrhome.eu\/\",\"logo\":{\"@type\":\"ImageObject\",\"inLanguage\":\"et\",\"@id\":\"https:\/\/abrhome.eu\/#\/schema\/logo\/image\/\",\"url\":\"https:\/\/abrhome.eu\/wp-content\/uploads\/2023\/12\/logo-10.png\",\"contentUrl\":\"https:\/\/abrhome.eu\/wp-content\/uploads\/2023\/12\/logo-10.png\",\"width\":300,\"height\":139,\"caption\":\"ABR Home - Metallic constructions since 2010\"},\"image\":{\"@id\":\"https:\/\/abrhome.eu\/#\/schema\/logo\/image\/\"}}]}<\/script>\n<!-- \/ Yoast SEO plugin. -->","yoast_head_json":{"title":"Moodne Metallist R\u00f5dupiire - ABR Home - Metallic constructions since 2010","robots":{"index":"index","follow":"follow","max-snippet":"max-snippet:-1","max-image-preview":"max-image-preview:large","max-video-preview":"max-video-preview:-1"},"canonical":"https:\/\/abrhome.eu\/toode\/modern-metallic-balcony-railing\/","og_locale":"et_EE","og_type":"article","og_title":"Moodne Metallist R\u00f5dupiire - ABR Home - Metallic constructions since 2010","og_description":"Avastage meie Moodne Metallist R\u00f5dupiire, mis on valmistatud vastupidavast terasest v\u00f5i alumiiniumist. Ideaalne nii ohutuse kui stiili t\u00f5stmiseks, see piire on varustatud pulberv\u00e4rvitud viimistlusega, mis tagab \u00fclima pikaajalise vastupidavuse ja ilmastikukindluse. Sobib suurep\u00e4raselt kasutamiseks nii eramajades kui ka kommertskinnisvaras.","og_url":"https:\/\/abrhome.eu\/toode\/modern-metallic-balcony-railing\/","og_site_name":"ABR Home - Metallic constructions since 2010","article_modified_time":"2024-06-04T20:17:47+00:00","og_image":[{"width":1600,"height":1200,"url":"https:\/\/abrhome.eu\/wp-content\/uploads\/2024\/06\/IMG-20211113-WA0002.jpg","type":"image\/jpeg"}],"twitter_card":"summary_large_image","twitter_misc":{"Est. reading time":"1 minut"},"schema":{"@context":"https:\/\/schema.org","@graph":[{"@type":"WebPage","@id":"https:\/\/abrhome.eu\/toode\/modern-metallic-balcony-railing\/","url":"https:\/\/abrhome.eu\/toode\/modern-metallic-balcony-railing\/","name":"Moodne Metallist R\u00f5dupiire - ABR Home - Metallic constructions since 2010","isPartOf":{"@id":"https:\/\/abrhome.eu\/#website"},"primaryImageOfPage":{"@id":"https:\/\/abrhome.eu\/toode\/modern-metallic-balcony-railing\/#primaryimage"},"image":{"@id":"https:\/\/abrhome.eu\/toode\/modern-metallic-balcony-railing\/#primaryimage"},"thumbnailUrl":"https:\/\/abrhome.eu\/wp-content\/uploads\/2024\/06\/IMG-20211113-WA0002.jpg","datePublished":"2024-06-04T15:23:21+00:00","dateModified":"2024-06-04T20:17:47+00:00","breadcrumb":{"@id":"https:\/\/abrhome.eu\/toode\/modern-metallic-balcony-railing\/#breadcrumb"},"inLanguage":"et","potentialAction":[{"@type":"ReadAction","target":["https:\/\/abrhome.eu\/toode\/modern-metallic-balcony-railing\/"]}]},{"@type":"ImageObject","inLanguage":"et","@id":"https:\/\/abrhome.eu\/toode\/modern-metallic-balcony-railing\/#primaryimage","url":"https:\/\/abrhome.eu\/wp-content\/uploads\/2024\/06\/IMG-20211113-WA0002.jpg","contentUrl":"https:\/\/abrhome.eu\/wp-content\/uploads\/2024\/06\/IMG-20211113-WA0002.jpg","width":1600,"height":1200,"caption":"Nykyajan Metallinen Parvekekaide"},{"@type":"BreadcrumbList","@id":"https:\/\/abrhome.eu\/toode\/modern-metallic-balcony-railing\/#breadcrumb","itemListElement":[{"@type":"ListItem","position":1,"name":"Home","item":"https:\/\/abrhome.eu\/et\/"},{"@type":"ListItem","position":2,"name":"Tooted","item":"https:\/\/abrhome.eu\/products\/"},{"@type":"ListItem","position":3,"name":"Moodne Metallist R\u00f5dupiire"}]},{"@type":"WebSite","@id":"https:\/\/abrhome.eu\/#website","url":"https:\/\/abrhome.eu\/","name":"ABR Home - Metallic constructions since 2010","description":"","publisher":{"@id":"https:\/\/abrhome.eu\/#organization"},"potentialAction":[{"@type":"SearchAction","target":{"@type":"EntryPoint","urlTemplate":"https:\/\/abrhome.eu\/?s={search_term_string}"},"query-input":"required name=search_term_string"}],"inLanguage":"et"},{"@type":"Organization","@id":"https:\/\/abrhome.eu\/#organization","name":"ABR Home - Metallic constructions since 2010","url":"https:\/\/abrhome.eu\/","logo":{"@type":"ImageObject","inLanguage":"et","@id":"https:\/\/abrhome.eu\/#\/schema\/logo\/image\/","url":"https:\/\/abrhome.eu\/wp-content\/uploads\/2023\/12\/logo-10.png","contentUrl":"https:\/\/abrhome.eu\/wp-content\/uploads\/2023\/12\/logo-10.png","width":300,"height":139,"caption":"ABR Home - Metallic constructions since 2010"},"image":{"@id":"https:\/\/abrhome.eu\/#\/schema\/logo\/image\/"}}]}},"_links":{"self":[{"href":"https:\/\/abrhome.eu\/et\/wp-json\/wp\/v2\/product\/12603","targetHints":{"allow":["GET"]}}],"collection":[{"href":"https:\/\/abrhome.eu\/et\/wp-json\/wp\/v2\/product"}],"about":[{"href":"https:\/\/abrhome.eu\/et\/wp-json\/wp\/v2\/types\/product"}],"version-history":[{"count":0,"href":"https:\/\/abrhome.eu\/et\/wp-json\/wp\/v2\/product\/12603\/revisions"}],"wp:featuredmedia":[{"embeddable":true,"href":"https:\/\/abrhome.eu\/et\/wp-json\/wp\/v2\/media\/7598"}],"wp:attachment":[{"href":"https:\/\/abrhome.eu\/et\/wp-json\/wp\/v2\/media?parent=12603"}],"wp:term":[{"taxonomy":"product_cat","embeddable":true,"href":"https:\/\/abrhome.eu\/et\/wp-json\/wp\/v2\/product_cat?post=12603"},{"taxonomy":"product_tag","embeddable":true,"href":"https:\/\/abrhome.eu\/et\/wp-json\/wp\/v2\/product_tag?post=12603"}],"curies":[{"name":"wp","href":"https:\/\/api.w.org\/{rel}","templated":true}]}}