{"id":13021,"date":"2024-06-04T17:15:07","date_gmt":"2024-06-04T15:15:07","guid":{"rendered":"https:\/\/abrhome.eu\/product\/terasest-turvavarav-vertikaalsete-tugipulkadega\/"},"modified":"2024-06-04T22:36:47","modified_gmt":"2024-06-04T20:36:47","slug":"terasest-turvavarav-vertikaalsete-tugipulkadega","status":"publish","type":"product","link":"https:\/\/abrhome.eu\/et\/toode\/terasest-turvavarav-vertikaalsete-tugipulkadega\/","title":{"rendered":"Terasest Turvav\u00e4rav Vertikaalsete Tugipulkadega"},"content":{"rendered":"<p><b>T\u00f5sta oma kinnisvara turvalisust<\/b> meie vastupidava <b>Terasest Turvav\u00e4ravaga Vertikaalsete Tugipulkadega<\/b>. See v\u00e4rav on hoolikalt projekteeritud ja loodud maksimaalse vastupidavuse ning usaldusv\u00e4\u00e4rsuse tagamiseks. Valmistatud k\u00f5rgekvaliteetsest terasest, sisaldab see tugevaid vertikaalseid tugipulki ja horisontaalseid toetuslatte, koos usaldusv\u00e4\u00e4rse lukustusmehhanismi ja k\u00e4epidemega lihtsaks kasutuseks.<\/p>\n<p>Iga v\u00e4rav on hoolikalt keevitatud, et suurendada tugevust ja stabiilsust, tagades kindla paigalduse. Korrosiooni vastu kaitsmiseks ning esteetilise v\u00e4limuse s\u00e4ilitamiseks on v\u00e4rav viimistletud musta matt pulberv\u00e4rviga, mis on v\u00e4ga sarnane RAL 9005 (Jet Black) toonile.<\/p>\n<p>Ideaalsed, et pakkuda kontrollitud ligip\u00e4\u00e4su ja suurendada turvalisust nii elamutes kui kaubanduslikel kinnistutel, \u00fchendab see toode funktsionaalsust stiiliga. Saadaval mitmes suuruses, et sobida erinevatele sissep\u00e4\u00e4sudele, on v\u00e4rav varustatud metallisulamist hingedega ja metallukkudega pikaajalise vastupidavuse ja kasutusmugavuse tagamiseks.<\/p>\n<p> <div class=\"p2410-product-tags\" style=\"margin:1rem 0\">\r\n\t\t<div style=\"font-weight:600\">Sildid<\/div>\r\n\t\t<div><a href=\"https:\/\/abrhome.eu\/et\/tootesilt\/elamu-terasest-varav\/\" class=\"product-tag\">elamu terasest v\u00e4rav<\/a>, <a href=\"https:\/\/abrhome.eu\/et\/tootesilt\/metallist-turvavarav\/\" class=\"product-tag\">metallist turvav\u00e4rav<\/a>, <a href=\"https:\/\/abrhome.eu\/et\/tootesilt\/pulbervarvitud-turvavarav\/\" class=\"product-tag\">pulberv\u00e4rvitud turvav\u00e4rav<\/a>, <a href=\"https:\/\/abrhome.eu\/et\/tootesilt\/terasest-turvavarav\/\" class=\"product-tag\">terasest turvav\u00e4rav<\/a>, <a href=\"https:\/\/abrhome.eu\/et\/tootesilt\/vertikaalsete-tugipulkadega-varav\/\" class=\"product-tag\">vertikaalsete tugipulkadega v\u00e4rav<\/a><\/div>\r\n\t<\/div> <div class=\"p2410-product-colors\" style=\"margin:1rem 0\">\r\n\t\t<div style=\"font-weight:600\">V\u00e4rv<\/div>\r\n\t\t<div><span>RAL 1023 Liiklus kollane (Kollane)<\/span>, <span>RAL 1036 P\u00e4rlkuldne (Kuld)<\/span>, <span>RAL 2004 Puhas oran\u017e (Oran\u017e)<\/span>, <span>RAL 3000 Leekpunane (Punane)<\/span>, <span>RAL 3020 Liiklus punane (Punane)<\/span>, <span>RAL 4005 Sinine sirel (Lilla)<\/span>, <span>RAL 5005 Signaalisinine (Sinine)<\/span>, <span>RAL 5010 Gentiaanisinine (Sinine)<\/span>, <span>RAL 6005 Samblaroheline (Roheline)<\/span>, <span>RAL 7012 Basalt hall (Hall)<\/span>, <span>RAL 7015 Kiltkivihall (Hall)<\/span>, <span>RAL 7016 Antratsiithall (Hall)<\/span>, <span>RAL 7021 Musthall (Must)<\/span>, <span>RAL 7024 Grafiithall (Hall)<\/span>, <span>RAL 7032 Kivihall (Hall)<\/span>, <span>RAL 7035 Helehall (Hall)<\/span>, <span>RAL 7040 Akna hall (Hall)<\/span>, <span>RAL 7042 Liiklushall A (Hall)<\/span>, <span>RAL 8017 \u0160okolaadipruun (Pruun)<\/span>, <span>RAL 9005 Reaktiivmust (Must)<\/span>, <span>RAL 9006 Valge alumiinium (H\u00f5be)<\/span>, <span>RAL 9007 Hall alumiinium (H\u00f5be)<\/span>, <span>RAL 9010 Puhas valge (Valge)<\/span>, <span>RAL 9016 Liiklusvalge (Valge)<\/span><\/div>\r\n\t<\/div><\/p>\n","protected":false},"excerpt":{"rendered":"<p>Avasta meie <b>Terasest Turvav\u00e4rav<\/b>, projekteeritud vastupidavuse tagamiseks vertikaalsete ja horisontaalsete toetuslattidega ning usaldusv\u00e4\u00e4rse lukustusmehhanismiga. Viimistletud musta matt pulberv\u00e4rviga korrosiooni vastupanu ja stiili jaoks.<\/p>\n","protected":false},"featured_media":4163,"template":"","meta":[],"product_cat":[26674],"product_tag":[7827,7813,7799,7771,7785],"class_list":{"0":"post-13021","1":"product","2":"type-product","3":"status-publish","4":"has-post-thumbnail","6":"product_cat-tkked-ja-vravad-aiad-ja-vravad","7":"product_tag-elamu-terasest-varav","8":"product_tag-metallist-turvavarav","9":"product_tag-pulbervarvitud-turvavarav","10":"product_tag-terasest-turvavarav","11":"product_tag-vertikaalsete-tugipulkadega-varav","13":"first","14":"instock","15":"shipping-taxable","16":"product-type-simple"},"yoast_head":"<!-- This site is optimized with the Yoast SEO plugin v23.1 - https:\/\/yoast.com\/wordpress\/plugins\/seo\/ -->\n<title>Terasest Turvav\u00e4rav Vertikaalsete Tugipulkadega - ABR Home - Metallic constructions since 2010<\/title>\n<meta name=\"robots\" content=\"index, follow, max-snippet:-1, max-image-preview:large, max-video-preview:-1\" \/>\n<link rel=\"canonical\" href=\"https:\/\/abrhome.eu\/toode\/steel-security-gate-with-vertical-bars\/\" \/>\n<meta property=\"og:locale\" content=\"et_EE\" \/>\n<meta property=\"og:type\" content=\"article\" \/>\n<meta property=\"og:title\" content=\"Terasest Turvav\u00e4rav Vertikaalsete Tugipulkadega - ABR Home - Metallic constructions since 2010\" \/>\n<meta property=\"og:description\" content=\"Avasta meie Terasest Turvav\u00e4rav, projekteeritud vastupidavuse tagamiseks vertikaalsete ja horisontaalsete toetuslattidega ning usaldusv\u00e4\u00e4rse lukustusmehhanismiga. Viimistletud musta matt pulberv\u00e4rviga korrosiooni vastupanu ja stiili jaoks.\" \/>\n<meta property=\"og:url\" content=\"https:\/\/abrhome.eu\/toode\/steel-security-gate-with-vertical-bars\/\" \/>\n<meta property=\"og:site_name\" content=\"ABR Home - Metallic constructions since 2010\" \/>\n<meta property=\"article:modified_time\" content=\"2024-06-04T20:36:47+00:00\" \/>\n<meta property=\"og:image\" content=\"https:\/\/abrhome.eu\/wp-content\/uploads\/2024\/06\/IMG-20200615-WA0001.jpg\" \/>\n\t<meta property=\"og:image:width\" content=\"1200\" \/>\n\t<meta property=\"og:image:height\" content=\"1600\" \/>\n\t<meta property=\"og:image:type\" content=\"image\/jpeg\" \/>\n<meta name=\"twitter:card\" content=\"summary_large_image\" \/>\n<meta name=\"twitter:label1\" content=\"Est. reading time\" \/>\n\t<meta name=\"twitter:data1\" content=\"1 minut\" \/>\n<script type=\"application\/ld+json\" class=\"yoast-schema-graph\">{\"@context\":\"https:\/\/schema.org\",\"@graph\":[{\"@type\":\"WebPage\",\"@id\":\"https:\/\/abrhome.eu\/toode\/steel-security-gate-with-vertical-bars\/\",\"url\":\"https:\/\/abrhome.eu\/toode\/steel-security-gate-with-vertical-bars\/\",\"name\":\"Terasest Turvav\u00e4rav Vertikaalsete Tugipulkadega - ABR Home - Metallic constructions since 2010\",\"isPartOf\":{\"@id\":\"https:\/\/abrhome.eu\/#website\"},\"primaryImageOfPage\":{\"@id\":\"https:\/\/abrhome.eu\/toode\/steel-security-gate-with-vertical-bars\/#primaryimage\"},\"image\":{\"@id\":\"https:\/\/abrhome.eu\/toode\/steel-security-gate-with-vertical-bars\/#primaryimage\"},\"thumbnailUrl\":\"https:\/\/abrhome.eu\/wp-content\/uploads\/2024\/06\/IMG-20200615-WA0001.jpg\",\"datePublished\":\"2024-06-04T15:15:07+00:00\",\"dateModified\":\"2024-06-04T20:36:47+00:00\",\"breadcrumb\":{\"@id\":\"https:\/\/abrhome.eu\/toode\/steel-security-gate-with-vertical-bars\/#breadcrumb\"},\"inLanguage\":\"et\",\"potentialAction\":[{\"@type\":\"ReadAction\",\"target\":[\"https:\/\/abrhome.eu\/toode\/steel-security-gate-with-vertical-bars\/\"]}]},{\"@type\":\"ImageObject\",\"inLanguage\":\"et\",\"@id\":\"https:\/\/abrhome.eu\/toode\/steel-security-gate-with-vertical-bars\/#primaryimage\",\"url\":\"https:\/\/abrhome.eu\/wp-content\/uploads\/2024\/06\/IMG-20200615-WA0001.jpg\",\"contentUrl\":\"https:\/\/abrhome.eu\/wp-content\/uploads\/2024\/06\/IMG-20200615-WA0001.jpg\",\"width\":1200,\"height\":1600,\"caption\":\"Ter\u00e4sturvaportti pystysuorilla tangoilla\"},{\"@type\":\"BreadcrumbList\",\"@id\":\"https:\/\/abrhome.eu\/toode\/steel-security-gate-with-vertical-bars\/#breadcrumb\",\"itemListElement\":[{\"@type\":\"ListItem\",\"position\":1,\"name\":\"Home\",\"item\":\"https:\/\/abrhome.eu\/et\/\"},{\"@type\":\"ListItem\",\"position\":2,\"name\":\"Tooted\",\"item\":\"https:\/\/abrhome.eu\/products\/\"},{\"@type\":\"ListItem\",\"position\":3,\"name\":\"Terasest Turvav\u00e4rav Vertikaalsete Tugipulkadega\"}]},{\"@type\":\"WebSite\",\"@id\":\"https:\/\/abrhome.eu\/#website\",\"url\":\"https:\/\/abrhome.eu\/\",\"name\":\"ABR Home - Metallic constructions since 2010\",\"description\":\"\",\"publisher\":{\"@id\":\"https:\/\/abrhome.eu\/#organization\"},\"potentialAction\":[{\"@type\":\"SearchAction\",\"target\":{\"@type\":\"EntryPoint\",\"urlTemplate\":\"https:\/\/abrhome.eu\/?s={search_term_string}\"},\"query-input\":\"required name=search_term_string\"}],\"inLanguage\":\"et\"},{\"@type\":\"Organization\",\"@id\":\"https:\/\/abrhome.eu\/#organization\",\"name\":\"ABR Home - Metallic constructions since 2010\",\"url\":\"https:\/\/abrhome.eu\/\",\"logo\":{\"@type\":\"ImageObject\",\"inLanguage\":\"et\",\"@id\":\"https:\/\/abrhome.eu\/#\/schema\/logo\/image\/\",\"url\":\"https:\/\/abrhome.eu\/wp-content\/uploads\/2023\/12\/logo-10.png\",\"contentUrl\":\"https:\/\/abrhome.eu\/wp-content\/uploads\/2023\/12\/logo-10.png\",\"width\":300,\"height\":139,\"caption\":\"ABR Home - Metallic constructions since 2010\"},\"image\":{\"@id\":\"https:\/\/abrhome.eu\/#\/schema\/logo\/image\/\"}}]}<\/script>\n<!-- \/ Yoast SEO plugin. -->","yoast_head_json":{"title":"Terasest Turvav\u00e4rav Vertikaalsete Tugipulkadega - ABR Home - Metallic constructions since 2010","robots":{"index":"index","follow":"follow","max-snippet":"max-snippet:-1","max-image-preview":"max-image-preview:large","max-video-preview":"max-video-preview:-1"},"canonical":"https:\/\/abrhome.eu\/toode\/steel-security-gate-with-vertical-bars\/","og_locale":"et_EE","og_type":"article","og_title":"Terasest Turvav\u00e4rav Vertikaalsete Tugipulkadega - ABR Home - Metallic constructions since 2010","og_description":"Avasta meie Terasest Turvav\u00e4rav, projekteeritud vastupidavuse tagamiseks vertikaalsete ja horisontaalsete toetuslattidega ning usaldusv\u00e4\u00e4rse lukustusmehhanismiga. Viimistletud musta matt pulberv\u00e4rviga korrosiooni vastupanu ja stiili jaoks.","og_url":"https:\/\/abrhome.eu\/toode\/steel-security-gate-with-vertical-bars\/","og_site_name":"ABR Home - Metallic constructions since 2010","article_modified_time":"2024-06-04T20:36:47+00:00","og_image":[{"width":1200,"height":1600,"url":"https:\/\/abrhome.eu\/wp-content\/uploads\/2024\/06\/IMG-20200615-WA0001.jpg","type":"image\/jpeg"}],"twitter_card":"summary_large_image","twitter_misc":{"Est. reading time":"1 minut"},"schema":{"@context":"https:\/\/schema.org","@graph":[{"@type":"WebPage","@id":"https:\/\/abrhome.eu\/toode\/steel-security-gate-with-vertical-bars\/","url":"https:\/\/abrhome.eu\/toode\/steel-security-gate-with-vertical-bars\/","name":"Terasest Turvav\u00e4rav Vertikaalsete Tugipulkadega - ABR Home - Metallic constructions since 2010","isPartOf":{"@id":"https:\/\/abrhome.eu\/#website"},"primaryImageOfPage":{"@id":"https:\/\/abrhome.eu\/toode\/steel-security-gate-with-vertical-bars\/#primaryimage"},"image":{"@id":"https:\/\/abrhome.eu\/toode\/steel-security-gate-with-vertical-bars\/#primaryimage"},"thumbnailUrl":"https:\/\/abrhome.eu\/wp-content\/uploads\/2024\/06\/IMG-20200615-WA0001.jpg","datePublished":"2024-06-04T15:15:07+00:00","dateModified":"2024-06-04T20:36:47+00:00","breadcrumb":{"@id":"https:\/\/abrhome.eu\/toode\/steel-security-gate-with-vertical-bars\/#breadcrumb"},"inLanguage":"et","potentialAction":[{"@type":"ReadAction","target":["https:\/\/abrhome.eu\/toode\/steel-security-gate-with-vertical-bars\/"]}]},{"@type":"ImageObject","inLanguage":"et","@id":"https:\/\/abrhome.eu\/toode\/steel-security-gate-with-vertical-bars\/#primaryimage","url":"https:\/\/abrhome.eu\/wp-content\/uploads\/2024\/06\/IMG-20200615-WA0001.jpg","contentUrl":"https:\/\/abrhome.eu\/wp-content\/uploads\/2024\/06\/IMG-20200615-WA0001.jpg","width":1200,"height":1600,"caption":"Ter\u00e4sturvaportti pystysuorilla tangoilla"},{"@type":"BreadcrumbList","@id":"https:\/\/abrhome.eu\/toode\/steel-security-gate-with-vertical-bars\/#breadcrumb","itemListElement":[{"@type":"ListItem","position":1,"name":"Home","item":"https:\/\/abrhome.eu\/et\/"},{"@type":"ListItem","position":2,"name":"Tooted","item":"https:\/\/abrhome.eu\/products\/"},{"@type":"ListItem","position":3,"name":"Terasest Turvav\u00e4rav Vertikaalsete Tugipulkadega"}]},{"@type":"WebSite","@id":"https:\/\/abrhome.eu\/#website","url":"https:\/\/abrhome.eu\/","name":"ABR Home - Metallic constructions since 2010","description":"","publisher":{"@id":"https:\/\/abrhome.eu\/#organization"},"potentialAction":[{"@type":"SearchAction","target":{"@type":"EntryPoint","urlTemplate":"https:\/\/abrhome.eu\/?s={search_term_string}"},"query-input":"required name=search_term_string"}],"inLanguage":"et"},{"@type":"Organization","@id":"https:\/\/abrhome.eu\/#organization","name":"ABR Home - Metallic constructions since 2010","url":"https:\/\/abrhome.eu\/","logo":{"@type":"ImageObject","inLanguage":"et","@id":"https:\/\/abrhome.eu\/#\/schema\/logo\/image\/","url":"https:\/\/abrhome.eu\/wp-content\/uploads\/2023\/12\/logo-10.png","contentUrl":"https:\/\/abrhome.eu\/wp-content\/uploads\/2023\/12\/logo-10.png","width":300,"height":139,"caption":"ABR Home - Metallic constructions since 2010"},"image":{"@id":"https:\/\/abrhome.eu\/#\/schema\/logo\/image\/"}}]}},"_links":{"self":[{"href":"https:\/\/abrhome.eu\/et\/wp-json\/wp\/v2\/product\/13021","targetHints":{"allow":["GET"]}}],"collection":[{"href":"https:\/\/abrhome.eu\/et\/wp-json\/wp\/v2\/product"}],"about":[{"href":"https:\/\/abrhome.eu\/et\/wp-json\/wp\/v2\/types\/product"}],"version-history":[{"count":0,"href":"https:\/\/abrhome.eu\/et\/wp-json\/wp\/v2\/product\/13021\/revisions"}],"wp:featuredmedia":[{"embeddable":true,"href":"https:\/\/abrhome.eu\/et\/wp-json\/wp\/v2\/media\/4163"}],"wp:attachment":[{"href":"https:\/\/abrhome.eu\/et\/wp-json\/wp\/v2\/media?parent=13021"}],"wp:term":[{"taxonomy":"product_cat","embeddable":true,"href":"https:\/\/abrhome.eu\/et\/wp-json\/wp\/v2\/product_cat?post=13021"},{"taxonomy":"product_tag","embeddable":true,"href":"https:\/\/abrhome.eu\/et\/wp-json\/wp\/v2\/product_tag?post=13021"}],"curies":[{"name":"wp","href":"https:\/\/api.w.org\/{rel}","templated":true}]}}