{"id":10054,"date":"2024-06-04T17:11:13","date_gmt":"2024-06-04T15:11:13","guid":{"rendered":"https:\/\/abrhome.eu\/product\/kestava-terasparvekkeen-kaide\/"},"modified":"2024-06-04T18:23:40","modified_gmt":"2024-06-04T16:23:40","slug":"kestava-terasparvekkeen-kaide","status":"publish","type":"product","link":"https:\/\/abrhome.eu\/fi\/tuote\/kestava-terasparvekkeen-kaide\/","title":{"rendered":"Kest\u00e4v\u00e4 Ter\u00e4sparvekkeen Kaide"},"content":{"rendered":"<p><b>Paranna turvallisuutta ja esteettisyytt\u00e4<\/b> parvekkeellasi meid\u00e4n Kest\u00e4v\u00e4ll\u00e4 Ter\u00e4sparvekkeen Kaiteella. Huolellisesti korkealaatuisesta ter\u00e4ksest\u00e4 valmistettu kaide toimii lujana <b>turvav\u00e4lineen\u00e4<\/b> samalla lis\u00e4ten tyylikkyytt\u00e4 rakennuksen julkisivuun. Suunnittelu- ja insin\u00f6\u00f6rity\u00f6 varmistaa, ett\u00e4 jokainen kaide sopii t\u00e4ydellisesti parvekkeesi mittoihin.<\/p>\n<p>Valmistusprosessi sis\u00e4lt\u00e4\u00e4 leikkaamisen, muotoilun ja hitsauksen rakenteellisen eheyden varmistamiseksi. Kaiteet k\u00e4sitell\u00e4\u00e4n hionnalla, <b>galvanoinnilla<\/b> ja <b>jauhemaalauksella<\/b> v\u00e4ris\u00e4vyss\u00e4 Grafiitinharmaa (RAL 7024) varmistaakseen sileyden, korroosionkest\u00e4vyyden ja kest\u00e4vyyden. Viimeiset vaiheet sis\u00e4lt\u00e4v\u00e4t huolellisen pakkaamisen ja taitavan asennuksen varmistaen turvallisen toimituksen ja helpon asennuksen, auttaen sinua turvaamaan parvekkeesi tehokkaasti ja tyylikk\u00e4\u00e4sti.<\/p>\n<p> <div class=\"p2410-product-tags\" style=\"margin:1rem 0\">\r\n\t\t<div style=\"font-weight:600\">Tagit<\/div>\r\n\t\t<div><a href=\"https:\/\/abrhome.eu\/fi\/tuote-avainsana\/galvanoitu-parvekkeen-kaide\/\" class=\"product-tag\">galvanoitu parvekkeen kaide<\/a>, <a href=\"https:\/\/abrhome.eu\/fi\/tuote-avainsana\/jauhemaalattu-parvekkeen-kaide\/\" class=\"product-tag\">jauhemaalattu parvekkeen kaide<\/a>, <a href=\"https:\/\/abrhome.eu\/fi\/tuote-avainsana\/metallinen-turvakaide\/\" class=\"product-tag\">metallinen turvakaide<\/a>, <a href=\"https:\/\/abrhome.eu\/fi\/tuote-avainsana\/parvekkeen-kaiteen-asennus\/\" class=\"product-tag\">parvekkeen kaiteen asennus<\/a>, <a href=\"https:\/\/abrhome.eu\/fi\/tuote-avainsana\/terasparvekkeen-kaide\/\" class=\"product-tag\">ter\u00e4sparvekkeen kaide<\/a><\/div>\r\n\t<\/div> <div class=\"p2410-product-colors\" style=\"margin:1rem 0\">\r\n\t\t<div style=\"font-weight:600\">V\u00e4ri<\/div>\r\n\t\t<div><span>RAL 1023 Liikennekeltainen (Keltainen)<\/span>, <span>RAL 1036 Helmi\u00e4iskulta (Kulta)<\/span>, <span>RAL 2004 Puhdas oranssi (Oranssi)<\/span>, <span>RAL 3000 Liekki punainen (Punainen)<\/span>, <span>RAL 3020 Liikennepunainen (Punainen)<\/span>, <span>RAL 4005 Sinilila (Violetti)<\/span>, <span>RAL 5005 Signaalinsininen (Sininen)<\/span>, <span>RAL 5010 Gentian sininen (Sininen)<\/span>, <span>RAL 6005 Sammaleenvihre\u00e4 (Vihre\u00e4)<\/span>, <span>RAL 7012 Basalttiharmaa (Harmaa)<\/span>, <span>RAL 7015 Liuskekiviharmaa (Harmaa)<\/span>, <span>RAL 7016 Antrasiitinharmaa (Harmaa)<\/span>, <span>RAL 7021 Mustanharmaa (Musta)<\/span>, <span>RAL 7024 Grafiitinharmaa (Harmaa)<\/span>, <span>RAL 7032 Kivenharmaa (Harmaa)<\/span>, <span>RAL 7035 Vaaleanharmaa (Harmaa)<\/span>, <span>RAL 7040 Ikkunanharmaa (Harmaa)<\/span>, <span>RAL 7042 Liikenneharmaa A (Harmaa)<\/span>, <span>RAL 8017 Suklaanruskea (Ruskea)<\/span>, <span>RAL 9005 Musta hiili (Musta)<\/span>, <span>RAL 9006 Valkoinen alumiini (Hopea)<\/span>, <span>RAL 9007 Harmaa alumiini (Hopea)<\/span>, <span>RAL 9010 Puhdas valkoinen (Valkoinen)<\/span>, <span>RAL 9016 Liikennevalkoinen (Valkoinen)<\/span><\/div>\r\n\t<\/div><\/p>\n","protected":false},"excerpt":{"rendered":"<p>Turvaa ja paranna parvekettasi meid\u00e4n <b>ter\u00e4sparvekkeen kaiteella<\/b>. Asiantuntevasti suunniteltu optimaaliseen turvallisuuteen ja esteettiseen vieh\u00e4tt\u00e4vyyteen, sis\u00e4lt\u00e4\u00e4 kest\u00e4v\u00e4n <b>jauhemaalatun pinnan<\/b> ja helpon asennuksen.<\/p>\n","protected":false},"featured_media":2303,"template":"","meta":[],"product_cat":[26698],"product_tag":[2626,2640,2612,2654,2598],"class_list":{"0":"post-10054","1":"product","2":"type-product","3":"status-publish","4":"has-post-thumbnail","6":"product_cat-koti-rakenteet-parveke","7":"product_tag-galvanoitu-parvekkeen-kaide","8":"product_tag-jauhemaalattu-parvekkeen-kaide","9":"product_tag-metallinen-turvakaide","10":"product_tag-parvekkeen-kaiteen-asennus","11":"product_tag-terasparvekkeen-kaide","13":"first","14":"instock","15":"shipping-taxable","16":"product-type-simple"},"yoast_head":"<!-- This site is optimized with the Yoast SEO plugin v23.1 - https:\/\/yoast.com\/wordpress\/plugins\/seo\/ -->\n<title>Kest\u00e4v\u00e4 Ter\u00e4sparvekkeen Kaide - ABR Home - Metallic constructions since 2010<\/title>\n<meta name=\"robots\" content=\"index, follow, max-snippet:-1, max-image-preview:large, max-video-preview:-1\" \/>\n<link rel=\"canonical\" href=\"https:\/\/abrhome.eu\/tuote\/durable-steel-balcony-railing\/\" \/>\n<meta property=\"og:locale\" content=\"fi_FI\" \/>\n<meta property=\"og:type\" content=\"article\" \/>\n<meta property=\"og:title\" content=\"Kest\u00e4v\u00e4 Ter\u00e4sparvekkeen Kaide - ABR Home - Metallic constructions since 2010\" \/>\n<meta property=\"og:description\" content=\"Turvaa ja paranna parvekettasi meid\u00e4n ter\u00e4sparvekkeen kaiteella. Asiantuntevasti suunniteltu optimaaliseen turvallisuuteen ja esteettiseen vieh\u00e4tt\u00e4vyyteen, sis\u00e4lt\u00e4\u00e4 kest\u00e4v\u00e4n jauhemaalatun pinnan ja helpon asennuksen.\" \/>\n<meta property=\"og:url\" content=\"https:\/\/abrhome.eu\/tuote\/durable-steel-balcony-railing\/\" \/>\n<meta property=\"og:site_name\" content=\"ABR Home - Metallic constructions since 2010\" \/>\n<meta property=\"article:modified_time\" content=\"2024-06-04T16:23:40+00:00\" \/>\n<meta property=\"og:image\" content=\"https:\/\/abrhome.eu\/wp-content\/uploads\/2024\/06\/016-Berlin-2018-scaled.jpg\" \/>\n\t<meta property=\"og:image:width\" content=\"2560\" \/>\n\t<meta property=\"og:image:height\" content=\"1920\" \/>\n\t<meta property=\"og:image:type\" content=\"image\/jpeg\" \/>\n<meta name=\"twitter:card\" content=\"summary_large_image\" \/>\n<meta name=\"twitter:label1\" content=\"Arvioitu lukuaika\" \/>\n\t<meta name=\"twitter:data1\" content=\"1 minuutti\" \/>\n<script type=\"application\/ld+json\" class=\"yoast-schema-graph\">{\"@context\":\"https:\/\/schema.org\",\"@graph\":[{\"@type\":\"WebPage\",\"@id\":\"https:\/\/abrhome.eu\/tuote\/durable-steel-balcony-railing\/\",\"url\":\"https:\/\/abrhome.eu\/tuote\/durable-steel-balcony-railing\/\",\"name\":\"Kest\u00e4v\u00e4 Ter\u00e4sparvekkeen Kaide - ABR Home - Metallic constructions since 2010\",\"isPartOf\":{\"@id\":\"https:\/\/abrhome.eu\/#website\"},\"primaryImageOfPage\":{\"@id\":\"https:\/\/abrhome.eu\/tuote\/durable-steel-balcony-railing\/#primaryimage\"},\"image\":{\"@id\":\"https:\/\/abrhome.eu\/tuote\/durable-steel-balcony-railing\/#primaryimage\"},\"thumbnailUrl\":\"https:\/\/abrhome.eu\/wp-content\/uploads\/2024\/06\/016-Berlin-2018-scaled.jpg\",\"datePublished\":\"2024-06-04T15:11:13+00:00\",\"dateModified\":\"2024-06-04T16:23:40+00:00\",\"breadcrumb\":{\"@id\":\"https:\/\/abrhome.eu\/tuote\/durable-steel-balcony-railing\/#breadcrumb\"},\"inLanguage\":\"fi\",\"potentialAction\":[{\"@type\":\"ReadAction\",\"target\":[\"https:\/\/abrhome.eu\/tuote\/durable-steel-balcony-railing\/\"]}]},{\"@type\":\"ImageObject\",\"inLanguage\":\"fi\",\"@id\":\"https:\/\/abrhome.eu\/tuote\/durable-steel-balcony-railing\/#primaryimage\",\"url\":\"https:\/\/abrhome.eu\/wp-content\/uploads\/2024\/06\/016-Berlin-2018-scaled.jpg\",\"contentUrl\":\"https:\/\/abrhome.eu\/wp-content\/uploads\/2024\/06\/016-Berlin-2018-scaled.jpg\",\"width\":2560,\"height\":1920,\"caption\":\"Kest\u00e4v\u00e4 Ter\u00e4sparvekkeen Kaide\"},{\"@type\":\"BreadcrumbList\",\"@id\":\"https:\/\/abrhome.eu\/tuote\/durable-steel-balcony-railing\/#breadcrumb\",\"itemListElement\":[{\"@type\":\"ListItem\",\"position\":1,\"name\":\"Home\",\"item\":\"https:\/\/abrhome.eu\/fi\/\"},{\"@type\":\"ListItem\",\"position\":2,\"name\":\"Tuotteet\",\"item\":\"https:\/\/abrhome.eu\/products\/\"},{\"@type\":\"ListItem\",\"position\":3,\"name\":\"Kest\u00e4v\u00e4 Ter\u00e4sparvekkeen Kaide\"}]},{\"@type\":\"WebSite\",\"@id\":\"https:\/\/abrhome.eu\/#website\",\"url\":\"https:\/\/abrhome.eu\/\",\"name\":\"ABR Home - Metallic constructions since 2010\",\"description\":\"\",\"publisher\":{\"@id\":\"https:\/\/abrhome.eu\/#organization\"},\"potentialAction\":[{\"@type\":\"SearchAction\",\"target\":{\"@type\":\"EntryPoint\",\"urlTemplate\":\"https:\/\/abrhome.eu\/?s={search_term_string}\"},\"query-input\":\"required name=search_term_string\"}],\"inLanguage\":\"fi\"},{\"@type\":\"Organization\",\"@id\":\"https:\/\/abrhome.eu\/#organization\",\"name\":\"ABR Home - Metallic constructions since 2010\",\"url\":\"https:\/\/abrhome.eu\/\",\"logo\":{\"@type\":\"ImageObject\",\"inLanguage\":\"fi\",\"@id\":\"https:\/\/abrhome.eu\/#\/schema\/logo\/image\/\",\"url\":\"https:\/\/abrhome.eu\/wp-content\/uploads\/2023\/12\/logo-10.png\",\"contentUrl\":\"https:\/\/abrhome.eu\/wp-content\/uploads\/2023\/12\/logo-10.png\",\"width\":300,\"height\":139,\"caption\":\"ABR Home - Metallic constructions since 2010\"},\"image\":{\"@id\":\"https:\/\/abrhome.eu\/#\/schema\/logo\/image\/\"}}]}<\/script>\n<!-- \/ Yoast SEO plugin. -->","yoast_head_json":{"title":"Kest\u00e4v\u00e4 Ter\u00e4sparvekkeen Kaide - ABR Home - Metallic constructions since 2010","robots":{"index":"index","follow":"follow","max-snippet":"max-snippet:-1","max-image-preview":"max-image-preview:large","max-video-preview":"max-video-preview:-1"},"canonical":"https:\/\/abrhome.eu\/tuote\/durable-steel-balcony-railing\/","og_locale":"fi_FI","og_type":"article","og_title":"Kest\u00e4v\u00e4 Ter\u00e4sparvekkeen Kaide - ABR Home - Metallic constructions since 2010","og_description":"Turvaa ja paranna parvekettasi meid\u00e4n ter\u00e4sparvekkeen kaiteella. Asiantuntevasti suunniteltu optimaaliseen turvallisuuteen ja esteettiseen vieh\u00e4tt\u00e4vyyteen, sis\u00e4lt\u00e4\u00e4 kest\u00e4v\u00e4n jauhemaalatun pinnan ja helpon asennuksen.","og_url":"https:\/\/abrhome.eu\/tuote\/durable-steel-balcony-railing\/","og_site_name":"ABR Home - Metallic constructions since 2010","article_modified_time":"2024-06-04T16:23:40+00:00","og_image":[{"width":2560,"height":1920,"url":"https:\/\/abrhome.eu\/wp-content\/uploads\/2024\/06\/016-Berlin-2018-scaled.jpg","type":"image\/jpeg"}],"twitter_card":"summary_large_image","twitter_misc":{"Arvioitu lukuaika":"1 minuutti"},"schema":{"@context":"https:\/\/schema.org","@graph":[{"@type":"WebPage","@id":"https:\/\/abrhome.eu\/tuote\/durable-steel-balcony-railing\/","url":"https:\/\/abrhome.eu\/tuote\/durable-steel-balcony-railing\/","name":"Kest\u00e4v\u00e4 Ter\u00e4sparvekkeen Kaide - ABR Home - Metallic constructions since 2010","isPartOf":{"@id":"https:\/\/abrhome.eu\/#website"},"primaryImageOfPage":{"@id":"https:\/\/abrhome.eu\/tuote\/durable-steel-balcony-railing\/#primaryimage"},"image":{"@id":"https:\/\/abrhome.eu\/tuote\/durable-steel-balcony-railing\/#primaryimage"},"thumbnailUrl":"https:\/\/abrhome.eu\/wp-content\/uploads\/2024\/06\/016-Berlin-2018-scaled.jpg","datePublished":"2024-06-04T15:11:13+00:00","dateModified":"2024-06-04T16:23:40+00:00","breadcrumb":{"@id":"https:\/\/abrhome.eu\/tuote\/durable-steel-balcony-railing\/#breadcrumb"},"inLanguage":"fi","potentialAction":[{"@type":"ReadAction","target":["https:\/\/abrhome.eu\/tuote\/durable-steel-balcony-railing\/"]}]},{"@type":"ImageObject","inLanguage":"fi","@id":"https:\/\/abrhome.eu\/tuote\/durable-steel-balcony-railing\/#primaryimage","url":"https:\/\/abrhome.eu\/wp-content\/uploads\/2024\/06\/016-Berlin-2018-scaled.jpg","contentUrl":"https:\/\/abrhome.eu\/wp-content\/uploads\/2024\/06\/016-Berlin-2018-scaled.jpg","width":2560,"height":1920,"caption":"Kest\u00e4v\u00e4 Ter\u00e4sparvekkeen Kaide"},{"@type":"BreadcrumbList","@id":"https:\/\/abrhome.eu\/tuote\/durable-steel-balcony-railing\/#breadcrumb","itemListElement":[{"@type":"ListItem","position":1,"name":"Home","item":"https:\/\/abrhome.eu\/fi\/"},{"@type":"ListItem","position":2,"name":"Tuotteet","item":"https:\/\/abrhome.eu\/products\/"},{"@type":"ListItem","position":3,"name":"Kest\u00e4v\u00e4 Ter\u00e4sparvekkeen Kaide"}]},{"@type":"WebSite","@id":"https:\/\/abrhome.eu\/#website","url":"https:\/\/abrhome.eu\/","name":"ABR Home - Metallic constructions since 2010","description":"","publisher":{"@id":"https:\/\/abrhome.eu\/#organization"},"potentialAction":[{"@type":"SearchAction","target":{"@type":"EntryPoint","urlTemplate":"https:\/\/abrhome.eu\/?s={search_term_string}"},"query-input":"required name=search_term_string"}],"inLanguage":"fi"},{"@type":"Organization","@id":"https:\/\/abrhome.eu\/#organization","name":"ABR Home - Metallic constructions since 2010","url":"https:\/\/abrhome.eu\/","logo":{"@type":"ImageObject","inLanguage":"fi","@id":"https:\/\/abrhome.eu\/#\/schema\/logo\/image\/","url":"https:\/\/abrhome.eu\/wp-content\/uploads\/2023\/12\/logo-10.png","contentUrl":"https:\/\/abrhome.eu\/wp-content\/uploads\/2023\/12\/logo-10.png","width":300,"height":139,"caption":"ABR Home - Metallic constructions since 2010"},"image":{"@id":"https:\/\/abrhome.eu\/#\/schema\/logo\/image\/"}}]}},"_links":{"self":[{"href":"https:\/\/abrhome.eu\/fi\/wp-json\/wp\/v2\/product\/10054","targetHints":{"allow":["GET"]}}],"collection":[{"href":"https:\/\/abrhome.eu\/fi\/wp-json\/wp\/v2\/product"}],"about":[{"href":"https:\/\/abrhome.eu\/fi\/wp-json\/wp\/v2\/types\/product"}],"version-history":[{"count":0,"href":"https:\/\/abrhome.eu\/fi\/wp-json\/wp\/v2\/product\/10054\/revisions"}],"wp:featuredmedia":[{"embeddable":true,"href":"https:\/\/abrhome.eu\/fi\/wp-json\/wp\/v2\/media\/2303"}],"wp:attachment":[{"href":"https:\/\/abrhome.eu\/fi\/wp-json\/wp\/v2\/media?parent=10054"}],"wp:term":[{"taxonomy":"product_cat","embeddable":true,"href":"https:\/\/abrhome.eu\/fi\/wp-json\/wp\/v2\/product_cat?post=10054"},{"taxonomy":"product_tag","embeddable":true,"href":"https:\/\/abrhome.eu\/fi\/wp-json\/wp\/v2\/product_tag?post=10054"}],"curies":[{"name":"wp","href":"https:\/\/api.w.org\/{rel}","templated":true}]}}