{"id":10252,"date":"2024-06-04T17:11:50","date_gmt":"2024-06-04T15:11:50","guid":{"rendered":"https:\/\/abrhome.eu\/product\/premium-metalliparvekekaide\/"},"modified":"2024-06-04T18:58:57","modified_gmt":"2024-06-04T16:58:57","slug":"premium-metalliparvekekaide","status":"publish","type":"product","link":"https:\/\/abrhome.eu\/fi\/tuote\/premium-metalliparvekekaide\/","title":{"rendered":"Premium-metalliparvekekaide"},"content":{"rendered":"<p>Paranna parvekkeesi turvallisuutta ja esteettisyytt\u00e4 meid\u00e4n <b>Premium-metalliparvekekaiteella<\/b>, joka on suunniteltu sek\u00e4 asuin- ett\u00e4 liikerakennuksiin. Kaide on taidokkaasti suunniteltu k\u00e4ytt\u00e4en edistyneit\u00e4 CAD\/CAM-teknologioita varmistaakseen tarkkuuden jokaisessa muodossa. Se on valmistettu korkealaatuisesta ter\u00e4ksest\u00e4, mik\u00e4 takaa kest\u00e4vyyden ja pitk\u00e4ik\u00e4isyyden.<\/p>\n<p>Tuotantoprosessi sis\u00e4lt\u00e4\u00e4 jyrsinn\u00e4n, sorvauksen ja taivuttamisen, jotta kaide saadaan muotoiltua ainutlaatuisesti. Hitsaamme my\u00f6s jokaisen osan vahvaan kokoonpanoon ja hienoimme pinnat tasoittaaksemme liitoskohdat. Viimeistelyksi kaiteeseen lis\u00e4t\u00e4\u00e4n maalausta tai jauhemaalausta, valittavissa esimerkiksi harmaanruskea (RAL 8019) tai musta (RAL 9005), mik\u00e4 lis\u00e4\u00e4 visuaalista vieh\u00e4tt\u00e4vyytt\u00e4 ja tarjoaa ylivertaisen korroosionkest\u00e4vyyden.<\/p>\n<p>Tuotteemme k\u00e4y l\u00e4pi laajat laaduntarkastukset t\u00e4ytt\u00e4\u00e4kseen turvallisuusstandardit, varmistaen luotettavuuden ennen kuin se pakataan toimitettavaksi. Asennus tapahtuu helposti pulttien ja ruuvien avulla, jotka tarjoavat vakautta ja pitk\u00e4kestoista k\u00e4ytt\u00f6\u00e4. Ihanteellinen sek\u00e4 <b>asuinparvekekaidetta<\/b> ett\u00e4 <b>liikekiinteist\u00f6jen parvekekaiteiden asennusta<\/b> varten.<\/p>\n<p> <div class=\"p2410-product-tags\" style=\"margin:1rem 0\">\r\n\t\t<div style=\"font-weight:600\">Tagit<\/div>\r\n\t\t<div><a href=\"https:\/\/abrhome.eu\/fi\/tuote-avainsana\/metalliparvekekaide\/\" class=\"product-tag\">metalliparvekekaide<\/a>, <a href=\"https:\/\/abrhome.eu\/fi\/tuote-avainsana\/mukautettu-parvekekaide\/\" class=\"product-tag\">Mukautettu parvekekaide<\/a>, <a href=\"https:\/\/abrhome.eu\/fi\/tuote-avainsana\/parvekekaidemuotoilu\/\" class=\"product-tag\">parvekekaidemuotoilu<\/a>, <a href=\"https:\/\/abrhome.eu\/fi\/tuote-avainsana\/suojapinnoitekaide\/\" class=\"product-tag\">suojapinnoitekaide<\/a>, <a href=\"https:\/\/abrhome.eu\/fi\/tuote-avainsana\/terasparvekkeen-kaide\/\" class=\"product-tag\">ter\u00e4sparvekkeen kaide<\/a><\/div>\r\n\t<\/div> <div class=\"p2410-product-colors\" style=\"margin:1rem 0\">\r\n\t\t<div style=\"font-weight:600\">V\u00e4ri<\/div>\r\n\t\t<div><span>RAL 1023 Liikennekeltainen (Keltainen)<\/span>, <span>RAL 1036 Helmi\u00e4iskulta (Kulta)<\/span>, <span>RAL 2004 Puhdas oranssi (Oranssi)<\/span>, <span>RAL 3000 Liekki punainen (Punainen)<\/span>, <span>RAL 3020 Liikennepunainen (Punainen)<\/span>, <span>RAL 4005 Sinilila (Violetti)<\/span>, <span>RAL 5005 Signaalinsininen (Sininen)<\/span>, <span>RAL 5010 Gentian sininen (Sininen)<\/span>, <span>RAL 6005 Sammaleenvihre\u00e4 (Vihre\u00e4)<\/span>, <span>RAL 7012 Basalttiharmaa (Harmaa)<\/span>, <span>RAL 7015 Liuskekiviharmaa (Harmaa)<\/span>, <span>RAL 7016 Antrasiitinharmaa (Harmaa)<\/span>, <span>RAL 7021 Mustanharmaa (Musta)<\/span>, <span>RAL 7024 Grafiitinharmaa (Harmaa)<\/span>, <span>RAL 7032 Kivenharmaa (Harmaa)<\/span>, <span>RAL 7035 Vaaleanharmaa (Harmaa)<\/span>, <span>RAL 7040 Ikkunanharmaa (Harmaa)<\/span>, <span>RAL 7042 Liikenneharmaa A (Harmaa)<\/span>, <span>RAL 8017 Suklaanruskea (Ruskea)<\/span>, <span>RAL 9005 Musta hiili (Musta)<\/span>, <span>RAL 9006 Valkoinen alumiini (Hopea)<\/span>, <span>RAL 9007 Harmaa alumiini (Hopea)<\/span>, <span>RAL 9010 Puhdas valkoinen (Valkoinen)<\/span>, <span>RAL 9016 Liikennevalkoinen (Valkoinen)<\/span><\/div>\r\n\t<\/div><\/p>\n","protected":false},"excerpt":{"rendered":"<p>P\u00e4ivit\u00e4 rakennuksesi ulkokuori meid\u00e4n <b>Premium-metalliparvekekaiteellamme<\/b>. Suunniteltu sek\u00e4 asuin- ett\u00e4 liiketilojen k\u00e4ytt\u00f6\u00f6n, kaide on valmistettu turvallisuutta, kest\u00e4vyytt\u00e4 ja esteettisyytt\u00e4 silm\u00e4ll\u00e4 pit\u00e4en korkealaatuisesta ter\u00e4ksest\u00e4 ja edistyneest\u00e4 teknologiasta. Saatavilla useita viimeistelyj\u00e4.<\/p>\n","protected":false},"featured_media":2513,"template":"","meta":[],"product_cat":[26698],"product_tag":[2165,2068,3365,3379,2598],"class_list":{"0":"post-10252","1":"product","2":"type-product","3":"status-publish","4":"has-post-thumbnail","6":"product_cat-koti-rakenteet-parveke","7":"product_tag-metalliparvekekaide","8":"product_tag-mukautettu-parvekekaide","9":"product_tag-parvekekaidemuotoilu","10":"product_tag-suojapinnoitekaide","11":"product_tag-terasparvekkeen-kaide","13":"first","14":"instock","15":"shipping-taxable","16":"product-type-simple"},"yoast_head":"<!-- This site is optimized with the Yoast SEO plugin v23.1 - https:\/\/yoast.com\/wordpress\/plugins\/seo\/ -->\n<title>Premium-metalliparvekekaide - ABR Home - Metallic constructions since 2010<\/title>\n<meta name=\"robots\" content=\"index, follow, max-snippet:-1, max-image-preview:large, max-video-preview:-1\" \/>\n<link rel=\"canonical\" href=\"https:\/\/abrhome.eu\/tuote\/premium-metal-balcony-railing\/\" \/>\n<meta property=\"og:locale\" content=\"fi_FI\" \/>\n<meta property=\"og:type\" content=\"article\" \/>\n<meta property=\"og:title\" content=\"Premium-metalliparvekekaide - ABR Home - Metallic constructions since 2010\" \/>\n<meta property=\"og:description\" content=\"P\u00e4ivit\u00e4 rakennuksesi ulkokuori meid\u00e4n Premium-metalliparvekekaiteellamme. Suunniteltu sek\u00e4 asuin- ett\u00e4 liiketilojen k\u00e4ytt\u00f6\u00f6n, kaide on valmistettu turvallisuutta, kest\u00e4vyytt\u00e4 ja esteettisyytt\u00e4 silm\u00e4ll\u00e4 pit\u00e4en korkealaatuisesta ter\u00e4ksest\u00e4 ja edistyneest\u00e4 teknologiasta. Saatavilla useita viimeistelyj\u00e4.\" \/>\n<meta property=\"og:url\" content=\"https:\/\/abrhome.eu\/tuote\/premium-metal-balcony-railing\/\" \/>\n<meta property=\"og:site_name\" content=\"ABR Home - Metallic constructions since 2010\" \/>\n<meta property=\"article:modified_time\" content=\"2024-06-04T16:58:57+00:00\" \/>\n<meta property=\"og:image\" content=\"https:\/\/abrhome.eu\/wp-content\/uploads\/2024\/06\/margas-Jurkalnes54-1.jpg\" \/>\n\t<meta property=\"og:image:width\" content=\"702\" \/>\n\t<meta property=\"og:image:height\" content=\"630\" \/>\n\t<meta property=\"og:image:type\" content=\"image\/jpeg\" \/>\n<meta name=\"twitter:card\" content=\"summary_large_image\" \/>\n<meta name=\"twitter:label1\" content=\"Arvioitu lukuaika\" \/>\n\t<meta name=\"twitter:data1\" content=\"1 minuutti\" \/>\n<script type=\"application\/ld+json\" class=\"yoast-schema-graph\">{\"@context\":\"https:\/\/schema.org\",\"@graph\":[{\"@type\":\"WebPage\",\"@id\":\"https:\/\/abrhome.eu\/tuote\/premium-metal-balcony-railing\/\",\"url\":\"https:\/\/abrhome.eu\/tuote\/premium-metal-balcony-railing\/\",\"name\":\"Premium-metalliparvekekaide - ABR Home - Metallic constructions since 2010\",\"isPartOf\":{\"@id\":\"https:\/\/abrhome.eu\/#website\"},\"primaryImageOfPage\":{\"@id\":\"https:\/\/abrhome.eu\/tuote\/premium-metal-balcony-railing\/#primaryimage\"},\"image\":{\"@id\":\"https:\/\/abrhome.eu\/tuote\/premium-metal-balcony-railing\/#primaryimage\"},\"thumbnailUrl\":\"https:\/\/abrhome.eu\/wp-content\/uploads\/2024\/06\/margas-Jurkalnes54-1.jpg\",\"datePublished\":\"2024-06-04T15:11:50+00:00\",\"dateModified\":\"2024-06-04T16:58:57+00:00\",\"breadcrumb\":{\"@id\":\"https:\/\/abrhome.eu\/tuote\/premium-metal-balcony-railing\/#breadcrumb\"},\"inLanguage\":\"fi\",\"potentialAction\":[{\"@type\":\"ReadAction\",\"target\":[\"https:\/\/abrhome.eu\/tuote\/premium-metal-balcony-railing\/\"]}]},{\"@type\":\"ImageObject\",\"inLanguage\":\"fi\",\"@id\":\"https:\/\/abrhome.eu\/tuote\/premium-metal-balcony-railing\/#primaryimage\",\"url\":\"https:\/\/abrhome.eu\/wp-content\/uploads\/2024\/06\/margas-Jurkalnes54-1.jpg\",\"contentUrl\":\"https:\/\/abrhome.eu\/wp-content\/uploads\/2024\/06\/margas-Jurkalnes54-1.jpg\",\"width\":702,\"height\":630,\"caption\":\"Premium-metalliparvekekaide\"},{\"@type\":\"BreadcrumbList\",\"@id\":\"https:\/\/abrhome.eu\/tuote\/premium-metal-balcony-railing\/#breadcrumb\",\"itemListElement\":[{\"@type\":\"ListItem\",\"position\":1,\"name\":\"Home\",\"item\":\"https:\/\/abrhome.eu\/fi\/\"},{\"@type\":\"ListItem\",\"position\":2,\"name\":\"Tuotteet\",\"item\":\"https:\/\/abrhome.eu\/products\/\"},{\"@type\":\"ListItem\",\"position\":3,\"name\":\"Premium-metalliparvekekaide\"}]},{\"@type\":\"WebSite\",\"@id\":\"https:\/\/abrhome.eu\/#website\",\"url\":\"https:\/\/abrhome.eu\/\",\"name\":\"ABR Home - Metallic constructions since 2010\",\"description\":\"\",\"publisher\":{\"@id\":\"https:\/\/abrhome.eu\/#organization\"},\"potentialAction\":[{\"@type\":\"SearchAction\",\"target\":{\"@type\":\"EntryPoint\",\"urlTemplate\":\"https:\/\/abrhome.eu\/?s={search_term_string}\"},\"query-input\":\"required name=search_term_string\"}],\"inLanguage\":\"fi\"},{\"@type\":\"Organization\",\"@id\":\"https:\/\/abrhome.eu\/#organization\",\"name\":\"ABR Home - Metallic constructions since 2010\",\"url\":\"https:\/\/abrhome.eu\/\",\"logo\":{\"@type\":\"ImageObject\",\"inLanguage\":\"fi\",\"@id\":\"https:\/\/abrhome.eu\/#\/schema\/logo\/image\/\",\"url\":\"https:\/\/abrhome.eu\/wp-content\/uploads\/2023\/12\/logo-10.png\",\"contentUrl\":\"https:\/\/abrhome.eu\/wp-content\/uploads\/2023\/12\/logo-10.png\",\"width\":300,\"height\":139,\"caption\":\"ABR Home - Metallic constructions since 2010\"},\"image\":{\"@id\":\"https:\/\/abrhome.eu\/#\/schema\/logo\/image\/\"}}]}<\/script>\n<!-- \/ Yoast SEO plugin. -->","yoast_head_json":{"title":"Premium-metalliparvekekaide - ABR Home - Metallic constructions since 2010","robots":{"index":"index","follow":"follow","max-snippet":"max-snippet:-1","max-image-preview":"max-image-preview:large","max-video-preview":"max-video-preview:-1"},"canonical":"https:\/\/abrhome.eu\/tuote\/premium-metal-balcony-railing\/","og_locale":"fi_FI","og_type":"article","og_title":"Premium-metalliparvekekaide - ABR Home - Metallic constructions since 2010","og_description":"P\u00e4ivit\u00e4 rakennuksesi ulkokuori meid\u00e4n Premium-metalliparvekekaiteellamme. Suunniteltu sek\u00e4 asuin- ett\u00e4 liiketilojen k\u00e4ytt\u00f6\u00f6n, kaide on valmistettu turvallisuutta, kest\u00e4vyytt\u00e4 ja esteettisyytt\u00e4 silm\u00e4ll\u00e4 pit\u00e4en korkealaatuisesta ter\u00e4ksest\u00e4 ja edistyneest\u00e4 teknologiasta. Saatavilla useita viimeistelyj\u00e4.","og_url":"https:\/\/abrhome.eu\/tuote\/premium-metal-balcony-railing\/","og_site_name":"ABR Home - Metallic constructions since 2010","article_modified_time":"2024-06-04T16:58:57+00:00","og_image":[{"width":702,"height":630,"url":"https:\/\/abrhome.eu\/wp-content\/uploads\/2024\/06\/margas-Jurkalnes54-1.jpg","type":"image\/jpeg"}],"twitter_card":"summary_large_image","twitter_misc":{"Arvioitu lukuaika":"1 minuutti"},"schema":{"@context":"https:\/\/schema.org","@graph":[{"@type":"WebPage","@id":"https:\/\/abrhome.eu\/tuote\/premium-metal-balcony-railing\/","url":"https:\/\/abrhome.eu\/tuote\/premium-metal-balcony-railing\/","name":"Premium-metalliparvekekaide - ABR Home - Metallic constructions since 2010","isPartOf":{"@id":"https:\/\/abrhome.eu\/#website"},"primaryImageOfPage":{"@id":"https:\/\/abrhome.eu\/tuote\/premium-metal-balcony-railing\/#primaryimage"},"image":{"@id":"https:\/\/abrhome.eu\/tuote\/premium-metal-balcony-railing\/#primaryimage"},"thumbnailUrl":"https:\/\/abrhome.eu\/wp-content\/uploads\/2024\/06\/margas-Jurkalnes54-1.jpg","datePublished":"2024-06-04T15:11:50+00:00","dateModified":"2024-06-04T16:58:57+00:00","breadcrumb":{"@id":"https:\/\/abrhome.eu\/tuote\/premium-metal-balcony-railing\/#breadcrumb"},"inLanguage":"fi","potentialAction":[{"@type":"ReadAction","target":["https:\/\/abrhome.eu\/tuote\/premium-metal-balcony-railing\/"]}]},{"@type":"ImageObject","inLanguage":"fi","@id":"https:\/\/abrhome.eu\/tuote\/premium-metal-balcony-railing\/#primaryimage","url":"https:\/\/abrhome.eu\/wp-content\/uploads\/2024\/06\/margas-Jurkalnes54-1.jpg","contentUrl":"https:\/\/abrhome.eu\/wp-content\/uploads\/2024\/06\/margas-Jurkalnes54-1.jpg","width":702,"height":630,"caption":"Premium-metalliparvekekaide"},{"@type":"BreadcrumbList","@id":"https:\/\/abrhome.eu\/tuote\/premium-metal-balcony-railing\/#breadcrumb","itemListElement":[{"@type":"ListItem","position":1,"name":"Home","item":"https:\/\/abrhome.eu\/fi\/"},{"@type":"ListItem","position":2,"name":"Tuotteet","item":"https:\/\/abrhome.eu\/products\/"},{"@type":"ListItem","position":3,"name":"Premium-metalliparvekekaide"}]},{"@type":"WebSite","@id":"https:\/\/abrhome.eu\/#website","url":"https:\/\/abrhome.eu\/","name":"ABR Home - Metallic constructions since 2010","description":"","publisher":{"@id":"https:\/\/abrhome.eu\/#organization"},"potentialAction":[{"@type":"SearchAction","target":{"@type":"EntryPoint","urlTemplate":"https:\/\/abrhome.eu\/?s={search_term_string}"},"query-input":"required name=search_term_string"}],"inLanguage":"fi"},{"@type":"Organization","@id":"https:\/\/abrhome.eu\/#organization","name":"ABR Home - Metallic constructions since 2010","url":"https:\/\/abrhome.eu\/","logo":{"@type":"ImageObject","inLanguage":"fi","@id":"https:\/\/abrhome.eu\/#\/schema\/logo\/image\/","url":"https:\/\/abrhome.eu\/wp-content\/uploads\/2023\/12\/logo-10.png","contentUrl":"https:\/\/abrhome.eu\/wp-content\/uploads\/2023\/12\/logo-10.png","width":300,"height":139,"caption":"ABR Home - Metallic constructions since 2010"},"image":{"@id":"https:\/\/abrhome.eu\/#\/schema\/logo\/image\/"}}]}},"_links":{"self":[{"href":"https:\/\/abrhome.eu\/fi\/wp-json\/wp\/v2\/product\/10252","targetHints":{"allow":["GET"]}}],"collection":[{"href":"https:\/\/abrhome.eu\/fi\/wp-json\/wp\/v2\/product"}],"about":[{"href":"https:\/\/abrhome.eu\/fi\/wp-json\/wp\/v2\/types\/product"}],"version-history":[{"count":0,"href":"https:\/\/abrhome.eu\/fi\/wp-json\/wp\/v2\/product\/10252\/revisions"}],"wp:featuredmedia":[{"embeddable":true,"href":"https:\/\/abrhome.eu\/fi\/wp-json\/wp\/v2\/media\/2513"}],"wp:attachment":[{"href":"https:\/\/abrhome.eu\/fi\/wp-json\/wp\/v2\/media?parent=10252"}],"wp:term":[{"taxonomy":"product_cat","embeddable":true,"href":"https:\/\/abrhome.eu\/fi\/wp-json\/wp\/v2\/product_cat?post=10252"},{"taxonomy":"product_tag","embeddable":true,"href":"https:\/\/abrhome.eu\/fi\/wp-json\/wp\/v2\/product_tag?post=10252"}],"curies":[{"name":"wp","href":"https:\/\/api.w.org\/{rel}","templated":true}]}}