{"id":11343,"date":"2024-06-04T17:15:09","date_gmt":"2024-06-04T15:15:09","guid":{"rendered":"https:\/\/abrhome.eu\/product\/kaksilehtinen-reikametalliportti\/"},"modified":"2024-06-04T21:19:00","modified_gmt":"2024-06-04T19:19:00","slug":"kaksilehtinen-reikametalliportti","status":"publish","type":"product","link":"https:\/\/abrhome.eu\/fi\/tuote\/kaksilehtinen-reikametalliportti\/","title":{"rendered":"Kaksilehtinen Reik\u00e4metalliportti"},"content":{"rendered":"<p>Paranna asuin- tai liikekiinteist\u00f6si turvallisuutta ja esteettist\u00e4 vieh\u00e4tysvoimaa <b>Kaksilehtisell\u00e4 Reik\u00e4metalliportilla<\/b>. Portti on valmistettu korkealaatuisesta ter\u00e4ksest\u00e4 ja siin\u00e4 on kest\u00e4v\u00e4 runko, joka on huolellisesti ty\u00f6stetty rei&#8217;itetyill\u00e4 paneeleilla. Muotoilu tarjoaa sek\u00e4 yksityisyytt\u00e4 ett\u00e4 modernin ilmeen, joka sopii monenlaisiin sis\u00e4\u00e4nk\u00e4ynteihin.<\/p>\n<p>Portti on suunniteltu tarkasti. Suunnitteluvaiheeseen kuuluu huolellista leikkaamista, jyrsimist\u00e4 ja hitsausta, jotta kokonaisuus on luja. Rei&#8217;ityskuviota varten k\u00e4ytet\u00e4\u00e4n edistynytt\u00e4 l\u00e4vistysteknologiaa, mik\u00e4 korostaa ainutlaatuista visuaalista ilmett\u00e4. Kest\u00e4v\u00e4 mattamusta jauhemaalaus, erityisesti <b>RAL 9005 (Jet Black)<\/b>, lis\u00e4\u00e4 kest\u00e4vyytt\u00e4 haitallisia s\u00e4\u00e4olosuhteita vastaan ja yll\u00e4pit\u00e4\u00e4 tyylik\u00e4st\u00e4 ulkon\u00e4k\u00f6\u00e4 pitk\u00e4\u00e4n.<\/p>\n<p>Portti on korkeudeltaan noin 2\u20132,5 metri\u00e4 ja leveydelt\u00e4\u00e4n noin 3\u20134 metri\u00e4, joten se on ihanteellinen moniin k\u00e4ytt\u00f6tarkoituksiin. Asennus on yksinkertainen ja saranat on suunniteltu turvalliseen kiinnitt\u00e4miseen pylv\u00e4isiin tai seiniin, mik\u00e4 varmistaa sujuvan toiminnan ja yhdenmukaisuuden. Se on ihanteellinen valinta niille, jotka etsiv\u00e4t <b>ter\u00e4sturvaporttia<\/b> tai <b>kaupallista metalliporttia<\/b>, jolla on erottuva <b>kaksilehtinen porttisuunnittelu<\/b>.<\/p>\n<p> <div class=\"p2410-product-tags\" style=\"margin:1rem 0\">\r\n\t\t<div style=\"font-weight:600\">Tagit<\/div>\r\n\t\t<div><a href=\"https:\/\/abrhome.eu\/fi\/tuote-avainsana\/kaksilehtinen-porttisuunnittelu\/\" class=\"product-tag\">kaksilehtinen porttisuunnittelu<\/a>, <a href=\"https:\/\/abrhome.eu\/fi\/tuote-avainsana\/kaupallinen-metalliportti\/\" class=\"product-tag\">kaupallinen metalliportti<\/a>, <a href=\"https:\/\/abrhome.eu\/fi\/tuote-avainsana\/ral-9005-musta-portti\/\" class=\"product-tag\">RAL 9005 musta portti<\/a>, <a href=\"https:\/\/abrhome.eu\/fi\/tuote-avainsana\/reikametalliportti\/\" class=\"product-tag\">reik\u00e4metalliportti<\/a>, <a href=\"https:\/\/abrhome.eu\/fi\/tuote-avainsana\/terasturvaportti\/\" class=\"product-tag\">ter\u00e4sturvaportti<\/a><\/div>\r\n\t<\/div> <div class=\"p2410-product-colors\" style=\"margin:1rem 0\">\r\n\t\t<div style=\"font-weight:600\">V\u00e4ri<\/div>\r\n\t\t<div><span>RAL 1023 Liikennekeltainen (Keltainen)<\/span>, <span>RAL 1036 Helmi\u00e4iskulta (Kulta)<\/span>, <span>RAL 2004 Puhdas oranssi (Oranssi)<\/span>, <span>RAL 3000 Liekki punainen (Punainen)<\/span>, <span>RAL 3020 Liikennepunainen (Punainen)<\/span>, <span>RAL 4005 Sinilila (Violetti)<\/span>, <span>RAL 5005 Signaalinsininen (Sininen)<\/span>, <span>RAL 5010 Gentian sininen (Sininen)<\/span>, <span>RAL 6005 Sammaleenvihre\u00e4 (Vihre\u00e4)<\/span>, <span>RAL 7012 Basalttiharmaa (Harmaa)<\/span>, <span>RAL 7015 Liuskekiviharmaa (Harmaa)<\/span>, <span>RAL 7016 Antrasiitinharmaa (Harmaa)<\/span>, <span>RAL 7021 Mustanharmaa (Musta)<\/span>, <span>RAL 7024 Grafiitinharmaa (Harmaa)<\/span>, <span>RAL 7032 Kivenharmaa (Harmaa)<\/span>, <span>RAL 7035 Vaaleanharmaa (Harmaa)<\/span>, <span>RAL 7040 Ikkunanharmaa (Harmaa)<\/span>, <span>RAL 7042 Liikenneharmaa A (Harmaa)<\/span>, <span>RAL 8017 Suklaanruskea (Ruskea)<\/span>, <span>RAL 9005 Musta hiili (Musta)<\/span>, <span>RAL 9006 Valkoinen alumiini (Hopea)<\/span>, <span>RAL 9007 Harmaa alumiini (Hopea)<\/span>, <span>RAL 9010 Puhdas valkoinen (Valkoinen)<\/span>, <span>RAL 9016 Liikennevalkoinen (Valkoinen)<\/span><\/div>\r\n\t<\/div><\/p>\n","protected":false},"excerpt":{"rendered":"<p>Tutustu kest\u00e4v\u00e4\u00e4n <b>Kaksilehtiseen Reik\u00e4metalliporttiin<\/b>, joka on valmistettu korkealaatuisesta ter\u00e4ksest\u00e4 ja jossa on moderni rei&#8217;itetty muotoilu matta-<b>RAL 9005 mustalla<\/b> viimeistelyll\u00e4. T\u00e4ydellinen turvallisuuden ja esteettisen vetovoiman parantamiseen erilaisilla alueilla.<\/p>\n","protected":false},"featured_media":4208,"template":"","meta":[],"product_cat":[26684],"product_tag":[7879,7865,7893,7851,7781],"class_list":{"0":"post-11343","1":"product","2":"type-product","3":"status-publish","4":"has-post-thumbnail","6":"product_cat-aidat-ja-portit","7":"product_tag-kaksilehtinen-porttisuunnittelu","8":"product_tag-kaupallinen-metalliportti","9":"product_tag-ral-9005-musta-portti","10":"product_tag-reikametalliportti","11":"product_tag-terasturvaportti","13":"first","14":"instock","15":"shipping-taxable","16":"product-type-simple"},"yoast_head":"<!-- This site is optimized with the Yoast SEO plugin v23.1 - https:\/\/yoast.com\/wordpress\/plugins\/seo\/ -->\n<title>Kaksilehtinen Reik\u00e4metalliportti - ABR Home - Metallic constructions since 2010<\/title>\n<meta name=\"robots\" content=\"index, follow, max-snippet:-1, max-image-preview:large, max-video-preview:-1\" \/>\n<link rel=\"canonical\" href=\"https:\/\/abrhome.eu\/tuote\/double-leaf-perforated-metal-gate\/\" \/>\n<meta property=\"og:locale\" content=\"fi_FI\" \/>\n<meta property=\"og:type\" content=\"article\" \/>\n<meta property=\"og:title\" content=\"Kaksilehtinen Reik\u00e4metalliportti - ABR Home - Metallic constructions since 2010\" \/>\n<meta property=\"og:description\" content=\"Tutustu kest\u00e4v\u00e4\u00e4n Kaksilehtiseen Reik\u00e4metalliporttiin, joka on valmistettu korkealaatuisesta ter\u00e4ksest\u00e4 ja jossa on moderni rei&#039;itetty muotoilu matta-RAL 9005 mustalla viimeistelyll\u00e4. T\u00e4ydellinen turvallisuuden ja esteettisen vetovoiman parantamiseen erilaisilla alueilla.\" \/>\n<meta property=\"og:url\" content=\"https:\/\/abrhome.eu\/tuote\/double-leaf-perforated-metal-gate\/\" \/>\n<meta property=\"og:site_name\" content=\"ABR Home - Metallic constructions since 2010\" \/>\n<meta property=\"article:modified_time\" content=\"2024-06-04T19:19:00+00:00\" \/>\n<meta property=\"og:image\" content=\"https:\/\/abrhome.eu\/wp-content\/uploads\/2024\/06\/IMG-20220226-WA0000.jpg\" \/>\n\t<meta property=\"og:image:width\" content=\"1600\" \/>\n\t<meta property=\"og:image:height\" content=\"1200\" \/>\n\t<meta property=\"og:image:type\" content=\"image\/jpeg\" \/>\n<meta name=\"twitter:card\" content=\"summary_large_image\" \/>\n<meta name=\"twitter:label1\" content=\"Arvioitu lukuaika\" \/>\n\t<meta name=\"twitter:data1\" content=\"1 minuutti\" \/>\n<script type=\"application\/ld+json\" class=\"yoast-schema-graph\">{\"@context\":\"https:\/\/schema.org\",\"@graph\":[{\"@type\":\"WebPage\",\"@id\":\"https:\/\/abrhome.eu\/tuote\/double-leaf-perforated-metal-gate\/\",\"url\":\"https:\/\/abrhome.eu\/tuote\/double-leaf-perforated-metal-gate\/\",\"name\":\"Kaksilehtinen Reik\u00e4metalliportti - ABR Home - Metallic constructions since 2010\",\"isPartOf\":{\"@id\":\"https:\/\/abrhome.eu\/#website\"},\"primaryImageOfPage\":{\"@id\":\"https:\/\/abrhome.eu\/tuote\/double-leaf-perforated-metal-gate\/#primaryimage\"},\"image\":{\"@id\":\"https:\/\/abrhome.eu\/tuote\/double-leaf-perforated-metal-gate\/#primaryimage\"},\"thumbnailUrl\":\"https:\/\/abrhome.eu\/wp-content\/uploads\/2024\/06\/IMG-20220226-WA0000.jpg\",\"datePublished\":\"2024-06-04T15:15:09+00:00\",\"dateModified\":\"2024-06-04T19:19:00+00:00\",\"breadcrumb\":{\"@id\":\"https:\/\/abrhome.eu\/tuote\/double-leaf-perforated-metal-gate\/#breadcrumb\"},\"inLanguage\":\"fi\",\"potentialAction\":[{\"@type\":\"ReadAction\",\"target\":[\"https:\/\/abrhome.eu\/tuote\/double-leaf-perforated-metal-gate\/\"]}]},{\"@type\":\"ImageObject\",\"inLanguage\":\"fi\",\"@id\":\"https:\/\/abrhome.eu\/tuote\/double-leaf-perforated-metal-gate\/#primaryimage\",\"url\":\"https:\/\/abrhome.eu\/wp-content\/uploads\/2024\/06\/IMG-20220226-WA0000.jpg\",\"contentUrl\":\"https:\/\/abrhome.eu\/wp-content\/uploads\/2024\/06\/IMG-20220226-WA0000.jpg\",\"width\":1600,\"height\":1200,\"caption\":\"Kaksilehtinen Reik\u00e4metalliportti\"},{\"@type\":\"BreadcrumbList\",\"@id\":\"https:\/\/abrhome.eu\/tuote\/double-leaf-perforated-metal-gate\/#breadcrumb\",\"itemListElement\":[{\"@type\":\"ListItem\",\"position\":1,\"name\":\"Home\",\"item\":\"https:\/\/abrhome.eu\/fi\/\"},{\"@type\":\"ListItem\",\"position\":2,\"name\":\"Tuotteet\",\"item\":\"https:\/\/abrhome.eu\/products\/\"},{\"@type\":\"ListItem\",\"position\":3,\"name\":\"Kaksilehtinen Reik\u00e4metalliportti\"}]},{\"@type\":\"WebSite\",\"@id\":\"https:\/\/abrhome.eu\/#website\",\"url\":\"https:\/\/abrhome.eu\/\",\"name\":\"ABR Home - Metallic constructions since 2010\",\"description\":\"\",\"publisher\":{\"@id\":\"https:\/\/abrhome.eu\/#organization\"},\"potentialAction\":[{\"@type\":\"SearchAction\",\"target\":{\"@type\":\"EntryPoint\",\"urlTemplate\":\"https:\/\/abrhome.eu\/?s={search_term_string}\"},\"query-input\":\"required name=search_term_string\"}],\"inLanguage\":\"fi\"},{\"@type\":\"Organization\",\"@id\":\"https:\/\/abrhome.eu\/#organization\",\"name\":\"ABR Home - Metallic constructions since 2010\",\"url\":\"https:\/\/abrhome.eu\/\",\"logo\":{\"@type\":\"ImageObject\",\"inLanguage\":\"fi\",\"@id\":\"https:\/\/abrhome.eu\/#\/schema\/logo\/image\/\",\"url\":\"https:\/\/abrhome.eu\/wp-content\/uploads\/2023\/12\/logo-10.png\",\"contentUrl\":\"https:\/\/abrhome.eu\/wp-content\/uploads\/2023\/12\/logo-10.png\",\"width\":300,\"height\":139,\"caption\":\"ABR Home - Metallic constructions since 2010\"},\"image\":{\"@id\":\"https:\/\/abrhome.eu\/#\/schema\/logo\/image\/\"}}]}<\/script>\n<!-- \/ Yoast SEO plugin. -->","yoast_head_json":{"title":"Kaksilehtinen Reik\u00e4metalliportti - ABR Home - Metallic constructions since 2010","robots":{"index":"index","follow":"follow","max-snippet":"max-snippet:-1","max-image-preview":"max-image-preview:large","max-video-preview":"max-video-preview:-1"},"canonical":"https:\/\/abrhome.eu\/tuote\/double-leaf-perforated-metal-gate\/","og_locale":"fi_FI","og_type":"article","og_title":"Kaksilehtinen Reik\u00e4metalliportti - ABR Home - Metallic constructions since 2010","og_description":"Tutustu kest\u00e4v\u00e4\u00e4n Kaksilehtiseen Reik\u00e4metalliporttiin, joka on valmistettu korkealaatuisesta ter\u00e4ksest\u00e4 ja jossa on moderni rei'itetty muotoilu matta-RAL 9005 mustalla viimeistelyll\u00e4. T\u00e4ydellinen turvallisuuden ja esteettisen vetovoiman parantamiseen erilaisilla alueilla.","og_url":"https:\/\/abrhome.eu\/tuote\/double-leaf-perforated-metal-gate\/","og_site_name":"ABR Home - Metallic constructions since 2010","article_modified_time":"2024-06-04T19:19:00+00:00","og_image":[{"width":1600,"height":1200,"url":"https:\/\/abrhome.eu\/wp-content\/uploads\/2024\/06\/IMG-20220226-WA0000.jpg","type":"image\/jpeg"}],"twitter_card":"summary_large_image","twitter_misc":{"Arvioitu lukuaika":"1 minuutti"},"schema":{"@context":"https:\/\/schema.org","@graph":[{"@type":"WebPage","@id":"https:\/\/abrhome.eu\/tuote\/double-leaf-perforated-metal-gate\/","url":"https:\/\/abrhome.eu\/tuote\/double-leaf-perforated-metal-gate\/","name":"Kaksilehtinen Reik\u00e4metalliportti - ABR Home - Metallic constructions since 2010","isPartOf":{"@id":"https:\/\/abrhome.eu\/#website"},"primaryImageOfPage":{"@id":"https:\/\/abrhome.eu\/tuote\/double-leaf-perforated-metal-gate\/#primaryimage"},"image":{"@id":"https:\/\/abrhome.eu\/tuote\/double-leaf-perforated-metal-gate\/#primaryimage"},"thumbnailUrl":"https:\/\/abrhome.eu\/wp-content\/uploads\/2024\/06\/IMG-20220226-WA0000.jpg","datePublished":"2024-06-04T15:15:09+00:00","dateModified":"2024-06-04T19:19:00+00:00","breadcrumb":{"@id":"https:\/\/abrhome.eu\/tuote\/double-leaf-perforated-metal-gate\/#breadcrumb"},"inLanguage":"fi","potentialAction":[{"@type":"ReadAction","target":["https:\/\/abrhome.eu\/tuote\/double-leaf-perforated-metal-gate\/"]}]},{"@type":"ImageObject","inLanguage":"fi","@id":"https:\/\/abrhome.eu\/tuote\/double-leaf-perforated-metal-gate\/#primaryimage","url":"https:\/\/abrhome.eu\/wp-content\/uploads\/2024\/06\/IMG-20220226-WA0000.jpg","contentUrl":"https:\/\/abrhome.eu\/wp-content\/uploads\/2024\/06\/IMG-20220226-WA0000.jpg","width":1600,"height":1200,"caption":"Kaksilehtinen Reik\u00e4metalliportti"},{"@type":"BreadcrumbList","@id":"https:\/\/abrhome.eu\/tuote\/double-leaf-perforated-metal-gate\/#breadcrumb","itemListElement":[{"@type":"ListItem","position":1,"name":"Home","item":"https:\/\/abrhome.eu\/fi\/"},{"@type":"ListItem","position":2,"name":"Tuotteet","item":"https:\/\/abrhome.eu\/products\/"},{"@type":"ListItem","position":3,"name":"Kaksilehtinen Reik\u00e4metalliportti"}]},{"@type":"WebSite","@id":"https:\/\/abrhome.eu\/#website","url":"https:\/\/abrhome.eu\/","name":"ABR Home - Metallic constructions since 2010","description":"","publisher":{"@id":"https:\/\/abrhome.eu\/#organization"},"potentialAction":[{"@type":"SearchAction","target":{"@type":"EntryPoint","urlTemplate":"https:\/\/abrhome.eu\/?s={search_term_string}"},"query-input":"required name=search_term_string"}],"inLanguage":"fi"},{"@type":"Organization","@id":"https:\/\/abrhome.eu\/#organization","name":"ABR Home - Metallic constructions since 2010","url":"https:\/\/abrhome.eu\/","logo":{"@type":"ImageObject","inLanguage":"fi","@id":"https:\/\/abrhome.eu\/#\/schema\/logo\/image\/","url":"https:\/\/abrhome.eu\/wp-content\/uploads\/2023\/12\/logo-10.png","contentUrl":"https:\/\/abrhome.eu\/wp-content\/uploads\/2023\/12\/logo-10.png","width":300,"height":139,"caption":"ABR Home - Metallic constructions since 2010"},"image":{"@id":"https:\/\/abrhome.eu\/#\/schema\/logo\/image\/"}}]}},"_links":{"self":[{"href":"https:\/\/abrhome.eu\/fi\/wp-json\/wp\/v2\/product\/11343","targetHints":{"allow":["GET"]}}],"collection":[{"href":"https:\/\/abrhome.eu\/fi\/wp-json\/wp\/v2\/product"}],"about":[{"href":"https:\/\/abrhome.eu\/fi\/wp-json\/wp\/v2\/types\/product"}],"version-history":[{"count":0,"href":"https:\/\/abrhome.eu\/fi\/wp-json\/wp\/v2\/product\/11343\/revisions"}],"wp:featuredmedia":[{"embeddable":true,"href":"https:\/\/abrhome.eu\/fi\/wp-json\/wp\/v2\/media\/4208"}],"wp:attachment":[{"href":"https:\/\/abrhome.eu\/fi\/wp-json\/wp\/v2\/media?parent=11343"}],"wp:term":[{"taxonomy":"product_cat","embeddable":true,"href":"https:\/\/abrhome.eu\/fi\/wp-json\/wp\/v2\/product_cat?post=11343"},{"taxonomy":"product_tag","embeddable":true,"href":"https:\/\/abrhome.eu\/fi\/wp-json\/wp\/v2\/product_tag?post=11343"}],"curies":[{"name":"wp","href":"https:\/\/api.w.org\/{rel}","templated":true}]}}