{"id":12641,"date":"2024-06-04T17:23:21","date_gmt":"2024-06-04T15:23:21","guid":{"rendered":"https:\/\/abrhome.eu\/product\/nykyajan-metallinen-parvekekaide\/"},"modified":"2024-06-04T22:19:31","modified_gmt":"2024-06-04T20:19:31","slug":"nykyajan-metallinen-parvekekaide","status":"publish","type":"product","link":"https:\/\/abrhome.eu\/fi\/tuote\/nykyajan-metallinen-parvekekaide\/","title":{"rendered":"Nykyajan Metallinen Parvekekaide"},"content":{"rendered":"<p>Paranna parvekkeesi turvallisuutta ja esteettist\u00e4 vieh\u00e4tysvoimaa meid\u00e4n <b>Nykyajan Metallisen Parvekekaiteen<\/b> avulla. Korkealaatuisista <b>ter\u00e4ksest\u00e4<\/b> tai <b>alumiinista<\/b> valmistettu kaide lupaa kest\u00e4vyytt\u00e4 ja lujuutta, tehden siit\u00e4 ihanteellisen sek\u00e4 asuin- ett\u00e4 kaupallisiin kiinteist\u00f6ihin. Seisoo noin 1:sta 1,2 metriin korkeudessa ja ulottuu 2:sta 3 metriin leveydess\u00e4, t\u00e4m\u00e4 kaidej\u00e4rjestelm\u00e4 on suunniteltu tarjoamaan optimaalinen suoja tinkim\u00e4tt\u00e4 tyylist\u00e4.<\/p>\n<p>Jokainen kaide k\u00e4y l\u00e4pi perusteellisen suunnittelu- ja valmistusprosessin, jossa hy\u00f6dynnet\u00e4\u00e4n edistyksellist\u00e4 CAD-ohjelmistoa, mink\u00e4 j\u00e4lkeen seuraa tarkka leikkaus, taivutus ja jyrsint\u00e4 luoden virheett\u00f6m\u00e4n viimeistelyn. Osat kootaan turvallisesti joko hitsaamalla tai mekaanisilla kiinnittimill\u00e4, ja ne pinnoitetaan kest\u00e4v\u00e4ll\u00e4 harmaalla jauhemaalilla (RAL 7042 &#8211; Liikenneharmaa A) parantamaan s\u00e4\u00e4nkest\u00e4vyytt\u00e4 ja pitk\u00e4ik\u00e4isyytt\u00e4. Kaide pakataan j\u00e4rjestelm\u00e4llisesti ja on valmis helppoon asentamiseen, mik\u00e4 takaa vakauden ja kest\u00e4v\u00e4n suorituskyvyn.<\/p>\n<p> <div class=\"p2410-product-tags\" style=\"margin:1rem 0\">\r\n\t\t<div style=\"font-weight:600\">Tagit<\/div>\r\n\t\t<div><a href=\"https:\/\/abrhome.eu\/fi\/tuote-avainsana\/alumiininen-parvekekaide\/\" class=\"product-tag\">Alumiininen Parvekekaide<\/a>, <a href=\"https:\/\/abrhome.eu\/fi\/tuote-avainsana\/kestava-ulkokaide\/\" class=\"product-tag\">Kest\u00e4v\u00e4 Ulkokaide<\/a>, <a href=\"https:\/\/abrhome.eu\/fi\/tuote-avainsana\/metallinen-parvekekaide\/\" class=\"product-tag\">Metallinen Parvekekaide<\/a>, <a href=\"https:\/\/abrhome.eu\/fi\/tuote-avainsana\/nykyajan-kaide-parvekkeelle\/\" class=\"product-tag\">Nykyajan Kaide Parvekkeelle<\/a>, <a href=\"https:\/\/abrhome.eu\/fi\/tuote-avainsana\/terasparvekkeen-kaide\/\" class=\"product-tag\">ter\u00e4sparvekkeen kaide<\/a><\/div>\r\n\t<\/div> <div class=\"p2410-product-colors\" style=\"margin:1rem 0\">\r\n\t\t<div style=\"font-weight:600\">V\u00e4ri<\/div>\r\n\t\t<div><span>RAL 1023 Liikennekeltainen (Keltainen)<\/span>, <span>RAL 1036 Helmi\u00e4iskulta (Kulta)<\/span>, <span>RAL 2004 Puhdas oranssi (Oranssi)<\/span>, <span>RAL 3000 Liekki punainen (Punainen)<\/span>, <span>RAL 3020 Liikennepunainen (Punainen)<\/span>, <span>RAL 4005 Sinilila (Violetti)<\/span>, <span>RAL 5005 Signaalinsininen (Sininen)<\/span>, <span>RAL 5010 Gentian sininen (Sininen)<\/span>, <span>RAL 6005 Sammaleenvihre\u00e4 (Vihre\u00e4)<\/span>, <span>RAL 7012 Basalttiharmaa (Harmaa)<\/span>, <span>RAL 7015 Liuskekiviharmaa (Harmaa)<\/span>, <span>RAL 7016 Antrasiitinharmaa (Harmaa)<\/span>, <span>RAL 7021 Mustanharmaa (Musta)<\/span>, <span>RAL 7024 Grafiitinharmaa (Harmaa)<\/span>, <span>RAL 7032 Kivenharmaa (Harmaa)<\/span>, <span>RAL 7035 Vaaleanharmaa (Harmaa)<\/span>, <span>RAL 7040 Ikkunanharmaa (Harmaa)<\/span>, <span>RAL 7042 Liikenneharmaa A (Harmaa)<\/span>, <span>RAL 8017 Suklaanruskea (Ruskea)<\/span>, <span>RAL 9005 Musta hiili (Musta)<\/span>, <span>RAL 9006 Valkoinen alumiini (Hopea)<\/span>, <span>RAL 9007 Harmaa alumiini (Hopea)<\/span>, <span>RAL 9010 Puhdas valkoinen (Valkoinen)<\/span>, <span>RAL 9016 Liikennevalkoinen (Valkoinen)<\/span><\/div>\r\n\t<\/div><\/p>\n","protected":false},"excerpt":{"rendered":"<p>Tutustu meid\u00e4n <b>Nykyajan Metalliseen Parvekekaiteeseen<\/b>, joka on valmistettu kest\u00e4v\u00e4st\u00e4 <b>ter\u00e4ksest\u00e4<\/b> tai <b>alumiinista<\/b>. Ihanteellinen sek\u00e4 turvallisuuden ett\u00e4 tyylin parantamiseen, t\u00e4m\u00e4 kaide tarjoaa jauhemaalattua viimeistely\u00e4 ylivertaiseen pitk\u00e4ik\u00e4isyyteen ja s\u00e4\u00e4nkest\u00e4vyyteen. Sopii t\u00e4ydellisesti asuin- tai kaupalliseen k\u00e4ytt\u00f6\u00f6n.<\/p>\n","protected":false},"featured_media":7598,"template":"","meta":[],"product_cat":[26838],"product_tag":[19943,19957,19929,19969,2598],"class_list":{"0":"post-12641","1":"product","2":"type-product","3":"status-publish","4":"has-post-thumbnail","6":"product_cat-turvaominaisuudet-kaiteet-ja-aidat","7":"product_tag-alumiininen-parvekekaide","8":"product_tag-kestava-ulkokaide","9":"product_tag-metallinen-parvekekaide","10":"product_tag-nykyajan-kaide-parvekkeelle","11":"product_tag-terasparvekkeen-kaide","13":"first","14":"instock","15":"shipping-taxable","16":"product-type-simple"},"yoast_head":"<!-- This site is optimized with the Yoast SEO plugin v23.1 - https:\/\/yoast.com\/wordpress\/plugins\/seo\/ -->\n<title>Nykyajan Metallinen Parvekekaide - ABR Home - Metallic constructions since 2010<\/title>\n<meta name=\"robots\" content=\"index, follow, max-snippet:-1, max-image-preview:large, max-video-preview:-1\" \/>\n<link rel=\"canonical\" href=\"https:\/\/abrhome.eu\/tuote\/modern-metallic-balcony-railing\/\" \/>\n<meta property=\"og:locale\" content=\"fi_FI\" \/>\n<meta property=\"og:type\" content=\"article\" \/>\n<meta property=\"og:title\" content=\"Nykyajan Metallinen Parvekekaide - ABR Home - Metallic constructions since 2010\" \/>\n<meta property=\"og:description\" content=\"Tutustu meid\u00e4n Nykyajan Metalliseen Parvekekaiteeseen, joka on valmistettu kest\u00e4v\u00e4st\u00e4 ter\u00e4ksest\u00e4 tai alumiinista. Ihanteellinen sek\u00e4 turvallisuuden ett\u00e4 tyylin parantamiseen, t\u00e4m\u00e4 kaide tarjoaa jauhemaalattua viimeistely\u00e4 ylivertaiseen pitk\u00e4ik\u00e4isyyteen ja s\u00e4\u00e4nkest\u00e4vyyteen. Sopii t\u00e4ydellisesti asuin- tai kaupalliseen k\u00e4ytt\u00f6\u00f6n.\" \/>\n<meta property=\"og:url\" content=\"https:\/\/abrhome.eu\/tuote\/modern-metallic-balcony-railing\/\" \/>\n<meta property=\"og:site_name\" content=\"ABR Home - Metallic constructions since 2010\" \/>\n<meta property=\"article:modified_time\" content=\"2024-06-04T20:19:31+00:00\" \/>\n<meta property=\"og:image\" content=\"https:\/\/abrhome.eu\/wp-content\/uploads\/2024\/06\/IMG-20211113-WA0002.jpg\" \/>\n\t<meta property=\"og:image:width\" content=\"1600\" \/>\n\t<meta property=\"og:image:height\" content=\"1200\" \/>\n\t<meta property=\"og:image:type\" content=\"image\/jpeg\" \/>\n<meta name=\"twitter:card\" content=\"summary_large_image\" \/>\n<meta name=\"twitter:label1\" content=\"Arvioitu lukuaika\" \/>\n\t<meta name=\"twitter:data1\" content=\"1 minuutti\" \/>\n<script type=\"application\/ld+json\" class=\"yoast-schema-graph\">{\"@context\":\"https:\/\/schema.org\",\"@graph\":[{\"@type\":\"WebPage\",\"@id\":\"https:\/\/abrhome.eu\/tuote\/modern-metallic-balcony-railing\/\",\"url\":\"https:\/\/abrhome.eu\/tuote\/modern-metallic-balcony-railing\/\",\"name\":\"Nykyajan Metallinen Parvekekaide - ABR Home - Metallic constructions since 2010\",\"isPartOf\":{\"@id\":\"https:\/\/abrhome.eu\/#website\"},\"primaryImageOfPage\":{\"@id\":\"https:\/\/abrhome.eu\/tuote\/modern-metallic-balcony-railing\/#primaryimage\"},\"image\":{\"@id\":\"https:\/\/abrhome.eu\/tuote\/modern-metallic-balcony-railing\/#primaryimage\"},\"thumbnailUrl\":\"https:\/\/abrhome.eu\/wp-content\/uploads\/2024\/06\/IMG-20211113-WA0002.jpg\",\"datePublished\":\"2024-06-04T15:23:21+00:00\",\"dateModified\":\"2024-06-04T20:19:31+00:00\",\"breadcrumb\":{\"@id\":\"https:\/\/abrhome.eu\/tuote\/modern-metallic-balcony-railing\/#breadcrumb\"},\"inLanguage\":\"fi\",\"potentialAction\":[{\"@type\":\"ReadAction\",\"target\":[\"https:\/\/abrhome.eu\/tuote\/modern-metallic-balcony-railing\/\"]}]},{\"@type\":\"ImageObject\",\"inLanguage\":\"fi\",\"@id\":\"https:\/\/abrhome.eu\/tuote\/modern-metallic-balcony-railing\/#primaryimage\",\"url\":\"https:\/\/abrhome.eu\/wp-content\/uploads\/2024\/06\/IMG-20211113-WA0002.jpg\",\"contentUrl\":\"https:\/\/abrhome.eu\/wp-content\/uploads\/2024\/06\/IMG-20211113-WA0002.jpg\",\"width\":1600,\"height\":1200,\"caption\":\"Nykyajan Metallinen Parvekekaide\"},{\"@type\":\"BreadcrumbList\",\"@id\":\"https:\/\/abrhome.eu\/tuote\/modern-metallic-balcony-railing\/#breadcrumb\",\"itemListElement\":[{\"@type\":\"ListItem\",\"position\":1,\"name\":\"Home\",\"item\":\"https:\/\/abrhome.eu\/fi\/\"},{\"@type\":\"ListItem\",\"position\":2,\"name\":\"Tuotteet\",\"item\":\"https:\/\/abrhome.eu\/products\/\"},{\"@type\":\"ListItem\",\"position\":3,\"name\":\"Nykyajan Metallinen Parvekekaide\"}]},{\"@type\":\"WebSite\",\"@id\":\"https:\/\/abrhome.eu\/#website\",\"url\":\"https:\/\/abrhome.eu\/\",\"name\":\"ABR Home - Metallic constructions since 2010\",\"description\":\"\",\"publisher\":{\"@id\":\"https:\/\/abrhome.eu\/#organization\"},\"potentialAction\":[{\"@type\":\"SearchAction\",\"target\":{\"@type\":\"EntryPoint\",\"urlTemplate\":\"https:\/\/abrhome.eu\/?s={search_term_string}\"},\"query-input\":\"required name=search_term_string\"}],\"inLanguage\":\"fi\"},{\"@type\":\"Organization\",\"@id\":\"https:\/\/abrhome.eu\/#organization\",\"name\":\"ABR Home - Metallic constructions since 2010\",\"url\":\"https:\/\/abrhome.eu\/\",\"logo\":{\"@type\":\"ImageObject\",\"inLanguage\":\"fi\",\"@id\":\"https:\/\/abrhome.eu\/#\/schema\/logo\/image\/\",\"url\":\"https:\/\/abrhome.eu\/wp-content\/uploads\/2023\/12\/logo-10.png\",\"contentUrl\":\"https:\/\/abrhome.eu\/wp-content\/uploads\/2023\/12\/logo-10.png\",\"width\":300,\"height\":139,\"caption\":\"ABR Home - Metallic constructions since 2010\"},\"image\":{\"@id\":\"https:\/\/abrhome.eu\/#\/schema\/logo\/image\/\"}}]}<\/script>\n<!-- \/ Yoast SEO plugin. -->","yoast_head_json":{"title":"Nykyajan Metallinen Parvekekaide - ABR Home - Metallic constructions since 2010","robots":{"index":"index","follow":"follow","max-snippet":"max-snippet:-1","max-image-preview":"max-image-preview:large","max-video-preview":"max-video-preview:-1"},"canonical":"https:\/\/abrhome.eu\/tuote\/modern-metallic-balcony-railing\/","og_locale":"fi_FI","og_type":"article","og_title":"Nykyajan Metallinen Parvekekaide - ABR Home - Metallic constructions since 2010","og_description":"Tutustu meid\u00e4n Nykyajan Metalliseen Parvekekaiteeseen, joka on valmistettu kest\u00e4v\u00e4st\u00e4 ter\u00e4ksest\u00e4 tai alumiinista. Ihanteellinen sek\u00e4 turvallisuuden ett\u00e4 tyylin parantamiseen, t\u00e4m\u00e4 kaide tarjoaa jauhemaalattua viimeistely\u00e4 ylivertaiseen pitk\u00e4ik\u00e4isyyteen ja s\u00e4\u00e4nkest\u00e4vyyteen. Sopii t\u00e4ydellisesti asuin- tai kaupalliseen k\u00e4ytt\u00f6\u00f6n.","og_url":"https:\/\/abrhome.eu\/tuote\/modern-metallic-balcony-railing\/","og_site_name":"ABR Home - Metallic constructions since 2010","article_modified_time":"2024-06-04T20:19:31+00:00","og_image":[{"width":1600,"height":1200,"url":"https:\/\/abrhome.eu\/wp-content\/uploads\/2024\/06\/IMG-20211113-WA0002.jpg","type":"image\/jpeg"}],"twitter_card":"summary_large_image","twitter_misc":{"Arvioitu lukuaika":"1 minuutti"},"schema":{"@context":"https:\/\/schema.org","@graph":[{"@type":"WebPage","@id":"https:\/\/abrhome.eu\/tuote\/modern-metallic-balcony-railing\/","url":"https:\/\/abrhome.eu\/tuote\/modern-metallic-balcony-railing\/","name":"Nykyajan Metallinen Parvekekaide - ABR Home - Metallic constructions since 2010","isPartOf":{"@id":"https:\/\/abrhome.eu\/#website"},"primaryImageOfPage":{"@id":"https:\/\/abrhome.eu\/tuote\/modern-metallic-balcony-railing\/#primaryimage"},"image":{"@id":"https:\/\/abrhome.eu\/tuote\/modern-metallic-balcony-railing\/#primaryimage"},"thumbnailUrl":"https:\/\/abrhome.eu\/wp-content\/uploads\/2024\/06\/IMG-20211113-WA0002.jpg","datePublished":"2024-06-04T15:23:21+00:00","dateModified":"2024-06-04T20:19:31+00:00","breadcrumb":{"@id":"https:\/\/abrhome.eu\/tuote\/modern-metallic-balcony-railing\/#breadcrumb"},"inLanguage":"fi","potentialAction":[{"@type":"ReadAction","target":["https:\/\/abrhome.eu\/tuote\/modern-metallic-balcony-railing\/"]}]},{"@type":"ImageObject","inLanguage":"fi","@id":"https:\/\/abrhome.eu\/tuote\/modern-metallic-balcony-railing\/#primaryimage","url":"https:\/\/abrhome.eu\/wp-content\/uploads\/2024\/06\/IMG-20211113-WA0002.jpg","contentUrl":"https:\/\/abrhome.eu\/wp-content\/uploads\/2024\/06\/IMG-20211113-WA0002.jpg","width":1600,"height":1200,"caption":"Nykyajan Metallinen Parvekekaide"},{"@type":"BreadcrumbList","@id":"https:\/\/abrhome.eu\/tuote\/modern-metallic-balcony-railing\/#breadcrumb","itemListElement":[{"@type":"ListItem","position":1,"name":"Home","item":"https:\/\/abrhome.eu\/fi\/"},{"@type":"ListItem","position":2,"name":"Tuotteet","item":"https:\/\/abrhome.eu\/products\/"},{"@type":"ListItem","position":3,"name":"Nykyajan Metallinen Parvekekaide"}]},{"@type":"WebSite","@id":"https:\/\/abrhome.eu\/#website","url":"https:\/\/abrhome.eu\/","name":"ABR Home - Metallic constructions since 2010","description":"","publisher":{"@id":"https:\/\/abrhome.eu\/#organization"},"potentialAction":[{"@type":"SearchAction","target":{"@type":"EntryPoint","urlTemplate":"https:\/\/abrhome.eu\/?s={search_term_string}"},"query-input":"required name=search_term_string"}],"inLanguage":"fi"},{"@type":"Organization","@id":"https:\/\/abrhome.eu\/#organization","name":"ABR Home - Metallic constructions since 2010","url":"https:\/\/abrhome.eu\/","logo":{"@type":"ImageObject","inLanguage":"fi","@id":"https:\/\/abrhome.eu\/#\/schema\/logo\/image\/","url":"https:\/\/abrhome.eu\/wp-content\/uploads\/2023\/12\/logo-10.png","contentUrl":"https:\/\/abrhome.eu\/wp-content\/uploads\/2023\/12\/logo-10.png","width":300,"height":139,"caption":"ABR Home - Metallic constructions since 2010"},"image":{"@id":"https:\/\/abrhome.eu\/#\/schema\/logo\/image\/"}}]}},"_links":{"self":[{"href":"https:\/\/abrhome.eu\/fi\/wp-json\/wp\/v2\/product\/12641","targetHints":{"allow":["GET"]}}],"collection":[{"href":"https:\/\/abrhome.eu\/fi\/wp-json\/wp\/v2\/product"}],"about":[{"href":"https:\/\/abrhome.eu\/fi\/wp-json\/wp\/v2\/types\/product"}],"version-history":[{"count":0,"href":"https:\/\/abrhome.eu\/fi\/wp-json\/wp\/v2\/product\/12641\/revisions"}],"wp:featuredmedia":[{"embeddable":true,"href":"https:\/\/abrhome.eu\/fi\/wp-json\/wp\/v2\/media\/7598"}],"wp:attachment":[{"href":"https:\/\/abrhome.eu\/fi\/wp-json\/wp\/v2\/media?parent=12641"}],"wp:term":[{"taxonomy":"product_cat","embeddable":true,"href":"https:\/\/abrhome.eu\/fi\/wp-json\/wp\/v2\/product_cat?post=12641"},{"taxonomy":"product_tag","embeddable":true,"href":"https:\/\/abrhome.eu\/fi\/wp-json\/wp\/v2\/product_tag?post=12641"}],"curies":[{"name":"wp","href":"https:\/\/api.w.org\/{rel}","templated":true}]}}