{"id":10230,"date":"2024-06-04T17:11:46","date_gmt":"2024-06-04T15:11:46","guid":{"rendered":"https:\/\/abrhome.eu\/product\/garde-corps-et-plateforme-de-balcon-en-acier\/"},"modified":"2024-06-04T18:55:26","modified_gmt":"2024-06-04T16:55:26","slug":"garde-corps-et-plateforme-de-balcon-en-acier","status":"publish","type":"product","link":"https:\/\/abrhome.eu\/fr\/produit\/garde-corps-et-plateforme-de-balcon-en-acier\/","title":{"rendered":"Garde-corps et Plateforme de Balcon en Acier"},"content":{"rendered":"<p>Am\u00e9liorez la s\u00e9curit\u00e9 et l&rsquo;attrait esth\u00e9tique de vos b\u00e2timents avec notre <b>Garde-corps et Plateforme de Balcon en Acier<\/b>. Fabriqu\u00e9 \u00e0 partir d&rsquo;acier de haute qualit\u00e9, ce produit dispose d&rsquo;une plateforme robuste et d&rsquo;un syst\u00e8me de garde-corps s\u00e9curis\u00e9 con\u00e7u pour pr\u00e9venir les chutes et ajouter une touche \u00e9l\u00e9gante et moderne \u00e0 tout ext\u00e9rieur. La plateforme mesure environ 1&#215;1 m\u00e8tres, offrant un espace ample et assurant la stabilit\u00e9.<\/p>\n<p>Chaque garde-corps est minutieusement fabriqu\u00e9, mesurant environ 90 \u00e0 100 cm de haut, et s&rsquo;int\u00e8gre parfaitement avec la plateforme. La surface est trait\u00e9e avec une peinture grise fonc\u00e9e durable, sp\u00e9cifiquement le gris anthracite RAL 7016, offrant une r\u00e9sistance sup\u00e9rieure \u00e0 la corrosion et conservant son apparence \u00e9l\u00e9gante dans le temps. Id\u00e9al pour les applications r\u00e9sidentielles et commerciales, cette structure de balcon est facilement mont\u00e9e sur votre b\u00e2timent \u00e0 l&rsquo;aide de boulons et de supports robustes pour une s\u00e9curit\u00e9 et une stabilit\u00e9 garanties. Les mots-cl\u00e9s SEO pertinents incluent <b>garde-corps de balcon en m\u00e9tal<\/b>, <b>plateforme en acier<\/b>, <b>garde-corps de balcon galvanis\u00e9<\/b>, <b>design de garde-corps de balcon en acier<\/b>, et <b>syst\u00e8me de garde-corps de balcon ext\u00e9rieur<\/b>.<\/p>\n<p> <div class=\"p2410-product-tags\" style=\"margin:1rem 0\">\r\n\t\t<div style=\"font-weight:600\">\u00c9tiquettes<\/div>\r\n\t\t<div><a href=\"https:\/\/abrhome.eu\/fr\/etiquette-produit\/design-de-garde-corps-moderne\/\" class=\"product-tag\">design de garde-corps moderne<\/a>, <a href=\"https:\/\/abrhome.eu\/fr\/etiquette-produit\/garde-corps-de-securite-pour-balcon\/\" class=\"product-tag\">garde-corps de s\u00e9curit\u00e9 pour balcon<\/a>, <a href=\"https:\/\/abrhome.eu\/fr\/etiquette-produit\/garde-corps-en-metal-pour-balcon\/\" class=\"product-tag\">garde-corps en m\u00e9tal pour balcon<\/a>, <a href=\"https:\/\/abrhome.eu\/fr\/etiquette-produit\/plateforme-exterieure-de-balcon\/\" class=\"product-tag\">plateforme ext\u00e9rieure de balcon<\/a>, <a href=\"https:\/\/abrhome.eu\/fr\/etiquette-produit\/rambarde-de-balcon-en-acier\/\" class=\"product-tag\">rambarde de balcon en acier<\/a><\/div>\r\n\t<\/div> <div class=\"p2410-product-colors\" style=\"margin:1rem 0\">\r\n\t\t<div style=\"font-weight:600\">Couleur<\/div>\r\n\t\t<div><span>RAL 1023 Jaune trafic (Jaune)<\/span>, <span>RAL 1036 Or perl\u00e9 (Or)<\/span>, <span>RAL 2004 Orange pur (Orange)<\/span>, <span>RAL 3000 Rouge feu (Rouge)<\/span>, <span>RAL 3020 Rouge trafic (Rouge)<\/span>, <span>RAL 4005 Lilas bleu (Violet)<\/span>, <span>RAL 5005 Bleu signalisation (Bleu)<\/span>, <span>RAL 5010 Bleu gentiane (Bleu)<\/span>, <span>RAL 6005 Vert mousse (Vert)<\/span>, <span>RAL 7012 Gris basalte (Gris)<\/span>, <span>RAL 7015 Gris ardoise (Gris)<\/span>, <span>RAL 7016 Gris anthracite (Gris)<\/span>, <span>RAL 7021 Gris noir (Noir)<\/span>, <span>RAL 7024 Gris graphite (Gris)<\/span>, <span>RAL 7032 Gris caillou (Gris)<\/span>, <span>RAL 7035 Gris clair (Gris)<\/span>, <span>RAL 7040 Gris fen\u00eatre (Gris)<\/span>, <span>RAL 7042 Gris trafic A (Gris)<\/span>, <span>RAL 8017 Brun chocolat (Brun)<\/span>, <span>RAL 9005 Noir de jais (Noir)<\/span>, <span>RAL 9006 Aluminium blanc (Argent)<\/span>, <span>RAL 9007 Aluminium gris (Argent)<\/span>, <span>RAL 9010 Blanc pur (Blanc)<\/span>, <span>RAL 9016 Blanc trafic (Blanc)<\/span><\/div>\r\n\t<\/div><\/p>\n","protected":false},"excerpt":{"rendered":"<p>D\u00e9couvrez le robuste <b>Garde-corps et Plateforme de Balcon en Acier<\/b>, parfait pour am\u00e9liorer la s\u00e9curit\u00e9 et ajouter une touche moderne aux b\u00e2timents. Caract\u00e9ristiques de construction en acier de haute qualit\u00e9, rev\u00eatement durable et installation facile.<\/p>\n","protected":false},"featured_media":2498,"template":"","meta":[],"product_cat":[26690],"product_tag":[3330,3344,2157,3316,2590],"class_list":{"0":"post-10230","1":"product","2":"type-product","3":"status-publish","4":"has-post-thumbnail","6":"product_cat-structures-maison-balcon","7":"product_tag-design-de-garde-corps-moderne","8":"product_tag-garde-corps-de-securite-pour-balcon","9":"product_tag-garde-corps-en-metal-pour-balcon","10":"product_tag-plateforme-exterieure-de-balcon","11":"product_tag-rambarde-de-balcon-en-acier","13":"first","14":"instock","15":"shipping-taxable","16":"product-type-simple"},"yoast_head":"<!-- This site is optimized with the Yoast SEO plugin v23.1 - https:\/\/yoast.com\/wordpress\/plugins\/seo\/ -->\n<title>Garde-corps et Plateforme de Balcon en Acier - ABR Home - Metallic constructions since 2010<\/title>\n<meta name=\"robots\" content=\"index, follow, max-snippet:-1, max-image-preview:large, max-video-preview:-1\" \/>\n<link rel=\"canonical\" href=\"https:\/\/abrhome.eu\/produit\/steel-balcony-railing-and-platform\/\" \/>\n<meta property=\"og:locale\" content=\"fr_FR\" \/>\n<meta property=\"og:type\" content=\"article\" \/>\n<meta property=\"og:title\" content=\"Garde-corps et Plateforme de Balcon en Acier - ABR Home - Metallic constructions since 2010\" \/>\n<meta property=\"og:description\" content=\"D\u00e9couvrez le robuste Garde-corps et Plateforme de Balcon en Acier, parfait pour am\u00e9liorer la s\u00e9curit\u00e9 et ajouter une touche moderne aux b\u00e2timents. Caract\u00e9ristiques de construction en acier de haute qualit\u00e9, rev\u00eatement durable et installation facile.\" \/>\n<meta property=\"og:url\" content=\"https:\/\/abrhome.eu\/produit\/steel-balcony-railing-and-platform\/\" \/>\n<meta property=\"og:site_name\" content=\"ABR Home - Metallic constructions since 2010\" \/>\n<meta property=\"article:modified_time\" content=\"2024-06-04T16:55:26+00:00\" \/>\n<meta property=\"og:image\" content=\"https:\/\/abrhome.eu\/wp-content\/uploads\/2024\/06\/balkons-1x1-marga.jpg\" \/>\n\t<meta property=\"og:image:width\" content=\"1200\" \/>\n\t<meta property=\"og:image:height\" content=\"1600\" \/>\n\t<meta property=\"og:image:type\" content=\"image\/jpeg\" \/>\n<meta name=\"twitter:card\" content=\"summary_large_image\" \/>\n<meta name=\"twitter:label1\" content=\"Dur\u00e9e de lecture estim\u00e9e\" \/>\n\t<meta name=\"twitter:data1\" content=\"1 minute\" \/>\n<script type=\"application\/ld+json\" class=\"yoast-schema-graph\">{\"@context\":\"https:\/\/schema.org\",\"@graph\":[{\"@type\":\"WebPage\",\"@id\":\"https:\/\/abrhome.eu\/produit\/steel-balcony-railing-and-platform\/\",\"url\":\"https:\/\/abrhome.eu\/produit\/steel-balcony-railing-and-platform\/\",\"name\":\"Garde-corps et Plateforme de Balcon en Acier - ABR Home - Metallic constructions since 2010\",\"isPartOf\":{\"@id\":\"https:\/\/abrhome.eu\/#website\"},\"primaryImageOfPage\":{\"@id\":\"https:\/\/abrhome.eu\/produit\/steel-balcony-railing-and-platform\/#primaryimage\"},\"image\":{\"@id\":\"https:\/\/abrhome.eu\/produit\/steel-balcony-railing-and-platform\/#primaryimage\"},\"thumbnailUrl\":\"https:\/\/abrhome.eu\/wp-content\/uploads\/2024\/06\/balkons-1x1-marga.jpg\",\"datePublished\":\"2024-06-04T15:11:46+00:00\",\"dateModified\":\"2024-06-04T16:55:26+00:00\",\"breadcrumb\":{\"@id\":\"https:\/\/abrhome.eu\/produit\/steel-balcony-railing-and-platform\/#breadcrumb\"},\"inLanguage\":\"fr-FR\",\"potentialAction\":[{\"@type\":\"ReadAction\",\"target\":[\"https:\/\/abrhome.eu\/produit\/steel-balcony-railing-and-platform\/\"]}]},{\"@type\":\"ImageObject\",\"inLanguage\":\"fr-FR\",\"@id\":\"https:\/\/abrhome.eu\/produit\/steel-balcony-railing-and-platform\/#primaryimage\",\"url\":\"https:\/\/abrhome.eu\/wp-content\/uploads\/2024\/06\/balkons-1x1-marga.jpg\",\"contentUrl\":\"https:\/\/abrhome.eu\/wp-content\/uploads\/2024\/06\/balkons-1x1-marga.jpg\",\"width\":1200,\"height\":1600,\"caption\":\"Ter\u00e4ksinen parvekkeen kaide ja alusta\"},{\"@type\":\"BreadcrumbList\",\"@id\":\"https:\/\/abrhome.eu\/produit\/steel-balcony-railing-and-platform\/#breadcrumb\",\"itemListElement\":[{\"@type\":\"ListItem\",\"position\":1,\"name\":\"Home\",\"item\":\"https:\/\/abrhome.eu\/fr\/\"},{\"@type\":\"ListItem\",\"position\":2,\"name\":\"Produits\",\"item\":\"https:\/\/abrhome.eu\/products\/\"},{\"@type\":\"ListItem\",\"position\":3,\"name\":\"Garde-corps et Plateforme de Balcon en Acier\"}]},{\"@type\":\"WebSite\",\"@id\":\"https:\/\/abrhome.eu\/#website\",\"url\":\"https:\/\/abrhome.eu\/\",\"name\":\"ABR Home - Metallic constructions since 2010\",\"description\":\"\",\"publisher\":{\"@id\":\"https:\/\/abrhome.eu\/#organization\"},\"potentialAction\":[{\"@type\":\"SearchAction\",\"target\":{\"@type\":\"EntryPoint\",\"urlTemplate\":\"https:\/\/abrhome.eu\/?s={search_term_string}\"},\"query-input\":\"required name=search_term_string\"}],\"inLanguage\":\"fr-FR\"},{\"@type\":\"Organization\",\"@id\":\"https:\/\/abrhome.eu\/#organization\",\"name\":\"ABR Home - Metallic constructions since 2010\",\"url\":\"https:\/\/abrhome.eu\/\",\"logo\":{\"@type\":\"ImageObject\",\"inLanguage\":\"fr-FR\",\"@id\":\"https:\/\/abrhome.eu\/#\/schema\/logo\/image\/\",\"url\":\"https:\/\/abrhome.eu\/wp-content\/uploads\/2023\/12\/logo-10.png\",\"contentUrl\":\"https:\/\/abrhome.eu\/wp-content\/uploads\/2023\/12\/logo-10.png\",\"width\":300,\"height\":139,\"caption\":\"ABR Home - Metallic constructions since 2010\"},\"image\":{\"@id\":\"https:\/\/abrhome.eu\/#\/schema\/logo\/image\/\"}}]}<\/script>\n<!-- \/ Yoast SEO plugin. -->","yoast_head_json":{"title":"Garde-corps et Plateforme de Balcon en Acier - ABR Home - Metallic constructions since 2010","robots":{"index":"index","follow":"follow","max-snippet":"max-snippet:-1","max-image-preview":"max-image-preview:large","max-video-preview":"max-video-preview:-1"},"canonical":"https:\/\/abrhome.eu\/produit\/steel-balcony-railing-and-platform\/","og_locale":"fr_FR","og_type":"article","og_title":"Garde-corps et Plateforme de Balcon en Acier - ABR Home - Metallic constructions since 2010","og_description":"D\u00e9couvrez le robuste Garde-corps et Plateforme de Balcon en Acier, parfait pour am\u00e9liorer la s\u00e9curit\u00e9 et ajouter une touche moderne aux b\u00e2timents. Caract\u00e9ristiques de construction en acier de haute qualit\u00e9, rev\u00eatement durable et installation facile.","og_url":"https:\/\/abrhome.eu\/produit\/steel-balcony-railing-and-platform\/","og_site_name":"ABR Home - Metallic constructions since 2010","article_modified_time":"2024-06-04T16:55:26+00:00","og_image":[{"width":1200,"height":1600,"url":"https:\/\/abrhome.eu\/wp-content\/uploads\/2024\/06\/balkons-1x1-marga.jpg","type":"image\/jpeg"}],"twitter_card":"summary_large_image","twitter_misc":{"Dur\u00e9e de lecture estim\u00e9e":"1 minute"},"schema":{"@context":"https:\/\/schema.org","@graph":[{"@type":"WebPage","@id":"https:\/\/abrhome.eu\/produit\/steel-balcony-railing-and-platform\/","url":"https:\/\/abrhome.eu\/produit\/steel-balcony-railing-and-platform\/","name":"Garde-corps et Plateforme de Balcon en Acier - ABR Home - Metallic constructions since 2010","isPartOf":{"@id":"https:\/\/abrhome.eu\/#website"},"primaryImageOfPage":{"@id":"https:\/\/abrhome.eu\/produit\/steel-balcony-railing-and-platform\/#primaryimage"},"image":{"@id":"https:\/\/abrhome.eu\/produit\/steel-balcony-railing-and-platform\/#primaryimage"},"thumbnailUrl":"https:\/\/abrhome.eu\/wp-content\/uploads\/2024\/06\/balkons-1x1-marga.jpg","datePublished":"2024-06-04T15:11:46+00:00","dateModified":"2024-06-04T16:55:26+00:00","breadcrumb":{"@id":"https:\/\/abrhome.eu\/produit\/steel-balcony-railing-and-platform\/#breadcrumb"},"inLanguage":"fr-FR","potentialAction":[{"@type":"ReadAction","target":["https:\/\/abrhome.eu\/produit\/steel-balcony-railing-and-platform\/"]}]},{"@type":"ImageObject","inLanguage":"fr-FR","@id":"https:\/\/abrhome.eu\/produit\/steel-balcony-railing-and-platform\/#primaryimage","url":"https:\/\/abrhome.eu\/wp-content\/uploads\/2024\/06\/balkons-1x1-marga.jpg","contentUrl":"https:\/\/abrhome.eu\/wp-content\/uploads\/2024\/06\/balkons-1x1-marga.jpg","width":1200,"height":1600,"caption":"Ter\u00e4ksinen parvekkeen kaide ja alusta"},{"@type":"BreadcrumbList","@id":"https:\/\/abrhome.eu\/produit\/steel-balcony-railing-and-platform\/#breadcrumb","itemListElement":[{"@type":"ListItem","position":1,"name":"Home","item":"https:\/\/abrhome.eu\/fr\/"},{"@type":"ListItem","position":2,"name":"Produits","item":"https:\/\/abrhome.eu\/products\/"},{"@type":"ListItem","position":3,"name":"Garde-corps et Plateforme de Balcon en Acier"}]},{"@type":"WebSite","@id":"https:\/\/abrhome.eu\/#website","url":"https:\/\/abrhome.eu\/","name":"ABR Home - Metallic constructions since 2010","description":"","publisher":{"@id":"https:\/\/abrhome.eu\/#organization"},"potentialAction":[{"@type":"SearchAction","target":{"@type":"EntryPoint","urlTemplate":"https:\/\/abrhome.eu\/?s={search_term_string}"},"query-input":"required name=search_term_string"}],"inLanguage":"fr-FR"},{"@type":"Organization","@id":"https:\/\/abrhome.eu\/#organization","name":"ABR Home - Metallic constructions since 2010","url":"https:\/\/abrhome.eu\/","logo":{"@type":"ImageObject","inLanguage":"fr-FR","@id":"https:\/\/abrhome.eu\/#\/schema\/logo\/image\/","url":"https:\/\/abrhome.eu\/wp-content\/uploads\/2023\/12\/logo-10.png","contentUrl":"https:\/\/abrhome.eu\/wp-content\/uploads\/2023\/12\/logo-10.png","width":300,"height":139,"caption":"ABR Home - Metallic constructions since 2010"},"image":{"@id":"https:\/\/abrhome.eu\/#\/schema\/logo\/image\/"}}]}},"_links":{"self":[{"href":"https:\/\/abrhome.eu\/fr\/wp-json\/wp\/v2\/product\/10230","targetHints":{"allow":["GET"]}}],"collection":[{"href":"https:\/\/abrhome.eu\/fr\/wp-json\/wp\/v2\/product"}],"about":[{"href":"https:\/\/abrhome.eu\/fr\/wp-json\/wp\/v2\/types\/product"}],"version-history":[{"count":0,"href":"https:\/\/abrhome.eu\/fr\/wp-json\/wp\/v2\/product\/10230\/revisions"}],"wp:featuredmedia":[{"embeddable":true,"href":"https:\/\/abrhome.eu\/fr\/wp-json\/wp\/v2\/media\/2498"}],"wp:attachment":[{"href":"https:\/\/abrhome.eu\/fr\/wp-json\/wp\/v2\/media?parent=10230"}],"wp:term":[{"taxonomy":"product_cat","embeddable":true,"href":"https:\/\/abrhome.eu\/fr\/wp-json\/wp\/v2\/product_cat?post=10230"},{"taxonomy":"product_tag","embeddable":true,"href":"https:\/\/abrhome.eu\/fr\/wp-json\/wp\/v2\/product_tag?post=10230"}],"curies":[{"name":"wp","href":"https:\/\/api.w.org\/{rel}","templated":true}]}}