{"id":10258,"date":"2024-06-04T17:11:52","date_gmt":"2024-06-04T15:11:52","guid":{"rendered":"https:\/\/abrhome.eu\/product\/rampe-de-balcon-en-metal-durable\/"},"modified":"2024-06-04T18:59:35","modified_gmt":"2024-06-04T16:59:35","slug":"rampe-de-balcon-en-metal-durable","status":"publish","type":"product","link":"https:\/\/abrhome.eu\/fr\/produit\/rampe-de-balcon-en-metal-durable\/","title":{"rendered":"Rampe de Balcon en M\u00e9tal Durable"},"content":{"rendered":"<p><b>Am\u00e9liorez la s\u00e9curit\u00e9<\/b> et l&rsquo;attrait esth\u00e9tique de votre balcon avec notre <b>Rampe de Balcon en M\u00e9tal Durable<\/b>. Fabriqu\u00e9e en utilisant de l&rsquo;<b>acier<\/b> de haute qualit\u00e9, chaque panneau est m\u00e9ticuleusement con\u00e7u par des proc\u00e9d\u00e9s de tournage, fraisage et meulage pour cr\u00e9er des composants pr\u00e9cis et durables.<\/p>\n<p>Ces composants sont ensuite soigneusement assembl\u00e9s et soud\u00e9s, garantissant une int\u00e9grit\u00e9 structurelle robuste. Pour assurer la long\u00e9vit\u00e9 et la r\u00e9sistance \u00e0 la corrosion, chaque rampe subit un processus de nettoyage approfondi suivi d&rsquo;un <b>rev\u00eatement par poudre<\/b> ou d&rsquo;une galvanisation. La finition noir mat, correspondant \u00e0 RAL 9005 (Jet Black), non seulement ajoute \u00e0 la durabilit\u00e9 du produit, mais offre \u00e9galement une touche \u00e9l\u00e9gante \u00e0 l&rsquo;ext\u00e9rieur de votre b\u00e2timent.<\/p>\n<p>Nos rampes, disponibles en diff\u00e9rentes tailles, sont con\u00e7ues pour un montage facile avec des vis et des supports robustes, garantissant une <b>installation s\u00e9curis\u00e9e<\/b>.<\/p>\n<p> <div class=\"p2410-product-tags\" style=\"margin:1rem 0\">\r\n\t\t<div style=\"font-weight:600\">\u00c9tiquettes<\/div>\r\n\t\t<div><a href=\"https:\/\/abrhome.eu\/fr\/etiquette-produit\/garde-corps-en-metal-pour-balcon\/\" class=\"product-tag\">garde-corps en m\u00e9tal pour balcon<\/a>, <a href=\"https:\/\/abrhome.eu\/fr\/etiquette-produit\/installation-de-rampe-exterieure\/\" class=\"product-tag\">installation de rampe ext\u00e9rieure<\/a>, <a href=\"https:\/\/abrhome.eu\/fr\/etiquette-produit\/rambarde-de-balcon-en-acier\/\" class=\"product-tag\">rambarde de balcon en acier<\/a>, <a href=\"https:\/\/abrhome.eu\/fr\/etiquette-produit\/rampe-de-balcon-durable\/\" class=\"product-tag\">rampe de balcon durable<\/a>, <a href=\"https:\/\/abrhome.eu\/fr\/etiquette-produit\/rampe-en-acier-noir\/\" class=\"product-tag\">rampe en acier noir<\/a><\/div>\r\n\t<\/div> <div class=\"p2410-product-colors\" style=\"margin:1rem 0\">\r\n\t\t<div style=\"font-weight:600\">Couleur<\/div>\r\n\t\t<div><span>RAL 1023 Jaune trafic (Jaune)<\/span>, <span>RAL 1036 Or perl\u00e9 (Or)<\/span>, <span>RAL 2004 Orange pur (Orange)<\/span>, <span>RAL 3000 Rouge feu (Rouge)<\/span>, <span>RAL 3020 Rouge trafic (Rouge)<\/span>, <span>RAL 4005 Lilas bleu (Violet)<\/span>, <span>RAL 5005 Bleu signalisation (Bleu)<\/span>, <span>RAL 5010 Bleu gentiane (Bleu)<\/span>, <span>RAL 6005 Vert mousse (Vert)<\/span>, <span>RAL 7012 Gris basalte (Gris)<\/span>, <span>RAL 7015 Gris ardoise (Gris)<\/span>, <span>RAL 7016 Gris anthracite (Gris)<\/span>, <span>RAL 7021 Gris noir (Noir)<\/span>, <span>RAL 7024 Gris graphite (Gris)<\/span>, <span>RAL 7032 Gris caillou (Gris)<\/span>, <span>RAL 7035 Gris clair (Gris)<\/span>, <span>RAL 7040 Gris fen\u00eatre (Gris)<\/span>, <span>RAL 7042 Gris trafic A (Gris)<\/span>, <span>RAL 8017 Brun chocolat (Brun)<\/span>, <span>RAL 9005 Noir de jais (Noir)<\/span>, <span>RAL 9006 Aluminium blanc (Argent)<\/span>, <span>RAL 9007 Aluminium gris (Argent)<\/span>, <span>RAL 9010 Blanc pur (Blanc)<\/span>, <span>RAL 9016 Blanc trafic (Blanc)<\/span><\/div>\r\n\t<\/div><\/p>\n","protected":false},"excerpt":{"rendered":"<p>Rampe de balcon en <b>m\u00e9tal<\/b> de haute qualit\u00e9, fabriqu\u00e9e en <b>acier<\/b> avec un <b>rev\u00eatement par poudre<\/b> noir mat. Con\u00e7ue pour une s\u00e9curit\u00e9 robuste et une <b>installation ext\u00e9rieure<\/b> facile.<\/p>\n","protected":false},"featured_media":2528,"template":"","meta":[],"product_cat":[26690],"product_tag":[2157,3413,2590,3385,3399],"class_list":{"0":"post-10258","1":"product","2":"type-product","3":"status-publish","4":"has-post-thumbnail","6":"product_cat-structures-maison-balcon","7":"product_tag-garde-corps-en-metal-pour-balcon","8":"product_tag-installation-de-rampe-exterieure","9":"product_tag-rambarde-de-balcon-en-acier","10":"product_tag-rampe-de-balcon-durable","11":"product_tag-rampe-en-acier-noir","13":"first","14":"instock","15":"shipping-taxable","16":"product-type-simple"},"yoast_head":"<!-- This site is optimized with the Yoast SEO plugin v23.1 - https:\/\/yoast.com\/wordpress\/plugins\/seo\/ -->\n<title>Rampe de Balcon en M\u00e9tal Durable - ABR Home - Metallic constructions since 2010<\/title>\n<meta name=\"robots\" content=\"index, follow, max-snippet:-1, max-image-preview:large, max-video-preview:-1\" \/>\n<link rel=\"canonical\" href=\"https:\/\/abrhome.eu\/produit\/durable-metal-balcony-railing\/\" \/>\n<meta property=\"og:locale\" content=\"fr_FR\" \/>\n<meta property=\"og:type\" content=\"article\" \/>\n<meta property=\"og:title\" content=\"Rampe de Balcon en M\u00e9tal Durable - ABR Home - Metallic constructions since 2010\" \/>\n<meta property=\"og:description\" content=\"Rampe de balcon en m\u00e9tal de haute qualit\u00e9, fabriqu\u00e9e en acier avec un rev\u00eatement par poudre noir mat. Con\u00e7ue pour une s\u00e9curit\u00e9 robuste et une installation ext\u00e9rieure facile.\" \/>\n<meta property=\"og:url\" content=\"https:\/\/abrhome.eu\/produit\/durable-metal-balcony-railing\/\" \/>\n<meta property=\"og:site_name\" content=\"ABR Home - Metallic constructions since 2010\" \/>\n<meta property=\"article:modified_time\" content=\"2024-06-04T16:59:35+00:00\" \/>\n<meta property=\"og:image\" content=\"https:\/\/abrhome.eu\/wp-content\/uploads\/2024\/06\/margas-Jurkalnes54-2.jpg\" \/>\n\t<meta property=\"og:image:width\" content=\"476\" \/>\n\t<meta property=\"og:image:height\" content=\"468\" \/>\n\t<meta property=\"og:image:type\" content=\"image\/jpeg\" \/>\n<meta name=\"twitter:card\" content=\"summary_large_image\" \/>\n<meta name=\"twitter:label1\" content=\"Dur\u00e9e de lecture estim\u00e9e\" \/>\n\t<meta name=\"twitter:data1\" content=\"1 minute\" \/>\n<script type=\"application\/ld+json\" class=\"yoast-schema-graph\">{\"@context\":\"https:\/\/schema.org\",\"@graph\":[{\"@type\":\"WebPage\",\"@id\":\"https:\/\/abrhome.eu\/produit\/durable-metal-balcony-railing\/\",\"url\":\"https:\/\/abrhome.eu\/produit\/durable-metal-balcony-railing\/\",\"name\":\"Rampe de Balcon en M\u00e9tal Durable - ABR Home - Metallic constructions since 2010\",\"isPartOf\":{\"@id\":\"https:\/\/abrhome.eu\/#website\"},\"primaryImageOfPage\":{\"@id\":\"https:\/\/abrhome.eu\/produit\/durable-metal-balcony-railing\/#primaryimage\"},\"image\":{\"@id\":\"https:\/\/abrhome.eu\/produit\/durable-metal-balcony-railing\/#primaryimage\"},\"thumbnailUrl\":\"https:\/\/abrhome.eu\/wp-content\/uploads\/2024\/06\/margas-Jurkalnes54-2.jpg\",\"datePublished\":\"2024-06-04T15:11:52+00:00\",\"dateModified\":\"2024-06-04T16:59:35+00:00\",\"breadcrumb\":{\"@id\":\"https:\/\/abrhome.eu\/produit\/durable-metal-balcony-railing\/#breadcrumb\"},\"inLanguage\":\"fr-FR\",\"potentialAction\":[{\"@type\":\"ReadAction\",\"target\":[\"https:\/\/abrhome.eu\/produit\/durable-metal-balcony-railing\/\"]}]},{\"@type\":\"ImageObject\",\"inLanguage\":\"fr-FR\",\"@id\":\"https:\/\/abrhome.eu\/produit\/durable-metal-balcony-railing\/#primaryimage\",\"url\":\"https:\/\/abrhome.eu\/wp-content\/uploads\/2024\/06\/margas-Jurkalnes54-2.jpg\",\"contentUrl\":\"https:\/\/abrhome.eu\/wp-content\/uploads\/2024\/06\/margas-Jurkalnes54-2.jpg\",\"width\":476,\"height\":468,\"caption\":\"Kest\u00e4v\u00e4 Metalliparvekkeen Kaide\"},{\"@type\":\"BreadcrumbList\",\"@id\":\"https:\/\/abrhome.eu\/produit\/durable-metal-balcony-railing\/#breadcrumb\",\"itemListElement\":[{\"@type\":\"ListItem\",\"position\":1,\"name\":\"Home\",\"item\":\"https:\/\/abrhome.eu\/fr\/\"},{\"@type\":\"ListItem\",\"position\":2,\"name\":\"Produits\",\"item\":\"https:\/\/abrhome.eu\/products\/\"},{\"@type\":\"ListItem\",\"position\":3,\"name\":\"Rampe de Balcon en M\u00e9tal Durable\"}]},{\"@type\":\"WebSite\",\"@id\":\"https:\/\/abrhome.eu\/#website\",\"url\":\"https:\/\/abrhome.eu\/\",\"name\":\"ABR Home - Metallic constructions since 2010\",\"description\":\"\",\"publisher\":{\"@id\":\"https:\/\/abrhome.eu\/#organization\"},\"potentialAction\":[{\"@type\":\"SearchAction\",\"target\":{\"@type\":\"EntryPoint\",\"urlTemplate\":\"https:\/\/abrhome.eu\/?s={search_term_string}\"},\"query-input\":\"required name=search_term_string\"}],\"inLanguage\":\"fr-FR\"},{\"@type\":\"Organization\",\"@id\":\"https:\/\/abrhome.eu\/#organization\",\"name\":\"ABR Home - Metallic constructions since 2010\",\"url\":\"https:\/\/abrhome.eu\/\",\"logo\":{\"@type\":\"ImageObject\",\"inLanguage\":\"fr-FR\",\"@id\":\"https:\/\/abrhome.eu\/#\/schema\/logo\/image\/\",\"url\":\"https:\/\/abrhome.eu\/wp-content\/uploads\/2023\/12\/logo-10.png\",\"contentUrl\":\"https:\/\/abrhome.eu\/wp-content\/uploads\/2023\/12\/logo-10.png\",\"width\":300,\"height\":139,\"caption\":\"ABR Home - Metallic constructions since 2010\"},\"image\":{\"@id\":\"https:\/\/abrhome.eu\/#\/schema\/logo\/image\/\"}}]}<\/script>\n<!-- \/ Yoast SEO plugin. -->","yoast_head_json":{"title":"Rampe de Balcon en M\u00e9tal Durable - ABR Home - Metallic constructions since 2010","robots":{"index":"index","follow":"follow","max-snippet":"max-snippet:-1","max-image-preview":"max-image-preview:large","max-video-preview":"max-video-preview:-1"},"canonical":"https:\/\/abrhome.eu\/produit\/durable-metal-balcony-railing\/","og_locale":"fr_FR","og_type":"article","og_title":"Rampe de Balcon en M\u00e9tal Durable - ABR Home - Metallic constructions since 2010","og_description":"Rampe de balcon en m\u00e9tal de haute qualit\u00e9, fabriqu\u00e9e en acier avec un rev\u00eatement par poudre noir mat. Con\u00e7ue pour une s\u00e9curit\u00e9 robuste et une installation ext\u00e9rieure facile.","og_url":"https:\/\/abrhome.eu\/produit\/durable-metal-balcony-railing\/","og_site_name":"ABR Home - Metallic constructions since 2010","article_modified_time":"2024-06-04T16:59:35+00:00","og_image":[{"width":476,"height":468,"url":"https:\/\/abrhome.eu\/wp-content\/uploads\/2024\/06\/margas-Jurkalnes54-2.jpg","type":"image\/jpeg"}],"twitter_card":"summary_large_image","twitter_misc":{"Dur\u00e9e de lecture estim\u00e9e":"1 minute"},"schema":{"@context":"https:\/\/schema.org","@graph":[{"@type":"WebPage","@id":"https:\/\/abrhome.eu\/produit\/durable-metal-balcony-railing\/","url":"https:\/\/abrhome.eu\/produit\/durable-metal-balcony-railing\/","name":"Rampe de Balcon en M\u00e9tal Durable - ABR Home - Metallic constructions since 2010","isPartOf":{"@id":"https:\/\/abrhome.eu\/#website"},"primaryImageOfPage":{"@id":"https:\/\/abrhome.eu\/produit\/durable-metal-balcony-railing\/#primaryimage"},"image":{"@id":"https:\/\/abrhome.eu\/produit\/durable-metal-balcony-railing\/#primaryimage"},"thumbnailUrl":"https:\/\/abrhome.eu\/wp-content\/uploads\/2024\/06\/margas-Jurkalnes54-2.jpg","datePublished":"2024-06-04T15:11:52+00:00","dateModified":"2024-06-04T16:59:35+00:00","breadcrumb":{"@id":"https:\/\/abrhome.eu\/produit\/durable-metal-balcony-railing\/#breadcrumb"},"inLanguage":"fr-FR","potentialAction":[{"@type":"ReadAction","target":["https:\/\/abrhome.eu\/produit\/durable-metal-balcony-railing\/"]}]},{"@type":"ImageObject","inLanguage":"fr-FR","@id":"https:\/\/abrhome.eu\/produit\/durable-metal-balcony-railing\/#primaryimage","url":"https:\/\/abrhome.eu\/wp-content\/uploads\/2024\/06\/margas-Jurkalnes54-2.jpg","contentUrl":"https:\/\/abrhome.eu\/wp-content\/uploads\/2024\/06\/margas-Jurkalnes54-2.jpg","width":476,"height":468,"caption":"Kest\u00e4v\u00e4 Metalliparvekkeen Kaide"},{"@type":"BreadcrumbList","@id":"https:\/\/abrhome.eu\/produit\/durable-metal-balcony-railing\/#breadcrumb","itemListElement":[{"@type":"ListItem","position":1,"name":"Home","item":"https:\/\/abrhome.eu\/fr\/"},{"@type":"ListItem","position":2,"name":"Produits","item":"https:\/\/abrhome.eu\/products\/"},{"@type":"ListItem","position":3,"name":"Rampe de Balcon en M\u00e9tal Durable"}]},{"@type":"WebSite","@id":"https:\/\/abrhome.eu\/#website","url":"https:\/\/abrhome.eu\/","name":"ABR Home - Metallic constructions since 2010","description":"","publisher":{"@id":"https:\/\/abrhome.eu\/#organization"},"potentialAction":[{"@type":"SearchAction","target":{"@type":"EntryPoint","urlTemplate":"https:\/\/abrhome.eu\/?s={search_term_string}"},"query-input":"required name=search_term_string"}],"inLanguage":"fr-FR"},{"@type":"Organization","@id":"https:\/\/abrhome.eu\/#organization","name":"ABR Home - Metallic constructions since 2010","url":"https:\/\/abrhome.eu\/","logo":{"@type":"ImageObject","inLanguage":"fr-FR","@id":"https:\/\/abrhome.eu\/#\/schema\/logo\/image\/","url":"https:\/\/abrhome.eu\/wp-content\/uploads\/2023\/12\/logo-10.png","contentUrl":"https:\/\/abrhome.eu\/wp-content\/uploads\/2023\/12\/logo-10.png","width":300,"height":139,"caption":"ABR Home - Metallic constructions since 2010"},"image":{"@id":"https:\/\/abrhome.eu\/#\/schema\/logo\/image\/"}}]}},"_links":{"self":[{"href":"https:\/\/abrhome.eu\/fr\/wp-json\/wp\/v2\/product\/10258","targetHints":{"allow":["GET"]}}],"collection":[{"href":"https:\/\/abrhome.eu\/fr\/wp-json\/wp\/v2\/product"}],"about":[{"href":"https:\/\/abrhome.eu\/fr\/wp-json\/wp\/v2\/types\/product"}],"version-history":[{"count":0,"href":"https:\/\/abrhome.eu\/fr\/wp-json\/wp\/v2\/product\/10258\/revisions"}],"wp:featuredmedia":[{"embeddable":true,"href":"https:\/\/abrhome.eu\/fr\/wp-json\/wp\/v2\/media\/2528"}],"wp:attachment":[{"href":"https:\/\/abrhome.eu\/fr\/wp-json\/wp\/v2\/media?parent=10258"}],"wp:term":[{"taxonomy":"product_cat","embeddable":true,"href":"https:\/\/abrhome.eu\/fr\/wp-json\/wp\/v2\/product_cat?post=10258"},{"taxonomy":"product_tag","embeddable":true,"href":"https:\/\/abrhome.eu\/fr\/wp-json\/wp\/v2\/product_tag?post=10258"}],"curies":[{"name":"wp","href":"https:\/\/api.w.org\/{rel}","templated":true}]}}