{"id":10636,"date":"2024-06-04T17:12:55","date_gmt":"2024-06-04T15:12:55","guid":{"rendered":"https:\/\/abrhome.eu\/product\/auvent-exterieur-metallique-durable\/"},"modified":"2024-06-04T19:51:43","modified_gmt":"2024-06-04T17:51:43","slug":"auvent-exterieur-metallique-durable","status":"publish","type":"product","link":"https:\/\/abrhome.eu\/fr\/produit\/auvent-exterieur-metallique-durable\/","title":{"rendered":"Auvent Ext\u00e9rieur M\u00e9tallique Durable"},"content":{"rendered":"<p>Faites l&rsquo;exp\u00e9rience de la <b>commodit\u00e9 ext\u00e9rieure<\/b> combin\u00e9e \u00e0 un design moderne avec notre <b>Auvent Ext\u00e9rieur M\u00e9tallique Durable<\/b>. Con\u00e7u pour r\u00e9pondre \u00e0 des dimensions et exigences sp\u00e9cifiques, cette structure d&rsquo;auvent d\u00e9marre avec un processus m\u00e9ticuleux d&rsquo;ing\u00e9nierie et de conception, assurant que chaque pi\u00e8ce s&rsquo;adapte parfaitement \u00e0 l&rsquo;espace pr\u00e9vu.<\/p>\n<p>Fabriqu\u00e9 en acier de haute qualit\u00e9, le cadre et les piliers de soutien de l&rsquo;auvent sont d\u00e9coup\u00e9s avec pr\u00e9cision et assembl\u00e9s par des experts en utilisant des techniques avanc\u00e9es de tournage, de fraisage et de soudage. La surface de l&rsquo;auvent est soigneusement raffin\u00e9e par meulage, puis trait\u00e9e par peinture, galvanisation ou rev\u00eatement en poudre, offrant une excellente durabilit\u00e9 et une protection optimale contre les conditions climatiques diverses.<\/p>\n<p>Nos auvents polyvalents peuvent \u00eatre utilis\u00e9s au-dessus des portes, des fen\u00eatres ou des espaces assis ext\u00e9rieurs, offrant un abri fiable contre la pluie et le soleil. La finition grise attrayante des panneaux de toit, potentiellement utilisant un rev\u00eatement galvanique, ajoute non seulement \u00e0 son attrait esth\u00e9tique mais aide \u00e9galement \u00e0 pr\u00e9venir la rouille. Chaque auvent est m\u00e9ticuleusement emball\u00e9 et pr\u00e9par\u00e9 pour un transport et une installation faciles, comportant des points d&rsquo;ancrage solides pour une fixation s\u00e9curis\u00e9e sur diverses surfaces.<\/p>\n<p> <div class=\"p2410-product-tags\" style=\"margin:1rem 0\">\r\n\t\t<div style=\"font-weight:600\">\u00c9tiquettes<\/div>\r\n\t\t<div><a href=\"https:\/\/abrhome.eu\/fr\/etiquette-produit\/auvent-en-acier\/\" class=\"product-tag\">auvent en acier<\/a>, <a href=\"https:\/\/abrhome.eu\/fr\/etiquette-produit\/auvent-exterieur-en-metal\/\" class=\"product-tag\">auvent ext\u00e9rieur en m\u00e9tal<\/a>, <a href=\"https:\/\/abrhome.eu\/fr\/etiquette-produit\/auvent-metallique-galvanise\/\" class=\"product-tag\">Auvent M\u00e9tallique Galvanis\u00e9<\/a>, <a href=\"https:\/\/abrhome.eu\/fr\/etiquette-produit\/auvent-resistant-aux-intemperies\/\" class=\"product-tag\">Auvent R\u00e9sistant aux Intemp\u00e9ries<\/a>, <a href=\"https:\/\/abrhome.eu\/fr\/etiquette-produit\/installation-dauvent-exterieur\/\" class=\"product-tag\">Installation d&#039;Auvent Ext\u00e9rieur<\/a><\/div>\r\n\t<\/div> <div class=\"p2410-product-colors\" style=\"margin:1rem 0\">\r\n\t\t<div style=\"font-weight:600\">Couleur<\/div>\r\n\t\t<div><span>RAL 1023 Jaune trafic (Jaune)<\/span>, <span>RAL 1036 Or perl\u00e9 (Or)<\/span>, <span>RAL 2004 Orange pur (Orange)<\/span>, <span>RAL 3000 Rouge feu (Rouge)<\/span>, <span>RAL 3020 Rouge trafic (Rouge)<\/span>, <span>RAL 4005 Lilas bleu (Violet)<\/span>, <span>RAL 5005 Bleu signalisation (Bleu)<\/span>, <span>RAL 5010 Bleu gentiane (Bleu)<\/span>, <span>RAL 6005 Vert mousse (Vert)<\/span>, <span>RAL 7012 Gris basalte (Gris)<\/span>, <span>RAL 7015 Gris ardoise (Gris)<\/span>, <span>RAL 7016 Gris anthracite (Gris)<\/span>, <span>RAL 7021 Gris noir (Noir)<\/span>, <span>RAL 7024 Gris graphite (Gris)<\/span>, <span>RAL 7032 Gris caillou (Gris)<\/span>, <span>RAL 7035 Gris clair (Gris)<\/span>, <span>RAL 7040 Gris fen\u00eatre (Gris)<\/span>, <span>RAL 7042 Gris trafic A (Gris)<\/span>, <span>RAL 8017 Brun chocolat (Brun)<\/span>, <span>RAL 9005 Noir de jais (Noir)<\/span>, <span>RAL 9006 Aluminium blanc (Argent)<\/span>, <span>RAL 9007 Aluminium gris (Argent)<\/span>, <span>RAL 9010 Blanc pur (Blanc)<\/span>, <span>RAL 9016 Blanc trafic (Blanc)<\/span><\/div>\r\n\t<\/div><\/p>\n","protected":false},"excerpt":{"rendered":"<p>Explorez un <b>Auvent en M\u00e9tal tr\u00e8s r\u00e9sistant aux intemp\u00e9ries<\/b>, parfait pour une utilisation en ext\u00e9rieur. Fabriqu\u00e9 en <b>acier galvanis\u00e9<\/b>, con\u00e7u pour une installation facile et une durabilit\u00e9 dans des conditions climatiques diverses.<\/p>\n","protected":false},"featured_media":3098,"template":"","meta":[],"product_cat":[26704],"product_tag":[4650,4720,4859,4873,4887],"class_list":{"0":"post-10636","1":"product","2":"type-product","3":"status-publish","4":"has-post-thumbnail","6":"product_cat-structures-exterieures-auvents","7":"product_tag-auvent-en-acier","8":"product_tag-auvent-exterieur-en-metal","9":"product_tag-auvent-metallique-galvanise","10":"product_tag-auvent-resistant-aux-intemperies","11":"product_tag-installation-dauvent-exterieur","13":"first","14":"instock","15":"shipping-taxable","16":"product-type-simple"},"yoast_head":"<!-- This site is optimized with the Yoast SEO plugin v23.1 - https:\/\/yoast.com\/wordpress\/plugins\/seo\/ -->\n<title>Auvent Ext\u00e9rieur M\u00e9tallique Durable - ABR Home - Metallic constructions since 2010<\/title>\n<meta name=\"robots\" content=\"index, follow, max-snippet:-1, max-image-preview:large, max-video-preview:-1\" \/>\n<link rel=\"canonical\" href=\"https:\/\/abrhome.eu\/produit\/durable-outdoor-metal-canopy\/\" \/>\n<meta property=\"og:locale\" content=\"fr_FR\" \/>\n<meta property=\"og:type\" content=\"article\" \/>\n<meta property=\"og:title\" content=\"Auvent Ext\u00e9rieur M\u00e9tallique Durable - ABR Home - Metallic constructions since 2010\" \/>\n<meta property=\"og:description\" content=\"Explorez un Auvent en M\u00e9tal tr\u00e8s r\u00e9sistant aux intemp\u00e9ries, parfait pour une utilisation en ext\u00e9rieur. Fabriqu\u00e9 en acier galvanis\u00e9, con\u00e7u pour une installation facile et une durabilit\u00e9 dans des conditions climatiques diverses.\" \/>\n<meta property=\"og:url\" content=\"https:\/\/abrhome.eu\/produit\/durable-outdoor-metal-canopy\/\" \/>\n<meta property=\"og:site_name\" content=\"ABR Home - Metallic constructions since 2010\" \/>\n<meta property=\"article:modified_time\" content=\"2024-06-04T17:51:43+00:00\" \/>\n<meta property=\"og:image\" content=\"https:\/\/abrhome.eu\/wp-content\/uploads\/2024\/06\/IMG-20230403-WA0009.jpg\" \/>\n\t<meta property=\"og:image:width\" content=\"1200\" \/>\n\t<meta property=\"og:image:height\" content=\"1600\" \/>\n\t<meta property=\"og:image:type\" content=\"image\/jpeg\" \/>\n<meta name=\"twitter:card\" content=\"summary_large_image\" \/>\n<meta name=\"twitter:label1\" content=\"Dur\u00e9e de lecture estim\u00e9e\" \/>\n\t<meta name=\"twitter:data1\" content=\"1 minute\" \/>\n<script type=\"application\/ld+json\" class=\"yoast-schema-graph\">{\"@context\":\"https:\/\/schema.org\",\"@graph\":[{\"@type\":\"WebPage\",\"@id\":\"https:\/\/abrhome.eu\/produit\/durable-outdoor-metal-canopy\/\",\"url\":\"https:\/\/abrhome.eu\/produit\/durable-outdoor-metal-canopy\/\",\"name\":\"Auvent Ext\u00e9rieur M\u00e9tallique Durable - ABR Home - Metallic constructions since 2010\",\"isPartOf\":{\"@id\":\"https:\/\/abrhome.eu\/#website\"},\"primaryImageOfPage\":{\"@id\":\"https:\/\/abrhome.eu\/produit\/durable-outdoor-metal-canopy\/#primaryimage\"},\"image\":{\"@id\":\"https:\/\/abrhome.eu\/produit\/durable-outdoor-metal-canopy\/#primaryimage\"},\"thumbnailUrl\":\"https:\/\/abrhome.eu\/wp-content\/uploads\/2024\/06\/IMG-20230403-WA0009.jpg\",\"datePublished\":\"2024-06-04T15:12:55+00:00\",\"dateModified\":\"2024-06-04T17:51:43+00:00\",\"breadcrumb\":{\"@id\":\"https:\/\/abrhome.eu\/produit\/durable-outdoor-metal-canopy\/#breadcrumb\"},\"inLanguage\":\"fr-FR\",\"potentialAction\":[{\"@type\":\"ReadAction\",\"target\":[\"https:\/\/abrhome.eu\/produit\/durable-outdoor-metal-canopy\/\"]}]},{\"@type\":\"ImageObject\",\"inLanguage\":\"fr-FR\",\"@id\":\"https:\/\/abrhome.eu\/produit\/durable-outdoor-metal-canopy\/#primaryimage\",\"url\":\"https:\/\/abrhome.eu\/wp-content\/uploads\/2024\/06\/IMG-20230403-WA0009.jpg\",\"contentUrl\":\"https:\/\/abrhome.eu\/wp-content\/uploads\/2024\/06\/IMG-20230403-WA0009.jpg\",\"width\":1200,\"height\":1600,\"caption\":\"Kest\u00e4v\u00e4 Ulkotilan Metallikatos\"},{\"@type\":\"BreadcrumbList\",\"@id\":\"https:\/\/abrhome.eu\/produit\/durable-outdoor-metal-canopy\/#breadcrumb\",\"itemListElement\":[{\"@type\":\"ListItem\",\"position\":1,\"name\":\"Home\",\"item\":\"https:\/\/abrhome.eu\/fr\/\"},{\"@type\":\"ListItem\",\"position\":2,\"name\":\"Produits\",\"item\":\"https:\/\/abrhome.eu\/products\/\"},{\"@type\":\"ListItem\",\"position\":3,\"name\":\"Auvent Ext\u00e9rieur M\u00e9tallique Durable\"}]},{\"@type\":\"WebSite\",\"@id\":\"https:\/\/abrhome.eu\/#website\",\"url\":\"https:\/\/abrhome.eu\/\",\"name\":\"ABR Home - Metallic constructions since 2010\",\"description\":\"\",\"publisher\":{\"@id\":\"https:\/\/abrhome.eu\/#organization\"},\"potentialAction\":[{\"@type\":\"SearchAction\",\"target\":{\"@type\":\"EntryPoint\",\"urlTemplate\":\"https:\/\/abrhome.eu\/?s={search_term_string}\"},\"query-input\":\"required name=search_term_string\"}],\"inLanguage\":\"fr-FR\"},{\"@type\":\"Organization\",\"@id\":\"https:\/\/abrhome.eu\/#organization\",\"name\":\"ABR Home - Metallic constructions since 2010\",\"url\":\"https:\/\/abrhome.eu\/\",\"logo\":{\"@type\":\"ImageObject\",\"inLanguage\":\"fr-FR\",\"@id\":\"https:\/\/abrhome.eu\/#\/schema\/logo\/image\/\",\"url\":\"https:\/\/abrhome.eu\/wp-content\/uploads\/2023\/12\/logo-10.png\",\"contentUrl\":\"https:\/\/abrhome.eu\/wp-content\/uploads\/2023\/12\/logo-10.png\",\"width\":300,\"height\":139,\"caption\":\"ABR Home - Metallic constructions since 2010\"},\"image\":{\"@id\":\"https:\/\/abrhome.eu\/#\/schema\/logo\/image\/\"}}]}<\/script>\n<!-- \/ Yoast SEO plugin. -->","yoast_head_json":{"title":"Auvent Ext\u00e9rieur M\u00e9tallique Durable - ABR Home - Metallic constructions since 2010","robots":{"index":"index","follow":"follow","max-snippet":"max-snippet:-1","max-image-preview":"max-image-preview:large","max-video-preview":"max-video-preview:-1"},"canonical":"https:\/\/abrhome.eu\/produit\/durable-outdoor-metal-canopy\/","og_locale":"fr_FR","og_type":"article","og_title":"Auvent Ext\u00e9rieur M\u00e9tallique Durable - ABR Home - Metallic constructions since 2010","og_description":"Explorez un Auvent en M\u00e9tal tr\u00e8s r\u00e9sistant aux intemp\u00e9ries, parfait pour une utilisation en ext\u00e9rieur. Fabriqu\u00e9 en acier galvanis\u00e9, con\u00e7u pour une installation facile et une durabilit\u00e9 dans des conditions climatiques diverses.","og_url":"https:\/\/abrhome.eu\/produit\/durable-outdoor-metal-canopy\/","og_site_name":"ABR Home - Metallic constructions since 2010","article_modified_time":"2024-06-04T17:51:43+00:00","og_image":[{"width":1200,"height":1600,"url":"https:\/\/abrhome.eu\/wp-content\/uploads\/2024\/06\/IMG-20230403-WA0009.jpg","type":"image\/jpeg"}],"twitter_card":"summary_large_image","twitter_misc":{"Dur\u00e9e de lecture estim\u00e9e":"1 minute"},"schema":{"@context":"https:\/\/schema.org","@graph":[{"@type":"WebPage","@id":"https:\/\/abrhome.eu\/produit\/durable-outdoor-metal-canopy\/","url":"https:\/\/abrhome.eu\/produit\/durable-outdoor-metal-canopy\/","name":"Auvent Ext\u00e9rieur M\u00e9tallique Durable - ABR Home - Metallic constructions since 2010","isPartOf":{"@id":"https:\/\/abrhome.eu\/#website"},"primaryImageOfPage":{"@id":"https:\/\/abrhome.eu\/produit\/durable-outdoor-metal-canopy\/#primaryimage"},"image":{"@id":"https:\/\/abrhome.eu\/produit\/durable-outdoor-metal-canopy\/#primaryimage"},"thumbnailUrl":"https:\/\/abrhome.eu\/wp-content\/uploads\/2024\/06\/IMG-20230403-WA0009.jpg","datePublished":"2024-06-04T15:12:55+00:00","dateModified":"2024-06-04T17:51:43+00:00","breadcrumb":{"@id":"https:\/\/abrhome.eu\/produit\/durable-outdoor-metal-canopy\/#breadcrumb"},"inLanguage":"fr-FR","potentialAction":[{"@type":"ReadAction","target":["https:\/\/abrhome.eu\/produit\/durable-outdoor-metal-canopy\/"]}]},{"@type":"ImageObject","inLanguage":"fr-FR","@id":"https:\/\/abrhome.eu\/produit\/durable-outdoor-metal-canopy\/#primaryimage","url":"https:\/\/abrhome.eu\/wp-content\/uploads\/2024\/06\/IMG-20230403-WA0009.jpg","contentUrl":"https:\/\/abrhome.eu\/wp-content\/uploads\/2024\/06\/IMG-20230403-WA0009.jpg","width":1200,"height":1600,"caption":"Kest\u00e4v\u00e4 Ulkotilan Metallikatos"},{"@type":"BreadcrumbList","@id":"https:\/\/abrhome.eu\/produit\/durable-outdoor-metal-canopy\/#breadcrumb","itemListElement":[{"@type":"ListItem","position":1,"name":"Home","item":"https:\/\/abrhome.eu\/fr\/"},{"@type":"ListItem","position":2,"name":"Produits","item":"https:\/\/abrhome.eu\/products\/"},{"@type":"ListItem","position":3,"name":"Auvent Ext\u00e9rieur M\u00e9tallique Durable"}]},{"@type":"WebSite","@id":"https:\/\/abrhome.eu\/#website","url":"https:\/\/abrhome.eu\/","name":"ABR Home - Metallic constructions since 2010","description":"","publisher":{"@id":"https:\/\/abrhome.eu\/#organization"},"potentialAction":[{"@type":"SearchAction","target":{"@type":"EntryPoint","urlTemplate":"https:\/\/abrhome.eu\/?s={search_term_string}"},"query-input":"required name=search_term_string"}],"inLanguage":"fr-FR"},{"@type":"Organization","@id":"https:\/\/abrhome.eu\/#organization","name":"ABR Home - Metallic constructions since 2010","url":"https:\/\/abrhome.eu\/","logo":{"@type":"ImageObject","inLanguage":"fr-FR","@id":"https:\/\/abrhome.eu\/#\/schema\/logo\/image\/","url":"https:\/\/abrhome.eu\/wp-content\/uploads\/2023\/12\/logo-10.png","contentUrl":"https:\/\/abrhome.eu\/wp-content\/uploads\/2023\/12\/logo-10.png","width":300,"height":139,"caption":"ABR Home - Metallic constructions since 2010"},"image":{"@id":"https:\/\/abrhome.eu\/#\/schema\/logo\/image\/"}}]}},"_links":{"self":[{"href":"https:\/\/abrhome.eu\/fr\/wp-json\/wp\/v2\/product\/10636","targetHints":{"allow":["GET"]}}],"collection":[{"href":"https:\/\/abrhome.eu\/fr\/wp-json\/wp\/v2\/product"}],"about":[{"href":"https:\/\/abrhome.eu\/fr\/wp-json\/wp\/v2\/types\/product"}],"version-history":[{"count":0,"href":"https:\/\/abrhome.eu\/fr\/wp-json\/wp\/v2\/product\/10636\/revisions"}],"wp:featuredmedia":[{"embeddable":true,"href":"https:\/\/abrhome.eu\/fr\/wp-json\/wp\/v2\/media\/3098"}],"wp:attachment":[{"href":"https:\/\/abrhome.eu\/fr\/wp-json\/wp\/v2\/media?parent=10636"}],"wp:term":[{"taxonomy":"product_cat","embeddable":true,"href":"https:\/\/abrhome.eu\/fr\/wp-json\/wp\/v2\/product_cat?post=10636"},{"taxonomy":"product_tag","embeddable":true,"href":"https:\/\/abrhome.eu\/fr\/wp-json\/wp\/v2\/product_tag?post=10636"}],"curies":[{"name":"wp","href":"https:\/\/api.w.org\/{rel}","templated":true}]}}