{"id":11299,"date":"2024-06-04T17:15:09","date_gmt":"2024-06-04T15:15:09","guid":{"rendered":"https:\/\/abrhome.eu\/product\/portail-metallique-perfore-a-double-battant\/"},"modified":"2024-06-04T21:17:08","modified_gmt":"2024-06-04T19:17:08","slug":"portail-metallique-perfore-a-double-battant","status":"publish","type":"product","link":"https:\/\/abrhome.eu\/fr\/produit\/portail-metallique-perfore-a-double-battant\/","title":{"rendered":"Portail M\u00e9tallique Perfor\u00e9 \u00e0 Double Battant"},"content":{"rendered":"<p>Am\u00e9liorez la s\u00e9curit\u00e9 et l&rsquo;attrait esth\u00e9tique de votre propri\u00e9t\u00e9 r\u00e9sidentielle ou commerciale avec notre <b>Portail M\u00e9tallique Perfor\u00e9 \u00e0 Double Battant<\/b>. Construit \u00e0 partir d&rsquo;acier de haute qualit\u00e9, ce portail dispose d&rsquo;un cadre durable avec des panneaux perfor\u00e9s m\u00e9ticuleusement fabriqu\u00e9s. Le design offre \u00e0 la fois de l&rsquo;intimit\u00e9 et une apparence moderne, adapt\u00e9 pour diverses entr\u00e9es.<\/p>\n<p>Le portail est con\u00e7u avec pr\u00e9cision. La phase de conception implique des processus de d\u00e9coupe, de fraisage et de soudure m\u00e9ticuleux pour garantir un assemblage robuste. Le motif de perforation utilise une technologie de poin\u00e7onnage avanc\u00e9e, mettant en avant un flair visuel unique. Un rev\u00eatement en poudre noir mat robuste, sp\u00e9cifiquement <b>RAL 9005 (Noir Jet)<\/b>, am\u00e9liore la durabilit\u00e9 contre les intemp\u00e9ries, maintenant une apparence \u00e9l\u00e9gante avec le temps.<\/p>\n<p>Mesurant environ 2 \u00e0 2,5 m\u00e8tres de hauteur et s&rsquo;\u00e9tendant sur une largeur d&rsquo;environ 3 \u00e0 4 m\u00e8tres, le portail est parfaitement dimensionn\u00e9 pour de nombreuses applications. L&rsquo;installation est simple, avec des charni\u00e8res con\u00e7ues pour une fixation s\u00e9curis\u00e9e sur des poteaux ou des murs, assurant une op\u00e9ration fluide et un alignement. C&rsquo;est un choix id\u00e9al pour ceux qui recherchent un <b>portail de s\u00e9curit\u00e9 en acier<\/b> ou un <b>portail m\u00e9tallique commercial<\/b> avec un distinct <b>design de portail \u00e0 double battant<\/b>.<\/p>\n<p> <div class=\"p2410-product-tags\" style=\"margin:1rem 0\">\r\n\t\t<div style=\"font-weight:600\">\u00c9tiquettes<\/div>\r\n\t\t<div><a href=\"https:\/\/abrhome.eu\/fr\/etiquette-produit\/design-de-portail-a-double-battant\/\" class=\"product-tag\">design de portail \u00e0 double battant<\/a>, <a href=\"https:\/\/abrhome.eu\/fr\/etiquette-produit\/portail-de-securite-en-acier\/\" class=\"product-tag\">portail de s\u00e9curit\u00e9 en acier<\/a>, <a href=\"https:\/\/abrhome.eu\/fr\/etiquette-produit\/portail-metallique-commercial\/\" class=\"product-tag\">portail m\u00e9tallique commercial<\/a>, <a href=\"https:\/\/abrhome.eu\/fr\/etiquette-produit\/portail-metallique-perfore\/\" class=\"product-tag\">portail m\u00e9tallique perfor\u00e9<\/a>, <a href=\"https:\/\/abrhome.eu\/fr\/etiquette-produit\/portail-noir-ral-9005\/\" class=\"product-tag\">portail noir RAL 9005<\/a><\/div>\r\n\t<\/div> <div class=\"p2410-product-colors\" style=\"margin:1rem 0\">\r\n\t\t<div style=\"font-weight:600\">Couleur<\/div>\r\n\t\t<div><span>RAL 1023 Jaune trafic (Jaune)<\/span>, <span>RAL 1036 Or perl\u00e9 (Or)<\/span>, <span>RAL 2004 Orange pur (Orange)<\/span>, <span>RAL 3000 Rouge feu (Rouge)<\/span>, <span>RAL 3020 Rouge trafic (Rouge)<\/span>, <span>RAL 4005 Lilas bleu (Violet)<\/span>, <span>RAL 5005 Bleu signalisation (Bleu)<\/span>, <span>RAL 5010 Bleu gentiane (Bleu)<\/span>, <span>RAL 6005 Vert mousse (Vert)<\/span>, <span>RAL 7012 Gris basalte (Gris)<\/span>, <span>RAL 7015 Gris ardoise (Gris)<\/span>, <span>RAL 7016 Gris anthracite (Gris)<\/span>, <span>RAL 7021 Gris noir (Noir)<\/span>, <span>RAL 7024 Gris graphite (Gris)<\/span>, <span>RAL 7032 Gris caillou (Gris)<\/span>, <span>RAL 7035 Gris clair (Gris)<\/span>, <span>RAL 7040 Gris fen\u00eatre (Gris)<\/span>, <span>RAL 7042 Gris trafic A (Gris)<\/span>, <span>RAL 8017 Brun chocolat (Brun)<\/span>, <span>RAL 9005 Noir de jais (Noir)<\/span>, <span>RAL 9006 Aluminium blanc (Argent)<\/span>, <span>RAL 9007 Aluminium gris (Argent)<\/span>, <span>RAL 9010 Blanc pur (Blanc)<\/span>, <span>RAL 9016 Blanc trafic (Blanc)<\/span><\/div>\r\n\t<\/div><\/p>\n","protected":false},"excerpt":{"rendered":"<p>D\u00e9couvrez le robuste <b>Portail M\u00e9tallique Perfor\u00e9 \u00e0 Double Battant<\/b>, fabriqu\u00e9 \u00e0 partir d&rsquo;acier de haute qualit\u00e9 et pr\u00e9sentant un design perfor\u00e9 moderne avec une finition noir mat <b>RAL 9005<\/b>. Parfait pour renforcer la s\u00e9curit\u00e9 et l&rsquo;attrait esth\u00e9tique de divers lieux.<\/p>\n","protected":false},"featured_media":4208,"template":"","meta":[],"product_cat":[26676],"product_tag":[7871,7773,7857,7843,7885],"class_list":{"0":"post-11299","1":"product","2":"type-product","3":"status-publish","4":"has-post-thumbnail","6":"product_cat-barrieres-et-portails-clotures-et-portails","7":"product_tag-design-de-portail-a-double-battant","8":"product_tag-portail-de-securite-en-acier","9":"product_tag-portail-metallique-commercial","10":"product_tag-portail-metallique-perfore","11":"product_tag-portail-noir-ral-9005","13":"first","14":"instock","15":"shipping-taxable","16":"product-type-simple"},"yoast_head":"<!-- This site is optimized with the Yoast SEO plugin v23.1 - https:\/\/yoast.com\/wordpress\/plugins\/seo\/ -->\n<title>Portail M\u00e9tallique Perfor\u00e9 \u00e0 Double Battant - ABR Home - Metallic constructions since 2010<\/title>\n<meta name=\"robots\" content=\"index, follow, max-snippet:-1, max-image-preview:large, max-video-preview:-1\" \/>\n<link rel=\"canonical\" href=\"https:\/\/abrhome.eu\/produit\/double-leaf-perforated-metal-gate\/\" \/>\n<meta property=\"og:locale\" content=\"fr_FR\" \/>\n<meta property=\"og:type\" content=\"article\" \/>\n<meta property=\"og:title\" content=\"Portail M\u00e9tallique Perfor\u00e9 \u00e0 Double Battant - ABR Home - Metallic constructions since 2010\" \/>\n<meta property=\"og:description\" content=\"D\u00e9couvrez le robuste Portail M\u00e9tallique Perfor\u00e9 \u00e0 Double Battant, fabriqu\u00e9 \u00e0 partir d&#039;acier de haute qualit\u00e9 et pr\u00e9sentant un design perfor\u00e9 moderne avec une finition noir mat RAL 9005. Parfait pour renforcer la s\u00e9curit\u00e9 et l&#039;attrait esth\u00e9tique de divers lieux.\" \/>\n<meta property=\"og:url\" content=\"https:\/\/abrhome.eu\/produit\/double-leaf-perforated-metal-gate\/\" \/>\n<meta property=\"og:site_name\" content=\"ABR Home - Metallic constructions since 2010\" \/>\n<meta property=\"article:modified_time\" content=\"2024-06-04T19:17:08+00:00\" \/>\n<meta property=\"og:image\" content=\"https:\/\/abrhome.eu\/wp-content\/uploads\/2024\/06\/IMG-20220226-WA0000.jpg\" \/>\n\t<meta property=\"og:image:width\" content=\"1600\" \/>\n\t<meta property=\"og:image:height\" content=\"1200\" \/>\n\t<meta property=\"og:image:type\" content=\"image\/jpeg\" \/>\n<meta name=\"twitter:card\" content=\"summary_large_image\" \/>\n<meta name=\"twitter:label1\" content=\"Dur\u00e9e de lecture estim\u00e9e\" \/>\n\t<meta name=\"twitter:data1\" content=\"1 minute\" \/>\n<script type=\"application\/ld+json\" class=\"yoast-schema-graph\">{\"@context\":\"https:\/\/schema.org\",\"@graph\":[{\"@type\":\"WebPage\",\"@id\":\"https:\/\/abrhome.eu\/produit\/double-leaf-perforated-metal-gate\/\",\"url\":\"https:\/\/abrhome.eu\/produit\/double-leaf-perforated-metal-gate\/\",\"name\":\"Portail M\u00e9tallique Perfor\u00e9 \u00e0 Double Battant - ABR Home - Metallic constructions since 2010\",\"isPartOf\":{\"@id\":\"https:\/\/abrhome.eu\/#website\"},\"primaryImageOfPage\":{\"@id\":\"https:\/\/abrhome.eu\/produit\/double-leaf-perforated-metal-gate\/#primaryimage\"},\"image\":{\"@id\":\"https:\/\/abrhome.eu\/produit\/double-leaf-perforated-metal-gate\/#primaryimage\"},\"thumbnailUrl\":\"https:\/\/abrhome.eu\/wp-content\/uploads\/2024\/06\/IMG-20220226-WA0000.jpg\",\"datePublished\":\"2024-06-04T15:15:09+00:00\",\"dateModified\":\"2024-06-04T19:17:08+00:00\",\"breadcrumb\":{\"@id\":\"https:\/\/abrhome.eu\/produit\/double-leaf-perforated-metal-gate\/#breadcrumb\"},\"inLanguage\":\"fr-FR\",\"potentialAction\":[{\"@type\":\"ReadAction\",\"target\":[\"https:\/\/abrhome.eu\/produit\/double-leaf-perforated-metal-gate\/\"]}]},{\"@type\":\"ImageObject\",\"inLanguage\":\"fr-FR\",\"@id\":\"https:\/\/abrhome.eu\/produit\/double-leaf-perforated-metal-gate\/#primaryimage\",\"url\":\"https:\/\/abrhome.eu\/wp-content\/uploads\/2024\/06\/IMG-20220226-WA0000.jpg\",\"contentUrl\":\"https:\/\/abrhome.eu\/wp-content\/uploads\/2024\/06\/IMG-20220226-WA0000.jpg\",\"width\":1600,\"height\":1200,\"caption\":\"Kaksilehtinen Reik\u00e4metalliportti\"},{\"@type\":\"BreadcrumbList\",\"@id\":\"https:\/\/abrhome.eu\/produit\/double-leaf-perforated-metal-gate\/#breadcrumb\",\"itemListElement\":[{\"@type\":\"ListItem\",\"position\":1,\"name\":\"Home\",\"item\":\"https:\/\/abrhome.eu\/fr\/\"},{\"@type\":\"ListItem\",\"position\":2,\"name\":\"Produits\",\"item\":\"https:\/\/abrhome.eu\/products\/\"},{\"@type\":\"ListItem\",\"position\":3,\"name\":\"Portail M\u00e9tallique Perfor\u00e9 \u00e0 Double Battant\"}]},{\"@type\":\"WebSite\",\"@id\":\"https:\/\/abrhome.eu\/#website\",\"url\":\"https:\/\/abrhome.eu\/\",\"name\":\"ABR Home - Metallic constructions since 2010\",\"description\":\"\",\"publisher\":{\"@id\":\"https:\/\/abrhome.eu\/#organization\"},\"potentialAction\":[{\"@type\":\"SearchAction\",\"target\":{\"@type\":\"EntryPoint\",\"urlTemplate\":\"https:\/\/abrhome.eu\/?s={search_term_string}\"},\"query-input\":\"required name=search_term_string\"}],\"inLanguage\":\"fr-FR\"},{\"@type\":\"Organization\",\"@id\":\"https:\/\/abrhome.eu\/#organization\",\"name\":\"ABR Home - Metallic constructions since 2010\",\"url\":\"https:\/\/abrhome.eu\/\",\"logo\":{\"@type\":\"ImageObject\",\"inLanguage\":\"fr-FR\",\"@id\":\"https:\/\/abrhome.eu\/#\/schema\/logo\/image\/\",\"url\":\"https:\/\/abrhome.eu\/wp-content\/uploads\/2023\/12\/logo-10.png\",\"contentUrl\":\"https:\/\/abrhome.eu\/wp-content\/uploads\/2023\/12\/logo-10.png\",\"width\":300,\"height\":139,\"caption\":\"ABR Home - Metallic constructions since 2010\"},\"image\":{\"@id\":\"https:\/\/abrhome.eu\/#\/schema\/logo\/image\/\"}}]}<\/script>\n<!-- \/ Yoast SEO plugin. -->","yoast_head_json":{"title":"Portail M\u00e9tallique Perfor\u00e9 \u00e0 Double Battant - ABR Home - Metallic constructions since 2010","robots":{"index":"index","follow":"follow","max-snippet":"max-snippet:-1","max-image-preview":"max-image-preview:large","max-video-preview":"max-video-preview:-1"},"canonical":"https:\/\/abrhome.eu\/produit\/double-leaf-perforated-metal-gate\/","og_locale":"fr_FR","og_type":"article","og_title":"Portail M\u00e9tallique Perfor\u00e9 \u00e0 Double Battant - ABR Home - Metallic constructions since 2010","og_description":"D\u00e9couvrez le robuste Portail M\u00e9tallique Perfor\u00e9 \u00e0 Double Battant, fabriqu\u00e9 \u00e0 partir d'acier de haute qualit\u00e9 et pr\u00e9sentant un design perfor\u00e9 moderne avec une finition noir mat RAL 9005. Parfait pour renforcer la s\u00e9curit\u00e9 et l'attrait esth\u00e9tique de divers lieux.","og_url":"https:\/\/abrhome.eu\/produit\/double-leaf-perforated-metal-gate\/","og_site_name":"ABR Home - Metallic constructions since 2010","article_modified_time":"2024-06-04T19:17:08+00:00","og_image":[{"width":1600,"height":1200,"url":"https:\/\/abrhome.eu\/wp-content\/uploads\/2024\/06\/IMG-20220226-WA0000.jpg","type":"image\/jpeg"}],"twitter_card":"summary_large_image","twitter_misc":{"Dur\u00e9e de lecture estim\u00e9e":"1 minute"},"schema":{"@context":"https:\/\/schema.org","@graph":[{"@type":"WebPage","@id":"https:\/\/abrhome.eu\/produit\/double-leaf-perforated-metal-gate\/","url":"https:\/\/abrhome.eu\/produit\/double-leaf-perforated-metal-gate\/","name":"Portail M\u00e9tallique Perfor\u00e9 \u00e0 Double Battant - ABR Home - Metallic constructions since 2010","isPartOf":{"@id":"https:\/\/abrhome.eu\/#website"},"primaryImageOfPage":{"@id":"https:\/\/abrhome.eu\/produit\/double-leaf-perforated-metal-gate\/#primaryimage"},"image":{"@id":"https:\/\/abrhome.eu\/produit\/double-leaf-perforated-metal-gate\/#primaryimage"},"thumbnailUrl":"https:\/\/abrhome.eu\/wp-content\/uploads\/2024\/06\/IMG-20220226-WA0000.jpg","datePublished":"2024-06-04T15:15:09+00:00","dateModified":"2024-06-04T19:17:08+00:00","breadcrumb":{"@id":"https:\/\/abrhome.eu\/produit\/double-leaf-perforated-metal-gate\/#breadcrumb"},"inLanguage":"fr-FR","potentialAction":[{"@type":"ReadAction","target":["https:\/\/abrhome.eu\/produit\/double-leaf-perforated-metal-gate\/"]}]},{"@type":"ImageObject","inLanguage":"fr-FR","@id":"https:\/\/abrhome.eu\/produit\/double-leaf-perforated-metal-gate\/#primaryimage","url":"https:\/\/abrhome.eu\/wp-content\/uploads\/2024\/06\/IMG-20220226-WA0000.jpg","contentUrl":"https:\/\/abrhome.eu\/wp-content\/uploads\/2024\/06\/IMG-20220226-WA0000.jpg","width":1600,"height":1200,"caption":"Kaksilehtinen Reik\u00e4metalliportti"},{"@type":"BreadcrumbList","@id":"https:\/\/abrhome.eu\/produit\/double-leaf-perforated-metal-gate\/#breadcrumb","itemListElement":[{"@type":"ListItem","position":1,"name":"Home","item":"https:\/\/abrhome.eu\/fr\/"},{"@type":"ListItem","position":2,"name":"Produits","item":"https:\/\/abrhome.eu\/products\/"},{"@type":"ListItem","position":3,"name":"Portail M\u00e9tallique Perfor\u00e9 \u00e0 Double Battant"}]},{"@type":"WebSite","@id":"https:\/\/abrhome.eu\/#website","url":"https:\/\/abrhome.eu\/","name":"ABR Home - Metallic constructions since 2010","description":"","publisher":{"@id":"https:\/\/abrhome.eu\/#organization"},"potentialAction":[{"@type":"SearchAction","target":{"@type":"EntryPoint","urlTemplate":"https:\/\/abrhome.eu\/?s={search_term_string}"},"query-input":"required name=search_term_string"}],"inLanguage":"fr-FR"},{"@type":"Organization","@id":"https:\/\/abrhome.eu\/#organization","name":"ABR Home - Metallic constructions since 2010","url":"https:\/\/abrhome.eu\/","logo":{"@type":"ImageObject","inLanguage":"fr-FR","@id":"https:\/\/abrhome.eu\/#\/schema\/logo\/image\/","url":"https:\/\/abrhome.eu\/wp-content\/uploads\/2023\/12\/logo-10.png","contentUrl":"https:\/\/abrhome.eu\/wp-content\/uploads\/2023\/12\/logo-10.png","width":300,"height":139,"caption":"ABR Home - Metallic constructions since 2010"},"image":{"@id":"https:\/\/abrhome.eu\/#\/schema\/logo\/image\/"}}]}},"_links":{"self":[{"href":"https:\/\/abrhome.eu\/fr\/wp-json\/wp\/v2\/product\/11299","targetHints":{"allow":["GET"]}}],"collection":[{"href":"https:\/\/abrhome.eu\/fr\/wp-json\/wp\/v2\/product"}],"about":[{"href":"https:\/\/abrhome.eu\/fr\/wp-json\/wp\/v2\/types\/product"}],"version-history":[{"count":0,"href":"https:\/\/abrhome.eu\/fr\/wp-json\/wp\/v2\/product\/11299\/revisions"}],"wp:featuredmedia":[{"embeddable":true,"href":"https:\/\/abrhome.eu\/fr\/wp-json\/wp\/v2\/media\/4208"}],"wp:attachment":[{"href":"https:\/\/abrhome.eu\/fr\/wp-json\/wp\/v2\/media?parent=11299"}],"wp:term":[{"taxonomy":"product_cat","embeddable":true,"href":"https:\/\/abrhome.eu\/fr\/wp-json\/wp\/v2\/product_cat?post=11299"},{"taxonomy":"product_tag","embeddable":true,"href":"https:\/\/abrhome.eu\/fr\/wp-json\/wp\/v2\/product_tag?post=11299"}],"curies":[{"name":"wp","href":"https:\/\/api.w.org\/{rel}","templated":true}]}}