{"id":10255,"date":"2024-06-04T17:11:52","date_gmt":"2024-06-04T15:11:52","guid":{"rendered":"https:\/\/abrhome.eu\/product\/ilgalaike-metal-balkono-tureklas\/"},"modified":"2024-06-04T18:59:19","modified_gmt":"2024-06-04T16:59:19","slug":"ilgalaike-metal-balkono-tureklas","status":"publish","type":"product","link":"https:\/\/abrhome.eu\/lt\/produktas\/ilgalaike-metal-balkono-tureklas\/","title":{"rendered":"Ilgalaik\u0117 Metalo Balkono Tur\u0117klas"},"content":{"rendered":"<p><b>Pagerinkite saugum\u0105<\/b> ir estetik\u0105 savo balkone su m\u016bs\u0173 <b>Ilgalaik\u0117 Metalo Balkono Tur\u0117klas<\/b>. Sukurta naudojant auk\u0161tos kokyb\u0117s <b>plien\u0105<\/b>, kiekviena panel\u0117 yra meticuli\u0161kai sukurta atliekant tekinimo, frezavimo ir \u0161lifavimo procesus, siekiant sukurti tikslus ir ilgalaikius komponentus.<\/p>\n<p>\u0160ie komponentai atid\u017eiai sukomplektuojami ir suvirinami, u\u017etikrinant tvirt\u0105 strukt\u016brin\u012f vientisum\u0105. Siekiant garantuoti ilgaam\u017ei\u0161kum\u0105 ir atsparum\u0105 korozijai, kiekvienas tur\u0117klas i\u0161valomas naudojant kruop\u0161\u010dius valymo procesus, po kuri\u0173 sekama <b>miltelinio padengimo<\/b> arba cinkavimo proced\u016bra. Matin\u0117 juoda spalva, atitinkanti RAL 9005 (Grynas Juodas), ne tik didina produkto patvarum\u0105, bet ir suteikia eleganti\u0161k\u0105 lietim\u0105 j\u016bs\u0173 pastato i\u0161or\u0117je.<\/p>\n<p>M\u016bs\u0173 tur\u0117klai, prieinami \u012fvairi\u0173 dyd\u017ei\u0173, yra suprojektuoti lengvam montavimui naudojant sunkiasvorius var\u017etus ir laikiklius, garantuojant <b>saug\u0173 montavim\u0105<\/b>.<\/p>\n<p> <div class=\"p2410-product-tags\" style=\"margin:1rem 0\">\r\n\t\t<div style=\"font-weight:600\">\u017dymos<\/div>\r\n\t\t<div><a href=\"https:\/\/abrhome.eu\/lt\/produkto-zyma\/ilgalaikis-balkono-tureklas\/\" class=\"product-tag\">ilgalaikis balkono tur\u0117klas<\/a>, <a href=\"https:\/\/abrhome.eu\/lt\/produkto-zyma\/juodas-plieno-tureklas\/\" class=\"product-tag\">juodas plieno tur\u0117klas<\/a>, <a href=\"https:\/\/abrhome.eu\/lt\/produkto-zyma\/lauko-tureklu-montavimas\/\" class=\"product-tag\">lauko tur\u0117kl\u0173 montavimas<\/a>, <a href=\"https:\/\/abrhome.eu\/lt\/produkto-zyma\/metalinis-balkono-tureklas\/\" class=\"product-tag\">metalinis balkono tur\u0117klas<\/a>, <a href=\"https:\/\/abrhome.eu\/lt\/produkto-zyma\/plieninis-balkono-tureklas\/\" class=\"product-tag\">plieninis balkono tur\u0117klas<\/a><\/div>\r\n\t<\/div> <div class=\"p2410-product-colors\" style=\"margin:1rem 0\">\r\n\t\t<div style=\"font-weight:600\">Spalva<\/div>\r\n\t\t<div><span>RAL 1023 Eismo geltona (Geltona)<\/span>, <span>RAL 1036 Perl\u0173 auksas (Auksas)<\/span>, <span>RAL 2004 Gryna oran\u017ein\u0117 (Oran\u017ein\u0117)<\/span>, <span>RAL 3000 Liepsnos raudona (Raudona)<\/span>, <span>RAL 3020 Eismo raudona (Raudona)<\/span>, <span>RAL 4005 M\u0117lyna alyvin\u0117 (Violetin\u0117)<\/span>, <span>RAL 5005 Signalin\u0117 m\u0117lyna (M\u0117lyna)<\/span>, <span>RAL 5010 Gencijono m\u0117lyna (M\u0117lyna)<\/span>, <span>RAL 6005 Samanu \u017ealia (\u017dalia)<\/span>, <span>RAL 7012 Bazalto pilka (Pilka)<\/span>, <span>RAL 7015 Skal\u016bno pilka (Pilka)<\/span>, <span>RAL 7016 Antracito pilka (Pilka)<\/span>, <span>RAL 7021 Juodai pilka (Juoda)<\/span>, <span>RAL 7024 Grafito pilka (Pilka)<\/span>, <span>RAL 7032 Akmens pilka (Pilka)<\/span>, <span>RAL 7035 \u0160viesiai pilka (Pilka)<\/span>, <span>RAL 7040 Lang\u0173 pilka (Pilka)<\/span>, <span>RAL 7042 Eismo pilka A (Pilka)<\/span>, <span>RAL 8017 \u0160okolado ruda (Ruda)<\/span>, <span>RAL 9005 Jet juoda (Juoda)<\/span>, <span>RAL 9006 Baltas aliuminis (Sidabras)<\/span>, <span>RAL 9007 Pilkas aliuminis (Sidabras)<\/span>, <span>RAL 9010 Gryna balta (Balta)<\/span>, <span>RAL 9016 Eismo balta (Balta)<\/span><\/div>\r\n\t<\/div><\/p>\n","protected":false},"excerpt":{"rendered":"<p>Auk\u0161tos kokyb\u0117s <b>metalo balkono tur\u0117klas<\/b>, pagamintas i\u0161 <b>plieno<\/b> su matine juoda <b>milteline danga<\/b>. Suprojektuotas tvirtai saugai ir lengvam <b>lauko montavimui.<\/b><\/p>\n","protected":false},"featured_media":2528,"template":"","meta":[],"product_cat":[26687],"product_tag":[3382,3396,3410,2154,2587],"class_list":{"0":"post-10255","1":"product","2":"type-product","3":"status-publish","4":"has-post-thumbnail","6":"product_cat-namu-strukturos-balkonas","7":"product_tag-ilgalaikis-balkono-tureklas","8":"product_tag-juodas-plieno-tureklas","9":"product_tag-lauko-tureklu-montavimas","10":"product_tag-metalinis-balkono-tureklas","11":"product_tag-plieninis-balkono-tureklas","13":"first","14":"instock","15":"shipping-taxable","16":"product-type-simple"},"yoast_head":"<!-- This site is optimized with the Yoast SEO plugin v23.1 - https:\/\/yoast.com\/wordpress\/plugins\/seo\/ -->\n<title>Ilgalaik\u0117 Metalo Balkono Tur\u0117klas - ABR Home - Metallic constructions since 2010<\/title>\n<meta name=\"robots\" content=\"index, follow, max-snippet:-1, max-image-preview:large, max-video-preview:-1\" \/>\n<link rel=\"canonical\" href=\"https:\/\/abrhome.eu\/produktas\/durable-metal-balcony-railing\/\" \/>\n<meta property=\"og:locale\" content=\"lt_LT\" \/>\n<meta property=\"og:type\" content=\"article\" \/>\n<meta property=\"og:title\" content=\"Ilgalaik\u0117 Metalo Balkono Tur\u0117klas - ABR Home - Metallic constructions since 2010\" \/>\n<meta property=\"og:description\" content=\"Auk\u0161tos kokyb\u0117s metalo balkono tur\u0117klas, pagamintas i\u0161 plieno su matine juoda milteline danga. Suprojektuotas tvirtai saugai ir lengvam lauko montavimui.\" \/>\n<meta property=\"og:url\" content=\"https:\/\/abrhome.eu\/produktas\/durable-metal-balcony-railing\/\" \/>\n<meta property=\"og:site_name\" content=\"ABR Home - Metallic constructions since 2010\" \/>\n<meta property=\"article:modified_time\" content=\"2024-06-04T16:59:19+00:00\" \/>\n<meta property=\"og:image\" content=\"https:\/\/abrhome.eu\/wp-content\/uploads\/2024\/06\/margas-Jurkalnes54-2.jpg\" \/>\n\t<meta property=\"og:image:width\" content=\"476\" \/>\n\t<meta property=\"og:image:height\" content=\"468\" \/>\n\t<meta property=\"og:image:type\" content=\"image\/jpeg\" \/>\n<meta name=\"twitter:card\" content=\"summary_large_image\" \/>\n<meta name=\"twitter:label1\" content=\"Est. reading time\" \/>\n\t<meta name=\"twitter:data1\" content=\"1 minut\u0117\" \/>\n<script type=\"application\/ld+json\" class=\"yoast-schema-graph\">{\"@context\":\"https:\/\/schema.org\",\"@graph\":[{\"@type\":\"WebPage\",\"@id\":\"https:\/\/abrhome.eu\/produktas\/durable-metal-balcony-railing\/\",\"url\":\"https:\/\/abrhome.eu\/produktas\/durable-metal-balcony-railing\/\",\"name\":\"Ilgalaik\u0117 Metalo Balkono Tur\u0117klas - ABR Home - Metallic constructions since 2010\",\"isPartOf\":{\"@id\":\"https:\/\/abrhome.eu\/#website\"},\"primaryImageOfPage\":{\"@id\":\"https:\/\/abrhome.eu\/produktas\/durable-metal-balcony-railing\/#primaryimage\"},\"image\":{\"@id\":\"https:\/\/abrhome.eu\/produktas\/durable-metal-balcony-railing\/#primaryimage\"},\"thumbnailUrl\":\"https:\/\/abrhome.eu\/wp-content\/uploads\/2024\/06\/margas-Jurkalnes54-2.jpg\",\"datePublished\":\"2024-06-04T15:11:52+00:00\",\"dateModified\":\"2024-06-04T16:59:19+00:00\",\"breadcrumb\":{\"@id\":\"https:\/\/abrhome.eu\/produktas\/durable-metal-balcony-railing\/#breadcrumb\"},\"inLanguage\":\"lt-LT\",\"potentialAction\":[{\"@type\":\"ReadAction\",\"target\":[\"https:\/\/abrhome.eu\/produktas\/durable-metal-balcony-railing\/\"]}]},{\"@type\":\"ImageObject\",\"inLanguage\":\"lt-LT\",\"@id\":\"https:\/\/abrhome.eu\/produktas\/durable-metal-balcony-railing\/#primaryimage\",\"url\":\"https:\/\/abrhome.eu\/wp-content\/uploads\/2024\/06\/margas-Jurkalnes54-2.jpg\",\"contentUrl\":\"https:\/\/abrhome.eu\/wp-content\/uploads\/2024\/06\/margas-Jurkalnes54-2.jpg\",\"width\":476,\"height\":468,\"caption\":\"Kest\u00e4v\u00e4 Metalliparvekkeen Kaide\"},{\"@type\":\"BreadcrumbList\",\"@id\":\"https:\/\/abrhome.eu\/produktas\/durable-metal-balcony-railing\/#breadcrumb\",\"itemListElement\":[{\"@type\":\"ListItem\",\"position\":1,\"name\":\"Home\",\"item\":\"https:\/\/abrhome.eu\/lt\/\"},{\"@type\":\"ListItem\",\"position\":2,\"name\":\"Produktai\",\"item\":\"https:\/\/abrhome.eu\/products\/\"},{\"@type\":\"ListItem\",\"position\":3,\"name\":\"Ilgalaik\u0117 Metalo Balkono Tur\u0117klas\"}]},{\"@type\":\"WebSite\",\"@id\":\"https:\/\/abrhome.eu\/#website\",\"url\":\"https:\/\/abrhome.eu\/\",\"name\":\"ABR Home - Metallic constructions since 2010\",\"description\":\"\",\"publisher\":{\"@id\":\"https:\/\/abrhome.eu\/#organization\"},\"potentialAction\":[{\"@type\":\"SearchAction\",\"target\":{\"@type\":\"EntryPoint\",\"urlTemplate\":\"https:\/\/abrhome.eu\/?s={search_term_string}\"},\"query-input\":\"required name=search_term_string\"}],\"inLanguage\":\"lt-LT\"},{\"@type\":\"Organization\",\"@id\":\"https:\/\/abrhome.eu\/#organization\",\"name\":\"ABR Home - Metallic constructions since 2010\",\"url\":\"https:\/\/abrhome.eu\/\",\"logo\":{\"@type\":\"ImageObject\",\"inLanguage\":\"lt-LT\",\"@id\":\"https:\/\/abrhome.eu\/#\/schema\/logo\/image\/\",\"url\":\"https:\/\/abrhome.eu\/wp-content\/uploads\/2023\/12\/logo-10.png\",\"contentUrl\":\"https:\/\/abrhome.eu\/wp-content\/uploads\/2023\/12\/logo-10.png\",\"width\":300,\"height\":139,\"caption\":\"ABR Home - Metallic constructions since 2010\"},\"image\":{\"@id\":\"https:\/\/abrhome.eu\/#\/schema\/logo\/image\/\"}}]}<\/script>\n<!-- \/ Yoast SEO plugin. -->","yoast_head_json":{"title":"Ilgalaik\u0117 Metalo Balkono Tur\u0117klas - ABR Home - Metallic constructions since 2010","robots":{"index":"index","follow":"follow","max-snippet":"max-snippet:-1","max-image-preview":"max-image-preview:large","max-video-preview":"max-video-preview:-1"},"canonical":"https:\/\/abrhome.eu\/produktas\/durable-metal-balcony-railing\/","og_locale":"lt_LT","og_type":"article","og_title":"Ilgalaik\u0117 Metalo Balkono Tur\u0117klas - ABR Home - Metallic constructions since 2010","og_description":"Auk\u0161tos kokyb\u0117s metalo balkono tur\u0117klas, pagamintas i\u0161 plieno su matine juoda milteline danga. Suprojektuotas tvirtai saugai ir lengvam lauko montavimui.","og_url":"https:\/\/abrhome.eu\/produktas\/durable-metal-balcony-railing\/","og_site_name":"ABR Home - Metallic constructions since 2010","article_modified_time":"2024-06-04T16:59:19+00:00","og_image":[{"width":476,"height":468,"url":"https:\/\/abrhome.eu\/wp-content\/uploads\/2024\/06\/margas-Jurkalnes54-2.jpg","type":"image\/jpeg"}],"twitter_card":"summary_large_image","twitter_misc":{"Est. reading time":"1 minut\u0117"},"schema":{"@context":"https:\/\/schema.org","@graph":[{"@type":"WebPage","@id":"https:\/\/abrhome.eu\/produktas\/durable-metal-balcony-railing\/","url":"https:\/\/abrhome.eu\/produktas\/durable-metal-balcony-railing\/","name":"Ilgalaik\u0117 Metalo Balkono Tur\u0117klas - ABR Home - Metallic constructions since 2010","isPartOf":{"@id":"https:\/\/abrhome.eu\/#website"},"primaryImageOfPage":{"@id":"https:\/\/abrhome.eu\/produktas\/durable-metal-balcony-railing\/#primaryimage"},"image":{"@id":"https:\/\/abrhome.eu\/produktas\/durable-metal-balcony-railing\/#primaryimage"},"thumbnailUrl":"https:\/\/abrhome.eu\/wp-content\/uploads\/2024\/06\/margas-Jurkalnes54-2.jpg","datePublished":"2024-06-04T15:11:52+00:00","dateModified":"2024-06-04T16:59:19+00:00","breadcrumb":{"@id":"https:\/\/abrhome.eu\/produktas\/durable-metal-balcony-railing\/#breadcrumb"},"inLanguage":"lt-LT","potentialAction":[{"@type":"ReadAction","target":["https:\/\/abrhome.eu\/produktas\/durable-metal-balcony-railing\/"]}]},{"@type":"ImageObject","inLanguage":"lt-LT","@id":"https:\/\/abrhome.eu\/produktas\/durable-metal-balcony-railing\/#primaryimage","url":"https:\/\/abrhome.eu\/wp-content\/uploads\/2024\/06\/margas-Jurkalnes54-2.jpg","contentUrl":"https:\/\/abrhome.eu\/wp-content\/uploads\/2024\/06\/margas-Jurkalnes54-2.jpg","width":476,"height":468,"caption":"Kest\u00e4v\u00e4 Metalliparvekkeen Kaide"},{"@type":"BreadcrumbList","@id":"https:\/\/abrhome.eu\/produktas\/durable-metal-balcony-railing\/#breadcrumb","itemListElement":[{"@type":"ListItem","position":1,"name":"Home","item":"https:\/\/abrhome.eu\/lt\/"},{"@type":"ListItem","position":2,"name":"Produktai","item":"https:\/\/abrhome.eu\/products\/"},{"@type":"ListItem","position":3,"name":"Ilgalaik\u0117 Metalo Balkono Tur\u0117klas"}]},{"@type":"WebSite","@id":"https:\/\/abrhome.eu\/#website","url":"https:\/\/abrhome.eu\/","name":"ABR Home - Metallic constructions since 2010","description":"","publisher":{"@id":"https:\/\/abrhome.eu\/#organization"},"potentialAction":[{"@type":"SearchAction","target":{"@type":"EntryPoint","urlTemplate":"https:\/\/abrhome.eu\/?s={search_term_string}"},"query-input":"required name=search_term_string"}],"inLanguage":"lt-LT"},{"@type":"Organization","@id":"https:\/\/abrhome.eu\/#organization","name":"ABR Home - Metallic constructions since 2010","url":"https:\/\/abrhome.eu\/","logo":{"@type":"ImageObject","inLanguage":"lt-LT","@id":"https:\/\/abrhome.eu\/#\/schema\/logo\/image\/","url":"https:\/\/abrhome.eu\/wp-content\/uploads\/2023\/12\/logo-10.png","contentUrl":"https:\/\/abrhome.eu\/wp-content\/uploads\/2023\/12\/logo-10.png","width":300,"height":139,"caption":"ABR Home - Metallic constructions since 2010"},"image":{"@id":"https:\/\/abrhome.eu\/#\/schema\/logo\/image\/"}}]}},"_links":{"self":[{"href":"https:\/\/abrhome.eu\/lt\/wp-json\/wp\/v2\/product\/10255","targetHints":{"allow":["GET"]}}],"collection":[{"href":"https:\/\/abrhome.eu\/lt\/wp-json\/wp\/v2\/product"}],"about":[{"href":"https:\/\/abrhome.eu\/lt\/wp-json\/wp\/v2\/types\/product"}],"version-history":[{"count":0,"href":"https:\/\/abrhome.eu\/lt\/wp-json\/wp\/v2\/product\/10255\/revisions"}],"wp:featuredmedia":[{"embeddable":true,"href":"https:\/\/abrhome.eu\/lt\/wp-json\/wp\/v2\/media\/2528"}],"wp:attachment":[{"href":"https:\/\/abrhome.eu\/lt\/wp-json\/wp\/v2\/media?parent=10255"}],"wp:term":[{"taxonomy":"product_cat","embeddable":true,"href":"https:\/\/abrhome.eu\/lt\/wp-json\/wp\/v2\/product_cat?post=10255"},{"taxonomy":"product_tag","embeddable":true,"href":"https:\/\/abrhome.eu\/lt\/wp-json\/wp\/v2\/product_tag?post=10255"}],"curies":[{"name":"wp","href":"https:\/\/api.w.org\/{rel}","templated":true}]}}