{"id":11292,"date":"2024-06-04T17:15:09","date_gmt":"2024-06-04T15:15:09","guid":{"rendered":"https:\/\/abrhome.eu\/product\/dvieju-sparnu-perforuotas-metalinis-vartas\/"},"modified":"2024-06-04T21:16:45","modified_gmt":"2024-06-04T19:16:45","slug":"dvieju-sparnu-perforuotas-metalinis-vartas","status":"publish","type":"product","link":"https:\/\/abrhome.eu\/lt\/produktas\/dvieju-sparnu-perforuotas-metalinis-vartas\/","title":{"rendered":"Dviej\u0173 Sparn\u0173 Perforuotas Metalinis Vartas"},"content":{"rendered":"<p>Padidinkite savo gyvenamosios ar komercin\u0117s savyb\u0117s saugum\u0105 ir estetin\u012f patrauklum\u0105 su m\u016bs\u0173 <b>Dviej\u0173 Sparn\u0173 Perforuotu Metaliniu Vartu<\/b>. Pagamintas i\u0161 auk\u0161tos kokyb\u0117s plieno, \u0161is vartas turi tvirt\u0105 r\u0117m\u0105 su kruop\u0161\u010diai pagamintomis perforuotomis plok\u0161t\u0117mis. Dizainas suteikia tiek privatum\u0105, tiek \u0161iuolaiki\u0161k\u0105 i\u0161vaizd\u0105, tinkam\u0105 \u012fvairioms \u012f\u0117jimo angoms.<\/p>\n<p>Vartas sukurtas su precizija. Projektavimo etapas apima kruop\u0161\u010dius pjovimo, frezavimo ir suvirinimo procesus, u\u017etikrinant tvirt\u0105 surinkim\u0105. Perforacijos ra\u0161tas naudoja pa\u017eangi\u0105 skylimo technologij\u0105, pabr\u0117\u017eiant unikali\u0105 vizualin\u0119 estetik\u0105. Tvirtas matinis juodas miltelinis dangalas, konkre\u010diai <b>RAL 9005 (Juodoji Juoda)<\/b>, padidina atsparum\u0105 nepalankioms oro s\u0105lygoms, i\u0161laikydamas eleganti\u0161k\u0105 i\u0161vaizd\u0105 ilgainiui.<\/p>\n<p>Matuojant ma\u017edaug 2 iki 2,5 metro auk\u0161\u010dio ir apie 3 iki 4 metr\u0173 plo\u010dio, vartas puikiai tinka \u012fvairioms parai\u0161koms. Montavimas yra paprastas, suvyruotos vyriai skirti tvirtam montavimui prie stulp\u0173 ar sien\u0173, u\u017etikrinant skland\u0173 veikim\u0105 ir suderinim\u0105. Tai idealus pasirinkimas tiems, kurie ie\u0161ko <b>plieninio saugumo varto<\/b> ar <b>komercinio metalinio varto<\/b> su i\u0161skiriamuoju <b>dviej\u0173 sparn\u0173 vart\u0173 dizainu<\/b>.<\/p>\n<p> <div class=\"p2410-product-tags\" style=\"margin:1rem 0\">\r\n\t\t<div style=\"font-weight:600\">\u017dymos<\/div>\r\n\t\t<div><a href=\"https:\/\/abrhome.eu\/lt\/produkto-zyma\/dvieju-sparnu-vartu-dizainas\/\" class=\"product-tag\">dviej\u0173 sparn\u0173 vart\u0173 dizainas<\/a>, <a href=\"https:\/\/abrhome.eu\/lt\/produkto-zyma\/komercinis-metalinis-vartas\/\" class=\"product-tag\">komercinis metalinis vartas<\/a>, <a href=\"https:\/\/abrhome.eu\/lt\/produkto-zyma\/perforuotas-metalinis-vartas\/\" class=\"product-tag\">perforuotas metalinis vartas<\/a>, <a href=\"https:\/\/abrhome.eu\/lt\/produkto-zyma\/plieno-saugumo-vartai\/\" class=\"product-tag\">plieno saugumo vartai<\/a>, <a href=\"https:\/\/abrhome.eu\/lt\/produkto-zyma\/ral-9005-juodas-vartas\/\" class=\"product-tag\">RAL 9005 juodas vartas<\/a><\/div>\r\n\t<\/div> <div class=\"p2410-product-colors\" style=\"margin:1rem 0\">\r\n\t\t<div style=\"font-weight:600\">Spalva<\/div>\r\n\t\t<div><span>RAL 1023 Eismo geltona (Geltona)<\/span>, <span>RAL 1036 Perl\u0173 auksas (Auksas)<\/span>, <span>RAL 2004 Gryna oran\u017ein\u0117 (Oran\u017ein\u0117)<\/span>, <span>RAL 3000 Liepsnos raudona (Raudona)<\/span>, <span>RAL 3020 Eismo raudona (Raudona)<\/span>, <span>RAL 4005 M\u0117lyna alyvin\u0117 (Violetin\u0117)<\/span>, <span>RAL 5005 Signalin\u0117 m\u0117lyna (M\u0117lyna)<\/span>, <span>RAL 5010 Gencijono m\u0117lyna (M\u0117lyna)<\/span>, <span>RAL 6005 Samanu \u017ealia (\u017dalia)<\/span>, <span>RAL 7012 Bazalto pilka (Pilka)<\/span>, <span>RAL 7015 Skal\u016bno pilka (Pilka)<\/span>, <span>RAL 7016 Antracito pilka (Pilka)<\/span>, <span>RAL 7021 Juodai pilka (Juoda)<\/span>, <span>RAL 7024 Grafito pilka (Pilka)<\/span>, <span>RAL 7032 Akmens pilka (Pilka)<\/span>, <span>RAL 7035 \u0160viesiai pilka (Pilka)<\/span>, <span>RAL 7040 Lang\u0173 pilka (Pilka)<\/span>, <span>RAL 7042 Eismo pilka A (Pilka)<\/span>, <span>RAL 8017 \u0160okolado ruda (Ruda)<\/span>, <span>RAL 9005 Jet juoda (Juoda)<\/span>, <span>RAL 9006 Baltas aliuminis (Sidabras)<\/span>, <span>RAL 9007 Pilkas aliuminis (Sidabras)<\/span>, <span>RAL 9010 Gryna balta (Balta)<\/span>, <span>RAL 9016 Eismo balta (Balta)<\/span><\/div>\r\n\t<\/div><\/p>\n","protected":false},"excerpt":{"rendered":"<p>Atraskite tvirt\u0105 <b>Dviej\u0173 Sparn\u0173 Perforuot\u0105 Metalin\u012f Vart\u0105<\/b>, pagamint\u0105 i\u0161 auk\u0161tos kokyb\u0117s plieno ir pasi\u017eymint\u012f moderniu perforuotu dizainu su matiniu <b>RAL 9005 juodu<\/b> dangalu. Puikiai tinka saugumui ir estetiniam patrauklumui \u012fvairiose vietose didinti.<\/p>\n","protected":false},"featured_media":4208,"template":"","meta":[],"product_cat":[26673],"product_tag":[7868,7854,7840,7770,7882],"class_list":{"0":"post-11292","1":"product","2":"type-product","3":"status-publish","4":"has-post-thumbnail","6":"product_cat-tvora-ir-vartai","7":"product_tag-dvieju-sparnu-vartu-dizainas","8":"product_tag-komercinis-metalinis-vartas","9":"product_tag-perforuotas-metalinis-vartas","10":"product_tag-plieno-saugumo-vartai","11":"product_tag-ral-9005-juodas-vartas","13":"first","14":"instock","15":"shipping-taxable","16":"product-type-simple"},"yoast_head":"<!-- This site is optimized with the Yoast SEO plugin v23.1 - https:\/\/yoast.com\/wordpress\/plugins\/seo\/ -->\n<title>Dviej\u0173 Sparn\u0173 Perforuotas Metalinis Vartas - ABR Home - Metallic constructions since 2010<\/title>\n<meta name=\"robots\" content=\"index, follow, max-snippet:-1, max-image-preview:large, max-video-preview:-1\" \/>\n<link rel=\"canonical\" href=\"https:\/\/abrhome.eu\/produktas\/double-leaf-perforated-metal-gate\/\" \/>\n<meta property=\"og:locale\" content=\"lt_LT\" \/>\n<meta property=\"og:type\" content=\"article\" \/>\n<meta property=\"og:title\" content=\"Dviej\u0173 Sparn\u0173 Perforuotas Metalinis Vartas - ABR Home - Metallic constructions since 2010\" \/>\n<meta property=\"og:description\" content=\"Atraskite tvirt\u0105 Dviej\u0173 Sparn\u0173 Perforuot\u0105 Metalin\u012f Vart\u0105, pagamint\u0105 i\u0161 auk\u0161tos kokyb\u0117s plieno ir pasi\u017eymint\u012f moderniu perforuotu dizainu su matiniu RAL 9005 juodu dangalu. Puikiai tinka saugumui ir estetiniam patrauklumui \u012fvairiose vietose didinti.\" \/>\n<meta property=\"og:url\" content=\"https:\/\/abrhome.eu\/produktas\/double-leaf-perforated-metal-gate\/\" \/>\n<meta property=\"og:site_name\" content=\"ABR Home - Metallic constructions since 2010\" \/>\n<meta property=\"article:modified_time\" content=\"2024-06-04T19:16:45+00:00\" \/>\n<meta property=\"og:image\" content=\"https:\/\/abrhome.eu\/wp-content\/uploads\/2024\/06\/IMG-20220226-WA0000.jpg\" \/>\n\t<meta property=\"og:image:width\" content=\"1600\" \/>\n\t<meta property=\"og:image:height\" content=\"1200\" \/>\n\t<meta property=\"og:image:type\" content=\"image\/jpeg\" \/>\n<meta name=\"twitter:card\" content=\"summary_large_image\" \/>\n<meta name=\"twitter:label1\" content=\"Est. reading time\" \/>\n\t<meta name=\"twitter:data1\" content=\"1 minut\u0117\" \/>\n<script type=\"application\/ld+json\" class=\"yoast-schema-graph\">{\"@context\":\"https:\/\/schema.org\",\"@graph\":[{\"@type\":\"WebPage\",\"@id\":\"https:\/\/abrhome.eu\/produktas\/double-leaf-perforated-metal-gate\/\",\"url\":\"https:\/\/abrhome.eu\/produktas\/double-leaf-perforated-metal-gate\/\",\"name\":\"Dviej\u0173 Sparn\u0173 Perforuotas Metalinis Vartas - ABR Home - Metallic constructions since 2010\",\"isPartOf\":{\"@id\":\"https:\/\/abrhome.eu\/#website\"},\"primaryImageOfPage\":{\"@id\":\"https:\/\/abrhome.eu\/produktas\/double-leaf-perforated-metal-gate\/#primaryimage\"},\"image\":{\"@id\":\"https:\/\/abrhome.eu\/produktas\/double-leaf-perforated-metal-gate\/#primaryimage\"},\"thumbnailUrl\":\"https:\/\/abrhome.eu\/wp-content\/uploads\/2024\/06\/IMG-20220226-WA0000.jpg\",\"datePublished\":\"2024-06-04T15:15:09+00:00\",\"dateModified\":\"2024-06-04T19:16:45+00:00\",\"breadcrumb\":{\"@id\":\"https:\/\/abrhome.eu\/produktas\/double-leaf-perforated-metal-gate\/#breadcrumb\"},\"inLanguage\":\"lt-LT\",\"potentialAction\":[{\"@type\":\"ReadAction\",\"target\":[\"https:\/\/abrhome.eu\/produktas\/double-leaf-perforated-metal-gate\/\"]}]},{\"@type\":\"ImageObject\",\"inLanguage\":\"lt-LT\",\"@id\":\"https:\/\/abrhome.eu\/produktas\/double-leaf-perforated-metal-gate\/#primaryimage\",\"url\":\"https:\/\/abrhome.eu\/wp-content\/uploads\/2024\/06\/IMG-20220226-WA0000.jpg\",\"contentUrl\":\"https:\/\/abrhome.eu\/wp-content\/uploads\/2024\/06\/IMG-20220226-WA0000.jpg\",\"width\":1600,\"height\":1200,\"caption\":\"Kaksilehtinen Reik\u00e4metalliportti\"},{\"@type\":\"BreadcrumbList\",\"@id\":\"https:\/\/abrhome.eu\/produktas\/double-leaf-perforated-metal-gate\/#breadcrumb\",\"itemListElement\":[{\"@type\":\"ListItem\",\"position\":1,\"name\":\"Home\",\"item\":\"https:\/\/abrhome.eu\/lt\/\"},{\"@type\":\"ListItem\",\"position\":2,\"name\":\"Produktai\",\"item\":\"https:\/\/abrhome.eu\/products\/\"},{\"@type\":\"ListItem\",\"position\":3,\"name\":\"Dviej\u0173 Sparn\u0173 Perforuotas Metalinis Vartas\"}]},{\"@type\":\"WebSite\",\"@id\":\"https:\/\/abrhome.eu\/#website\",\"url\":\"https:\/\/abrhome.eu\/\",\"name\":\"ABR Home - Metallic constructions since 2010\",\"description\":\"\",\"publisher\":{\"@id\":\"https:\/\/abrhome.eu\/#organization\"},\"potentialAction\":[{\"@type\":\"SearchAction\",\"target\":{\"@type\":\"EntryPoint\",\"urlTemplate\":\"https:\/\/abrhome.eu\/?s={search_term_string}\"},\"query-input\":\"required name=search_term_string\"}],\"inLanguage\":\"lt-LT\"},{\"@type\":\"Organization\",\"@id\":\"https:\/\/abrhome.eu\/#organization\",\"name\":\"ABR Home - Metallic constructions since 2010\",\"url\":\"https:\/\/abrhome.eu\/\",\"logo\":{\"@type\":\"ImageObject\",\"inLanguage\":\"lt-LT\",\"@id\":\"https:\/\/abrhome.eu\/#\/schema\/logo\/image\/\",\"url\":\"https:\/\/abrhome.eu\/wp-content\/uploads\/2023\/12\/logo-10.png\",\"contentUrl\":\"https:\/\/abrhome.eu\/wp-content\/uploads\/2023\/12\/logo-10.png\",\"width\":300,\"height\":139,\"caption\":\"ABR Home - Metallic constructions since 2010\"},\"image\":{\"@id\":\"https:\/\/abrhome.eu\/#\/schema\/logo\/image\/\"}}]}<\/script>\n<!-- \/ Yoast SEO plugin. -->","yoast_head_json":{"title":"Dviej\u0173 Sparn\u0173 Perforuotas Metalinis Vartas - ABR Home - Metallic constructions since 2010","robots":{"index":"index","follow":"follow","max-snippet":"max-snippet:-1","max-image-preview":"max-image-preview:large","max-video-preview":"max-video-preview:-1"},"canonical":"https:\/\/abrhome.eu\/produktas\/double-leaf-perforated-metal-gate\/","og_locale":"lt_LT","og_type":"article","og_title":"Dviej\u0173 Sparn\u0173 Perforuotas Metalinis Vartas - ABR Home - Metallic constructions since 2010","og_description":"Atraskite tvirt\u0105 Dviej\u0173 Sparn\u0173 Perforuot\u0105 Metalin\u012f Vart\u0105, pagamint\u0105 i\u0161 auk\u0161tos kokyb\u0117s plieno ir pasi\u017eymint\u012f moderniu perforuotu dizainu su matiniu RAL 9005 juodu dangalu. Puikiai tinka saugumui ir estetiniam patrauklumui \u012fvairiose vietose didinti.","og_url":"https:\/\/abrhome.eu\/produktas\/double-leaf-perforated-metal-gate\/","og_site_name":"ABR Home - Metallic constructions since 2010","article_modified_time":"2024-06-04T19:16:45+00:00","og_image":[{"width":1600,"height":1200,"url":"https:\/\/abrhome.eu\/wp-content\/uploads\/2024\/06\/IMG-20220226-WA0000.jpg","type":"image\/jpeg"}],"twitter_card":"summary_large_image","twitter_misc":{"Est. reading time":"1 minut\u0117"},"schema":{"@context":"https:\/\/schema.org","@graph":[{"@type":"WebPage","@id":"https:\/\/abrhome.eu\/produktas\/double-leaf-perforated-metal-gate\/","url":"https:\/\/abrhome.eu\/produktas\/double-leaf-perforated-metal-gate\/","name":"Dviej\u0173 Sparn\u0173 Perforuotas Metalinis Vartas - ABR Home - Metallic constructions since 2010","isPartOf":{"@id":"https:\/\/abrhome.eu\/#website"},"primaryImageOfPage":{"@id":"https:\/\/abrhome.eu\/produktas\/double-leaf-perforated-metal-gate\/#primaryimage"},"image":{"@id":"https:\/\/abrhome.eu\/produktas\/double-leaf-perforated-metal-gate\/#primaryimage"},"thumbnailUrl":"https:\/\/abrhome.eu\/wp-content\/uploads\/2024\/06\/IMG-20220226-WA0000.jpg","datePublished":"2024-06-04T15:15:09+00:00","dateModified":"2024-06-04T19:16:45+00:00","breadcrumb":{"@id":"https:\/\/abrhome.eu\/produktas\/double-leaf-perforated-metal-gate\/#breadcrumb"},"inLanguage":"lt-LT","potentialAction":[{"@type":"ReadAction","target":["https:\/\/abrhome.eu\/produktas\/double-leaf-perforated-metal-gate\/"]}]},{"@type":"ImageObject","inLanguage":"lt-LT","@id":"https:\/\/abrhome.eu\/produktas\/double-leaf-perforated-metal-gate\/#primaryimage","url":"https:\/\/abrhome.eu\/wp-content\/uploads\/2024\/06\/IMG-20220226-WA0000.jpg","contentUrl":"https:\/\/abrhome.eu\/wp-content\/uploads\/2024\/06\/IMG-20220226-WA0000.jpg","width":1600,"height":1200,"caption":"Kaksilehtinen Reik\u00e4metalliportti"},{"@type":"BreadcrumbList","@id":"https:\/\/abrhome.eu\/produktas\/double-leaf-perforated-metal-gate\/#breadcrumb","itemListElement":[{"@type":"ListItem","position":1,"name":"Home","item":"https:\/\/abrhome.eu\/lt\/"},{"@type":"ListItem","position":2,"name":"Produktai","item":"https:\/\/abrhome.eu\/products\/"},{"@type":"ListItem","position":3,"name":"Dviej\u0173 Sparn\u0173 Perforuotas Metalinis Vartas"}]},{"@type":"WebSite","@id":"https:\/\/abrhome.eu\/#website","url":"https:\/\/abrhome.eu\/","name":"ABR Home - Metallic constructions since 2010","description":"","publisher":{"@id":"https:\/\/abrhome.eu\/#organization"},"potentialAction":[{"@type":"SearchAction","target":{"@type":"EntryPoint","urlTemplate":"https:\/\/abrhome.eu\/?s={search_term_string}"},"query-input":"required name=search_term_string"}],"inLanguage":"lt-LT"},{"@type":"Organization","@id":"https:\/\/abrhome.eu\/#organization","name":"ABR Home - Metallic constructions since 2010","url":"https:\/\/abrhome.eu\/","logo":{"@type":"ImageObject","inLanguage":"lt-LT","@id":"https:\/\/abrhome.eu\/#\/schema\/logo\/image\/","url":"https:\/\/abrhome.eu\/wp-content\/uploads\/2023\/12\/logo-10.png","contentUrl":"https:\/\/abrhome.eu\/wp-content\/uploads\/2023\/12\/logo-10.png","width":300,"height":139,"caption":"ABR Home - Metallic constructions since 2010"},"image":{"@id":"https:\/\/abrhome.eu\/#\/schema\/logo\/image\/"}}]}},"_links":{"self":[{"href":"https:\/\/abrhome.eu\/lt\/wp-json\/wp\/v2\/product\/11292","targetHints":{"allow":["GET"]}}],"collection":[{"href":"https:\/\/abrhome.eu\/lt\/wp-json\/wp\/v2\/product"}],"about":[{"href":"https:\/\/abrhome.eu\/lt\/wp-json\/wp\/v2\/types\/product"}],"version-history":[{"count":0,"href":"https:\/\/abrhome.eu\/lt\/wp-json\/wp\/v2\/product\/11292\/revisions"}],"wp:featuredmedia":[{"embeddable":true,"href":"https:\/\/abrhome.eu\/lt\/wp-json\/wp\/v2\/media\/4208"}],"wp:attachment":[{"href":"https:\/\/abrhome.eu\/lt\/wp-json\/wp\/v2\/media?parent=11292"}],"wp:term":[{"taxonomy":"product_cat","embeddable":true,"href":"https:\/\/abrhome.eu\/lt\/wp-json\/wp\/v2\/product_cat?post=11292"},{"taxonomy":"product_tag","embeddable":true,"href":"https:\/\/abrhome.eu\/lt\/wp-json\/wp\/v2\/product_tag?post=11292"}],"curies":[{"name":"wp","href":"https:\/\/api.w.org\/{rel}","templated":true}]}}