{"id":12601,"date":"2024-06-04T17:23:21","date_gmt":"2024-06-04T15:23:21","guid":{"rendered":"https:\/\/abrhome.eu\/product\/modernus-metalinis-balkono-tureklas\/"},"modified":"2024-06-04T22:17:43","modified_gmt":"2024-06-04T20:17:43","slug":"modernus-metalinis-balkono-tureklas","status":"publish","type":"product","link":"https:\/\/abrhome.eu\/lt\/produktas\/modernus-metalinis-balkono-tureklas\/","title":{"rendered":"Modernus metalinis balkono tur\u0117klas"},"content":{"rendered":"<p>Pagerinkite savo balkono saugum\u0105 ir estetin\u012f patrauklum\u0105 su m\u016bs\u0173 <b>Moderniu metaliniu balkono tur\u0117klu<\/b>. Pagamintas i\u0161 auk\u0161tos kokyb\u0117s <b>plieno<\/b> arba <b>aliuminio<\/b>, \u0161is tur\u0117klas garantuoja ilgaam\u017ei\u0161kum\u0105 ir tvirtum\u0105, tod\u0117l puikiai tinka tiek gyvenamiesiems, tiek komercin\u0117ms patalpoms. Auk\u0161tis nuo ma\u017edaug 1 iki 1.2 metr\u0173 ir plotis nuo 2 iki 3 metr\u0173, \u0161i tur\u0117kl\u0173 sistema yra suprojektuota u\u017etikrinti optimali\u0105 apsaug\u0105 neaukojant stiliaus.<\/p>\n<p>Kiekvienas tur\u0117klas yra kruop\u0161\u010diai suprojektuotas ir sukurtas naudojant pa\u017eangi\u0105 CAD programin\u0119 \u012frang\u0105, po to atliekamas tikslus pjovimas, lenkimas ir frezavimas, kad b\u016bt\u0173 pasiektas nepriekai\u0161tingas fini\u0161as. Komponentai yra saugiai surinkti naudojant suvirinim\u0105 arba mechanin\u012f konsoliavim\u0105 ir dengti atsparia pilka milteline danga (RAL 7042 &#8211; Traffic Grey A), u\u017etikrinant geresn\u012f atsparum\u0105 oro s\u0105lygoms ir ilgaam\u017ei\u0161kum\u0105. Tur\u0117klas yra sistemingai supakuotas ir paruo\u0161tas lengvam montavimui, u\u017etikrinantis stabilum\u0105 ir ilgalaik\u012f naudojim\u0105.<\/p>\n<p> <div class=\"p2410-product-tags\" style=\"margin:1rem 0\">\r\n\t\t<div style=\"font-weight:600\">\u017dymos<\/div>\r\n\t\t<div><a href=\"https:\/\/abrhome.eu\/lt\/produkto-zyma\/aliuminio-balkono-tureklas\/\" class=\"product-tag\">Aliuminio balkono tur\u0117klas<\/a>, <a href=\"https:\/\/abrhome.eu\/lt\/produkto-zyma\/modernus-tureklas-balkonui\/\" class=\"product-tag\">Modernus tur\u0117klas balkonui<\/a>, <a href=\"https:\/\/abrhome.eu\/lt\/produkto-zyma\/plieninis-balkono-tureklas\/\" class=\"product-tag\">plieninis balkono tur\u0117klas<\/a>, <a href=\"https:\/\/abrhome.eu\/lt\/produkto-zyma\/tvarus-lauko-tureklas\/\" class=\"product-tag\">Tvarus lauko tur\u0117klas<\/a><\/div>\r\n\t<\/div> <div class=\"p2410-product-colors\" style=\"margin:1rem 0\">\r\n\t\t<div style=\"font-weight:600\">Spalva<\/div>\r\n\t\t<div><span>RAL 1023 Eismo geltona (Geltona)<\/span>, <span>RAL 1036 Perl\u0173 auksas (Auksas)<\/span>, <span>RAL 2004 Gryna oran\u017ein\u0117 (Oran\u017ein\u0117)<\/span>, <span>RAL 3000 Liepsnos raudona (Raudona)<\/span>, <span>RAL 3020 Eismo raudona (Raudona)<\/span>, <span>RAL 4005 M\u0117lyna alyvin\u0117 (Violetin\u0117)<\/span>, <span>RAL 5005 Signalin\u0117 m\u0117lyna (M\u0117lyna)<\/span>, <span>RAL 5010 Gencijono m\u0117lyna (M\u0117lyna)<\/span>, <span>RAL 6005 Samanu \u017ealia (\u017dalia)<\/span>, <span>RAL 7012 Bazalto pilka (Pilka)<\/span>, <span>RAL 7015 Skal\u016bno pilka (Pilka)<\/span>, <span>RAL 7016 Antracito pilka (Pilka)<\/span>, <span>RAL 7021 Juodai pilka (Juoda)<\/span>, <span>RAL 7024 Grafito pilka (Pilka)<\/span>, <span>RAL 7032 Akmens pilka (Pilka)<\/span>, <span>RAL 7035 \u0160viesiai pilka (Pilka)<\/span>, <span>RAL 7040 Lang\u0173 pilka (Pilka)<\/span>, <span>RAL 7042 Eismo pilka A (Pilka)<\/span>, <span>RAL 8017 \u0160okolado ruda (Ruda)<\/span>, <span>RAL 9005 Jet juoda (Juoda)<\/span>, <span>RAL 9006 Baltas aliuminis (Sidabras)<\/span>, <span>RAL 9007 Pilkas aliuminis (Sidabras)<\/span>, <span>RAL 9010 Gryna balta (Balta)<\/span>, <span>RAL 9016 Eismo balta (Balta)<\/span><\/div>\r\n\t<\/div><\/p>\n","protected":false},"excerpt":{"rendered":"<p>Atraskite m\u016bs\u0173 <b>Modern\u0173 metalin\u012f balkono tur\u0117kl\u0105<\/b>, pagamint\u0105 i\u0161 tvirto <b>plieno<\/b> ar <b>aliuminio<\/b>. Idealus saugumui ir stiliui gerinti, \u0161is tur\u0117klas yra padengtas milteline danga, u\u017etikrinanti auk\u0161tesn\u0119 ilgaam\u017ei\u0161kum\u0105 ir atsparum\u0105 oro s\u0105lygoms. Puikiai tinka tiek gyvenamosioms, tiek komercin\u0117ms patalpoms.<\/p>\n","protected":false},"featured_media":7598,"template":"","meta":[],"product_cat":[26827],"product_tag":[19932,19960,2587,19946],"class_list":{"0":"post-12601","1":"product","2":"type-product","3":"status-publish","4":"has-post-thumbnail","6":"product_cat-saugos-elementai-tvoros-ir-aptvarai","7":"product_tag-aliuminio-balkono-tureklas","8":"product_tag-modernus-tureklas-balkonui","9":"product_tag-plieninis-balkono-tureklas","10":"product_tag-tvarus-lauko-tureklas","12":"first","13":"instock","14":"shipping-taxable","15":"product-type-simple"},"yoast_head":"<!-- This site is optimized with the Yoast SEO plugin v23.1 - https:\/\/yoast.com\/wordpress\/plugins\/seo\/ -->\n<title>Modernus metalinis balkono tur\u0117klas - ABR Home - Metallic constructions since 2010<\/title>\n<meta name=\"robots\" content=\"index, follow, max-snippet:-1, max-image-preview:large, max-video-preview:-1\" \/>\n<link rel=\"canonical\" href=\"https:\/\/abrhome.eu\/produktas\/modern-metallic-balcony-railing\/\" \/>\n<meta property=\"og:locale\" content=\"lt_LT\" \/>\n<meta property=\"og:type\" content=\"article\" \/>\n<meta property=\"og:title\" content=\"Modernus metalinis balkono tur\u0117klas - ABR Home - Metallic constructions since 2010\" \/>\n<meta property=\"og:description\" content=\"Atraskite m\u016bs\u0173 Modern\u0173 metalin\u012f balkono tur\u0117kl\u0105, pagamint\u0105 i\u0161 tvirto plieno ar aliuminio. Idealus saugumui ir stiliui gerinti, \u0161is tur\u0117klas yra padengtas milteline danga, u\u017etikrinanti auk\u0161tesn\u0119 ilgaam\u017ei\u0161kum\u0105 ir atsparum\u0105 oro s\u0105lygoms. Puikiai tinka tiek gyvenamosioms, tiek komercin\u0117ms patalpoms.\" \/>\n<meta property=\"og:url\" content=\"https:\/\/abrhome.eu\/produktas\/modern-metallic-balcony-railing\/\" \/>\n<meta property=\"og:site_name\" content=\"ABR Home - Metallic constructions since 2010\" \/>\n<meta property=\"article:modified_time\" content=\"2024-06-04T20:17:43+00:00\" \/>\n<meta property=\"og:image\" content=\"https:\/\/abrhome.eu\/wp-content\/uploads\/2024\/06\/IMG-20211113-WA0002.jpg\" \/>\n\t<meta property=\"og:image:width\" content=\"1600\" \/>\n\t<meta property=\"og:image:height\" content=\"1200\" \/>\n\t<meta property=\"og:image:type\" content=\"image\/jpeg\" \/>\n<meta name=\"twitter:card\" content=\"summary_large_image\" \/>\n<meta name=\"twitter:label1\" content=\"Est. reading time\" \/>\n\t<meta name=\"twitter:data1\" content=\"1 minut\u0117\" \/>\n<script type=\"application\/ld+json\" class=\"yoast-schema-graph\">{\"@context\":\"https:\/\/schema.org\",\"@graph\":[{\"@type\":\"WebPage\",\"@id\":\"https:\/\/abrhome.eu\/produktas\/modern-metallic-balcony-railing\/\",\"url\":\"https:\/\/abrhome.eu\/produktas\/modern-metallic-balcony-railing\/\",\"name\":\"Modernus metalinis balkono tur\u0117klas - ABR Home - Metallic constructions since 2010\",\"isPartOf\":{\"@id\":\"https:\/\/abrhome.eu\/#website\"},\"primaryImageOfPage\":{\"@id\":\"https:\/\/abrhome.eu\/produktas\/modern-metallic-balcony-railing\/#primaryimage\"},\"image\":{\"@id\":\"https:\/\/abrhome.eu\/produktas\/modern-metallic-balcony-railing\/#primaryimage\"},\"thumbnailUrl\":\"https:\/\/abrhome.eu\/wp-content\/uploads\/2024\/06\/IMG-20211113-WA0002.jpg\",\"datePublished\":\"2024-06-04T15:23:21+00:00\",\"dateModified\":\"2024-06-04T20:17:43+00:00\",\"breadcrumb\":{\"@id\":\"https:\/\/abrhome.eu\/produktas\/modern-metallic-balcony-railing\/#breadcrumb\"},\"inLanguage\":\"lt-LT\",\"potentialAction\":[{\"@type\":\"ReadAction\",\"target\":[\"https:\/\/abrhome.eu\/produktas\/modern-metallic-balcony-railing\/\"]}]},{\"@type\":\"ImageObject\",\"inLanguage\":\"lt-LT\",\"@id\":\"https:\/\/abrhome.eu\/produktas\/modern-metallic-balcony-railing\/#primaryimage\",\"url\":\"https:\/\/abrhome.eu\/wp-content\/uploads\/2024\/06\/IMG-20211113-WA0002.jpg\",\"contentUrl\":\"https:\/\/abrhome.eu\/wp-content\/uploads\/2024\/06\/IMG-20211113-WA0002.jpg\",\"width\":1600,\"height\":1200,\"caption\":\"Nykyajan Metallinen Parvekekaide\"},{\"@type\":\"BreadcrumbList\",\"@id\":\"https:\/\/abrhome.eu\/produktas\/modern-metallic-balcony-railing\/#breadcrumb\",\"itemListElement\":[{\"@type\":\"ListItem\",\"position\":1,\"name\":\"Home\",\"item\":\"https:\/\/abrhome.eu\/lt\/\"},{\"@type\":\"ListItem\",\"position\":2,\"name\":\"Produktai\",\"item\":\"https:\/\/abrhome.eu\/products\/\"},{\"@type\":\"ListItem\",\"position\":3,\"name\":\"Modernus metalinis balkono tur\u0117klas\"}]},{\"@type\":\"WebSite\",\"@id\":\"https:\/\/abrhome.eu\/#website\",\"url\":\"https:\/\/abrhome.eu\/\",\"name\":\"ABR Home - Metallic constructions since 2010\",\"description\":\"\",\"publisher\":{\"@id\":\"https:\/\/abrhome.eu\/#organization\"},\"potentialAction\":[{\"@type\":\"SearchAction\",\"target\":{\"@type\":\"EntryPoint\",\"urlTemplate\":\"https:\/\/abrhome.eu\/?s={search_term_string}\"},\"query-input\":\"required name=search_term_string\"}],\"inLanguage\":\"lt-LT\"},{\"@type\":\"Organization\",\"@id\":\"https:\/\/abrhome.eu\/#organization\",\"name\":\"ABR Home - Metallic constructions since 2010\",\"url\":\"https:\/\/abrhome.eu\/\",\"logo\":{\"@type\":\"ImageObject\",\"inLanguage\":\"lt-LT\",\"@id\":\"https:\/\/abrhome.eu\/#\/schema\/logo\/image\/\",\"url\":\"https:\/\/abrhome.eu\/wp-content\/uploads\/2023\/12\/logo-10.png\",\"contentUrl\":\"https:\/\/abrhome.eu\/wp-content\/uploads\/2023\/12\/logo-10.png\",\"width\":300,\"height\":139,\"caption\":\"ABR Home - Metallic constructions since 2010\"},\"image\":{\"@id\":\"https:\/\/abrhome.eu\/#\/schema\/logo\/image\/\"}}]}<\/script>\n<!-- \/ Yoast SEO plugin. -->","yoast_head_json":{"title":"Modernus metalinis balkono tur\u0117klas - ABR Home - Metallic constructions since 2010","robots":{"index":"index","follow":"follow","max-snippet":"max-snippet:-1","max-image-preview":"max-image-preview:large","max-video-preview":"max-video-preview:-1"},"canonical":"https:\/\/abrhome.eu\/produktas\/modern-metallic-balcony-railing\/","og_locale":"lt_LT","og_type":"article","og_title":"Modernus metalinis balkono tur\u0117klas - ABR Home - Metallic constructions since 2010","og_description":"Atraskite m\u016bs\u0173 Modern\u0173 metalin\u012f balkono tur\u0117kl\u0105, pagamint\u0105 i\u0161 tvirto plieno ar aliuminio. Idealus saugumui ir stiliui gerinti, \u0161is tur\u0117klas yra padengtas milteline danga, u\u017etikrinanti auk\u0161tesn\u0119 ilgaam\u017ei\u0161kum\u0105 ir atsparum\u0105 oro s\u0105lygoms. Puikiai tinka tiek gyvenamosioms, tiek komercin\u0117ms patalpoms.","og_url":"https:\/\/abrhome.eu\/produktas\/modern-metallic-balcony-railing\/","og_site_name":"ABR Home - Metallic constructions since 2010","article_modified_time":"2024-06-04T20:17:43+00:00","og_image":[{"width":1600,"height":1200,"url":"https:\/\/abrhome.eu\/wp-content\/uploads\/2024\/06\/IMG-20211113-WA0002.jpg","type":"image\/jpeg"}],"twitter_card":"summary_large_image","twitter_misc":{"Est. reading time":"1 minut\u0117"},"schema":{"@context":"https:\/\/schema.org","@graph":[{"@type":"WebPage","@id":"https:\/\/abrhome.eu\/produktas\/modern-metallic-balcony-railing\/","url":"https:\/\/abrhome.eu\/produktas\/modern-metallic-balcony-railing\/","name":"Modernus metalinis balkono tur\u0117klas - ABR Home - Metallic constructions since 2010","isPartOf":{"@id":"https:\/\/abrhome.eu\/#website"},"primaryImageOfPage":{"@id":"https:\/\/abrhome.eu\/produktas\/modern-metallic-balcony-railing\/#primaryimage"},"image":{"@id":"https:\/\/abrhome.eu\/produktas\/modern-metallic-balcony-railing\/#primaryimage"},"thumbnailUrl":"https:\/\/abrhome.eu\/wp-content\/uploads\/2024\/06\/IMG-20211113-WA0002.jpg","datePublished":"2024-06-04T15:23:21+00:00","dateModified":"2024-06-04T20:17:43+00:00","breadcrumb":{"@id":"https:\/\/abrhome.eu\/produktas\/modern-metallic-balcony-railing\/#breadcrumb"},"inLanguage":"lt-LT","potentialAction":[{"@type":"ReadAction","target":["https:\/\/abrhome.eu\/produktas\/modern-metallic-balcony-railing\/"]}]},{"@type":"ImageObject","inLanguage":"lt-LT","@id":"https:\/\/abrhome.eu\/produktas\/modern-metallic-balcony-railing\/#primaryimage","url":"https:\/\/abrhome.eu\/wp-content\/uploads\/2024\/06\/IMG-20211113-WA0002.jpg","contentUrl":"https:\/\/abrhome.eu\/wp-content\/uploads\/2024\/06\/IMG-20211113-WA0002.jpg","width":1600,"height":1200,"caption":"Nykyajan Metallinen Parvekekaide"},{"@type":"BreadcrumbList","@id":"https:\/\/abrhome.eu\/produktas\/modern-metallic-balcony-railing\/#breadcrumb","itemListElement":[{"@type":"ListItem","position":1,"name":"Home","item":"https:\/\/abrhome.eu\/lt\/"},{"@type":"ListItem","position":2,"name":"Produktai","item":"https:\/\/abrhome.eu\/products\/"},{"@type":"ListItem","position":3,"name":"Modernus metalinis balkono tur\u0117klas"}]},{"@type":"WebSite","@id":"https:\/\/abrhome.eu\/#website","url":"https:\/\/abrhome.eu\/","name":"ABR Home - Metallic constructions since 2010","description":"","publisher":{"@id":"https:\/\/abrhome.eu\/#organization"},"potentialAction":[{"@type":"SearchAction","target":{"@type":"EntryPoint","urlTemplate":"https:\/\/abrhome.eu\/?s={search_term_string}"},"query-input":"required name=search_term_string"}],"inLanguage":"lt-LT"},{"@type":"Organization","@id":"https:\/\/abrhome.eu\/#organization","name":"ABR Home - Metallic constructions since 2010","url":"https:\/\/abrhome.eu\/","logo":{"@type":"ImageObject","inLanguage":"lt-LT","@id":"https:\/\/abrhome.eu\/#\/schema\/logo\/image\/","url":"https:\/\/abrhome.eu\/wp-content\/uploads\/2023\/12\/logo-10.png","contentUrl":"https:\/\/abrhome.eu\/wp-content\/uploads\/2023\/12\/logo-10.png","width":300,"height":139,"caption":"ABR Home - Metallic constructions since 2010"},"image":{"@id":"https:\/\/abrhome.eu\/#\/schema\/logo\/image\/"}}]}},"_links":{"self":[{"href":"https:\/\/abrhome.eu\/lt\/wp-json\/wp\/v2\/product\/12601","targetHints":{"allow":["GET"]}}],"collection":[{"href":"https:\/\/abrhome.eu\/lt\/wp-json\/wp\/v2\/product"}],"about":[{"href":"https:\/\/abrhome.eu\/lt\/wp-json\/wp\/v2\/types\/product"}],"version-history":[{"count":0,"href":"https:\/\/abrhome.eu\/lt\/wp-json\/wp\/v2\/product\/12601\/revisions"}],"wp:featuredmedia":[{"embeddable":true,"href":"https:\/\/abrhome.eu\/lt\/wp-json\/wp\/v2\/media\/7598"}],"wp:attachment":[{"href":"https:\/\/abrhome.eu\/lt\/wp-json\/wp\/v2\/media?parent=12601"}],"wp:term":[{"taxonomy":"product_cat","embeddable":true,"href":"https:\/\/abrhome.eu\/lt\/wp-json\/wp\/v2\/product_cat?post=12601"},{"taxonomy":"product_tag","embeddable":true,"href":"https:\/\/abrhome.eu\/lt\/wp-json\/wp\/v2\/product_tag?post=12601"}],"curies":[{"name":"wp","href":"https:\/\/api.w.org\/{rel}","templated":true}]}}