{"id":13017,"date":"2024-06-04T17:15:07","date_gmt":"2024-06-04T15:15:07","guid":{"rendered":"https:\/\/abrhome.eu\/product\/plieno-saugumo-vartai-su-vertikaliomis-juostomis\/"},"modified":"2024-06-04T22:36:43","modified_gmt":"2024-06-04T20:36:43","slug":"plieno-saugumo-vartai-su-vertikaliomis-juostomis","status":"publish","type":"product","link":"https:\/\/abrhome.eu\/lt\/produktas\/plieno-saugumo-vartai-su-vertikaliomis-juostomis\/","title":{"rendered":"Plieno Saugumo Vartai su Vertikaliomis Juostomis"},"content":{"rendered":"<p><b>Padidinkite savo turto saugum\u0105<\/b> su m\u016bs\u0173 tvirtais <b>Plieno Saugumo Vartais su Vertikaliomis Juostomis<\/b>. \u0160ie vartai yra kruop\u0161\u010diai suprojektuoti ir pagaminti maksimaliam patvarumui ir patikimumui u\u017etikrinti. Pagaminti i\u0161 auk\u0161tos kokyb\u0117s plieno, jie turi tvirtas vertikalias juostas ir horizontalias palaikymo juostas, patikim\u0105 u\u017erakto mechanizm\u0105 ir ranken\u0105 lengvam naudojimui.<\/p>\n<p>Kiekvieni vartai yra atsargiai suvirinti, kad padidint\u0173 stiprum\u0105 ir stabilum\u0105, u\u017etikrinant saug\u0173 prisitaikym\u0105. Apsaugai nuo korozijos ir i\u0161vaizdos i\u0161laikymui, vartai yra padengti milteliniu da\u017eymu matinio juodo atspalvio, kuris artimai atitinka RAL 9005 (Geltona Juoda).<\/p>\n<p>Idealiai tinka kontroliuojamai prieigai ir didesniam saugumui tiek gyvenamosiose, tiek komercin\u0117se savyb\u0117se, \u0161is produktas efektyviai derina funkcionalum\u0105 su stiliumi. Prieinami \u012fvair\u016bs dyd\u017eiai, tinkami skirtingiems \u012f\u0117jimams, vartai yra \u012frengti su metalo lydinio vyriais ir metaliniais spynomis, u\u017etikrinant ilgalaik\u012f patvarum\u0105 ir lengv\u0105 naudojim\u0105.<\/p>\n<p> <div class=\"p2410-product-tags\" style=\"margin:1rem 0\">\r\n\t\t<div style=\"font-weight:600\">\u017dymos<\/div>\r\n\t\t<div><a href=\"https:\/\/abrhome.eu\/lt\/produkto-zyma\/metaliniai-saugumo-vartai\/\" class=\"product-tag\">metaliniai saugumo vartai<\/a>, <a href=\"https:\/\/abrhome.eu\/lt\/produkto-zyma\/milteliniu-dazymu-padengti-saugumo-vartai\/\" class=\"product-tag\">milteliniu da\u017eymu padengti saugumo vartai<\/a>, <a href=\"https:\/\/abrhome.eu\/lt\/produkto-zyma\/plieno-saugumo-vartai\/\" class=\"product-tag\">plieno saugumo vartai<\/a>, <a href=\"https:\/\/abrhome.eu\/lt\/produkto-zyma\/rezidenciniai-plieno-vartai\/\" class=\"product-tag\">rezidenciniai plieno vartai<\/a>, <a href=\"https:\/\/abrhome.eu\/lt\/produkto-zyma\/vertikaliu-juostu-vartai\/\" class=\"product-tag\">vertikali\u0173 juost\u0173 vartai<\/a><\/div>\r\n\t<\/div> <div class=\"p2410-product-colors\" style=\"margin:1rem 0\">\r\n\t\t<div style=\"font-weight:600\">Spalva<\/div>\r\n\t\t<div><span>RAL 1023 Eismo geltona (Geltona)<\/span>, <span>RAL 1036 Perl\u0173 auksas (Auksas)<\/span>, <span>RAL 2004 Gryna oran\u017ein\u0117 (Oran\u017ein\u0117)<\/span>, <span>RAL 3000 Liepsnos raudona (Raudona)<\/span>, <span>RAL 3020 Eismo raudona (Raudona)<\/span>, <span>RAL 4005 M\u0117lyna alyvin\u0117 (Violetin\u0117)<\/span>, <span>RAL 5005 Signalin\u0117 m\u0117lyna (M\u0117lyna)<\/span>, <span>RAL 5010 Gencijono m\u0117lyna (M\u0117lyna)<\/span>, <span>RAL 6005 Samanu \u017ealia (\u017dalia)<\/span>, <span>RAL 7012 Bazalto pilka (Pilka)<\/span>, <span>RAL 7015 Skal\u016bno pilka (Pilka)<\/span>, <span>RAL 7016 Antracito pilka (Pilka)<\/span>, <span>RAL 7021 Juodai pilka (Juoda)<\/span>, <span>RAL 7024 Grafito pilka (Pilka)<\/span>, <span>RAL 7032 Akmens pilka (Pilka)<\/span>, <span>RAL 7035 \u0160viesiai pilka (Pilka)<\/span>, <span>RAL 7040 Lang\u0173 pilka (Pilka)<\/span>, <span>RAL 7042 Eismo pilka A (Pilka)<\/span>, <span>RAL 8017 \u0160okolado ruda (Ruda)<\/span>, <span>RAL 9005 Jet juoda (Juoda)<\/span>, <span>RAL 9006 Baltas aliuminis (Sidabras)<\/span>, <span>RAL 9007 Pilkas aliuminis (Sidabras)<\/span>, <span>RAL 9010 Gryna balta (Balta)<\/span>, <span>RAL 9016 Eismo balta (Balta)<\/span><\/div>\r\n\t<\/div><\/p>\n","protected":false},"excerpt":{"rendered":"<p>Atraskite m\u016bs\u0173 <b>Plieno Saugumo Vartus<\/b>, sukurtus patvarumui su vertikaliomis ir horizontaliomis palaikymo juostomis bei patikimu u\u017erakto mechanizmu. Padengti matinio juodo milteliniu da\u017eymu korozijos atsparumui ir stiliui.<\/p>\n","protected":false},"featured_media":4163,"template":"","meta":[],"product_cat":[26673],"product_tag":[7812,7798,7770,7826,7784],"class_list":{"0":"post-13017","1":"product","2":"type-product","3":"status-publish","4":"has-post-thumbnail","6":"product_cat-tvora-ir-vartai","7":"product_tag-metaliniai-saugumo-vartai","8":"product_tag-milteliniu-dazymu-padengti-saugumo-vartai","9":"product_tag-plieno-saugumo-vartai","10":"product_tag-rezidenciniai-plieno-vartai","11":"product_tag-vertikaliu-juostu-vartai","13":"first","14":"instock","15":"shipping-taxable","16":"product-type-simple"},"yoast_head":"<!-- This site is optimized with the Yoast SEO plugin v23.1 - https:\/\/yoast.com\/wordpress\/plugins\/seo\/ -->\n<title>Plieno Saugumo Vartai su Vertikaliomis Juostomis - ABR Home - Metallic constructions since 2010<\/title>\n<meta name=\"robots\" content=\"index, follow, max-snippet:-1, max-image-preview:large, max-video-preview:-1\" \/>\n<link rel=\"canonical\" href=\"https:\/\/abrhome.eu\/lt\/produktas\/plieno-saugumo-vartai-su-vertikaliomis-juostomis\/\" \/>\n<meta property=\"og:locale\" content=\"lt_LT\" \/>\n<meta property=\"og:type\" content=\"article\" \/>\n<meta property=\"og:title\" content=\"Plieno Saugumo Vartai su Vertikaliomis Juostomis - ABR Home - Metallic constructions since 2010\" \/>\n<meta property=\"og:description\" content=\"Atraskite m\u016bs\u0173 Plieno Saugumo Vartus, sukurtus patvarumui su vertikaliomis ir horizontaliomis palaikymo juostomis bei patikimu u\u017erakto mechanizmu. Padengti matinio juodo milteliniu da\u017eymu korozijos atsparumui ir stiliui.\" \/>\n<meta property=\"og:url\" content=\"https:\/\/abrhome.eu\/lt\/produktas\/plieno-saugumo-vartai-su-vertikaliomis-juostomis\/\" \/>\n<meta property=\"og:site_name\" content=\"ABR Home - Metallic constructions since 2010\" \/>\n<meta property=\"article:modified_time\" content=\"2024-06-04T20:36:43+00:00\" \/>\n<meta property=\"og:image\" content=\"https:\/\/abrhome.eu\/wp-content\/uploads\/2024\/06\/IMG-20200615-WA0001.jpg\" \/>\n\t<meta property=\"og:image:width\" content=\"1200\" \/>\n\t<meta property=\"og:image:height\" content=\"1600\" \/>\n\t<meta property=\"og:image:type\" content=\"image\/jpeg\" \/>\n<meta name=\"twitter:card\" content=\"summary_large_image\" \/>\n<meta name=\"twitter:label1\" content=\"Est. reading time\" \/>\n\t<meta name=\"twitter:data1\" content=\"1 minut\u0117\" \/>\n<script type=\"application\/ld+json\" class=\"yoast-schema-graph\">{\"@context\":\"https:\/\/schema.org\",\"@graph\":[{\"@type\":\"WebPage\",\"@id\":\"https:\/\/abrhome.eu\/lt\/produktas\/plieno-saugumo-vartai-su-vertikaliomis-juostomis\/\",\"url\":\"https:\/\/abrhome.eu\/lt\/produktas\/plieno-saugumo-vartai-su-vertikaliomis-juostomis\/\",\"name\":\"Plieno Saugumo Vartai su Vertikaliomis Juostomis - ABR Home - Metallic constructions since 2010\",\"isPartOf\":{\"@id\":\"https:\/\/abrhome.eu\/#website\"},\"primaryImageOfPage\":{\"@id\":\"https:\/\/abrhome.eu\/lt\/produktas\/plieno-saugumo-vartai-su-vertikaliomis-juostomis\/#primaryimage\"},\"image\":{\"@id\":\"https:\/\/abrhome.eu\/lt\/produktas\/plieno-saugumo-vartai-su-vertikaliomis-juostomis\/#primaryimage\"},\"thumbnailUrl\":\"https:\/\/abrhome.eu\/wp-content\/uploads\/2024\/06\/IMG-20200615-WA0001.jpg\",\"datePublished\":\"2024-06-04T15:15:07+00:00\",\"dateModified\":\"2024-06-04T20:36:43+00:00\",\"breadcrumb\":{\"@id\":\"https:\/\/abrhome.eu\/lt\/produktas\/plieno-saugumo-vartai-su-vertikaliomis-juostomis\/#breadcrumb\"},\"inLanguage\":\"lt-LT\",\"potentialAction\":[{\"@type\":\"ReadAction\",\"target\":[\"https:\/\/abrhome.eu\/lt\/produktas\/plieno-saugumo-vartai-su-vertikaliomis-juostomis\/\"]}]},{\"@type\":\"ImageObject\",\"inLanguage\":\"lt-LT\",\"@id\":\"https:\/\/abrhome.eu\/lt\/produktas\/plieno-saugumo-vartai-su-vertikaliomis-juostomis\/#primaryimage\",\"url\":\"https:\/\/abrhome.eu\/wp-content\/uploads\/2024\/06\/IMG-20200615-WA0001.jpg\",\"contentUrl\":\"https:\/\/abrhome.eu\/wp-content\/uploads\/2024\/06\/IMG-20200615-WA0001.jpg\",\"width\":1200,\"height\":1600,\"caption\":\"Ter\u00e4sturvaportti pystysuorilla tangoilla\"},{\"@type\":\"BreadcrumbList\",\"@id\":\"https:\/\/abrhome.eu\/lt\/produktas\/plieno-saugumo-vartai-su-vertikaliomis-juostomis\/#breadcrumb\",\"itemListElement\":[{\"@type\":\"ListItem\",\"position\":1,\"name\":\"Home\",\"item\":\"https:\/\/abrhome.eu\/lt\/\"},{\"@type\":\"ListItem\",\"position\":2,\"name\":\"Produktai\",\"item\":\"https:\/\/abrhome.eu\/products\/\"},{\"@type\":\"ListItem\",\"position\":3,\"name\":\"Plieno Saugumo Vartai su Vertikaliomis Juostomis\"}]},{\"@type\":\"WebSite\",\"@id\":\"https:\/\/abrhome.eu\/#website\",\"url\":\"https:\/\/abrhome.eu\/\",\"name\":\"ABR Home - Metallic constructions since 2010\",\"description\":\"\",\"publisher\":{\"@id\":\"https:\/\/abrhome.eu\/#organization\"},\"potentialAction\":[{\"@type\":\"SearchAction\",\"target\":{\"@type\":\"EntryPoint\",\"urlTemplate\":\"https:\/\/abrhome.eu\/?s={search_term_string}\"},\"query-input\":\"required name=search_term_string\"}],\"inLanguage\":\"lt-LT\"},{\"@type\":\"Organization\",\"@id\":\"https:\/\/abrhome.eu\/#organization\",\"name\":\"ABR Home - Metallic constructions since 2010\",\"url\":\"https:\/\/abrhome.eu\/\",\"logo\":{\"@type\":\"ImageObject\",\"inLanguage\":\"lt-LT\",\"@id\":\"https:\/\/abrhome.eu\/#\/schema\/logo\/image\/\",\"url\":\"https:\/\/abrhome.eu\/wp-content\/uploads\/2023\/12\/logo-10.png\",\"contentUrl\":\"https:\/\/abrhome.eu\/wp-content\/uploads\/2023\/12\/logo-10.png\",\"width\":300,\"height\":139,\"caption\":\"ABR Home - Metallic constructions since 2010\"},\"image\":{\"@id\":\"https:\/\/abrhome.eu\/#\/schema\/logo\/image\/\"}}]}<\/script>\n<!-- \/ Yoast SEO plugin. -->","yoast_head_json":{"title":"Plieno Saugumo Vartai su Vertikaliomis Juostomis - ABR Home - Metallic constructions since 2010","robots":{"index":"index","follow":"follow","max-snippet":"max-snippet:-1","max-image-preview":"max-image-preview:large","max-video-preview":"max-video-preview:-1"},"canonical":"https:\/\/abrhome.eu\/lt\/produktas\/plieno-saugumo-vartai-su-vertikaliomis-juostomis\/","og_locale":"lt_LT","og_type":"article","og_title":"Plieno Saugumo Vartai su Vertikaliomis Juostomis - ABR Home - Metallic constructions since 2010","og_description":"Atraskite m\u016bs\u0173 Plieno Saugumo Vartus, sukurtus patvarumui su vertikaliomis ir horizontaliomis palaikymo juostomis bei patikimu u\u017erakto mechanizmu. Padengti matinio juodo milteliniu da\u017eymu korozijos atsparumui ir stiliui.","og_url":"https:\/\/abrhome.eu\/lt\/produktas\/plieno-saugumo-vartai-su-vertikaliomis-juostomis\/","og_site_name":"ABR Home - Metallic constructions since 2010","article_modified_time":"2024-06-04T20:36:43+00:00","og_image":[{"width":1200,"height":1600,"url":"https:\/\/abrhome.eu\/wp-content\/uploads\/2024\/06\/IMG-20200615-WA0001.jpg","type":"image\/jpeg"}],"twitter_card":"summary_large_image","twitter_misc":{"Est. reading time":"1 minut\u0117"},"schema":{"@context":"https:\/\/schema.org","@graph":[{"@type":"WebPage","@id":"https:\/\/abrhome.eu\/lt\/produktas\/plieno-saugumo-vartai-su-vertikaliomis-juostomis\/","url":"https:\/\/abrhome.eu\/lt\/produktas\/plieno-saugumo-vartai-su-vertikaliomis-juostomis\/","name":"Plieno Saugumo Vartai su Vertikaliomis Juostomis - ABR Home - Metallic constructions since 2010","isPartOf":{"@id":"https:\/\/abrhome.eu\/#website"},"primaryImageOfPage":{"@id":"https:\/\/abrhome.eu\/lt\/produktas\/plieno-saugumo-vartai-su-vertikaliomis-juostomis\/#primaryimage"},"image":{"@id":"https:\/\/abrhome.eu\/lt\/produktas\/plieno-saugumo-vartai-su-vertikaliomis-juostomis\/#primaryimage"},"thumbnailUrl":"https:\/\/abrhome.eu\/wp-content\/uploads\/2024\/06\/IMG-20200615-WA0001.jpg","datePublished":"2024-06-04T15:15:07+00:00","dateModified":"2024-06-04T20:36:43+00:00","breadcrumb":{"@id":"https:\/\/abrhome.eu\/lt\/produktas\/plieno-saugumo-vartai-su-vertikaliomis-juostomis\/#breadcrumb"},"inLanguage":"lt-LT","potentialAction":[{"@type":"ReadAction","target":["https:\/\/abrhome.eu\/lt\/produktas\/plieno-saugumo-vartai-su-vertikaliomis-juostomis\/"]}]},{"@type":"ImageObject","inLanguage":"lt-LT","@id":"https:\/\/abrhome.eu\/lt\/produktas\/plieno-saugumo-vartai-su-vertikaliomis-juostomis\/#primaryimage","url":"https:\/\/abrhome.eu\/wp-content\/uploads\/2024\/06\/IMG-20200615-WA0001.jpg","contentUrl":"https:\/\/abrhome.eu\/wp-content\/uploads\/2024\/06\/IMG-20200615-WA0001.jpg","width":1200,"height":1600,"caption":"Ter\u00e4sturvaportti pystysuorilla tangoilla"},{"@type":"BreadcrumbList","@id":"https:\/\/abrhome.eu\/lt\/produktas\/plieno-saugumo-vartai-su-vertikaliomis-juostomis\/#breadcrumb","itemListElement":[{"@type":"ListItem","position":1,"name":"Home","item":"https:\/\/abrhome.eu\/lt\/"},{"@type":"ListItem","position":2,"name":"Produktai","item":"https:\/\/abrhome.eu\/products\/"},{"@type":"ListItem","position":3,"name":"Plieno Saugumo Vartai su Vertikaliomis Juostomis"}]},{"@type":"WebSite","@id":"https:\/\/abrhome.eu\/#website","url":"https:\/\/abrhome.eu\/","name":"ABR Home - Metallic constructions since 2010","description":"","publisher":{"@id":"https:\/\/abrhome.eu\/#organization"},"potentialAction":[{"@type":"SearchAction","target":{"@type":"EntryPoint","urlTemplate":"https:\/\/abrhome.eu\/?s={search_term_string}"},"query-input":"required name=search_term_string"}],"inLanguage":"lt-LT"},{"@type":"Organization","@id":"https:\/\/abrhome.eu\/#organization","name":"ABR Home - Metallic constructions since 2010","url":"https:\/\/abrhome.eu\/","logo":{"@type":"ImageObject","inLanguage":"lt-LT","@id":"https:\/\/abrhome.eu\/#\/schema\/logo\/image\/","url":"https:\/\/abrhome.eu\/wp-content\/uploads\/2023\/12\/logo-10.png","contentUrl":"https:\/\/abrhome.eu\/wp-content\/uploads\/2023\/12\/logo-10.png","width":300,"height":139,"caption":"ABR Home - Metallic constructions since 2010"},"image":{"@id":"https:\/\/abrhome.eu\/#\/schema\/logo\/image\/"}}]}},"_links":{"self":[{"href":"https:\/\/abrhome.eu\/lt\/wp-json\/wp\/v2\/product\/13017","targetHints":{"allow":["GET"]}}],"collection":[{"href":"https:\/\/abrhome.eu\/lt\/wp-json\/wp\/v2\/product"}],"about":[{"href":"https:\/\/abrhome.eu\/lt\/wp-json\/wp\/v2\/types\/product"}],"version-history":[{"count":0,"href":"https:\/\/abrhome.eu\/lt\/wp-json\/wp\/v2\/product\/13017\/revisions"}],"wp:featuredmedia":[{"embeddable":true,"href":"https:\/\/abrhome.eu\/lt\/wp-json\/wp\/v2\/media\/4163"}],"wp:attachment":[{"href":"https:\/\/abrhome.eu\/lt\/wp-json\/wp\/v2\/media?parent=13017"}],"wp:term":[{"taxonomy":"product_cat","embeddable":true,"href":"https:\/\/abrhome.eu\/lt\/wp-json\/wp\/v2\/product_cat?post=13017"},{"taxonomy":"product_tag","embeddable":true,"href":"https:\/\/abrhome.eu\/lt\/wp-json\/wp\/v2\/product_tag?post=13017"}],"curies":[{"name":"wp","href":"https:\/\/api.w.org\/{rel}","templated":true}]}}