{"id":10042,"date":"2024-06-04T17:11:13","date_gmt":"2024-06-04T15:11:13","guid":{"rendered":"https:\/\/abrhome.eu\/product\/izturigs-terauda-balkona-margas\/"},"modified":"2024-06-04T18:22:36","modified_gmt":"2024-06-04T16:22:36","slug":"izturigs-terauda-balkona-margas","status":"publish","type":"product","link":"https:\/\/abrhome.eu\/lv\/product\/izturigs-terauda-balkona-margas\/","title":{"rendered":"Iztur\u012bgs T\u0113rauda Balkona Margas"},"content":{"rendered":"<p><b>Uzlabojiet dro\u0161\u012bbu un est\u0113tiku<\/b> savam balkonam ar m\u016bsu Iztur\u012bgu T\u0113rauda Balkona Margu. Izgatavota r\u016bp\u012bgi no augstas kvalit\u0101tes t\u0113rauda, \u0161\u012b margas kalpo k\u0101 notur\u012bgs <b>dro\u0161\u012bbas barjers<\/b>, vienlaikus pie\u0161\u0137irot eleganci j\u016bsu \u0113kas fas\u0101dei. In\u017eeniertehniskais un dizaina process nodro\u0161ina, ka katra margas ide\u0101li atbilst j\u016bsu balkona izm\u0113riem.<\/p>\n<p>Tas iziet cauri grie\u0161anai, form\u0113\u0161anai un metin\u0101\u0161anai, lai nodro\u0161in\u0101tu struktur\u0101lo integrit\u0101ti. Margas tiek apstr\u0101d\u0101tas ar sl\u012bp\u0113\u0161anu, <b>cinko\u0161anu<\/b>, un <b>pulvera p\u0101rkl\u0101jumu<\/b> Graf\u012bta Pel\u0113k\u0101 kr\u0101s\u0101 (RAL 7024), lai nodro\u0161in\u0101tu gludumu, korozijas iztur\u012bbu un ilgm\u016b\u017e\u012bbu. P\u0113d\u0113jie so\u013ci ietver r\u016bp\u012bgu iepako\u0161anu un prasm\u012bgu mont\u0101\u017eu, lai nodro\u0161in\u0101tu dro\u0161u pieg\u0101di un vieglu uzst\u0101d\u012b\u0161anu, pal\u012bdzot jums efekt\u012bvi un stil\u012bgi nodro\u0161in\u0101t savu balkonu.<\/p>\n<p> <div class=\"p2410-product-tags\" style=\"margin:1rem 0\">\r\n\t\t<div style=\"font-weight:600\">Tagi<\/div>\r\n\t\t<div><a href=\"https:\/\/abrhome.eu\/lv\/product-tag\/balkona-margu-uzstadisana\/\" class=\"product-tag\">balkona margu uzst\u0101d\u012b\u0161ana<\/a>, <a href=\"https:\/\/abrhome.eu\/lv\/product-tag\/cinkotas-balkona-margas\/\" class=\"product-tag\">cinkotas balkona margas<\/a>, <a href=\"https:\/\/abrhome.eu\/lv\/product-tag\/metala-drosibas-margas\/\" class=\"product-tag\">met\u0101la dro\u0161\u012bbas margas<\/a>, <a href=\"https:\/\/abrhome.eu\/lv\/product-tag\/pulverparklajuma-balkona-margas\/\" class=\"product-tag\">pulverp\u0101rkl\u0101juma balkona margas<\/a>, <a href=\"https:\/\/abrhome.eu\/lv\/product-tag\/terauda-balkona-margas\/\" class=\"product-tag\">t\u0113rauda balkona margas<\/a><\/div>\r\n\t<\/div> <div class=\"p2410-product-colors\" style=\"margin:1rem 0\">\r\n\t\t<div style=\"font-weight:600\">Kr\u0101sa<\/div>\r\n\t\t<div><span>RAL 1023 Satiksmes dzeltens (Dzeltens)<\/span>, <span>RAL 1036 P\u0113r\u013cu zelts (Zelts)<\/span>, <span>RAL 2004 T\u012bri oran\u017es (Oran\u017es)<\/span>, <span>RAL 3000 Uguns sarkans (Sarkans)<\/span>, <span>RAL 3020 Satiksmes sarkans (Sarkans)<\/span>, <span>RAL 4005 Zil\u0101 lilija (Violets)<\/span>, <span>RAL 5005 Sign\u0101la zils (Zils)<\/span>, <span>RAL 5010 Dzintarkr\u0101sas zils (Zils)<\/span>, <span>RAL 6005 S\u016bnu za\u013c\u0161 (Za\u013c\u0161)<\/span>, <span>RAL 7012 Bazalta pel\u0113ks (Pel\u0113ks)<\/span>, <span>RAL 7015 Sl\u0101nek\u013ca pel\u0113ks (Pel\u0113ks)<\/span>, <span>RAL 7016 Antrac\u012bta pel\u0113ks (Pel\u0113ks)<\/span>, <span>RAL 7021 Melni pel\u0113ks (Melns)<\/span>, <span>RAL 7024 Graf\u012bta pel\u0113ks (Pel\u0113ks)<\/span>, <span>RAL 7032 O\u013cu pel\u0113ks (Pel\u0113ks)<\/span>, <span>RAL 7035 Gai\u0161i pel\u0113ks (Pel\u0113ks)<\/span>, <span>RAL 7040 Logu pel\u0113ks (Pel\u0113ks)<\/span>, <span>RAL 7042 Satiksmes pel\u0113ks A (Pel\u0113ks)<\/span>, <span>RAL 8017 \u0160okol\u0101des br\u016bns (Br\u016bns)<\/span>, <span>RAL 9005 Melns ogle (Melns)<\/span>, <span>RAL 9006 Baltais alum\u012bnijs (Sudrabs)<\/span>, <span>RAL 9007 Pel\u0113kais alum\u012bnijs (Sudrabs)<\/span>, <span>RAL 9010 T\u012bri balts (Balts)<\/span>, <span>RAL 9016 Satiksmes balts (Balts)<\/span><\/div>\r\n\t<\/div><\/p>\n","protected":false},"excerpt":{"rendered":"<p>Nodro\u0161iniet un uzlabojiet savu balkonu ar m\u016bsu <b>t\u0113rauda balkona margu<\/b>. Profesion\u0101li izstr\u0101d\u0101ta, lai nodro\u0161in\u0101tu optim\u0101lu dro\u0161\u012bbu un vizu\u0101lo pievilc\u012bbu, t\u0101 pied\u0101v\u0101 iztur\u012bgu <b>pulvera p\u0101rkl\u0101jumu<\/b> un vienk\u0101r\u0161u uzst\u0101d\u012b\u0161anu.<\/p>\n","protected":false},"featured_media":2303,"template":"","meta":[],"product_cat":[26686],"product_tag":[2642,2614,2600,2628,2586],"class_list":{"0":"post-10042","1":"product","2":"type-product","3":"status-publish","4":"has-post-thumbnail","6":"product_cat-majas-strukturas-balkons","7":"product_tag-balkona-margu-uzstadisana","8":"product_tag-cinkotas-balkona-margas","9":"product_tag-metala-drosibas-margas","10":"product_tag-pulverparklajuma-balkona-margas","11":"product_tag-terauda-balkona-margas","13":"first","14":"instock","15":"shipping-taxable","16":"product-type-simple"},"yoast_head":"<!-- This site is optimized with the Yoast SEO plugin v23.1 - https:\/\/yoast.com\/wordpress\/plugins\/seo\/ -->\n<title>Iztur\u012bgs T\u0113rauda Balkona Margas - ABR Home - Metallic constructions since 2010<\/title>\n<meta name=\"robots\" content=\"index, follow, max-snippet:-1, max-image-preview:large, max-video-preview:-1\" \/>\n<link rel=\"canonical\" href=\"https:\/\/abrhome.eu\/product\/durable-steel-balcony-railing\/\" \/>\n<meta property=\"og:locale\" content=\"lv_LV\" \/>\n<meta property=\"og:type\" content=\"article\" \/>\n<meta property=\"og:title\" content=\"Iztur\u012bgs T\u0113rauda Balkona Margas - ABR Home - Metallic constructions since 2010\" \/>\n<meta property=\"og:description\" content=\"Nodro\u0161iniet un uzlabojiet savu balkonu ar m\u016bsu t\u0113rauda balkona margu. Profesion\u0101li izstr\u0101d\u0101ta, lai nodro\u0161in\u0101tu optim\u0101lu dro\u0161\u012bbu un vizu\u0101lo pievilc\u012bbu, t\u0101 pied\u0101v\u0101 iztur\u012bgu pulvera p\u0101rkl\u0101jumu un vienk\u0101r\u0161u uzst\u0101d\u012b\u0161anu.\" \/>\n<meta property=\"og:url\" content=\"https:\/\/abrhome.eu\/product\/durable-steel-balcony-railing\/\" \/>\n<meta property=\"og:site_name\" content=\"ABR Home - Metallic constructions since 2010\" \/>\n<meta property=\"article:modified_time\" content=\"2024-06-04T16:22:36+00:00\" \/>\n<meta property=\"og:image\" content=\"https:\/\/abrhome.eu\/wp-content\/uploads\/2024\/06\/016-Berlin-2018-scaled.jpg\" \/>\n\t<meta property=\"og:image:width\" content=\"2560\" \/>\n\t<meta property=\"og:image:height\" content=\"1920\" \/>\n\t<meta property=\"og:image:type\" content=\"image\/jpeg\" \/>\n<meta name=\"twitter:card\" content=\"summary_large_image\" \/>\n<meta name=\"twitter:label1\" content=\"Est. reading time\" \/>\n\t<meta name=\"twitter:data1\" content=\"1 minute\" \/>\n<script type=\"application\/ld+json\" class=\"yoast-schema-graph\">{\"@context\":\"https:\/\/schema.org\",\"@graph\":[{\"@type\":\"WebPage\",\"@id\":\"https:\/\/abrhome.eu\/product\/durable-steel-balcony-railing\/\",\"url\":\"https:\/\/abrhome.eu\/product\/durable-steel-balcony-railing\/\",\"name\":\"Iztur\u012bgs T\u0113rauda Balkona Margas - ABR Home - Metallic constructions since 2010\",\"isPartOf\":{\"@id\":\"https:\/\/abrhome.eu\/#website\"},\"primaryImageOfPage\":{\"@id\":\"https:\/\/abrhome.eu\/product\/durable-steel-balcony-railing\/#primaryimage\"},\"image\":{\"@id\":\"https:\/\/abrhome.eu\/product\/durable-steel-balcony-railing\/#primaryimage\"},\"thumbnailUrl\":\"https:\/\/abrhome.eu\/wp-content\/uploads\/2024\/06\/016-Berlin-2018-scaled.jpg\",\"datePublished\":\"2024-06-04T15:11:13+00:00\",\"dateModified\":\"2024-06-04T16:22:36+00:00\",\"breadcrumb\":{\"@id\":\"https:\/\/abrhome.eu\/product\/durable-steel-balcony-railing\/#breadcrumb\"},\"inLanguage\":\"lv-LV\",\"potentialAction\":[{\"@type\":\"ReadAction\",\"target\":[\"https:\/\/abrhome.eu\/product\/durable-steel-balcony-railing\/\"]}]},{\"@type\":\"ImageObject\",\"inLanguage\":\"lv-LV\",\"@id\":\"https:\/\/abrhome.eu\/product\/durable-steel-balcony-railing\/#primaryimage\",\"url\":\"https:\/\/abrhome.eu\/wp-content\/uploads\/2024\/06\/016-Berlin-2018-scaled.jpg\",\"contentUrl\":\"https:\/\/abrhome.eu\/wp-content\/uploads\/2024\/06\/016-Berlin-2018-scaled.jpg\",\"width\":2560,\"height\":1920,\"caption\":\"Kest\u00e4v\u00e4 Ter\u00e4sparvekkeen Kaide\"},{\"@type\":\"BreadcrumbList\",\"@id\":\"https:\/\/abrhome.eu\/product\/durable-steel-balcony-railing\/#breadcrumb\",\"itemListElement\":[{\"@type\":\"ListItem\",\"position\":1,\"name\":\"Home\",\"item\":\"https:\/\/abrhome.eu\/lv\/\"},{\"@type\":\"ListItem\",\"position\":2,\"name\":\"Produkti\",\"item\":\"https:\/\/abrhome.eu\/lv\/produkti\/\"},{\"@type\":\"ListItem\",\"position\":3,\"name\":\"Iztur\u012bgs T\u0113rauda Balkona Margas\"}]},{\"@type\":\"WebSite\",\"@id\":\"https:\/\/abrhome.eu\/#website\",\"url\":\"https:\/\/abrhome.eu\/\",\"name\":\"ABR Home - Metallic constructions since 2010\",\"description\":\"\",\"publisher\":{\"@id\":\"https:\/\/abrhome.eu\/#organization\"},\"potentialAction\":[{\"@type\":\"SearchAction\",\"target\":{\"@type\":\"EntryPoint\",\"urlTemplate\":\"https:\/\/abrhome.eu\/?s={search_term_string}\"},\"query-input\":\"required name=search_term_string\"}],\"inLanguage\":\"lv-LV\"},{\"@type\":\"Organization\",\"@id\":\"https:\/\/abrhome.eu\/#organization\",\"name\":\"ABR Home - Metallic constructions since 2010\",\"url\":\"https:\/\/abrhome.eu\/\",\"logo\":{\"@type\":\"ImageObject\",\"inLanguage\":\"lv-LV\",\"@id\":\"https:\/\/abrhome.eu\/#\/schema\/logo\/image\/\",\"url\":\"https:\/\/abrhome.eu\/wp-content\/uploads\/2023\/12\/logo-10.png\",\"contentUrl\":\"https:\/\/abrhome.eu\/wp-content\/uploads\/2023\/12\/logo-10.png\",\"width\":300,\"height\":139,\"caption\":\"ABR Home - Metallic constructions since 2010\"},\"image\":{\"@id\":\"https:\/\/abrhome.eu\/#\/schema\/logo\/image\/\"}}]}<\/script>\n<!-- \/ Yoast SEO plugin. -->","yoast_head_json":{"title":"Iztur\u012bgs T\u0113rauda Balkona Margas - ABR Home - Metallic constructions since 2010","robots":{"index":"index","follow":"follow","max-snippet":"max-snippet:-1","max-image-preview":"max-image-preview:large","max-video-preview":"max-video-preview:-1"},"canonical":"https:\/\/abrhome.eu\/product\/durable-steel-balcony-railing\/","og_locale":"lv_LV","og_type":"article","og_title":"Iztur\u012bgs T\u0113rauda Balkona Margas - ABR Home - Metallic constructions since 2010","og_description":"Nodro\u0161iniet un uzlabojiet savu balkonu ar m\u016bsu t\u0113rauda balkona margu. Profesion\u0101li izstr\u0101d\u0101ta, lai nodro\u0161in\u0101tu optim\u0101lu dro\u0161\u012bbu un vizu\u0101lo pievilc\u012bbu, t\u0101 pied\u0101v\u0101 iztur\u012bgu pulvera p\u0101rkl\u0101jumu un vienk\u0101r\u0161u uzst\u0101d\u012b\u0161anu.","og_url":"https:\/\/abrhome.eu\/product\/durable-steel-balcony-railing\/","og_site_name":"ABR Home - Metallic constructions since 2010","article_modified_time":"2024-06-04T16:22:36+00:00","og_image":[{"width":2560,"height":1920,"url":"https:\/\/abrhome.eu\/wp-content\/uploads\/2024\/06\/016-Berlin-2018-scaled.jpg","type":"image\/jpeg"}],"twitter_card":"summary_large_image","twitter_misc":{"Est. reading time":"1 minute"},"schema":{"@context":"https:\/\/schema.org","@graph":[{"@type":"WebPage","@id":"https:\/\/abrhome.eu\/product\/durable-steel-balcony-railing\/","url":"https:\/\/abrhome.eu\/product\/durable-steel-balcony-railing\/","name":"Iztur\u012bgs T\u0113rauda Balkona Margas - ABR Home - Metallic constructions since 2010","isPartOf":{"@id":"https:\/\/abrhome.eu\/#website"},"primaryImageOfPage":{"@id":"https:\/\/abrhome.eu\/product\/durable-steel-balcony-railing\/#primaryimage"},"image":{"@id":"https:\/\/abrhome.eu\/product\/durable-steel-balcony-railing\/#primaryimage"},"thumbnailUrl":"https:\/\/abrhome.eu\/wp-content\/uploads\/2024\/06\/016-Berlin-2018-scaled.jpg","datePublished":"2024-06-04T15:11:13+00:00","dateModified":"2024-06-04T16:22:36+00:00","breadcrumb":{"@id":"https:\/\/abrhome.eu\/product\/durable-steel-balcony-railing\/#breadcrumb"},"inLanguage":"lv-LV","potentialAction":[{"@type":"ReadAction","target":["https:\/\/abrhome.eu\/product\/durable-steel-balcony-railing\/"]}]},{"@type":"ImageObject","inLanguage":"lv-LV","@id":"https:\/\/abrhome.eu\/product\/durable-steel-balcony-railing\/#primaryimage","url":"https:\/\/abrhome.eu\/wp-content\/uploads\/2024\/06\/016-Berlin-2018-scaled.jpg","contentUrl":"https:\/\/abrhome.eu\/wp-content\/uploads\/2024\/06\/016-Berlin-2018-scaled.jpg","width":2560,"height":1920,"caption":"Kest\u00e4v\u00e4 Ter\u00e4sparvekkeen Kaide"},{"@type":"BreadcrumbList","@id":"https:\/\/abrhome.eu\/product\/durable-steel-balcony-railing\/#breadcrumb","itemListElement":[{"@type":"ListItem","position":1,"name":"Home","item":"https:\/\/abrhome.eu\/lv\/"},{"@type":"ListItem","position":2,"name":"Produkti","item":"https:\/\/abrhome.eu\/lv\/produkti\/"},{"@type":"ListItem","position":3,"name":"Iztur\u012bgs T\u0113rauda Balkona Margas"}]},{"@type":"WebSite","@id":"https:\/\/abrhome.eu\/#website","url":"https:\/\/abrhome.eu\/","name":"ABR Home - Metallic constructions since 2010","description":"","publisher":{"@id":"https:\/\/abrhome.eu\/#organization"},"potentialAction":[{"@type":"SearchAction","target":{"@type":"EntryPoint","urlTemplate":"https:\/\/abrhome.eu\/?s={search_term_string}"},"query-input":"required name=search_term_string"}],"inLanguage":"lv-LV"},{"@type":"Organization","@id":"https:\/\/abrhome.eu\/#organization","name":"ABR Home - Metallic constructions since 2010","url":"https:\/\/abrhome.eu\/","logo":{"@type":"ImageObject","inLanguage":"lv-LV","@id":"https:\/\/abrhome.eu\/#\/schema\/logo\/image\/","url":"https:\/\/abrhome.eu\/wp-content\/uploads\/2023\/12\/logo-10.png","contentUrl":"https:\/\/abrhome.eu\/wp-content\/uploads\/2023\/12\/logo-10.png","width":300,"height":139,"caption":"ABR Home - Metallic constructions since 2010"},"image":{"@id":"https:\/\/abrhome.eu\/#\/schema\/logo\/image\/"}}]}},"_links":{"self":[{"href":"https:\/\/abrhome.eu\/lv\/wp-json\/wp\/v2\/product\/10042","targetHints":{"allow":["GET"]}}],"collection":[{"href":"https:\/\/abrhome.eu\/lv\/wp-json\/wp\/v2\/product"}],"about":[{"href":"https:\/\/abrhome.eu\/lv\/wp-json\/wp\/v2\/types\/product"}],"version-history":[{"count":0,"href":"https:\/\/abrhome.eu\/lv\/wp-json\/wp\/v2\/product\/10042\/revisions"}],"wp:featuredmedia":[{"embeddable":true,"href":"https:\/\/abrhome.eu\/lv\/wp-json\/wp\/v2\/media\/2303"}],"wp:attachment":[{"href":"https:\/\/abrhome.eu\/lv\/wp-json\/wp\/v2\/media?parent=10042"}],"wp:term":[{"taxonomy":"product_cat","embeddable":true,"href":"https:\/\/abrhome.eu\/lv\/wp-json\/wp\/v2\/product_cat?post=10042"},{"taxonomy":"product_tag","embeddable":true,"href":"https:\/\/abrhome.eu\/lv\/wp-json\/wp\/v2\/product_tag?post=10042"}],"curies":[{"name":"wp","href":"https:\/\/api.w.org\/{rel}","templated":true}]}}