{"id":10506,"date":"2024-06-04T17:12:33","date_gmt":"2024-06-04T15:12:33","guid":{"rendered":"https:\/\/abrhome.eu\/product\/aluminija-atputas-zvejas-laiva\/"},"modified":"2024-06-04T19:35:08","modified_gmt":"2024-06-04T17:35:08","slug":"aluminija-atputas-zvejas-laiva","status":"publish","type":"product","link":"https:\/\/abrhome.eu\/lv\/product\/aluminija-atputas-zvejas-laiva\/","title":{"rendered":"Alum\u012bnija atp\u016btas zvejas laiva"},"content":{"rendered":"<p>Izbaudi \u016bdens priekus ar m\u016bsu <b>Alum\u012bnija atp\u016btas zvejas laivu<\/b>, kas ir ide\u0101li piem\u0113rota mak\u0161\u0137erniekiem un \u0101ra aktivit\u0101\u0161u cien\u012bt\u0101jiem. \u0160\u012b <b>maz\u0101 laiva<\/b> ir izstr\u0101d\u0101ta ar precizit\u0101ti, lai nodro\u0161in\u0101tu iztur\u012bbu un augstu veiktsp\u0113ju uz \u016bdens.<\/p>\n<p>Ar garumu no 4 l\u012bdz 6 metriem un platumu no 1,5 l\u012bdz 2 metriem, laiva apvieno funkcionalit\u0101ti ar komfortu. T\u0101 ir r\u016bp\u012bgi izstr\u0101d\u0101ta no augstas kvalit\u0101tes alum\u012bnija, un p\u0113c izv\u0113les koka deta\u013cas var izmantot solu vai gr\u012bdas apdarei, uzlabojot interjera est\u0113tiku.<\/p>\n<p>M\u016bsu modernie ra\u017eo\u0161anas procesi ietver alum\u012bnija loksnes grie\u0161anu, veido\u0161anu, virpo\u0161anu, fr\u0113z\u0113\u0161anu un sl\u012bp\u0113\u0161anu, kas tiek papildin\u0101ti ar mont\u0101\u017eu, izmantojot iztur\u012bgas metin\u0101\u0161anas tehnikas. Lai nodro\u0161in\u0101tu ilgm\u016b\u017e\u012bbu un pievilc\u012bbu, laivu var pabeigt ar kr\u0101so\u0161anu vai pulvera p\u0101rkl\u0101jumu j\u016bsu izv\u0113l\u0113t\u0101 kr\u0101s\u0101, atbilsto\u0161u RAL kodam.<\/p>\n<p>Vai t\u0101 b\u016btu atp\u016btas zveja, \u012bsu upju izbraucienu veik\u0161ana vai sekl\u0101 \u016bden\u012b navig\u0101cija, m\u016bsu laiva nodro\u0161ina dro\u0161\u012bbu un uzticam\u012bbu ar t\u0101diem uzst\u0101d\u012btajiem elementiem k\u0101 motoru stipr\u012bbas mont\u0101\u017eas laukums, un p\u0113c izv\u0113les margas un dz\u012bv\u012bbai nepiecie\u0161am\u0101 apr\u012bkojuma.<\/p>\n<p> <div class=\"p2410-product-tags\" style=\"margin:1rem 0\">\r\n\t\t<div style=\"font-weight:600\">Tagi<\/div>\r\n\t\t<div><a href=\"https:\/\/abrhome.eu\/lv\/product-tag\/aluminija-zvejas-laiva\/\" class=\"product-tag\">Alum\u012bnija zvejas laiva<\/a>, <a href=\"https:\/\/abrhome.eu\/lv\/product-tag\/atputas-laivas-pardosana\/\" class=\"product-tag\">Atp\u016btas laivas p\u0101rdo\u0161ana<\/a>, <a href=\"https:\/\/abrhome.eu\/lv\/product-tag\/atputas-zvejas-laivas\/\" class=\"product-tag\">Atp\u016btas zvejas laivas<\/a>, <a href=\"https:\/\/abrhome.eu\/lv\/product-tag\/ezera-zvejas-aluminija-laiva\/\" class=\"product-tag\">Ezera zvejas alum\u012bnija laiva<\/a>, <a href=\"https:\/\/abrhome.eu\/lv\/product-tag\/pielagotas-aluminija-laivas\/\" class=\"product-tag\">Piel\u0101gotas alum\u012bnija laivas<\/a><\/div>\r\n\t<\/div> <div class=\"p2410-product-colors\" style=\"margin:1rem 0\">\r\n\t\t<div style=\"font-weight:600\">Kr\u0101sa<\/div>\r\n\t\t<div><span>RAL 1023 Satiksmes dzeltens (Dzeltens)<\/span>, <span>RAL 1036 P\u0113r\u013cu zelts (Zelts)<\/span>, <span>RAL 2004 T\u012bri oran\u017es (Oran\u017es)<\/span>, <span>RAL 3000 Uguns sarkans (Sarkans)<\/span>, <span>RAL 3020 Satiksmes sarkans (Sarkans)<\/span>, <span>RAL 4005 Zil\u0101 lilija (Violets)<\/span>, <span>RAL 5005 Sign\u0101la zils (Zils)<\/span>, <span>RAL 5010 Dzintarkr\u0101sas zils (Zils)<\/span>, <span>RAL 6005 S\u016bnu za\u013c\u0161 (Za\u013c\u0161)<\/span>, <span>RAL 7012 Bazalta pel\u0113ks (Pel\u0113ks)<\/span>, <span>RAL 7015 Sl\u0101nek\u013ca pel\u0113ks (Pel\u0113ks)<\/span>, <span>RAL 7016 Antrac\u012bta pel\u0113ks (Pel\u0113ks)<\/span>, <span>RAL 7021 Melni pel\u0113ks (Melns)<\/span>, <span>RAL 7024 Graf\u012bta pel\u0113ks (Pel\u0113ks)<\/span>, <span>RAL 7032 O\u013cu pel\u0113ks (Pel\u0113ks)<\/span>, <span>RAL 7035 Gai\u0161i pel\u0113ks (Pel\u0113ks)<\/span>, <span>RAL 7040 Logu pel\u0113ks (Pel\u0113ks)<\/span>, <span>RAL 7042 Satiksmes pel\u0113ks A (Pel\u0113ks)<\/span>, <span>RAL 8017 \u0160okol\u0101des br\u016bns (Br\u016bns)<\/span>, <span>RAL 9005 Melns ogle (Melns)<\/span>, <span>RAL 9006 Baltais alum\u012bnijs (Sudrabs)<\/span>, <span>RAL 9007 Pel\u0113kais alum\u012bnijs (Sudrabs)<\/span>, <span>RAL 9010 T\u012bri balts (Balts)<\/span>, <span>RAL 9016 Satiksmes balts (Balts)<\/span><\/div>\r\n\t<\/div><\/p>\n","protected":false},"excerpt":{"rendered":"<p>Izp\u0113ti \u016bde\u0146us ar m\u016bsu iztur\u012bgo un augstas veiktsp\u0113jas <b>Alum\u012bnija atp\u016btas zvejas laivu<\/b>. Ide\u0101li piem\u0113rota atp\u016btas zvejai un upju izbraucieniem, \u0161\u012b <b>maz\u0101 laiva<\/b> pied\u0101v\u0101 funkcionalit\u0101ti un komfortu kompakt\u0101 izm\u0113r\u0101, ar iesp\u0113j\u0101m piel\u0101got pabeig\u0161anu.<\/p>\n","protected":false},"featured_media":2798,"template":"","meta":[],"product_cat":[26868],"product_tag":[4260,4274,4316,4302,4288],"class_list":{"0":"post-10506","1":"product","2":"type-product","3":"status-publish","4":"has-post-thumbnail","6":"product_cat-specializetas-preces-laivas","7":"product_tag-aluminija-zvejas-laiva","8":"product_tag-atputas-laivas-pardosana","9":"product_tag-atputas-zvejas-laivas","10":"product_tag-ezera-zvejas-aluminija-laiva","11":"product_tag-pielagotas-aluminija-laivas","13":"first","14":"instock","15":"shipping-taxable","16":"product-type-simple"},"yoast_head":"<!-- This site is optimized with the Yoast SEO plugin v23.1 - https:\/\/yoast.com\/wordpress\/plugins\/seo\/ -->\n<title>Alum\u012bnija atp\u016btas zvejas laiva - ABR Home - Metallic constructions since 2010<\/title>\n<meta name=\"robots\" content=\"index, follow, max-snippet:-1, max-image-preview:large, max-video-preview:-1\" \/>\n<link rel=\"canonical\" href=\"https:\/\/abrhome.eu\/product\/aluminum-recreational-fishing-boat\/\" \/>\n<meta property=\"og:locale\" content=\"lv_LV\" \/>\n<meta property=\"og:type\" content=\"article\" \/>\n<meta property=\"og:title\" content=\"Alum\u012bnija atp\u016btas zvejas laiva - ABR Home - Metallic constructions since 2010\" \/>\n<meta property=\"og:description\" content=\"Izp\u0113ti \u016bde\u0146us ar m\u016bsu iztur\u012bgo un augstas veiktsp\u0113jas Alum\u012bnija atp\u016btas zvejas laivu. Ide\u0101li piem\u0113rota atp\u016btas zvejai un upju izbraucieniem, \u0161\u012b maz\u0101 laiva pied\u0101v\u0101 funkcionalit\u0101ti un komfortu kompakt\u0101 izm\u0113r\u0101, ar iesp\u0113j\u0101m piel\u0101got pabeig\u0161anu.\" \/>\n<meta property=\"og:url\" content=\"https:\/\/abrhome.eu\/product\/aluminum-recreational-fishing-boat\/\" \/>\n<meta property=\"og:site_name\" content=\"ABR Home - Metallic constructions since 2010\" \/>\n<meta property=\"article:modified_time\" content=\"2024-06-04T17:35:08+00:00\" \/>\n<meta property=\"og:image\" content=\"https:\/\/abrhome.eu\/wp-content\/uploads\/2024\/06\/alum-laiva1-1-scaled.jpg\" \/>\n\t<meta property=\"og:image:width\" content=\"2560\" \/>\n\t<meta property=\"og:image:height\" content=\"1920\" \/>\n\t<meta property=\"og:image:type\" content=\"image\/jpeg\" \/>\n<meta name=\"twitter:card\" content=\"summary_large_image\" \/>\n<meta name=\"twitter:label1\" content=\"Est. reading time\" \/>\n\t<meta name=\"twitter:data1\" content=\"1 minute\" \/>\n<script type=\"application\/ld+json\" class=\"yoast-schema-graph\">{\"@context\":\"https:\/\/schema.org\",\"@graph\":[{\"@type\":\"WebPage\",\"@id\":\"https:\/\/abrhome.eu\/product\/aluminum-recreational-fishing-boat\/\",\"url\":\"https:\/\/abrhome.eu\/product\/aluminum-recreational-fishing-boat\/\",\"name\":\"Alum\u012bnija atp\u016btas zvejas laiva - ABR Home - Metallic constructions since 2010\",\"isPartOf\":{\"@id\":\"https:\/\/abrhome.eu\/#website\"},\"primaryImageOfPage\":{\"@id\":\"https:\/\/abrhome.eu\/product\/aluminum-recreational-fishing-boat\/#primaryimage\"},\"image\":{\"@id\":\"https:\/\/abrhome.eu\/product\/aluminum-recreational-fishing-boat\/#primaryimage\"},\"thumbnailUrl\":\"https:\/\/abrhome.eu\/wp-content\/uploads\/2024\/06\/alum-laiva1-1-scaled.jpg\",\"datePublished\":\"2024-06-04T15:12:33+00:00\",\"dateModified\":\"2024-06-04T17:35:08+00:00\",\"breadcrumb\":{\"@id\":\"https:\/\/abrhome.eu\/product\/aluminum-recreational-fishing-boat\/#breadcrumb\"},\"inLanguage\":\"lv-LV\",\"potentialAction\":[{\"@type\":\"ReadAction\",\"target\":[\"https:\/\/abrhome.eu\/product\/aluminum-recreational-fishing-boat\/\"]}]},{\"@type\":\"ImageObject\",\"inLanguage\":\"lv-LV\",\"@id\":\"https:\/\/abrhome.eu\/product\/aluminum-recreational-fishing-boat\/#primaryimage\",\"url\":\"https:\/\/abrhome.eu\/wp-content\/uploads\/2024\/06\/alum-laiva1-1-scaled.jpg\",\"contentUrl\":\"https:\/\/abrhome.eu\/wp-content\/uploads\/2024\/06\/alum-laiva1-1-scaled.jpg\",\"width\":2560,\"height\":1920,\"caption\":\"Alumiininen Vapaa-ajan Kalastusvene\"},{\"@type\":\"BreadcrumbList\",\"@id\":\"https:\/\/abrhome.eu\/product\/aluminum-recreational-fishing-boat\/#breadcrumb\",\"itemListElement\":[{\"@type\":\"ListItem\",\"position\":1,\"name\":\"Home\",\"item\":\"https:\/\/abrhome.eu\/lv\/\"},{\"@type\":\"ListItem\",\"position\":2,\"name\":\"Produkti\",\"item\":\"https:\/\/abrhome.eu\/lv\/produkti\/\"},{\"@type\":\"ListItem\",\"position\":3,\"name\":\"Alum\u012bnija atp\u016btas zvejas laiva\"}]},{\"@type\":\"WebSite\",\"@id\":\"https:\/\/abrhome.eu\/#website\",\"url\":\"https:\/\/abrhome.eu\/\",\"name\":\"ABR Home - Metallic constructions since 2010\",\"description\":\"\",\"publisher\":{\"@id\":\"https:\/\/abrhome.eu\/#organization\"},\"potentialAction\":[{\"@type\":\"SearchAction\",\"target\":{\"@type\":\"EntryPoint\",\"urlTemplate\":\"https:\/\/abrhome.eu\/?s={search_term_string}\"},\"query-input\":\"required name=search_term_string\"}],\"inLanguage\":\"lv-LV\"},{\"@type\":\"Organization\",\"@id\":\"https:\/\/abrhome.eu\/#organization\",\"name\":\"ABR Home - Metallic constructions since 2010\",\"url\":\"https:\/\/abrhome.eu\/\",\"logo\":{\"@type\":\"ImageObject\",\"inLanguage\":\"lv-LV\",\"@id\":\"https:\/\/abrhome.eu\/#\/schema\/logo\/image\/\",\"url\":\"https:\/\/abrhome.eu\/wp-content\/uploads\/2023\/12\/logo-10.png\",\"contentUrl\":\"https:\/\/abrhome.eu\/wp-content\/uploads\/2023\/12\/logo-10.png\",\"width\":300,\"height\":139,\"caption\":\"ABR Home - Metallic constructions since 2010\"},\"image\":{\"@id\":\"https:\/\/abrhome.eu\/#\/schema\/logo\/image\/\"}}]}<\/script>\n<!-- \/ Yoast SEO plugin. -->","yoast_head_json":{"title":"Alum\u012bnija atp\u016btas zvejas laiva - ABR Home - Metallic constructions since 2010","robots":{"index":"index","follow":"follow","max-snippet":"max-snippet:-1","max-image-preview":"max-image-preview:large","max-video-preview":"max-video-preview:-1"},"canonical":"https:\/\/abrhome.eu\/product\/aluminum-recreational-fishing-boat\/","og_locale":"lv_LV","og_type":"article","og_title":"Alum\u012bnija atp\u016btas zvejas laiva - ABR Home - Metallic constructions since 2010","og_description":"Izp\u0113ti \u016bde\u0146us ar m\u016bsu iztur\u012bgo un augstas veiktsp\u0113jas Alum\u012bnija atp\u016btas zvejas laivu. Ide\u0101li piem\u0113rota atp\u016btas zvejai un upju izbraucieniem, \u0161\u012b maz\u0101 laiva pied\u0101v\u0101 funkcionalit\u0101ti un komfortu kompakt\u0101 izm\u0113r\u0101, ar iesp\u0113j\u0101m piel\u0101got pabeig\u0161anu.","og_url":"https:\/\/abrhome.eu\/product\/aluminum-recreational-fishing-boat\/","og_site_name":"ABR Home - Metallic constructions since 2010","article_modified_time":"2024-06-04T17:35:08+00:00","og_image":[{"width":2560,"height":1920,"url":"https:\/\/abrhome.eu\/wp-content\/uploads\/2024\/06\/alum-laiva1-1-scaled.jpg","type":"image\/jpeg"}],"twitter_card":"summary_large_image","twitter_misc":{"Est. reading time":"1 minute"},"schema":{"@context":"https:\/\/schema.org","@graph":[{"@type":"WebPage","@id":"https:\/\/abrhome.eu\/product\/aluminum-recreational-fishing-boat\/","url":"https:\/\/abrhome.eu\/product\/aluminum-recreational-fishing-boat\/","name":"Alum\u012bnija atp\u016btas zvejas laiva - ABR Home - Metallic constructions since 2010","isPartOf":{"@id":"https:\/\/abrhome.eu\/#website"},"primaryImageOfPage":{"@id":"https:\/\/abrhome.eu\/product\/aluminum-recreational-fishing-boat\/#primaryimage"},"image":{"@id":"https:\/\/abrhome.eu\/product\/aluminum-recreational-fishing-boat\/#primaryimage"},"thumbnailUrl":"https:\/\/abrhome.eu\/wp-content\/uploads\/2024\/06\/alum-laiva1-1-scaled.jpg","datePublished":"2024-06-04T15:12:33+00:00","dateModified":"2024-06-04T17:35:08+00:00","breadcrumb":{"@id":"https:\/\/abrhome.eu\/product\/aluminum-recreational-fishing-boat\/#breadcrumb"},"inLanguage":"lv-LV","potentialAction":[{"@type":"ReadAction","target":["https:\/\/abrhome.eu\/product\/aluminum-recreational-fishing-boat\/"]}]},{"@type":"ImageObject","inLanguage":"lv-LV","@id":"https:\/\/abrhome.eu\/product\/aluminum-recreational-fishing-boat\/#primaryimage","url":"https:\/\/abrhome.eu\/wp-content\/uploads\/2024\/06\/alum-laiva1-1-scaled.jpg","contentUrl":"https:\/\/abrhome.eu\/wp-content\/uploads\/2024\/06\/alum-laiva1-1-scaled.jpg","width":2560,"height":1920,"caption":"Alumiininen Vapaa-ajan Kalastusvene"},{"@type":"BreadcrumbList","@id":"https:\/\/abrhome.eu\/product\/aluminum-recreational-fishing-boat\/#breadcrumb","itemListElement":[{"@type":"ListItem","position":1,"name":"Home","item":"https:\/\/abrhome.eu\/lv\/"},{"@type":"ListItem","position":2,"name":"Produkti","item":"https:\/\/abrhome.eu\/lv\/produkti\/"},{"@type":"ListItem","position":3,"name":"Alum\u012bnija atp\u016btas zvejas laiva"}]},{"@type":"WebSite","@id":"https:\/\/abrhome.eu\/#website","url":"https:\/\/abrhome.eu\/","name":"ABR Home - Metallic constructions since 2010","description":"","publisher":{"@id":"https:\/\/abrhome.eu\/#organization"},"potentialAction":[{"@type":"SearchAction","target":{"@type":"EntryPoint","urlTemplate":"https:\/\/abrhome.eu\/?s={search_term_string}"},"query-input":"required name=search_term_string"}],"inLanguage":"lv-LV"},{"@type":"Organization","@id":"https:\/\/abrhome.eu\/#organization","name":"ABR Home - Metallic constructions since 2010","url":"https:\/\/abrhome.eu\/","logo":{"@type":"ImageObject","inLanguage":"lv-LV","@id":"https:\/\/abrhome.eu\/#\/schema\/logo\/image\/","url":"https:\/\/abrhome.eu\/wp-content\/uploads\/2023\/12\/logo-10.png","contentUrl":"https:\/\/abrhome.eu\/wp-content\/uploads\/2023\/12\/logo-10.png","width":300,"height":139,"caption":"ABR Home - Metallic constructions since 2010"},"image":{"@id":"https:\/\/abrhome.eu\/#\/schema\/logo\/image\/"}}]}},"_links":{"self":[{"href":"https:\/\/abrhome.eu\/lv\/wp-json\/wp\/v2\/product\/10506","targetHints":{"allow":["GET"]}}],"collection":[{"href":"https:\/\/abrhome.eu\/lv\/wp-json\/wp\/v2\/product"}],"about":[{"href":"https:\/\/abrhome.eu\/lv\/wp-json\/wp\/v2\/types\/product"}],"version-history":[{"count":0,"href":"https:\/\/abrhome.eu\/lv\/wp-json\/wp\/v2\/product\/10506\/revisions"}],"wp:featuredmedia":[{"embeddable":true,"href":"https:\/\/abrhome.eu\/lv\/wp-json\/wp\/v2\/media\/2798"}],"wp:attachment":[{"href":"https:\/\/abrhome.eu\/lv\/wp-json\/wp\/v2\/media?parent=10506"}],"wp:term":[{"taxonomy":"product_cat","embeddable":true,"href":"https:\/\/abrhome.eu\/lv\/wp-json\/wp\/v2\/product_cat?post=10506"},{"taxonomy":"product_tag","embeddable":true,"href":"https:\/\/abrhome.eu\/lv\/wp-json\/wp\/v2\/product_tag?post=10506"}],"curies":[{"name":"wp","href":"https:\/\/api.w.org\/{rel}","templated":true}]}}