{"id":10730,"date":"2024-06-04T17:13:13","date_gmt":"2024-06-04T15:13:13","guid":{"rendered":"https:\/\/abrhome.eu\/product\/izturiga-metal-a-varoga-ar-stikla-paneliem\/"},"modified":"2024-06-04T20:04:24","modified_gmt":"2024-06-04T18:04:24","slug":"izturiga-metal-a-varoga-ar-stikla-paneliem","status":"publish","type":"product","link":"https:\/\/abrhome.eu\/lv\/product\/izturiga-metal-a-varoga-ar-stikla-paneliem\/","title":{"rendered":"Iztur\u012bga Met\u0101la \u0100ra Vairoga ar Stikla Pane\u013ciem"},"content":{"rendered":"<p>Uzlabojiet savas \u0101ra telpas ar m\u016bsu iztur\u012bgo <b>Met\u0101la \u0100ra Vairogu<\/b>, kas ir izstr\u0101d\u0101ts gan ar stilu, gan funkcionalit\u0101ti. \u0160is vairogs ir apr\u012bkots ar notur\u012bgu <b>met\u0101la r\u0101mja konstrukciju<\/b>, un tam ir eleganti stikla vai caursp\u012bd\u012bgi pane\u013ci, kas ne tikai palielina t\u0101 vizu\u0101lo pievilc\u012bbu, bet ar\u012b nodro\u0161ina efekt\u012bvu aizsardz\u012bbu pret lietu, sniegu un saules starojumu.<\/p>\n<p>Vairoga dizaina process s\u0101kas ar r\u016bp\u012bgu pl\u0101no\u0161anu, lai nodro\u0161in\u0101tu perfektu specifik\u0101ciju un materi\u0101lu izmanto\u0161anu. R\u0101mis tiek apstr\u0101d\u0101ts ar da\u017e\u0101d\u0101m tehnik\u0101m, ieskaitot grie\u0161anu, loc\u012b\u0161anu un metin\u0101\u0161anu, kam seko uzman\u012bga sl\u012bp\u0113\u0161ana, lai izl\u012bdzin\u0101tu visas raupj\u0101s malas. Lai uzlabotu notur\u012bbu un laika apst\u0101k\u013cu iztur\u012bbu, vairogs tiek pabeigts ar kr\u0101so\u0161anu, cinko\u0161anu vai pulvera p\u0101rkl\u0101jumu smalk\u0101 pel\u0113k\u0101 nokr\u0101s\u0101 (RAL 7043 Tirdzniec\u012bbas pel\u0113ks B), padarot to par ide\u0101lu izv\u0113li liel\u0101kajai da\u013cai \u0113ku \u0101r\u0113jo puses.<\/p>\n<p><b>Notur\u012bg\u0101 vairoga<\/b> uzst\u0101d\u012b\u0161ana ir vienk\u0101r\u0161a, izmantojot stipras stiprin\u0101juma kron\u0161teini kop\u0101 ar uzticamiem bultskr\u016bv\u0113m un skr\u016bv\u0113m. Tas \u013cauj vairogu dro\u0161i mont\u0113t p\u0101ri durvju atv\u0113rumiem, logiem vai teras\u0113m, nekav\u0113joties uzlabojot j\u016bsu \u0101ra dz\u012bves telpu komfortu un funkcionalit\u0101ti.<\/p>\n<p> <div class=\"p2410-product-tags\" style=\"margin:1rem 0\">\r\n\t\t<div style=\"font-weight:600\">Tagi<\/div>\r\n\t\t<div><a href=\"https:\/\/abrhome.eu\/lv\/product-tag\/ara-metala-nojume\/\" class=\"product-tag\">\u0101ra met\u0101la nojume<\/a>, <a href=\"https:\/\/abrhome.eu\/lv\/product-tag\/cinkots-metala-vairogs-terasem\/\" class=\"product-tag\">cinkots met\u0101la vairogs teras\u0113m<\/a>, <a href=\"https:\/\/abrhome.eu\/lv\/product-tag\/izturigs-ara-vairogs\/\" class=\"product-tag\">iztur\u012bgs \u0101ra vairogs<\/a>, <a href=\"https:\/\/abrhome.eu\/lv\/product-tag\/metala-vairogs-ar-stiklu\/\" class=\"product-tag\">met\u0101la vairogs ar stiklu<\/a>, <a href=\"https:\/\/abrhome.eu\/lv\/product-tag\/noturigs-ara-vairogs\/\" class=\"product-tag\">notur\u012bgs \u0101ra vairogs<\/a><\/div>\r\n\t<\/div> <div class=\"p2410-product-colors\" style=\"margin:1rem 0\">\r\n\t\t<div style=\"font-weight:600\">Kr\u0101sa<\/div>\r\n\t\t<div><span>RAL 1023 Satiksmes dzeltens (Dzeltens)<\/span>, <span>RAL 1036 P\u0113r\u013cu zelts (Zelts)<\/span>, <span>RAL 2004 T\u012bri oran\u017es (Oran\u017es)<\/span>, <span>RAL 3000 Uguns sarkans (Sarkans)<\/span>, <span>RAL 3020 Satiksmes sarkans (Sarkans)<\/span>, <span>RAL 4005 Zil\u0101 lilija (Violets)<\/span>, <span>RAL 5005 Sign\u0101la zils (Zils)<\/span>, <span>RAL 5010 Dzintarkr\u0101sas zils (Zils)<\/span>, <span>RAL 6005 S\u016bnu za\u013c\u0161 (Za\u013c\u0161)<\/span>, <span>RAL 7012 Bazalta pel\u0113ks (Pel\u0113ks)<\/span>, <span>RAL 7015 Sl\u0101nek\u013ca pel\u0113ks (Pel\u0113ks)<\/span>, <span>RAL 7016 Antrac\u012bta pel\u0113ks (Pel\u0113ks)<\/span>, <span>RAL 7021 Melni pel\u0113ks (Melns)<\/span>, <span>RAL 7024 Graf\u012bta pel\u0113ks (Pel\u0113ks)<\/span>, <span>RAL 7032 O\u013cu pel\u0113ks (Pel\u0113ks)<\/span>, <span>RAL 7035 Gai\u0161i pel\u0113ks (Pel\u0113ks)<\/span>, <span>RAL 7040 Logu pel\u0113ks (Pel\u0113ks)<\/span>, <span>RAL 7042 Satiksmes pel\u0113ks A (Pel\u0113ks)<\/span>, <span>RAL 8017 \u0160okol\u0101des br\u016bns (Br\u016bns)<\/span>, <span>RAL 9005 Melns ogle (Melns)<\/span>, <span>RAL 9006 Baltais alum\u012bnijs (Sudrabs)<\/span>, <span>RAL 9007 Pel\u0113kais alum\u012bnijs (Sudrabs)<\/span>, <span>RAL 9010 T\u012bri balts (Balts)<\/span>, <span>RAL 9016 Satiksmes balts (Balts)<\/span><\/div>\r\n\t<\/div><\/p>\n","protected":false},"excerpt":{"rendered":"<p>Atkl\u0101jiet <b>iztur\u012bgu \u0101ra vairogu uzst\u0101d\u012b\u0161anu<\/b> sav\u0101m telp\u0101m. Pied\u0101v\u0101jot notur\u012bgu met\u0101la r\u0101mi un eleganti stikla pane\u013cus, m\u016bsu <b>Met\u0101la \u0100ra Vairogs<\/b> ir piem\u0113rots jebkurai laika apst\u0101k\u013ciem, nodro\u0161inot gan stilu, gan funkcionalit\u0101ti.<\/p>\n","protected":false},"featured_media":3233,"template":"","meta":[],"product_cat":[26700],"product_tag":[4716,5296,5268,5282,5257],"class_list":{"0":"post-10730","1":"product","2":"type-product","3":"status-publish","4":"has-post-thumbnail","6":"product_cat-majas-konstrukcijas-nojumes","7":"product_tag-ara-metala-nojume","8":"product_tag-cinkots-metala-vairogs-terasem","9":"product_tag-izturigs-ara-vairogs","10":"product_tag-metala-vairogs-ar-stiklu","11":"product_tag-noturigs-ara-vairogs","13":"first","14":"instock","15":"shipping-taxable","16":"product-type-simple"},"yoast_head":"<!-- This site is optimized with the Yoast SEO plugin v23.1 - https:\/\/yoast.com\/wordpress\/plugins\/seo\/ -->\n<title>Iztur\u012bga Met\u0101la \u0100ra Vairoga ar Stikla Pane\u013ciem - ABR Home - Metallic constructions since 2010<\/title>\n<meta name=\"robots\" content=\"index, follow, max-snippet:-1, max-image-preview:large, max-video-preview:-1\" \/>\n<link rel=\"canonical\" href=\"https:\/\/abrhome.eu\/product\/robust-outdoor-metal-canopy-with-glass-panels\/\" \/>\n<meta property=\"og:locale\" content=\"lv_LV\" \/>\n<meta property=\"og:type\" content=\"article\" \/>\n<meta property=\"og:title\" content=\"Iztur\u012bga Met\u0101la \u0100ra Vairoga ar Stikla Pane\u013ciem - ABR Home - Metallic constructions since 2010\" \/>\n<meta property=\"og:description\" content=\"Atkl\u0101jiet iztur\u012bgu \u0101ra vairogu uzst\u0101d\u012b\u0161anu sav\u0101m telp\u0101m. Pied\u0101v\u0101jot notur\u012bgu met\u0101la r\u0101mi un eleganti stikla pane\u013cus, m\u016bsu Met\u0101la \u0100ra Vairogs ir piem\u0113rots jebkurai laika apst\u0101k\u013ciem, nodro\u0161inot gan stilu, gan funkcionalit\u0101ti.\" \/>\n<meta property=\"og:url\" content=\"https:\/\/abrhome.eu\/product\/robust-outdoor-metal-canopy-with-glass-panels\/\" \/>\n<meta property=\"og:site_name\" content=\"ABR Home - Metallic constructions since 2010\" \/>\n<meta property=\"article:modified_time\" content=\"2024-06-04T18:04:24+00:00\" \/>\n<meta property=\"og:image\" content=\"https:\/\/abrhome.eu\/wp-content\/uploads\/2024\/06\/Nojume-bukulti-scaled.jpg\" \/>\n\t<meta property=\"og:image:width\" content=\"2560\" \/>\n\t<meta property=\"og:image:height\" content=\"1920\" \/>\n\t<meta property=\"og:image:type\" content=\"image\/jpeg\" \/>\n<meta name=\"twitter:card\" content=\"summary_large_image\" \/>\n<meta name=\"twitter:label1\" content=\"Est. reading time\" \/>\n\t<meta name=\"twitter:data1\" content=\"1 minute\" \/>\n<script type=\"application\/ld+json\" class=\"yoast-schema-graph\">{\"@context\":\"https:\/\/schema.org\",\"@graph\":[{\"@type\":\"WebPage\",\"@id\":\"https:\/\/abrhome.eu\/product\/robust-outdoor-metal-canopy-with-glass-panels\/\",\"url\":\"https:\/\/abrhome.eu\/product\/robust-outdoor-metal-canopy-with-glass-panels\/\",\"name\":\"Iztur\u012bga Met\u0101la \u0100ra Vairoga ar Stikla Pane\u013ciem - ABR Home - Metallic constructions since 2010\",\"isPartOf\":{\"@id\":\"https:\/\/abrhome.eu\/#website\"},\"primaryImageOfPage\":{\"@id\":\"https:\/\/abrhome.eu\/product\/robust-outdoor-metal-canopy-with-glass-panels\/#primaryimage\"},\"image\":{\"@id\":\"https:\/\/abrhome.eu\/product\/robust-outdoor-metal-canopy-with-glass-panels\/#primaryimage\"},\"thumbnailUrl\":\"https:\/\/abrhome.eu\/wp-content\/uploads\/2024\/06\/Nojume-bukulti-scaled.jpg\",\"datePublished\":\"2024-06-04T15:13:13+00:00\",\"dateModified\":\"2024-06-04T18:04:24+00:00\",\"breadcrumb\":{\"@id\":\"https:\/\/abrhome.eu\/product\/robust-outdoor-metal-canopy-with-glass-panels\/#breadcrumb\"},\"inLanguage\":\"lv-LV\",\"potentialAction\":[{\"@type\":\"ReadAction\",\"target\":[\"https:\/\/abrhome.eu\/product\/robust-outdoor-metal-canopy-with-glass-panels\/\"]}]},{\"@type\":\"ImageObject\",\"inLanguage\":\"lv-LV\",\"@id\":\"https:\/\/abrhome.eu\/product\/robust-outdoor-metal-canopy-with-glass-panels\/#primaryimage\",\"url\":\"https:\/\/abrhome.eu\/wp-content\/uploads\/2024\/06\/Nojume-bukulti-scaled.jpg\",\"contentUrl\":\"https:\/\/abrhome.eu\/wp-content\/uploads\/2024\/06\/Nojume-bukulti-scaled.jpg\",\"width\":2560,\"height\":1920,\"caption\":\"Kest\u00e4v\u00e4 ulkoilmametallikatos lasipaneeleilla\"},{\"@type\":\"BreadcrumbList\",\"@id\":\"https:\/\/abrhome.eu\/product\/robust-outdoor-metal-canopy-with-glass-panels\/#breadcrumb\",\"itemListElement\":[{\"@type\":\"ListItem\",\"position\":1,\"name\":\"Home\",\"item\":\"https:\/\/abrhome.eu\/lv\/\"},{\"@type\":\"ListItem\",\"position\":2,\"name\":\"Produkti\",\"item\":\"https:\/\/abrhome.eu\/lv\/produkti\/\"},{\"@type\":\"ListItem\",\"position\":3,\"name\":\"Iztur\u012bga Met\u0101la \u0100ra Vairoga ar Stikla Pane\u013ciem\"}]},{\"@type\":\"WebSite\",\"@id\":\"https:\/\/abrhome.eu\/#website\",\"url\":\"https:\/\/abrhome.eu\/\",\"name\":\"ABR Home - Metallic constructions since 2010\",\"description\":\"\",\"publisher\":{\"@id\":\"https:\/\/abrhome.eu\/#organization\"},\"potentialAction\":[{\"@type\":\"SearchAction\",\"target\":{\"@type\":\"EntryPoint\",\"urlTemplate\":\"https:\/\/abrhome.eu\/?s={search_term_string}\"},\"query-input\":\"required name=search_term_string\"}],\"inLanguage\":\"lv-LV\"},{\"@type\":\"Organization\",\"@id\":\"https:\/\/abrhome.eu\/#organization\",\"name\":\"ABR Home - Metallic constructions since 2010\",\"url\":\"https:\/\/abrhome.eu\/\",\"logo\":{\"@type\":\"ImageObject\",\"inLanguage\":\"lv-LV\",\"@id\":\"https:\/\/abrhome.eu\/#\/schema\/logo\/image\/\",\"url\":\"https:\/\/abrhome.eu\/wp-content\/uploads\/2023\/12\/logo-10.png\",\"contentUrl\":\"https:\/\/abrhome.eu\/wp-content\/uploads\/2023\/12\/logo-10.png\",\"width\":300,\"height\":139,\"caption\":\"ABR Home - Metallic constructions since 2010\"},\"image\":{\"@id\":\"https:\/\/abrhome.eu\/#\/schema\/logo\/image\/\"}}]}<\/script>\n<!-- \/ Yoast SEO plugin. -->","yoast_head_json":{"title":"Iztur\u012bga Met\u0101la \u0100ra Vairoga ar Stikla Pane\u013ciem - ABR Home - Metallic constructions since 2010","robots":{"index":"index","follow":"follow","max-snippet":"max-snippet:-1","max-image-preview":"max-image-preview:large","max-video-preview":"max-video-preview:-1"},"canonical":"https:\/\/abrhome.eu\/product\/robust-outdoor-metal-canopy-with-glass-panels\/","og_locale":"lv_LV","og_type":"article","og_title":"Iztur\u012bga Met\u0101la \u0100ra Vairoga ar Stikla Pane\u013ciem - ABR Home - Metallic constructions since 2010","og_description":"Atkl\u0101jiet iztur\u012bgu \u0101ra vairogu uzst\u0101d\u012b\u0161anu sav\u0101m telp\u0101m. Pied\u0101v\u0101jot notur\u012bgu met\u0101la r\u0101mi un eleganti stikla pane\u013cus, m\u016bsu Met\u0101la \u0100ra Vairogs ir piem\u0113rots jebkurai laika apst\u0101k\u013ciem, nodro\u0161inot gan stilu, gan funkcionalit\u0101ti.","og_url":"https:\/\/abrhome.eu\/product\/robust-outdoor-metal-canopy-with-glass-panels\/","og_site_name":"ABR Home - Metallic constructions since 2010","article_modified_time":"2024-06-04T18:04:24+00:00","og_image":[{"width":2560,"height":1920,"url":"https:\/\/abrhome.eu\/wp-content\/uploads\/2024\/06\/Nojume-bukulti-scaled.jpg","type":"image\/jpeg"}],"twitter_card":"summary_large_image","twitter_misc":{"Est. reading time":"1 minute"},"schema":{"@context":"https:\/\/schema.org","@graph":[{"@type":"WebPage","@id":"https:\/\/abrhome.eu\/product\/robust-outdoor-metal-canopy-with-glass-panels\/","url":"https:\/\/abrhome.eu\/product\/robust-outdoor-metal-canopy-with-glass-panels\/","name":"Iztur\u012bga Met\u0101la \u0100ra Vairoga ar Stikla Pane\u013ciem - ABR Home - Metallic constructions since 2010","isPartOf":{"@id":"https:\/\/abrhome.eu\/#website"},"primaryImageOfPage":{"@id":"https:\/\/abrhome.eu\/product\/robust-outdoor-metal-canopy-with-glass-panels\/#primaryimage"},"image":{"@id":"https:\/\/abrhome.eu\/product\/robust-outdoor-metal-canopy-with-glass-panels\/#primaryimage"},"thumbnailUrl":"https:\/\/abrhome.eu\/wp-content\/uploads\/2024\/06\/Nojume-bukulti-scaled.jpg","datePublished":"2024-06-04T15:13:13+00:00","dateModified":"2024-06-04T18:04:24+00:00","breadcrumb":{"@id":"https:\/\/abrhome.eu\/product\/robust-outdoor-metal-canopy-with-glass-panels\/#breadcrumb"},"inLanguage":"lv-LV","potentialAction":[{"@type":"ReadAction","target":["https:\/\/abrhome.eu\/product\/robust-outdoor-metal-canopy-with-glass-panels\/"]}]},{"@type":"ImageObject","inLanguage":"lv-LV","@id":"https:\/\/abrhome.eu\/product\/robust-outdoor-metal-canopy-with-glass-panels\/#primaryimage","url":"https:\/\/abrhome.eu\/wp-content\/uploads\/2024\/06\/Nojume-bukulti-scaled.jpg","contentUrl":"https:\/\/abrhome.eu\/wp-content\/uploads\/2024\/06\/Nojume-bukulti-scaled.jpg","width":2560,"height":1920,"caption":"Kest\u00e4v\u00e4 ulkoilmametallikatos lasipaneeleilla"},{"@type":"BreadcrumbList","@id":"https:\/\/abrhome.eu\/product\/robust-outdoor-metal-canopy-with-glass-panels\/#breadcrumb","itemListElement":[{"@type":"ListItem","position":1,"name":"Home","item":"https:\/\/abrhome.eu\/lv\/"},{"@type":"ListItem","position":2,"name":"Produkti","item":"https:\/\/abrhome.eu\/lv\/produkti\/"},{"@type":"ListItem","position":3,"name":"Iztur\u012bga Met\u0101la \u0100ra Vairoga ar Stikla Pane\u013ciem"}]},{"@type":"WebSite","@id":"https:\/\/abrhome.eu\/#website","url":"https:\/\/abrhome.eu\/","name":"ABR Home - Metallic constructions since 2010","description":"","publisher":{"@id":"https:\/\/abrhome.eu\/#organization"},"potentialAction":[{"@type":"SearchAction","target":{"@type":"EntryPoint","urlTemplate":"https:\/\/abrhome.eu\/?s={search_term_string}"},"query-input":"required name=search_term_string"}],"inLanguage":"lv-LV"},{"@type":"Organization","@id":"https:\/\/abrhome.eu\/#organization","name":"ABR Home - Metallic constructions since 2010","url":"https:\/\/abrhome.eu\/","logo":{"@type":"ImageObject","inLanguage":"lv-LV","@id":"https:\/\/abrhome.eu\/#\/schema\/logo\/image\/","url":"https:\/\/abrhome.eu\/wp-content\/uploads\/2023\/12\/logo-10.png","contentUrl":"https:\/\/abrhome.eu\/wp-content\/uploads\/2023\/12\/logo-10.png","width":300,"height":139,"caption":"ABR Home - Metallic constructions since 2010"},"image":{"@id":"https:\/\/abrhome.eu\/#\/schema\/logo\/image\/"}}]}},"_links":{"self":[{"href":"https:\/\/abrhome.eu\/lv\/wp-json\/wp\/v2\/product\/10730","targetHints":{"allow":["GET"]}}],"collection":[{"href":"https:\/\/abrhome.eu\/lv\/wp-json\/wp\/v2\/product"}],"about":[{"href":"https:\/\/abrhome.eu\/lv\/wp-json\/wp\/v2\/types\/product"}],"version-history":[{"count":0,"href":"https:\/\/abrhome.eu\/lv\/wp-json\/wp\/v2\/product\/10730\/revisions"}],"wp:featuredmedia":[{"embeddable":true,"href":"https:\/\/abrhome.eu\/lv\/wp-json\/wp\/v2\/media\/3233"}],"wp:attachment":[{"href":"https:\/\/abrhome.eu\/lv\/wp-json\/wp\/v2\/media?parent=10730"}],"wp:term":[{"taxonomy":"product_cat","embeddable":true,"href":"https:\/\/abrhome.eu\/lv\/wp-json\/wp\/v2\/product_cat?post=10730"},{"taxonomy":"product_tag","embeddable":true,"href":"https:\/\/abrhome.eu\/lv\/wp-json\/wp\/v2\/product_tag?post=10730"}],"curies":[{"name":"wp","href":"https:\/\/api.w.org\/{rel}","templated":true}]}}