{"id":10828,"date":"2024-06-04T17:13:29","date_gmt":"2024-06-04T15:13:29","guid":{"rendered":"https:\/\/abrhome.eu\/product\/ara-noturigs-metala-un-policarbonata-nojume\/"},"modified":"2024-06-04T20:17:43","modified_gmt":"2024-06-04T18:17:43","slug":"ara-noturigs-metala-un-policarbonata-nojume","status":"publish","type":"product","link":"https:\/\/abrhome.eu\/lv\/product\/ara-noturigs-metala-un-policarbonata-nojume\/","title":{"rendered":"\u0100ra Notur\u012bgs Met\u0101la un Policarbon\u0101ta Nojume"},"content":{"rendered":"<p>M\u016bsu <b>\u0100ra Notur\u012bgs Met\u0101la un Policarbon\u0101ta Nojume<\/b> pied\u0101v\u0101 iztur\u012bgu risin\u0101jumu j\u016bsu \u0101ra patv\u0113ruma vajadz\u012bb\u0101m, apvienojot iztur\u012bbu ar m\u016bsdien\u012bgu est\u0113tiku. \u0160\u012bs nojumes r\u0101mis ir izgatavots no augstas kvalit\u0101tes <b>t\u0113rauda vai alum\u012bnija<\/b>, nodro\u0161inot konstrukcijas stabilit\u0101ti un iztur\u012bbu pret smagiem vides faktoriem.<\/p>\n<p>Jumts ir apr\u012bkots ar <b>policarbon\u0101ta<\/b> pane\u013ciem, kas pastiprin\u0101ti ar stikla \u0161\u0137iedr\u0101m, lai nodro\u0161in\u0101tu <b>UV aizsardz\u012bbu<\/b> un uzlabotu iztur\u012bbu. Detaliz\u0113ts katras sast\u0101vda\u013cas grie\u0161anas, liek\u0161anas un metin\u0101\u0161anas process nodro\u0161ina nevainojamu mont\u0101\u017eu. P\u0113c izgatavo\u0161anas uz virsmas tiek uzkl\u0101ta korozijas notur\u012bga p\u0101rkl\u0101juma sl\u0101nis, piem\u0113ram, cinko\u0161ana vai pulverkr\u0101so\u0161ana, kr\u0101s\u0101s k\u0101 Logu Pel\u0113ka vai T\u012bri Balta, kas palielina gan iztur\u012bbu, gan est\u0113tisko pievilc\u012bbu.<\/p>\n<p>Izstr\u0101d\u0101ta, lai pied\u0101v\u0101tu b\u016btisku aizsardz\u012bbu pret da\u017e\u0101diem laika apst\u0101k\u013ciem, \u0161\u012b <b>met\u0101la nojume<\/b> ir ide\u0101la uzst\u0101d\u012b\u0161anai p\u0101r teras\u0113m, kl\u0101jiem vai ieejas zon\u0101m, nodro\u0161inot \u0113rtu un aizsarg\u0101tu \u0101ra telpu.<\/p>\n<p> <div class=\"p2410-product-tags\" style=\"margin:1rem 0\">\r\n\t\t<div style=\"font-weight:600\">Tagi<\/div>\r\n\t\t<div><a href=\"https:\/\/abrhome.eu\/lv\/product-tag\/ara-markize\/\" class=\"product-tag\">\u0101ra mark\u012bze<\/a>, <a href=\"https:\/\/abrhome.eu\/lv\/product-tag\/ilgtspejigs-ara-patverums\/\" class=\"product-tag\">ilgtsp\u0113j\u012bgs \u0101ra patv\u0113rums<\/a>, <a href=\"https:\/\/abrhome.eu\/lv\/product-tag\/metala-nojume\/\" class=\"product-tag\">met\u0101la nojume<\/a>, <a href=\"https:\/\/abrhome.eu\/lv\/product-tag\/noturigs-ara-vairogs\/\" class=\"product-tag\">notur\u012bgs \u0101ra vairogs<\/a>, <a href=\"https:\/\/abrhome.eu\/lv\/product-tag\/uv-izturiga-nojume\/\" class=\"product-tag\">UV iztur\u012bga nojume<\/a><\/div>\r\n\t<\/div> <div class=\"p2410-product-colors\" style=\"margin:1rem 0\">\r\n\t\t<div style=\"font-weight:600\">Kr\u0101sa<\/div>\r\n\t\t<div><span>RAL 1023 Satiksmes dzeltens (Dzeltens)<\/span>, <span>RAL 1036 P\u0113r\u013cu zelts (Zelts)<\/span>, <span>RAL 2004 T\u012bri oran\u017es (Oran\u017es)<\/span>, <span>RAL 3000 Uguns sarkans (Sarkans)<\/span>, <span>RAL 3020 Satiksmes sarkans (Sarkans)<\/span>, <span>RAL 4005 Zil\u0101 lilija (Violets)<\/span>, <span>RAL 5005 Sign\u0101la zils (Zils)<\/span>, <span>RAL 5010 Dzintarkr\u0101sas zils (Zils)<\/span>, <span>RAL 6005 S\u016bnu za\u013c\u0161 (Za\u013c\u0161)<\/span>, <span>RAL 7012 Bazalta pel\u0113ks (Pel\u0113ks)<\/span>, <span>RAL 7015 Sl\u0101nek\u013ca pel\u0113ks (Pel\u0113ks)<\/span>, <span>RAL 7016 Antrac\u012bta pel\u0113ks (Pel\u0113ks)<\/span>, <span>RAL 7021 Melni pel\u0113ks (Melns)<\/span>, <span>RAL 7024 Graf\u012bta pel\u0113ks (Pel\u0113ks)<\/span>, <span>RAL 7032 O\u013cu pel\u0113ks (Pel\u0113ks)<\/span>, <span>RAL 7035 Gai\u0161i pel\u0113ks (Pel\u0113ks)<\/span>, <span>RAL 7040 Logu pel\u0113ks (Pel\u0113ks)<\/span>, <span>RAL 7042 Satiksmes pel\u0113ks A (Pel\u0113ks)<\/span>, <span>RAL 8017 \u0160okol\u0101des br\u016bns (Br\u016bns)<\/span>, <span>RAL 9005 Melns ogle (Melns)<\/span>, <span>RAL 9006 Baltais alum\u012bnijs (Sudrabs)<\/span>, <span>RAL 9007 Pel\u0113kais alum\u012bnijs (Sudrabs)<\/span>, <span>RAL 9010 T\u012bri balts (Balts)<\/span>, <span>RAL 9016 Satiksmes balts (Balts)<\/span><\/div>\r\n\t<\/div><\/p>\n","protected":false},"excerpt":{"rendered":"<p>Atkl\u0101jiet <b>\u0100ra Notur\u012bgs Met\u0101la un Policarbon\u0101ta Nojume<\/b>, izcilu iztur\u012bbas un stila kombin\u0101ciju, ide\u0101li piem\u0113rotu \u0101ra zonu uzlabo\u0161anai. Izgatavots no <b>t\u0113rauda<\/b> vai <b>alum\u012bnija<\/b> ar <b>policarbon\u0101ta<\/b> un \u0161\u0137iedru pastiprin\u0101tu jumtu, tas pied\u0101v\u0101 teicamu <b>UV un laika apst\u0101k\u013cu iztur\u012bbu<\/b>.<\/p>\n","protected":false},"featured_media":3338,"template":"","meta":[],"product_cat":[26700],"product_tag":[5543,5378,5642,5257,5654],"class_list":{"0":"post-10828","1":"product","2":"type-product","3":"status-publish","4":"has-post-thumbnail","6":"product_cat-majas-konstrukcijas-nojumes","7":"product_tag-ara-markize","8":"product_tag-ilgtspejigs-ara-patverums","9":"product_tag-metala-nojume","10":"product_tag-noturigs-ara-vairogs","11":"product_tag-uv-izturiga-nojume","13":"first","14":"instock","15":"shipping-taxable","16":"product-type-simple"},"yoast_head":"<!-- This site is optimized with the Yoast SEO plugin v23.1 - https:\/\/yoast.com\/wordpress\/plugins\/seo\/ -->\n<title>\u0100ra Notur\u012bgs Met\u0101la un Policarbon\u0101ta Nojume - ABR Home - Metallic constructions since 2010<\/title>\n<meta name=\"robots\" content=\"index, follow, max-snippet:-1, max-image-preview:large, max-video-preview:-1\" \/>\n<link rel=\"canonical\" href=\"https:\/\/abrhome.eu\/product\/outdoor-weatherproof-metal-polycarbonate-canopy\/\" \/>\n<meta property=\"og:locale\" content=\"lv_LV\" \/>\n<meta property=\"og:type\" content=\"article\" \/>\n<meta property=\"og:title\" content=\"\u0100ra Notur\u012bgs Met\u0101la un Policarbon\u0101ta Nojume - ABR Home - Metallic constructions since 2010\" \/>\n<meta property=\"og:description\" content=\"Atkl\u0101jiet \u0100ra Notur\u012bgs Met\u0101la un Policarbon\u0101ta Nojume, izcilu iztur\u012bbas un stila kombin\u0101ciju, ide\u0101li piem\u0113rotu \u0101ra zonu uzlabo\u0161anai. Izgatavots no t\u0113rauda vai alum\u012bnija ar policarbon\u0101ta un \u0161\u0137iedru pastiprin\u0101tu jumtu, tas pied\u0101v\u0101 teicamu UV un laika apst\u0101k\u013cu iztur\u012bbu.\" \/>\n<meta property=\"og:url\" content=\"https:\/\/abrhome.eu\/product\/outdoor-weatherproof-metal-polycarbonate-canopy\/\" \/>\n<meta property=\"og:site_name\" content=\"ABR Home - Metallic constructions since 2010\" \/>\n<meta property=\"article:modified_time\" content=\"2024-06-04T18:17:43+00:00\" \/>\n<meta property=\"og:image\" content=\"https:\/\/abrhome.eu\/wp-content\/uploads\/2024\/06\/nojumes-progresa3-scaled.jpg\" \/>\n\t<meta property=\"og:image:width\" content=\"1920\" \/>\n\t<meta property=\"og:image:height\" content=\"2560\" \/>\n\t<meta property=\"og:image:type\" content=\"image\/jpeg\" \/>\n<meta name=\"twitter:card\" content=\"summary_large_image\" \/>\n<meta name=\"twitter:label1\" content=\"Est. reading time\" \/>\n\t<meta name=\"twitter:data1\" content=\"1 minute\" \/>\n<script type=\"application\/ld+json\" class=\"yoast-schema-graph\">{\"@context\":\"https:\/\/schema.org\",\"@graph\":[{\"@type\":\"WebPage\",\"@id\":\"https:\/\/abrhome.eu\/product\/outdoor-weatherproof-metal-polycarbonate-canopy\/\",\"url\":\"https:\/\/abrhome.eu\/product\/outdoor-weatherproof-metal-polycarbonate-canopy\/\",\"name\":\"\u0100ra Notur\u012bgs Met\u0101la un Policarbon\u0101ta Nojume - ABR Home - Metallic constructions since 2010\",\"isPartOf\":{\"@id\":\"https:\/\/abrhome.eu\/#website\"},\"primaryImageOfPage\":{\"@id\":\"https:\/\/abrhome.eu\/product\/outdoor-weatherproof-metal-polycarbonate-canopy\/#primaryimage\"},\"image\":{\"@id\":\"https:\/\/abrhome.eu\/product\/outdoor-weatherproof-metal-polycarbonate-canopy\/#primaryimage\"},\"thumbnailUrl\":\"https:\/\/abrhome.eu\/wp-content\/uploads\/2024\/06\/nojumes-progresa3-scaled.jpg\",\"datePublished\":\"2024-06-04T15:13:29+00:00\",\"dateModified\":\"2024-06-04T18:17:43+00:00\",\"breadcrumb\":{\"@id\":\"https:\/\/abrhome.eu\/product\/outdoor-weatherproof-metal-polycarbonate-canopy\/#breadcrumb\"},\"inLanguage\":\"lv-LV\",\"potentialAction\":[{\"@type\":\"ReadAction\",\"target\":[\"https:\/\/abrhome.eu\/product\/outdoor-weatherproof-metal-polycarbonate-canopy\/\"]}]},{\"@type\":\"ImageObject\",\"inLanguage\":\"lv-LV\",\"@id\":\"https:\/\/abrhome.eu\/product\/outdoor-weatherproof-metal-polycarbonate-canopy\/#primaryimage\",\"url\":\"https:\/\/abrhome.eu\/wp-content\/uploads\/2024\/06\/nojumes-progresa3-scaled.jpg\",\"contentUrl\":\"https:\/\/abrhome.eu\/wp-content\/uploads\/2024\/06\/nojumes-progresa3-scaled.jpg\",\"width\":1920,\"height\":2560,\"caption\":\"Ulkok\u00e4ytt\u00f6\u00f6n Soveltuva S\u00e4\u00e4nkest\u00e4v\u00e4 Metalli- ja Polykarbonaattikatos\"},{\"@type\":\"BreadcrumbList\",\"@id\":\"https:\/\/abrhome.eu\/product\/outdoor-weatherproof-metal-polycarbonate-canopy\/#breadcrumb\",\"itemListElement\":[{\"@type\":\"ListItem\",\"position\":1,\"name\":\"Home\",\"item\":\"https:\/\/abrhome.eu\/lv\/\"},{\"@type\":\"ListItem\",\"position\":2,\"name\":\"Produkti\",\"item\":\"https:\/\/abrhome.eu\/lv\/produkti\/\"},{\"@type\":\"ListItem\",\"position\":3,\"name\":\"\u0100ra Notur\u012bgs Met\u0101la un Policarbon\u0101ta Nojume\"}]},{\"@type\":\"WebSite\",\"@id\":\"https:\/\/abrhome.eu\/#website\",\"url\":\"https:\/\/abrhome.eu\/\",\"name\":\"ABR Home - Metallic constructions since 2010\",\"description\":\"\",\"publisher\":{\"@id\":\"https:\/\/abrhome.eu\/#organization\"},\"potentialAction\":[{\"@type\":\"SearchAction\",\"target\":{\"@type\":\"EntryPoint\",\"urlTemplate\":\"https:\/\/abrhome.eu\/?s={search_term_string}\"},\"query-input\":\"required name=search_term_string\"}],\"inLanguage\":\"lv-LV\"},{\"@type\":\"Organization\",\"@id\":\"https:\/\/abrhome.eu\/#organization\",\"name\":\"ABR Home - Metallic constructions since 2010\",\"url\":\"https:\/\/abrhome.eu\/\",\"logo\":{\"@type\":\"ImageObject\",\"inLanguage\":\"lv-LV\",\"@id\":\"https:\/\/abrhome.eu\/#\/schema\/logo\/image\/\",\"url\":\"https:\/\/abrhome.eu\/wp-content\/uploads\/2023\/12\/logo-10.png\",\"contentUrl\":\"https:\/\/abrhome.eu\/wp-content\/uploads\/2023\/12\/logo-10.png\",\"width\":300,\"height\":139,\"caption\":\"ABR Home - Metallic constructions since 2010\"},\"image\":{\"@id\":\"https:\/\/abrhome.eu\/#\/schema\/logo\/image\/\"}}]}<\/script>\n<!-- \/ Yoast SEO plugin. -->","yoast_head_json":{"title":"\u0100ra Notur\u012bgs Met\u0101la un Policarbon\u0101ta Nojume - ABR Home - Metallic constructions since 2010","robots":{"index":"index","follow":"follow","max-snippet":"max-snippet:-1","max-image-preview":"max-image-preview:large","max-video-preview":"max-video-preview:-1"},"canonical":"https:\/\/abrhome.eu\/product\/outdoor-weatherproof-metal-polycarbonate-canopy\/","og_locale":"lv_LV","og_type":"article","og_title":"\u0100ra Notur\u012bgs Met\u0101la un Policarbon\u0101ta Nojume - ABR Home - Metallic constructions since 2010","og_description":"Atkl\u0101jiet \u0100ra Notur\u012bgs Met\u0101la un Policarbon\u0101ta Nojume, izcilu iztur\u012bbas un stila kombin\u0101ciju, ide\u0101li piem\u0113rotu \u0101ra zonu uzlabo\u0161anai. Izgatavots no t\u0113rauda vai alum\u012bnija ar policarbon\u0101ta un \u0161\u0137iedru pastiprin\u0101tu jumtu, tas pied\u0101v\u0101 teicamu UV un laika apst\u0101k\u013cu iztur\u012bbu.","og_url":"https:\/\/abrhome.eu\/product\/outdoor-weatherproof-metal-polycarbonate-canopy\/","og_site_name":"ABR Home - Metallic constructions since 2010","article_modified_time":"2024-06-04T18:17:43+00:00","og_image":[{"width":1920,"height":2560,"url":"https:\/\/abrhome.eu\/wp-content\/uploads\/2024\/06\/nojumes-progresa3-scaled.jpg","type":"image\/jpeg"}],"twitter_card":"summary_large_image","twitter_misc":{"Est. reading time":"1 minute"},"schema":{"@context":"https:\/\/schema.org","@graph":[{"@type":"WebPage","@id":"https:\/\/abrhome.eu\/product\/outdoor-weatherproof-metal-polycarbonate-canopy\/","url":"https:\/\/abrhome.eu\/product\/outdoor-weatherproof-metal-polycarbonate-canopy\/","name":"\u0100ra Notur\u012bgs Met\u0101la un Policarbon\u0101ta Nojume - ABR Home - Metallic constructions since 2010","isPartOf":{"@id":"https:\/\/abrhome.eu\/#website"},"primaryImageOfPage":{"@id":"https:\/\/abrhome.eu\/product\/outdoor-weatherproof-metal-polycarbonate-canopy\/#primaryimage"},"image":{"@id":"https:\/\/abrhome.eu\/product\/outdoor-weatherproof-metal-polycarbonate-canopy\/#primaryimage"},"thumbnailUrl":"https:\/\/abrhome.eu\/wp-content\/uploads\/2024\/06\/nojumes-progresa3-scaled.jpg","datePublished":"2024-06-04T15:13:29+00:00","dateModified":"2024-06-04T18:17:43+00:00","breadcrumb":{"@id":"https:\/\/abrhome.eu\/product\/outdoor-weatherproof-metal-polycarbonate-canopy\/#breadcrumb"},"inLanguage":"lv-LV","potentialAction":[{"@type":"ReadAction","target":["https:\/\/abrhome.eu\/product\/outdoor-weatherproof-metal-polycarbonate-canopy\/"]}]},{"@type":"ImageObject","inLanguage":"lv-LV","@id":"https:\/\/abrhome.eu\/product\/outdoor-weatherproof-metal-polycarbonate-canopy\/#primaryimage","url":"https:\/\/abrhome.eu\/wp-content\/uploads\/2024\/06\/nojumes-progresa3-scaled.jpg","contentUrl":"https:\/\/abrhome.eu\/wp-content\/uploads\/2024\/06\/nojumes-progresa3-scaled.jpg","width":1920,"height":2560,"caption":"Ulkok\u00e4ytt\u00f6\u00f6n Soveltuva S\u00e4\u00e4nkest\u00e4v\u00e4 Metalli- ja Polykarbonaattikatos"},{"@type":"BreadcrumbList","@id":"https:\/\/abrhome.eu\/product\/outdoor-weatherproof-metal-polycarbonate-canopy\/#breadcrumb","itemListElement":[{"@type":"ListItem","position":1,"name":"Home","item":"https:\/\/abrhome.eu\/lv\/"},{"@type":"ListItem","position":2,"name":"Produkti","item":"https:\/\/abrhome.eu\/lv\/produkti\/"},{"@type":"ListItem","position":3,"name":"\u0100ra Notur\u012bgs Met\u0101la un Policarbon\u0101ta Nojume"}]},{"@type":"WebSite","@id":"https:\/\/abrhome.eu\/#website","url":"https:\/\/abrhome.eu\/","name":"ABR Home - Metallic constructions since 2010","description":"","publisher":{"@id":"https:\/\/abrhome.eu\/#organization"},"potentialAction":[{"@type":"SearchAction","target":{"@type":"EntryPoint","urlTemplate":"https:\/\/abrhome.eu\/?s={search_term_string}"},"query-input":"required name=search_term_string"}],"inLanguage":"lv-LV"},{"@type":"Organization","@id":"https:\/\/abrhome.eu\/#organization","name":"ABR Home - Metallic constructions since 2010","url":"https:\/\/abrhome.eu\/","logo":{"@type":"ImageObject","inLanguage":"lv-LV","@id":"https:\/\/abrhome.eu\/#\/schema\/logo\/image\/","url":"https:\/\/abrhome.eu\/wp-content\/uploads\/2023\/12\/logo-10.png","contentUrl":"https:\/\/abrhome.eu\/wp-content\/uploads\/2023\/12\/logo-10.png","width":300,"height":139,"caption":"ABR Home - Metallic constructions since 2010"},"image":{"@id":"https:\/\/abrhome.eu\/#\/schema\/logo\/image\/"}}]}},"_links":{"self":[{"href":"https:\/\/abrhome.eu\/lv\/wp-json\/wp\/v2\/product\/10828","targetHints":{"allow":["GET"]}}],"collection":[{"href":"https:\/\/abrhome.eu\/lv\/wp-json\/wp\/v2\/product"}],"about":[{"href":"https:\/\/abrhome.eu\/lv\/wp-json\/wp\/v2\/types\/product"}],"version-history":[{"count":0,"href":"https:\/\/abrhome.eu\/lv\/wp-json\/wp\/v2\/product\/10828\/revisions"}],"wp:featuredmedia":[{"embeddable":true,"href":"https:\/\/abrhome.eu\/lv\/wp-json\/wp\/v2\/media\/3338"}],"wp:attachment":[{"href":"https:\/\/abrhome.eu\/lv\/wp-json\/wp\/v2\/media?parent=10828"}],"wp:term":[{"taxonomy":"product_cat","embeddable":true,"href":"https:\/\/abrhome.eu\/lv\/wp-json\/wp\/v2\/product_cat?post=10828"},{"taxonomy":"product_tag","embeddable":true,"href":"https:\/\/abrhome.eu\/lv\/wp-json\/wp\/v2\/product_tag?post=10828"}],"curies":[{"name":"wp","href":"https:\/\/api.w.org\/{rel}","templated":true}]}}