{"id":11290,"date":"2024-06-04T17:15:09","date_gmt":"2024-06-04T15:15:09","guid":{"rendered":"https:\/\/abrhome.eu\/product\/divverinu-metala-varti-ar-caurumiem\/"},"modified":"2024-06-04T21:16:39","modified_gmt":"2024-06-04T19:16:39","slug":"divverinu-metala-varti-ar-caurumiem","status":"publish","type":"product","link":"https:\/\/abrhome.eu\/lv\/product\/divverinu-metala-varti-ar-caurumiem\/","title":{"rendered":"Divv\u0113r\u012b\u0146u Met\u0101la V\u0101rti ar Caurumiem"},"content":{"rendered":"<p>Uzlabojiet savas priv\u0101t\u0101s vai komerci\u0101l\u0101s \u012bpa\u0161uma dro\u0161\u012bbu un vizu\u0101lo pievilc\u012bbu ar m\u016bsu <b>Divv\u0113r\u012b\u0146u Met\u0101la V\u0101rtiem ar Caurumiem<\/b>. Izgatavoti no augstas kvalit\u0101tes t\u0113rauda, \u0161ie v\u0101rti ir izstr\u0101d\u0101ti ar iztur\u012bgu r\u0101mi un r\u016bp\u012bgi izstr\u0101d\u0101tiem perfor\u0113tiem pane\u013ciem. Dizains nodro\u0161ina gan priv\u0101tumu, gan m\u016bsdien\u012bgu izskatu, kas piem\u0113rots da\u017e\u0101diem ieejas ce\u013ciem.<\/p>\n<p>V\u0101rti ir projekt\u0113ti ar precizit\u0101ti. Dizaina f\u0101ze ietver r\u016bp\u012bgas grie\u0161anas, fr\u0113z\u0113\u0161anas un metin\u0101\u0161anas darb\u012bbas, lai nodro\u0161in\u0101tu iztur\u012bgu mont\u0101\u017eu. Perfor\u0101cijas raksts izmanto modernu caurdur\u0161anas tehnolo\u0123iju, uzsverot unik\u0101lu vizu\u0101lo \u0161armu. Izteiksm\u012bga mat\u0113ta melna pulverkr\u0101sa, \u012bpa\u0161i <b>RAL 9005 (Jet Black)<\/b>, paaugstina iztur\u012bbu pret nelabv\u0113l\u012bgiem laika apst\u0101k\u013ciem, ilgsto\u0161i saglab\u0101jot eleganto izskatu.<\/p>\n<p>Apm\u0113ram 2 l\u012bdz 2,5 metru augstum\u0101 un aptuveni 3 l\u012bdz 4 metru platum\u0101, v\u0101rti ir ide\u0101li piem\u0113roti da\u017e\u0101d\u0101m lietojum\u0101m. Uzst\u0101d\u012b\u0161ana ir vienk\u0101r\u0161a, ar e\u0146\u0123\u0113m, kas paredz\u0113tas dro\u0161ai piestiprin\u0101\u0161anai pie stabiem vai sien\u0101m, nodro\u0161inot vienm\u0113r\u012bgu darb\u012bbu un izl\u012bdzin\u0101\u0161anu. T\u0101 ir ide\u0101la izv\u0113le tiem, kas mekl\u0113 <b>t\u0113rauda dro\u0161\u012bbas v\u0101rtus<\/b> vai <b>komerci\u0101lus met\u0101la v\u0101rtus<\/b> ar at\u0161\u0137ir\u012bgu <b>divv\u0113r\u012b\u0146u v\u0101rtu dizainu<\/b>.<\/p>\n<p> <div class=\"p2410-product-tags\" style=\"margin:1rem 0\">\r\n\t\t<div style=\"font-weight:600\">Tagi<\/div>\r\n\t\t<div><a href=\"https:\/\/abrhome.eu\/lv\/product-tag\/divverinu-vartu-dizains\/\" class=\"product-tag\">divv\u0113r\u012b\u0146u v\u0101rtu dizains<\/a>, <a href=\"https:\/\/abrhome.eu\/lv\/product-tag\/komerciali-metala-varti\/\" class=\"product-tag\">komerci\u0101li met\u0101la v\u0101rti<\/a>, <a href=\"https:\/\/abrhome.eu\/lv\/product-tag\/perforeti-metala-varti\/\" class=\"product-tag\">perfor\u0113ti met\u0101la v\u0101rti<\/a>, <a href=\"https:\/\/abrhome.eu\/lv\/product-tag\/ral-9005-melni-varti\/\" class=\"product-tag\">RAL 9005 melni v\u0101rti<\/a>, <a href=\"https:\/\/abrhome.eu\/lv\/product-tag\/terauda-drosibas-varti\/\" class=\"product-tag\">t\u0113rauda dro\u0161\u012bbas v\u0101rti<\/a><\/div>\r\n\t<\/div> <div class=\"p2410-product-colors\" style=\"margin:1rem 0\">\r\n\t\t<div style=\"font-weight:600\">Kr\u0101sa<\/div>\r\n\t\t<div><span>RAL 1023 Satiksmes dzeltens (Dzeltens)<\/span>, <span>RAL 1036 P\u0113r\u013cu zelts (Zelts)<\/span>, <span>RAL 2004 T\u012bri oran\u017es (Oran\u017es)<\/span>, <span>RAL 3000 Uguns sarkans (Sarkans)<\/span>, <span>RAL 3020 Satiksmes sarkans (Sarkans)<\/span>, <span>RAL 4005 Zil\u0101 lilija (Violets)<\/span>, <span>RAL 5005 Sign\u0101la zils (Zils)<\/span>, <span>RAL 5010 Dzintarkr\u0101sas zils (Zils)<\/span>, <span>RAL 6005 S\u016bnu za\u013c\u0161 (Za\u013c\u0161)<\/span>, <span>RAL 7012 Bazalta pel\u0113ks (Pel\u0113ks)<\/span>, <span>RAL 7015 Sl\u0101nek\u013ca pel\u0113ks (Pel\u0113ks)<\/span>, <span>RAL 7016 Antrac\u012bta pel\u0113ks (Pel\u0113ks)<\/span>, <span>RAL 7021 Melni pel\u0113ks (Melns)<\/span>, <span>RAL 7024 Graf\u012bta pel\u0113ks (Pel\u0113ks)<\/span>, <span>RAL 7032 O\u013cu pel\u0113ks (Pel\u0113ks)<\/span>, <span>RAL 7035 Gai\u0161i pel\u0113ks (Pel\u0113ks)<\/span>, <span>RAL 7040 Logu pel\u0113ks (Pel\u0113ks)<\/span>, <span>RAL 7042 Satiksmes pel\u0113ks A (Pel\u0113ks)<\/span>, <span>RAL 8017 \u0160okol\u0101des br\u016bns (Br\u016bns)<\/span>, <span>RAL 9005 Melns ogle (Melns)<\/span>, <span>RAL 9006 Baltais alum\u012bnijs (Sudrabs)<\/span>, <span>RAL 9007 Pel\u0113kais alum\u012bnijs (Sudrabs)<\/span>, <span>RAL 9010 T\u012bri balts (Balts)<\/span>, <span>RAL 9016 Satiksmes balts (Balts)<\/span><\/div>\r\n\t<\/div><\/p>\n","protected":false},"excerpt":{"rendered":"<p>Iepaz\u012bstieties ar iztur\u012bgiem <b>Divv\u0113r\u012b\u0146u Met\u0101la V\u0101rtiem ar Caurumiem<\/b>, kas izgatavoti no augstas kvalit\u0101tes t\u0113rauda un pied\u0101v\u0101 m\u016bsdien\u012bgu perfor\u0113tu dizainu ar mat\u0113tu <b>RAL 9005 melnu<\/b> apdari. Ide\u0101li piem\u0113roti dro\u0161\u012bbas un vizu\u0101l\u0101s pievilc\u012bbas uzlabo\u0161anai da\u017e\u0101d\u0101s telp\u0101s.<\/p>\n","protected":false},"featured_media":4208,"template":"","meta":[],"product_cat":[26672],"product_tag":[7867,7853,7839,7881,7769],"class_list":{"0":"post-11290","1":"product","2":"type-product","3":"status-publish","4":"has-post-thumbnail","6":"product_cat-varti-un-barjeras-zogi-un-varti","7":"product_tag-divverinu-vartu-dizains","8":"product_tag-komerciali-metala-varti","9":"product_tag-perforeti-metala-varti","10":"product_tag-ral-9005-melni-varti","11":"product_tag-terauda-drosibas-varti","13":"first","14":"instock","15":"shipping-taxable","16":"product-type-simple"},"yoast_head":"<!-- This site is optimized with the Yoast SEO plugin v23.1 - https:\/\/yoast.com\/wordpress\/plugins\/seo\/ -->\n<title>Divv\u0113r\u012b\u0146u Met\u0101la V\u0101rti ar Caurumiem - ABR Home - Metallic constructions since 2010<\/title>\n<meta name=\"robots\" content=\"index, follow, max-snippet:-1, max-image-preview:large, max-video-preview:-1\" \/>\n<link rel=\"canonical\" href=\"https:\/\/abrhome.eu\/product\/double-leaf-perforated-metal-gate\/\" \/>\n<meta property=\"og:locale\" content=\"lv_LV\" \/>\n<meta property=\"og:type\" content=\"article\" \/>\n<meta property=\"og:title\" content=\"Divv\u0113r\u012b\u0146u Met\u0101la V\u0101rti ar Caurumiem - ABR Home - Metallic constructions since 2010\" \/>\n<meta property=\"og:description\" content=\"Iepaz\u012bstieties ar iztur\u012bgiem Divv\u0113r\u012b\u0146u Met\u0101la V\u0101rtiem ar Caurumiem, kas izgatavoti no augstas kvalit\u0101tes t\u0113rauda un pied\u0101v\u0101 m\u016bsdien\u012bgu perfor\u0113tu dizainu ar mat\u0113tu RAL 9005 melnu apdari. Ide\u0101li piem\u0113roti dro\u0161\u012bbas un vizu\u0101l\u0101s pievilc\u012bbas uzlabo\u0161anai da\u017e\u0101d\u0101s telp\u0101s.\" \/>\n<meta property=\"og:url\" content=\"https:\/\/abrhome.eu\/product\/double-leaf-perforated-metal-gate\/\" \/>\n<meta property=\"og:site_name\" content=\"ABR Home - Metallic constructions since 2010\" \/>\n<meta property=\"article:modified_time\" content=\"2024-06-04T19:16:39+00:00\" \/>\n<meta property=\"og:image\" content=\"https:\/\/abrhome.eu\/wp-content\/uploads\/2024\/06\/IMG-20220226-WA0000.jpg\" \/>\n\t<meta property=\"og:image:width\" content=\"1600\" \/>\n\t<meta property=\"og:image:height\" content=\"1200\" \/>\n\t<meta property=\"og:image:type\" content=\"image\/jpeg\" \/>\n<meta name=\"twitter:card\" content=\"summary_large_image\" \/>\n<meta name=\"twitter:label1\" content=\"Est. reading time\" \/>\n\t<meta name=\"twitter:data1\" content=\"1 minute\" \/>\n<script type=\"application\/ld+json\" class=\"yoast-schema-graph\">{\"@context\":\"https:\/\/schema.org\",\"@graph\":[{\"@type\":\"WebPage\",\"@id\":\"https:\/\/abrhome.eu\/product\/double-leaf-perforated-metal-gate\/\",\"url\":\"https:\/\/abrhome.eu\/product\/double-leaf-perforated-metal-gate\/\",\"name\":\"Divv\u0113r\u012b\u0146u Met\u0101la V\u0101rti ar Caurumiem - ABR Home - Metallic constructions since 2010\",\"isPartOf\":{\"@id\":\"https:\/\/abrhome.eu\/#website\"},\"primaryImageOfPage\":{\"@id\":\"https:\/\/abrhome.eu\/product\/double-leaf-perforated-metal-gate\/#primaryimage\"},\"image\":{\"@id\":\"https:\/\/abrhome.eu\/product\/double-leaf-perforated-metal-gate\/#primaryimage\"},\"thumbnailUrl\":\"https:\/\/abrhome.eu\/wp-content\/uploads\/2024\/06\/IMG-20220226-WA0000.jpg\",\"datePublished\":\"2024-06-04T15:15:09+00:00\",\"dateModified\":\"2024-06-04T19:16:39+00:00\",\"breadcrumb\":{\"@id\":\"https:\/\/abrhome.eu\/product\/double-leaf-perforated-metal-gate\/#breadcrumb\"},\"inLanguage\":\"lv-LV\",\"potentialAction\":[{\"@type\":\"ReadAction\",\"target\":[\"https:\/\/abrhome.eu\/product\/double-leaf-perforated-metal-gate\/\"]}]},{\"@type\":\"ImageObject\",\"inLanguage\":\"lv-LV\",\"@id\":\"https:\/\/abrhome.eu\/product\/double-leaf-perforated-metal-gate\/#primaryimage\",\"url\":\"https:\/\/abrhome.eu\/wp-content\/uploads\/2024\/06\/IMG-20220226-WA0000.jpg\",\"contentUrl\":\"https:\/\/abrhome.eu\/wp-content\/uploads\/2024\/06\/IMG-20220226-WA0000.jpg\",\"width\":1600,\"height\":1200,\"caption\":\"Kaksilehtinen Reik\u00e4metalliportti\"},{\"@type\":\"BreadcrumbList\",\"@id\":\"https:\/\/abrhome.eu\/product\/double-leaf-perforated-metal-gate\/#breadcrumb\",\"itemListElement\":[{\"@type\":\"ListItem\",\"position\":1,\"name\":\"Home\",\"item\":\"https:\/\/abrhome.eu\/lv\/\"},{\"@type\":\"ListItem\",\"position\":2,\"name\":\"Produkti\",\"item\":\"https:\/\/abrhome.eu\/lv\/produkti\/\"},{\"@type\":\"ListItem\",\"position\":3,\"name\":\"Divv\u0113r\u012b\u0146u Met\u0101la V\u0101rti ar Caurumiem\"}]},{\"@type\":\"WebSite\",\"@id\":\"https:\/\/abrhome.eu\/#website\",\"url\":\"https:\/\/abrhome.eu\/\",\"name\":\"ABR Home - Metallic constructions since 2010\",\"description\":\"\",\"publisher\":{\"@id\":\"https:\/\/abrhome.eu\/#organization\"},\"potentialAction\":[{\"@type\":\"SearchAction\",\"target\":{\"@type\":\"EntryPoint\",\"urlTemplate\":\"https:\/\/abrhome.eu\/?s={search_term_string}\"},\"query-input\":\"required name=search_term_string\"}],\"inLanguage\":\"lv-LV\"},{\"@type\":\"Organization\",\"@id\":\"https:\/\/abrhome.eu\/#organization\",\"name\":\"ABR Home - Metallic constructions since 2010\",\"url\":\"https:\/\/abrhome.eu\/\",\"logo\":{\"@type\":\"ImageObject\",\"inLanguage\":\"lv-LV\",\"@id\":\"https:\/\/abrhome.eu\/#\/schema\/logo\/image\/\",\"url\":\"https:\/\/abrhome.eu\/wp-content\/uploads\/2023\/12\/logo-10.png\",\"contentUrl\":\"https:\/\/abrhome.eu\/wp-content\/uploads\/2023\/12\/logo-10.png\",\"width\":300,\"height\":139,\"caption\":\"ABR Home - Metallic constructions since 2010\"},\"image\":{\"@id\":\"https:\/\/abrhome.eu\/#\/schema\/logo\/image\/\"}}]}<\/script>\n<!-- \/ Yoast SEO plugin. -->","yoast_head_json":{"title":"Divv\u0113r\u012b\u0146u Met\u0101la V\u0101rti ar Caurumiem - ABR Home - Metallic constructions since 2010","robots":{"index":"index","follow":"follow","max-snippet":"max-snippet:-1","max-image-preview":"max-image-preview:large","max-video-preview":"max-video-preview:-1"},"canonical":"https:\/\/abrhome.eu\/product\/double-leaf-perforated-metal-gate\/","og_locale":"lv_LV","og_type":"article","og_title":"Divv\u0113r\u012b\u0146u Met\u0101la V\u0101rti ar Caurumiem - ABR Home - Metallic constructions since 2010","og_description":"Iepaz\u012bstieties ar iztur\u012bgiem Divv\u0113r\u012b\u0146u Met\u0101la V\u0101rtiem ar Caurumiem, kas izgatavoti no augstas kvalit\u0101tes t\u0113rauda un pied\u0101v\u0101 m\u016bsdien\u012bgu perfor\u0113tu dizainu ar mat\u0113tu RAL 9005 melnu apdari. Ide\u0101li piem\u0113roti dro\u0161\u012bbas un vizu\u0101l\u0101s pievilc\u012bbas uzlabo\u0161anai da\u017e\u0101d\u0101s telp\u0101s.","og_url":"https:\/\/abrhome.eu\/product\/double-leaf-perforated-metal-gate\/","og_site_name":"ABR Home - Metallic constructions since 2010","article_modified_time":"2024-06-04T19:16:39+00:00","og_image":[{"width":1600,"height":1200,"url":"https:\/\/abrhome.eu\/wp-content\/uploads\/2024\/06\/IMG-20220226-WA0000.jpg","type":"image\/jpeg"}],"twitter_card":"summary_large_image","twitter_misc":{"Est. reading time":"1 minute"},"schema":{"@context":"https:\/\/schema.org","@graph":[{"@type":"WebPage","@id":"https:\/\/abrhome.eu\/product\/double-leaf-perforated-metal-gate\/","url":"https:\/\/abrhome.eu\/product\/double-leaf-perforated-metal-gate\/","name":"Divv\u0113r\u012b\u0146u Met\u0101la V\u0101rti ar Caurumiem - ABR Home - Metallic constructions since 2010","isPartOf":{"@id":"https:\/\/abrhome.eu\/#website"},"primaryImageOfPage":{"@id":"https:\/\/abrhome.eu\/product\/double-leaf-perforated-metal-gate\/#primaryimage"},"image":{"@id":"https:\/\/abrhome.eu\/product\/double-leaf-perforated-metal-gate\/#primaryimage"},"thumbnailUrl":"https:\/\/abrhome.eu\/wp-content\/uploads\/2024\/06\/IMG-20220226-WA0000.jpg","datePublished":"2024-06-04T15:15:09+00:00","dateModified":"2024-06-04T19:16:39+00:00","breadcrumb":{"@id":"https:\/\/abrhome.eu\/product\/double-leaf-perforated-metal-gate\/#breadcrumb"},"inLanguage":"lv-LV","potentialAction":[{"@type":"ReadAction","target":["https:\/\/abrhome.eu\/product\/double-leaf-perforated-metal-gate\/"]}]},{"@type":"ImageObject","inLanguage":"lv-LV","@id":"https:\/\/abrhome.eu\/product\/double-leaf-perforated-metal-gate\/#primaryimage","url":"https:\/\/abrhome.eu\/wp-content\/uploads\/2024\/06\/IMG-20220226-WA0000.jpg","contentUrl":"https:\/\/abrhome.eu\/wp-content\/uploads\/2024\/06\/IMG-20220226-WA0000.jpg","width":1600,"height":1200,"caption":"Kaksilehtinen Reik\u00e4metalliportti"},{"@type":"BreadcrumbList","@id":"https:\/\/abrhome.eu\/product\/double-leaf-perforated-metal-gate\/#breadcrumb","itemListElement":[{"@type":"ListItem","position":1,"name":"Home","item":"https:\/\/abrhome.eu\/lv\/"},{"@type":"ListItem","position":2,"name":"Produkti","item":"https:\/\/abrhome.eu\/lv\/produkti\/"},{"@type":"ListItem","position":3,"name":"Divv\u0113r\u012b\u0146u Met\u0101la V\u0101rti ar Caurumiem"}]},{"@type":"WebSite","@id":"https:\/\/abrhome.eu\/#website","url":"https:\/\/abrhome.eu\/","name":"ABR Home - Metallic constructions since 2010","description":"","publisher":{"@id":"https:\/\/abrhome.eu\/#organization"},"potentialAction":[{"@type":"SearchAction","target":{"@type":"EntryPoint","urlTemplate":"https:\/\/abrhome.eu\/?s={search_term_string}"},"query-input":"required name=search_term_string"}],"inLanguage":"lv-LV"},{"@type":"Organization","@id":"https:\/\/abrhome.eu\/#organization","name":"ABR Home - Metallic constructions since 2010","url":"https:\/\/abrhome.eu\/","logo":{"@type":"ImageObject","inLanguage":"lv-LV","@id":"https:\/\/abrhome.eu\/#\/schema\/logo\/image\/","url":"https:\/\/abrhome.eu\/wp-content\/uploads\/2023\/12\/logo-10.png","contentUrl":"https:\/\/abrhome.eu\/wp-content\/uploads\/2023\/12\/logo-10.png","width":300,"height":139,"caption":"ABR Home - Metallic constructions since 2010"},"image":{"@id":"https:\/\/abrhome.eu\/#\/schema\/logo\/image\/"}}]}},"_links":{"self":[{"href":"https:\/\/abrhome.eu\/lv\/wp-json\/wp\/v2\/product\/11290","targetHints":{"allow":["GET"]}}],"collection":[{"href":"https:\/\/abrhome.eu\/lv\/wp-json\/wp\/v2\/product"}],"about":[{"href":"https:\/\/abrhome.eu\/lv\/wp-json\/wp\/v2\/types\/product"}],"version-history":[{"count":0,"href":"https:\/\/abrhome.eu\/lv\/wp-json\/wp\/v2\/product\/11290\/revisions"}],"wp:featuredmedia":[{"embeddable":true,"href":"https:\/\/abrhome.eu\/lv\/wp-json\/wp\/v2\/media\/4208"}],"wp:attachment":[{"href":"https:\/\/abrhome.eu\/lv\/wp-json\/wp\/v2\/media?parent=11290"}],"wp:term":[{"taxonomy":"product_cat","embeddable":true,"href":"https:\/\/abrhome.eu\/lv\/wp-json\/wp\/v2\/product_cat?post=11290"},{"taxonomy":"product_tag","embeddable":true,"href":"https:\/\/abrhome.eu\/lv\/wp-json\/wp\/v2\/product_tag?post=11290"}],"curies":[{"name":"wp","href":"https:\/\/api.w.org\/{rel}","templated":true}]}}