{"id":11638,"date":"2024-06-04T17:25:55","date_gmt":"2024-06-04T15:25:55","guid":{"rendered":"https:\/\/abrhome.eu\/product\/elegants-dekorativs-metalu-zoga-varti-2\/"},"modified":"2024-06-04T21:32:25","modified_gmt":"2024-06-04T19:32:25","slug":"elegants-dekorativs-metalu-zoga-varti-2","status":"publish","type":"product","link":"https:\/\/abrhome.eu\/lv\/product\/elegants-dekorativs-metalu-zoga-varti-2\/","title":{"rendered":"Elegants Dekorat\u012bvs Met\u0101la \u017doga V\u0101rti"},"content":{"rendered":"<p>Uzlabojiet sava \u012bpa\u0161uma pievilc\u012bbu un dro\u0161\u012bbu ar m\u016bsu <b>Elegants Dekorat\u012bvs Met\u0101la \u017doga V\u0101rti<\/b>. Izgatavoti ar precizit\u0101ti, \u0161ie v\u0101rti apvieno funkcionalit\u0101ti ar est\u0113tisko pievilc\u012bbu, padarot tos par ide\u0101lu izv\u0113li gan <b>dz\u012bvojamo \u012bpa\u0161umu met\u0101la v\u0101rtiem<\/b>, gan <b>komerci\u0101lo met\u0101la v\u0101rtu<\/b> vajadz\u012bb\u0101m. Izmantojot uzlabotu CAD programmat\u016bru, dizaina process nodro\u0161ina ne vien eleganci, bet ar\u012b augstu funkcionalit\u0101ti.<\/p>\n<p>V\u0101rti ir r\u016bp\u012bgi izgriezti un form\u0113ti met\u0101la stie\u0146i, kas metin\u0101ti stabila strukt\u016bras veid\u0101. Dekorat\u012bvie elementi, piem\u0113ram, akmena un arka mot\u012bvi, pie\u0161\u0137ir individu\u0101lu piesk\u0101rienu, uzlabojot kop\u0113jo vizu\u0101lo pievilc\u012bbu. P\u0113c mont\u0101\u017eas katrai v\u0101rtam tiek veikts apdares process, ieskaitot sl\u012bp\u0113\u0161anu, lai nodro\u0161in\u0101tu gludas malas, k\u0101 ar\u012b pied\u0101v\u0101jot pulverkr\u0101so\u0161anu vai cinko\u0161anu. \u0160\u012b apstr\u0101de nodro\u0161ina uzlabotu izskatu un noz\u012bm\u012bgu aizsardz\u012bbu pret koroziju, padarot tos par <b>laikapst\u0101k\u013ciem iztur\u012bgu met\u0101la v\u0101rtiem<\/b>.<\/p>\n<p>Parasti mont\u0113ti izmantojot e\u0146\u0123es uz stingr\u0101m balstiem, kas dro\u0161i iespiesti zem\u0113, \u0161ie v\u0101rti nodro\u0161ina gan stabilit\u0101ti, gan ilgtsp\u0113ju, atbilstot gan dro\u0161\u012bbas, gan est\u0113tikas pras\u012bb\u0101m.<\/p>\n<p> <div class=\"p2410-product-tags\" style=\"margin:1rem 0\">\r\n\t\t<div style=\"font-weight:600\">Tagi<\/div>\r\n\t\t<div><a href=\"https:\/\/abrhome.eu\/lv\/product-tag\/dekorativais-metala-varti\/\" class=\"product-tag\">dekorat\u012bvais met\u0101la v\u0101rti<\/a>, <a href=\"https:\/\/abrhome.eu\/lv\/product-tag\/komerciali-metala-varti\/\" class=\"product-tag\">komerci\u0101li met\u0101la v\u0101rti<\/a>, <a href=\"https:\/\/abrhome.eu\/lv\/product-tag\/laikapstakliem-izturigi-metala-varti\/\" class=\"product-tag\">laikapst\u0101k\u013ciem iztur\u012bgi met\u0101la v\u0101rti<\/a>, <a href=\"https:\/\/abrhome.eu\/lv\/product-tag\/metala-zoga-varti\/\" class=\"product-tag\">met\u0101la \u017eoga v\u0101rti<\/a>, <a href=\"https:\/\/abrhome.eu\/lv\/product-tag\/rezidencu-metala-varti\/\" class=\"product-tag\">Reziden\u010du Met\u0101la V\u0101rti<\/a><\/div>\r\n\t<\/div> <div class=\"p2410-product-colors\" style=\"margin:1rem 0\">\r\n\t\t<div style=\"font-weight:600\">Kr\u0101sa<\/div>\r\n\t\t<div><span>RAL 1023 Satiksmes dzeltens (Dzeltens)<\/span>, <span>RAL 1036 P\u0113r\u013cu zelts (Zelts)<\/span>, <span>RAL 2004 T\u012bri oran\u017es (Oran\u017es)<\/span>, <span>RAL 3000 Uguns sarkans (Sarkans)<\/span>, <span>RAL 3020 Satiksmes sarkans (Sarkans)<\/span>, <span>RAL 4005 Zil\u0101 lilija (Violets)<\/span>, <span>RAL 5005 Sign\u0101la zils (Zils)<\/span>, <span>RAL 5010 Dzintarkr\u0101sas zils (Zils)<\/span>, <span>RAL 6005 S\u016bnu za\u013c\u0161 (Za\u013c\u0161)<\/span>, <span>RAL 7012 Bazalta pel\u0113ks (Pel\u0113ks)<\/span>, <span>RAL 7015 Sl\u0101nek\u013ca pel\u0113ks (Pel\u0113ks)<\/span>, <span>RAL 7016 Antrac\u012bta pel\u0113ks (Pel\u0113ks)<\/span>, <span>RAL 7021 Melni pel\u0113ks (Melns)<\/span>, <span>RAL 7024 Graf\u012bta pel\u0113ks (Pel\u0113ks)<\/span>, <span>RAL 7032 O\u013cu pel\u0113ks (Pel\u0113ks)<\/span>, <span>RAL 7035 Gai\u0161i pel\u0113ks (Pel\u0113ks)<\/span>, <span>RAL 7040 Logu pel\u0113ks (Pel\u0113ks)<\/span>, <span>RAL 7042 Satiksmes pel\u0113ks A (Pel\u0113ks)<\/span>, <span>RAL 8017 \u0160okol\u0101des br\u016bns (Br\u016bns)<\/span>, <span>RAL 9005 Melns ogle (Melns)<\/span>, <span>RAL 9006 Baltais alum\u012bnijs (Sudrabs)<\/span>, <span>RAL 9007 Pel\u0113kais alum\u012bnijs (Sudrabs)<\/span>, <span>RAL 9010 T\u012bri balts (Balts)<\/span>, <span>RAL 9016 Satiksmes balts (Balts)<\/span><\/div>\r\n\t<\/div><\/p>\n","protected":false},"excerpt":{"rendered":"<p>Nodro\u0161iniet un uzlabojiet sava \u012bpa\u0161uma pievilc\u012bbu ar m\u016bsu <b>Elegants Dekorat\u012bvs Met\u0101la \u017doga V\u0101rti<\/b>. Ide\u0101li gan <b>dz\u012bvojamai<\/b>, gan <b>komerci\u0101lai<\/b> lieto\u0161anai, \u0161ie <b>laikapst\u0101k\u013ciem iztur\u012bgie<\/b> met\u0101la v\u0101rti apvieno uzlabotu dizainu un sp\u0113c\u012bgus materi\u0101lus ilgsto\u0161ai izmanto\u0161anai.<\/p>\n","protected":false},"featured_media":8468,"template":"","meta":[],"product_cat":[26840],"product_tag":[7993,7853,26129,7965,8396],"class_list":{"0":"post-11638","1":"product","2":"type-product","3":"status-publish","4":"has-post-thumbnail","6":"product_cat-drosibas-iespejas-versace-zogi","7":"product_tag-dekorativais-metala-varti","8":"product_tag-komerciali-metala-varti","9":"product_tag-laikapstakliem-izturigi-metala-varti","10":"product_tag-metala-zoga-varti","11":"product_tag-rezidencu-metala-varti","13":"first","14":"instock","15":"shipping-taxable","16":"product-type-simple"},"yoast_head":"<!-- This site is optimized with the Yoast SEO plugin v23.1 - https:\/\/yoast.com\/wordpress\/plugins\/seo\/ -->\n<title>Elegants Dekorat\u012bvs Met\u0101la \u017doga V\u0101rti - ABR Home - Metallic constructions since 2010<\/title>\n<meta name=\"robots\" content=\"index, follow, max-snippet:-1, max-image-preview:large, max-video-preview:-1\" \/>\n<link rel=\"canonical\" href=\"https:\/\/abrhome.eu\/product\/elegant-decorative-metal-fence-gate-2\/\" \/>\n<meta property=\"og:locale\" content=\"lv_LV\" \/>\n<meta property=\"og:type\" content=\"article\" \/>\n<meta property=\"og:title\" content=\"Elegants Dekorat\u012bvs Met\u0101la \u017doga V\u0101rti - ABR Home - Metallic constructions since 2010\" \/>\n<meta property=\"og:description\" content=\"Nodro\u0161iniet un uzlabojiet sava \u012bpa\u0161uma pievilc\u012bbu ar m\u016bsu Elegants Dekorat\u012bvs Met\u0101la \u017doga V\u0101rti. Ide\u0101li gan dz\u012bvojamai, gan komerci\u0101lai lieto\u0161anai, \u0161ie laikapst\u0101k\u013ciem iztur\u012bgie met\u0101la v\u0101rti apvieno uzlabotu dizainu un sp\u0113c\u012bgus materi\u0101lus ilgsto\u0161ai izmanto\u0161anai.\" \/>\n<meta property=\"og:url\" content=\"https:\/\/abrhome.eu\/product\/elegant-decorative-metal-fence-gate-2\/\" \/>\n<meta property=\"og:site_name\" content=\"ABR Home - Metallic constructions since 2010\" \/>\n<meta property=\"article:modified_time\" content=\"2024-06-04T19:32:25+00:00\" \/>\n<meta property=\"og:image\" content=\"https:\/\/abrhome.eu\/wp-content\/uploads\/2024\/06\/20220113_084130-scaled.jpg\" \/>\n\t<meta property=\"og:image:width\" content=\"1920\" \/>\n\t<meta property=\"og:image:height\" content=\"2560\" \/>\n\t<meta property=\"og:image:type\" content=\"image\/jpeg\" \/>\n<meta name=\"twitter:card\" content=\"summary_large_image\" \/>\n<meta name=\"twitter:label1\" content=\"Est. reading time\" \/>\n\t<meta name=\"twitter:data1\" content=\"1 minute\" \/>\n<script type=\"application\/ld+json\" class=\"yoast-schema-graph\">{\"@context\":\"https:\/\/schema.org\",\"@graph\":[{\"@type\":\"WebPage\",\"@id\":\"https:\/\/abrhome.eu\/product\/elegant-decorative-metal-fence-gate-2\/\",\"url\":\"https:\/\/abrhome.eu\/product\/elegant-decorative-metal-fence-gate-2\/\",\"name\":\"Elegants Dekorat\u012bvs Met\u0101la \u017doga V\u0101rti - ABR Home - Metallic constructions since 2010\",\"isPartOf\":{\"@id\":\"https:\/\/abrhome.eu\/#website\"},\"primaryImageOfPage\":{\"@id\":\"https:\/\/abrhome.eu\/product\/elegant-decorative-metal-fence-gate-2\/#primaryimage\"},\"image\":{\"@id\":\"https:\/\/abrhome.eu\/product\/elegant-decorative-metal-fence-gate-2\/#primaryimage\"},\"thumbnailUrl\":\"https:\/\/abrhome.eu\/wp-content\/uploads\/2024\/06\/20220113_084130-scaled.jpg\",\"datePublished\":\"2024-06-04T15:25:55+00:00\",\"dateModified\":\"2024-06-04T19:32:25+00:00\",\"breadcrumb\":{\"@id\":\"https:\/\/abrhome.eu\/product\/elegant-decorative-metal-fence-gate-2\/#breadcrumb\"},\"inLanguage\":\"lv-LV\",\"potentialAction\":[{\"@type\":\"ReadAction\",\"target\":[\"https:\/\/abrhome.eu\/product\/elegant-decorative-metal-fence-gate-2\/\"]}]},{\"@type\":\"ImageObject\",\"inLanguage\":\"lv-LV\",\"@id\":\"https:\/\/abrhome.eu\/product\/elegant-decorative-metal-fence-gate-2\/#primaryimage\",\"url\":\"https:\/\/abrhome.eu\/wp-content\/uploads\/2024\/06\/20220113_084130-scaled.jpg\",\"contentUrl\":\"https:\/\/abrhome.eu\/wp-content\/uploads\/2024\/06\/20220113_084130-scaled.jpg\",\"width\":1920,\"height\":2560,\"caption\":\"Tyylik\u00e4s Koristeellinen Metalliportti\"},{\"@type\":\"BreadcrumbList\",\"@id\":\"https:\/\/abrhome.eu\/product\/elegant-decorative-metal-fence-gate-2\/#breadcrumb\",\"itemListElement\":[{\"@type\":\"ListItem\",\"position\":1,\"name\":\"Home\",\"item\":\"https:\/\/abrhome.eu\/lv\/\"},{\"@type\":\"ListItem\",\"position\":2,\"name\":\"Produkti\",\"item\":\"https:\/\/abrhome.eu\/lv\/produkti\/\"},{\"@type\":\"ListItem\",\"position\":3,\"name\":\"Elegants Dekorat\u012bvs Met\u0101la \u017doga V\u0101rti\"}]},{\"@type\":\"WebSite\",\"@id\":\"https:\/\/abrhome.eu\/#website\",\"url\":\"https:\/\/abrhome.eu\/\",\"name\":\"ABR Home - Metallic constructions since 2010\",\"description\":\"\",\"publisher\":{\"@id\":\"https:\/\/abrhome.eu\/#organization\"},\"potentialAction\":[{\"@type\":\"SearchAction\",\"target\":{\"@type\":\"EntryPoint\",\"urlTemplate\":\"https:\/\/abrhome.eu\/?s={search_term_string}\"},\"query-input\":\"required name=search_term_string\"}],\"inLanguage\":\"lv-LV\"},{\"@type\":\"Organization\",\"@id\":\"https:\/\/abrhome.eu\/#organization\",\"name\":\"ABR Home - Metallic constructions since 2010\",\"url\":\"https:\/\/abrhome.eu\/\",\"logo\":{\"@type\":\"ImageObject\",\"inLanguage\":\"lv-LV\",\"@id\":\"https:\/\/abrhome.eu\/#\/schema\/logo\/image\/\",\"url\":\"https:\/\/abrhome.eu\/wp-content\/uploads\/2023\/12\/logo-10.png\",\"contentUrl\":\"https:\/\/abrhome.eu\/wp-content\/uploads\/2023\/12\/logo-10.png\",\"width\":300,\"height\":139,\"caption\":\"ABR Home - Metallic constructions since 2010\"},\"image\":{\"@id\":\"https:\/\/abrhome.eu\/#\/schema\/logo\/image\/\"}}]}<\/script>\n<!-- \/ Yoast SEO plugin. -->","yoast_head_json":{"title":"Elegants Dekorat\u012bvs Met\u0101la \u017doga V\u0101rti - ABR Home - Metallic constructions since 2010","robots":{"index":"index","follow":"follow","max-snippet":"max-snippet:-1","max-image-preview":"max-image-preview:large","max-video-preview":"max-video-preview:-1"},"canonical":"https:\/\/abrhome.eu\/product\/elegant-decorative-metal-fence-gate-2\/","og_locale":"lv_LV","og_type":"article","og_title":"Elegants Dekorat\u012bvs Met\u0101la \u017doga V\u0101rti - ABR Home - Metallic constructions since 2010","og_description":"Nodro\u0161iniet un uzlabojiet sava \u012bpa\u0161uma pievilc\u012bbu ar m\u016bsu Elegants Dekorat\u012bvs Met\u0101la \u017doga V\u0101rti. Ide\u0101li gan dz\u012bvojamai, gan komerci\u0101lai lieto\u0161anai, \u0161ie laikapst\u0101k\u013ciem iztur\u012bgie met\u0101la v\u0101rti apvieno uzlabotu dizainu un sp\u0113c\u012bgus materi\u0101lus ilgsto\u0161ai izmanto\u0161anai.","og_url":"https:\/\/abrhome.eu\/product\/elegant-decorative-metal-fence-gate-2\/","og_site_name":"ABR Home - Metallic constructions since 2010","article_modified_time":"2024-06-04T19:32:25+00:00","og_image":[{"width":1920,"height":2560,"url":"https:\/\/abrhome.eu\/wp-content\/uploads\/2024\/06\/20220113_084130-scaled.jpg","type":"image\/jpeg"}],"twitter_card":"summary_large_image","twitter_misc":{"Est. reading time":"1 minute"},"schema":{"@context":"https:\/\/schema.org","@graph":[{"@type":"WebPage","@id":"https:\/\/abrhome.eu\/product\/elegant-decorative-metal-fence-gate-2\/","url":"https:\/\/abrhome.eu\/product\/elegant-decorative-metal-fence-gate-2\/","name":"Elegants Dekorat\u012bvs Met\u0101la \u017doga V\u0101rti - ABR Home - Metallic constructions since 2010","isPartOf":{"@id":"https:\/\/abrhome.eu\/#website"},"primaryImageOfPage":{"@id":"https:\/\/abrhome.eu\/product\/elegant-decorative-metal-fence-gate-2\/#primaryimage"},"image":{"@id":"https:\/\/abrhome.eu\/product\/elegant-decorative-metal-fence-gate-2\/#primaryimage"},"thumbnailUrl":"https:\/\/abrhome.eu\/wp-content\/uploads\/2024\/06\/20220113_084130-scaled.jpg","datePublished":"2024-06-04T15:25:55+00:00","dateModified":"2024-06-04T19:32:25+00:00","breadcrumb":{"@id":"https:\/\/abrhome.eu\/product\/elegant-decorative-metal-fence-gate-2\/#breadcrumb"},"inLanguage":"lv-LV","potentialAction":[{"@type":"ReadAction","target":["https:\/\/abrhome.eu\/product\/elegant-decorative-metal-fence-gate-2\/"]}]},{"@type":"ImageObject","inLanguage":"lv-LV","@id":"https:\/\/abrhome.eu\/product\/elegant-decorative-metal-fence-gate-2\/#primaryimage","url":"https:\/\/abrhome.eu\/wp-content\/uploads\/2024\/06\/20220113_084130-scaled.jpg","contentUrl":"https:\/\/abrhome.eu\/wp-content\/uploads\/2024\/06\/20220113_084130-scaled.jpg","width":1920,"height":2560,"caption":"Tyylik\u00e4s Koristeellinen Metalliportti"},{"@type":"BreadcrumbList","@id":"https:\/\/abrhome.eu\/product\/elegant-decorative-metal-fence-gate-2\/#breadcrumb","itemListElement":[{"@type":"ListItem","position":1,"name":"Home","item":"https:\/\/abrhome.eu\/lv\/"},{"@type":"ListItem","position":2,"name":"Produkti","item":"https:\/\/abrhome.eu\/lv\/produkti\/"},{"@type":"ListItem","position":3,"name":"Elegants Dekorat\u012bvs Met\u0101la \u017doga V\u0101rti"}]},{"@type":"WebSite","@id":"https:\/\/abrhome.eu\/#website","url":"https:\/\/abrhome.eu\/","name":"ABR Home - Metallic constructions since 2010","description":"","publisher":{"@id":"https:\/\/abrhome.eu\/#organization"},"potentialAction":[{"@type":"SearchAction","target":{"@type":"EntryPoint","urlTemplate":"https:\/\/abrhome.eu\/?s={search_term_string}"},"query-input":"required name=search_term_string"}],"inLanguage":"lv-LV"},{"@type":"Organization","@id":"https:\/\/abrhome.eu\/#organization","name":"ABR Home - Metallic constructions since 2010","url":"https:\/\/abrhome.eu\/","logo":{"@type":"ImageObject","inLanguage":"lv-LV","@id":"https:\/\/abrhome.eu\/#\/schema\/logo\/image\/","url":"https:\/\/abrhome.eu\/wp-content\/uploads\/2023\/12\/logo-10.png","contentUrl":"https:\/\/abrhome.eu\/wp-content\/uploads\/2023\/12\/logo-10.png","width":300,"height":139,"caption":"ABR Home - Metallic constructions since 2010"},"image":{"@id":"https:\/\/abrhome.eu\/#\/schema\/logo\/image\/"}}]}},"_links":{"self":[{"href":"https:\/\/abrhome.eu\/lv\/wp-json\/wp\/v2\/product\/11638","targetHints":{"allow":["GET"]}}],"collection":[{"href":"https:\/\/abrhome.eu\/lv\/wp-json\/wp\/v2\/product"}],"about":[{"href":"https:\/\/abrhome.eu\/lv\/wp-json\/wp\/v2\/types\/product"}],"version-history":[{"count":0,"href":"https:\/\/abrhome.eu\/lv\/wp-json\/wp\/v2\/product\/11638\/revisions"}],"wp:featuredmedia":[{"embeddable":true,"href":"https:\/\/abrhome.eu\/lv\/wp-json\/wp\/v2\/media\/8468"}],"wp:attachment":[{"href":"https:\/\/abrhome.eu\/lv\/wp-json\/wp\/v2\/media?parent=11638"}],"wp:term":[{"taxonomy":"product_cat","embeddable":true,"href":"https:\/\/abrhome.eu\/lv\/wp-json\/wp\/v2\/product_cat?post=11638"},{"taxonomy":"product_tag","embeddable":true,"href":"https:\/\/abrhome.eu\/lv\/wp-json\/wp\/v2\/product_tag?post=11638"}],"curies":[{"name":"wp","href":"https:\/\/api.w.org\/{rel}","templated":true}]}}