{"id":12598,"date":"2024-06-04T17:23:21","date_gmt":"2024-06-04T15:23:21","guid":{"rendered":"https:\/\/abrhome.eu\/product\/modernais-metala-balkona-margas\/"},"modified":"2024-06-04T22:17:39","modified_gmt":"2024-06-04T20:17:39","slug":"modernais-metala-balkona-margas","status":"publish","type":"product","link":"https:\/\/abrhome.eu\/lv\/product\/modernais-metala-balkona-margas\/","title":{"rendered":"Modernais Met\u0101la Balkona Margas"},"content":{"rendered":"<p>Uzlabojiet savu balkona dro\u0161\u012bbu un vizu\u0101lo pievilc\u012bbu ar m\u016bsu <b>Modernais Met\u0101la Balkona Margas<\/b>. Izgatavots no augstas kvalit\u0101tes <b>t\u0113rauda<\/b> vai <b>alum\u012bnija<\/b>, \u0161is margas sola iztur\u012bbu un notur\u012bbu, padarot to ide\u0101li piem\u0113rotu gan priv\u0101t\u0101m, gan komerci\u0101laj\u0101m \u012bpa\u0161um\u0101m. St\u0101vot aptuveni 1 l\u012bdz 1,2 metrus augstum\u0101 un izple\u0161oties 2 l\u012bdz 3 metrus platum\u0101, \u0161\u012b margu sist\u0113ma ir paredz\u0113ta, lai nodro\u0161in\u0101tu optim\u0101lu aizsardz\u012bbu, nenoliedzot stilu.<\/p>\n<p>Katra margas izstr\u0101d\u0113 notiek r\u016bp\u012bgs in\u017eeniertehniskais un dizaina process, izmantojot uzlabotu CAD programmat\u016bru, kas tiek sekota ar prec\u012bzu grie\u0161anu, loc\u012b\u0161anu un fr\u0113z\u0113\u0161anu, lai rad\u012btu nevainojamu apdari. Komponenti tiek dro\u0161i mont\u0113ti, izmantojot metin\u0101\u0161anu vai meh\u0101nisku savienojumu, un tiek p\u0101rkl\u0101ti ar iztur\u012bgu pel\u0113ku p\u016bderkr\u0101su (RAL 7042 &#8211; Traffic Grey A) papildu laika apst\u0101k\u013cu iztur\u012bbai un ilgm\u016b\u017e\u012bbai. Margas ir sist\u0113miski sav\u0101ktas un gatavas vieglai mont\u0101\u017eai, nodro\u0161inot stabilit\u0101ti un ilgsto\u0161u veiktsp\u0113ju.<\/p>\n<p> <div class=\"p2410-product-tags\" style=\"margin:1rem 0\">\r\n\t\t<div style=\"font-weight:600\">Tagi<\/div>\r\n\t\t<div><a href=\"https:\/\/abrhome.eu\/lv\/product-tag\/aluminija-balkona-margas\/\" class=\"product-tag\">Alum\u012bnija Balkona Margas<\/a>, <a href=\"https:\/\/abrhome.eu\/lv\/product-tag\/izturigas-ara-margas\/\" class=\"product-tag\">Iztur\u012bgas \u0100ra Margas<\/a>, <a href=\"https:\/\/abrhome.eu\/lv\/product-tag\/metala-balkona-margas\/\" class=\"product-tag\">Met\u0101la Balkona Margas<\/a>, <a href=\"https:\/\/abrhome.eu\/lv\/product-tag\/modernais-balkona-margas\/\" class=\"product-tag\">Modernais Balkona Margas<\/a>, <a href=\"https:\/\/abrhome.eu\/lv\/product-tag\/terauda-balkona-margas\/\" class=\"product-tag\">t\u0113rauda balkona margas<\/a><\/div>\r\n\t<\/div> <div class=\"p2410-product-colors\" style=\"margin:1rem 0\">\r\n\t\t<div style=\"font-weight:600\">Kr\u0101sa<\/div>\r\n\t\t<div><span>RAL 1023 Satiksmes dzeltens (Dzeltens)<\/span>, <span>RAL 1036 P\u0113r\u013cu zelts (Zelts)<\/span>, <span>RAL 2004 T\u012bri oran\u017es (Oran\u017es)<\/span>, <span>RAL 3000 Uguns sarkans (Sarkans)<\/span>, <span>RAL 3020 Satiksmes sarkans (Sarkans)<\/span>, <span>RAL 4005 Zil\u0101 lilija (Violets)<\/span>, <span>RAL 5005 Sign\u0101la zils (Zils)<\/span>, <span>RAL 5010 Dzintarkr\u0101sas zils (Zils)<\/span>, <span>RAL 6005 S\u016bnu za\u013c\u0161 (Za\u013c\u0161)<\/span>, <span>RAL 7012 Bazalta pel\u0113ks (Pel\u0113ks)<\/span>, <span>RAL 7015 Sl\u0101nek\u013ca pel\u0113ks (Pel\u0113ks)<\/span>, <span>RAL 7016 Antrac\u012bta pel\u0113ks (Pel\u0113ks)<\/span>, <span>RAL 7021 Melni pel\u0113ks (Melns)<\/span>, <span>RAL 7024 Graf\u012bta pel\u0113ks (Pel\u0113ks)<\/span>, <span>RAL 7032 O\u013cu pel\u0113ks (Pel\u0113ks)<\/span>, <span>RAL 7035 Gai\u0161i pel\u0113ks (Pel\u0113ks)<\/span>, <span>RAL 7040 Logu pel\u0113ks (Pel\u0113ks)<\/span>, <span>RAL 7042 Satiksmes pel\u0113ks A (Pel\u0113ks)<\/span>, <span>RAL 8017 \u0160okol\u0101des br\u016bns (Br\u016bns)<\/span>, <span>RAL 9005 Melns ogle (Melns)<\/span>, <span>RAL 9006 Baltais alum\u012bnijs (Sudrabs)<\/span>, <span>RAL 9007 Pel\u0113kais alum\u012bnijs (Sudrabs)<\/span>, <span>RAL 9010 T\u012bri balts (Balts)<\/span>, <span>RAL 9016 Satiksmes balts (Balts)<\/span><\/div>\r\n\t<\/div><\/p>\n","protected":false},"excerpt":{"rendered":"<p>Atkl\u0101jiet m\u016bsu <b>Modernais Met\u0101la Balkona Margas<\/b>, kas izgatavots no iztur\u012bga <b>t\u0113rauda<\/b> vai <b>alum\u012bnija<\/b>. Ide\u0101li piem\u0113rots gan dro\u0161\u012bbas, gan stila uzlabo\u0161anai, \u0161is margas pied\u0101v\u0101 p\u016bderkr\u0101sas p\u0101rkl\u0101jumu augst\u0101kai iztur\u012bbai pret laika apst\u0101k\u013ciem un ilgm\u016b\u017e\u012bbai. Perfekti piem\u0113rots gan priv\u0101tajai, gan komerci\u0101lajai lieto\u0161anai.<\/p>\n","protected":false},"featured_media":7598,"template":"","meta":[],"product_cat":[26826],"product_tag":[19931,19945,19919,19959,2586],"class_list":{"0":"post-12598","1":"product","2":"type-product","3":"status-publish","4":"has-post-thumbnail","6":"product_cat-drosibas-elementi-margas-un-zogi","7":"product_tag-aluminija-balkona-margas","8":"product_tag-izturigas-ara-margas","9":"product_tag-metala-balkona-margas","10":"product_tag-modernais-balkona-margas","11":"product_tag-terauda-balkona-margas","13":"first","14":"instock","15":"shipping-taxable","16":"product-type-simple"},"yoast_head":"<!-- This site is optimized with the Yoast SEO plugin v23.1 - https:\/\/yoast.com\/wordpress\/plugins\/seo\/ -->\n<title>Modernais Met\u0101la Balkona Margas - ABR Home - Metallic constructions since 2010<\/title>\n<meta name=\"robots\" content=\"index, follow, max-snippet:-1, max-image-preview:large, max-video-preview:-1\" \/>\n<link rel=\"canonical\" href=\"https:\/\/abrhome.eu\/product\/modern-metallic-balcony-railing\/\" \/>\n<meta property=\"og:locale\" content=\"lv_LV\" \/>\n<meta property=\"og:type\" content=\"article\" \/>\n<meta property=\"og:title\" content=\"Modernais Met\u0101la Balkona Margas - ABR Home - Metallic constructions since 2010\" \/>\n<meta property=\"og:description\" content=\"Atkl\u0101jiet m\u016bsu Modernais Met\u0101la Balkona Margas, kas izgatavots no iztur\u012bga t\u0113rauda vai alum\u012bnija. Ide\u0101li piem\u0113rots gan dro\u0161\u012bbas, gan stila uzlabo\u0161anai, \u0161is margas pied\u0101v\u0101 p\u016bderkr\u0101sas p\u0101rkl\u0101jumu augst\u0101kai iztur\u012bbai pret laika apst\u0101k\u013ciem un ilgm\u016b\u017e\u012bbai. Perfekti piem\u0113rots gan priv\u0101tajai, gan komerci\u0101lajai lieto\u0161anai.\" \/>\n<meta property=\"og:url\" content=\"https:\/\/abrhome.eu\/product\/modern-metallic-balcony-railing\/\" \/>\n<meta property=\"og:site_name\" content=\"ABR Home - Metallic constructions since 2010\" \/>\n<meta property=\"article:modified_time\" content=\"2024-06-04T20:17:39+00:00\" \/>\n<meta property=\"og:image\" content=\"https:\/\/abrhome.eu\/wp-content\/uploads\/2024\/06\/IMG-20211113-WA0002.jpg\" \/>\n\t<meta property=\"og:image:width\" content=\"1600\" \/>\n\t<meta property=\"og:image:height\" content=\"1200\" \/>\n\t<meta property=\"og:image:type\" content=\"image\/jpeg\" \/>\n<meta name=\"twitter:card\" content=\"summary_large_image\" \/>\n<meta name=\"twitter:label1\" content=\"Est. reading time\" \/>\n\t<meta name=\"twitter:data1\" content=\"1 minute\" \/>\n<script type=\"application\/ld+json\" class=\"yoast-schema-graph\">{\"@context\":\"https:\/\/schema.org\",\"@graph\":[{\"@type\":\"WebPage\",\"@id\":\"https:\/\/abrhome.eu\/product\/modern-metallic-balcony-railing\/\",\"url\":\"https:\/\/abrhome.eu\/product\/modern-metallic-balcony-railing\/\",\"name\":\"Modernais Met\u0101la Balkona Margas - ABR Home - Metallic constructions since 2010\",\"isPartOf\":{\"@id\":\"https:\/\/abrhome.eu\/#website\"},\"primaryImageOfPage\":{\"@id\":\"https:\/\/abrhome.eu\/product\/modern-metallic-balcony-railing\/#primaryimage\"},\"image\":{\"@id\":\"https:\/\/abrhome.eu\/product\/modern-metallic-balcony-railing\/#primaryimage\"},\"thumbnailUrl\":\"https:\/\/abrhome.eu\/wp-content\/uploads\/2024\/06\/IMG-20211113-WA0002.jpg\",\"datePublished\":\"2024-06-04T15:23:21+00:00\",\"dateModified\":\"2024-06-04T20:17:39+00:00\",\"breadcrumb\":{\"@id\":\"https:\/\/abrhome.eu\/product\/modern-metallic-balcony-railing\/#breadcrumb\"},\"inLanguage\":\"lv-LV\",\"potentialAction\":[{\"@type\":\"ReadAction\",\"target\":[\"https:\/\/abrhome.eu\/product\/modern-metallic-balcony-railing\/\"]}]},{\"@type\":\"ImageObject\",\"inLanguage\":\"lv-LV\",\"@id\":\"https:\/\/abrhome.eu\/product\/modern-metallic-balcony-railing\/#primaryimage\",\"url\":\"https:\/\/abrhome.eu\/wp-content\/uploads\/2024\/06\/IMG-20211113-WA0002.jpg\",\"contentUrl\":\"https:\/\/abrhome.eu\/wp-content\/uploads\/2024\/06\/IMG-20211113-WA0002.jpg\",\"width\":1600,\"height\":1200,\"caption\":\"Nykyajan Metallinen Parvekekaide\"},{\"@type\":\"BreadcrumbList\",\"@id\":\"https:\/\/abrhome.eu\/product\/modern-metallic-balcony-railing\/#breadcrumb\",\"itemListElement\":[{\"@type\":\"ListItem\",\"position\":1,\"name\":\"Home\",\"item\":\"https:\/\/abrhome.eu\/lv\/\"},{\"@type\":\"ListItem\",\"position\":2,\"name\":\"Produkti\",\"item\":\"https:\/\/abrhome.eu\/lv\/produkti\/\"},{\"@type\":\"ListItem\",\"position\":3,\"name\":\"Modernais Met\u0101la Balkona Margas\"}]},{\"@type\":\"WebSite\",\"@id\":\"https:\/\/abrhome.eu\/#website\",\"url\":\"https:\/\/abrhome.eu\/\",\"name\":\"ABR Home - Metallic constructions since 2010\",\"description\":\"\",\"publisher\":{\"@id\":\"https:\/\/abrhome.eu\/#organization\"},\"potentialAction\":[{\"@type\":\"SearchAction\",\"target\":{\"@type\":\"EntryPoint\",\"urlTemplate\":\"https:\/\/abrhome.eu\/?s={search_term_string}\"},\"query-input\":\"required name=search_term_string\"}],\"inLanguage\":\"lv-LV\"},{\"@type\":\"Organization\",\"@id\":\"https:\/\/abrhome.eu\/#organization\",\"name\":\"ABR Home - Metallic constructions since 2010\",\"url\":\"https:\/\/abrhome.eu\/\",\"logo\":{\"@type\":\"ImageObject\",\"inLanguage\":\"lv-LV\",\"@id\":\"https:\/\/abrhome.eu\/#\/schema\/logo\/image\/\",\"url\":\"https:\/\/abrhome.eu\/wp-content\/uploads\/2023\/12\/logo-10.png\",\"contentUrl\":\"https:\/\/abrhome.eu\/wp-content\/uploads\/2023\/12\/logo-10.png\",\"width\":300,\"height\":139,\"caption\":\"ABR Home - Metallic constructions since 2010\"},\"image\":{\"@id\":\"https:\/\/abrhome.eu\/#\/schema\/logo\/image\/\"}}]}<\/script>\n<!-- \/ Yoast SEO plugin. -->","yoast_head_json":{"title":"Modernais Met\u0101la Balkona Margas - ABR Home - Metallic constructions since 2010","robots":{"index":"index","follow":"follow","max-snippet":"max-snippet:-1","max-image-preview":"max-image-preview:large","max-video-preview":"max-video-preview:-1"},"canonical":"https:\/\/abrhome.eu\/product\/modern-metallic-balcony-railing\/","og_locale":"lv_LV","og_type":"article","og_title":"Modernais Met\u0101la Balkona Margas - ABR Home - Metallic constructions since 2010","og_description":"Atkl\u0101jiet m\u016bsu Modernais Met\u0101la Balkona Margas, kas izgatavots no iztur\u012bga t\u0113rauda vai alum\u012bnija. Ide\u0101li piem\u0113rots gan dro\u0161\u012bbas, gan stila uzlabo\u0161anai, \u0161is margas pied\u0101v\u0101 p\u016bderkr\u0101sas p\u0101rkl\u0101jumu augst\u0101kai iztur\u012bbai pret laika apst\u0101k\u013ciem un ilgm\u016b\u017e\u012bbai. Perfekti piem\u0113rots gan priv\u0101tajai, gan komerci\u0101lajai lieto\u0161anai.","og_url":"https:\/\/abrhome.eu\/product\/modern-metallic-balcony-railing\/","og_site_name":"ABR Home - Metallic constructions since 2010","article_modified_time":"2024-06-04T20:17:39+00:00","og_image":[{"width":1600,"height":1200,"url":"https:\/\/abrhome.eu\/wp-content\/uploads\/2024\/06\/IMG-20211113-WA0002.jpg","type":"image\/jpeg"}],"twitter_card":"summary_large_image","twitter_misc":{"Est. reading time":"1 minute"},"schema":{"@context":"https:\/\/schema.org","@graph":[{"@type":"WebPage","@id":"https:\/\/abrhome.eu\/product\/modern-metallic-balcony-railing\/","url":"https:\/\/abrhome.eu\/product\/modern-metallic-balcony-railing\/","name":"Modernais Met\u0101la Balkona Margas - ABR Home - Metallic constructions since 2010","isPartOf":{"@id":"https:\/\/abrhome.eu\/#website"},"primaryImageOfPage":{"@id":"https:\/\/abrhome.eu\/product\/modern-metallic-balcony-railing\/#primaryimage"},"image":{"@id":"https:\/\/abrhome.eu\/product\/modern-metallic-balcony-railing\/#primaryimage"},"thumbnailUrl":"https:\/\/abrhome.eu\/wp-content\/uploads\/2024\/06\/IMG-20211113-WA0002.jpg","datePublished":"2024-06-04T15:23:21+00:00","dateModified":"2024-06-04T20:17:39+00:00","breadcrumb":{"@id":"https:\/\/abrhome.eu\/product\/modern-metallic-balcony-railing\/#breadcrumb"},"inLanguage":"lv-LV","potentialAction":[{"@type":"ReadAction","target":["https:\/\/abrhome.eu\/product\/modern-metallic-balcony-railing\/"]}]},{"@type":"ImageObject","inLanguage":"lv-LV","@id":"https:\/\/abrhome.eu\/product\/modern-metallic-balcony-railing\/#primaryimage","url":"https:\/\/abrhome.eu\/wp-content\/uploads\/2024\/06\/IMG-20211113-WA0002.jpg","contentUrl":"https:\/\/abrhome.eu\/wp-content\/uploads\/2024\/06\/IMG-20211113-WA0002.jpg","width":1600,"height":1200,"caption":"Nykyajan Metallinen Parvekekaide"},{"@type":"BreadcrumbList","@id":"https:\/\/abrhome.eu\/product\/modern-metallic-balcony-railing\/#breadcrumb","itemListElement":[{"@type":"ListItem","position":1,"name":"Home","item":"https:\/\/abrhome.eu\/lv\/"},{"@type":"ListItem","position":2,"name":"Produkti","item":"https:\/\/abrhome.eu\/lv\/produkti\/"},{"@type":"ListItem","position":3,"name":"Modernais Met\u0101la Balkona Margas"}]},{"@type":"WebSite","@id":"https:\/\/abrhome.eu\/#website","url":"https:\/\/abrhome.eu\/","name":"ABR Home - Metallic constructions since 2010","description":"","publisher":{"@id":"https:\/\/abrhome.eu\/#organization"},"potentialAction":[{"@type":"SearchAction","target":{"@type":"EntryPoint","urlTemplate":"https:\/\/abrhome.eu\/?s={search_term_string}"},"query-input":"required name=search_term_string"}],"inLanguage":"lv-LV"},{"@type":"Organization","@id":"https:\/\/abrhome.eu\/#organization","name":"ABR Home - Metallic constructions since 2010","url":"https:\/\/abrhome.eu\/","logo":{"@type":"ImageObject","inLanguage":"lv-LV","@id":"https:\/\/abrhome.eu\/#\/schema\/logo\/image\/","url":"https:\/\/abrhome.eu\/wp-content\/uploads\/2023\/12\/logo-10.png","contentUrl":"https:\/\/abrhome.eu\/wp-content\/uploads\/2023\/12\/logo-10.png","width":300,"height":139,"caption":"ABR Home - Metallic constructions since 2010"},"image":{"@id":"https:\/\/abrhome.eu\/#\/schema\/logo\/image\/"}}]}},"_links":{"self":[{"href":"https:\/\/abrhome.eu\/lv\/wp-json\/wp\/v2\/product\/12598","targetHints":{"allow":["GET"]}}],"collection":[{"href":"https:\/\/abrhome.eu\/lv\/wp-json\/wp\/v2\/product"}],"about":[{"href":"https:\/\/abrhome.eu\/lv\/wp-json\/wp\/v2\/types\/product"}],"version-history":[{"count":0,"href":"https:\/\/abrhome.eu\/lv\/wp-json\/wp\/v2\/product\/12598\/revisions"}],"wp:featuredmedia":[{"embeddable":true,"href":"https:\/\/abrhome.eu\/lv\/wp-json\/wp\/v2\/media\/7598"}],"wp:attachment":[{"href":"https:\/\/abrhome.eu\/lv\/wp-json\/wp\/v2\/media?parent=12598"}],"wp:term":[{"taxonomy":"product_cat","embeddable":true,"href":"https:\/\/abrhome.eu\/lv\/wp-json\/wp\/v2\/product_cat?post=12598"},{"taxonomy":"product_tag","embeddable":true,"href":"https:\/\/abrhome.eu\/lv\/wp-json\/wp\/v2\/product_tag?post=12598"}],"curies":[{"name":"wp","href":"https:\/\/api.w.org\/{rel}","templated":true}]}}