{"id":14621,"date":"2024-06-04T17:22:45","date_gmt":"2024-06-04T15:22:45","guid":{"rendered":"https:\/\/abrhome.eu\/product\/izturigs-ara-metala-kapnu-margas\/"},"modified":"2024-06-04T22:57:10","modified_gmt":"2024-06-04T20:57:10","slug":"izturigs-ara-metala-kapnu-margas","status":"publish","type":"product","link":"https:\/\/abrhome.eu\/lv\/product\/izturigs-ara-metala-kapnu-margas\/","title":{"rendered":"Iztur\u012bgs \u0101ra met\u0101la k\u0101p\u0146u margas"},"content":{"rendered":"<p><b>Uzlabojiet dro\u0161\u012bbu un pieejam\u012bbu<\/b> j\u016bsu \u0101rtelp\u0101s ar m\u016bsu <b>Iztur\u012bgo \u0101ra met\u0101la k\u0101p\u0146u margu<\/b>. Izgatavots no augstas kvalit\u0101tes <b>t\u0113rauda<\/b>, \u0161is margas ir izstr\u0101d\u0101ts, lai iztur\u0113tu \u0101r\u0113j\u0101s vides slogu, nodro\u0161inot ilgm\u016b\u017e\u012bbu un konsekventu darb\u012bbu.<\/p>\n<p>Margas augstums ir no 90 l\u012bdz 100 cm un garums no 3 l\u012bdz 5 metriem, padarot to piem\u0113rotu da\u017e\u0101diem k\u0101p\u0146u izm\u0113riem. Katra vien\u012bba ir apr\u012bkota ar robustiem vertik\u0101liem atbalsta stie\u0146iem, gludiem horizont\u0101liem margas caurul\u0113m un dro\u0161\u0101m pamatpl\u0101ksn\u0113m uzticamai uzst\u0101d\u012b\u0161anai uz betona k\u0101p\u0146u s\u0101niem. T\u0113rauda konstrukcija vispirms ir <b>cinkota<\/b>, lai pretotos korozijai, un p\u0113c tam apstr\u0101d\u0101ta ar mat\u0113tu gai\u0161i pel\u0113ku pulvera p\u0101rkl\u0101jumu (apm\u0113ram RAL 7004 Sign\u0101l pel\u0113ks), kas ne tikai palielina t\u0101 vizu\u0101lo pievilc\u012bbu, bet ar\u012b palielina t\u0101 iztur\u012bbu pret laika apst\u0101k\u013ciem.<\/p>\n<p>Vai tas b\u016btu dz\u012bvojamais \u012bpa\u0161ums vai komerci\u0101l\u0101 telpa, \u0161is <b>margas<\/b> sola uzlabotu dro\u0161\u012bbu, nodro\u0161inot stabilit\u0101ti person\u0101m, kas izmanto k\u0101pnes.<\/p>\n<p> <div class=\"p2410-product-tags\" style=\"margin:1rem 0\">\r\n\t\t<div style=\"font-weight:600\">Tagi<\/div>\r\n\t\t<div><a href=\"https:\/\/abrhome.eu\/lv\/product-tag\/ara-metala-margas\/\" class=\"product-tag\">\u0101ra met\u0101la margas<\/a>, <a href=\"https:\/\/abrhome.eu\/lv\/product-tag\/cinkota-kapnu-margas\/\" class=\"product-tag\">cinkota k\u0101p\u0146u margas<\/a>, <a href=\"https:\/\/abrhome.eu\/lv\/product-tag\/drosibas-rokturis\/\" class=\"product-tag\">Dro\u0161\u012bbas rokturis<\/a><\/div>\r\n\t<\/div> <div class=\"p2410-product-colors\" style=\"margin:1rem 0\">\r\n\t\t<div style=\"font-weight:600\">Kr\u0101sa<\/div>\r\n\t\t<div><span>RAL 1023 Satiksmes dzeltens (Dzeltens)<\/span>, <span>RAL 1036 P\u0113r\u013cu zelts (Zelts)<\/span>, <span>RAL 2004 T\u012bri oran\u017es (Oran\u017es)<\/span>, <span>RAL 3000 Uguns sarkans (Sarkans)<\/span>, <span>RAL 3020 Satiksmes sarkans (Sarkans)<\/span>, <span>RAL 4005 Zil\u0101 lilija (Violets)<\/span>, <span>RAL 5005 Sign\u0101la zils (Zils)<\/span>, <span>RAL 5010 Dzintarkr\u0101sas zils (Zils)<\/span>, <span>RAL 6005 S\u016bnu za\u013c\u0161 (Za\u013c\u0161)<\/span>, <span>RAL 7012 Bazalta pel\u0113ks (Pel\u0113ks)<\/span>, <span>RAL 7015 Sl\u0101nek\u013ca pel\u0113ks (Pel\u0113ks)<\/span>, <span>RAL 7016 Antrac\u012bta pel\u0113ks (Pel\u0113ks)<\/span>, <span>RAL 7021 Melni pel\u0113ks (Melns)<\/span>, <span>RAL 7024 Graf\u012bta pel\u0113ks (Pel\u0113ks)<\/span>, <span>RAL 7032 O\u013cu pel\u0113ks (Pel\u0113ks)<\/span>, <span>RAL 7035 Gai\u0161i pel\u0113ks (Pel\u0113ks)<\/span>, <span>RAL 7040 Logu pel\u0113ks (Pel\u0113ks)<\/span>, <span>RAL 7042 Satiksmes pel\u0113ks A (Pel\u0113ks)<\/span>, <span>RAL 8017 \u0160okol\u0101des br\u016bns (Br\u016bns)<\/span>, <span>RAL 9005 Melns ogle (Melns)<\/span>, <span>RAL 9006 Baltais alum\u012bnijs (Sudrabs)<\/span>, <span>RAL 9007 Pel\u0113kais alum\u012bnijs (Sudrabs)<\/span>, <span>RAL 9010 T\u012bri balts (Balts)<\/span>, <span>RAL 9016 Satiksmes balts (Balts)<\/span><\/div>\r\n\t<\/div><\/p>\n","protected":false},"excerpt":{"rendered":"<p>Uzlabojiet dro\u0161\u012bbu \u0101r\u0101 ar m\u016bsu <b>Iztur\u012bgo \u0101ra met\u0101la k\u0101p\u0146u margu<\/b>. Izgatavots no augstas kvalit\u0101tes, <b>cinkota t\u0113rauda<\/b>, \u0161is 90-100 cm augstais un 3-5 metru garais margas pied\u0101v\u0101 izcilu iztur\u012bbu un laikapst\u0101k\u013cu iztur\u012bbu, piem\u0113rots gan dz\u012bvojamo, gan komerci\u0101lo \u012bpa\u0161umu lietojumam.<\/p>\n","protected":false},"featured_media":7388,"template":"","meta":[],"product_cat":[26826],"product_tag":[19345,18625,10639],"class_list":{"0":"post-14621","1":"product","2":"type-product","3":"status-publish","4":"has-post-thumbnail","6":"product_cat-drosibas-elementi-margas-un-zogi","7":"product_tag-ara-metala-margas","8":"product_tag-cinkota-kapnu-margas","9":"product_tag-drosibas-rokturis","11":"first","12":"instock","13":"shipping-taxable","14":"product-type-simple"},"yoast_head":"<!-- This site is optimized with the Yoast SEO plugin v23.1 - https:\/\/yoast.com\/wordpress\/plugins\/seo\/ -->\n<title>Iztur\u012bgs \u0101ra met\u0101la k\u0101p\u0146u margas - ABR Home - Metallic constructions since 2010<\/title>\n<meta name=\"robots\" content=\"index, follow, max-snippet:-1, max-image-preview:large, max-video-preview:-1\" \/>\n<link rel=\"canonical\" href=\"https:\/\/abrhome.eu\/product\/durable-outdoor-metal-stair-handrail\/\" \/>\n<meta property=\"og:locale\" content=\"lv_LV\" \/>\n<meta property=\"og:type\" content=\"article\" \/>\n<meta property=\"og:title\" content=\"Iztur\u012bgs \u0101ra met\u0101la k\u0101p\u0146u margas - ABR Home - Metallic constructions since 2010\" \/>\n<meta property=\"og:description\" content=\"Uzlabojiet dro\u0161\u012bbu \u0101r\u0101 ar m\u016bsu Iztur\u012bgo \u0101ra met\u0101la k\u0101p\u0146u margu. Izgatavots no augstas kvalit\u0101tes, cinkota t\u0113rauda, \u0161is 90-100 cm augstais un 3-5 metru garais margas pied\u0101v\u0101 izcilu iztur\u012bbu un laikapst\u0101k\u013cu iztur\u012bbu, piem\u0113rots gan dz\u012bvojamo, gan komerci\u0101lo \u012bpa\u0161umu lietojumam.\" \/>\n<meta property=\"og:url\" content=\"https:\/\/abrhome.eu\/product\/durable-outdoor-metal-stair-handrail\/\" \/>\n<meta property=\"og:site_name\" content=\"ABR Home - Metallic constructions since 2010\" \/>\n<meta property=\"article:modified_time\" content=\"2024-06-04T20:57:10+00:00\" \/>\n<meta property=\"og:image\" content=\"https:\/\/abrhome.eu\/wp-content\/uploads\/2024\/06\/20231025_095312_HDR-1-scaled.jpg\" \/>\n\t<meta property=\"og:image:width\" content=\"2560\" \/>\n\t<meta property=\"og:image:height\" content=\"1920\" \/>\n\t<meta property=\"og:image:type\" content=\"image\/jpeg\" \/>\n<meta name=\"twitter:card\" content=\"summary_large_image\" \/>\n<meta name=\"twitter:label1\" content=\"Est. reading time\" \/>\n\t<meta name=\"twitter:data1\" content=\"1 minute\" \/>\n<script type=\"application\/ld+json\" class=\"yoast-schema-graph\">{\"@context\":\"https:\/\/schema.org\",\"@graph\":[{\"@type\":\"WebPage\",\"@id\":\"https:\/\/abrhome.eu\/product\/durable-outdoor-metal-stair-handrail\/\",\"url\":\"https:\/\/abrhome.eu\/product\/durable-outdoor-metal-stair-handrail\/\",\"name\":\"Iztur\u012bgs \u0101ra met\u0101la k\u0101p\u0146u margas - ABR Home - Metallic constructions since 2010\",\"isPartOf\":{\"@id\":\"https:\/\/abrhome.eu\/#website\"},\"primaryImageOfPage\":{\"@id\":\"https:\/\/abrhome.eu\/product\/durable-outdoor-metal-stair-handrail\/#primaryimage\"},\"image\":{\"@id\":\"https:\/\/abrhome.eu\/product\/durable-outdoor-metal-stair-handrail\/#primaryimage\"},\"thumbnailUrl\":\"https:\/\/abrhome.eu\/wp-content\/uploads\/2024\/06\/20231025_095312_HDR-1-scaled.jpg\",\"datePublished\":\"2024-06-04T15:22:45+00:00\",\"dateModified\":\"2024-06-04T20:57:10+00:00\",\"breadcrumb\":{\"@id\":\"https:\/\/abrhome.eu\/product\/durable-outdoor-metal-stair-handrail\/#breadcrumb\"},\"inLanguage\":\"lv-LV\",\"potentialAction\":[{\"@type\":\"ReadAction\",\"target\":[\"https:\/\/abrhome.eu\/product\/durable-outdoor-metal-stair-handrail\/\"]}]},{\"@type\":\"ImageObject\",\"inLanguage\":\"lv-LV\",\"@id\":\"https:\/\/abrhome.eu\/product\/durable-outdoor-metal-stair-handrail\/#primaryimage\",\"url\":\"https:\/\/abrhome.eu\/wp-content\/uploads\/2024\/06\/20231025_095312_HDR-1-scaled.jpg\",\"contentUrl\":\"https:\/\/abrhome.eu\/wp-content\/uploads\/2024\/06\/20231025_095312_HDR-1-scaled.jpg\",\"width\":2560,\"height\":1920,\"caption\":\"Kest\u00e4v\u00e4 Ulkotilan Metallinen Portaikon K\u00e4sijohte\"},{\"@type\":\"BreadcrumbList\",\"@id\":\"https:\/\/abrhome.eu\/product\/durable-outdoor-metal-stair-handrail\/#breadcrumb\",\"itemListElement\":[{\"@type\":\"ListItem\",\"position\":1,\"name\":\"Home\",\"item\":\"https:\/\/abrhome.eu\/lv\/\"},{\"@type\":\"ListItem\",\"position\":2,\"name\":\"Produkti\",\"item\":\"https:\/\/abrhome.eu\/lv\/produkti\/\"},{\"@type\":\"ListItem\",\"position\":3,\"name\":\"Iztur\u012bgs \u0101ra met\u0101la k\u0101p\u0146u margas\"}]},{\"@type\":\"WebSite\",\"@id\":\"https:\/\/abrhome.eu\/#website\",\"url\":\"https:\/\/abrhome.eu\/\",\"name\":\"ABR Home - Metallic constructions since 2010\",\"description\":\"\",\"publisher\":{\"@id\":\"https:\/\/abrhome.eu\/#organization\"},\"potentialAction\":[{\"@type\":\"SearchAction\",\"target\":{\"@type\":\"EntryPoint\",\"urlTemplate\":\"https:\/\/abrhome.eu\/?s={search_term_string}\"},\"query-input\":\"required name=search_term_string\"}],\"inLanguage\":\"lv-LV\"},{\"@type\":\"Organization\",\"@id\":\"https:\/\/abrhome.eu\/#organization\",\"name\":\"ABR Home - Metallic constructions since 2010\",\"url\":\"https:\/\/abrhome.eu\/\",\"logo\":{\"@type\":\"ImageObject\",\"inLanguage\":\"lv-LV\",\"@id\":\"https:\/\/abrhome.eu\/#\/schema\/logo\/image\/\",\"url\":\"https:\/\/abrhome.eu\/wp-content\/uploads\/2023\/12\/logo-10.png\",\"contentUrl\":\"https:\/\/abrhome.eu\/wp-content\/uploads\/2023\/12\/logo-10.png\",\"width\":300,\"height\":139,\"caption\":\"ABR Home - Metallic constructions since 2010\"},\"image\":{\"@id\":\"https:\/\/abrhome.eu\/#\/schema\/logo\/image\/\"}}]}<\/script>\n<!-- \/ Yoast SEO plugin. -->","yoast_head_json":{"title":"Iztur\u012bgs \u0101ra met\u0101la k\u0101p\u0146u margas - ABR Home - Metallic constructions since 2010","robots":{"index":"index","follow":"follow","max-snippet":"max-snippet:-1","max-image-preview":"max-image-preview:large","max-video-preview":"max-video-preview:-1"},"canonical":"https:\/\/abrhome.eu\/product\/durable-outdoor-metal-stair-handrail\/","og_locale":"lv_LV","og_type":"article","og_title":"Iztur\u012bgs \u0101ra met\u0101la k\u0101p\u0146u margas - ABR Home - Metallic constructions since 2010","og_description":"Uzlabojiet dro\u0161\u012bbu \u0101r\u0101 ar m\u016bsu Iztur\u012bgo \u0101ra met\u0101la k\u0101p\u0146u margu. Izgatavots no augstas kvalit\u0101tes, cinkota t\u0113rauda, \u0161is 90-100 cm augstais un 3-5 metru garais margas pied\u0101v\u0101 izcilu iztur\u012bbu un laikapst\u0101k\u013cu iztur\u012bbu, piem\u0113rots gan dz\u012bvojamo, gan komerci\u0101lo \u012bpa\u0161umu lietojumam.","og_url":"https:\/\/abrhome.eu\/product\/durable-outdoor-metal-stair-handrail\/","og_site_name":"ABR Home - Metallic constructions since 2010","article_modified_time":"2024-06-04T20:57:10+00:00","og_image":[{"width":2560,"height":1920,"url":"https:\/\/abrhome.eu\/wp-content\/uploads\/2024\/06\/20231025_095312_HDR-1-scaled.jpg","type":"image\/jpeg"}],"twitter_card":"summary_large_image","twitter_misc":{"Est. reading time":"1 minute"},"schema":{"@context":"https:\/\/schema.org","@graph":[{"@type":"WebPage","@id":"https:\/\/abrhome.eu\/product\/durable-outdoor-metal-stair-handrail\/","url":"https:\/\/abrhome.eu\/product\/durable-outdoor-metal-stair-handrail\/","name":"Iztur\u012bgs \u0101ra met\u0101la k\u0101p\u0146u margas - ABR Home - Metallic constructions since 2010","isPartOf":{"@id":"https:\/\/abrhome.eu\/#website"},"primaryImageOfPage":{"@id":"https:\/\/abrhome.eu\/product\/durable-outdoor-metal-stair-handrail\/#primaryimage"},"image":{"@id":"https:\/\/abrhome.eu\/product\/durable-outdoor-metal-stair-handrail\/#primaryimage"},"thumbnailUrl":"https:\/\/abrhome.eu\/wp-content\/uploads\/2024\/06\/20231025_095312_HDR-1-scaled.jpg","datePublished":"2024-06-04T15:22:45+00:00","dateModified":"2024-06-04T20:57:10+00:00","breadcrumb":{"@id":"https:\/\/abrhome.eu\/product\/durable-outdoor-metal-stair-handrail\/#breadcrumb"},"inLanguage":"lv-LV","potentialAction":[{"@type":"ReadAction","target":["https:\/\/abrhome.eu\/product\/durable-outdoor-metal-stair-handrail\/"]}]},{"@type":"ImageObject","inLanguage":"lv-LV","@id":"https:\/\/abrhome.eu\/product\/durable-outdoor-metal-stair-handrail\/#primaryimage","url":"https:\/\/abrhome.eu\/wp-content\/uploads\/2024\/06\/20231025_095312_HDR-1-scaled.jpg","contentUrl":"https:\/\/abrhome.eu\/wp-content\/uploads\/2024\/06\/20231025_095312_HDR-1-scaled.jpg","width":2560,"height":1920,"caption":"Kest\u00e4v\u00e4 Ulkotilan Metallinen Portaikon K\u00e4sijohte"},{"@type":"BreadcrumbList","@id":"https:\/\/abrhome.eu\/product\/durable-outdoor-metal-stair-handrail\/#breadcrumb","itemListElement":[{"@type":"ListItem","position":1,"name":"Home","item":"https:\/\/abrhome.eu\/lv\/"},{"@type":"ListItem","position":2,"name":"Produkti","item":"https:\/\/abrhome.eu\/lv\/produkti\/"},{"@type":"ListItem","position":3,"name":"Iztur\u012bgs \u0101ra met\u0101la k\u0101p\u0146u margas"}]},{"@type":"WebSite","@id":"https:\/\/abrhome.eu\/#website","url":"https:\/\/abrhome.eu\/","name":"ABR Home - Metallic constructions since 2010","description":"","publisher":{"@id":"https:\/\/abrhome.eu\/#organization"},"potentialAction":[{"@type":"SearchAction","target":{"@type":"EntryPoint","urlTemplate":"https:\/\/abrhome.eu\/?s={search_term_string}"},"query-input":"required name=search_term_string"}],"inLanguage":"lv-LV"},{"@type":"Organization","@id":"https:\/\/abrhome.eu\/#organization","name":"ABR Home - Metallic constructions since 2010","url":"https:\/\/abrhome.eu\/","logo":{"@type":"ImageObject","inLanguage":"lv-LV","@id":"https:\/\/abrhome.eu\/#\/schema\/logo\/image\/","url":"https:\/\/abrhome.eu\/wp-content\/uploads\/2023\/12\/logo-10.png","contentUrl":"https:\/\/abrhome.eu\/wp-content\/uploads\/2023\/12\/logo-10.png","width":300,"height":139,"caption":"ABR Home - Metallic constructions since 2010"},"image":{"@id":"https:\/\/abrhome.eu\/#\/schema\/logo\/image\/"}}]}},"_links":{"self":[{"href":"https:\/\/abrhome.eu\/lv\/wp-json\/wp\/v2\/product\/14621","targetHints":{"allow":["GET"]}}],"collection":[{"href":"https:\/\/abrhome.eu\/lv\/wp-json\/wp\/v2\/product"}],"about":[{"href":"https:\/\/abrhome.eu\/lv\/wp-json\/wp\/v2\/types\/product"}],"version-history":[{"count":0,"href":"https:\/\/abrhome.eu\/lv\/wp-json\/wp\/v2\/product\/14621\/revisions"}],"wp:featuredmedia":[{"embeddable":true,"href":"https:\/\/abrhome.eu\/lv\/wp-json\/wp\/v2\/media\/7388"}],"wp:attachment":[{"href":"https:\/\/abrhome.eu\/lv\/wp-json\/wp\/v2\/media?parent=14621"}],"wp:term":[{"taxonomy":"product_cat","embeddable":true,"href":"https:\/\/abrhome.eu\/lv\/wp-json\/wp\/v2\/product_cat?post=14621"},{"taxonomy":"product_tag","embeddable":true,"href":"https:\/\/abrhome.eu\/lv\/wp-json\/wp\/v2\/product_tag?post=14621"}],"curies":[{"name":"wp","href":"https:\/\/api.w.org\/{rel}","templated":true}]}}