{"id":10237,"date":"2024-06-04T17:11:46","date_gmt":"2024-06-04T15:11:46","guid":{"rendered":"https:\/\/abrhome.eu\/product\/stal-balkongrekkverk-og-plattform\/"},"modified":"2024-06-04T18:56:30","modified_gmt":"2024-06-04T16:56:30","slug":"stal-balkongrekkverk-og-plattform","status":"publish","type":"product","link":"https:\/\/abrhome.eu\/no\/produkt\/stal-balkongrekkverk-og-plattform\/","title":{"rendered":"St\u00e5l Balkongrekkverk og Plattform"},"content":{"rendered":"<p>Forbedre sikkerheten og den estetiske appellen til bygningene dine med v\u00e5rt <b>St\u00e5l Balkongrekkverk og Plattform<\/b>. Laget av h\u00f8ykvalitets st\u00e5l, inneholder dette produktet en robust plattform og et sikkert rekkverkssystem designet for \u00e5 forhindre fall og legge til et stilrent, moderne preg p\u00e5 enhver eksteri\u00f8r. Plattformen m\u00e5ler omtrent 1&#215;1 meter, gir rikelig med plass og sikrer stabilitet.<\/p>\n<p>Hvert rekkverk er n\u00f8ye h\u00e5ndlaget, st\u00e5r omtrent 90 til 100 cm h\u00f8yt, og integrerer s\u00f8ml\u00f8st med plattformen. Overflaten er behandlet med en holdbar m\u00f8rkegr\u00e5 maling, spesifikt RAL 7016 Antrasittgr\u00e5, som tilbyr overlegen korrosjonsbestandighet og beholder sitt elegante utseende over tid. Ideell for b\u00e5de bolig- og kommersielle applikasjoner, er denne balkongstrukturen enkelt montert til bygningen din ved bruk av kraftige bolter og braketter for garantert sikkerhet og stabilitet. Relevante <b>SEO-n\u00f8kkelord<\/b> inkluderer <b>metall balkongrekkverk<\/b>, <b>st\u00e5l plattform<\/b>, <b>galvanisert balkongrekkverk<\/b>, <b>st\u00e5l balkongrekkverk design<\/b> og <b>utend\u00f8rs balkongrekkverkssystem<\/b>.<\/p>\n<p> <div class=\"p2410-product-tags\" style=\"margin:1rem 0\">\r\n\t\t<div style=\"font-weight:600\">Tags<\/div>\r\n\t\t<div><a href=\"https:\/\/abrhome.eu\/no\/produkt-stikkord\/metall-balkongrekkverk\/\" class=\"product-tag\">metall balkongrekkverk<\/a>, <a href=\"https:\/\/abrhome.eu\/no\/produkt-stikkord\/moderne-rekkverksdesign\/\" class=\"product-tag\">moderne rekkverksdesign<\/a>, <a href=\"https:\/\/abrhome.eu\/no\/produkt-stikkord\/sikkerhetsbalkongrekkverk\/\" class=\"product-tag\">sikkerhetsbalkongrekkverk<\/a>, <a href=\"https:\/\/abrhome.eu\/no\/produkt-stikkord\/stalbalkongrekkverk\/\" class=\"product-tag\">st\u00e5lbalkongrekkverk<\/a>, <a href=\"https:\/\/abrhome.eu\/no\/produkt-stikkord\/utendorsbalkongplattform\/\" class=\"product-tag\">utend\u00f8rsbalkongplattform<\/a><\/div>\r\n\t<\/div> <div class=\"p2410-product-colors\" style=\"margin:1rem 0\">\r\n\t\t<div style=\"font-weight:600\">Farge<\/div>\r\n\t\t<div><span>RAL 1023 Trafikkgul (Gul)<\/span>, <span>RAL 1036 Perlegull (Gull)<\/span>, <span>RAL 2004 Ren oransje (Oransje)<\/span>, <span>RAL 3000 Flamme r\u00f8d (R\u00f8d)<\/span>, <span>RAL 3020 Trafikkr\u00f8d (R\u00f8d)<\/span>, <span>RAL 4005 Bl\u00e5lilla (Fiolett)<\/span>, <span>RAL 5005 Signalbl\u00e5 (Bl\u00e5)<\/span>, <span>RAL 5010 Gentian blue (Bl\u00e5)<\/span>, <span>RAL 6005 Mosegr\u00f8nn (Gr\u00f8nn)<\/span>, <span>RAL 7012 Basaltgr\u00e5 (Gr\u00e5)<\/span>, <span>RAL 7015 Skifergr\u00e5 (Gr\u00e5)<\/span>, <span>RAL 7016 Antrasitt gr\u00e5 (Gr\u00e5)<\/span>, <span>RAL 7021 Svart gr\u00e5 (Svart)<\/span>, <span>RAL 7024 Grafittgr\u00e5 (Gr\u00e5)<\/span>, <span>RAL 7032 Stein gr\u00e5 (Gr\u00e5)<\/span>, <span>RAL 7035 Lys gr\u00e5 (Gr\u00e5)<\/span>, <span>RAL 7040 Vindusgr\u00e5 (Gr\u00e5)<\/span>, <span>RAL 7042 Trafikkgr\u00e5 A (Gr\u00e5)<\/span>, <span>RAL 8017 Sjokoladebrun (Brun)<\/span>, <span>RAL 9005 Jet svart (Svart)<\/span>, <span>RAL 9006 Hvit aluminium (S\u00f8lv)<\/span>, <span>RAL 9007 Gr\u00e5 aluminium (S\u00f8lv)<\/span>, <span>RAL 9010 Ren hvit (Hvit)<\/span>, <span>RAL 9016 Trafikkhvit (Hvit)<\/span><\/div>\r\n\t<\/div><\/p>\n","protected":false},"excerpt":{"rendered":"<p>Oppdag det robuste <b>St\u00e5l Balkongrekkverk og Plattform<\/b>, perfekt for \u00e5 forbedre sikkerheten og legge til et moderne preg p\u00e5 bygninger. Har konstruksjon av h\u00f8ykvalitets st\u00e5l, holdbar belegg og enkel installasjon.<\/p>\n","protected":false},"featured_media":2498,"template":"","meta":[],"product_cat":[26697],"product_tag":[2164,3337,3351,2597,3323],"class_list":{"0":"post-10237","1":"product","2":"type-product","3":"status-publish","4":"has-post-thumbnail","6":"product_cat-hjem-strukturer-balkong","7":"product_tag-metall-balkongrekkverk","8":"product_tag-moderne-rekkverksdesign","9":"product_tag-sikkerhetsbalkongrekkverk","10":"product_tag-stalbalkongrekkverk","11":"product_tag-utendorsbalkongplattform","13":"first","14":"instock","15":"shipping-taxable","16":"product-type-simple"},"yoast_head":"<!-- This site is optimized with the Yoast SEO plugin v23.1 - https:\/\/yoast.com\/wordpress\/plugins\/seo\/ -->\n<title>St\u00e5l Balkongrekkverk og Plattform - ABR Home - Metallic constructions since 2010<\/title>\n<meta name=\"robots\" content=\"index, follow, max-snippet:-1, max-image-preview:large, max-video-preview:-1\" \/>\n<link rel=\"canonical\" href=\"https:\/\/abrhome.eu\/produkt\/steel-balcony-railing-and-platform\/\" \/>\n<meta property=\"og:locale\" content=\"nb_NO\" \/>\n<meta property=\"og:type\" content=\"article\" \/>\n<meta property=\"og:title\" content=\"St\u00e5l Balkongrekkverk og Plattform - ABR Home - Metallic constructions since 2010\" \/>\n<meta property=\"og:description\" content=\"Oppdag det robuste St\u00e5l Balkongrekkverk og Plattform, perfekt for \u00e5 forbedre sikkerheten og legge til et moderne preg p\u00e5 bygninger. Har konstruksjon av h\u00f8ykvalitets st\u00e5l, holdbar belegg og enkel installasjon.\" \/>\n<meta property=\"og:url\" content=\"https:\/\/abrhome.eu\/produkt\/steel-balcony-railing-and-platform\/\" \/>\n<meta property=\"og:site_name\" content=\"ABR Home - Metallic constructions since 2010\" \/>\n<meta property=\"article:modified_time\" content=\"2024-06-04T16:56:30+00:00\" \/>\n<meta property=\"og:image\" content=\"https:\/\/abrhome.eu\/wp-content\/uploads\/2024\/06\/balkons-1x1-marga.jpg\" \/>\n\t<meta property=\"og:image:width\" content=\"1200\" \/>\n\t<meta property=\"og:image:height\" content=\"1600\" \/>\n\t<meta property=\"og:image:type\" content=\"image\/jpeg\" \/>\n<meta name=\"twitter:card\" content=\"summary_large_image\" \/>\n<meta name=\"twitter:label1\" content=\"Ansl. lesetid\" \/>\n\t<meta name=\"twitter:data1\" content=\"1 minutt\" \/>\n<script type=\"application\/ld+json\" class=\"yoast-schema-graph\">{\"@context\":\"https:\/\/schema.org\",\"@graph\":[{\"@type\":\"WebPage\",\"@id\":\"https:\/\/abrhome.eu\/produkt\/steel-balcony-railing-and-platform\/\",\"url\":\"https:\/\/abrhome.eu\/produkt\/steel-balcony-railing-and-platform\/\",\"name\":\"St\u00e5l Balkongrekkverk og Plattform - ABR Home - Metallic constructions since 2010\",\"isPartOf\":{\"@id\":\"https:\/\/abrhome.eu\/#website\"},\"primaryImageOfPage\":{\"@id\":\"https:\/\/abrhome.eu\/produkt\/steel-balcony-railing-and-platform\/#primaryimage\"},\"image\":{\"@id\":\"https:\/\/abrhome.eu\/produkt\/steel-balcony-railing-and-platform\/#primaryimage\"},\"thumbnailUrl\":\"https:\/\/abrhome.eu\/wp-content\/uploads\/2024\/06\/balkons-1x1-marga.jpg\",\"datePublished\":\"2024-06-04T15:11:46+00:00\",\"dateModified\":\"2024-06-04T16:56:30+00:00\",\"breadcrumb\":{\"@id\":\"https:\/\/abrhome.eu\/produkt\/steel-balcony-railing-and-platform\/#breadcrumb\"},\"inLanguage\":\"nb-NO\",\"potentialAction\":[{\"@type\":\"ReadAction\",\"target\":[\"https:\/\/abrhome.eu\/produkt\/steel-balcony-railing-and-platform\/\"]}]},{\"@type\":\"ImageObject\",\"inLanguage\":\"nb-NO\",\"@id\":\"https:\/\/abrhome.eu\/produkt\/steel-balcony-railing-and-platform\/#primaryimage\",\"url\":\"https:\/\/abrhome.eu\/wp-content\/uploads\/2024\/06\/balkons-1x1-marga.jpg\",\"contentUrl\":\"https:\/\/abrhome.eu\/wp-content\/uploads\/2024\/06\/balkons-1x1-marga.jpg\",\"width\":1200,\"height\":1600,\"caption\":\"Ter\u00e4ksinen parvekkeen kaide ja alusta\"},{\"@type\":\"BreadcrumbList\",\"@id\":\"https:\/\/abrhome.eu\/produkt\/steel-balcony-railing-and-platform\/#breadcrumb\",\"itemListElement\":[{\"@type\":\"ListItem\",\"position\":1,\"name\":\"Home\",\"item\":\"https:\/\/abrhome.eu\/no\/\"},{\"@type\":\"ListItem\",\"position\":2,\"name\":\"Produkter\",\"item\":\"https:\/\/abrhome.eu\/products\/\"},{\"@type\":\"ListItem\",\"position\":3,\"name\":\"St\u00e5l Balkongrekkverk og Plattform\"}]},{\"@type\":\"WebSite\",\"@id\":\"https:\/\/abrhome.eu\/#website\",\"url\":\"https:\/\/abrhome.eu\/\",\"name\":\"ABR Home - Metallic constructions since 2010\",\"description\":\"\",\"publisher\":{\"@id\":\"https:\/\/abrhome.eu\/#organization\"},\"potentialAction\":[{\"@type\":\"SearchAction\",\"target\":{\"@type\":\"EntryPoint\",\"urlTemplate\":\"https:\/\/abrhome.eu\/?s={search_term_string}\"},\"query-input\":\"required name=search_term_string\"}],\"inLanguage\":\"nb-NO\"},{\"@type\":\"Organization\",\"@id\":\"https:\/\/abrhome.eu\/#organization\",\"name\":\"ABR Home - Metallic constructions since 2010\",\"url\":\"https:\/\/abrhome.eu\/\",\"logo\":{\"@type\":\"ImageObject\",\"inLanguage\":\"nb-NO\",\"@id\":\"https:\/\/abrhome.eu\/#\/schema\/logo\/image\/\",\"url\":\"https:\/\/abrhome.eu\/wp-content\/uploads\/2023\/12\/logo-10.png\",\"contentUrl\":\"https:\/\/abrhome.eu\/wp-content\/uploads\/2023\/12\/logo-10.png\",\"width\":300,\"height\":139,\"caption\":\"ABR Home - Metallic constructions since 2010\"},\"image\":{\"@id\":\"https:\/\/abrhome.eu\/#\/schema\/logo\/image\/\"}}]}<\/script>\n<!-- \/ Yoast SEO plugin. -->","yoast_head_json":{"title":"St\u00e5l Balkongrekkverk og Plattform - ABR Home - Metallic constructions since 2010","robots":{"index":"index","follow":"follow","max-snippet":"max-snippet:-1","max-image-preview":"max-image-preview:large","max-video-preview":"max-video-preview:-1"},"canonical":"https:\/\/abrhome.eu\/produkt\/steel-balcony-railing-and-platform\/","og_locale":"nb_NO","og_type":"article","og_title":"St\u00e5l Balkongrekkverk og Plattform - ABR Home - Metallic constructions since 2010","og_description":"Oppdag det robuste St\u00e5l Balkongrekkverk og Plattform, perfekt for \u00e5 forbedre sikkerheten og legge til et moderne preg p\u00e5 bygninger. Har konstruksjon av h\u00f8ykvalitets st\u00e5l, holdbar belegg og enkel installasjon.","og_url":"https:\/\/abrhome.eu\/produkt\/steel-balcony-railing-and-platform\/","og_site_name":"ABR Home - Metallic constructions since 2010","article_modified_time":"2024-06-04T16:56:30+00:00","og_image":[{"width":1200,"height":1600,"url":"https:\/\/abrhome.eu\/wp-content\/uploads\/2024\/06\/balkons-1x1-marga.jpg","type":"image\/jpeg"}],"twitter_card":"summary_large_image","twitter_misc":{"Ansl. lesetid":"1 minutt"},"schema":{"@context":"https:\/\/schema.org","@graph":[{"@type":"WebPage","@id":"https:\/\/abrhome.eu\/produkt\/steel-balcony-railing-and-platform\/","url":"https:\/\/abrhome.eu\/produkt\/steel-balcony-railing-and-platform\/","name":"St\u00e5l Balkongrekkverk og Plattform - ABR Home - Metallic constructions since 2010","isPartOf":{"@id":"https:\/\/abrhome.eu\/#website"},"primaryImageOfPage":{"@id":"https:\/\/abrhome.eu\/produkt\/steel-balcony-railing-and-platform\/#primaryimage"},"image":{"@id":"https:\/\/abrhome.eu\/produkt\/steel-balcony-railing-and-platform\/#primaryimage"},"thumbnailUrl":"https:\/\/abrhome.eu\/wp-content\/uploads\/2024\/06\/balkons-1x1-marga.jpg","datePublished":"2024-06-04T15:11:46+00:00","dateModified":"2024-06-04T16:56:30+00:00","breadcrumb":{"@id":"https:\/\/abrhome.eu\/produkt\/steel-balcony-railing-and-platform\/#breadcrumb"},"inLanguage":"nb-NO","potentialAction":[{"@type":"ReadAction","target":["https:\/\/abrhome.eu\/produkt\/steel-balcony-railing-and-platform\/"]}]},{"@type":"ImageObject","inLanguage":"nb-NO","@id":"https:\/\/abrhome.eu\/produkt\/steel-balcony-railing-and-platform\/#primaryimage","url":"https:\/\/abrhome.eu\/wp-content\/uploads\/2024\/06\/balkons-1x1-marga.jpg","contentUrl":"https:\/\/abrhome.eu\/wp-content\/uploads\/2024\/06\/balkons-1x1-marga.jpg","width":1200,"height":1600,"caption":"Ter\u00e4ksinen parvekkeen kaide ja alusta"},{"@type":"BreadcrumbList","@id":"https:\/\/abrhome.eu\/produkt\/steel-balcony-railing-and-platform\/#breadcrumb","itemListElement":[{"@type":"ListItem","position":1,"name":"Home","item":"https:\/\/abrhome.eu\/no\/"},{"@type":"ListItem","position":2,"name":"Produkter","item":"https:\/\/abrhome.eu\/products\/"},{"@type":"ListItem","position":3,"name":"St\u00e5l Balkongrekkverk og Plattform"}]},{"@type":"WebSite","@id":"https:\/\/abrhome.eu\/#website","url":"https:\/\/abrhome.eu\/","name":"ABR Home - Metallic constructions since 2010","description":"","publisher":{"@id":"https:\/\/abrhome.eu\/#organization"},"potentialAction":[{"@type":"SearchAction","target":{"@type":"EntryPoint","urlTemplate":"https:\/\/abrhome.eu\/?s={search_term_string}"},"query-input":"required name=search_term_string"}],"inLanguage":"nb-NO"},{"@type":"Organization","@id":"https:\/\/abrhome.eu\/#organization","name":"ABR Home - Metallic constructions since 2010","url":"https:\/\/abrhome.eu\/","logo":{"@type":"ImageObject","inLanguage":"nb-NO","@id":"https:\/\/abrhome.eu\/#\/schema\/logo\/image\/","url":"https:\/\/abrhome.eu\/wp-content\/uploads\/2023\/12\/logo-10.png","contentUrl":"https:\/\/abrhome.eu\/wp-content\/uploads\/2023\/12\/logo-10.png","width":300,"height":139,"caption":"ABR Home - Metallic constructions since 2010"},"image":{"@id":"https:\/\/abrhome.eu\/#\/schema\/logo\/image\/"}}]}},"_links":{"self":[{"href":"https:\/\/abrhome.eu\/no\/wp-json\/wp\/v2\/product\/10237","targetHints":{"allow":["GET"]}}],"collection":[{"href":"https:\/\/abrhome.eu\/no\/wp-json\/wp\/v2\/product"}],"about":[{"href":"https:\/\/abrhome.eu\/no\/wp-json\/wp\/v2\/types\/product"}],"version-history":[{"count":0,"href":"https:\/\/abrhome.eu\/no\/wp-json\/wp\/v2\/product\/10237\/revisions"}],"wp:featuredmedia":[{"embeddable":true,"href":"https:\/\/abrhome.eu\/no\/wp-json\/wp\/v2\/media\/2498"}],"wp:attachment":[{"href":"https:\/\/abrhome.eu\/no\/wp-json\/wp\/v2\/media?parent=10237"}],"wp:term":[{"taxonomy":"product_cat","embeddable":true,"href":"https:\/\/abrhome.eu\/no\/wp-json\/wp\/v2\/product_cat?post=10237"},{"taxonomy":"product_tag","embeddable":true,"href":"https:\/\/abrhome.eu\/no\/wp-json\/wp\/v2\/product_tag?post=10237"}],"curies":[{"name":"wp","href":"https:\/\/api.w.org\/{rel}","templated":true}]}}