{"id":11337,"date":"2024-06-04T17:15:09","date_gmt":"2024-06-04T15:15:09","guid":{"rendered":"https:\/\/abrhome.eu\/product\/dobbel-blad-perforert-metallport\/"},"modified":"2024-06-04T21:18:41","modified_gmt":"2024-06-04T19:18:41","slug":"dobbel-blad-perforert-metallport","status":"publish","type":"product","link":"https:\/\/abrhome.eu\/no\/produkt\/dobbel-blad-perforert-metallport\/","title":{"rendered":"Dobbel-Blad Perforert Metallport"},"content":{"rendered":"<p>Forbedre sikkerheten og estetikken til din bolig- eller bedriftseiendom med v\u00e5r <b>Dobbel-Blad Perforert Metallport<\/b>. Konstruert av st\u00e5l av h\u00f8y kvalitet, har denne porten en slitesterk ramme med n\u00f8ye utformet perforerte paneler. Designet gir b\u00e5de privatliv og et moderne utseende, egnet for forskjellige innganger.<\/p>\n<p>Porten er konstruert med presisjon. Designfasen involverer n\u00f8ye skj\u00e6ring, fresing og sveising for \u00e5 sikre en robust montering. Perforeringsm\u00f8nsteret bruker avansert stemplingsteknologi, som fremhever en unik visuell flair. Et robust matt svart pulverbelegg, spesifikt <b>RAL 9005 (Jet Black)<\/b>, \u00f8ker holdbarheten mot ugunstig v\u00e6r, og opprettholder et elegant utseende over tid.<\/p>\n<p>Med en h\u00f8yde p\u00e5 omtrent 2 til 2,5 meter og en bredde p\u00e5 ca. 3 til 4 meter er porten perfekt st\u00f8rrelse for mange bruksomr\u00e5der. Installasjonen er grei, med hengsler designet for sikker montering til stolper eller vegger, og sikrer smidig operasjon og justering. Det er et ideelt valg for de som s\u00f8ker en <b>st\u00e5l sikkerhetsport<\/b> eller en <b>kommersiell metallport<\/b> med et tydelig <b>dobbelt blad portdesign<\/b>.<\/p>\n<p> <div class=\"p2410-product-tags\" style=\"margin:1rem 0\">\r\n\t\t<div style=\"font-weight:600\">Tags<\/div>\r\n\t\t<div><a href=\"https:\/\/abrhome.eu\/no\/produkt-stikkord\/dobbelt-blad-portdesign\/\" class=\"product-tag\">dobbelt blad portdesign<\/a>, <a href=\"https:\/\/abrhome.eu\/no\/produkt-stikkord\/kommersiell-metallport\/\" class=\"product-tag\">kommersiell metallport<\/a>, <a href=\"https:\/\/abrhome.eu\/no\/produkt-stikkord\/perforert-metallport\/\" class=\"product-tag\">perforert metallport<\/a>, <a href=\"https:\/\/abrhome.eu\/no\/produkt-stikkord\/ral-9005-svart-port\/\" class=\"product-tag\">RAL 9005 svart port<\/a>, <a href=\"https:\/\/abrhome.eu\/no\/produkt-stikkord\/stal-sikkerhetsport\/\" class=\"product-tag\">st\u00e5l sikkerhetsport<\/a><\/div>\r\n\t<\/div> <div class=\"p2410-product-colors\" style=\"margin:1rem 0\">\r\n\t\t<div style=\"font-weight:600\">Farge<\/div>\r\n\t\t<div><span>RAL 1023 Trafikkgul (Gul)<\/span>, <span>RAL 1036 Perlegull (Gull)<\/span>, <span>RAL 2004 Ren oransje (Oransje)<\/span>, <span>RAL 3000 Flamme r\u00f8d (R\u00f8d)<\/span>, <span>RAL 3020 Trafikkr\u00f8d (R\u00f8d)<\/span>, <span>RAL 4005 Bl\u00e5lilla (Fiolett)<\/span>, <span>RAL 5005 Signalbl\u00e5 (Bl\u00e5)<\/span>, <span>RAL 5010 Gentian blue (Bl\u00e5)<\/span>, <span>RAL 6005 Mosegr\u00f8nn (Gr\u00f8nn)<\/span>, <span>RAL 7012 Basaltgr\u00e5 (Gr\u00e5)<\/span>, <span>RAL 7015 Skifergr\u00e5 (Gr\u00e5)<\/span>, <span>RAL 7016 Antrasitt gr\u00e5 (Gr\u00e5)<\/span>, <span>RAL 7021 Svart gr\u00e5 (Svart)<\/span>, <span>RAL 7024 Grafittgr\u00e5 (Gr\u00e5)<\/span>, <span>RAL 7032 Stein gr\u00e5 (Gr\u00e5)<\/span>, <span>RAL 7035 Lys gr\u00e5 (Gr\u00e5)<\/span>, <span>RAL 7040 Vindusgr\u00e5 (Gr\u00e5)<\/span>, <span>RAL 7042 Trafikkgr\u00e5 A (Gr\u00e5)<\/span>, <span>RAL 8017 Sjokoladebrun (Brun)<\/span>, <span>RAL 9005 Jet svart (Svart)<\/span>, <span>RAL 9006 Hvit aluminium (S\u00f8lv)<\/span>, <span>RAL 9007 Gr\u00e5 aluminium (S\u00f8lv)<\/span>, <span>RAL 9010 Ren hvit (Hvit)<\/span>, <span>RAL 9016 Trafikkhvit (Hvit)<\/span><\/div>\r\n\t<\/div><\/p>\n","protected":false},"excerpt":{"rendered":"<p>Oppdag den robuste <b>Dobbel-Blad Perforert Metallport<\/b>, laget av st\u00e5l av h\u00f8y kvalitet og med et moderne perforert design med en matt <b>RAL 9005 svart<\/b> finish. Perfekt for \u00e5 forbedre sikkerhet og estetikk av forskjellige lokaler.<\/p>\n","protected":false},"featured_media":4208,"template":"","meta":[],"product_cat":[26683],"product_tag":[7878,7864,7850,7892,7780],"class_list":{"0":"post-11337","1":"product","2":"type-product","3":"status-publish","4":"has-post-thumbnail","6":"product_cat-sperringer-og-gjerder-porter-og-gjerder","7":"product_tag-dobbelt-blad-portdesign","8":"product_tag-kommersiell-metallport","9":"product_tag-perforert-metallport","10":"product_tag-ral-9005-svart-port","11":"product_tag-stal-sikkerhetsport","13":"first","14":"instock","15":"shipping-taxable","16":"product-type-simple"},"yoast_head":"<!-- This site is optimized with the Yoast SEO plugin v23.1 - https:\/\/yoast.com\/wordpress\/plugins\/seo\/ -->\n<title>Dobbel-Blad Perforert Metallport - ABR Home - Metallic constructions since 2010<\/title>\n<meta name=\"robots\" content=\"index, follow, max-snippet:-1, max-image-preview:large, max-video-preview:-1\" \/>\n<link rel=\"canonical\" href=\"https:\/\/abrhome.eu\/produkt\/double-leaf-perforated-metal-gate\/\" \/>\n<meta property=\"og:locale\" content=\"nb_NO\" \/>\n<meta property=\"og:type\" content=\"article\" \/>\n<meta property=\"og:title\" content=\"Dobbel-Blad Perforert Metallport - ABR Home - Metallic constructions since 2010\" \/>\n<meta property=\"og:description\" content=\"Oppdag den robuste Dobbel-Blad Perforert Metallport, laget av st\u00e5l av h\u00f8y kvalitet og med et moderne perforert design med en matt RAL 9005 svart finish. Perfekt for \u00e5 forbedre sikkerhet og estetikk av forskjellige lokaler.\" \/>\n<meta property=\"og:url\" content=\"https:\/\/abrhome.eu\/produkt\/double-leaf-perforated-metal-gate\/\" \/>\n<meta property=\"og:site_name\" content=\"ABR Home - Metallic constructions since 2010\" \/>\n<meta property=\"article:modified_time\" content=\"2024-06-04T19:18:41+00:00\" \/>\n<meta property=\"og:image\" content=\"https:\/\/abrhome.eu\/wp-content\/uploads\/2024\/06\/IMG-20220226-WA0000.jpg\" \/>\n\t<meta property=\"og:image:width\" content=\"1600\" \/>\n\t<meta property=\"og:image:height\" content=\"1200\" \/>\n\t<meta property=\"og:image:type\" content=\"image\/jpeg\" \/>\n<meta name=\"twitter:card\" content=\"summary_large_image\" \/>\n<meta name=\"twitter:label1\" content=\"Ansl. lesetid\" \/>\n\t<meta name=\"twitter:data1\" content=\"1 minutt\" \/>\n<script type=\"application\/ld+json\" class=\"yoast-schema-graph\">{\"@context\":\"https:\/\/schema.org\",\"@graph\":[{\"@type\":\"WebPage\",\"@id\":\"https:\/\/abrhome.eu\/produkt\/double-leaf-perforated-metal-gate\/\",\"url\":\"https:\/\/abrhome.eu\/produkt\/double-leaf-perforated-metal-gate\/\",\"name\":\"Dobbel-Blad Perforert Metallport - ABR Home - Metallic constructions since 2010\",\"isPartOf\":{\"@id\":\"https:\/\/abrhome.eu\/#website\"},\"primaryImageOfPage\":{\"@id\":\"https:\/\/abrhome.eu\/produkt\/double-leaf-perforated-metal-gate\/#primaryimage\"},\"image\":{\"@id\":\"https:\/\/abrhome.eu\/produkt\/double-leaf-perforated-metal-gate\/#primaryimage\"},\"thumbnailUrl\":\"https:\/\/abrhome.eu\/wp-content\/uploads\/2024\/06\/IMG-20220226-WA0000.jpg\",\"datePublished\":\"2024-06-04T15:15:09+00:00\",\"dateModified\":\"2024-06-04T19:18:41+00:00\",\"breadcrumb\":{\"@id\":\"https:\/\/abrhome.eu\/produkt\/double-leaf-perforated-metal-gate\/#breadcrumb\"},\"inLanguage\":\"nb-NO\",\"potentialAction\":[{\"@type\":\"ReadAction\",\"target\":[\"https:\/\/abrhome.eu\/produkt\/double-leaf-perforated-metal-gate\/\"]}]},{\"@type\":\"ImageObject\",\"inLanguage\":\"nb-NO\",\"@id\":\"https:\/\/abrhome.eu\/produkt\/double-leaf-perforated-metal-gate\/#primaryimage\",\"url\":\"https:\/\/abrhome.eu\/wp-content\/uploads\/2024\/06\/IMG-20220226-WA0000.jpg\",\"contentUrl\":\"https:\/\/abrhome.eu\/wp-content\/uploads\/2024\/06\/IMG-20220226-WA0000.jpg\",\"width\":1600,\"height\":1200,\"caption\":\"Kaksilehtinen Reik\u00e4metalliportti\"},{\"@type\":\"BreadcrumbList\",\"@id\":\"https:\/\/abrhome.eu\/produkt\/double-leaf-perforated-metal-gate\/#breadcrumb\",\"itemListElement\":[{\"@type\":\"ListItem\",\"position\":1,\"name\":\"Home\",\"item\":\"https:\/\/abrhome.eu\/no\/\"},{\"@type\":\"ListItem\",\"position\":2,\"name\":\"Produkter\",\"item\":\"https:\/\/abrhome.eu\/products\/\"},{\"@type\":\"ListItem\",\"position\":3,\"name\":\"Dobbel-Blad Perforert Metallport\"}]},{\"@type\":\"WebSite\",\"@id\":\"https:\/\/abrhome.eu\/#website\",\"url\":\"https:\/\/abrhome.eu\/\",\"name\":\"ABR Home - Metallic constructions since 2010\",\"description\":\"\",\"publisher\":{\"@id\":\"https:\/\/abrhome.eu\/#organization\"},\"potentialAction\":[{\"@type\":\"SearchAction\",\"target\":{\"@type\":\"EntryPoint\",\"urlTemplate\":\"https:\/\/abrhome.eu\/?s={search_term_string}\"},\"query-input\":\"required name=search_term_string\"}],\"inLanguage\":\"nb-NO\"},{\"@type\":\"Organization\",\"@id\":\"https:\/\/abrhome.eu\/#organization\",\"name\":\"ABR Home - Metallic constructions since 2010\",\"url\":\"https:\/\/abrhome.eu\/\",\"logo\":{\"@type\":\"ImageObject\",\"inLanguage\":\"nb-NO\",\"@id\":\"https:\/\/abrhome.eu\/#\/schema\/logo\/image\/\",\"url\":\"https:\/\/abrhome.eu\/wp-content\/uploads\/2023\/12\/logo-10.png\",\"contentUrl\":\"https:\/\/abrhome.eu\/wp-content\/uploads\/2023\/12\/logo-10.png\",\"width\":300,\"height\":139,\"caption\":\"ABR Home - Metallic constructions since 2010\"},\"image\":{\"@id\":\"https:\/\/abrhome.eu\/#\/schema\/logo\/image\/\"}}]}<\/script>\n<!-- \/ Yoast SEO plugin. -->","yoast_head_json":{"title":"Dobbel-Blad Perforert Metallport - ABR Home - Metallic constructions since 2010","robots":{"index":"index","follow":"follow","max-snippet":"max-snippet:-1","max-image-preview":"max-image-preview:large","max-video-preview":"max-video-preview:-1"},"canonical":"https:\/\/abrhome.eu\/produkt\/double-leaf-perforated-metal-gate\/","og_locale":"nb_NO","og_type":"article","og_title":"Dobbel-Blad Perforert Metallport - ABR Home - Metallic constructions since 2010","og_description":"Oppdag den robuste Dobbel-Blad Perforert Metallport, laget av st\u00e5l av h\u00f8y kvalitet og med et moderne perforert design med en matt RAL 9005 svart finish. Perfekt for \u00e5 forbedre sikkerhet og estetikk av forskjellige lokaler.","og_url":"https:\/\/abrhome.eu\/produkt\/double-leaf-perforated-metal-gate\/","og_site_name":"ABR Home - Metallic constructions since 2010","article_modified_time":"2024-06-04T19:18:41+00:00","og_image":[{"width":1600,"height":1200,"url":"https:\/\/abrhome.eu\/wp-content\/uploads\/2024\/06\/IMG-20220226-WA0000.jpg","type":"image\/jpeg"}],"twitter_card":"summary_large_image","twitter_misc":{"Ansl. lesetid":"1 minutt"},"schema":{"@context":"https:\/\/schema.org","@graph":[{"@type":"WebPage","@id":"https:\/\/abrhome.eu\/produkt\/double-leaf-perforated-metal-gate\/","url":"https:\/\/abrhome.eu\/produkt\/double-leaf-perforated-metal-gate\/","name":"Dobbel-Blad Perforert Metallport - ABR Home - Metallic constructions since 2010","isPartOf":{"@id":"https:\/\/abrhome.eu\/#website"},"primaryImageOfPage":{"@id":"https:\/\/abrhome.eu\/produkt\/double-leaf-perforated-metal-gate\/#primaryimage"},"image":{"@id":"https:\/\/abrhome.eu\/produkt\/double-leaf-perforated-metal-gate\/#primaryimage"},"thumbnailUrl":"https:\/\/abrhome.eu\/wp-content\/uploads\/2024\/06\/IMG-20220226-WA0000.jpg","datePublished":"2024-06-04T15:15:09+00:00","dateModified":"2024-06-04T19:18:41+00:00","breadcrumb":{"@id":"https:\/\/abrhome.eu\/produkt\/double-leaf-perforated-metal-gate\/#breadcrumb"},"inLanguage":"nb-NO","potentialAction":[{"@type":"ReadAction","target":["https:\/\/abrhome.eu\/produkt\/double-leaf-perforated-metal-gate\/"]}]},{"@type":"ImageObject","inLanguage":"nb-NO","@id":"https:\/\/abrhome.eu\/produkt\/double-leaf-perforated-metal-gate\/#primaryimage","url":"https:\/\/abrhome.eu\/wp-content\/uploads\/2024\/06\/IMG-20220226-WA0000.jpg","contentUrl":"https:\/\/abrhome.eu\/wp-content\/uploads\/2024\/06\/IMG-20220226-WA0000.jpg","width":1600,"height":1200,"caption":"Kaksilehtinen Reik\u00e4metalliportti"},{"@type":"BreadcrumbList","@id":"https:\/\/abrhome.eu\/produkt\/double-leaf-perforated-metal-gate\/#breadcrumb","itemListElement":[{"@type":"ListItem","position":1,"name":"Home","item":"https:\/\/abrhome.eu\/no\/"},{"@type":"ListItem","position":2,"name":"Produkter","item":"https:\/\/abrhome.eu\/products\/"},{"@type":"ListItem","position":3,"name":"Dobbel-Blad Perforert Metallport"}]},{"@type":"WebSite","@id":"https:\/\/abrhome.eu\/#website","url":"https:\/\/abrhome.eu\/","name":"ABR Home - Metallic constructions since 2010","description":"","publisher":{"@id":"https:\/\/abrhome.eu\/#organization"},"potentialAction":[{"@type":"SearchAction","target":{"@type":"EntryPoint","urlTemplate":"https:\/\/abrhome.eu\/?s={search_term_string}"},"query-input":"required name=search_term_string"}],"inLanguage":"nb-NO"},{"@type":"Organization","@id":"https:\/\/abrhome.eu\/#organization","name":"ABR Home - Metallic constructions since 2010","url":"https:\/\/abrhome.eu\/","logo":{"@type":"ImageObject","inLanguage":"nb-NO","@id":"https:\/\/abrhome.eu\/#\/schema\/logo\/image\/","url":"https:\/\/abrhome.eu\/wp-content\/uploads\/2023\/12\/logo-10.png","contentUrl":"https:\/\/abrhome.eu\/wp-content\/uploads\/2023\/12\/logo-10.png","width":300,"height":139,"caption":"ABR Home - Metallic constructions since 2010"},"image":{"@id":"https:\/\/abrhome.eu\/#\/schema\/logo\/image\/"}}]}},"_links":{"self":[{"href":"https:\/\/abrhome.eu\/no\/wp-json\/wp\/v2\/product\/11337","targetHints":{"allow":["GET"]}}],"collection":[{"href":"https:\/\/abrhome.eu\/no\/wp-json\/wp\/v2\/product"}],"about":[{"href":"https:\/\/abrhome.eu\/no\/wp-json\/wp\/v2\/types\/product"}],"version-history":[{"count":0,"href":"https:\/\/abrhome.eu\/no\/wp-json\/wp\/v2\/product\/11337\/revisions"}],"wp:featuredmedia":[{"embeddable":true,"href":"https:\/\/abrhome.eu\/no\/wp-json\/wp\/v2\/media\/4208"}],"wp:attachment":[{"href":"https:\/\/abrhome.eu\/no\/wp-json\/wp\/v2\/media?parent=11337"}],"wp:term":[{"taxonomy":"product_cat","embeddable":true,"href":"https:\/\/abrhome.eu\/no\/wp-json\/wp\/v2\/product_cat?post=11337"},{"taxonomy":"product_tag","embeddable":true,"href":"https:\/\/abrhome.eu\/no\/wp-json\/wp\/v2\/product_tag?post=11337"}],"curies":[{"name":"wp","href":"https:\/\/api.w.org\/{rel}","templated":true}]}}