{"id":12636,"date":"2024-06-04T17:23:21","date_gmt":"2024-06-04T15:23:21","guid":{"rendered":"https:\/\/abrhome.eu\/product\/moderne-metallisk-balkongrekkverk\/"},"modified":"2024-06-04T22:19:17","modified_gmt":"2024-06-04T20:19:17","slug":"moderne-metallisk-balkongrekkverk","status":"publish","type":"product","link":"https:\/\/abrhome.eu\/no\/produkt\/moderne-metallisk-balkongrekkverk\/","title":{"rendered":"Moderne Metallisk Balkongrekkverk"},"content":{"rendered":"<p>Forbedre sikkerheten og den estetiske appellen til balkongen din med v\u00e5rt <b>Moderne Metallisk Balkongrekkverk<\/b>. Konstruert av h\u00f8ykvalitets <b>st\u00e5l<\/b> eller <b>aluminium<\/b>, lover dette rekkverket holdbarhet og robusthet, noe som gj\u00f8r det ideelt for b\u00e5de bolig- og n\u00e6ringsbygg. Med en h\u00f8yde p\u00e5 omtrent 1 til 1.2 meter og en bredde p\u00e5 2 til 3 meter er dette rekkverksystemet designet for \u00e5 tilby optimal beskyttelse uten \u00e5 g\u00e5 p\u00e5 kompromiss med stilen.<\/p>\n<p>Hvert rekkverk gjennomg\u00e5r en n\u00f8ye ingeni\u00f8r- og designprosess, ved bruk av avansert CAD-programvare etterfulgt av presisjonskutting, b\u00f8ying og fresing for \u00e5 skape en feilfri finish. Komponentene er sikkert montert enten ved sveising eller mekanisk festing og er belagt med et solid gr\u00e5tt pulver (RAL 7042 &#8211; Trafikkgr\u00e5 A) for forbedret v\u00e6rbestandighet og lang levetid. Rekkverket er systematisk pakket og klart for enkel montering, noe som sikrer stabilitet og vedvarende ytelse.<\/p>\n<p> <div class=\"p2410-product-tags\" style=\"margin:1rem 0\">\r\n\t\t<div style=\"font-weight:600\">Tags<\/div>\r\n\t\t<div><a href=\"https:\/\/abrhome.eu\/no\/produkt-stikkord\/aluminium-balkongrekkverk\/\" class=\"product-tag\">Aluminium Balkongrekkverk<\/a>, <a href=\"https:\/\/abrhome.eu\/no\/produkt-stikkord\/holdbart-utendors-rekkverk\/\" class=\"product-tag\">Holdbart Utend\u00f8rs Rekkverk<\/a>, <a href=\"https:\/\/abrhome.eu\/no\/produkt-stikkord\/metallisk-balkongrekkverk\/\" class=\"product-tag\">Metallisk Balkongrekkverk<\/a>, <a href=\"https:\/\/abrhome.eu\/no\/produkt-stikkord\/moderne-rekkverk-til-balkong\/\" class=\"product-tag\">Moderne Rekkverk til Balkong<\/a>, <a href=\"https:\/\/abrhome.eu\/no\/produkt-stikkord\/stalbalkongrekkverk\/\" class=\"product-tag\">st\u00e5lbalkongrekkverk<\/a><\/div>\r\n\t<\/div> <div class=\"p2410-product-colors\" style=\"margin:1rem 0\">\r\n\t\t<div style=\"font-weight:600\">Farge<\/div>\r\n\t\t<div><span>RAL 1023 Trafikkgul (Gul)<\/span>, <span>RAL 1036 Perlegull (Gull)<\/span>, <span>RAL 2004 Ren oransje (Oransje)<\/span>, <span>RAL 3000 Flamme r\u00f8d (R\u00f8d)<\/span>, <span>RAL 3020 Trafikkr\u00f8d (R\u00f8d)<\/span>, <span>RAL 4005 Bl\u00e5lilla (Fiolett)<\/span>, <span>RAL 5005 Signalbl\u00e5 (Bl\u00e5)<\/span>, <span>RAL 5010 Gentian blue (Bl\u00e5)<\/span>, <span>RAL 6005 Mosegr\u00f8nn (Gr\u00f8nn)<\/span>, <span>RAL 7012 Basaltgr\u00e5 (Gr\u00e5)<\/span>, <span>RAL 7015 Skifergr\u00e5 (Gr\u00e5)<\/span>, <span>RAL 7016 Antrasitt gr\u00e5 (Gr\u00e5)<\/span>, <span>RAL 7021 Svart gr\u00e5 (Svart)<\/span>, <span>RAL 7024 Grafittgr\u00e5 (Gr\u00e5)<\/span>, <span>RAL 7032 Stein gr\u00e5 (Gr\u00e5)<\/span>, <span>RAL 7035 Lys gr\u00e5 (Gr\u00e5)<\/span>, <span>RAL 7040 Vindusgr\u00e5 (Gr\u00e5)<\/span>, <span>RAL 7042 Trafikkgr\u00e5 A (Gr\u00e5)<\/span>, <span>RAL 8017 Sjokoladebrun (Brun)<\/span>, <span>RAL 9005 Jet svart (Svart)<\/span>, <span>RAL 9006 Hvit aluminium (S\u00f8lv)<\/span>, <span>RAL 9007 Gr\u00e5 aluminium (S\u00f8lv)<\/span>, <span>RAL 9010 Ren hvit (Hvit)<\/span>, <span>RAL 9016 Trafikkhvit (Hvit)<\/span><\/div>\r\n\t<\/div><\/p>\n","protected":false},"excerpt":{"rendered":"<p>Oppdag v\u00e5rt <b>Moderne Metallisk Balkongrekkverk<\/b>, laget av holdbart <b>st\u00e5l<\/b> eller <b>aluminium<\/b>. Ideelt for \u00e5 forbedre b\u00e5de sikkerhet og stil, dette rekkverket har en pulverlakkert finish for overlegen levetid og v\u00e6rbestandighet. Perfekt for b\u00e5de bolig- og n\u00e6ringsbruk.<\/p>\n","protected":false},"featured_media":7598,"template":"","meta":[],"product_cat":[26837],"product_tag":[19942,19956,19928,19968,2597],"class_list":{"0":"post-12636","1":"product","2":"type-product","3":"status-publish","4":"has-post-thumbnail","6":"product_cat-sikkerhetsfunksjoner-rekkverk-og-gjerder","7":"product_tag-aluminium-balkongrekkverk","8":"product_tag-holdbart-utendors-rekkverk","9":"product_tag-metallisk-balkongrekkverk","10":"product_tag-moderne-rekkverk-til-balkong","11":"product_tag-stalbalkongrekkverk","13":"first","14":"instock","15":"shipping-taxable","16":"product-type-simple"},"yoast_head":"<!-- This site is optimized with the Yoast SEO plugin v23.1 - https:\/\/yoast.com\/wordpress\/plugins\/seo\/ -->\n<title>Moderne Metallisk Balkongrekkverk - ABR Home - Metallic constructions since 2010<\/title>\n<meta name=\"robots\" content=\"index, follow, max-snippet:-1, max-image-preview:large, max-video-preview:-1\" \/>\n<link rel=\"canonical\" href=\"https:\/\/abrhome.eu\/produkt\/modern-metallic-balcony-railing\/\" \/>\n<meta property=\"og:locale\" content=\"nb_NO\" \/>\n<meta property=\"og:type\" content=\"article\" \/>\n<meta property=\"og:title\" content=\"Moderne Metallisk Balkongrekkverk - ABR Home - Metallic constructions since 2010\" \/>\n<meta property=\"og:description\" content=\"Oppdag v\u00e5rt Moderne Metallisk Balkongrekkverk, laget av holdbart st\u00e5l eller aluminium. Ideelt for \u00e5 forbedre b\u00e5de sikkerhet og stil, dette rekkverket har en pulverlakkert finish for overlegen levetid og v\u00e6rbestandighet. Perfekt for b\u00e5de bolig- og n\u00e6ringsbruk.\" \/>\n<meta property=\"og:url\" content=\"https:\/\/abrhome.eu\/produkt\/modern-metallic-balcony-railing\/\" \/>\n<meta property=\"og:site_name\" content=\"ABR Home - Metallic constructions since 2010\" \/>\n<meta property=\"article:modified_time\" content=\"2024-06-04T20:19:17+00:00\" \/>\n<meta property=\"og:image\" content=\"https:\/\/abrhome.eu\/wp-content\/uploads\/2024\/06\/IMG-20211113-WA0002.jpg\" \/>\n\t<meta property=\"og:image:width\" content=\"1600\" \/>\n\t<meta property=\"og:image:height\" content=\"1200\" \/>\n\t<meta property=\"og:image:type\" content=\"image\/jpeg\" \/>\n<meta name=\"twitter:card\" content=\"summary_large_image\" \/>\n<meta name=\"twitter:label1\" content=\"Ansl. lesetid\" \/>\n\t<meta name=\"twitter:data1\" content=\"1 minutt\" \/>\n<script type=\"application\/ld+json\" class=\"yoast-schema-graph\">{\"@context\":\"https:\/\/schema.org\",\"@graph\":[{\"@type\":\"WebPage\",\"@id\":\"https:\/\/abrhome.eu\/produkt\/modern-metallic-balcony-railing\/\",\"url\":\"https:\/\/abrhome.eu\/produkt\/modern-metallic-balcony-railing\/\",\"name\":\"Moderne Metallisk Balkongrekkverk - ABR Home - Metallic constructions since 2010\",\"isPartOf\":{\"@id\":\"https:\/\/abrhome.eu\/#website\"},\"primaryImageOfPage\":{\"@id\":\"https:\/\/abrhome.eu\/produkt\/modern-metallic-balcony-railing\/#primaryimage\"},\"image\":{\"@id\":\"https:\/\/abrhome.eu\/produkt\/modern-metallic-balcony-railing\/#primaryimage\"},\"thumbnailUrl\":\"https:\/\/abrhome.eu\/wp-content\/uploads\/2024\/06\/IMG-20211113-WA0002.jpg\",\"datePublished\":\"2024-06-04T15:23:21+00:00\",\"dateModified\":\"2024-06-04T20:19:17+00:00\",\"breadcrumb\":{\"@id\":\"https:\/\/abrhome.eu\/produkt\/modern-metallic-balcony-railing\/#breadcrumb\"},\"inLanguage\":\"nb-NO\",\"potentialAction\":[{\"@type\":\"ReadAction\",\"target\":[\"https:\/\/abrhome.eu\/produkt\/modern-metallic-balcony-railing\/\"]}]},{\"@type\":\"ImageObject\",\"inLanguage\":\"nb-NO\",\"@id\":\"https:\/\/abrhome.eu\/produkt\/modern-metallic-balcony-railing\/#primaryimage\",\"url\":\"https:\/\/abrhome.eu\/wp-content\/uploads\/2024\/06\/IMG-20211113-WA0002.jpg\",\"contentUrl\":\"https:\/\/abrhome.eu\/wp-content\/uploads\/2024\/06\/IMG-20211113-WA0002.jpg\",\"width\":1600,\"height\":1200,\"caption\":\"Nykyajan Metallinen Parvekekaide\"},{\"@type\":\"BreadcrumbList\",\"@id\":\"https:\/\/abrhome.eu\/produkt\/modern-metallic-balcony-railing\/#breadcrumb\",\"itemListElement\":[{\"@type\":\"ListItem\",\"position\":1,\"name\":\"Home\",\"item\":\"https:\/\/abrhome.eu\/no\/\"},{\"@type\":\"ListItem\",\"position\":2,\"name\":\"Produkter\",\"item\":\"https:\/\/abrhome.eu\/products\/\"},{\"@type\":\"ListItem\",\"position\":3,\"name\":\"Moderne Metallisk Balkongrekkverk\"}]},{\"@type\":\"WebSite\",\"@id\":\"https:\/\/abrhome.eu\/#website\",\"url\":\"https:\/\/abrhome.eu\/\",\"name\":\"ABR Home - Metallic constructions since 2010\",\"description\":\"\",\"publisher\":{\"@id\":\"https:\/\/abrhome.eu\/#organization\"},\"potentialAction\":[{\"@type\":\"SearchAction\",\"target\":{\"@type\":\"EntryPoint\",\"urlTemplate\":\"https:\/\/abrhome.eu\/?s={search_term_string}\"},\"query-input\":\"required name=search_term_string\"}],\"inLanguage\":\"nb-NO\"},{\"@type\":\"Organization\",\"@id\":\"https:\/\/abrhome.eu\/#organization\",\"name\":\"ABR Home - Metallic constructions since 2010\",\"url\":\"https:\/\/abrhome.eu\/\",\"logo\":{\"@type\":\"ImageObject\",\"inLanguage\":\"nb-NO\",\"@id\":\"https:\/\/abrhome.eu\/#\/schema\/logo\/image\/\",\"url\":\"https:\/\/abrhome.eu\/wp-content\/uploads\/2023\/12\/logo-10.png\",\"contentUrl\":\"https:\/\/abrhome.eu\/wp-content\/uploads\/2023\/12\/logo-10.png\",\"width\":300,\"height\":139,\"caption\":\"ABR Home - Metallic constructions since 2010\"},\"image\":{\"@id\":\"https:\/\/abrhome.eu\/#\/schema\/logo\/image\/\"}}]}<\/script>\n<!-- \/ Yoast SEO plugin. -->","yoast_head_json":{"title":"Moderne Metallisk Balkongrekkverk - ABR Home - Metallic constructions since 2010","robots":{"index":"index","follow":"follow","max-snippet":"max-snippet:-1","max-image-preview":"max-image-preview:large","max-video-preview":"max-video-preview:-1"},"canonical":"https:\/\/abrhome.eu\/produkt\/modern-metallic-balcony-railing\/","og_locale":"nb_NO","og_type":"article","og_title":"Moderne Metallisk Balkongrekkverk - ABR Home - Metallic constructions since 2010","og_description":"Oppdag v\u00e5rt Moderne Metallisk Balkongrekkverk, laget av holdbart st\u00e5l eller aluminium. Ideelt for \u00e5 forbedre b\u00e5de sikkerhet og stil, dette rekkverket har en pulverlakkert finish for overlegen levetid og v\u00e6rbestandighet. Perfekt for b\u00e5de bolig- og n\u00e6ringsbruk.","og_url":"https:\/\/abrhome.eu\/produkt\/modern-metallic-balcony-railing\/","og_site_name":"ABR Home - Metallic constructions since 2010","article_modified_time":"2024-06-04T20:19:17+00:00","og_image":[{"width":1600,"height":1200,"url":"https:\/\/abrhome.eu\/wp-content\/uploads\/2024\/06\/IMG-20211113-WA0002.jpg","type":"image\/jpeg"}],"twitter_card":"summary_large_image","twitter_misc":{"Ansl. lesetid":"1 minutt"},"schema":{"@context":"https:\/\/schema.org","@graph":[{"@type":"WebPage","@id":"https:\/\/abrhome.eu\/produkt\/modern-metallic-balcony-railing\/","url":"https:\/\/abrhome.eu\/produkt\/modern-metallic-balcony-railing\/","name":"Moderne Metallisk Balkongrekkverk - ABR Home - Metallic constructions since 2010","isPartOf":{"@id":"https:\/\/abrhome.eu\/#website"},"primaryImageOfPage":{"@id":"https:\/\/abrhome.eu\/produkt\/modern-metallic-balcony-railing\/#primaryimage"},"image":{"@id":"https:\/\/abrhome.eu\/produkt\/modern-metallic-balcony-railing\/#primaryimage"},"thumbnailUrl":"https:\/\/abrhome.eu\/wp-content\/uploads\/2024\/06\/IMG-20211113-WA0002.jpg","datePublished":"2024-06-04T15:23:21+00:00","dateModified":"2024-06-04T20:19:17+00:00","breadcrumb":{"@id":"https:\/\/abrhome.eu\/produkt\/modern-metallic-balcony-railing\/#breadcrumb"},"inLanguage":"nb-NO","potentialAction":[{"@type":"ReadAction","target":["https:\/\/abrhome.eu\/produkt\/modern-metallic-balcony-railing\/"]}]},{"@type":"ImageObject","inLanguage":"nb-NO","@id":"https:\/\/abrhome.eu\/produkt\/modern-metallic-balcony-railing\/#primaryimage","url":"https:\/\/abrhome.eu\/wp-content\/uploads\/2024\/06\/IMG-20211113-WA0002.jpg","contentUrl":"https:\/\/abrhome.eu\/wp-content\/uploads\/2024\/06\/IMG-20211113-WA0002.jpg","width":1600,"height":1200,"caption":"Nykyajan Metallinen Parvekekaide"},{"@type":"BreadcrumbList","@id":"https:\/\/abrhome.eu\/produkt\/modern-metallic-balcony-railing\/#breadcrumb","itemListElement":[{"@type":"ListItem","position":1,"name":"Home","item":"https:\/\/abrhome.eu\/no\/"},{"@type":"ListItem","position":2,"name":"Produkter","item":"https:\/\/abrhome.eu\/products\/"},{"@type":"ListItem","position":3,"name":"Moderne Metallisk Balkongrekkverk"}]},{"@type":"WebSite","@id":"https:\/\/abrhome.eu\/#website","url":"https:\/\/abrhome.eu\/","name":"ABR Home - Metallic constructions since 2010","description":"","publisher":{"@id":"https:\/\/abrhome.eu\/#organization"},"potentialAction":[{"@type":"SearchAction","target":{"@type":"EntryPoint","urlTemplate":"https:\/\/abrhome.eu\/?s={search_term_string}"},"query-input":"required name=search_term_string"}],"inLanguage":"nb-NO"},{"@type":"Organization","@id":"https:\/\/abrhome.eu\/#organization","name":"ABR Home - Metallic constructions since 2010","url":"https:\/\/abrhome.eu\/","logo":{"@type":"ImageObject","inLanguage":"nb-NO","@id":"https:\/\/abrhome.eu\/#\/schema\/logo\/image\/","url":"https:\/\/abrhome.eu\/wp-content\/uploads\/2023\/12\/logo-10.png","contentUrl":"https:\/\/abrhome.eu\/wp-content\/uploads\/2023\/12\/logo-10.png","width":300,"height":139,"caption":"ABR Home - Metallic constructions since 2010"},"image":{"@id":"https:\/\/abrhome.eu\/#\/schema\/logo\/image\/"}}]}},"_links":{"self":[{"href":"https:\/\/abrhome.eu\/no\/wp-json\/wp\/v2\/product\/12636","targetHints":{"allow":["GET"]}}],"collection":[{"href":"https:\/\/abrhome.eu\/no\/wp-json\/wp\/v2\/product"}],"about":[{"href":"https:\/\/abrhome.eu\/no\/wp-json\/wp\/v2\/types\/product"}],"version-history":[{"count":0,"href":"https:\/\/abrhome.eu\/no\/wp-json\/wp\/v2\/product\/12636\/revisions"}],"wp:featuredmedia":[{"embeddable":true,"href":"https:\/\/abrhome.eu\/no\/wp-json\/wp\/v2\/media\/7598"}],"wp:attachment":[{"href":"https:\/\/abrhome.eu\/no\/wp-json\/wp\/v2\/media?parent=12636"}],"wp:term":[{"taxonomy":"product_cat","embeddable":true,"href":"https:\/\/abrhome.eu\/no\/wp-json\/wp\/v2\/product_cat?post=12636"},{"taxonomy":"product_tag","embeddable":true,"href":"https:\/\/abrhome.eu\/no\/wp-json\/wp\/v2\/product_tag?post=12636"}],"curies":[{"name":"wp","href":"https:\/\/api.w.org\/{rel}","templated":true}]}}