{"id":13091,"date":"2024-06-04T17:15:07","date_gmt":"2024-06-04T15:15:07","guid":{"rendered":"https:\/\/abrhome.eu\/product\/stal-sikkerhetsport-med-vertikale-stenger\/"},"modified":"2024-06-04T22:37:49","modified_gmt":"2024-06-04T20:37:49","slug":"stal-sikkerhetsport-med-vertikale-stenger","status":"publish","type":"product","link":"https:\/\/abrhome.eu\/no\/produkt\/stal-sikkerhetsport-med-vertikale-stenger\/","title":{"rendered":"St\u00e5l Sikkerhetsport med Vertikale Stenger"},"content":{"rendered":"<p><b>Forsterk sikkerheten<\/b> p\u00e5 din eiendom med v\u00e5r robuste <b>St\u00e5l Sikkerhetsport med Vertikale Stenger<\/b>. Denne porten er n\u00f8ye konstruert og designet for maksimal holdbarhet og p\u00e5litelighet. Laget av h\u00f8ykvalitets st\u00e5l, den har solide vertikale stenger og horisontale st\u00f8ttestenger, samt en p\u00e5litelig l\u00e5semekanisme og h\u00e5ndtak for enkel tilgang.<\/p>\n<p>Hver port er n\u00f8ye sveiset for \u00e5 \u00f8ke styrke og stabilitet, noe som sikrer en sikker tilpasning. For \u00e5 beskytte mot korrosjon og bevare dens estetiske appell, er porten ferdig med et pulverbelegg i matt svart, som tett ligner RAL 9005 (Jet Black).<\/p>\n<p>Ideal for \u00e5 tilby kontrollert tilgang og h\u00f8yere sikkerhet til b\u00e5de bolig- og n\u00e6ringsbygg, kombinerer dette produktet effektivt funksjonalitet med stil. Tilgjengelig i ulike st\u00f8rrelser for \u00e5 passe forskjellige inngangspartier, er porten utstyrt med legeringshengsler og metall\u00e5ser for langvarig holdbarhet og brukervennlighet.<\/p>\n<p> <div class=\"p2410-product-tags\" style=\"margin:1rem 0\">\r\n\t\t<div style=\"font-weight:600\">Tags<\/div>\r\n\t\t<div><a href=\"https:\/\/abrhome.eu\/no\/produkt-stikkord\/bolig-stalport\/\" class=\"product-tag\">bolig st\u00e5lport<\/a>, <a href=\"https:\/\/abrhome.eu\/no\/produkt-stikkord\/metall-sikkerhetsport\/\" class=\"product-tag\">metall sikkerhetsport<\/a>, <a href=\"https:\/\/abrhome.eu\/no\/produkt-stikkord\/pulverlakkert-sikkerhetsport\/\" class=\"product-tag\">pulverlakkert sikkerhetsport<\/a>, <a href=\"https:\/\/abrhome.eu\/no\/produkt-stikkord\/stal-sikkerhetsport\/\" class=\"product-tag\">st\u00e5l sikkerhetsport<\/a>, <a href=\"https:\/\/abrhome.eu\/no\/produkt-stikkord\/vertikal-stang-port\/\" class=\"product-tag\">vertikal stang port<\/a><\/div>\r\n\t<\/div> <div class=\"p2410-product-colors\" style=\"margin:1rem 0\">\r\n\t\t<div style=\"font-weight:600\">Farge<\/div>\r\n\t\t<div><span>RAL 1023 Trafikkgul (Gul)<\/span>, <span>RAL 1036 Perlegull (Gull)<\/span>, <span>RAL 2004 Ren oransje (Oransje)<\/span>, <span>RAL 3000 Flamme r\u00f8d (R\u00f8d)<\/span>, <span>RAL 3020 Trafikkr\u00f8d (R\u00f8d)<\/span>, <span>RAL 4005 Bl\u00e5lilla (Fiolett)<\/span>, <span>RAL 5005 Signalbl\u00e5 (Bl\u00e5)<\/span>, <span>RAL 5010 Gentian blue (Bl\u00e5)<\/span>, <span>RAL 6005 Mosegr\u00f8nn (Gr\u00f8nn)<\/span>, <span>RAL 7012 Basaltgr\u00e5 (Gr\u00e5)<\/span>, <span>RAL 7015 Skifergr\u00e5 (Gr\u00e5)<\/span>, <span>RAL 7016 Antrasitt gr\u00e5 (Gr\u00e5)<\/span>, <span>RAL 7021 Svart gr\u00e5 (Svart)<\/span>, <span>RAL 7024 Grafittgr\u00e5 (Gr\u00e5)<\/span>, <span>RAL 7032 Stein gr\u00e5 (Gr\u00e5)<\/span>, <span>RAL 7035 Lys gr\u00e5 (Gr\u00e5)<\/span>, <span>RAL 7040 Vindusgr\u00e5 (Gr\u00e5)<\/span>, <span>RAL 7042 Trafikkgr\u00e5 A (Gr\u00e5)<\/span>, <span>RAL 8017 Sjokoladebrun (Brun)<\/span>, <span>RAL 9005 Jet svart (Svart)<\/span>, <span>RAL 9006 Hvit aluminium (S\u00f8lv)<\/span>, <span>RAL 9007 Gr\u00e5 aluminium (S\u00f8lv)<\/span>, <span>RAL 9010 Ren hvit (Hvit)<\/span>, <span>RAL 9016 Trafikkhvit (Hvit)<\/span><\/div>\r\n\t<\/div><\/p>\n","protected":false},"excerpt":{"rendered":"<p>Oppdag v\u00e5r <b>St\u00e5l Sikkerhetsport<\/b>, konstruert for holdbarhet med vertikale og horisontale st\u00f8ttestenger og en p\u00e5litelig l\u00e5semekanisme. Ferdig i matt svart pulverbelegg for korrosjonsbestandighet og stil.<\/p>\n","protected":false},"featured_media":4163,"template":"","meta":[],"product_cat":[26683],"product_tag":[7836,7822,7808,7780,7794],"class_list":{"0":"post-13091","1":"product","2":"type-product","3":"status-publish","4":"has-post-thumbnail","6":"product_cat-sperringer-og-gjerder-porter-og-gjerder","7":"product_tag-bolig-stalport","8":"product_tag-metall-sikkerhetsport","9":"product_tag-pulverlakkert-sikkerhetsport","10":"product_tag-stal-sikkerhetsport","11":"product_tag-vertikal-stang-port","13":"first","14":"instock","15":"shipping-taxable","16":"product-type-simple"},"yoast_head":"<!-- This site is optimized with the Yoast SEO plugin v23.1 - https:\/\/yoast.com\/wordpress\/plugins\/seo\/ -->\n<title>St\u00e5l Sikkerhetsport med Vertikale Stenger - ABR Home - Metallic constructions since 2010<\/title>\n<meta name=\"robots\" content=\"index, follow, max-snippet:-1, max-image-preview:large, max-video-preview:-1\" \/>\n<link rel=\"canonical\" href=\"https:\/\/abrhome.eu\/produkt\/steel-security-gate-with-vertical-bars\/\" \/>\n<meta property=\"og:locale\" content=\"nb_NO\" \/>\n<meta property=\"og:type\" content=\"article\" \/>\n<meta property=\"og:title\" content=\"St\u00e5l Sikkerhetsport med Vertikale Stenger - ABR Home - Metallic constructions since 2010\" \/>\n<meta property=\"og:description\" content=\"Oppdag v\u00e5r St\u00e5l Sikkerhetsport, konstruert for holdbarhet med vertikale og horisontale st\u00f8ttestenger og en p\u00e5litelig l\u00e5semekanisme. Ferdig i matt svart pulverbelegg for korrosjonsbestandighet og stil.\" \/>\n<meta property=\"og:url\" content=\"https:\/\/abrhome.eu\/produkt\/steel-security-gate-with-vertical-bars\/\" \/>\n<meta property=\"og:site_name\" content=\"ABR Home - Metallic constructions since 2010\" \/>\n<meta property=\"article:modified_time\" content=\"2024-06-04T20:37:49+00:00\" \/>\n<meta property=\"og:image\" content=\"https:\/\/abrhome.eu\/wp-content\/uploads\/2024\/06\/IMG-20200615-WA0001.jpg\" \/>\n\t<meta property=\"og:image:width\" content=\"1200\" \/>\n\t<meta property=\"og:image:height\" content=\"1600\" \/>\n\t<meta property=\"og:image:type\" content=\"image\/jpeg\" \/>\n<meta name=\"twitter:card\" content=\"summary_large_image\" \/>\n<meta name=\"twitter:label1\" content=\"Ansl. lesetid\" \/>\n\t<meta name=\"twitter:data1\" content=\"1 minutt\" \/>\n<script type=\"application\/ld+json\" class=\"yoast-schema-graph\">{\"@context\":\"https:\/\/schema.org\",\"@graph\":[{\"@type\":\"WebPage\",\"@id\":\"https:\/\/abrhome.eu\/produkt\/steel-security-gate-with-vertical-bars\/\",\"url\":\"https:\/\/abrhome.eu\/produkt\/steel-security-gate-with-vertical-bars\/\",\"name\":\"St\u00e5l Sikkerhetsport med Vertikale Stenger - ABR Home - Metallic constructions since 2010\",\"isPartOf\":{\"@id\":\"https:\/\/abrhome.eu\/#website\"},\"primaryImageOfPage\":{\"@id\":\"https:\/\/abrhome.eu\/produkt\/steel-security-gate-with-vertical-bars\/#primaryimage\"},\"image\":{\"@id\":\"https:\/\/abrhome.eu\/produkt\/steel-security-gate-with-vertical-bars\/#primaryimage\"},\"thumbnailUrl\":\"https:\/\/abrhome.eu\/wp-content\/uploads\/2024\/06\/IMG-20200615-WA0001.jpg\",\"datePublished\":\"2024-06-04T15:15:07+00:00\",\"dateModified\":\"2024-06-04T20:37:49+00:00\",\"breadcrumb\":{\"@id\":\"https:\/\/abrhome.eu\/produkt\/steel-security-gate-with-vertical-bars\/#breadcrumb\"},\"inLanguage\":\"nb-NO\",\"potentialAction\":[{\"@type\":\"ReadAction\",\"target\":[\"https:\/\/abrhome.eu\/produkt\/steel-security-gate-with-vertical-bars\/\"]}]},{\"@type\":\"ImageObject\",\"inLanguage\":\"nb-NO\",\"@id\":\"https:\/\/abrhome.eu\/produkt\/steel-security-gate-with-vertical-bars\/#primaryimage\",\"url\":\"https:\/\/abrhome.eu\/wp-content\/uploads\/2024\/06\/IMG-20200615-WA0001.jpg\",\"contentUrl\":\"https:\/\/abrhome.eu\/wp-content\/uploads\/2024\/06\/IMG-20200615-WA0001.jpg\",\"width\":1200,\"height\":1600,\"caption\":\"Ter\u00e4sturvaportti pystysuorilla tangoilla\"},{\"@type\":\"BreadcrumbList\",\"@id\":\"https:\/\/abrhome.eu\/produkt\/steel-security-gate-with-vertical-bars\/#breadcrumb\",\"itemListElement\":[{\"@type\":\"ListItem\",\"position\":1,\"name\":\"Home\",\"item\":\"https:\/\/abrhome.eu\/no\/\"},{\"@type\":\"ListItem\",\"position\":2,\"name\":\"Produkter\",\"item\":\"https:\/\/abrhome.eu\/products\/\"},{\"@type\":\"ListItem\",\"position\":3,\"name\":\"St\u00e5l Sikkerhetsport med Vertikale Stenger\"}]},{\"@type\":\"WebSite\",\"@id\":\"https:\/\/abrhome.eu\/#website\",\"url\":\"https:\/\/abrhome.eu\/\",\"name\":\"ABR Home - Metallic constructions since 2010\",\"description\":\"\",\"publisher\":{\"@id\":\"https:\/\/abrhome.eu\/#organization\"},\"potentialAction\":[{\"@type\":\"SearchAction\",\"target\":{\"@type\":\"EntryPoint\",\"urlTemplate\":\"https:\/\/abrhome.eu\/?s={search_term_string}\"},\"query-input\":\"required name=search_term_string\"}],\"inLanguage\":\"nb-NO\"},{\"@type\":\"Organization\",\"@id\":\"https:\/\/abrhome.eu\/#organization\",\"name\":\"ABR Home - Metallic constructions since 2010\",\"url\":\"https:\/\/abrhome.eu\/\",\"logo\":{\"@type\":\"ImageObject\",\"inLanguage\":\"nb-NO\",\"@id\":\"https:\/\/abrhome.eu\/#\/schema\/logo\/image\/\",\"url\":\"https:\/\/abrhome.eu\/wp-content\/uploads\/2023\/12\/logo-10.png\",\"contentUrl\":\"https:\/\/abrhome.eu\/wp-content\/uploads\/2023\/12\/logo-10.png\",\"width\":300,\"height\":139,\"caption\":\"ABR Home - Metallic constructions since 2010\"},\"image\":{\"@id\":\"https:\/\/abrhome.eu\/#\/schema\/logo\/image\/\"}}]}<\/script>\n<!-- \/ Yoast SEO plugin. -->","yoast_head_json":{"title":"St\u00e5l Sikkerhetsport med Vertikale Stenger - ABR Home - Metallic constructions since 2010","robots":{"index":"index","follow":"follow","max-snippet":"max-snippet:-1","max-image-preview":"max-image-preview:large","max-video-preview":"max-video-preview:-1"},"canonical":"https:\/\/abrhome.eu\/produkt\/steel-security-gate-with-vertical-bars\/","og_locale":"nb_NO","og_type":"article","og_title":"St\u00e5l Sikkerhetsport med Vertikale Stenger - ABR Home - Metallic constructions since 2010","og_description":"Oppdag v\u00e5r St\u00e5l Sikkerhetsport, konstruert for holdbarhet med vertikale og horisontale st\u00f8ttestenger og en p\u00e5litelig l\u00e5semekanisme. Ferdig i matt svart pulverbelegg for korrosjonsbestandighet og stil.","og_url":"https:\/\/abrhome.eu\/produkt\/steel-security-gate-with-vertical-bars\/","og_site_name":"ABR Home - Metallic constructions since 2010","article_modified_time":"2024-06-04T20:37:49+00:00","og_image":[{"width":1200,"height":1600,"url":"https:\/\/abrhome.eu\/wp-content\/uploads\/2024\/06\/IMG-20200615-WA0001.jpg","type":"image\/jpeg"}],"twitter_card":"summary_large_image","twitter_misc":{"Ansl. lesetid":"1 minutt"},"schema":{"@context":"https:\/\/schema.org","@graph":[{"@type":"WebPage","@id":"https:\/\/abrhome.eu\/produkt\/steel-security-gate-with-vertical-bars\/","url":"https:\/\/abrhome.eu\/produkt\/steel-security-gate-with-vertical-bars\/","name":"St\u00e5l Sikkerhetsport med Vertikale Stenger - ABR Home - Metallic constructions since 2010","isPartOf":{"@id":"https:\/\/abrhome.eu\/#website"},"primaryImageOfPage":{"@id":"https:\/\/abrhome.eu\/produkt\/steel-security-gate-with-vertical-bars\/#primaryimage"},"image":{"@id":"https:\/\/abrhome.eu\/produkt\/steel-security-gate-with-vertical-bars\/#primaryimage"},"thumbnailUrl":"https:\/\/abrhome.eu\/wp-content\/uploads\/2024\/06\/IMG-20200615-WA0001.jpg","datePublished":"2024-06-04T15:15:07+00:00","dateModified":"2024-06-04T20:37:49+00:00","breadcrumb":{"@id":"https:\/\/abrhome.eu\/produkt\/steel-security-gate-with-vertical-bars\/#breadcrumb"},"inLanguage":"nb-NO","potentialAction":[{"@type":"ReadAction","target":["https:\/\/abrhome.eu\/produkt\/steel-security-gate-with-vertical-bars\/"]}]},{"@type":"ImageObject","inLanguage":"nb-NO","@id":"https:\/\/abrhome.eu\/produkt\/steel-security-gate-with-vertical-bars\/#primaryimage","url":"https:\/\/abrhome.eu\/wp-content\/uploads\/2024\/06\/IMG-20200615-WA0001.jpg","contentUrl":"https:\/\/abrhome.eu\/wp-content\/uploads\/2024\/06\/IMG-20200615-WA0001.jpg","width":1200,"height":1600,"caption":"Ter\u00e4sturvaportti pystysuorilla tangoilla"},{"@type":"BreadcrumbList","@id":"https:\/\/abrhome.eu\/produkt\/steel-security-gate-with-vertical-bars\/#breadcrumb","itemListElement":[{"@type":"ListItem","position":1,"name":"Home","item":"https:\/\/abrhome.eu\/no\/"},{"@type":"ListItem","position":2,"name":"Produkter","item":"https:\/\/abrhome.eu\/products\/"},{"@type":"ListItem","position":3,"name":"St\u00e5l Sikkerhetsport med Vertikale Stenger"}]},{"@type":"WebSite","@id":"https:\/\/abrhome.eu\/#website","url":"https:\/\/abrhome.eu\/","name":"ABR Home - Metallic constructions since 2010","description":"","publisher":{"@id":"https:\/\/abrhome.eu\/#organization"},"potentialAction":[{"@type":"SearchAction","target":{"@type":"EntryPoint","urlTemplate":"https:\/\/abrhome.eu\/?s={search_term_string}"},"query-input":"required name=search_term_string"}],"inLanguage":"nb-NO"},{"@type":"Organization","@id":"https:\/\/abrhome.eu\/#organization","name":"ABR Home - Metallic constructions since 2010","url":"https:\/\/abrhome.eu\/","logo":{"@type":"ImageObject","inLanguage":"nb-NO","@id":"https:\/\/abrhome.eu\/#\/schema\/logo\/image\/","url":"https:\/\/abrhome.eu\/wp-content\/uploads\/2023\/12\/logo-10.png","contentUrl":"https:\/\/abrhome.eu\/wp-content\/uploads\/2023\/12\/logo-10.png","width":300,"height":139,"caption":"ABR Home - Metallic constructions since 2010"},"image":{"@id":"https:\/\/abrhome.eu\/#\/schema\/logo\/image\/"}}]}},"_links":{"self":[{"href":"https:\/\/abrhome.eu\/no\/wp-json\/wp\/v2\/product\/13091","targetHints":{"allow":["GET"]}}],"collection":[{"href":"https:\/\/abrhome.eu\/no\/wp-json\/wp\/v2\/product"}],"about":[{"href":"https:\/\/abrhome.eu\/no\/wp-json\/wp\/v2\/types\/product"}],"version-history":[{"count":0,"href":"https:\/\/abrhome.eu\/no\/wp-json\/wp\/v2\/product\/13091\/revisions"}],"wp:featuredmedia":[{"embeddable":true,"href":"https:\/\/abrhome.eu\/no\/wp-json\/wp\/v2\/media\/4163"}],"wp:attachment":[{"href":"https:\/\/abrhome.eu\/no\/wp-json\/wp\/v2\/media?parent=13091"}],"wp:term":[{"taxonomy":"product_cat","embeddable":true,"href":"https:\/\/abrhome.eu\/no\/wp-json\/wp\/v2\/product_cat?post=13091"},{"taxonomy":"product_tag","embeddable":true,"href":"https:\/\/abrhome.eu\/no\/wp-json\/wp\/v2\/product_tag?post=13091"}],"curies":[{"name":"wp","href":"https:\/\/api.w.org\/{rel}","templated":true}]}}