{"id":13813,"date":"2024-06-04T17:23:24","date_gmt":"2024-06-04T15:23:24","guid":{"rendered":"https:\/\/abrhome.eu\/product\/holdbar-stal-balkongrekkverk-2\/"},"modified":"2024-06-04T22:47:01","modified_gmt":"2024-06-04T20:47:01","slug":"holdbar-stal-balkongrekkverk-2","status":"publish","type":"product","link":"https:\/\/abrhome.eu\/no\/produkt\/holdbar-stal-balkongrekkverk-2\/","title":{"rendered":"Holdbar St\u00e5l Balkongrekkverk"},"content":{"rendered":"<p>Forbedre sikkerheten og estetikken til bygget ditt med v\u00e5rt <b>Holdbar St\u00e5l Balkongrekkverk<\/b>. Laget av st\u00e5l av h\u00f8y kvalitet, er dette rekkverket konstruert for \u00e5 gi robust beskyttelse og forhindre fall fra balkonger og terrasser. V\u00e5r presise ingeni\u00f8r- og designprosess sikrer at hvert rekkverk m\u00f8ter strenge kvalitetsstandarder.<\/p>\n<p>Produksjonsprosessen inkluderer kutting, fresing, b\u00f8ying og sveising, hvert trinn n\u00f8ye utf\u00f8rt for \u00e5 skape en sammenhengende og solid struktur. Etter montering forbedres rekkverket med en <b>pulverlakkert<\/b> kullsvart finish (RAL 9005), som tilbyr utmerket holdbarhet og korrosjonsmotstand. Dette elegante designet tilf\u00f8rer ikke bare sikkerhet, men forbedrer ogs\u00e5 i stor grad det ytre utseendet p\u00e5 b\u00e5de bolig- og n\u00e6ringsbygg.<\/p>\n<p>Tilgjengelig i varierende h\u00f8yder og enkle \u00e5 installere med solide braketter og skruer, sikrer v\u00e5re rekkverk langvarig stabilitet. Enten du ser etter et <b>metallrekkverk for terrasse<\/b> eller et <b>utend\u00f8rs sikkerhetsrekkverk<\/b>, lover v\u00e5rt produkt b\u00e5de p\u00e5litelighet og stil.<\/p>\n<p> <div class=\"p2410-product-tags\" style=\"margin:1rem 0\">\r\n\t\t<div style=\"font-weight:600\">Tags<\/div>\r\n\t\t<div><a href=\"https:\/\/abrhome.eu\/no\/produkt-stikkord\/holdbart-rekkverk-for-balkong\/\" class=\"product-tag\">holdbart rekkverk for balkong<\/a>, <a href=\"https:\/\/abrhome.eu\/no\/produkt-stikkord\/metallrekkverk-for-terrasse\/\" class=\"product-tag\">metallrekkverk for terrasse<\/a>, <a href=\"https:\/\/abrhome.eu\/no\/produkt-stikkord\/stalbalkongrekkverk\/\" class=\"product-tag\">st\u00e5lbalkongrekkverk<\/a>, <a href=\"https:\/\/abrhome.eu\/no\/produkt-stikkord\/utendors-sikkerhetsrekkverk\/\" class=\"product-tag\">utend\u00f8rs sikkerhetsrekkverk<\/a><\/div>\r\n\t<\/div> <div class=\"p2410-product-colors\" style=\"margin:1rem 0\">\r\n\t\t<div style=\"font-weight:600\">Farge<\/div>\r\n\t\t<div><span>RAL 1023 Trafikkgul (Gul)<\/span>, <span>RAL 1036 Perlegull (Gull)<\/span>, <span>RAL 2004 Ren oransje (Oransje)<\/span>, <span>RAL 3000 Flamme r\u00f8d (R\u00f8d)<\/span>, <span>RAL 3020 Trafikkr\u00f8d (R\u00f8d)<\/span>, <span>RAL 4005 Bl\u00e5lilla (Fiolett)<\/span>, <span>RAL 5005 Signalbl\u00e5 (Bl\u00e5)<\/span>, <span>RAL 5010 Gentian blue (Bl\u00e5)<\/span>, <span>RAL 6005 Mosegr\u00f8nn (Gr\u00f8nn)<\/span>, <span>RAL 7012 Basaltgr\u00e5 (Gr\u00e5)<\/span>, <span>RAL 7015 Skifergr\u00e5 (Gr\u00e5)<\/span>, <span>RAL 7016 Antrasitt gr\u00e5 (Gr\u00e5)<\/span>, <span>RAL 7021 Svart gr\u00e5 (Svart)<\/span>, <span>RAL 7024 Grafittgr\u00e5 (Gr\u00e5)<\/span>, <span>RAL 7032 Stein gr\u00e5 (Gr\u00e5)<\/span>, <span>RAL 7035 Lys gr\u00e5 (Gr\u00e5)<\/span>, <span>RAL 7040 Vindusgr\u00e5 (Gr\u00e5)<\/span>, <span>RAL 7042 Trafikkgr\u00e5 A (Gr\u00e5)<\/span>, <span>RAL 8017 Sjokoladebrun (Brun)<\/span>, <span>RAL 9005 Jet svart (Svart)<\/span>, <span>RAL 9006 Hvit aluminium (S\u00f8lv)<\/span>, <span>RAL 9007 Gr\u00e5 aluminium (S\u00f8lv)<\/span>, <span>RAL 9010 Ren hvit (Hvit)<\/span>, <span>RAL 9016 Trafikkhvit (Hvit)<\/span><\/div>\r\n\t<\/div><\/p>\n","protected":false},"excerpt":{"rendered":"<p><b>Holdbar St\u00e5l Balkongrekkverk<\/b> designet for robust beskyttelse og estetikk. Har en elegant, <b>pulverlakkert<\/b> finish for holdbarhet og enkel installasjon, ideell for \u00e5 forbedre ytre sikkerhet og utseende.<\/p>\n","protected":false},"featured_media":7613,"template":"","meta":[],"product_cat":[26837],"product_tag":[19980,19994,2597,20008],"class_list":{"0":"post-13813","1":"product","2":"type-product","3":"status-publish","4":"has-post-thumbnail","6":"product_cat-sikkerhetsfunksjoner-rekkverk-og-gjerder","7":"product_tag-holdbart-rekkverk-for-balkong","8":"product_tag-metallrekkverk-for-terrasse","9":"product_tag-stalbalkongrekkverk","10":"product_tag-utendors-sikkerhetsrekkverk","12":"first","13":"instock","14":"shipping-taxable","15":"product-type-simple"},"yoast_head":"<!-- This site is optimized with the Yoast SEO plugin v23.1 - https:\/\/yoast.com\/wordpress\/plugins\/seo\/ -->\n<title>Holdbar St\u00e5l Balkongrekkverk - ABR Home - Metallic constructions since 2010<\/title>\n<meta name=\"robots\" content=\"index, follow, max-snippet:-1, max-image-preview:large, max-video-preview:-1\" \/>\n<link rel=\"canonical\" href=\"https:\/\/abrhome.eu\/produkt\/durable-steel-balcony-railing-2\/\" \/>\n<meta property=\"og:locale\" content=\"nb_NO\" \/>\n<meta property=\"og:type\" content=\"article\" \/>\n<meta property=\"og:title\" content=\"Holdbar St\u00e5l Balkongrekkverk - ABR Home - Metallic constructions since 2010\" \/>\n<meta property=\"og:description\" content=\"Holdbar St\u00e5l Balkongrekkverk designet for robust beskyttelse og estetikk. Har en elegant, pulverlakkert finish for holdbarhet og enkel installasjon, ideell for \u00e5 forbedre ytre sikkerhet og utseende.\" \/>\n<meta property=\"og:url\" content=\"https:\/\/abrhome.eu\/produkt\/durable-steel-balcony-railing-2\/\" \/>\n<meta property=\"og:site_name\" content=\"ABR Home - Metallic constructions since 2010\" \/>\n<meta property=\"article:modified_time\" content=\"2024-06-04T20:47:01+00:00\" \/>\n<meta property=\"og:image\" content=\"https:\/\/abrhome.eu\/wp-content\/uploads\/2024\/06\/IMG-20211116-WA0006.jpg\" \/>\n\t<meta property=\"og:image:width\" content=\"1600\" \/>\n\t<meta property=\"og:image:height\" content=\"1200\" \/>\n\t<meta property=\"og:image:type\" content=\"image\/jpeg\" \/>\n<meta name=\"twitter:card\" content=\"summary_large_image\" \/>\n<meta name=\"twitter:label1\" content=\"Ansl. lesetid\" \/>\n\t<meta name=\"twitter:data1\" content=\"1 minutt\" \/>\n<script type=\"application\/ld+json\" class=\"yoast-schema-graph\">{\"@context\":\"https:\/\/schema.org\",\"@graph\":[{\"@type\":\"WebPage\",\"@id\":\"https:\/\/abrhome.eu\/produkt\/durable-steel-balcony-railing-2\/\",\"url\":\"https:\/\/abrhome.eu\/produkt\/durable-steel-balcony-railing-2\/\",\"name\":\"Holdbar St\u00e5l Balkongrekkverk - ABR Home - Metallic constructions since 2010\",\"isPartOf\":{\"@id\":\"https:\/\/abrhome.eu\/#website\"},\"primaryImageOfPage\":{\"@id\":\"https:\/\/abrhome.eu\/produkt\/durable-steel-balcony-railing-2\/#primaryimage\"},\"image\":{\"@id\":\"https:\/\/abrhome.eu\/produkt\/durable-steel-balcony-railing-2\/#primaryimage\"},\"thumbnailUrl\":\"https:\/\/abrhome.eu\/wp-content\/uploads\/2024\/06\/IMG-20211116-WA0006.jpg\",\"datePublished\":\"2024-06-04T15:23:24+00:00\",\"dateModified\":\"2024-06-04T20:47:01+00:00\",\"breadcrumb\":{\"@id\":\"https:\/\/abrhome.eu\/produkt\/durable-steel-balcony-railing-2\/#breadcrumb\"},\"inLanguage\":\"nb-NO\",\"potentialAction\":[{\"@type\":\"ReadAction\",\"target\":[\"https:\/\/abrhome.eu\/produkt\/durable-steel-balcony-railing-2\/\"]}]},{\"@type\":\"ImageObject\",\"inLanguage\":\"nb-NO\",\"@id\":\"https:\/\/abrhome.eu\/produkt\/durable-steel-balcony-railing-2\/#primaryimage\",\"url\":\"https:\/\/abrhome.eu\/wp-content\/uploads\/2024\/06\/IMG-20211116-WA0006.jpg\",\"contentUrl\":\"https:\/\/abrhome.eu\/wp-content\/uploads\/2024\/06\/IMG-20211116-WA0006.jpg\",\"width\":1600,\"height\":1200,\"caption\":\"Kest\u00e4v\u00e4 Ter\u00e4ksinen Parvekekaide\"},{\"@type\":\"BreadcrumbList\",\"@id\":\"https:\/\/abrhome.eu\/produkt\/durable-steel-balcony-railing-2\/#breadcrumb\",\"itemListElement\":[{\"@type\":\"ListItem\",\"position\":1,\"name\":\"Home\",\"item\":\"https:\/\/abrhome.eu\/no\/\"},{\"@type\":\"ListItem\",\"position\":2,\"name\":\"Produkter\",\"item\":\"https:\/\/abrhome.eu\/products\/\"},{\"@type\":\"ListItem\",\"position\":3,\"name\":\"Holdbar St\u00e5l Balkongrekkverk\"}]},{\"@type\":\"WebSite\",\"@id\":\"https:\/\/abrhome.eu\/#website\",\"url\":\"https:\/\/abrhome.eu\/\",\"name\":\"ABR Home - Metallic constructions since 2010\",\"description\":\"\",\"publisher\":{\"@id\":\"https:\/\/abrhome.eu\/#organization\"},\"potentialAction\":[{\"@type\":\"SearchAction\",\"target\":{\"@type\":\"EntryPoint\",\"urlTemplate\":\"https:\/\/abrhome.eu\/?s={search_term_string}\"},\"query-input\":\"required name=search_term_string\"}],\"inLanguage\":\"nb-NO\"},{\"@type\":\"Organization\",\"@id\":\"https:\/\/abrhome.eu\/#organization\",\"name\":\"ABR Home - Metallic constructions since 2010\",\"url\":\"https:\/\/abrhome.eu\/\",\"logo\":{\"@type\":\"ImageObject\",\"inLanguage\":\"nb-NO\",\"@id\":\"https:\/\/abrhome.eu\/#\/schema\/logo\/image\/\",\"url\":\"https:\/\/abrhome.eu\/wp-content\/uploads\/2023\/12\/logo-10.png\",\"contentUrl\":\"https:\/\/abrhome.eu\/wp-content\/uploads\/2023\/12\/logo-10.png\",\"width\":300,\"height\":139,\"caption\":\"ABR Home - Metallic constructions since 2010\"},\"image\":{\"@id\":\"https:\/\/abrhome.eu\/#\/schema\/logo\/image\/\"}}]}<\/script>\n<!-- \/ Yoast SEO plugin. -->","yoast_head_json":{"title":"Holdbar St\u00e5l Balkongrekkverk - ABR Home - Metallic constructions since 2010","robots":{"index":"index","follow":"follow","max-snippet":"max-snippet:-1","max-image-preview":"max-image-preview:large","max-video-preview":"max-video-preview:-1"},"canonical":"https:\/\/abrhome.eu\/produkt\/durable-steel-balcony-railing-2\/","og_locale":"nb_NO","og_type":"article","og_title":"Holdbar St\u00e5l Balkongrekkverk - ABR Home - Metallic constructions since 2010","og_description":"Holdbar St\u00e5l Balkongrekkverk designet for robust beskyttelse og estetikk. Har en elegant, pulverlakkert finish for holdbarhet og enkel installasjon, ideell for \u00e5 forbedre ytre sikkerhet og utseende.","og_url":"https:\/\/abrhome.eu\/produkt\/durable-steel-balcony-railing-2\/","og_site_name":"ABR Home - Metallic constructions since 2010","article_modified_time":"2024-06-04T20:47:01+00:00","og_image":[{"width":1600,"height":1200,"url":"https:\/\/abrhome.eu\/wp-content\/uploads\/2024\/06\/IMG-20211116-WA0006.jpg","type":"image\/jpeg"}],"twitter_card":"summary_large_image","twitter_misc":{"Ansl. lesetid":"1 minutt"},"schema":{"@context":"https:\/\/schema.org","@graph":[{"@type":"WebPage","@id":"https:\/\/abrhome.eu\/produkt\/durable-steel-balcony-railing-2\/","url":"https:\/\/abrhome.eu\/produkt\/durable-steel-balcony-railing-2\/","name":"Holdbar St\u00e5l Balkongrekkverk - ABR Home - Metallic constructions since 2010","isPartOf":{"@id":"https:\/\/abrhome.eu\/#website"},"primaryImageOfPage":{"@id":"https:\/\/abrhome.eu\/produkt\/durable-steel-balcony-railing-2\/#primaryimage"},"image":{"@id":"https:\/\/abrhome.eu\/produkt\/durable-steel-balcony-railing-2\/#primaryimage"},"thumbnailUrl":"https:\/\/abrhome.eu\/wp-content\/uploads\/2024\/06\/IMG-20211116-WA0006.jpg","datePublished":"2024-06-04T15:23:24+00:00","dateModified":"2024-06-04T20:47:01+00:00","breadcrumb":{"@id":"https:\/\/abrhome.eu\/produkt\/durable-steel-balcony-railing-2\/#breadcrumb"},"inLanguage":"nb-NO","potentialAction":[{"@type":"ReadAction","target":["https:\/\/abrhome.eu\/produkt\/durable-steel-balcony-railing-2\/"]}]},{"@type":"ImageObject","inLanguage":"nb-NO","@id":"https:\/\/abrhome.eu\/produkt\/durable-steel-balcony-railing-2\/#primaryimage","url":"https:\/\/abrhome.eu\/wp-content\/uploads\/2024\/06\/IMG-20211116-WA0006.jpg","contentUrl":"https:\/\/abrhome.eu\/wp-content\/uploads\/2024\/06\/IMG-20211116-WA0006.jpg","width":1600,"height":1200,"caption":"Kest\u00e4v\u00e4 Ter\u00e4ksinen Parvekekaide"},{"@type":"BreadcrumbList","@id":"https:\/\/abrhome.eu\/produkt\/durable-steel-balcony-railing-2\/#breadcrumb","itemListElement":[{"@type":"ListItem","position":1,"name":"Home","item":"https:\/\/abrhome.eu\/no\/"},{"@type":"ListItem","position":2,"name":"Produkter","item":"https:\/\/abrhome.eu\/products\/"},{"@type":"ListItem","position":3,"name":"Holdbar St\u00e5l Balkongrekkverk"}]},{"@type":"WebSite","@id":"https:\/\/abrhome.eu\/#website","url":"https:\/\/abrhome.eu\/","name":"ABR Home - Metallic constructions since 2010","description":"","publisher":{"@id":"https:\/\/abrhome.eu\/#organization"},"potentialAction":[{"@type":"SearchAction","target":{"@type":"EntryPoint","urlTemplate":"https:\/\/abrhome.eu\/?s={search_term_string}"},"query-input":"required name=search_term_string"}],"inLanguage":"nb-NO"},{"@type":"Organization","@id":"https:\/\/abrhome.eu\/#organization","name":"ABR Home - Metallic constructions since 2010","url":"https:\/\/abrhome.eu\/","logo":{"@type":"ImageObject","inLanguage":"nb-NO","@id":"https:\/\/abrhome.eu\/#\/schema\/logo\/image\/","url":"https:\/\/abrhome.eu\/wp-content\/uploads\/2023\/12\/logo-10.png","contentUrl":"https:\/\/abrhome.eu\/wp-content\/uploads\/2023\/12\/logo-10.png","width":300,"height":139,"caption":"ABR Home - Metallic constructions since 2010"},"image":{"@id":"https:\/\/abrhome.eu\/#\/schema\/logo\/image\/"}}]}},"_links":{"self":[{"href":"https:\/\/abrhome.eu\/no\/wp-json\/wp\/v2\/product\/13813","targetHints":{"allow":["GET"]}}],"collection":[{"href":"https:\/\/abrhome.eu\/no\/wp-json\/wp\/v2\/product"}],"about":[{"href":"https:\/\/abrhome.eu\/no\/wp-json\/wp\/v2\/types\/product"}],"version-history":[{"count":0,"href":"https:\/\/abrhome.eu\/no\/wp-json\/wp\/v2\/product\/13813\/revisions"}],"wp:featuredmedia":[{"embeddable":true,"href":"https:\/\/abrhome.eu\/no\/wp-json\/wp\/v2\/media\/7613"}],"wp:attachment":[{"href":"https:\/\/abrhome.eu\/no\/wp-json\/wp\/v2\/media?parent=13813"}],"wp:term":[{"taxonomy":"product_cat","embeddable":true,"href":"https:\/\/abrhome.eu\/no\/wp-json\/wp\/v2\/product_cat?post=13813"},{"taxonomy":"product_tag","embeddable":true,"href":"https:\/\/abrhome.eu\/no\/wp-json\/wp\/v2\/product_tag?post=13813"}],"curies":[{"name":"wp","href":"https:\/\/api.w.org\/{rel}","templated":true}]}}