{"id":12616,"date":"2024-06-04T17:23:21","date_gmt":"2024-06-04T15:23:21","guid":{"rendered":"https:\/\/abrhome.eu\/product\/nowoczesna-metalowa-balustrada-balkonowa\/"},"modified":"2024-06-04T22:18:26","modified_gmt":"2024-06-04T20:18:26","slug":"nowoczesna-metalowa-balustrada-balkonowa","status":"publish","type":"product","link":"https:\/\/abrhome.eu\/pl\/produkt\/nowoczesna-metalowa-balustrada-balkonowa\/","title":{"rendered":"Nowoczesna Metalowa Balustrada Balkonowa"},"content":{"rendered":"<p>Podnie\u015b bezpiecze\u0144stwo i estetyk\u0119 swojego balkonu dzi\u0119ki naszej <b>Nowoczesnej Metalowej Balustradzie Balkonowej<\/b>. Wykonana z wysokiej jako\u015bci <b>stali<\/b> lub <b>aluminium<\/b>, ta balustrada gwarantuje trwa\u0142o\u015b\u0107 i solidno\u015b\u0107, co czyni j\u0105 idealn\u0105 zar\u00f3wno do zastosowa\u0144 mieszkaniowych, jak i komercyjnych. Osi\u0105gaj\u0105c wysoko\u015b\u0107 od 1 do 1,2 metra i rozci\u0105gaj\u0105c si\u0119 na szeroko\u015b\u0107 od 2 do 3 metr\u00f3w, system balustrady zaprojektowany jest tak, aby oferowa\u0107 optymaln\u0105 ochron\u0119 bez kompromisu pod wzgl\u0119dem stylu.<\/p>\n<p>Ka\u017cda balustrada przechodzi staranny proces in\u017cynieryjny i projektowy, wykorzystuj\u0105c zaawansowane oprogramowanie CAD, a nast\u0119pnie dok\u0142adne ci\u0119cie, gi\u0119cie i frezowanie, aby uzyska\u0107 doskona\u0142e wyko\u0144czenie. Elementy s\u0105 sk\u0142adane na sta\u0142e przy u\u017cyciu spawania lub monta\u017cu mechanicznego i pokryte solidn\u0105 szar\u0105 pow\u0142ok\u0105 (RAL 7042 &#8211; Traffic Grey A), dla zwi\u0119kszonej odporno\u015bci na warunki atmosferyczne i d\u0142ugowieczno\u015bci. Balustrada jest systematycznie pakowana i gotowa do \u0142atwego monta\u017cu, zapewniaj\u0105c stabilno\u015b\u0107 i trwa\u0142\u0105 wydajno\u015b\u0107.<\/p>\n<p> <div class=\"p2410-product-tags\" style=\"margin:1rem 0\">\r\n\t\t<div style=\"font-weight:600\">Tagi<\/div>\r\n\t\t<div><a href=\"https:\/\/abrhome.eu\/pl\/tag-produktu\/aluminiowa-balustrada-balkonowa\/\" class=\"product-tag\">Aluminiowa Balustrada Balkonowa<\/a>, <a href=\"https:\/\/abrhome.eu\/pl\/tag-produktu\/balustrada-balkonowa-ze-stali\/\" class=\"product-tag\">balustrada balkonowa ze stali<\/a>, <a href=\"https:\/\/abrhome.eu\/pl\/tag-produktu\/metalowa-balustrada-balkonowa\/\" class=\"product-tag\">Metalowa Balustrada Balkonowa<\/a>, <a href=\"https:\/\/abrhome.eu\/pl\/tag-produktu\/nowoczesna-balustrada-na-balkon\/\" class=\"product-tag\">Nowoczesna Balustrada na Balkon<\/a>, <a href=\"https:\/\/abrhome.eu\/pl\/tag-produktu\/trwala-zewnetrzna-balustrada\/\" class=\"product-tag\">Trwa\u0142a Zewn\u0119trzna Balustrada<\/a><\/div>\r\n\t<\/div> <div class=\"p2410-product-colors\" style=\"margin:1rem 0\">\r\n\t\t<div style=\"font-weight:600\">Kolor<\/div>\r\n\t\t<div><span>RAL 1023 \u017b\u00f3\u0142ty drogowy (\u017b\u00f3\u0142ty)<\/span>, <span>RAL 1036 Per\u0142owe z\u0142oto (Z\u0142oty)<\/span>, <span>RAL 2004 Czysty pomara\u0144czowy (Pomara\u0144czowy)<\/span>, <span>RAL 3000 P\u0142omienna czerwie\u0144 (Czerwony)<\/span>, <span>RAL 3020 Czerwie\u0144 drogowa (Czerwony)<\/span>, <span>RAL 4005 Niebieska lilia (Fioletowy)<\/span>, <span>RAL 5005 B\u0142\u0119kit sygna\u0142owy (Niebieski)<\/span>, <span>RAL 5010 B\u0142\u0119kit gencjanowy (Niebieski)<\/span>, <span>RAL 6005 Ziele\u0144 mchu (Zielony)<\/span>, <span>RAL 7012 Bazaltowy szary (Szary)<\/span>, <span>RAL 7015 \u0141upkowy szary (Szary)<\/span>, <span>RAL 7016 Antracytowy szary (Szary)<\/span>, <span>RAL 7021 Czarny szary (Czarny)<\/span>, <span>RAL 7024 Grafitowy szary (Szary)<\/span>, <span>RAL 7032 Szary kamyk (Szary)<\/span>, <span>RAL 7035 Jasnoszary (Szary)<\/span>, <span>RAL 7040 Szary okienny (Szary)<\/span>, <span>RAL 7042 Szary drogowy A (Szary)<\/span>, <span>RAL 8017 Br\u0105z czekoladowy (Br\u0105zowy)<\/span>, <span>RAL 9005 Czarny odrzutowy (Czarny)<\/span>, <span>RAL 9006 Bia\u0142y aluminium (Srebro)<\/span>, <span>RAL 9007 Szary aluminium (Srebro)<\/span>, <span>RAL 9010 Czysta biel (Bia\u0142y)<\/span>, <span>RAL 9016 Biel drogowa (Bia\u0142y)<\/span><\/div>\r\n\t<\/div><\/p>\n","protected":false},"excerpt":{"rendered":"<p>Odkryj nasz\u0105 <b>Nowoczesn\u0105 Metalow\u0105 Balustrad\u0119 Balkonow\u0105<\/b>, wykonan\u0105 z trwa\u0142ej <b>stali<\/b> lub <b>aluminium<\/b>. Idealna do podnoszenia zar\u00f3wno bezpiecze\u0144stwa, jak i stylu, ta balustrada posiada pow\u0142ok\u0119 malowan\u0105 proszkowo dla lepszej d\u0142ugowieczno\u015bci i odporno\u015bci na warunki pogodowe. Doskona\u0142a zar\u00f3wno do u\u017cytku mieszkaniowego, jak i komercyjnego.<\/p>\n","protected":false},"featured_media":7598,"template":"","meta":[],"product_cat":[26833],"product_tag":[19938,2593,19924,19964,19952],"class_list":{"0":"post-12616","1":"product","2":"type-product","3":"status-publish","4":"has-post-thumbnail","6":"product_cat-cechy-bezpieczenstwa-balustrady-i-ogrodzenia","7":"product_tag-aluminiowa-balustrada-balkonowa","8":"product_tag-balustrada-balkonowa-ze-stali","9":"product_tag-metalowa-balustrada-balkonowa","10":"product_tag-nowoczesna-balustrada-na-balkon","11":"product_tag-trwala-zewnetrzna-balustrada","13":"first","14":"instock","15":"shipping-taxable","16":"product-type-simple"},"yoast_head":"<!-- This site is optimized with the Yoast SEO plugin v23.1 - https:\/\/yoast.com\/wordpress\/plugins\/seo\/ -->\n<title>Nowoczesna Metalowa Balustrada Balkonowa - ABR Home - Metallic constructions since 2010<\/title>\n<meta name=\"robots\" content=\"index, follow, max-snippet:-1, max-image-preview:large, max-video-preview:-1\" \/>\n<link rel=\"canonical\" href=\"https:\/\/abrhome.eu\/produkt\/modern-metallic-balcony-railing\/\" \/>\n<meta property=\"og:locale\" content=\"pl_PL\" \/>\n<meta property=\"og:type\" content=\"article\" \/>\n<meta property=\"og:title\" content=\"Nowoczesna Metalowa Balustrada Balkonowa - ABR Home - Metallic constructions since 2010\" \/>\n<meta property=\"og:description\" content=\"Odkryj nasz\u0105 Nowoczesn\u0105 Metalow\u0105 Balustrad\u0119 Balkonow\u0105, wykonan\u0105 z trwa\u0142ej stali lub aluminium. Idealna do podnoszenia zar\u00f3wno bezpiecze\u0144stwa, jak i stylu, ta balustrada posiada pow\u0142ok\u0119 malowan\u0105 proszkowo dla lepszej d\u0142ugowieczno\u015bci i odporno\u015bci na warunki pogodowe. Doskona\u0142a zar\u00f3wno do u\u017cytku mieszkaniowego, jak i komercyjnego.\" \/>\n<meta property=\"og:url\" content=\"https:\/\/abrhome.eu\/produkt\/modern-metallic-balcony-railing\/\" \/>\n<meta property=\"og:site_name\" content=\"ABR Home - Metallic constructions since 2010\" \/>\n<meta property=\"article:modified_time\" content=\"2024-06-04T20:18:26+00:00\" \/>\n<meta property=\"og:image\" content=\"https:\/\/abrhome.eu\/wp-content\/uploads\/2024\/06\/IMG-20211113-WA0002.jpg\" \/>\n\t<meta property=\"og:image:width\" content=\"1600\" \/>\n\t<meta property=\"og:image:height\" content=\"1200\" \/>\n\t<meta property=\"og:image:type\" content=\"image\/jpeg\" \/>\n<meta name=\"twitter:card\" content=\"summary_large_image\" \/>\n<meta name=\"twitter:label1\" content=\"Szacowany czas czytania\" \/>\n\t<meta name=\"twitter:data1\" content=\"1 minuta\" \/>\n<script type=\"application\/ld+json\" class=\"yoast-schema-graph\">{\"@context\":\"https:\/\/schema.org\",\"@graph\":[{\"@type\":\"WebPage\",\"@id\":\"https:\/\/abrhome.eu\/produkt\/modern-metallic-balcony-railing\/\",\"url\":\"https:\/\/abrhome.eu\/produkt\/modern-metallic-balcony-railing\/\",\"name\":\"Nowoczesna Metalowa Balustrada Balkonowa - ABR Home - Metallic constructions since 2010\",\"isPartOf\":{\"@id\":\"https:\/\/abrhome.eu\/#website\"},\"primaryImageOfPage\":{\"@id\":\"https:\/\/abrhome.eu\/produkt\/modern-metallic-balcony-railing\/#primaryimage\"},\"image\":{\"@id\":\"https:\/\/abrhome.eu\/produkt\/modern-metallic-balcony-railing\/#primaryimage\"},\"thumbnailUrl\":\"https:\/\/abrhome.eu\/wp-content\/uploads\/2024\/06\/IMG-20211113-WA0002.jpg\",\"datePublished\":\"2024-06-04T15:23:21+00:00\",\"dateModified\":\"2024-06-04T20:18:26+00:00\",\"breadcrumb\":{\"@id\":\"https:\/\/abrhome.eu\/produkt\/modern-metallic-balcony-railing\/#breadcrumb\"},\"inLanguage\":\"pl-PL\",\"potentialAction\":[{\"@type\":\"ReadAction\",\"target\":[\"https:\/\/abrhome.eu\/produkt\/modern-metallic-balcony-railing\/\"]}]},{\"@type\":\"ImageObject\",\"inLanguage\":\"pl-PL\",\"@id\":\"https:\/\/abrhome.eu\/produkt\/modern-metallic-balcony-railing\/#primaryimage\",\"url\":\"https:\/\/abrhome.eu\/wp-content\/uploads\/2024\/06\/IMG-20211113-WA0002.jpg\",\"contentUrl\":\"https:\/\/abrhome.eu\/wp-content\/uploads\/2024\/06\/IMG-20211113-WA0002.jpg\",\"width\":1600,\"height\":1200,\"caption\":\"Nykyajan Metallinen Parvekekaide\"},{\"@type\":\"BreadcrumbList\",\"@id\":\"https:\/\/abrhome.eu\/produkt\/modern-metallic-balcony-railing\/#breadcrumb\",\"itemListElement\":[{\"@type\":\"ListItem\",\"position\":1,\"name\":\"Home\",\"item\":\"https:\/\/abrhome.eu\/pl\/\"},{\"@type\":\"ListItem\",\"position\":2,\"name\":\"Produkty\",\"item\":\"https:\/\/abrhome.eu\/pl\/produkty\/\"},{\"@type\":\"ListItem\",\"position\":3,\"name\":\"Nowoczesna Metalowa Balustrada Balkonowa\"}]},{\"@type\":\"WebSite\",\"@id\":\"https:\/\/abrhome.eu\/#website\",\"url\":\"https:\/\/abrhome.eu\/\",\"name\":\"ABR Home - Metallic constructions since 2010\",\"description\":\"\",\"publisher\":{\"@id\":\"https:\/\/abrhome.eu\/#organization\"},\"potentialAction\":[{\"@type\":\"SearchAction\",\"target\":{\"@type\":\"EntryPoint\",\"urlTemplate\":\"https:\/\/abrhome.eu\/?s={search_term_string}\"},\"query-input\":\"required name=search_term_string\"}],\"inLanguage\":\"pl-PL\"},{\"@type\":\"Organization\",\"@id\":\"https:\/\/abrhome.eu\/#organization\",\"name\":\"ABR Home - Metallic constructions since 2010\",\"url\":\"https:\/\/abrhome.eu\/\",\"logo\":{\"@type\":\"ImageObject\",\"inLanguage\":\"pl-PL\",\"@id\":\"https:\/\/abrhome.eu\/#\/schema\/logo\/image\/\",\"url\":\"https:\/\/abrhome.eu\/wp-content\/uploads\/2023\/12\/logo-10.png\",\"contentUrl\":\"https:\/\/abrhome.eu\/wp-content\/uploads\/2023\/12\/logo-10.png\",\"width\":300,\"height\":139,\"caption\":\"ABR Home - Metallic constructions since 2010\"},\"image\":{\"@id\":\"https:\/\/abrhome.eu\/#\/schema\/logo\/image\/\"}}]}<\/script>\n<!-- \/ Yoast SEO plugin. -->","yoast_head_json":{"title":"Nowoczesna Metalowa Balustrada Balkonowa - ABR Home - Metallic constructions since 2010","robots":{"index":"index","follow":"follow","max-snippet":"max-snippet:-1","max-image-preview":"max-image-preview:large","max-video-preview":"max-video-preview:-1"},"canonical":"https:\/\/abrhome.eu\/produkt\/modern-metallic-balcony-railing\/","og_locale":"pl_PL","og_type":"article","og_title":"Nowoczesna Metalowa Balustrada Balkonowa - ABR Home - Metallic constructions since 2010","og_description":"Odkryj nasz\u0105 Nowoczesn\u0105 Metalow\u0105 Balustrad\u0119 Balkonow\u0105, wykonan\u0105 z trwa\u0142ej stali lub aluminium. Idealna do podnoszenia zar\u00f3wno bezpiecze\u0144stwa, jak i stylu, ta balustrada posiada pow\u0142ok\u0119 malowan\u0105 proszkowo dla lepszej d\u0142ugowieczno\u015bci i odporno\u015bci na warunki pogodowe. Doskona\u0142a zar\u00f3wno do u\u017cytku mieszkaniowego, jak i komercyjnego.","og_url":"https:\/\/abrhome.eu\/produkt\/modern-metallic-balcony-railing\/","og_site_name":"ABR Home - Metallic constructions since 2010","article_modified_time":"2024-06-04T20:18:26+00:00","og_image":[{"width":1600,"height":1200,"url":"https:\/\/abrhome.eu\/wp-content\/uploads\/2024\/06\/IMG-20211113-WA0002.jpg","type":"image\/jpeg"}],"twitter_card":"summary_large_image","twitter_misc":{"Szacowany czas czytania":"1 minuta"},"schema":{"@context":"https:\/\/schema.org","@graph":[{"@type":"WebPage","@id":"https:\/\/abrhome.eu\/produkt\/modern-metallic-balcony-railing\/","url":"https:\/\/abrhome.eu\/produkt\/modern-metallic-balcony-railing\/","name":"Nowoczesna Metalowa Balustrada Balkonowa - ABR Home - Metallic constructions since 2010","isPartOf":{"@id":"https:\/\/abrhome.eu\/#website"},"primaryImageOfPage":{"@id":"https:\/\/abrhome.eu\/produkt\/modern-metallic-balcony-railing\/#primaryimage"},"image":{"@id":"https:\/\/abrhome.eu\/produkt\/modern-metallic-balcony-railing\/#primaryimage"},"thumbnailUrl":"https:\/\/abrhome.eu\/wp-content\/uploads\/2024\/06\/IMG-20211113-WA0002.jpg","datePublished":"2024-06-04T15:23:21+00:00","dateModified":"2024-06-04T20:18:26+00:00","breadcrumb":{"@id":"https:\/\/abrhome.eu\/produkt\/modern-metallic-balcony-railing\/#breadcrumb"},"inLanguage":"pl-PL","potentialAction":[{"@type":"ReadAction","target":["https:\/\/abrhome.eu\/produkt\/modern-metallic-balcony-railing\/"]}]},{"@type":"ImageObject","inLanguage":"pl-PL","@id":"https:\/\/abrhome.eu\/produkt\/modern-metallic-balcony-railing\/#primaryimage","url":"https:\/\/abrhome.eu\/wp-content\/uploads\/2024\/06\/IMG-20211113-WA0002.jpg","contentUrl":"https:\/\/abrhome.eu\/wp-content\/uploads\/2024\/06\/IMG-20211113-WA0002.jpg","width":1600,"height":1200,"caption":"Nykyajan Metallinen Parvekekaide"},{"@type":"BreadcrumbList","@id":"https:\/\/abrhome.eu\/produkt\/modern-metallic-balcony-railing\/#breadcrumb","itemListElement":[{"@type":"ListItem","position":1,"name":"Home","item":"https:\/\/abrhome.eu\/pl\/"},{"@type":"ListItem","position":2,"name":"Produkty","item":"https:\/\/abrhome.eu\/pl\/produkty\/"},{"@type":"ListItem","position":3,"name":"Nowoczesna Metalowa Balustrada Balkonowa"}]},{"@type":"WebSite","@id":"https:\/\/abrhome.eu\/#website","url":"https:\/\/abrhome.eu\/","name":"ABR Home - Metallic constructions since 2010","description":"","publisher":{"@id":"https:\/\/abrhome.eu\/#organization"},"potentialAction":[{"@type":"SearchAction","target":{"@type":"EntryPoint","urlTemplate":"https:\/\/abrhome.eu\/?s={search_term_string}"},"query-input":"required name=search_term_string"}],"inLanguage":"pl-PL"},{"@type":"Organization","@id":"https:\/\/abrhome.eu\/#organization","name":"ABR Home - Metallic constructions since 2010","url":"https:\/\/abrhome.eu\/","logo":{"@type":"ImageObject","inLanguage":"pl-PL","@id":"https:\/\/abrhome.eu\/#\/schema\/logo\/image\/","url":"https:\/\/abrhome.eu\/wp-content\/uploads\/2023\/12\/logo-10.png","contentUrl":"https:\/\/abrhome.eu\/wp-content\/uploads\/2023\/12\/logo-10.png","width":300,"height":139,"caption":"ABR Home - Metallic constructions since 2010"},"image":{"@id":"https:\/\/abrhome.eu\/#\/schema\/logo\/image\/"}}]}},"_links":{"self":[{"href":"https:\/\/abrhome.eu\/pl\/wp-json\/wp\/v2\/product\/12616","targetHints":{"allow":["GET"]}}],"collection":[{"href":"https:\/\/abrhome.eu\/pl\/wp-json\/wp\/v2\/product"}],"about":[{"href":"https:\/\/abrhome.eu\/pl\/wp-json\/wp\/v2\/types\/product"}],"version-history":[{"count":0,"href":"https:\/\/abrhome.eu\/pl\/wp-json\/wp\/v2\/product\/12616\/revisions"}],"wp:featuredmedia":[{"embeddable":true,"href":"https:\/\/abrhome.eu\/pl\/wp-json\/wp\/v2\/media\/7598"}],"wp:attachment":[{"href":"https:\/\/abrhome.eu\/pl\/wp-json\/wp\/v2\/media?parent=12616"}],"wp:term":[{"taxonomy":"product_cat","embeddable":true,"href":"https:\/\/abrhome.eu\/pl\/wp-json\/wp\/v2\/product_cat?post=12616"},{"taxonomy":"product_tag","embeddable":true,"href":"https:\/\/abrhome.eu\/pl\/wp-json\/wp\/v2\/product_tag?post=12616"}],"curies":[{"name":"wp","href":"https:\/\/api.w.org\/{rel}","templated":true}]}}