{"id":13056,"date":"2024-06-04T17:15:07","date_gmt":"2024-06-04T15:15:07","guid":{"rendered":"https:\/\/abrhome.eu\/product\/brama-ochronna-ze-stali-z-pionowymi-pretami\/"},"modified":"2024-06-04T22:37:15","modified_gmt":"2024-06-04T20:37:15","slug":"brama-ochronna-ze-stali-z-pionowymi-pretami","status":"publish","type":"product","link":"https:\/\/abrhome.eu\/pl\/produkt\/brama-ochronna-ze-stali-z-pionowymi-pretami\/","title":{"rendered":"Brama Ochronna Ze Stali z Pionowymi Pr\u0119tami"},"content":{"rendered":"<p><b>Pot\u0119guj bezpiecze\u0144stwo<\/b> swojej nieruchomo\u015bci dzi\u0119ki naszej solidnej <b>Bramie Ochronnej Ze Stali z Pionowymi Pr\u0119tami<\/b>. Brama ta zosta\u0142a starannie zaprojektowana i wykonana tak, aby zapewni\u0107 maksymaln\u0105 trwa\u0142o\u015b\u0107 i niezawodno\u015b\u0107. Wykonana z wysokiej jako\u015bci stali, wyposa\u017cona w solidne pionowe pr\u0119ty oraz poziome poprzeczki, a tak\u017ce niezawodny mechanizm zamka i klamk\u0119 u\u0142atwiaj\u0105c\u0105 dost\u0119p.<\/p>\n<p>Ka\u017cda brama jest starannie spawana, aby zwi\u0119kszy\u0107 wytrzyma\u0142o\u015b\u0107 i stabilno\u015b\u0107, zapewniaj\u0105c pewne dopasowanie. Aby chroni\u0107 przed korozj\u0105 i utrzyma\u0107 jej estetyczny wygl\u0105d, brama zosta\u0142a pokryta proszkowo na matowo czarno, przypominaj\u0105cym RAL 9005 (Czarny Jet).<\/p>\n<p>Idealna do zapewnienia kontrolowanego dost\u0119pu i zwi\u0119kszonego bezpiecze\u0144stwa zar\u00f3wno w nieruchomo\u015bciach mieszkalnych, jak i komercyjnych, ten produkt skutecznie \u0142\u0105czy funkcjonalno\u015b\u0107 ze stylem. Dost\u0119pna w r\u00f3\u017cnych rozmiarach, dostosowana do r\u00f3\u017cnych wej\u015b\u0107, brama jest wyposa\u017cona w zawiasy ze stopu metali i zamki metalowe, co zapewnia d\u0142ugotrwa\u0142\u0105 trwa\u0142o\u015b\u0107 i \u0142atwo\u015b\u0107 u\u017cycia.<\/p>\n<p> <div class=\"p2410-product-tags\" style=\"margin:1rem 0\">\r\n\t\t<div style=\"font-weight:600\">Tagi<\/div>\r\n\t\t<div><a href=\"https:\/\/abrhome.eu\/pl\/tag-produktu\/brama-ochronna-do-domu\/\" class=\"product-tag\">brama ochronna do domu<\/a>, <a href=\"https:\/\/abrhome.eu\/pl\/tag-produktu\/brama-ochronna-ze-stali\/\" class=\"product-tag\">brama ochronna ze stali<\/a>, <a href=\"https:\/\/abrhome.eu\/pl\/tag-produktu\/brama-z-pionowymi-pretami\/\" class=\"product-tag\">brama z pionowymi pr\u0119tami<\/a>, <a href=\"https:\/\/abrhome.eu\/pl\/tag-produktu\/brama-z-powloka-proszkowa\/\" class=\"product-tag\">brama z pow\u0142ok\u0105 proszkow\u0105<\/a>, <a href=\"https:\/\/abrhome.eu\/pl\/tag-produktu\/metalowa-brama-ochronna\/\" class=\"product-tag\">metalowa brama ochronna<\/a><\/div>\r\n\t<\/div> <div class=\"p2410-product-colors\" style=\"margin:1rem 0\">\r\n\t\t<div style=\"font-weight:600\">Kolor<\/div>\r\n\t\t<div><span>RAL 1023 \u017b\u00f3\u0142ty drogowy (\u017b\u00f3\u0142ty)<\/span>, <span>RAL 1036 Per\u0142owe z\u0142oto (Z\u0142oty)<\/span>, <span>RAL 2004 Czysty pomara\u0144czowy (Pomara\u0144czowy)<\/span>, <span>RAL 3000 P\u0142omienna czerwie\u0144 (Czerwony)<\/span>, <span>RAL 3020 Czerwie\u0144 drogowa (Czerwony)<\/span>, <span>RAL 4005 Niebieska lilia (Fioletowy)<\/span>, <span>RAL 5005 B\u0142\u0119kit sygna\u0142owy (Niebieski)<\/span>, <span>RAL 5010 B\u0142\u0119kit gencjanowy (Niebieski)<\/span>, <span>RAL 6005 Ziele\u0144 mchu (Zielony)<\/span>, <span>RAL 7012 Bazaltowy szary (Szary)<\/span>, <span>RAL 7015 \u0141upkowy szary (Szary)<\/span>, <span>RAL 7016 Antracytowy szary (Szary)<\/span>, <span>RAL 7021 Czarny szary (Czarny)<\/span>, <span>RAL 7024 Grafitowy szary (Szary)<\/span>, <span>RAL 7032 Szary kamyk (Szary)<\/span>, <span>RAL 7035 Jasnoszary (Szary)<\/span>, <span>RAL 7040 Szary okienny (Szary)<\/span>, <span>RAL 7042 Szary drogowy A (Szary)<\/span>, <span>RAL 8017 Br\u0105z czekoladowy (Br\u0105zowy)<\/span>, <span>RAL 9005 Czarny odrzutowy (Czarny)<\/span>, <span>RAL 9006 Bia\u0142y aluminium (Srebro)<\/span>, <span>RAL 9007 Szary aluminium (Srebro)<\/span>, <span>RAL 9010 Czysta biel (Bia\u0142y)<\/span>, <span>RAL 9016 Biel drogowa (Bia\u0142y)<\/span><\/div>\r\n\t<\/div><\/p>\n","protected":false},"excerpt":{"rendered":"<p>Odkryj nasz\u0105 <b>Bram\u0119 Ochronn\u0105 Ze Stali<\/b>, zaprojektowan\u0105 z my\u015bl\u0105 o trwa\u0142o\u015bci, wyposa\u017con\u0105 w pionowe i poziome poprzeczki oraz niezawodny mechanizm zamykania. Wyko\u0144czona matow\u0105 czarn\u0105 pow\u0142ok\u0105 proszkow\u0105 zapewniaj\u0105c\u0105 odporno\u015b\u0107 na korozj\u0119 i styl.<\/p>\n","protected":false},"featured_media":4163,"template":"","meta":[],"product_cat":[26679],"product_tag":[7832,7776,7790,7804,7818],"class_list":{"0":"post-13056","1":"product","2":"type-product","3":"status-publish","4":"has-post-thumbnail","6":"product_cat-ogrodzenia-i-bramy","7":"product_tag-brama-ochronna-do-domu","8":"product_tag-brama-ochronna-ze-stali","9":"product_tag-brama-z-pionowymi-pretami","10":"product_tag-brama-z-powloka-proszkowa","11":"product_tag-metalowa-brama-ochronna","13":"first","14":"instock","15":"shipping-taxable","16":"product-type-simple"},"yoast_head":"<!-- This site is optimized with the Yoast SEO plugin v23.1 - https:\/\/yoast.com\/wordpress\/plugins\/seo\/ -->\n<title>Brama Ochronna Ze Stali z Pionowymi Pr\u0119tami - ABR Home - Metallic constructions since 2010<\/title>\n<meta name=\"robots\" content=\"index, follow, max-snippet:-1, max-image-preview:large, max-video-preview:-1\" \/>\n<link rel=\"canonical\" href=\"https:\/\/abrhome.eu\/produkt\/steel-security-gate-with-vertical-bars\/\" \/>\n<meta property=\"og:locale\" content=\"pl_PL\" \/>\n<meta property=\"og:type\" content=\"article\" \/>\n<meta property=\"og:title\" content=\"Brama Ochronna Ze Stali z Pionowymi Pr\u0119tami - ABR Home - Metallic constructions since 2010\" \/>\n<meta property=\"og:description\" content=\"Odkryj nasz\u0105 Bram\u0119 Ochronn\u0105 Ze Stali, zaprojektowan\u0105 z my\u015bl\u0105 o trwa\u0142o\u015bci, wyposa\u017con\u0105 w pionowe i poziome poprzeczki oraz niezawodny mechanizm zamykania. Wyko\u0144czona matow\u0105 czarn\u0105 pow\u0142ok\u0105 proszkow\u0105 zapewniaj\u0105c\u0105 odporno\u015b\u0107 na korozj\u0119 i styl.\" \/>\n<meta property=\"og:url\" content=\"https:\/\/abrhome.eu\/produkt\/steel-security-gate-with-vertical-bars\/\" \/>\n<meta property=\"og:site_name\" content=\"ABR Home - Metallic constructions since 2010\" \/>\n<meta property=\"article:modified_time\" content=\"2024-06-04T20:37:15+00:00\" \/>\n<meta property=\"og:image\" content=\"https:\/\/abrhome.eu\/wp-content\/uploads\/2024\/06\/IMG-20200615-WA0001.jpg\" \/>\n\t<meta property=\"og:image:width\" content=\"1200\" \/>\n\t<meta property=\"og:image:height\" content=\"1600\" \/>\n\t<meta property=\"og:image:type\" content=\"image\/jpeg\" \/>\n<meta name=\"twitter:card\" content=\"summary_large_image\" \/>\n<meta name=\"twitter:label1\" content=\"Szacowany czas czytania\" \/>\n\t<meta name=\"twitter:data1\" content=\"1 minuta\" \/>\n<script type=\"application\/ld+json\" class=\"yoast-schema-graph\">{\"@context\":\"https:\/\/schema.org\",\"@graph\":[{\"@type\":\"WebPage\",\"@id\":\"https:\/\/abrhome.eu\/produkt\/steel-security-gate-with-vertical-bars\/\",\"url\":\"https:\/\/abrhome.eu\/produkt\/steel-security-gate-with-vertical-bars\/\",\"name\":\"Brama Ochronna Ze Stali z Pionowymi Pr\u0119tami - ABR Home - Metallic constructions since 2010\",\"isPartOf\":{\"@id\":\"https:\/\/abrhome.eu\/#website\"},\"primaryImageOfPage\":{\"@id\":\"https:\/\/abrhome.eu\/produkt\/steel-security-gate-with-vertical-bars\/#primaryimage\"},\"image\":{\"@id\":\"https:\/\/abrhome.eu\/produkt\/steel-security-gate-with-vertical-bars\/#primaryimage\"},\"thumbnailUrl\":\"https:\/\/abrhome.eu\/wp-content\/uploads\/2024\/06\/IMG-20200615-WA0001.jpg\",\"datePublished\":\"2024-06-04T15:15:07+00:00\",\"dateModified\":\"2024-06-04T20:37:15+00:00\",\"breadcrumb\":{\"@id\":\"https:\/\/abrhome.eu\/produkt\/steel-security-gate-with-vertical-bars\/#breadcrumb\"},\"inLanguage\":\"pl-PL\",\"potentialAction\":[{\"@type\":\"ReadAction\",\"target\":[\"https:\/\/abrhome.eu\/produkt\/steel-security-gate-with-vertical-bars\/\"]}]},{\"@type\":\"ImageObject\",\"inLanguage\":\"pl-PL\",\"@id\":\"https:\/\/abrhome.eu\/produkt\/steel-security-gate-with-vertical-bars\/#primaryimage\",\"url\":\"https:\/\/abrhome.eu\/wp-content\/uploads\/2024\/06\/IMG-20200615-WA0001.jpg\",\"contentUrl\":\"https:\/\/abrhome.eu\/wp-content\/uploads\/2024\/06\/IMG-20200615-WA0001.jpg\",\"width\":1200,\"height\":1600,\"caption\":\"Ter\u00e4sturvaportti pystysuorilla tangoilla\"},{\"@type\":\"BreadcrumbList\",\"@id\":\"https:\/\/abrhome.eu\/produkt\/steel-security-gate-with-vertical-bars\/#breadcrumb\",\"itemListElement\":[{\"@type\":\"ListItem\",\"position\":1,\"name\":\"Home\",\"item\":\"https:\/\/abrhome.eu\/pl\/\"},{\"@type\":\"ListItem\",\"position\":2,\"name\":\"Produkty\",\"item\":\"https:\/\/abrhome.eu\/pl\/produkty\/\"},{\"@type\":\"ListItem\",\"position\":3,\"name\":\"Brama Ochronna Ze Stali z Pionowymi Pr\u0119tami\"}]},{\"@type\":\"WebSite\",\"@id\":\"https:\/\/abrhome.eu\/#website\",\"url\":\"https:\/\/abrhome.eu\/\",\"name\":\"ABR Home - Metallic constructions since 2010\",\"description\":\"\",\"publisher\":{\"@id\":\"https:\/\/abrhome.eu\/#organization\"},\"potentialAction\":[{\"@type\":\"SearchAction\",\"target\":{\"@type\":\"EntryPoint\",\"urlTemplate\":\"https:\/\/abrhome.eu\/?s={search_term_string}\"},\"query-input\":\"required name=search_term_string\"}],\"inLanguage\":\"pl-PL\"},{\"@type\":\"Organization\",\"@id\":\"https:\/\/abrhome.eu\/#organization\",\"name\":\"ABR Home - Metallic constructions since 2010\",\"url\":\"https:\/\/abrhome.eu\/\",\"logo\":{\"@type\":\"ImageObject\",\"inLanguage\":\"pl-PL\",\"@id\":\"https:\/\/abrhome.eu\/#\/schema\/logo\/image\/\",\"url\":\"https:\/\/abrhome.eu\/wp-content\/uploads\/2023\/12\/logo-10.png\",\"contentUrl\":\"https:\/\/abrhome.eu\/wp-content\/uploads\/2023\/12\/logo-10.png\",\"width\":300,\"height\":139,\"caption\":\"ABR Home - Metallic constructions since 2010\"},\"image\":{\"@id\":\"https:\/\/abrhome.eu\/#\/schema\/logo\/image\/\"}}]}<\/script>\n<!-- \/ Yoast SEO plugin. -->","yoast_head_json":{"title":"Brama Ochronna Ze Stali z Pionowymi Pr\u0119tami - ABR Home - Metallic constructions since 2010","robots":{"index":"index","follow":"follow","max-snippet":"max-snippet:-1","max-image-preview":"max-image-preview:large","max-video-preview":"max-video-preview:-1"},"canonical":"https:\/\/abrhome.eu\/produkt\/steel-security-gate-with-vertical-bars\/","og_locale":"pl_PL","og_type":"article","og_title":"Brama Ochronna Ze Stali z Pionowymi Pr\u0119tami - ABR Home - Metallic constructions since 2010","og_description":"Odkryj nasz\u0105 Bram\u0119 Ochronn\u0105 Ze Stali, zaprojektowan\u0105 z my\u015bl\u0105 o trwa\u0142o\u015bci, wyposa\u017con\u0105 w pionowe i poziome poprzeczki oraz niezawodny mechanizm zamykania. Wyko\u0144czona matow\u0105 czarn\u0105 pow\u0142ok\u0105 proszkow\u0105 zapewniaj\u0105c\u0105 odporno\u015b\u0107 na korozj\u0119 i styl.","og_url":"https:\/\/abrhome.eu\/produkt\/steel-security-gate-with-vertical-bars\/","og_site_name":"ABR Home - Metallic constructions since 2010","article_modified_time":"2024-06-04T20:37:15+00:00","og_image":[{"width":1200,"height":1600,"url":"https:\/\/abrhome.eu\/wp-content\/uploads\/2024\/06\/IMG-20200615-WA0001.jpg","type":"image\/jpeg"}],"twitter_card":"summary_large_image","twitter_misc":{"Szacowany czas czytania":"1 minuta"},"schema":{"@context":"https:\/\/schema.org","@graph":[{"@type":"WebPage","@id":"https:\/\/abrhome.eu\/produkt\/steel-security-gate-with-vertical-bars\/","url":"https:\/\/abrhome.eu\/produkt\/steel-security-gate-with-vertical-bars\/","name":"Brama Ochronna Ze Stali z Pionowymi Pr\u0119tami - ABR Home - Metallic constructions since 2010","isPartOf":{"@id":"https:\/\/abrhome.eu\/#website"},"primaryImageOfPage":{"@id":"https:\/\/abrhome.eu\/produkt\/steel-security-gate-with-vertical-bars\/#primaryimage"},"image":{"@id":"https:\/\/abrhome.eu\/produkt\/steel-security-gate-with-vertical-bars\/#primaryimage"},"thumbnailUrl":"https:\/\/abrhome.eu\/wp-content\/uploads\/2024\/06\/IMG-20200615-WA0001.jpg","datePublished":"2024-06-04T15:15:07+00:00","dateModified":"2024-06-04T20:37:15+00:00","breadcrumb":{"@id":"https:\/\/abrhome.eu\/produkt\/steel-security-gate-with-vertical-bars\/#breadcrumb"},"inLanguage":"pl-PL","potentialAction":[{"@type":"ReadAction","target":["https:\/\/abrhome.eu\/produkt\/steel-security-gate-with-vertical-bars\/"]}]},{"@type":"ImageObject","inLanguage":"pl-PL","@id":"https:\/\/abrhome.eu\/produkt\/steel-security-gate-with-vertical-bars\/#primaryimage","url":"https:\/\/abrhome.eu\/wp-content\/uploads\/2024\/06\/IMG-20200615-WA0001.jpg","contentUrl":"https:\/\/abrhome.eu\/wp-content\/uploads\/2024\/06\/IMG-20200615-WA0001.jpg","width":1200,"height":1600,"caption":"Ter\u00e4sturvaportti pystysuorilla tangoilla"},{"@type":"BreadcrumbList","@id":"https:\/\/abrhome.eu\/produkt\/steel-security-gate-with-vertical-bars\/#breadcrumb","itemListElement":[{"@type":"ListItem","position":1,"name":"Home","item":"https:\/\/abrhome.eu\/pl\/"},{"@type":"ListItem","position":2,"name":"Produkty","item":"https:\/\/abrhome.eu\/pl\/produkty\/"},{"@type":"ListItem","position":3,"name":"Brama Ochronna Ze Stali z Pionowymi Pr\u0119tami"}]},{"@type":"WebSite","@id":"https:\/\/abrhome.eu\/#website","url":"https:\/\/abrhome.eu\/","name":"ABR Home - Metallic constructions since 2010","description":"","publisher":{"@id":"https:\/\/abrhome.eu\/#organization"},"potentialAction":[{"@type":"SearchAction","target":{"@type":"EntryPoint","urlTemplate":"https:\/\/abrhome.eu\/?s={search_term_string}"},"query-input":"required name=search_term_string"}],"inLanguage":"pl-PL"},{"@type":"Organization","@id":"https:\/\/abrhome.eu\/#organization","name":"ABR Home - Metallic constructions since 2010","url":"https:\/\/abrhome.eu\/","logo":{"@type":"ImageObject","inLanguage":"pl-PL","@id":"https:\/\/abrhome.eu\/#\/schema\/logo\/image\/","url":"https:\/\/abrhome.eu\/wp-content\/uploads\/2023\/12\/logo-10.png","contentUrl":"https:\/\/abrhome.eu\/wp-content\/uploads\/2023\/12\/logo-10.png","width":300,"height":139,"caption":"ABR Home - Metallic constructions since 2010"},"image":{"@id":"https:\/\/abrhome.eu\/#\/schema\/logo\/image\/"}}]}},"_links":{"self":[{"href":"https:\/\/abrhome.eu\/pl\/wp-json\/wp\/v2\/product\/13056","targetHints":{"allow":["GET"]}}],"collection":[{"href":"https:\/\/abrhome.eu\/pl\/wp-json\/wp\/v2\/product"}],"about":[{"href":"https:\/\/abrhome.eu\/pl\/wp-json\/wp\/v2\/types\/product"}],"version-history":[{"count":0,"href":"https:\/\/abrhome.eu\/pl\/wp-json\/wp\/v2\/product\/13056\/revisions"}],"wp:featuredmedia":[{"embeddable":true,"href":"https:\/\/abrhome.eu\/pl\/wp-json\/wp\/v2\/media\/4163"}],"wp:attachment":[{"href":"https:\/\/abrhome.eu\/pl\/wp-json\/wp\/v2\/media?parent=13056"}],"wp:term":[{"taxonomy":"product_cat","embeddable":true,"href":"https:\/\/abrhome.eu\/pl\/wp-json\/wp\/v2\/product_cat?post=13056"},{"taxonomy":"product_tag","embeddable":true,"href":"https:\/\/abrhome.eu\/pl\/wp-json\/wp\/v2\/product_tag?post=13056"}],"curies":[{"name":"wp","href":"https:\/\/api.w.org\/{rel}","templated":true}]}}