{"id":13767,"date":"2024-06-04T17:23:24","date_gmt":"2024-06-04T15:23:24","guid":{"rendered":"https:\/\/abrhome.eu\/product\/trwala-balustrada-balkonowa-z-stali-2\/"},"modified":"2024-06-04T22:46:26","modified_gmt":"2024-06-04T20:46:26","slug":"trwala-balustrada-balkonowa-z-stali-2","status":"publish","type":"product","link":"https:\/\/abrhome.eu\/pl\/produkt\/trwala-balustrada-balkonowa-z-stali-2\/","title":{"rendered":"Trwa\u0142a Balustrada Balkonowa z Stali"},"content":{"rendered":"<p>Podnie\u015b bezpiecze\u0144stwo i estetyczny wygl\u0105d swojego budynku dzi\u0119ki naszej <b>Trwa\u0142ej Balustradzie Balkonowej z Stali<\/b>. Wykonana z wysokiej jako\u015bci stali, balustrada ta zosta\u0142a zaprojektowana, aby zapewni\u0107 solidn\u0105 ochron\u0119 i zapobiega\u0107 upadkom z balkon\u00f3w i taras\u00f3w. Nasz precyzyjny proces in\u017cynieryjny i projektowy gwarantuje spe\u0142nianie rygorystycznych norm jako\u015bciowych przez ka\u017cd\u0105 balustrad\u0119.<\/p>\n<p>Proces produkcyjny obejmuje ci\u0119cie, frezowanie, gi\u0119cie i spawanie, ka\u017cdy krok jest starannie przeprowadzany, aby stworzy\u0107 sp\u00f3jn\u0105 i mocn\u0105 struktur\u0119. Po monta\u017cu, balustrada jest doskonalona poprzez pokrycie proszkowe w kolorze intensywnej czerni (RAL 9005), co zapewnia doskona\u0142\u0105 trwa\u0142o\u015b\u0107 i odporno\u015b\u0107 na korozj\u0119. Ten elegancki design nie tylko zwi\u0119ksza bezpiecze\u0144stwo, ale tak\u017ce znacz\u0105co poprawia zewn\u0119trzny wygl\u0105d zar\u00f3wno nieruchomo\u015bci mieszkalnych, jak i komercyjnych.<\/p>\n<p>Dost\u0119pna w r\u00f3\u017cnych wysoko\u015bciach i \u0142atwa w instalacji dzi\u0119ki mocnym wspornikom i \u015brubom, nasze balustrady zapewniaj\u0105 d\u0142ugotrwa\u0142\u0105 stabilno\u015b\u0107. Niezale\u017cnie od tego, czy szukasz <b>metalowej balustrady na taras<\/b> czy <b>zewn\u0119trznej balustrady bezpiecze\u0144stwa<\/b>, nasz produkt obiecuje zar\u00f3wno niezawodno\u015b\u0107, jak i styl.<\/p>\n<p> <div class=\"p2410-product-tags\" style=\"margin:1rem 0\">\r\n\t\t<div style=\"font-weight:600\">Tagi<\/div>\r\n\t\t<div><a href=\"https:\/\/abrhome.eu\/pl\/tag-produktu\/balustrada-balkonowa-ze-stali\/\" class=\"product-tag\">balustrada balkonowa ze stali<\/a>, <a href=\"https:\/\/abrhome.eu\/pl\/tag-produktu\/malowana-proszkowo-balustrada-balkonowa\/\" class=\"product-tag\">Malowana Proszkowo Balustrada Balkonowa<\/a>, <a href=\"https:\/\/abrhome.eu\/pl\/tag-produktu\/metalowa-balustrada-na-taras\/\" class=\"product-tag\">metalowa balustrada na taras<\/a>, <a href=\"https:\/\/abrhome.eu\/pl\/tag-produktu\/zewnetrzna-balustrada-bezpieczenstwa\/\" class=\"product-tag\">zewn\u0119trzna balustrada bezpiecze\u0144stwa<\/a><\/div>\r\n\t<\/div> <div class=\"p2410-product-colors\" style=\"margin:1rem 0\">\r\n\t\t<div style=\"font-weight:600\">Kolor<\/div>\r\n\t\t<div><span>RAL 1023 \u017b\u00f3\u0142ty drogowy (\u017b\u00f3\u0142ty)<\/span>, <span>RAL 1036 Per\u0142owe z\u0142oto (Z\u0142oty)<\/span>, <span>RAL 2004 Czysty pomara\u0144czowy (Pomara\u0144czowy)<\/span>, <span>RAL 3000 P\u0142omienna czerwie\u0144 (Czerwony)<\/span>, <span>RAL 3020 Czerwie\u0144 drogowa (Czerwony)<\/span>, <span>RAL 4005 Niebieska lilia (Fioletowy)<\/span>, <span>RAL 5005 B\u0142\u0119kit sygna\u0142owy (Niebieski)<\/span>, <span>RAL 5010 B\u0142\u0119kit gencjanowy (Niebieski)<\/span>, <span>RAL 6005 Ziele\u0144 mchu (Zielony)<\/span>, <span>RAL 7012 Bazaltowy szary (Szary)<\/span>, <span>RAL 7015 \u0141upkowy szary (Szary)<\/span>, <span>RAL 7016 Antracytowy szary (Szary)<\/span>, <span>RAL 7021 Czarny szary (Czarny)<\/span>, <span>RAL 7024 Grafitowy szary (Szary)<\/span>, <span>RAL 7032 Szary kamyk (Szary)<\/span>, <span>RAL 7035 Jasnoszary (Szary)<\/span>, <span>RAL 7040 Szary okienny (Szary)<\/span>, <span>RAL 7042 Szary drogowy A (Szary)<\/span>, <span>RAL 8017 Br\u0105z czekoladowy (Br\u0105zowy)<\/span>, <span>RAL 9005 Czarny odrzutowy (Czarny)<\/span>, <span>RAL 9006 Bia\u0142y aluminium (Srebro)<\/span>, <span>RAL 9007 Szary aluminium (Srebro)<\/span>, <span>RAL 9010 Czysta biel (Bia\u0142y)<\/span>, <span>RAL 9016 Biel drogowa (Bia\u0142y)<\/span><\/div>\r\n\t<\/div><\/p>\n","protected":false},"excerpt":{"rendered":"<p><b>Trwa\u0142a Balustrada Balkonowa z Stali<\/b> zaprojektowana dla solidnej ochrony i estetyki. Posiada eleganckie, <b>pokrycie proszkowe<\/b> dla trwa\u0142o\u015bci i \u0142atwej instalacji, idealna do zwi\u0119kszania zewn\u0119trznego bezpiecze\u0144stwa i wygl\u0105du.<\/p>\n","protected":false},"featured_media":7613,"template":"","meta":[],"product_cat":[26833],"product_tag":[2593,18708,19990,20004],"class_list":{"0":"post-13767","1":"product","2":"type-product","3":"status-publish","4":"has-post-thumbnail","6":"product_cat-cechy-bezpieczenstwa-balustrady-i-ogrodzenia","7":"product_tag-balustrada-balkonowa-ze-stali","8":"product_tag-malowana-proszkowo-balustrada-balkonowa","9":"product_tag-metalowa-balustrada-na-taras","10":"product_tag-zewnetrzna-balustrada-bezpieczenstwa","12":"first","13":"instock","14":"shipping-taxable","15":"product-type-simple"},"yoast_head":"<!-- This site is optimized with the Yoast SEO plugin v23.1 - https:\/\/yoast.com\/wordpress\/plugins\/seo\/ -->\n<title>Trwa\u0142a Balustrada Balkonowa z Stali - ABR Home - Metallic constructions since 2010<\/title>\n<meta name=\"robots\" content=\"index, follow, max-snippet:-1, max-image-preview:large, max-video-preview:-1\" \/>\n<link rel=\"canonical\" href=\"https:\/\/abrhome.eu\/produkt\/durable-steel-balcony-railing-2\/\" \/>\n<meta property=\"og:locale\" content=\"pl_PL\" \/>\n<meta property=\"og:type\" content=\"article\" \/>\n<meta property=\"og:title\" content=\"Trwa\u0142a Balustrada Balkonowa z Stali - ABR Home - Metallic constructions since 2010\" \/>\n<meta property=\"og:description\" content=\"Trwa\u0142a Balustrada Balkonowa z Stali zaprojektowana dla solidnej ochrony i estetyki. Posiada eleganckie, pokrycie proszkowe dla trwa\u0142o\u015bci i \u0142atwej instalacji, idealna do zwi\u0119kszania zewn\u0119trznego bezpiecze\u0144stwa i wygl\u0105du.\" \/>\n<meta property=\"og:url\" content=\"https:\/\/abrhome.eu\/produkt\/durable-steel-balcony-railing-2\/\" \/>\n<meta property=\"og:site_name\" content=\"ABR Home - Metallic constructions since 2010\" \/>\n<meta property=\"article:modified_time\" content=\"2024-06-04T20:46:26+00:00\" \/>\n<meta property=\"og:image\" content=\"https:\/\/abrhome.eu\/wp-content\/uploads\/2024\/06\/IMG-20211116-WA0006.jpg\" \/>\n\t<meta property=\"og:image:width\" content=\"1600\" \/>\n\t<meta property=\"og:image:height\" content=\"1200\" \/>\n\t<meta property=\"og:image:type\" content=\"image\/jpeg\" \/>\n<meta name=\"twitter:card\" content=\"summary_large_image\" \/>\n<meta name=\"twitter:label1\" content=\"Szacowany czas czytania\" \/>\n\t<meta name=\"twitter:data1\" content=\"1 minuta\" \/>\n<script type=\"application\/ld+json\" class=\"yoast-schema-graph\">{\"@context\":\"https:\/\/schema.org\",\"@graph\":[{\"@type\":\"WebPage\",\"@id\":\"https:\/\/abrhome.eu\/produkt\/durable-steel-balcony-railing-2\/\",\"url\":\"https:\/\/abrhome.eu\/produkt\/durable-steel-balcony-railing-2\/\",\"name\":\"Trwa\u0142a Balustrada Balkonowa z Stali - ABR Home - Metallic constructions since 2010\",\"isPartOf\":{\"@id\":\"https:\/\/abrhome.eu\/#website\"},\"primaryImageOfPage\":{\"@id\":\"https:\/\/abrhome.eu\/produkt\/durable-steel-balcony-railing-2\/#primaryimage\"},\"image\":{\"@id\":\"https:\/\/abrhome.eu\/produkt\/durable-steel-balcony-railing-2\/#primaryimage\"},\"thumbnailUrl\":\"https:\/\/abrhome.eu\/wp-content\/uploads\/2024\/06\/IMG-20211116-WA0006.jpg\",\"datePublished\":\"2024-06-04T15:23:24+00:00\",\"dateModified\":\"2024-06-04T20:46:26+00:00\",\"breadcrumb\":{\"@id\":\"https:\/\/abrhome.eu\/produkt\/durable-steel-balcony-railing-2\/#breadcrumb\"},\"inLanguage\":\"pl-PL\",\"potentialAction\":[{\"@type\":\"ReadAction\",\"target\":[\"https:\/\/abrhome.eu\/produkt\/durable-steel-balcony-railing-2\/\"]}]},{\"@type\":\"ImageObject\",\"inLanguage\":\"pl-PL\",\"@id\":\"https:\/\/abrhome.eu\/produkt\/durable-steel-balcony-railing-2\/#primaryimage\",\"url\":\"https:\/\/abrhome.eu\/wp-content\/uploads\/2024\/06\/IMG-20211116-WA0006.jpg\",\"contentUrl\":\"https:\/\/abrhome.eu\/wp-content\/uploads\/2024\/06\/IMG-20211116-WA0006.jpg\",\"width\":1600,\"height\":1200,\"caption\":\"Kest\u00e4v\u00e4 Ter\u00e4ksinen Parvekekaide\"},{\"@type\":\"BreadcrumbList\",\"@id\":\"https:\/\/abrhome.eu\/produkt\/durable-steel-balcony-railing-2\/#breadcrumb\",\"itemListElement\":[{\"@type\":\"ListItem\",\"position\":1,\"name\":\"Home\",\"item\":\"https:\/\/abrhome.eu\/pl\/\"},{\"@type\":\"ListItem\",\"position\":2,\"name\":\"Produkty\",\"item\":\"https:\/\/abrhome.eu\/pl\/produkty\/\"},{\"@type\":\"ListItem\",\"position\":3,\"name\":\"Trwa\u0142a Balustrada Balkonowa z Stali\"}]},{\"@type\":\"WebSite\",\"@id\":\"https:\/\/abrhome.eu\/#website\",\"url\":\"https:\/\/abrhome.eu\/\",\"name\":\"ABR Home - Metallic constructions since 2010\",\"description\":\"\",\"publisher\":{\"@id\":\"https:\/\/abrhome.eu\/#organization\"},\"potentialAction\":[{\"@type\":\"SearchAction\",\"target\":{\"@type\":\"EntryPoint\",\"urlTemplate\":\"https:\/\/abrhome.eu\/?s={search_term_string}\"},\"query-input\":\"required name=search_term_string\"}],\"inLanguage\":\"pl-PL\"},{\"@type\":\"Organization\",\"@id\":\"https:\/\/abrhome.eu\/#organization\",\"name\":\"ABR Home - Metallic constructions since 2010\",\"url\":\"https:\/\/abrhome.eu\/\",\"logo\":{\"@type\":\"ImageObject\",\"inLanguage\":\"pl-PL\",\"@id\":\"https:\/\/abrhome.eu\/#\/schema\/logo\/image\/\",\"url\":\"https:\/\/abrhome.eu\/wp-content\/uploads\/2023\/12\/logo-10.png\",\"contentUrl\":\"https:\/\/abrhome.eu\/wp-content\/uploads\/2023\/12\/logo-10.png\",\"width\":300,\"height\":139,\"caption\":\"ABR Home - Metallic constructions since 2010\"},\"image\":{\"@id\":\"https:\/\/abrhome.eu\/#\/schema\/logo\/image\/\"}}]}<\/script>\n<!-- \/ Yoast SEO plugin. -->","yoast_head_json":{"title":"Trwa\u0142a Balustrada Balkonowa z Stali - ABR Home - Metallic constructions since 2010","robots":{"index":"index","follow":"follow","max-snippet":"max-snippet:-1","max-image-preview":"max-image-preview:large","max-video-preview":"max-video-preview:-1"},"canonical":"https:\/\/abrhome.eu\/produkt\/durable-steel-balcony-railing-2\/","og_locale":"pl_PL","og_type":"article","og_title":"Trwa\u0142a Balustrada Balkonowa z Stali - ABR Home - Metallic constructions since 2010","og_description":"Trwa\u0142a Balustrada Balkonowa z Stali zaprojektowana dla solidnej ochrony i estetyki. Posiada eleganckie, pokrycie proszkowe dla trwa\u0142o\u015bci i \u0142atwej instalacji, idealna do zwi\u0119kszania zewn\u0119trznego bezpiecze\u0144stwa i wygl\u0105du.","og_url":"https:\/\/abrhome.eu\/produkt\/durable-steel-balcony-railing-2\/","og_site_name":"ABR Home - Metallic constructions since 2010","article_modified_time":"2024-06-04T20:46:26+00:00","og_image":[{"width":1600,"height":1200,"url":"https:\/\/abrhome.eu\/wp-content\/uploads\/2024\/06\/IMG-20211116-WA0006.jpg","type":"image\/jpeg"}],"twitter_card":"summary_large_image","twitter_misc":{"Szacowany czas czytania":"1 minuta"},"schema":{"@context":"https:\/\/schema.org","@graph":[{"@type":"WebPage","@id":"https:\/\/abrhome.eu\/produkt\/durable-steel-balcony-railing-2\/","url":"https:\/\/abrhome.eu\/produkt\/durable-steel-balcony-railing-2\/","name":"Trwa\u0142a Balustrada Balkonowa z Stali - ABR Home - Metallic constructions since 2010","isPartOf":{"@id":"https:\/\/abrhome.eu\/#website"},"primaryImageOfPage":{"@id":"https:\/\/abrhome.eu\/produkt\/durable-steel-balcony-railing-2\/#primaryimage"},"image":{"@id":"https:\/\/abrhome.eu\/produkt\/durable-steel-balcony-railing-2\/#primaryimage"},"thumbnailUrl":"https:\/\/abrhome.eu\/wp-content\/uploads\/2024\/06\/IMG-20211116-WA0006.jpg","datePublished":"2024-06-04T15:23:24+00:00","dateModified":"2024-06-04T20:46:26+00:00","breadcrumb":{"@id":"https:\/\/abrhome.eu\/produkt\/durable-steel-balcony-railing-2\/#breadcrumb"},"inLanguage":"pl-PL","potentialAction":[{"@type":"ReadAction","target":["https:\/\/abrhome.eu\/produkt\/durable-steel-balcony-railing-2\/"]}]},{"@type":"ImageObject","inLanguage":"pl-PL","@id":"https:\/\/abrhome.eu\/produkt\/durable-steel-balcony-railing-2\/#primaryimage","url":"https:\/\/abrhome.eu\/wp-content\/uploads\/2024\/06\/IMG-20211116-WA0006.jpg","contentUrl":"https:\/\/abrhome.eu\/wp-content\/uploads\/2024\/06\/IMG-20211116-WA0006.jpg","width":1600,"height":1200,"caption":"Kest\u00e4v\u00e4 Ter\u00e4ksinen Parvekekaide"},{"@type":"BreadcrumbList","@id":"https:\/\/abrhome.eu\/produkt\/durable-steel-balcony-railing-2\/#breadcrumb","itemListElement":[{"@type":"ListItem","position":1,"name":"Home","item":"https:\/\/abrhome.eu\/pl\/"},{"@type":"ListItem","position":2,"name":"Produkty","item":"https:\/\/abrhome.eu\/pl\/produkty\/"},{"@type":"ListItem","position":3,"name":"Trwa\u0142a Balustrada Balkonowa z Stali"}]},{"@type":"WebSite","@id":"https:\/\/abrhome.eu\/#website","url":"https:\/\/abrhome.eu\/","name":"ABR Home - Metallic constructions since 2010","description":"","publisher":{"@id":"https:\/\/abrhome.eu\/#organization"},"potentialAction":[{"@type":"SearchAction","target":{"@type":"EntryPoint","urlTemplate":"https:\/\/abrhome.eu\/?s={search_term_string}"},"query-input":"required name=search_term_string"}],"inLanguage":"pl-PL"},{"@type":"Organization","@id":"https:\/\/abrhome.eu\/#organization","name":"ABR Home - Metallic constructions since 2010","url":"https:\/\/abrhome.eu\/","logo":{"@type":"ImageObject","inLanguage":"pl-PL","@id":"https:\/\/abrhome.eu\/#\/schema\/logo\/image\/","url":"https:\/\/abrhome.eu\/wp-content\/uploads\/2023\/12\/logo-10.png","contentUrl":"https:\/\/abrhome.eu\/wp-content\/uploads\/2023\/12\/logo-10.png","width":300,"height":139,"caption":"ABR Home - Metallic constructions since 2010"},"image":{"@id":"https:\/\/abrhome.eu\/#\/schema\/logo\/image\/"}}]}},"_links":{"self":[{"href":"https:\/\/abrhome.eu\/pl\/wp-json\/wp\/v2\/product\/13767","targetHints":{"allow":["GET"]}}],"collection":[{"href":"https:\/\/abrhome.eu\/pl\/wp-json\/wp\/v2\/product"}],"about":[{"href":"https:\/\/abrhome.eu\/pl\/wp-json\/wp\/v2\/types\/product"}],"version-history":[{"count":0,"href":"https:\/\/abrhome.eu\/pl\/wp-json\/wp\/v2\/product\/13767\/revisions"}],"wp:featuredmedia":[{"embeddable":true,"href":"https:\/\/abrhome.eu\/pl\/wp-json\/wp\/v2\/media\/7613"}],"wp:attachment":[{"href":"https:\/\/abrhome.eu\/pl\/wp-json\/wp\/v2\/media?parent=13767"}],"wp:term":[{"taxonomy":"product_cat","embeddable":true,"href":"https:\/\/abrhome.eu\/pl\/wp-json\/wp\/v2\/product_cat?post=13767"},{"taxonomy":"product_tag","embeddable":true,"href":"https:\/\/abrhome.eu\/pl\/wp-json\/wp\/v2\/product_tag?post=13767"}],"curies":[{"name":"wp","href":"https:\/\/api.w.org\/{rel}","templated":true}]}}