{"id":10052,"date":"2024-06-04T17:11:13","date_gmt":"2024-06-04T15:11:13","guid":{"rendered":"https:\/\/abrhome.eu\/product\/hallbart-balkongracke-i-stal\/"},"modified":"2024-06-04T18:23:25","modified_gmt":"2024-06-04T16:23:25","slug":"hallbart-balkongracke-i-stal","status":"publish","type":"product","link":"https:\/\/abrhome.eu\/sv\/produkt\/hallbart-balkongracke-i-stal\/","title":{"rendered":"H\u00e5llbart Balkongr\u00e4cke i St\u00e5l"},"content":{"rendered":"<p><b>F\u00f6rb\u00e4ttra s\u00e4kerheten och estetiken<\/b> p\u00e5 din balkong med v\u00e5rt h\u00e5llbara balkongr\u00e4cke i st\u00e5l. Tillverkat noggrant fr\u00e5n h\u00f6gkvalitativt st\u00e5l, fungerar detta r\u00e4cke som en robust <b>s\u00e4kerhetsbarri\u00e4r<\/b> samtidigt som det tillf\u00f6r en touch av elegans till din byggnadsfasad. Ingenj\u00f6rskonsten och designprocessen s\u00e4kerst\u00e4ller att varje r\u00e4cke passar perfekt till din balkongs dimensioner.<\/p>\n<p>Det genomg\u00e5r sk\u00e4rning, formning och svetsning f\u00f6r att garantera strukturell integritet. R\u00e4ckena behandlas med slipning, <b>galvanisering<\/b> och en <b>pulverlackfinish<\/b> i grafitgr\u00e5tt (RAL 7024) f\u00f6r att s\u00e4kerst\u00e4lla smidighet, korrosionsmotst\u00e5nd och h\u00e5llbarhet. De sista stegen inkluderar noggrann f\u00f6rpackning och skicklig montering f\u00f6r att s\u00e4kerst\u00e4lla s\u00e4ker leverans och enkel installation, vilket hj\u00e4lper dig att s\u00e4kra din balkong effektivt och stilfullt.<\/p>\n<p> <div class=\"p2410-product-tags\" style=\"margin:1rem 0\">\r\n\t\t<div style=\"font-weight:600\">Taggar<\/div>\r\n\t\t<div><a href=\"https:\/\/abrhome.eu\/sv\/produktetikett\/galvaniserat-balkongracke\/\" class=\"product-tag\">galvaniserat balkongr\u00e4cke<\/a>, <a href=\"https:\/\/abrhome.eu\/sv\/produktetikett\/installation-av-balkongracke\/\" class=\"product-tag\">installation av balkongr\u00e4cke<\/a>, <a href=\"https:\/\/abrhome.eu\/sv\/produktetikett\/metall-sakerhetsracke\/\" class=\"product-tag\">metall s\u00e4kerhetsr\u00e4cke<\/a>, <a href=\"https:\/\/abrhome.eu\/sv\/produktetikett\/pulverlackerat-balkongracke\/\" class=\"product-tag\">pulverlackerat balkongr\u00e4cke<\/a>, <a href=\"https:\/\/abrhome.eu\/sv\/produktetikett\/stal-balkongracke\/\" class=\"product-tag\">st\u00e5l balkongr\u00e4cke<\/a><\/div>\r\n\t<\/div> <div class=\"p2410-product-colors\" style=\"margin:1rem 0\">\r\n\t\t<div style=\"font-weight:600\">F\u00e4rg<\/div>\r\n\t\t<div><span>RAL 1023 Trafikgul (Gul)<\/span>, <span>RAL 1036 P\u00e4rlguld (Guld)<\/span>, <span>RAL 2004 Ren orange (Orange)<\/span>, <span>RAL 3000 Flamr\u00f6d (R\u00f6d)<\/span>, <span>RAL 3020 Trafikr\u00f6d (R\u00f6d)<\/span>, <span>RAL 4005 Bl\u00e5lila (Violett)<\/span>, <span>RAL 5005 Signalbl\u00e5 (Bl\u00e5)<\/span>, <span>RAL 5010 Gentianabl\u00e5 (Bl\u00e5)<\/span>, <span>RAL 6005 Mossa gr\u00f6n (Gr\u00f6n)<\/span>, <span>RAL 7012 Basaltgr\u00e5 (Gr\u00e5)<\/span>, <span>RAL 7015 Skiffergr\u00e5 (Gr\u00e5)<\/span>, <span>RAL 7016 Antracitgr\u00e5 (Gr\u00e5)<\/span>, <span>RAL 7021 Svartgr\u00e5 (Svart)<\/span>, <span>RAL 7024 Grafitgr\u00e5 (Gr\u00e5)<\/span>, <span>RAL 7032 Gr\u00e5sten (Gr\u00e5)<\/span>, <span>RAL 7035 Ljusgr\u00e5 (Gr\u00e5)<\/span>, <span>RAL 7040 F\u00f6nstergr\u00e5 (Gr\u00e5)<\/span>, <span>RAL 7042 Trafikgr\u00e5 A (Gr\u00e5)<\/span>, <span>RAL 8017 Chokladbrun (Brun)<\/span>, <span>RAL 9005 Jet svart (Svart)<\/span>, <span>RAL 9006 Vit aluminium (Silver)<\/span>, <span>RAL 9007 Gr\u00e5 aluminium (Silver)<\/span>, <span>RAL 9010 Ren vit (Vit)<\/span>, <span>RAL 9016 Trafikvit (Vit)<\/span><\/div>\r\n\t<\/div><\/p>\n","protected":false},"excerpt":{"rendered":"<p>S\u00e4kra och f\u00f6rh\u00f6j din balkong med v\u00e5rt <b>st\u00e5l balkongr\u00e4cke<\/b>. Expertdesignat f\u00f6r optimal s\u00e4kerhet och estetisk tilltalande, det \u00e4r utrustat med en h\u00e5llbar <b>pulverlackerad yta<\/b> och enkel installation.<\/p>\n","protected":false},"featured_media":2303,"template":"","meta":[],"product_cat":[26696],"product_tag":[2624,2652,2610,2638,2596],"class_list":{"0":"post-10052","1":"product","2":"type-product","3":"status-publish","4":"has-post-thumbnail","6":"product_cat-hem-strukturer-balkong","7":"product_tag-galvaniserat-balkongracke","8":"product_tag-installation-av-balkongracke","9":"product_tag-metall-sakerhetsracke","10":"product_tag-pulverlackerat-balkongracke","11":"product_tag-stal-balkongracke","13":"first","14":"instock","15":"shipping-taxable","16":"product-type-simple"},"yoast_head":"<!-- This site is optimized with the Yoast SEO plugin v23.1 - https:\/\/yoast.com\/wordpress\/plugins\/seo\/ -->\n<title>H\u00e5llbart Balkongr\u00e4cke i St\u00e5l - ABR Home - Metallic constructions since 2010<\/title>\n<meta name=\"robots\" content=\"index, follow, max-snippet:-1, max-image-preview:large, max-video-preview:-1\" \/>\n<link rel=\"canonical\" href=\"https:\/\/abrhome.eu\/produkt\/durable-steel-balcony-railing\/\" \/>\n<meta property=\"og:locale\" content=\"sv_SE\" \/>\n<meta property=\"og:type\" content=\"article\" \/>\n<meta property=\"og:title\" content=\"H\u00e5llbart Balkongr\u00e4cke i St\u00e5l - ABR Home - Metallic constructions since 2010\" \/>\n<meta property=\"og:description\" content=\"S\u00e4kra och f\u00f6rh\u00f6j din balkong med v\u00e5rt st\u00e5l balkongr\u00e4cke. Expertdesignat f\u00f6r optimal s\u00e4kerhet och estetisk tilltalande, det \u00e4r utrustat med en h\u00e5llbar pulverlackerad yta och enkel installation.\" \/>\n<meta property=\"og:url\" content=\"https:\/\/abrhome.eu\/produkt\/durable-steel-balcony-railing\/\" \/>\n<meta property=\"og:site_name\" content=\"ABR Home - Metallic constructions since 2010\" \/>\n<meta property=\"article:modified_time\" content=\"2024-06-04T16:23:25+00:00\" \/>\n<meta property=\"og:image\" content=\"https:\/\/abrhome.eu\/wp-content\/uploads\/2024\/06\/016-Berlin-2018-scaled.jpg\" \/>\n\t<meta property=\"og:image:width\" content=\"2560\" \/>\n\t<meta property=\"og:image:height\" content=\"1920\" \/>\n\t<meta property=\"og:image:type\" content=\"image\/jpeg\" \/>\n<meta name=\"twitter:card\" content=\"summary_large_image\" \/>\n<meta name=\"twitter:label1\" content=\"Ber\u00e4knad l\u00e4stid\" \/>\n\t<meta name=\"twitter:data1\" content=\"1 minut\" \/>\n<script type=\"application\/ld+json\" class=\"yoast-schema-graph\">{\"@context\":\"https:\/\/schema.org\",\"@graph\":[{\"@type\":\"WebPage\",\"@id\":\"https:\/\/abrhome.eu\/produkt\/durable-steel-balcony-railing\/\",\"url\":\"https:\/\/abrhome.eu\/produkt\/durable-steel-balcony-railing\/\",\"name\":\"H\u00e5llbart Balkongr\u00e4cke i St\u00e5l - ABR Home - Metallic constructions since 2010\",\"isPartOf\":{\"@id\":\"https:\/\/abrhome.eu\/#website\"},\"primaryImageOfPage\":{\"@id\":\"https:\/\/abrhome.eu\/produkt\/durable-steel-balcony-railing\/#primaryimage\"},\"image\":{\"@id\":\"https:\/\/abrhome.eu\/produkt\/durable-steel-balcony-railing\/#primaryimage\"},\"thumbnailUrl\":\"https:\/\/abrhome.eu\/wp-content\/uploads\/2024\/06\/016-Berlin-2018-scaled.jpg\",\"datePublished\":\"2024-06-04T15:11:13+00:00\",\"dateModified\":\"2024-06-04T16:23:25+00:00\",\"breadcrumb\":{\"@id\":\"https:\/\/abrhome.eu\/produkt\/durable-steel-balcony-railing\/#breadcrumb\"},\"inLanguage\":\"sv-SE\",\"potentialAction\":[{\"@type\":\"ReadAction\",\"target\":[\"https:\/\/abrhome.eu\/produkt\/durable-steel-balcony-railing\/\"]}]},{\"@type\":\"ImageObject\",\"inLanguage\":\"sv-SE\",\"@id\":\"https:\/\/abrhome.eu\/produkt\/durable-steel-balcony-railing\/#primaryimage\",\"url\":\"https:\/\/abrhome.eu\/wp-content\/uploads\/2024\/06\/016-Berlin-2018-scaled.jpg\",\"contentUrl\":\"https:\/\/abrhome.eu\/wp-content\/uploads\/2024\/06\/016-Berlin-2018-scaled.jpg\",\"width\":2560,\"height\":1920,\"caption\":\"Kest\u00e4v\u00e4 Ter\u00e4sparvekkeen Kaide\"},{\"@type\":\"BreadcrumbList\",\"@id\":\"https:\/\/abrhome.eu\/produkt\/durable-steel-balcony-railing\/#breadcrumb\",\"itemListElement\":[{\"@type\":\"ListItem\",\"position\":1,\"name\":\"Home\",\"item\":\"https:\/\/abrhome.eu\/sv\/\"},{\"@type\":\"ListItem\",\"position\":2,\"name\":\"Produkter\",\"item\":\"https:\/\/abrhome.eu\/sv\/produkter\/\"},{\"@type\":\"ListItem\",\"position\":3,\"name\":\"H\u00e5llbart Balkongr\u00e4cke i St\u00e5l\"}]},{\"@type\":\"WebSite\",\"@id\":\"https:\/\/abrhome.eu\/#website\",\"url\":\"https:\/\/abrhome.eu\/\",\"name\":\"ABR Home - Metallic constructions since 2010\",\"description\":\"\",\"publisher\":{\"@id\":\"https:\/\/abrhome.eu\/#organization\"},\"potentialAction\":[{\"@type\":\"SearchAction\",\"target\":{\"@type\":\"EntryPoint\",\"urlTemplate\":\"https:\/\/abrhome.eu\/?s={search_term_string}\"},\"query-input\":\"required name=search_term_string\"}],\"inLanguage\":\"sv-SE\"},{\"@type\":\"Organization\",\"@id\":\"https:\/\/abrhome.eu\/#organization\",\"name\":\"ABR Home - Metallic constructions since 2010\",\"url\":\"https:\/\/abrhome.eu\/\",\"logo\":{\"@type\":\"ImageObject\",\"inLanguage\":\"sv-SE\",\"@id\":\"https:\/\/abrhome.eu\/#\/schema\/logo\/image\/\",\"url\":\"https:\/\/abrhome.eu\/wp-content\/uploads\/2023\/12\/logo-10.png\",\"contentUrl\":\"https:\/\/abrhome.eu\/wp-content\/uploads\/2023\/12\/logo-10.png\",\"width\":300,\"height\":139,\"caption\":\"ABR Home - Metallic constructions since 2010\"},\"image\":{\"@id\":\"https:\/\/abrhome.eu\/#\/schema\/logo\/image\/\"}}]}<\/script>\n<!-- \/ Yoast SEO plugin. -->","yoast_head_json":{"title":"H\u00e5llbart Balkongr\u00e4cke i St\u00e5l - ABR Home - Metallic constructions since 2010","robots":{"index":"index","follow":"follow","max-snippet":"max-snippet:-1","max-image-preview":"max-image-preview:large","max-video-preview":"max-video-preview:-1"},"canonical":"https:\/\/abrhome.eu\/produkt\/durable-steel-balcony-railing\/","og_locale":"sv_SE","og_type":"article","og_title":"H\u00e5llbart Balkongr\u00e4cke i St\u00e5l - ABR Home - Metallic constructions since 2010","og_description":"S\u00e4kra och f\u00f6rh\u00f6j din balkong med v\u00e5rt st\u00e5l balkongr\u00e4cke. Expertdesignat f\u00f6r optimal s\u00e4kerhet och estetisk tilltalande, det \u00e4r utrustat med en h\u00e5llbar pulverlackerad yta och enkel installation.","og_url":"https:\/\/abrhome.eu\/produkt\/durable-steel-balcony-railing\/","og_site_name":"ABR Home - Metallic constructions since 2010","article_modified_time":"2024-06-04T16:23:25+00:00","og_image":[{"width":2560,"height":1920,"url":"https:\/\/abrhome.eu\/wp-content\/uploads\/2024\/06\/016-Berlin-2018-scaled.jpg","type":"image\/jpeg"}],"twitter_card":"summary_large_image","twitter_misc":{"Ber\u00e4knad l\u00e4stid":"1 minut"},"schema":{"@context":"https:\/\/schema.org","@graph":[{"@type":"WebPage","@id":"https:\/\/abrhome.eu\/produkt\/durable-steel-balcony-railing\/","url":"https:\/\/abrhome.eu\/produkt\/durable-steel-balcony-railing\/","name":"H\u00e5llbart Balkongr\u00e4cke i St\u00e5l - ABR Home - Metallic constructions since 2010","isPartOf":{"@id":"https:\/\/abrhome.eu\/#website"},"primaryImageOfPage":{"@id":"https:\/\/abrhome.eu\/produkt\/durable-steel-balcony-railing\/#primaryimage"},"image":{"@id":"https:\/\/abrhome.eu\/produkt\/durable-steel-balcony-railing\/#primaryimage"},"thumbnailUrl":"https:\/\/abrhome.eu\/wp-content\/uploads\/2024\/06\/016-Berlin-2018-scaled.jpg","datePublished":"2024-06-04T15:11:13+00:00","dateModified":"2024-06-04T16:23:25+00:00","breadcrumb":{"@id":"https:\/\/abrhome.eu\/produkt\/durable-steel-balcony-railing\/#breadcrumb"},"inLanguage":"sv-SE","potentialAction":[{"@type":"ReadAction","target":["https:\/\/abrhome.eu\/produkt\/durable-steel-balcony-railing\/"]}]},{"@type":"ImageObject","inLanguage":"sv-SE","@id":"https:\/\/abrhome.eu\/produkt\/durable-steel-balcony-railing\/#primaryimage","url":"https:\/\/abrhome.eu\/wp-content\/uploads\/2024\/06\/016-Berlin-2018-scaled.jpg","contentUrl":"https:\/\/abrhome.eu\/wp-content\/uploads\/2024\/06\/016-Berlin-2018-scaled.jpg","width":2560,"height":1920,"caption":"Kest\u00e4v\u00e4 Ter\u00e4sparvekkeen Kaide"},{"@type":"BreadcrumbList","@id":"https:\/\/abrhome.eu\/produkt\/durable-steel-balcony-railing\/#breadcrumb","itemListElement":[{"@type":"ListItem","position":1,"name":"Home","item":"https:\/\/abrhome.eu\/sv\/"},{"@type":"ListItem","position":2,"name":"Produkter","item":"https:\/\/abrhome.eu\/sv\/produkter\/"},{"@type":"ListItem","position":3,"name":"H\u00e5llbart Balkongr\u00e4cke i St\u00e5l"}]},{"@type":"WebSite","@id":"https:\/\/abrhome.eu\/#website","url":"https:\/\/abrhome.eu\/","name":"ABR Home - Metallic constructions since 2010","description":"","publisher":{"@id":"https:\/\/abrhome.eu\/#organization"},"potentialAction":[{"@type":"SearchAction","target":{"@type":"EntryPoint","urlTemplate":"https:\/\/abrhome.eu\/?s={search_term_string}"},"query-input":"required name=search_term_string"}],"inLanguage":"sv-SE"},{"@type":"Organization","@id":"https:\/\/abrhome.eu\/#organization","name":"ABR Home - Metallic constructions since 2010","url":"https:\/\/abrhome.eu\/","logo":{"@type":"ImageObject","inLanguage":"sv-SE","@id":"https:\/\/abrhome.eu\/#\/schema\/logo\/image\/","url":"https:\/\/abrhome.eu\/wp-content\/uploads\/2023\/12\/logo-10.png","contentUrl":"https:\/\/abrhome.eu\/wp-content\/uploads\/2023\/12\/logo-10.png","width":300,"height":139,"caption":"ABR Home - Metallic constructions since 2010"},"image":{"@id":"https:\/\/abrhome.eu\/#\/schema\/logo\/image\/"}}]}},"_links":{"self":[{"href":"https:\/\/abrhome.eu\/sv\/wp-json\/wp\/v2\/product\/10052","targetHints":{"allow":["GET"]}}],"collection":[{"href":"https:\/\/abrhome.eu\/sv\/wp-json\/wp\/v2\/product"}],"about":[{"href":"https:\/\/abrhome.eu\/sv\/wp-json\/wp\/v2\/types\/product"}],"version-history":[{"count":0,"href":"https:\/\/abrhome.eu\/sv\/wp-json\/wp\/v2\/product\/10052\/revisions"}],"wp:featuredmedia":[{"embeddable":true,"href":"https:\/\/abrhome.eu\/sv\/wp-json\/wp\/v2\/media\/2303"}],"wp:attachment":[{"href":"https:\/\/abrhome.eu\/sv\/wp-json\/wp\/v2\/media?parent=10052"}],"wp:term":[{"taxonomy":"product_cat","embeddable":true,"href":"https:\/\/abrhome.eu\/sv\/wp-json\/wp\/v2\/product_cat?post=10052"},{"taxonomy":"product_tag","embeddable":true,"href":"https:\/\/abrhome.eu\/sv\/wp-json\/wp\/v2\/product_tag?post=10052"}],"curies":[{"name":"wp","href":"https:\/\/api.w.org\/{rel}","templated":true}]}}