{"id":10236,"date":"2024-06-04T17:11:46","date_gmt":"2024-06-04T15:11:46","guid":{"rendered":"https:\/\/abrhome.eu\/product\/stal-balkongracke-och-plattform\/"},"modified":"2024-06-04T18:56:19","modified_gmt":"2024-06-04T16:56:19","slug":"stal-balkongracke-och-plattform","status":"publish","type":"product","link":"https:\/\/abrhome.eu\/sv\/produkt\/stal-balkongracke-och-plattform\/","title":{"rendered":"St\u00e5l Balkongr\u00e4cke och Plattform"},"content":{"rendered":"<p>F\u00f6rb\u00e4ttra s\u00e4kerheten och estetiken p\u00e5 dina byggnader med v\u00e5rt <b>St\u00e5l Balkongr\u00e4cke och Plattform<\/b>. Tillverkad av h\u00f6gkvalitativt st\u00e5l, detta produkt har en robust plattform och ett s\u00e4kert r\u00e4ckessystem designat f\u00f6r att f\u00f6rhindra fall och till\u00e4gga en slank, modern touch till alla exteri\u00f6rer. Plattformen m\u00e4ter ungef\u00e4r 1&#215;1 meter och erbjuder gott om utrymme samt s\u00e4kerst\u00e4ller stabilitet.<\/p>\n<p>Varje r\u00e4cke \u00e4r noggrant tillverkat, st\u00e5r omkring 90 till 100 cm h\u00f6gt, och integreras s\u00f6ml\u00f6st med plattformen. Ytan \u00e4r behandlad med en h\u00e5llbar m\u00f6rkgr\u00e5 f\u00e4rg, specifikt RAL 7016 Antracitgr\u00e5, som erbjuder \u00f6verl\u00e4gsen korrosionsbest\u00e4ndighet och beh\u00e5ller sitt eleganta utseende \u00f6ver tid. Idealisk f\u00f6r b\u00e5de bost\u00e4der och kommersiella applikationer, denna balkongstruktur monteras enkelt p\u00e5 din byggnad med hj\u00e4lp av kraftiga bultar och beslag f\u00f6r garanterad s\u00e4kerhet och stabilitet. Relevanta <b>SEO Nyckelord<\/b> inkluderar <b>metall balkongr\u00e4cke<\/b>, <b>st\u00e5lplattform<\/b>, <b>galvaniserat balkongr\u00e4cke<\/b>, <b>st\u00e5l balkongr\u00e4ckedesign<\/b>, och <b>utomhus balkongr\u00e4ckessystem<\/b>.<\/p>\n<p> <div class=\"p2410-product-tags\" style=\"margin:1rem 0\">\r\n\t\t<div style=\"font-weight:600\">Taggar<\/div>\r\n\t\t<div><a href=\"https:\/\/abrhome.eu\/sv\/produktetikett\/metallbalkongracke\/\" class=\"product-tag\">metallbalkongr\u00e4cke<\/a>, <a href=\"https:\/\/abrhome.eu\/sv\/produktetikett\/modern-rackedesign\/\" class=\"product-tag\">modern r\u00e4ckedesign<\/a>, <a href=\"https:\/\/abrhome.eu\/sv\/produktetikett\/sakerhets-balkongracke\/\" class=\"product-tag\">s\u00e4kerhets balkongr\u00e4cke<\/a>, <a href=\"https:\/\/abrhome.eu\/sv\/produktetikett\/stal-balkongracke\/\" class=\"product-tag\">st\u00e5l balkongr\u00e4cke<\/a>, <a href=\"https:\/\/abrhome.eu\/sv\/produktetikett\/utomhus-balkongplattform\/\" class=\"product-tag\">utomhus balkongplattform<\/a><\/div>\r\n\t<\/div> <div class=\"p2410-product-colors\" style=\"margin:1rem 0\">\r\n\t\t<div style=\"font-weight:600\">F\u00e4rg<\/div>\r\n\t\t<div><span>RAL 1023 Trafikgul (Gul)<\/span>, <span>RAL 1036 P\u00e4rlguld (Guld)<\/span>, <span>RAL 2004 Ren orange (Orange)<\/span>, <span>RAL 3000 Flamr\u00f6d (R\u00f6d)<\/span>, <span>RAL 3020 Trafikr\u00f6d (R\u00f6d)<\/span>, <span>RAL 4005 Bl\u00e5lila (Violett)<\/span>, <span>RAL 5005 Signalbl\u00e5 (Bl\u00e5)<\/span>, <span>RAL 5010 Gentianabl\u00e5 (Bl\u00e5)<\/span>, <span>RAL 6005 Mossa gr\u00f6n (Gr\u00f6n)<\/span>, <span>RAL 7012 Basaltgr\u00e5 (Gr\u00e5)<\/span>, <span>RAL 7015 Skiffergr\u00e5 (Gr\u00e5)<\/span>, <span>RAL 7016 Antracitgr\u00e5 (Gr\u00e5)<\/span>, <span>RAL 7021 Svartgr\u00e5 (Svart)<\/span>, <span>RAL 7024 Grafitgr\u00e5 (Gr\u00e5)<\/span>, <span>RAL 7032 Gr\u00e5sten (Gr\u00e5)<\/span>, <span>RAL 7035 Ljusgr\u00e5 (Gr\u00e5)<\/span>, <span>RAL 7040 F\u00f6nstergr\u00e5 (Gr\u00e5)<\/span>, <span>RAL 7042 Trafikgr\u00e5 A (Gr\u00e5)<\/span>, <span>RAL 8017 Chokladbrun (Brun)<\/span>, <span>RAL 9005 Jet svart (Svart)<\/span>, <span>RAL 9006 Vit aluminium (Silver)<\/span>, <span>RAL 9007 Gr\u00e5 aluminium (Silver)<\/span>, <span>RAL 9010 Ren vit (Vit)<\/span>, <span>RAL 9016 Trafikvit (Vit)<\/span><\/div>\r\n\t<\/div><\/p>\n","protected":false},"excerpt":{"rendered":"<p>Uppt\u00e4ck det robusta <b>St\u00e5l Balkongr\u00e4cke och Plattform<\/b>, perfekt f\u00f6r att f\u00f6rb\u00e4ttra s\u00e4kerheten och till\u00e4gga en modern touch till byggnader. Har h\u00f6gkvalitativ st\u00e5lkonstruktion, h\u00e5llbart ytbehandling och enkel installation.<\/p>\n","protected":false},"featured_media":2498,"template":"","meta":[],"product_cat":[26696],"product_tag":[2163,3336,3350,2596,3322],"class_list":{"0":"post-10236","1":"product","2":"type-product","3":"status-publish","4":"has-post-thumbnail","6":"product_cat-hem-strukturer-balkong","7":"product_tag-metallbalkongracke","8":"product_tag-modern-rackedesign","9":"product_tag-sakerhets-balkongracke","10":"product_tag-stal-balkongracke","11":"product_tag-utomhus-balkongplattform","13":"first","14":"instock","15":"shipping-taxable","16":"product-type-simple"},"yoast_head":"<!-- This site is optimized with the Yoast SEO plugin v23.1 - https:\/\/yoast.com\/wordpress\/plugins\/seo\/ -->\n<title>St\u00e5l Balkongr\u00e4cke och Plattform - ABR Home - Metallic constructions since 2010<\/title>\n<meta name=\"robots\" content=\"index, follow, max-snippet:-1, max-image-preview:large, max-video-preview:-1\" \/>\n<link rel=\"canonical\" href=\"https:\/\/abrhome.eu\/produkt\/steel-balcony-railing-and-platform\/\" \/>\n<meta property=\"og:locale\" content=\"sv_SE\" \/>\n<meta property=\"og:type\" content=\"article\" \/>\n<meta property=\"og:title\" content=\"St\u00e5l Balkongr\u00e4cke och Plattform - ABR Home - Metallic constructions since 2010\" \/>\n<meta property=\"og:description\" content=\"Uppt\u00e4ck det robusta St\u00e5l Balkongr\u00e4cke och Plattform, perfekt f\u00f6r att f\u00f6rb\u00e4ttra s\u00e4kerheten och till\u00e4gga en modern touch till byggnader. Har h\u00f6gkvalitativ st\u00e5lkonstruktion, h\u00e5llbart ytbehandling och enkel installation.\" \/>\n<meta property=\"og:url\" content=\"https:\/\/abrhome.eu\/produkt\/steel-balcony-railing-and-platform\/\" \/>\n<meta property=\"og:site_name\" content=\"ABR Home - Metallic constructions since 2010\" \/>\n<meta property=\"article:modified_time\" content=\"2024-06-04T16:56:19+00:00\" \/>\n<meta property=\"og:image\" content=\"https:\/\/abrhome.eu\/wp-content\/uploads\/2024\/06\/balkons-1x1-marga.jpg\" \/>\n\t<meta property=\"og:image:width\" content=\"1200\" \/>\n\t<meta property=\"og:image:height\" content=\"1600\" \/>\n\t<meta property=\"og:image:type\" content=\"image\/jpeg\" \/>\n<meta name=\"twitter:card\" content=\"summary_large_image\" \/>\n<meta name=\"twitter:label1\" content=\"Ber\u00e4knad l\u00e4stid\" \/>\n\t<meta name=\"twitter:data1\" content=\"1 minut\" \/>\n<script type=\"application\/ld+json\" class=\"yoast-schema-graph\">{\"@context\":\"https:\/\/schema.org\",\"@graph\":[{\"@type\":\"WebPage\",\"@id\":\"https:\/\/abrhome.eu\/produkt\/steel-balcony-railing-and-platform\/\",\"url\":\"https:\/\/abrhome.eu\/produkt\/steel-balcony-railing-and-platform\/\",\"name\":\"St\u00e5l Balkongr\u00e4cke och Plattform - ABR Home - Metallic constructions since 2010\",\"isPartOf\":{\"@id\":\"https:\/\/abrhome.eu\/#website\"},\"primaryImageOfPage\":{\"@id\":\"https:\/\/abrhome.eu\/produkt\/steel-balcony-railing-and-platform\/#primaryimage\"},\"image\":{\"@id\":\"https:\/\/abrhome.eu\/produkt\/steel-balcony-railing-and-platform\/#primaryimage\"},\"thumbnailUrl\":\"https:\/\/abrhome.eu\/wp-content\/uploads\/2024\/06\/balkons-1x1-marga.jpg\",\"datePublished\":\"2024-06-04T15:11:46+00:00\",\"dateModified\":\"2024-06-04T16:56:19+00:00\",\"breadcrumb\":{\"@id\":\"https:\/\/abrhome.eu\/produkt\/steel-balcony-railing-and-platform\/#breadcrumb\"},\"inLanguage\":\"sv-SE\",\"potentialAction\":[{\"@type\":\"ReadAction\",\"target\":[\"https:\/\/abrhome.eu\/produkt\/steel-balcony-railing-and-platform\/\"]}]},{\"@type\":\"ImageObject\",\"inLanguage\":\"sv-SE\",\"@id\":\"https:\/\/abrhome.eu\/produkt\/steel-balcony-railing-and-platform\/#primaryimage\",\"url\":\"https:\/\/abrhome.eu\/wp-content\/uploads\/2024\/06\/balkons-1x1-marga.jpg\",\"contentUrl\":\"https:\/\/abrhome.eu\/wp-content\/uploads\/2024\/06\/balkons-1x1-marga.jpg\",\"width\":1200,\"height\":1600,\"caption\":\"Ter\u00e4ksinen parvekkeen kaide ja alusta\"},{\"@type\":\"BreadcrumbList\",\"@id\":\"https:\/\/abrhome.eu\/produkt\/steel-balcony-railing-and-platform\/#breadcrumb\",\"itemListElement\":[{\"@type\":\"ListItem\",\"position\":1,\"name\":\"Home\",\"item\":\"https:\/\/abrhome.eu\/sv\/\"},{\"@type\":\"ListItem\",\"position\":2,\"name\":\"Produkter\",\"item\":\"https:\/\/abrhome.eu\/sv\/produkter\/\"},{\"@type\":\"ListItem\",\"position\":3,\"name\":\"St\u00e5l Balkongr\u00e4cke och Plattform\"}]},{\"@type\":\"WebSite\",\"@id\":\"https:\/\/abrhome.eu\/#website\",\"url\":\"https:\/\/abrhome.eu\/\",\"name\":\"ABR Home - Metallic constructions since 2010\",\"description\":\"\",\"publisher\":{\"@id\":\"https:\/\/abrhome.eu\/#organization\"},\"potentialAction\":[{\"@type\":\"SearchAction\",\"target\":{\"@type\":\"EntryPoint\",\"urlTemplate\":\"https:\/\/abrhome.eu\/?s={search_term_string}\"},\"query-input\":\"required name=search_term_string\"}],\"inLanguage\":\"sv-SE\"},{\"@type\":\"Organization\",\"@id\":\"https:\/\/abrhome.eu\/#organization\",\"name\":\"ABR Home - Metallic constructions since 2010\",\"url\":\"https:\/\/abrhome.eu\/\",\"logo\":{\"@type\":\"ImageObject\",\"inLanguage\":\"sv-SE\",\"@id\":\"https:\/\/abrhome.eu\/#\/schema\/logo\/image\/\",\"url\":\"https:\/\/abrhome.eu\/wp-content\/uploads\/2023\/12\/logo-10.png\",\"contentUrl\":\"https:\/\/abrhome.eu\/wp-content\/uploads\/2023\/12\/logo-10.png\",\"width\":300,\"height\":139,\"caption\":\"ABR Home - Metallic constructions since 2010\"},\"image\":{\"@id\":\"https:\/\/abrhome.eu\/#\/schema\/logo\/image\/\"}}]}<\/script>\n<!-- \/ Yoast SEO plugin. -->","yoast_head_json":{"title":"St\u00e5l Balkongr\u00e4cke och Plattform - ABR Home - Metallic constructions since 2010","robots":{"index":"index","follow":"follow","max-snippet":"max-snippet:-1","max-image-preview":"max-image-preview:large","max-video-preview":"max-video-preview:-1"},"canonical":"https:\/\/abrhome.eu\/produkt\/steel-balcony-railing-and-platform\/","og_locale":"sv_SE","og_type":"article","og_title":"St\u00e5l Balkongr\u00e4cke och Plattform - ABR Home - Metallic constructions since 2010","og_description":"Uppt\u00e4ck det robusta St\u00e5l Balkongr\u00e4cke och Plattform, perfekt f\u00f6r att f\u00f6rb\u00e4ttra s\u00e4kerheten och till\u00e4gga en modern touch till byggnader. Har h\u00f6gkvalitativ st\u00e5lkonstruktion, h\u00e5llbart ytbehandling och enkel installation.","og_url":"https:\/\/abrhome.eu\/produkt\/steel-balcony-railing-and-platform\/","og_site_name":"ABR Home - Metallic constructions since 2010","article_modified_time":"2024-06-04T16:56:19+00:00","og_image":[{"width":1200,"height":1600,"url":"https:\/\/abrhome.eu\/wp-content\/uploads\/2024\/06\/balkons-1x1-marga.jpg","type":"image\/jpeg"}],"twitter_card":"summary_large_image","twitter_misc":{"Ber\u00e4knad l\u00e4stid":"1 minut"},"schema":{"@context":"https:\/\/schema.org","@graph":[{"@type":"WebPage","@id":"https:\/\/abrhome.eu\/produkt\/steel-balcony-railing-and-platform\/","url":"https:\/\/abrhome.eu\/produkt\/steel-balcony-railing-and-platform\/","name":"St\u00e5l Balkongr\u00e4cke och Plattform - ABR Home - Metallic constructions since 2010","isPartOf":{"@id":"https:\/\/abrhome.eu\/#website"},"primaryImageOfPage":{"@id":"https:\/\/abrhome.eu\/produkt\/steel-balcony-railing-and-platform\/#primaryimage"},"image":{"@id":"https:\/\/abrhome.eu\/produkt\/steel-balcony-railing-and-platform\/#primaryimage"},"thumbnailUrl":"https:\/\/abrhome.eu\/wp-content\/uploads\/2024\/06\/balkons-1x1-marga.jpg","datePublished":"2024-06-04T15:11:46+00:00","dateModified":"2024-06-04T16:56:19+00:00","breadcrumb":{"@id":"https:\/\/abrhome.eu\/produkt\/steel-balcony-railing-and-platform\/#breadcrumb"},"inLanguage":"sv-SE","potentialAction":[{"@type":"ReadAction","target":["https:\/\/abrhome.eu\/produkt\/steel-balcony-railing-and-platform\/"]}]},{"@type":"ImageObject","inLanguage":"sv-SE","@id":"https:\/\/abrhome.eu\/produkt\/steel-balcony-railing-and-platform\/#primaryimage","url":"https:\/\/abrhome.eu\/wp-content\/uploads\/2024\/06\/balkons-1x1-marga.jpg","contentUrl":"https:\/\/abrhome.eu\/wp-content\/uploads\/2024\/06\/balkons-1x1-marga.jpg","width":1200,"height":1600,"caption":"Ter\u00e4ksinen parvekkeen kaide ja alusta"},{"@type":"BreadcrumbList","@id":"https:\/\/abrhome.eu\/produkt\/steel-balcony-railing-and-platform\/#breadcrumb","itemListElement":[{"@type":"ListItem","position":1,"name":"Home","item":"https:\/\/abrhome.eu\/sv\/"},{"@type":"ListItem","position":2,"name":"Produkter","item":"https:\/\/abrhome.eu\/sv\/produkter\/"},{"@type":"ListItem","position":3,"name":"St\u00e5l Balkongr\u00e4cke och Plattform"}]},{"@type":"WebSite","@id":"https:\/\/abrhome.eu\/#website","url":"https:\/\/abrhome.eu\/","name":"ABR Home - Metallic constructions since 2010","description":"","publisher":{"@id":"https:\/\/abrhome.eu\/#organization"},"potentialAction":[{"@type":"SearchAction","target":{"@type":"EntryPoint","urlTemplate":"https:\/\/abrhome.eu\/?s={search_term_string}"},"query-input":"required name=search_term_string"}],"inLanguage":"sv-SE"},{"@type":"Organization","@id":"https:\/\/abrhome.eu\/#organization","name":"ABR Home - Metallic constructions since 2010","url":"https:\/\/abrhome.eu\/","logo":{"@type":"ImageObject","inLanguage":"sv-SE","@id":"https:\/\/abrhome.eu\/#\/schema\/logo\/image\/","url":"https:\/\/abrhome.eu\/wp-content\/uploads\/2023\/12\/logo-10.png","contentUrl":"https:\/\/abrhome.eu\/wp-content\/uploads\/2023\/12\/logo-10.png","width":300,"height":139,"caption":"ABR Home - Metallic constructions since 2010"},"image":{"@id":"https:\/\/abrhome.eu\/#\/schema\/logo\/image\/"}}]}},"_links":{"self":[{"href":"https:\/\/abrhome.eu\/sv\/wp-json\/wp\/v2\/product\/10236","targetHints":{"allow":["GET"]}}],"collection":[{"href":"https:\/\/abrhome.eu\/sv\/wp-json\/wp\/v2\/product"}],"about":[{"href":"https:\/\/abrhome.eu\/sv\/wp-json\/wp\/v2\/types\/product"}],"version-history":[{"count":0,"href":"https:\/\/abrhome.eu\/sv\/wp-json\/wp\/v2\/product\/10236\/revisions"}],"wp:featuredmedia":[{"embeddable":true,"href":"https:\/\/abrhome.eu\/sv\/wp-json\/wp\/v2\/media\/2498"}],"wp:attachment":[{"href":"https:\/\/abrhome.eu\/sv\/wp-json\/wp\/v2\/media?parent=10236"}],"wp:term":[{"taxonomy":"product_cat","embeddable":true,"href":"https:\/\/abrhome.eu\/sv\/wp-json\/wp\/v2\/product_cat?post=10236"},{"taxonomy":"product_tag","embeddable":true,"href":"https:\/\/abrhome.eu\/sv\/wp-json\/wp\/v2\/product_tag?post=10236"}],"curies":[{"name":"wp","href":"https:\/\/api.w.org\/{rel}","templated":true}]}}