{"id":10250,"date":"2024-06-04T17:11:50","date_gmt":"2024-06-04T15:11:50","guid":{"rendered":"https:\/\/abrhome.eu\/product\/premium-metallbalkongracke\/"},"modified":"2024-06-04T18:58:28","modified_gmt":"2024-06-04T16:58:28","slug":"premium-metallbalkongracke","status":"publish","type":"product","link":"https:\/\/abrhome.eu\/sv\/produkt\/premium-metallbalkongracke\/","title":{"rendered":"Premium Metallbalkongr\u00e4cke"},"content":{"rendered":"<p>F\u00f6rb\u00e4ttra s\u00e4kerheten och estetiken p\u00e5 din balkong med v\u00e5rt <b>Premium Metallbalkongr\u00e4cke<\/b>, utformad f\u00f6r b\u00e5de bost\u00e4der och kommersiella byggnader. Detta r\u00e4cke \u00e4r noggrant utformat med hj\u00e4lp av avancerade CAD\/CAM-teknologier f\u00f6r att s\u00e4kerst\u00e4lla precision i varje kontur. Det \u00e4r tillverkat av h\u00f6gkvalitativt st\u00e5l, vilket garanterar robusthet och h\u00e5llbarhet.<\/p>\n<p>Tillverkningsprocessen inkluderar fr\u00e4sning, svarvning och bockning f\u00f6r att unikt forma r\u00e4cket. Vi svetsar ocks\u00e5 varje komponent f\u00f6r en stark montering och slipar ytor fint f\u00f6r sl\u00e4ta fogar. En sista touch av m\u00e5lning eller pulverlackering appliceras, med val av alternativ som Gr\u00e5brun (RAL 8019) eller Jet Svart (RAL 9005), vilket f\u00f6rh\u00f6jer den visuella dragningskraften och erbjuder \u00f6verl\u00e4gsen korrosionsbest\u00e4ndighet.<\/p>\n<p>V\u00e5r produkt genomg\u00e5r omfattande kvalitetskontroller f\u00f6r att uppfylla s\u00e4kerhetsstandarder, och s\u00e4kerst\u00e4ller tillf\u00f6rlitlighet innan den packas f\u00f6r frakt. Installationen inneb\u00e4r enkel montering med bultar och skruvar, vilket ger stabilitet och l\u00e5ngvarig anv\u00e4ndning. Idealisk f\u00f6r b\u00e5de <b>bostadsbalkongr\u00e4cken<\/b> och <b>kommersiella balkongr\u00e4ckeinstallationer<\/b>.<\/p>\n<p> <div class=\"p2410-product-tags\" style=\"margin:1rem 0\">\r\n\t\t<div style=\"font-weight:600\">Taggar<\/div>\r\n\t\t<div><a href=\"https:\/\/abrhome.eu\/sv\/produktetikett\/anpassat-balkongracke\/\" class=\"product-tag\">Anpassat Balkongr\u00e4cke<\/a>, <a href=\"https:\/\/abrhome.eu\/sv\/produktetikett\/balkongrackedesign\/\" class=\"product-tag\">balkongr\u00e4ckedesign<\/a>, <a href=\"https:\/\/abrhome.eu\/sv\/produktetikett\/metallbalkongracke\/\" class=\"product-tag\">metallbalkongr\u00e4cke<\/a>, <a href=\"https:\/\/abrhome.eu\/sv\/produktetikett\/skyddsbelaggningsracke\/\" class=\"product-tag\">skyddsbel\u00e4ggningsr\u00e4cke<\/a>, <a href=\"https:\/\/abrhome.eu\/sv\/produktetikett\/stal-balkongracke\/\" class=\"product-tag\">st\u00e5l balkongr\u00e4cke<\/a><\/div>\r\n\t<\/div> <div class=\"p2410-product-colors\" style=\"margin:1rem 0\">\r\n\t\t<div style=\"font-weight:600\">F\u00e4rg<\/div>\r\n\t\t<div><span>RAL 1023 Trafikgul (Gul)<\/span>, <span>RAL 1036 P\u00e4rlguld (Guld)<\/span>, <span>RAL 2004 Ren orange (Orange)<\/span>, <span>RAL 3000 Flamr\u00f6d (R\u00f6d)<\/span>, <span>RAL 3020 Trafikr\u00f6d (R\u00f6d)<\/span>, <span>RAL 4005 Bl\u00e5lila (Violett)<\/span>, <span>RAL 5005 Signalbl\u00e5 (Bl\u00e5)<\/span>, <span>RAL 5010 Gentianabl\u00e5 (Bl\u00e5)<\/span>, <span>RAL 6005 Mossa gr\u00f6n (Gr\u00f6n)<\/span>, <span>RAL 7012 Basaltgr\u00e5 (Gr\u00e5)<\/span>, <span>RAL 7015 Skiffergr\u00e5 (Gr\u00e5)<\/span>, <span>RAL 7016 Antracitgr\u00e5 (Gr\u00e5)<\/span>, <span>RAL 7021 Svartgr\u00e5 (Svart)<\/span>, <span>RAL 7024 Grafitgr\u00e5 (Gr\u00e5)<\/span>, <span>RAL 7032 Gr\u00e5sten (Gr\u00e5)<\/span>, <span>RAL 7035 Ljusgr\u00e5 (Gr\u00e5)<\/span>, <span>RAL 7040 F\u00f6nstergr\u00e5 (Gr\u00e5)<\/span>, <span>RAL 7042 Trafikgr\u00e5 A (Gr\u00e5)<\/span>, <span>RAL 8017 Chokladbrun (Brun)<\/span>, <span>RAL 9005 Jet svart (Svart)<\/span>, <span>RAL 9006 Vit aluminium (Silver)<\/span>, <span>RAL 9007 Gr\u00e5 aluminium (Silver)<\/span>, <span>RAL 9010 Ren vit (Vit)<\/span>, <span>RAL 9016 Trafikvit (Vit)<\/span><\/div>\r\n\t<\/div><\/p>\n","protected":false},"excerpt":{"rendered":"<p>Uppgradera byggnadens exteri\u00f6r med v\u00e5rt <b>Premium Metallbalkongr\u00e4cke<\/b>. Designad f\u00f6r b\u00e5de bost\u00e4der och kommerciell anv\u00e4ndning, \u00e4r v\u00e5rt r\u00e4cke utformat f\u00f6r s\u00e4kerhet, h\u00e5llbarhet och estetik med h\u00f6gkvalitativt st\u00e5l och avancerade tekniker. Finns i flera ytbehandlingar.<\/p>\n","protected":false},"featured_media":2513,"template":"","meta":[],"product_cat":[26696],"product_tag":[2066,3364,2163,3377,2596],"class_list":{"0":"post-10250","1":"product","2":"type-product","3":"status-publish","4":"has-post-thumbnail","6":"product_cat-hem-strukturer-balkong","7":"product_tag-anpassat-balkongracke","8":"product_tag-balkongrackedesign","9":"product_tag-metallbalkongracke","10":"product_tag-skyddsbelaggningsracke","11":"product_tag-stal-balkongracke","13":"first","14":"instock","15":"shipping-taxable","16":"product-type-simple"},"yoast_head":"<!-- This site is optimized with the Yoast SEO plugin v23.1 - https:\/\/yoast.com\/wordpress\/plugins\/seo\/ -->\n<title>Premium Metallbalkongr\u00e4cke - ABR Home - Metallic constructions since 2010<\/title>\n<meta name=\"robots\" content=\"index, follow, max-snippet:-1, max-image-preview:large, max-video-preview:-1\" \/>\n<link rel=\"canonical\" href=\"https:\/\/abrhome.eu\/produkt\/premium-metal-balcony-railing\/\" \/>\n<meta property=\"og:locale\" content=\"sv_SE\" \/>\n<meta property=\"og:type\" content=\"article\" \/>\n<meta property=\"og:title\" content=\"Premium Metallbalkongr\u00e4cke - ABR Home - Metallic constructions since 2010\" \/>\n<meta property=\"og:description\" content=\"Uppgradera byggnadens exteri\u00f6r med v\u00e5rt Premium Metallbalkongr\u00e4cke. Designad f\u00f6r b\u00e5de bost\u00e4der och kommerciell anv\u00e4ndning, \u00e4r v\u00e5rt r\u00e4cke utformat f\u00f6r s\u00e4kerhet, h\u00e5llbarhet och estetik med h\u00f6gkvalitativt st\u00e5l och avancerade tekniker. Finns i flera ytbehandlingar.\" \/>\n<meta property=\"og:url\" content=\"https:\/\/abrhome.eu\/produkt\/premium-metal-balcony-railing\/\" \/>\n<meta property=\"og:site_name\" content=\"ABR Home - Metallic constructions since 2010\" \/>\n<meta property=\"article:modified_time\" content=\"2024-06-04T16:58:28+00:00\" \/>\n<meta property=\"og:image\" content=\"https:\/\/abrhome.eu\/wp-content\/uploads\/2024\/06\/margas-Jurkalnes54-1.jpg\" \/>\n\t<meta property=\"og:image:width\" content=\"702\" \/>\n\t<meta property=\"og:image:height\" content=\"630\" \/>\n\t<meta property=\"og:image:type\" content=\"image\/jpeg\" \/>\n<meta name=\"twitter:card\" content=\"summary_large_image\" \/>\n<meta name=\"twitter:label1\" content=\"Ber\u00e4knad l\u00e4stid\" \/>\n\t<meta name=\"twitter:data1\" content=\"1 minut\" \/>\n<script type=\"application\/ld+json\" class=\"yoast-schema-graph\">{\"@context\":\"https:\/\/schema.org\",\"@graph\":[{\"@type\":\"WebPage\",\"@id\":\"https:\/\/abrhome.eu\/produkt\/premium-metal-balcony-railing\/\",\"url\":\"https:\/\/abrhome.eu\/produkt\/premium-metal-balcony-railing\/\",\"name\":\"Premium Metallbalkongr\u00e4cke - ABR Home - Metallic constructions since 2010\",\"isPartOf\":{\"@id\":\"https:\/\/abrhome.eu\/#website\"},\"primaryImageOfPage\":{\"@id\":\"https:\/\/abrhome.eu\/produkt\/premium-metal-balcony-railing\/#primaryimage\"},\"image\":{\"@id\":\"https:\/\/abrhome.eu\/produkt\/premium-metal-balcony-railing\/#primaryimage\"},\"thumbnailUrl\":\"https:\/\/abrhome.eu\/wp-content\/uploads\/2024\/06\/margas-Jurkalnes54-1.jpg\",\"datePublished\":\"2024-06-04T15:11:50+00:00\",\"dateModified\":\"2024-06-04T16:58:28+00:00\",\"breadcrumb\":{\"@id\":\"https:\/\/abrhome.eu\/produkt\/premium-metal-balcony-railing\/#breadcrumb\"},\"inLanguage\":\"sv-SE\",\"potentialAction\":[{\"@type\":\"ReadAction\",\"target\":[\"https:\/\/abrhome.eu\/produkt\/premium-metal-balcony-railing\/\"]}]},{\"@type\":\"ImageObject\",\"inLanguage\":\"sv-SE\",\"@id\":\"https:\/\/abrhome.eu\/produkt\/premium-metal-balcony-railing\/#primaryimage\",\"url\":\"https:\/\/abrhome.eu\/wp-content\/uploads\/2024\/06\/margas-Jurkalnes54-1.jpg\",\"contentUrl\":\"https:\/\/abrhome.eu\/wp-content\/uploads\/2024\/06\/margas-Jurkalnes54-1.jpg\",\"width\":702,\"height\":630,\"caption\":\"Premium-metalliparvekekaide\"},{\"@type\":\"BreadcrumbList\",\"@id\":\"https:\/\/abrhome.eu\/produkt\/premium-metal-balcony-railing\/#breadcrumb\",\"itemListElement\":[{\"@type\":\"ListItem\",\"position\":1,\"name\":\"Home\",\"item\":\"https:\/\/abrhome.eu\/sv\/\"},{\"@type\":\"ListItem\",\"position\":2,\"name\":\"Produkter\",\"item\":\"https:\/\/abrhome.eu\/sv\/produkter\/\"},{\"@type\":\"ListItem\",\"position\":3,\"name\":\"Premium Metallbalkongr\u00e4cke\"}]},{\"@type\":\"WebSite\",\"@id\":\"https:\/\/abrhome.eu\/#website\",\"url\":\"https:\/\/abrhome.eu\/\",\"name\":\"ABR Home - Metallic constructions since 2010\",\"description\":\"\",\"publisher\":{\"@id\":\"https:\/\/abrhome.eu\/#organization\"},\"potentialAction\":[{\"@type\":\"SearchAction\",\"target\":{\"@type\":\"EntryPoint\",\"urlTemplate\":\"https:\/\/abrhome.eu\/?s={search_term_string}\"},\"query-input\":\"required name=search_term_string\"}],\"inLanguage\":\"sv-SE\"},{\"@type\":\"Organization\",\"@id\":\"https:\/\/abrhome.eu\/#organization\",\"name\":\"ABR Home - Metallic constructions since 2010\",\"url\":\"https:\/\/abrhome.eu\/\",\"logo\":{\"@type\":\"ImageObject\",\"inLanguage\":\"sv-SE\",\"@id\":\"https:\/\/abrhome.eu\/#\/schema\/logo\/image\/\",\"url\":\"https:\/\/abrhome.eu\/wp-content\/uploads\/2023\/12\/logo-10.png\",\"contentUrl\":\"https:\/\/abrhome.eu\/wp-content\/uploads\/2023\/12\/logo-10.png\",\"width\":300,\"height\":139,\"caption\":\"ABR Home - Metallic constructions since 2010\"},\"image\":{\"@id\":\"https:\/\/abrhome.eu\/#\/schema\/logo\/image\/\"}}]}<\/script>\n<!-- \/ Yoast SEO plugin. -->","yoast_head_json":{"title":"Premium Metallbalkongr\u00e4cke - ABR Home - Metallic constructions since 2010","robots":{"index":"index","follow":"follow","max-snippet":"max-snippet:-1","max-image-preview":"max-image-preview:large","max-video-preview":"max-video-preview:-1"},"canonical":"https:\/\/abrhome.eu\/produkt\/premium-metal-balcony-railing\/","og_locale":"sv_SE","og_type":"article","og_title":"Premium Metallbalkongr\u00e4cke - ABR Home - Metallic constructions since 2010","og_description":"Uppgradera byggnadens exteri\u00f6r med v\u00e5rt Premium Metallbalkongr\u00e4cke. Designad f\u00f6r b\u00e5de bost\u00e4der och kommerciell anv\u00e4ndning, \u00e4r v\u00e5rt r\u00e4cke utformat f\u00f6r s\u00e4kerhet, h\u00e5llbarhet och estetik med h\u00f6gkvalitativt st\u00e5l och avancerade tekniker. Finns i flera ytbehandlingar.","og_url":"https:\/\/abrhome.eu\/produkt\/premium-metal-balcony-railing\/","og_site_name":"ABR Home - Metallic constructions since 2010","article_modified_time":"2024-06-04T16:58:28+00:00","og_image":[{"width":702,"height":630,"url":"https:\/\/abrhome.eu\/wp-content\/uploads\/2024\/06\/margas-Jurkalnes54-1.jpg","type":"image\/jpeg"}],"twitter_card":"summary_large_image","twitter_misc":{"Ber\u00e4knad l\u00e4stid":"1 minut"},"schema":{"@context":"https:\/\/schema.org","@graph":[{"@type":"WebPage","@id":"https:\/\/abrhome.eu\/produkt\/premium-metal-balcony-railing\/","url":"https:\/\/abrhome.eu\/produkt\/premium-metal-balcony-railing\/","name":"Premium Metallbalkongr\u00e4cke - ABR Home - Metallic constructions since 2010","isPartOf":{"@id":"https:\/\/abrhome.eu\/#website"},"primaryImageOfPage":{"@id":"https:\/\/abrhome.eu\/produkt\/premium-metal-balcony-railing\/#primaryimage"},"image":{"@id":"https:\/\/abrhome.eu\/produkt\/premium-metal-balcony-railing\/#primaryimage"},"thumbnailUrl":"https:\/\/abrhome.eu\/wp-content\/uploads\/2024\/06\/margas-Jurkalnes54-1.jpg","datePublished":"2024-06-04T15:11:50+00:00","dateModified":"2024-06-04T16:58:28+00:00","breadcrumb":{"@id":"https:\/\/abrhome.eu\/produkt\/premium-metal-balcony-railing\/#breadcrumb"},"inLanguage":"sv-SE","potentialAction":[{"@type":"ReadAction","target":["https:\/\/abrhome.eu\/produkt\/premium-metal-balcony-railing\/"]}]},{"@type":"ImageObject","inLanguage":"sv-SE","@id":"https:\/\/abrhome.eu\/produkt\/premium-metal-balcony-railing\/#primaryimage","url":"https:\/\/abrhome.eu\/wp-content\/uploads\/2024\/06\/margas-Jurkalnes54-1.jpg","contentUrl":"https:\/\/abrhome.eu\/wp-content\/uploads\/2024\/06\/margas-Jurkalnes54-1.jpg","width":702,"height":630,"caption":"Premium-metalliparvekekaide"},{"@type":"BreadcrumbList","@id":"https:\/\/abrhome.eu\/produkt\/premium-metal-balcony-railing\/#breadcrumb","itemListElement":[{"@type":"ListItem","position":1,"name":"Home","item":"https:\/\/abrhome.eu\/sv\/"},{"@type":"ListItem","position":2,"name":"Produkter","item":"https:\/\/abrhome.eu\/sv\/produkter\/"},{"@type":"ListItem","position":3,"name":"Premium Metallbalkongr\u00e4cke"}]},{"@type":"WebSite","@id":"https:\/\/abrhome.eu\/#website","url":"https:\/\/abrhome.eu\/","name":"ABR Home - Metallic constructions since 2010","description":"","publisher":{"@id":"https:\/\/abrhome.eu\/#organization"},"potentialAction":[{"@type":"SearchAction","target":{"@type":"EntryPoint","urlTemplate":"https:\/\/abrhome.eu\/?s={search_term_string}"},"query-input":"required name=search_term_string"}],"inLanguage":"sv-SE"},{"@type":"Organization","@id":"https:\/\/abrhome.eu\/#organization","name":"ABR Home - Metallic constructions since 2010","url":"https:\/\/abrhome.eu\/","logo":{"@type":"ImageObject","inLanguage":"sv-SE","@id":"https:\/\/abrhome.eu\/#\/schema\/logo\/image\/","url":"https:\/\/abrhome.eu\/wp-content\/uploads\/2023\/12\/logo-10.png","contentUrl":"https:\/\/abrhome.eu\/wp-content\/uploads\/2023\/12\/logo-10.png","width":300,"height":139,"caption":"ABR Home - Metallic constructions since 2010"},"image":{"@id":"https:\/\/abrhome.eu\/#\/schema\/logo\/image\/"}}]}},"_links":{"self":[{"href":"https:\/\/abrhome.eu\/sv\/wp-json\/wp\/v2\/product\/10250","targetHints":{"allow":["GET"]}}],"collection":[{"href":"https:\/\/abrhome.eu\/sv\/wp-json\/wp\/v2\/product"}],"about":[{"href":"https:\/\/abrhome.eu\/sv\/wp-json\/wp\/v2\/types\/product"}],"version-history":[{"count":0,"href":"https:\/\/abrhome.eu\/sv\/wp-json\/wp\/v2\/product\/10250\/revisions"}],"wp:featuredmedia":[{"embeddable":true,"href":"https:\/\/abrhome.eu\/sv\/wp-json\/wp\/v2\/media\/2513"}],"wp:attachment":[{"href":"https:\/\/abrhome.eu\/sv\/wp-json\/wp\/v2\/media?parent=10250"}],"wp:term":[{"taxonomy":"product_cat","embeddable":true,"href":"https:\/\/abrhome.eu\/sv\/wp-json\/wp\/v2\/product_cat?post=10250"},{"taxonomy":"product_tag","embeddable":true,"href":"https:\/\/abrhome.eu\/sv\/wp-json\/wp\/v2\/product_tag?post=10250"}],"curies":[{"name":"wp","href":"https:\/\/api.w.org\/{rel}","templated":true}]}}