{"id":10264,"date":"2024-06-04T17:11:52","date_gmt":"2024-06-04T15:11:52","guid":{"rendered":"https:\/\/abrhome.eu\/product\/hallbart-metall-balkongracke\/"},"modified":"2024-06-04T19:00:36","modified_gmt":"2024-06-04T17:00:36","slug":"hallbart-metall-balkongracke","status":"publish","type":"product","link":"https:\/\/abrhome.eu\/sv\/produkt\/hallbart-metall-balkongracke\/","title":{"rendered":"H\u00e5llbart Metall Balkongr\u00e4cke"},"content":{"rendered":"<p><b>\u00d6ka s\u00e4kerheten<\/b> och den estetiska dragningskraften f\u00f6r din balkong med v\u00e5rt <b>H\u00e5llbart Metall Balkongr\u00e4cke<\/b>. Tillverkat av h\u00f6gkvalitativt <b>st\u00e5l<\/b>, \u00e4r varje panel noggrant konstruerad genom svarvning, fr\u00e4sning och slipningsprocesser f\u00f6r att skapa precisa och h\u00e5llbara komponenter.<\/p>\n<p>Dessa komponenter \u00e4r sedan noggrant ihopsatta och svetsade, vilket garanterar robust strukturell integritet. F\u00f6r att s\u00e4kerst\u00e4lla l\u00e5ng livsl\u00e4ngd och motst\u00e5ndskraft mot korrosion genomg\u00e5r varje r\u00e4cke en grundlig reng\u00f6ringsprocess f\u00f6ljt av antingen <b>pulverlackering<\/b> eller galvanisering. Den mattsvarta finishen, motsvarande RAL 9005 (Jet Black), bidrar inte bara till produkten h\u00e5llbarhet utan ger \u00e4ven en elegant touch till byggnadens exteri\u00f6r.<\/p>\n<p>V\u00e5ra r\u00e4cken, tillg\u00e4ngliga i olika storlekar, \u00e4r konstruerade f\u00f6r enkel montering med robusta skruvar och beslag, vilket garanterar en <b>s\u00e4ker installation<\/b>.<\/p>\n<p> <div class=\"p2410-product-tags\" style=\"margin:1rem 0\">\r\n\t\t<div style=\"font-weight:600\">Taggar<\/div>\r\n\t\t<div><a href=\"https:\/\/abrhome.eu\/sv\/produktetikett\/hallbart-balkongracke\/\" class=\"product-tag\">h\u00e5llbart balkongr\u00e4cke<\/a>, <a href=\"https:\/\/abrhome.eu\/sv\/produktetikett\/metallbalkongracke\/\" class=\"product-tag\">metallbalkongr\u00e4cke<\/a>, <a href=\"https:\/\/abrhome.eu\/sv\/produktetikett\/stal-balkongracke\/\" class=\"product-tag\">st\u00e5l balkongr\u00e4cke<\/a>, <a href=\"https:\/\/abrhome.eu\/sv\/produktetikett\/svart-stalracke\/\" class=\"product-tag\">svart st\u00e5lr\u00e4cke<\/a>, <a href=\"https:\/\/abrhome.eu\/sv\/produktetikett\/utomhusrackesinstallation\/\" class=\"product-tag\">utomhusr\u00e4ckesinstallation<\/a><\/div>\r\n\t<\/div> <div class=\"p2410-product-colors\" style=\"margin:1rem 0\">\r\n\t\t<div style=\"font-weight:600\">F\u00e4rg<\/div>\r\n\t\t<div><span>RAL 1023 Trafikgul (Gul)<\/span>, <span>RAL 1036 P\u00e4rlguld (Guld)<\/span>, <span>RAL 2004 Ren orange (Orange)<\/span>, <span>RAL 3000 Flamr\u00f6d (R\u00f6d)<\/span>, <span>RAL 3020 Trafikr\u00f6d (R\u00f6d)<\/span>, <span>RAL 4005 Bl\u00e5lila (Violett)<\/span>, <span>RAL 5005 Signalbl\u00e5 (Bl\u00e5)<\/span>, <span>RAL 5010 Gentianabl\u00e5 (Bl\u00e5)<\/span>, <span>RAL 6005 Mossa gr\u00f6n (Gr\u00f6n)<\/span>, <span>RAL 7012 Basaltgr\u00e5 (Gr\u00e5)<\/span>, <span>RAL 7015 Skiffergr\u00e5 (Gr\u00e5)<\/span>, <span>RAL 7016 Antracitgr\u00e5 (Gr\u00e5)<\/span>, <span>RAL 7021 Svartgr\u00e5 (Svart)<\/span>, <span>RAL 7024 Grafitgr\u00e5 (Gr\u00e5)<\/span>, <span>RAL 7032 Gr\u00e5sten (Gr\u00e5)<\/span>, <span>RAL 7035 Ljusgr\u00e5 (Gr\u00e5)<\/span>, <span>RAL 7040 F\u00f6nstergr\u00e5 (Gr\u00e5)<\/span>, <span>RAL 7042 Trafikgr\u00e5 A (Gr\u00e5)<\/span>, <span>RAL 8017 Chokladbrun (Brun)<\/span>, <span>RAL 9005 Jet svart (Svart)<\/span>, <span>RAL 9006 Vit aluminium (Silver)<\/span>, <span>RAL 9007 Gr\u00e5 aluminium (Silver)<\/span>, <span>RAL 9010 Ren vit (Vit)<\/span>, <span>RAL 9016 Trafikvit (Vit)<\/span><\/div>\r\n\t<\/div><\/p>\n","protected":false},"excerpt":{"rendered":"<p>H\u00f6gh\u00e5llfast <b>metall balkongr\u00e4cke<\/b>, tillverkat av <b>st\u00e5l<\/b> med en mattsvart <b>pulverlackering<\/b>. Designat f\u00f6r robust s\u00e4kerhet och enkel <b>utomhusinstallation<\/b>.<\/p>\n","protected":false},"featured_media":2528,"template":"","meta":[],"product_cat":[26696],"product_tag":[3391,2163,2596,3405,3419],"class_list":{"0":"post-10264","1":"product","2":"type-product","3":"status-publish","4":"has-post-thumbnail","6":"product_cat-hem-strukturer-balkong","7":"product_tag-hallbart-balkongracke","8":"product_tag-metallbalkongracke","9":"product_tag-stal-balkongracke","10":"product_tag-svart-stalracke","11":"product_tag-utomhusrackesinstallation","13":"first","14":"instock","15":"shipping-taxable","16":"product-type-simple"},"yoast_head":"<!-- This site is optimized with the Yoast SEO plugin v23.1 - https:\/\/yoast.com\/wordpress\/plugins\/seo\/ -->\n<title>H\u00e5llbart Metall Balkongr\u00e4cke - ABR Home - Metallic constructions since 2010<\/title>\n<meta name=\"robots\" content=\"index, follow, max-snippet:-1, max-image-preview:large, max-video-preview:-1\" \/>\n<link rel=\"canonical\" href=\"https:\/\/abrhome.eu\/produkt\/durable-metal-balcony-railing\/\" \/>\n<meta property=\"og:locale\" content=\"sv_SE\" \/>\n<meta property=\"og:type\" content=\"article\" \/>\n<meta property=\"og:title\" content=\"H\u00e5llbart Metall Balkongr\u00e4cke - ABR Home - Metallic constructions since 2010\" \/>\n<meta property=\"og:description\" content=\"H\u00f6gh\u00e5llfast metall balkongr\u00e4cke, tillverkat av st\u00e5l med en mattsvart pulverlackering. Designat f\u00f6r robust s\u00e4kerhet och enkel utomhusinstallation.\" \/>\n<meta property=\"og:url\" content=\"https:\/\/abrhome.eu\/produkt\/durable-metal-balcony-railing\/\" \/>\n<meta property=\"og:site_name\" content=\"ABR Home - Metallic constructions since 2010\" \/>\n<meta property=\"article:modified_time\" content=\"2024-06-04T17:00:36+00:00\" \/>\n<meta property=\"og:image\" content=\"https:\/\/abrhome.eu\/wp-content\/uploads\/2024\/06\/margas-Jurkalnes54-2.jpg\" \/>\n\t<meta property=\"og:image:width\" content=\"476\" \/>\n\t<meta property=\"og:image:height\" content=\"468\" \/>\n\t<meta property=\"og:image:type\" content=\"image\/jpeg\" \/>\n<meta name=\"twitter:card\" content=\"summary_large_image\" \/>\n<meta name=\"twitter:label1\" content=\"Ber\u00e4knad l\u00e4stid\" \/>\n\t<meta name=\"twitter:data1\" content=\"1 minut\" \/>\n<script type=\"application\/ld+json\" class=\"yoast-schema-graph\">{\"@context\":\"https:\/\/schema.org\",\"@graph\":[{\"@type\":\"WebPage\",\"@id\":\"https:\/\/abrhome.eu\/produkt\/durable-metal-balcony-railing\/\",\"url\":\"https:\/\/abrhome.eu\/produkt\/durable-metal-balcony-railing\/\",\"name\":\"H\u00e5llbart Metall Balkongr\u00e4cke - ABR Home - Metallic constructions since 2010\",\"isPartOf\":{\"@id\":\"https:\/\/abrhome.eu\/#website\"},\"primaryImageOfPage\":{\"@id\":\"https:\/\/abrhome.eu\/produkt\/durable-metal-balcony-railing\/#primaryimage\"},\"image\":{\"@id\":\"https:\/\/abrhome.eu\/produkt\/durable-metal-balcony-railing\/#primaryimage\"},\"thumbnailUrl\":\"https:\/\/abrhome.eu\/wp-content\/uploads\/2024\/06\/margas-Jurkalnes54-2.jpg\",\"datePublished\":\"2024-06-04T15:11:52+00:00\",\"dateModified\":\"2024-06-04T17:00:36+00:00\",\"breadcrumb\":{\"@id\":\"https:\/\/abrhome.eu\/produkt\/durable-metal-balcony-railing\/#breadcrumb\"},\"inLanguage\":\"sv-SE\",\"potentialAction\":[{\"@type\":\"ReadAction\",\"target\":[\"https:\/\/abrhome.eu\/produkt\/durable-metal-balcony-railing\/\"]}]},{\"@type\":\"ImageObject\",\"inLanguage\":\"sv-SE\",\"@id\":\"https:\/\/abrhome.eu\/produkt\/durable-metal-balcony-railing\/#primaryimage\",\"url\":\"https:\/\/abrhome.eu\/wp-content\/uploads\/2024\/06\/margas-Jurkalnes54-2.jpg\",\"contentUrl\":\"https:\/\/abrhome.eu\/wp-content\/uploads\/2024\/06\/margas-Jurkalnes54-2.jpg\",\"width\":476,\"height\":468,\"caption\":\"Kest\u00e4v\u00e4 Metalliparvekkeen Kaide\"},{\"@type\":\"BreadcrumbList\",\"@id\":\"https:\/\/abrhome.eu\/produkt\/durable-metal-balcony-railing\/#breadcrumb\",\"itemListElement\":[{\"@type\":\"ListItem\",\"position\":1,\"name\":\"Home\",\"item\":\"https:\/\/abrhome.eu\/sv\/\"},{\"@type\":\"ListItem\",\"position\":2,\"name\":\"Produkter\",\"item\":\"https:\/\/abrhome.eu\/sv\/produkter\/\"},{\"@type\":\"ListItem\",\"position\":3,\"name\":\"H\u00e5llbart Metall Balkongr\u00e4cke\"}]},{\"@type\":\"WebSite\",\"@id\":\"https:\/\/abrhome.eu\/#website\",\"url\":\"https:\/\/abrhome.eu\/\",\"name\":\"ABR Home - Metallic constructions since 2010\",\"description\":\"\",\"publisher\":{\"@id\":\"https:\/\/abrhome.eu\/#organization\"},\"potentialAction\":[{\"@type\":\"SearchAction\",\"target\":{\"@type\":\"EntryPoint\",\"urlTemplate\":\"https:\/\/abrhome.eu\/?s={search_term_string}\"},\"query-input\":\"required name=search_term_string\"}],\"inLanguage\":\"sv-SE\"},{\"@type\":\"Organization\",\"@id\":\"https:\/\/abrhome.eu\/#organization\",\"name\":\"ABR Home - Metallic constructions since 2010\",\"url\":\"https:\/\/abrhome.eu\/\",\"logo\":{\"@type\":\"ImageObject\",\"inLanguage\":\"sv-SE\",\"@id\":\"https:\/\/abrhome.eu\/#\/schema\/logo\/image\/\",\"url\":\"https:\/\/abrhome.eu\/wp-content\/uploads\/2023\/12\/logo-10.png\",\"contentUrl\":\"https:\/\/abrhome.eu\/wp-content\/uploads\/2023\/12\/logo-10.png\",\"width\":300,\"height\":139,\"caption\":\"ABR Home - Metallic constructions since 2010\"},\"image\":{\"@id\":\"https:\/\/abrhome.eu\/#\/schema\/logo\/image\/\"}}]}<\/script>\n<!-- \/ Yoast SEO plugin. -->","yoast_head_json":{"title":"H\u00e5llbart Metall Balkongr\u00e4cke - ABR Home - Metallic constructions since 2010","robots":{"index":"index","follow":"follow","max-snippet":"max-snippet:-1","max-image-preview":"max-image-preview:large","max-video-preview":"max-video-preview:-1"},"canonical":"https:\/\/abrhome.eu\/produkt\/durable-metal-balcony-railing\/","og_locale":"sv_SE","og_type":"article","og_title":"H\u00e5llbart Metall Balkongr\u00e4cke - ABR Home - Metallic constructions since 2010","og_description":"H\u00f6gh\u00e5llfast metall balkongr\u00e4cke, tillverkat av st\u00e5l med en mattsvart pulverlackering. Designat f\u00f6r robust s\u00e4kerhet och enkel utomhusinstallation.","og_url":"https:\/\/abrhome.eu\/produkt\/durable-metal-balcony-railing\/","og_site_name":"ABR Home - Metallic constructions since 2010","article_modified_time":"2024-06-04T17:00:36+00:00","og_image":[{"width":476,"height":468,"url":"https:\/\/abrhome.eu\/wp-content\/uploads\/2024\/06\/margas-Jurkalnes54-2.jpg","type":"image\/jpeg"}],"twitter_card":"summary_large_image","twitter_misc":{"Ber\u00e4knad l\u00e4stid":"1 minut"},"schema":{"@context":"https:\/\/schema.org","@graph":[{"@type":"WebPage","@id":"https:\/\/abrhome.eu\/produkt\/durable-metal-balcony-railing\/","url":"https:\/\/abrhome.eu\/produkt\/durable-metal-balcony-railing\/","name":"H\u00e5llbart Metall Balkongr\u00e4cke - ABR Home - Metallic constructions since 2010","isPartOf":{"@id":"https:\/\/abrhome.eu\/#website"},"primaryImageOfPage":{"@id":"https:\/\/abrhome.eu\/produkt\/durable-metal-balcony-railing\/#primaryimage"},"image":{"@id":"https:\/\/abrhome.eu\/produkt\/durable-metal-balcony-railing\/#primaryimage"},"thumbnailUrl":"https:\/\/abrhome.eu\/wp-content\/uploads\/2024\/06\/margas-Jurkalnes54-2.jpg","datePublished":"2024-06-04T15:11:52+00:00","dateModified":"2024-06-04T17:00:36+00:00","breadcrumb":{"@id":"https:\/\/abrhome.eu\/produkt\/durable-metal-balcony-railing\/#breadcrumb"},"inLanguage":"sv-SE","potentialAction":[{"@type":"ReadAction","target":["https:\/\/abrhome.eu\/produkt\/durable-metal-balcony-railing\/"]}]},{"@type":"ImageObject","inLanguage":"sv-SE","@id":"https:\/\/abrhome.eu\/produkt\/durable-metal-balcony-railing\/#primaryimage","url":"https:\/\/abrhome.eu\/wp-content\/uploads\/2024\/06\/margas-Jurkalnes54-2.jpg","contentUrl":"https:\/\/abrhome.eu\/wp-content\/uploads\/2024\/06\/margas-Jurkalnes54-2.jpg","width":476,"height":468,"caption":"Kest\u00e4v\u00e4 Metalliparvekkeen Kaide"},{"@type":"BreadcrumbList","@id":"https:\/\/abrhome.eu\/produkt\/durable-metal-balcony-railing\/#breadcrumb","itemListElement":[{"@type":"ListItem","position":1,"name":"Home","item":"https:\/\/abrhome.eu\/sv\/"},{"@type":"ListItem","position":2,"name":"Produkter","item":"https:\/\/abrhome.eu\/sv\/produkter\/"},{"@type":"ListItem","position":3,"name":"H\u00e5llbart Metall Balkongr\u00e4cke"}]},{"@type":"WebSite","@id":"https:\/\/abrhome.eu\/#website","url":"https:\/\/abrhome.eu\/","name":"ABR Home - Metallic constructions since 2010","description":"","publisher":{"@id":"https:\/\/abrhome.eu\/#organization"},"potentialAction":[{"@type":"SearchAction","target":{"@type":"EntryPoint","urlTemplate":"https:\/\/abrhome.eu\/?s={search_term_string}"},"query-input":"required name=search_term_string"}],"inLanguage":"sv-SE"},{"@type":"Organization","@id":"https:\/\/abrhome.eu\/#organization","name":"ABR Home - Metallic constructions since 2010","url":"https:\/\/abrhome.eu\/","logo":{"@type":"ImageObject","inLanguage":"sv-SE","@id":"https:\/\/abrhome.eu\/#\/schema\/logo\/image\/","url":"https:\/\/abrhome.eu\/wp-content\/uploads\/2023\/12\/logo-10.png","contentUrl":"https:\/\/abrhome.eu\/wp-content\/uploads\/2023\/12\/logo-10.png","width":300,"height":139,"caption":"ABR Home - Metallic constructions since 2010"},"image":{"@id":"https:\/\/abrhome.eu\/#\/schema\/logo\/image\/"}}]}},"_links":{"self":[{"href":"https:\/\/abrhome.eu\/sv\/wp-json\/wp\/v2\/product\/10264","targetHints":{"allow":["GET"]}}],"collection":[{"href":"https:\/\/abrhome.eu\/sv\/wp-json\/wp\/v2\/product"}],"about":[{"href":"https:\/\/abrhome.eu\/sv\/wp-json\/wp\/v2\/types\/product"}],"version-history":[{"count":0,"href":"https:\/\/abrhome.eu\/sv\/wp-json\/wp\/v2\/product\/10264\/revisions"}],"wp:featuredmedia":[{"embeddable":true,"href":"https:\/\/abrhome.eu\/sv\/wp-json\/wp\/v2\/media\/2528"}],"wp:attachment":[{"href":"https:\/\/abrhome.eu\/sv\/wp-json\/wp\/v2\/media?parent=10264"}],"wp:term":[{"taxonomy":"product_cat","embeddable":true,"href":"https:\/\/abrhome.eu\/sv\/wp-json\/wp\/v2\/product_cat?post=10264"},{"taxonomy":"product_tag","embeddable":true,"href":"https:\/\/abrhome.eu\/sv\/wp-json\/wp\/v2\/product_tag?post=10264"}],"curies":[{"name":"wp","href":"https:\/\/api.w.org\/{rel}","templated":true}]}}