{"id":11671,"date":"2024-06-04T17:25:55","date_gmt":"2024-06-04T15:25:55","guid":{"rendered":"https:\/\/abrhome.eu\/product\/elegant-dekorativ-metallgrind-2\/"},"modified":"2024-06-04T21:34:02","modified_gmt":"2024-06-04T19:34:02","slug":"elegant-dekorativ-metallgrind-2","status":"publish","type":"product","link":"https:\/\/abrhome.eu\/sv\/produkt\/elegant-dekorativ-metallgrind-2\/","title":{"rendered":"Elegant Dekorativ Metallgrind"},"content":{"rendered":"<p>F\u00f6rh\u00f6j charmen och s\u00e4kerheten p\u00e5 din fastighet med v\u00e5r <b>Elegant Dekorativ Metallgrind<\/b>. Tillverkad med precision kombinerar denna grind funktionalitet med estetisk tilltalande design, vilket g\u00f6r den till ett idealiskt val f\u00f6r s\u00e5v\u00e4l <b>privat metallgrind<\/b> som <b>kommersiell metallgrind<\/b>. Med hj\u00e4lp av avancerad CAD-programvara s\u00e4kerst\u00e4lls att designprocessen ger grindar som inte bara \u00e4r eleganta utan \u00e4ven h\u00f6gfungerande.<\/p>\n<p>Grinden har noggrant skurna och formade metallst\u00e4nger, vilka \u00e4r svetsade till en robust struktur. Dekorativa element som spalj\u00e9 och b\u00e5gformade motiv tillf\u00f6r en distinkt touch och h\u00f6jer den visuella dragningskraften. Efter monteringen genomg\u00e5r varje grind finishbehandlingar inklusive slipning f\u00f6r att s\u00e4kerst\u00e4lla j\u00e4mna kanter, f\u00f6ljt av ett val av pulverlackering eller galvanisering. Denna behandling ger ett f\u00f6rb\u00e4ttrat utseende och omfattande skydd mot korrosion, vilket g\u00f6r den till en <b>v\u00e4derbest\u00e4ndig metallgrind<\/b>.<\/p>\n<p>Grinden monteras vanligtvis med g\u00e5ngj\u00e4rn p\u00e5 robusta pelare f\u00f6rankrade s\u00e4kert i marken, dessa grindar erbjuder b\u00e5de stabilitet och h\u00e5llbarhet, vilket s\u00e4kerst\u00e4ller att de uppfyller kraven f\u00f6r b\u00e5de s\u00e4kerhet och estetik.<\/p>\n<p> <div class=\"p2410-product-tags\" style=\"margin:1rem 0\">\r\n\t\t<div style=\"font-weight:600\">Taggar<\/div>\r\n\t\t<div><a href=\"https:\/\/abrhome.eu\/sv\/produktetikett\/dekorativ-metallport\/\" class=\"product-tag\">dekorativ metallport<\/a>, <a href=\"https:\/\/abrhome.eu\/sv\/produktetikett\/kommerciell-metallgrind\/\" class=\"product-tag\">kommerciell metallgrind<\/a>, <a href=\"https:\/\/abrhome.eu\/sv\/produktetikett\/metallstaketport\/\" class=\"product-tag\">metallstaketport<\/a>, <a href=\"https:\/\/abrhome.eu\/sv\/produktetikett\/privat-metallgrind\/\" class=\"product-tag\">Privat Metallgrind<\/a>, <a href=\"https:\/\/abrhome.eu\/sv\/produktetikett\/vaderbestandig-metallgrind\/\" class=\"product-tag\">v\u00e4derbest\u00e4ndig metallgrind<\/a><\/div>\r\n\t<\/div> <div class=\"p2410-product-colors\" style=\"margin:1rem 0\">\r\n\t\t<div style=\"font-weight:600\">F\u00e4rg<\/div>\r\n\t\t<div><span>RAL 1023 Trafikgul (Gul)<\/span>, <span>RAL 1036 P\u00e4rlguld (Guld)<\/span>, <span>RAL 2004 Ren orange (Orange)<\/span>, <span>RAL 3000 Flamr\u00f6d (R\u00f6d)<\/span>, <span>RAL 3020 Trafikr\u00f6d (R\u00f6d)<\/span>, <span>RAL 4005 Bl\u00e5lila (Violett)<\/span>, <span>RAL 5005 Signalbl\u00e5 (Bl\u00e5)<\/span>, <span>RAL 5010 Gentianabl\u00e5 (Bl\u00e5)<\/span>, <span>RAL 6005 Mossa gr\u00f6n (Gr\u00f6n)<\/span>, <span>RAL 7012 Basaltgr\u00e5 (Gr\u00e5)<\/span>, <span>RAL 7015 Skiffergr\u00e5 (Gr\u00e5)<\/span>, <span>RAL 7016 Antracitgr\u00e5 (Gr\u00e5)<\/span>, <span>RAL 7021 Svartgr\u00e5 (Svart)<\/span>, <span>RAL 7024 Grafitgr\u00e5 (Gr\u00e5)<\/span>, <span>RAL 7032 Gr\u00e5sten (Gr\u00e5)<\/span>, <span>RAL 7035 Ljusgr\u00e5 (Gr\u00e5)<\/span>, <span>RAL 7040 F\u00f6nstergr\u00e5 (Gr\u00e5)<\/span>, <span>RAL 7042 Trafikgr\u00e5 A (Gr\u00e5)<\/span>, <span>RAL 8017 Chokladbrun (Brun)<\/span>, <span>RAL 9005 Jet svart (Svart)<\/span>, <span>RAL 9006 Vit aluminium (Silver)<\/span>, <span>RAL 9007 Gr\u00e5 aluminium (Silver)<\/span>, <span>RAL 9010 Ren vit (Vit)<\/span>, <span>RAL 9016 Trafikvit (Vit)<\/span><\/div>\r\n\t<\/div><\/p>\n","protected":false},"excerpt":{"rendered":"<p>S\u00e4kra och f\u00f6rh\u00f6j din fastighets attraktion med v\u00e5r <b>Elegant Dekorativ Metallgrind<\/b>. Idealisk f\u00f6r b\u00e5de <b>privat<\/b> och <b>kommerciellt<\/b> bruk, denna <b>v\u00e4derbest\u00e4ndiga<\/b> metallgrind kombinerar avancerad design och robusta material f\u00f6r l\u00e5ngvarig prestanda.<\/p>\n","protected":false},"featured_media":8468,"template":"","meta":[],"product_cat":[26850],"product_tag":[8003,7863,7975,8406,26139],"class_list":{"0":"post-11671","1":"product","2":"type-product","3":"status-publish","4":"has-post-thumbnail","6":"product_cat-sakerhetsfunktioner-versace-staket","7":"product_tag-dekorativ-metallport","8":"product_tag-kommerciell-metallgrind","9":"product_tag-metallstaketport","10":"product_tag-privat-metallgrind","11":"product_tag-vaderbestandig-metallgrind","13":"first","14":"instock","15":"shipping-taxable","16":"product-type-simple"},"yoast_head":"<!-- This site is optimized with the Yoast SEO plugin v23.1 - https:\/\/yoast.com\/wordpress\/plugins\/seo\/ -->\n<title>Elegant Dekorativ Metallgrind - ABR Home - Metallic constructions since 2010<\/title>\n<meta name=\"robots\" content=\"index, follow, max-snippet:-1, max-image-preview:large, max-video-preview:-1\" \/>\n<link rel=\"canonical\" href=\"https:\/\/abrhome.eu\/produkt\/elegant-decorative-metal-fence-gate-2\/\" \/>\n<meta property=\"og:locale\" content=\"sv_SE\" \/>\n<meta property=\"og:type\" content=\"article\" \/>\n<meta property=\"og:title\" content=\"Elegant Dekorativ Metallgrind - ABR Home - Metallic constructions since 2010\" \/>\n<meta property=\"og:description\" content=\"S\u00e4kra och f\u00f6rh\u00f6j din fastighets attraktion med v\u00e5r Elegant Dekorativ Metallgrind. Idealisk f\u00f6r b\u00e5de privat och kommerciellt bruk, denna v\u00e4derbest\u00e4ndiga metallgrind kombinerar avancerad design och robusta material f\u00f6r l\u00e5ngvarig prestanda.\" \/>\n<meta property=\"og:url\" content=\"https:\/\/abrhome.eu\/produkt\/elegant-decorative-metal-fence-gate-2\/\" \/>\n<meta property=\"og:site_name\" content=\"ABR Home - Metallic constructions since 2010\" \/>\n<meta property=\"article:modified_time\" content=\"2024-06-04T19:34:02+00:00\" \/>\n<meta property=\"og:image\" content=\"https:\/\/abrhome.eu\/wp-content\/uploads\/2024\/06\/20220113_084130-scaled.jpg\" \/>\n\t<meta property=\"og:image:width\" content=\"1920\" \/>\n\t<meta property=\"og:image:height\" content=\"2560\" \/>\n\t<meta property=\"og:image:type\" content=\"image\/jpeg\" \/>\n<meta name=\"twitter:card\" content=\"summary_large_image\" \/>\n<meta name=\"twitter:label1\" content=\"Ber\u00e4knad l\u00e4stid\" \/>\n\t<meta name=\"twitter:data1\" content=\"1 minut\" \/>\n<script type=\"application\/ld+json\" class=\"yoast-schema-graph\">{\"@context\":\"https:\/\/schema.org\",\"@graph\":[{\"@type\":\"WebPage\",\"@id\":\"https:\/\/abrhome.eu\/produkt\/elegant-decorative-metal-fence-gate-2\/\",\"url\":\"https:\/\/abrhome.eu\/produkt\/elegant-decorative-metal-fence-gate-2\/\",\"name\":\"Elegant Dekorativ Metallgrind - ABR Home - Metallic constructions since 2010\",\"isPartOf\":{\"@id\":\"https:\/\/abrhome.eu\/#website\"},\"primaryImageOfPage\":{\"@id\":\"https:\/\/abrhome.eu\/produkt\/elegant-decorative-metal-fence-gate-2\/#primaryimage\"},\"image\":{\"@id\":\"https:\/\/abrhome.eu\/produkt\/elegant-decorative-metal-fence-gate-2\/#primaryimage\"},\"thumbnailUrl\":\"https:\/\/abrhome.eu\/wp-content\/uploads\/2024\/06\/20220113_084130-scaled.jpg\",\"datePublished\":\"2024-06-04T15:25:55+00:00\",\"dateModified\":\"2024-06-04T19:34:02+00:00\",\"breadcrumb\":{\"@id\":\"https:\/\/abrhome.eu\/produkt\/elegant-decorative-metal-fence-gate-2\/#breadcrumb\"},\"inLanguage\":\"sv-SE\",\"potentialAction\":[{\"@type\":\"ReadAction\",\"target\":[\"https:\/\/abrhome.eu\/produkt\/elegant-decorative-metal-fence-gate-2\/\"]}]},{\"@type\":\"ImageObject\",\"inLanguage\":\"sv-SE\",\"@id\":\"https:\/\/abrhome.eu\/produkt\/elegant-decorative-metal-fence-gate-2\/#primaryimage\",\"url\":\"https:\/\/abrhome.eu\/wp-content\/uploads\/2024\/06\/20220113_084130-scaled.jpg\",\"contentUrl\":\"https:\/\/abrhome.eu\/wp-content\/uploads\/2024\/06\/20220113_084130-scaled.jpg\",\"width\":1920,\"height\":2560,\"caption\":\"Tyylik\u00e4s Koristeellinen Metalliportti\"},{\"@type\":\"BreadcrumbList\",\"@id\":\"https:\/\/abrhome.eu\/produkt\/elegant-decorative-metal-fence-gate-2\/#breadcrumb\",\"itemListElement\":[{\"@type\":\"ListItem\",\"position\":1,\"name\":\"Home\",\"item\":\"https:\/\/abrhome.eu\/sv\/\"},{\"@type\":\"ListItem\",\"position\":2,\"name\":\"Produkter\",\"item\":\"https:\/\/abrhome.eu\/sv\/produkter\/\"},{\"@type\":\"ListItem\",\"position\":3,\"name\":\"Elegant Dekorativ Metallgrind\"}]},{\"@type\":\"WebSite\",\"@id\":\"https:\/\/abrhome.eu\/#website\",\"url\":\"https:\/\/abrhome.eu\/\",\"name\":\"ABR Home - Metallic constructions since 2010\",\"description\":\"\",\"publisher\":{\"@id\":\"https:\/\/abrhome.eu\/#organization\"},\"potentialAction\":[{\"@type\":\"SearchAction\",\"target\":{\"@type\":\"EntryPoint\",\"urlTemplate\":\"https:\/\/abrhome.eu\/?s={search_term_string}\"},\"query-input\":\"required name=search_term_string\"}],\"inLanguage\":\"sv-SE\"},{\"@type\":\"Organization\",\"@id\":\"https:\/\/abrhome.eu\/#organization\",\"name\":\"ABR Home - Metallic constructions since 2010\",\"url\":\"https:\/\/abrhome.eu\/\",\"logo\":{\"@type\":\"ImageObject\",\"inLanguage\":\"sv-SE\",\"@id\":\"https:\/\/abrhome.eu\/#\/schema\/logo\/image\/\",\"url\":\"https:\/\/abrhome.eu\/wp-content\/uploads\/2023\/12\/logo-10.png\",\"contentUrl\":\"https:\/\/abrhome.eu\/wp-content\/uploads\/2023\/12\/logo-10.png\",\"width\":300,\"height\":139,\"caption\":\"ABR Home - Metallic constructions since 2010\"},\"image\":{\"@id\":\"https:\/\/abrhome.eu\/#\/schema\/logo\/image\/\"}}]}<\/script>\n<!-- \/ Yoast SEO plugin. -->","yoast_head_json":{"title":"Elegant Dekorativ Metallgrind - ABR Home - Metallic constructions since 2010","robots":{"index":"index","follow":"follow","max-snippet":"max-snippet:-1","max-image-preview":"max-image-preview:large","max-video-preview":"max-video-preview:-1"},"canonical":"https:\/\/abrhome.eu\/produkt\/elegant-decorative-metal-fence-gate-2\/","og_locale":"sv_SE","og_type":"article","og_title":"Elegant Dekorativ Metallgrind - ABR Home - Metallic constructions since 2010","og_description":"S\u00e4kra och f\u00f6rh\u00f6j din fastighets attraktion med v\u00e5r Elegant Dekorativ Metallgrind. Idealisk f\u00f6r b\u00e5de privat och kommerciellt bruk, denna v\u00e4derbest\u00e4ndiga metallgrind kombinerar avancerad design och robusta material f\u00f6r l\u00e5ngvarig prestanda.","og_url":"https:\/\/abrhome.eu\/produkt\/elegant-decorative-metal-fence-gate-2\/","og_site_name":"ABR Home - Metallic constructions since 2010","article_modified_time":"2024-06-04T19:34:02+00:00","og_image":[{"width":1920,"height":2560,"url":"https:\/\/abrhome.eu\/wp-content\/uploads\/2024\/06\/20220113_084130-scaled.jpg","type":"image\/jpeg"}],"twitter_card":"summary_large_image","twitter_misc":{"Ber\u00e4knad l\u00e4stid":"1 minut"},"schema":{"@context":"https:\/\/schema.org","@graph":[{"@type":"WebPage","@id":"https:\/\/abrhome.eu\/produkt\/elegant-decorative-metal-fence-gate-2\/","url":"https:\/\/abrhome.eu\/produkt\/elegant-decorative-metal-fence-gate-2\/","name":"Elegant Dekorativ Metallgrind - ABR Home - Metallic constructions since 2010","isPartOf":{"@id":"https:\/\/abrhome.eu\/#website"},"primaryImageOfPage":{"@id":"https:\/\/abrhome.eu\/produkt\/elegant-decorative-metal-fence-gate-2\/#primaryimage"},"image":{"@id":"https:\/\/abrhome.eu\/produkt\/elegant-decorative-metal-fence-gate-2\/#primaryimage"},"thumbnailUrl":"https:\/\/abrhome.eu\/wp-content\/uploads\/2024\/06\/20220113_084130-scaled.jpg","datePublished":"2024-06-04T15:25:55+00:00","dateModified":"2024-06-04T19:34:02+00:00","breadcrumb":{"@id":"https:\/\/abrhome.eu\/produkt\/elegant-decorative-metal-fence-gate-2\/#breadcrumb"},"inLanguage":"sv-SE","potentialAction":[{"@type":"ReadAction","target":["https:\/\/abrhome.eu\/produkt\/elegant-decorative-metal-fence-gate-2\/"]}]},{"@type":"ImageObject","inLanguage":"sv-SE","@id":"https:\/\/abrhome.eu\/produkt\/elegant-decorative-metal-fence-gate-2\/#primaryimage","url":"https:\/\/abrhome.eu\/wp-content\/uploads\/2024\/06\/20220113_084130-scaled.jpg","contentUrl":"https:\/\/abrhome.eu\/wp-content\/uploads\/2024\/06\/20220113_084130-scaled.jpg","width":1920,"height":2560,"caption":"Tyylik\u00e4s Koristeellinen Metalliportti"},{"@type":"BreadcrumbList","@id":"https:\/\/abrhome.eu\/produkt\/elegant-decorative-metal-fence-gate-2\/#breadcrumb","itemListElement":[{"@type":"ListItem","position":1,"name":"Home","item":"https:\/\/abrhome.eu\/sv\/"},{"@type":"ListItem","position":2,"name":"Produkter","item":"https:\/\/abrhome.eu\/sv\/produkter\/"},{"@type":"ListItem","position":3,"name":"Elegant Dekorativ Metallgrind"}]},{"@type":"WebSite","@id":"https:\/\/abrhome.eu\/#website","url":"https:\/\/abrhome.eu\/","name":"ABR Home - Metallic constructions since 2010","description":"","publisher":{"@id":"https:\/\/abrhome.eu\/#organization"},"potentialAction":[{"@type":"SearchAction","target":{"@type":"EntryPoint","urlTemplate":"https:\/\/abrhome.eu\/?s={search_term_string}"},"query-input":"required name=search_term_string"}],"inLanguage":"sv-SE"},{"@type":"Organization","@id":"https:\/\/abrhome.eu\/#organization","name":"ABR Home - Metallic constructions since 2010","url":"https:\/\/abrhome.eu\/","logo":{"@type":"ImageObject","inLanguage":"sv-SE","@id":"https:\/\/abrhome.eu\/#\/schema\/logo\/image\/","url":"https:\/\/abrhome.eu\/wp-content\/uploads\/2023\/12\/logo-10.png","contentUrl":"https:\/\/abrhome.eu\/wp-content\/uploads\/2023\/12\/logo-10.png","width":300,"height":139,"caption":"ABR Home - Metallic constructions since 2010"},"image":{"@id":"https:\/\/abrhome.eu\/#\/schema\/logo\/image\/"}}]}},"_links":{"self":[{"href":"https:\/\/abrhome.eu\/sv\/wp-json\/wp\/v2\/product\/11671","targetHints":{"allow":["GET"]}}],"collection":[{"href":"https:\/\/abrhome.eu\/sv\/wp-json\/wp\/v2\/product"}],"about":[{"href":"https:\/\/abrhome.eu\/sv\/wp-json\/wp\/v2\/types\/product"}],"version-history":[{"count":0,"href":"https:\/\/abrhome.eu\/sv\/wp-json\/wp\/v2\/product\/11671\/revisions"}],"wp:featuredmedia":[{"embeddable":true,"href":"https:\/\/abrhome.eu\/sv\/wp-json\/wp\/v2\/media\/8468"}],"wp:attachment":[{"href":"https:\/\/abrhome.eu\/sv\/wp-json\/wp\/v2\/media?parent=11671"}],"wp:term":[{"taxonomy":"product_cat","embeddable":true,"href":"https:\/\/abrhome.eu\/sv\/wp-json\/wp\/v2\/product_cat?post=11671"},{"taxonomy":"product_tag","embeddable":true,"href":"https:\/\/abrhome.eu\/sv\/wp-json\/wp\/v2\/product_tag?post=11671"}],"curies":[{"name":"wp","href":"https:\/\/api.w.org\/{rel}","templated":true}]}}