{"id":12629,"date":"2024-06-04T17:23:21","date_gmt":"2024-06-04T15:23:21","guid":{"rendered":"https:\/\/abrhome.eu\/product\/modernt-metalliskt-balkongracke\/"},"modified":"2024-06-04T22:19:04","modified_gmt":"2024-06-04T20:19:04","slug":"modernt-metalliskt-balkongracke","status":"publish","type":"product","link":"https:\/\/abrhome.eu\/sv\/produkt\/modernt-metalliskt-balkongracke\/","title":{"rendered":"Modernt Metalliskt Balkongr\u00e4cke"},"content":{"rendered":"<p>F\u00f6rb\u00e4ttra s\u00e4kerheten och det estetiska utseendet p\u00e5 din balkong med v\u00e5rt <b>Modernt Metalliskt Balkongr\u00e4cke<\/b>. Konstruerad av h\u00f6gkvalitativt <b>st\u00e5l<\/b> eller <b>aluminium<\/b>, lovar detta r\u00e4cke h\u00e5llbarhet och robusthet, vilket g\u00f6r det idealiskt f\u00f6r b\u00e5de bost\u00e4der och kommersiella fastigheter. Med en h\u00f6jd p\u00e5 ungef\u00e4r 1 till 1,2 meter och en bredd p\u00e5 2 till 3 meter \u00e4r detta r\u00e4ckessystem utformat f\u00f6r att erbjuda optimalt skydd utan att kompromissa med stilen.<\/p>\n<p>Varje r\u00e4cke genomg\u00e5r en noggrann konstruktions- och designprocess, d\u00e4r avancerad CAD-programvara anv\u00e4nds f\u00f6ljt av precisionsklippning, bockning och fr\u00e4sning f\u00f6r att skapa en felfri yta. Komponenterna monteras s\u00e4kert antingen genom svetsning eller mekaniskt f\u00e4ste och \u00e4r belagda med ett robust gr\u00e5tt pulver (RAL 7042 &#8211; Trafikgr\u00e5 A) f\u00f6r f\u00f6rb\u00e4ttrad v\u00e4derbest\u00e4ndighet och livsl\u00e4ngd. R\u00e4cket \u00e4r systematiskt packat och redo f\u00f6r enkel montering, vilket s\u00e4kerst\u00e4ller stabilitet och varaktig prestanda.<\/p>\n<p> <div class=\"p2410-product-tags\" style=\"margin:1rem 0\">\r\n\t\t<div style=\"font-weight:600\">Taggar<\/div>\r\n\t\t<div><a href=\"https:\/\/abrhome.eu\/sv\/produktetikett\/aluminium-balkongracke\/\" class=\"product-tag\">Aluminium Balkongr\u00e4cke<\/a>, <a href=\"https:\/\/abrhome.eu\/sv\/produktetikett\/hallbart-uteracke\/\" class=\"product-tag\">H\u00e5llbart Uter\u00e4cke<\/a>, <a href=\"https:\/\/abrhome.eu\/sv\/produktetikett\/metalliskt-balkongracke\/\" class=\"product-tag\">Metalliskt Balkongr\u00e4cke<\/a>, <a href=\"https:\/\/abrhome.eu\/sv\/produktetikett\/modernt-racke-for-balkong\/\" class=\"product-tag\">Modernt R\u00e4cke f\u00f6r Balkong<\/a>, <a href=\"https:\/\/abrhome.eu\/sv\/produktetikett\/stal-balkongracke\/\" class=\"product-tag\">st\u00e5l balkongr\u00e4cke<\/a><\/div>\r\n\t<\/div> <div class=\"p2410-product-colors\" style=\"margin:1rem 0\">\r\n\t\t<div style=\"font-weight:600\">F\u00e4rg<\/div>\r\n\t\t<div><span>RAL 1023 Trafikgul (Gul)<\/span>, <span>RAL 1036 P\u00e4rlguld (Guld)<\/span>, <span>RAL 2004 Ren orange (Orange)<\/span>, <span>RAL 3000 Flamr\u00f6d (R\u00f6d)<\/span>, <span>RAL 3020 Trafikr\u00f6d (R\u00f6d)<\/span>, <span>RAL 4005 Bl\u00e5lila (Violett)<\/span>, <span>RAL 5005 Signalbl\u00e5 (Bl\u00e5)<\/span>, <span>RAL 5010 Gentianabl\u00e5 (Bl\u00e5)<\/span>, <span>RAL 6005 Mossa gr\u00f6n (Gr\u00f6n)<\/span>, <span>RAL 7012 Basaltgr\u00e5 (Gr\u00e5)<\/span>, <span>RAL 7015 Skiffergr\u00e5 (Gr\u00e5)<\/span>, <span>RAL 7016 Antracitgr\u00e5 (Gr\u00e5)<\/span>, <span>RAL 7021 Svartgr\u00e5 (Svart)<\/span>, <span>RAL 7024 Grafitgr\u00e5 (Gr\u00e5)<\/span>, <span>RAL 7032 Gr\u00e5sten (Gr\u00e5)<\/span>, <span>RAL 7035 Ljusgr\u00e5 (Gr\u00e5)<\/span>, <span>RAL 7040 F\u00f6nstergr\u00e5 (Gr\u00e5)<\/span>, <span>RAL 7042 Trafikgr\u00e5 A (Gr\u00e5)<\/span>, <span>RAL 8017 Chokladbrun (Brun)<\/span>, <span>RAL 9005 Jet svart (Svart)<\/span>, <span>RAL 9006 Vit aluminium (Silver)<\/span>, <span>RAL 9007 Gr\u00e5 aluminium (Silver)<\/span>, <span>RAL 9010 Ren vit (Vit)<\/span>, <span>RAL 9016 Trafikvit (Vit)<\/span><\/div>\r\n\t<\/div><\/p>\n","protected":false},"excerpt":{"rendered":"<p>Uppt\u00e4ck v\u00e5rt <b>Modernt Metalliskt Balkongr\u00e4cke<\/b>, tillverkat av h\u00e5llbart <b>st\u00e5l<\/b> eller <b>aluminium<\/b>. Idealisk f\u00f6r att f\u00f6rb\u00e4ttra b\u00e5de s\u00e4kerhet och stil, detta r\u00e4cke har en pulverlackerad yta f\u00f6r \u00f6verl\u00e4gsen livsl\u00e4ngd och v\u00e4derbest\u00e4ndighet. Perfekt f\u00f6r b\u00e5de bost\u00e4der och kommersiellt bruk.<\/p>\n","protected":false},"featured_media":7598,"template":"","meta":[],"product_cat":[26836],"product_tag":[19941,19955,19927,19967,2596],"class_list":{"0":"post-12629","1":"product","2":"type-product","3":"status-publish","4":"has-post-thumbnail","6":"product_cat-sakerhetsfunktioner-racken-och-stangsel","7":"product_tag-aluminium-balkongracke","8":"product_tag-hallbart-uteracke","9":"product_tag-metalliskt-balkongracke","10":"product_tag-modernt-racke-for-balkong","11":"product_tag-stal-balkongracke","13":"first","14":"instock","15":"shipping-taxable","16":"product-type-simple"},"yoast_head":"<!-- This site is optimized with the Yoast SEO plugin v23.1 - https:\/\/yoast.com\/wordpress\/plugins\/seo\/ -->\n<title>Modernt Metalliskt Balkongr\u00e4cke - ABR Home - Metallic constructions since 2010<\/title>\n<meta name=\"robots\" content=\"index, follow, max-snippet:-1, max-image-preview:large, max-video-preview:-1\" \/>\n<link rel=\"canonical\" href=\"https:\/\/abrhome.eu\/produkt\/modern-metallic-balcony-railing\/\" \/>\n<meta property=\"og:locale\" content=\"sv_SE\" \/>\n<meta property=\"og:type\" content=\"article\" \/>\n<meta property=\"og:title\" content=\"Modernt Metalliskt Balkongr\u00e4cke - ABR Home - Metallic constructions since 2010\" \/>\n<meta property=\"og:description\" content=\"Uppt\u00e4ck v\u00e5rt Modernt Metalliskt Balkongr\u00e4cke, tillverkat av h\u00e5llbart st\u00e5l eller aluminium. Idealisk f\u00f6r att f\u00f6rb\u00e4ttra b\u00e5de s\u00e4kerhet och stil, detta r\u00e4cke har en pulverlackerad yta f\u00f6r \u00f6verl\u00e4gsen livsl\u00e4ngd och v\u00e4derbest\u00e4ndighet. Perfekt f\u00f6r b\u00e5de bost\u00e4der och kommersiellt bruk.\" \/>\n<meta property=\"og:url\" content=\"https:\/\/abrhome.eu\/produkt\/modern-metallic-balcony-railing\/\" \/>\n<meta property=\"og:site_name\" content=\"ABR Home - Metallic constructions since 2010\" \/>\n<meta property=\"article:modified_time\" content=\"2024-06-04T20:19:04+00:00\" \/>\n<meta property=\"og:image\" content=\"https:\/\/abrhome.eu\/wp-content\/uploads\/2024\/06\/IMG-20211113-WA0002.jpg\" \/>\n\t<meta property=\"og:image:width\" content=\"1600\" \/>\n\t<meta property=\"og:image:height\" content=\"1200\" \/>\n\t<meta property=\"og:image:type\" content=\"image\/jpeg\" \/>\n<meta name=\"twitter:card\" content=\"summary_large_image\" \/>\n<meta name=\"twitter:label1\" content=\"Ber\u00e4knad l\u00e4stid\" \/>\n\t<meta name=\"twitter:data1\" content=\"1 minut\" \/>\n<script type=\"application\/ld+json\" class=\"yoast-schema-graph\">{\"@context\":\"https:\/\/schema.org\",\"@graph\":[{\"@type\":\"WebPage\",\"@id\":\"https:\/\/abrhome.eu\/produkt\/modern-metallic-balcony-railing\/\",\"url\":\"https:\/\/abrhome.eu\/produkt\/modern-metallic-balcony-railing\/\",\"name\":\"Modernt Metalliskt Balkongr\u00e4cke - ABR Home - Metallic constructions since 2010\",\"isPartOf\":{\"@id\":\"https:\/\/abrhome.eu\/#website\"},\"primaryImageOfPage\":{\"@id\":\"https:\/\/abrhome.eu\/produkt\/modern-metallic-balcony-railing\/#primaryimage\"},\"image\":{\"@id\":\"https:\/\/abrhome.eu\/produkt\/modern-metallic-balcony-railing\/#primaryimage\"},\"thumbnailUrl\":\"https:\/\/abrhome.eu\/wp-content\/uploads\/2024\/06\/IMG-20211113-WA0002.jpg\",\"datePublished\":\"2024-06-04T15:23:21+00:00\",\"dateModified\":\"2024-06-04T20:19:04+00:00\",\"breadcrumb\":{\"@id\":\"https:\/\/abrhome.eu\/produkt\/modern-metallic-balcony-railing\/#breadcrumb\"},\"inLanguage\":\"sv-SE\",\"potentialAction\":[{\"@type\":\"ReadAction\",\"target\":[\"https:\/\/abrhome.eu\/produkt\/modern-metallic-balcony-railing\/\"]}]},{\"@type\":\"ImageObject\",\"inLanguage\":\"sv-SE\",\"@id\":\"https:\/\/abrhome.eu\/produkt\/modern-metallic-balcony-railing\/#primaryimage\",\"url\":\"https:\/\/abrhome.eu\/wp-content\/uploads\/2024\/06\/IMG-20211113-WA0002.jpg\",\"contentUrl\":\"https:\/\/abrhome.eu\/wp-content\/uploads\/2024\/06\/IMG-20211113-WA0002.jpg\",\"width\":1600,\"height\":1200,\"caption\":\"Nykyajan Metallinen Parvekekaide\"},{\"@type\":\"BreadcrumbList\",\"@id\":\"https:\/\/abrhome.eu\/produkt\/modern-metallic-balcony-railing\/#breadcrumb\",\"itemListElement\":[{\"@type\":\"ListItem\",\"position\":1,\"name\":\"Home\",\"item\":\"https:\/\/abrhome.eu\/sv\/\"},{\"@type\":\"ListItem\",\"position\":2,\"name\":\"Produkter\",\"item\":\"https:\/\/abrhome.eu\/sv\/produkter\/\"},{\"@type\":\"ListItem\",\"position\":3,\"name\":\"Modernt Metalliskt Balkongr\u00e4cke\"}]},{\"@type\":\"WebSite\",\"@id\":\"https:\/\/abrhome.eu\/#website\",\"url\":\"https:\/\/abrhome.eu\/\",\"name\":\"ABR Home - Metallic constructions since 2010\",\"description\":\"\",\"publisher\":{\"@id\":\"https:\/\/abrhome.eu\/#organization\"},\"potentialAction\":[{\"@type\":\"SearchAction\",\"target\":{\"@type\":\"EntryPoint\",\"urlTemplate\":\"https:\/\/abrhome.eu\/?s={search_term_string}\"},\"query-input\":\"required name=search_term_string\"}],\"inLanguage\":\"sv-SE\"},{\"@type\":\"Organization\",\"@id\":\"https:\/\/abrhome.eu\/#organization\",\"name\":\"ABR Home - Metallic constructions since 2010\",\"url\":\"https:\/\/abrhome.eu\/\",\"logo\":{\"@type\":\"ImageObject\",\"inLanguage\":\"sv-SE\",\"@id\":\"https:\/\/abrhome.eu\/#\/schema\/logo\/image\/\",\"url\":\"https:\/\/abrhome.eu\/wp-content\/uploads\/2023\/12\/logo-10.png\",\"contentUrl\":\"https:\/\/abrhome.eu\/wp-content\/uploads\/2023\/12\/logo-10.png\",\"width\":300,\"height\":139,\"caption\":\"ABR Home - Metallic constructions since 2010\"},\"image\":{\"@id\":\"https:\/\/abrhome.eu\/#\/schema\/logo\/image\/\"}}]}<\/script>\n<!-- \/ Yoast SEO plugin. -->","yoast_head_json":{"title":"Modernt Metalliskt Balkongr\u00e4cke - ABR Home - Metallic constructions since 2010","robots":{"index":"index","follow":"follow","max-snippet":"max-snippet:-1","max-image-preview":"max-image-preview:large","max-video-preview":"max-video-preview:-1"},"canonical":"https:\/\/abrhome.eu\/produkt\/modern-metallic-balcony-railing\/","og_locale":"sv_SE","og_type":"article","og_title":"Modernt Metalliskt Balkongr\u00e4cke - ABR Home - Metallic constructions since 2010","og_description":"Uppt\u00e4ck v\u00e5rt Modernt Metalliskt Balkongr\u00e4cke, tillverkat av h\u00e5llbart st\u00e5l eller aluminium. Idealisk f\u00f6r att f\u00f6rb\u00e4ttra b\u00e5de s\u00e4kerhet och stil, detta r\u00e4cke har en pulverlackerad yta f\u00f6r \u00f6verl\u00e4gsen livsl\u00e4ngd och v\u00e4derbest\u00e4ndighet. Perfekt f\u00f6r b\u00e5de bost\u00e4der och kommersiellt bruk.","og_url":"https:\/\/abrhome.eu\/produkt\/modern-metallic-balcony-railing\/","og_site_name":"ABR Home - Metallic constructions since 2010","article_modified_time":"2024-06-04T20:19:04+00:00","og_image":[{"width":1600,"height":1200,"url":"https:\/\/abrhome.eu\/wp-content\/uploads\/2024\/06\/IMG-20211113-WA0002.jpg","type":"image\/jpeg"}],"twitter_card":"summary_large_image","twitter_misc":{"Ber\u00e4knad l\u00e4stid":"1 minut"},"schema":{"@context":"https:\/\/schema.org","@graph":[{"@type":"WebPage","@id":"https:\/\/abrhome.eu\/produkt\/modern-metallic-balcony-railing\/","url":"https:\/\/abrhome.eu\/produkt\/modern-metallic-balcony-railing\/","name":"Modernt Metalliskt Balkongr\u00e4cke - ABR Home - Metallic constructions since 2010","isPartOf":{"@id":"https:\/\/abrhome.eu\/#website"},"primaryImageOfPage":{"@id":"https:\/\/abrhome.eu\/produkt\/modern-metallic-balcony-railing\/#primaryimage"},"image":{"@id":"https:\/\/abrhome.eu\/produkt\/modern-metallic-balcony-railing\/#primaryimage"},"thumbnailUrl":"https:\/\/abrhome.eu\/wp-content\/uploads\/2024\/06\/IMG-20211113-WA0002.jpg","datePublished":"2024-06-04T15:23:21+00:00","dateModified":"2024-06-04T20:19:04+00:00","breadcrumb":{"@id":"https:\/\/abrhome.eu\/produkt\/modern-metallic-balcony-railing\/#breadcrumb"},"inLanguage":"sv-SE","potentialAction":[{"@type":"ReadAction","target":["https:\/\/abrhome.eu\/produkt\/modern-metallic-balcony-railing\/"]}]},{"@type":"ImageObject","inLanguage":"sv-SE","@id":"https:\/\/abrhome.eu\/produkt\/modern-metallic-balcony-railing\/#primaryimage","url":"https:\/\/abrhome.eu\/wp-content\/uploads\/2024\/06\/IMG-20211113-WA0002.jpg","contentUrl":"https:\/\/abrhome.eu\/wp-content\/uploads\/2024\/06\/IMG-20211113-WA0002.jpg","width":1600,"height":1200,"caption":"Nykyajan Metallinen Parvekekaide"},{"@type":"BreadcrumbList","@id":"https:\/\/abrhome.eu\/produkt\/modern-metallic-balcony-railing\/#breadcrumb","itemListElement":[{"@type":"ListItem","position":1,"name":"Home","item":"https:\/\/abrhome.eu\/sv\/"},{"@type":"ListItem","position":2,"name":"Produkter","item":"https:\/\/abrhome.eu\/sv\/produkter\/"},{"@type":"ListItem","position":3,"name":"Modernt Metalliskt Balkongr\u00e4cke"}]},{"@type":"WebSite","@id":"https:\/\/abrhome.eu\/#website","url":"https:\/\/abrhome.eu\/","name":"ABR Home - Metallic constructions since 2010","description":"","publisher":{"@id":"https:\/\/abrhome.eu\/#organization"},"potentialAction":[{"@type":"SearchAction","target":{"@type":"EntryPoint","urlTemplate":"https:\/\/abrhome.eu\/?s={search_term_string}"},"query-input":"required name=search_term_string"}],"inLanguage":"sv-SE"},{"@type":"Organization","@id":"https:\/\/abrhome.eu\/#organization","name":"ABR Home - Metallic constructions since 2010","url":"https:\/\/abrhome.eu\/","logo":{"@type":"ImageObject","inLanguage":"sv-SE","@id":"https:\/\/abrhome.eu\/#\/schema\/logo\/image\/","url":"https:\/\/abrhome.eu\/wp-content\/uploads\/2023\/12\/logo-10.png","contentUrl":"https:\/\/abrhome.eu\/wp-content\/uploads\/2023\/12\/logo-10.png","width":300,"height":139,"caption":"ABR Home - Metallic constructions since 2010"},"image":{"@id":"https:\/\/abrhome.eu\/#\/schema\/logo\/image\/"}}]}},"_links":{"self":[{"href":"https:\/\/abrhome.eu\/sv\/wp-json\/wp\/v2\/product\/12629","targetHints":{"allow":["GET"]}}],"collection":[{"href":"https:\/\/abrhome.eu\/sv\/wp-json\/wp\/v2\/product"}],"about":[{"href":"https:\/\/abrhome.eu\/sv\/wp-json\/wp\/v2\/types\/product"}],"version-history":[{"count":0,"href":"https:\/\/abrhome.eu\/sv\/wp-json\/wp\/v2\/product\/12629\/revisions"}],"wp:featuredmedia":[{"embeddable":true,"href":"https:\/\/abrhome.eu\/sv\/wp-json\/wp\/v2\/media\/7598"}],"wp:attachment":[{"href":"https:\/\/abrhome.eu\/sv\/wp-json\/wp\/v2\/media?parent=12629"}],"wp:term":[{"taxonomy":"product_cat","embeddable":true,"href":"https:\/\/abrhome.eu\/sv\/wp-json\/wp\/v2\/product_cat?post=12629"},{"taxonomy":"product_tag","embeddable":true,"href":"https:\/\/abrhome.eu\/sv\/wp-json\/wp\/v2\/product_tag?post=12629"}],"curies":[{"name":"wp","href":"https:\/\/api.w.org\/{rel}","templated":true}]}}