{"id":13078,"date":"2024-06-04T17:15:07","date_gmt":"2024-06-04T15:15:07","guid":{"rendered":"https:\/\/abrhome.eu\/product\/stalsakerhetsgrind-med-vertikala-stanger\/"},"modified":"2024-06-04T22:37:40","modified_gmt":"2024-06-04T20:37:40","slug":"stalsakerhetsgrind-med-vertikala-stanger","status":"publish","type":"product","link":"https:\/\/abrhome.eu\/sv\/produkt\/stalsakerhetsgrind-med-vertikala-stanger\/","title":{"rendered":"St\u00e5ls\u00e4kerhetsgrind med Vertikala St\u00e4nger"},"content":{"rendered":"<p><b>F\u00f6rst\u00e4rk s\u00e4kerheten<\/b> p\u00e5 din fastighet med v\u00e5r robusta <b>St\u00e5ls\u00e4kerhetsgrind med Vertikala St\u00e4nger<\/b>. Denna grind \u00e4r noggrant konstruerad och designad f\u00f6r maximal h\u00e5llbarhet och p\u00e5litlighet. Tillverkad av h\u00f6gkvalitativt st\u00e5l, har den robusta vertikala st\u00e4ngerna och horisontella st\u00f6dst\u00e4nger, samt ett p\u00e5litligt l\u00e5s och handtag f\u00f6r enkel \u00e5tkomst.<\/p>\n<p>Varje grind \u00e4r noggrant svetsad f\u00f6r att \u00f6ka styrka och stabilitet, vilket s\u00e4kerst\u00e4ller en s\u00e4ker passform. F\u00f6r att skydda mot korrosion och bibeh\u00e5lla dess estetiska utseende har grinden en pulverlackering i mattsvart, n\u00e4ra liknande RAL 9005 (Jet Black).<\/p>\n<p>Idealisk f\u00f6r att tillhandah\u00e5lla kontrollerad tillg\u00e5ng och \u00f6kad s\u00e4kerhet till b\u00e5de bostads- och kommersiella fastigheter, kombinerar denna produkt effektivt funktionalitet med stil. Tillg\u00e4nglig i olika storlekar f\u00f6r att passa olika ing\u00e5ngar, \u00e4r grinden utrustad med legerade metalg\u00e5ngj\u00e4rn och metallock f\u00f6r l\u00e5ngvarig h\u00e5llbarhet och enkelhet i anv\u00e4ndning.<\/p>\n<p> <div class=\"p2410-product-tags\" style=\"margin:1rem 0\">\r\n\t\t<div style=\"font-weight:600\">Taggar<\/div>\r\n\t\t<div><a href=\"https:\/\/abrhome.eu\/sv\/produktetikett\/bostadsstalsgrind\/\" class=\"product-tag\">bostadsst\u00e5lsgrind<\/a>, <a href=\"https:\/\/abrhome.eu\/sv\/produktetikett\/grind-med-vertikala-stanger\/\" class=\"product-tag\">grind med vertikala st\u00e4nger<\/a>, <a href=\"https:\/\/abrhome.eu\/sv\/produktetikett\/metallsakerhetsgrind\/\" class=\"product-tag\">metalls\u00e4kerhetsgrind<\/a>, <a href=\"https:\/\/abrhome.eu\/sv\/produktetikett\/pulverlackerad-sakerhetsgrind\/\" class=\"product-tag\">pulverlackerad s\u00e4kerhetsgrind<\/a>, <a href=\"https:\/\/abrhome.eu\/sv\/produktetikett\/stalsakerhetsgrind\/\" class=\"product-tag\">st\u00e5ls\u00e4kerhetsgrind<\/a><\/div>\r\n\t<\/div> <div class=\"p2410-product-colors\" style=\"margin:1rem 0\">\r\n\t\t<div style=\"font-weight:600\">F\u00e4rg<\/div>\r\n\t\t<div><span>RAL 1023 Trafikgul (Gul)<\/span>, <span>RAL 1036 P\u00e4rlguld (Guld)<\/span>, <span>RAL 2004 Ren orange (Orange)<\/span>, <span>RAL 3000 Flamr\u00f6d (R\u00f6d)<\/span>, <span>RAL 3020 Trafikr\u00f6d (R\u00f6d)<\/span>, <span>RAL 4005 Bl\u00e5lila (Violett)<\/span>, <span>RAL 5005 Signalbl\u00e5 (Bl\u00e5)<\/span>, <span>RAL 5010 Gentianabl\u00e5 (Bl\u00e5)<\/span>, <span>RAL 6005 Mossa gr\u00f6n (Gr\u00f6n)<\/span>, <span>RAL 7012 Basaltgr\u00e5 (Gr\u00e5)<\/span>, <span>RAL 7015 Skiffergr\u00e5 (Gr\u00e5)<\/span>, <span>RAL 7016 Antracitgr\u00e5 (Gr\u00e5)<\/span>, <span>RAL 7021 Svartgr\u00e5 (Svart)<\/span>, <span>RAL 7024 Grafitgr\u00e5 (Gr\u00e5)<\/span>, <span>RAL 7032 Gr\u00e5sten (Gr\u00e5)<\/span>, <span>RAL 7035 Ljusgr\u00e5 (Gr\u00e5)<\/span>, <span>RAL 7040 F\u00f6nstergr\u00e5 (Gr\u00e5)<\/span>, <span>RAL 7042 Trafikgr\u00e5 A (Gr\u00e5)<\/span>, <span>RAL 8017 Chokladbrun (Brun)<\/span>, <span>RAL 9005 Jet svart (Svart)<\/span>, <span>RAL 9006 Vit aluminium (Silver)<\/span>, <span>RAL 9007 Gr\u00e5 aluminium (Silver)<\/span>, <span>RAL 9010 Ren vit (Vit)<\/span>, <span>RAL 9016 Trafikvit (Vit)<\/span><\/div>\r\n\t<\/div><\/p>\n","protected":false},"excerpt":{"rendered":"<p>Uppt\u00e4ck v\u00e5r <b>St\u00e5ls\u00e4kerhetsgrind<\/b>, konstruerad f\u00f6r h\u00e5llbarhet med vertikala och horisontella st\u00f6dst\u00e4nger och ett p\u00e5litligt l\u00e5s. Avslutad med pulverlack i mattsvart f\u00f6r korrosionsmotst\u00e5nd och stil.<\/p>\n","protected":false},"featured_media":4163,"template":"","meta":[],"product_cat":[26682],"product_tag":[7835,7793,7821,7807,7779],"class_list":{"0":"post-13078","1":"product","2":"type-product","3":"status-publish","4":"has-post-thumbnail","6":"product_cat-staket-och-grindar","7":"product_tag-bostadsstalsgrind","8":"product_tag-grind-med-vertikala-stanger","9":"product_tag-metallsakerhetsgrind","10":"product_tag-pulverlackerad-sakerhetsgrind","11":"product_tag-stalsakerhetsgrind","13":"first","14":"instock","15":"shipping-taxable","16":"product-type-simple"},"yoast_head":"<!-- This site is optimized with the Yoast SEO plugin v23.1 - https:\/\/yoast.com\/wordpress\/plugins\/seo\/ -->\n<title>St\u00e5ls\u00e4kerhetsgrind med Vertikala St\u00e4nger - ABR Home - Metallic constructions since 2010<\/title>\n<meta name=\"robots\" content=\"index, follow, max-snippet:-1, max-image-preview:large, max-video-preview:-1\" \/>\n<link rel=\"canonical\" href=\"https:\/\/abrhome.eu\/produkt\/steel-security-gate-with-vertical-bars\/\" \/>\n<meta property=\"og:locale\" content=\"sv_SE\" \/>\n<meta property=\"og:type\" content=\"article\" \/>\n<meta property=\"og:title\" content=\"St\u00e5ls\u00e4kerhetsgrind med Vertikala St\u00e4nger - ABR Home - Metallic constructions since 2010\" \/>\n<meta property=\"og:description\" content=\"Uppt\u00e4ck v\u00e5r St\u00e5ls\u00e4kerhetsgrind, konstruerad f\u00f6r h\u00e5llbarhet med vertikala och horisontella st\u00f6dst\u00e4nger och ett p\u00e5litligt l\u00e5s. Avslutad med pulverlack i mattsvart f\u00f6r korrosionsmotst\u00e5nd och stil.\" \/>\n<meta property=\"og:url\" content=\"https:\/\/abrhome.eu\/produkt\/steel-security-gate-with-vertical-bars\/\" \/>\n<meta property=\"og:site_name\" content=\"ABR Home - Metallic constructions since 2010\" \/>\n<meta property=\"article:modified_time\" content=\"2024-06-04T20:37:40+00:00\" \/>\n<meta property=\"og:image\" content=\"https:\/\/abrhome.eu\/wp-content\/uploads\/2024\/06\/IMG-20200615-WA0001.jpg\" \/>\n\t<meta property=\"og:image:width\" content=\"1200\" \/>\n\t<meta property=\"og:image:height\" content=\"1600\" \/>\n\t<meta property=\"og:image:type\" content=\"image\/jpeg\" \/>\n<meta name=\"twitter:card\" content=\"summary_large_image\" \/>\n<meta name=\"twitter:label1\" content=\"Ber\u00e4knad l\u00e4stid\" \/>\n\t<meta name=\"twitter:data1\" content=\"1 minut\" \/>\n<script type=\"application\/ld+json\" class=\"yoast-schema-graph\">{\"@context\":\"https:\/\/schema.org\",\"@graph\":[{\"@type\":\"WebPage\",\"@id\":\"https:\/\/abrhome.eu\/produkt\/steel-security-gate-with-vertical-bars\/\",\"url\":\"https:\/\/abrhome.eu\/produkt\/steel-security-gate-with-vertical-bars\/\",\"name\":\"St\u00e5ls\u00e4kerhetsgrind med Vertikala St\u00e4nger - ABR Home - Metallic constructions since 2010\",\"isPartOf\":{\"@id\":\"https:\/\/abrhome.eu\/#website\"},\"primaryImageOfPage\":{\"@id\":\"https:\/\/abrhome.eu\/produkt\/steel-security-gate-with-vertical-bars\/#primaryimage\"},\"image\":{\"@id\":\"https:\/\/abrhome.eu\/produkt\/steel-security-gate-with-vertical-bars\/#primaryimage\"},\"thumbnailUrl\":\"https:\/\/abrhome.eu\/wp-content\/uploads\/2024\/06\/IMG-20200615-WA0001.jpg\",\"datePublished\":\"2024-06-04T15:15:07+00:00\",\"dateModified\":\"2024-06-04T20:37:40+00:00\",\"breadcrumb\":{\"@id\":\"https:\/\/abrhome.eu\/produkt\/steel-security-gate-with-vertical-bars\/#breadcrumb\"},\"inLanguage\":\"sv-SE\",\"potentialAction\":[{\"@type\":\"ReadAction\",\"target\":[\"https:\/\/abrhome.eu\/produkt\/steel-security-gate-with-vertical-bars\/\"]}]},{\"@type\":\"ImageObject\",\"inLanguage\":\"sv-SE\",\"@id\":\"https:\/\/abrhome.eu\/produkt\/steel-security-gate-with-vertical-bars\/#primaryimage\",\"url\":\"https:\/\/abrhome.eu\/wp-content\/uploads\/2024\/06\/IMG-20200615-WA0001.jpg\",\"contentUrl\":\"https:\/\/abrhome.eu\/wp-content\/uploads\/2024\/06\/IMG-20200615-WA0001.jpg\",\"width\":1200,\"height\":1600,\"caption\":\"Ter\u00e4sturvaportti pystysuorilla tangoilla\"},{\"@type\":\"BreadcrumbList\",\"@id\":\"https:\/\/abrhome.eu\/produkt\/steel-security-gate-with-vertical-bars\/#breadcrumb\",\"itemListElement\":[{\"@type\":\"ListItem\",\"position\":1,\"name\":\"Home\",\"item\":\"https:\/\/abrhome.eu\/sv\/\"},{\"@type\":\"ListItem\",\"position\":2,\"name\":\"Produkter\",\"item\":\"https:\/\/abrhome.eu\/sv\/produkter\/\"},{\"@type\":\"ListItem\",\"position\":3,\"name\":\"St\u00e5ls\u00e4kerhetsgrind med Vertikala St\u00e4nger\"}]},{\"@type\":\"WebSite\",\"@id\":\"https:\/\/abrhome.eu\/#website\",\"url\":\"https:\/\/abrhome.eu\/\",\"name\":\"ABR Home - Metallic constructions since 2010\",\"description\":\"\",\"publisher\":{\"@id\":\"https:\/\/abrhome.eu\/#organization\"},\"potentialAction\":[{\"@type\":\"SearchAction\",\"target\":{\"@type\":\"EntryPoint\",\"urlTemplate\":\"https:\/\/abrhome.eu\/?s={search_term_string}\"},\"query-input\":\"required name=search_term_string\"}],\"inLanguage\":\"sv-SE\"},{\"@type\":\"Organization\",\"@id\":\"https:\/\/abrhome.eu\/#organization\",\"name\":\"ABR Home - Metallic constructions since 2010\",\"url\":\"https:\/\/abrhome.eu\/\",\"logo\":{\"@type\":\"ImageObject\",\"inLanguage\":\"sv-SE\",\"@id\":\"https:\/\/abrhome.eu\/#\/schema\/logo\/image\/\",\"url\":\"https:\/\/abrhome.eu\/wp-content\/uploads\/2023\/12\/logo-10.png\",\"contentUrl\":\"https:\/\/abrhome.eu\/wp-content\/uploads\/2023\/12\/logo-10.png\",\"width\":300,\"height\":139,\"caption\":\"ABR Home - Metallic constructions since 2010\"},\"image\":{\"@id\":\"https:\/\/abrhome.eu\/#\/schema\/logo\/image\/\"}}]}<\/script>\n<!-- \/ Yoast SEO plugin. -->","yoast_head_json":{"title":"St\u00e5ls\u00e4kerhetsgrind med Vertikala St\u00e4nger - ABR Home - Metallic constructions since 2010","robots":{"index":"index","follow":"follow","max-snippet":"max-snippet:-1","max-image-preview":"max-image-preview:large","max-video-preview":"max-video-preview:-1"},"canonical":"https:\/\/abrhome.eu\/produkt\/steel-security-gate-with-vertical-bars\/","og_locale":"sv_SE","og_type":"article","og_title":"St\u00e5ls\u00e4kerhetsgrind med Vertikala St\u00e4nger - ABR Home - Metallic constructions since 2010","og_description":"Uppt\u00e4ck v\u00e5r St\u00e5ls\u00e4kerhetsgrind, konstruerad f\u00f6r h\u00e5llbarhet med vertikala och horisontella st\u00f6dst\u00e4nger och ett p\u00e5litligt l\u00e5s. Avslutad med pulverlack i mattsvart f\u00f6r korrosionsmotst\u00e5nd och stil.","og_url":"https:\/\/abrhome.eu\/produkt\/steel-security-gate-with-vertical-bars\/","og_site_name":"ABR Home - Metallic constructions since 2010","article_modified_time":"2024-06-04T20:37:40+00:00","og_image":[{"width":1200,"height":1600,"url":"https:\/\/abrhome.eu\/wp-content\/uploads\/2024\/06\/IMG-20200615-WA0001.jpg","type":"image\/jpeg"}],"twitter_card":"summary_large_image","twitter_misc":{"Ber\u00e4knad l\u00e4stid":"1 minut"},"schema":{"@context":"https:\/\/schema.org","@graph":[{"@type":"WebPage","@id":"https:\/\/abrhome.eu\/produkt\/steel-security-gate-with-vertical-bars\/","url":"https:\/\/abrhome.eu\/produkt\/steel-security-gate-with-vertical-bars\/","name":"St\u00e5ls\u00e4kerhetsgrind med Vertikala St\u00e4nger - ABR Home - Metallic constructions since 2010","isPartOf":{"@id":"https:\/\/abrhome.eu\/#website"},"primaryImageOfPage":{"@id":"https:\/\/abrhome.eu\/produkt\/steel-security-gate-with-vertical-bars\/#primaryimage"},"image":{"@id":"https:\/\/abrhome.eu\/produkt\/steel-security-gate-with-vertical-bars\/#primaryimage"},"thumbnailUrl":"https:\/\/abrhome.eu\/wp-content\/uploads\/2024\/06\/IMG-20200615-WA0001.jpg","datePublished":"2024-06-04T15:15:07+00:00","dateModified":"2024-06-04T20:37:40+00:00","breadcrumb":{"@id":"https:\/\/abrhome.eu\/produkt\/steel-security-gate-with-vertical-bars\/#breadcrumb"},"inLanguage":"sv-SE","potentialAction":[{"@type":"ReadAction","target":["https:\/\/abrhome.eu\/produkt\/steel-security-gate-with-vertical-bars\/"]}]},{"@type":"ImageObject","inLanguage":"sv-SE","@id":"https:\/\/abrhome.eu\/produkt\/steel-security-gate-with-vertical-bars\/#primaryimage","url":"https:\/\/abrhome.eu\/wp-content\/uploads\/2024\/06\/IMG-20200615-WA0001.jpg","contentUrl":"https:\/\/abrhome.eu\/wp-content\/uploads\/2024\/06\/IMG-20200615-WA0001.jpg","width":1200,"height":1600,"caption":"Ter\u00e4sturvaportti pystysuorilla tangoilla"},{"@type":"BreadcrumbList","@id":"https:\/\/abrhome.eu\/produkt\/steel-security-gate-with-vertical-bars\/#breadcrumb","itemListElement":[{"@type":"ListItem","position":1,"name":"Home","item":"https:\/\/abrhome.eu\/sv\/"},{"@type":"ListItem","position":2,"name":"Produkter","item":"https:\/\/abrhome.eu\/sv\/produkter\/"},{"@type":"ListItem","position":3,"name":"St\u00e5ls\u00e4kerhetsgrind med Vertikala St\u00e4nger"}]},{"@type":"WebSite","@id":"https:\/\/abrhome.eu\/#website","url":"https:\/\/abrhome.eu\/","name":"ABR Home - Metallic constructions since 2010","description":"","publisher":{"@id":"https:\/\/abrhome.eu\/#organization"},"potentialAction":[{"@type":"SearchAction","target":{"@type":"EntryPoint","urlTemplate":"https:\/\/abrhome.eu\/?s={search_term_string}"},"query-input":"required name=search_term_string"}],"inLanguage":"sv-SE"},{"@type":"Organization","@id":"https:\/\/abrhome.eu\/#organization","name":"ABR Home - Metallic constructions since 2010","url":"https:\/\/abrhome.eu\/","logo":{"@type":"ImageObject","inLanguage":"sv-SE","@id":"https:\/\/abrhome.eu\/#\/schema\/logo\/image\/","url":"https:\/\/abrhome.eu\/wp-content\/uploads\/2023\/12\/logo-10.png","contentUrl":"https:\/\/abrhome.eu\/wp-content\/uploads\/2023\/12\/logo-10.png","width":300,"height":139,"caption":"ABR Home - Metallic constructions since 2010"},"image":{"@id":"https:\/\/abrhome.eu\/#\/schema\/logo\/image\/"}}]}},"_links":{"self":[{"href":"https:\/\/abrhome.eu\/sv\/wp-json\/wp\/v2\/product\/13078","targetHints":{"allow":["GET"]}}],"collection":[{"href":"https:\/\/abrhome.eu\/sv\/wp-json\/wp\/v2\/product"}],"about":[{"href":"https:\/\/abrhome.eu\/sv\/wp-json\/wp\/v2\/types\/product"}],"version-history":[{"count":0,"href":"https:\/\/abrhome.eu\/sv\/wp-json\/wp\/v2\/product\/13078\/revisions"}],"wp:featuredmedia":[{"embeddable":true,"href":"https:\/\/abrhome.eu\/sv\/wp-json\/wp\/v2\/media\/4163"}],"wp:attachment":[{"href":"https:\/\/abrhome.eu\/sv\/wp-json\/wp\/v2\/media?parent=13078"}],"wp:term":[{"taxonomy":"product_cat","embeddable":true,"href":"https:\/\/abrhome.eu\/sv\/wp-json\/wp\/v2\/product_cat?post=13078"},{"taxonomy":"product_tag","embeddable":true,"href":"https:\/\/abrhome.eu\/sv\/wp-json\/wp\/v2\/product_tag?post=13078"}],"curies":[{"name":"wp","href":"https:\/\/api.w.org\/{rel}","templated":true}]}}