{"id":13203,"date":"2024-06-04T17:15:32","date_gmt":"2024-06-04T15:15:32","guid":{"rendered":"https:\/\/abrhome.eu\/product\/elegant-ornamental-metalldorr-2\/"},"modified":"2024-06-04T22:39:25","modified_gmt":"2024-06-04T20:39:25","slug":"elegant-ornamental-metalldorr-2","status":"publish","type":"product","link":"https:\/\/abrhome.eu\/sv\/produkt\/elegant-ornamental-metalldorr-2\/","title":{"rendered":"Elegant Ornamental Metalld\u00f6rr"},"content":{"rendered":"<p>F\u00f6rsk\u00f6na entr\u00e9n till din bostad eller ditt kommersiella fastighet med <b>Elegant Ornamental Metalld\u00f6rr<\/b>. Noggrant utformad f\u00f6r att kombinera b\u00e5de funktionalitet och lyxig estetik, denna d\u00f6rr \u00e4r ett utm\u00e4rkt val f\u00f6r kr\u00e4sna fastighets\u00e4gare. V\u00e5ra grindar \u00e4r noggrant konstruerade och specialtillverkade fr\u00e5n finaste kvalitet <b>st\u00e5l<\/b> eller <b>j\u00e4rn<\/b>, vilket s\u00e4kerst\u00e4ller en \u00f6verl\u00e4gsen produkt.<\/p>\n<p>Med b\u00f6rjan i exakt ingenj\u00f6rskonst, genomg\u00e5r varje grind detaljerade processer inklusive noggrann sk\u00e4rning, formning och intrikat b\u00f6jning. Detta kompletteras av detaljerad svetsning, som skapar vacker ornamentik. Varje grinds h\u00e5llbarhet f\u00f6rst\u00e4rks genom omfattande ytbehandlingar som slipning, galvanisering eller pulverlackering i en sofistikerad metallisk gr\u00e5 finish (RAL 7042 Trafikgr\u00e5 A). Dessa steg s\u00e4kerst\u00e4ller att grinden inte bara \u00e4r visuellt tilltalande utan ocks\u00e5 mycket motst\u00e5ndskraftig mot milj\u00f6element.<\/p>\n<p>V\u00e5ra <b>Ornamental Metalld\u00f6rrar<\/b> kommer i olika storlekar f\u00f6r att m\u00f6ta olika inh\u00e4gnadsbehov och \u00e4r utrustade med tunga g\u00e5ngj\u00e4rn f\u00f6r m\u00e4ktig operation. De representerar h\u00f6jdpunkten av elegans och s\u00e4kerhet i <b>Metal S\u00e4kerhetsd\u00f6rrar<\/b>, l\u00e4mpliga f\u00f6r b\u00e5de <b>Bostads Metalld\u00f6rrar<\/b> och <b>Kommersiella Metalld\u00f6rrar<\/b>.<\/p>\n<p> <div class=\"p2410-product-tags\" style=\"margin:1rem 0\">\r\n\t\t<div style=\"font-weight:600\">Taggar<\/div>\r\n\t\t<div><a href=\"https:\/\/abrhome.eu\/sv\/produktetikett\/kommerciell-metallgrind\/\" class=\"product-tag\">kommerciell metallgrind<\/a>, <a href=\"https:\/\/abrhome.eu\/sv\/produktetikett\/metal-grind\/\" class=\"product-tag\">Metal grind<\/a>, <a href=\"https:\/\/abrhome.eu\/sv\/produktetikett\/metallsakerhetsgrind\/\" class=\"product-tag\">metalls\u00e4kerhetsgrind<\/a>, <a href=\"https:\/\/abrhome.eu\/sv\/produktetikett\/ornamental-metalldorr\/\" class=\"product-tag\">Ornamental Metalld\u00f6rr<\/a>, <a href=\"https:\/\/abrhome.eu\/sv\/produktetikett\/privat-metallgrind\/\" class=\"product-tag\">Privat Metallgrind<\/a><\/div>\r\n\t<\/div> <div class=\"p2410-product-colors\" style=\"margin:1rem 0\">\r\n\t\t<div style=\"font-weight:600\">F\u00e4rg<\/div>\r\n\t\t<div><span>RAL 1023 Trafikgul (Gul)<\/span>, <span>RAL 1036 P\u00e4rlguld (Guld)<\/span>, <span>RAL 2004 Ren orange (Orange)<\/span>, <span>RAL 3000 Flamr\u00f6d (R\u00f6d)<\/span>, <span>RAL 3020 Trafikr\u00f6d (R\u00f6d)<\/span>, <span>RAL 4005 Bl\u00e5lila (Violett)<\/span>, <span>RAL 5005 Signalbl\u00e5 (Bl\u00e5)<\/span>, <span>RAL 5010 Gentianabl\u00e5 (Bl\u00e5)<\/span>, <span>RAL 6005 Mossa gr\u00f6n (Gr\u00f6n)<\/span>, <span>RAL 7012 Basaltgr\u00e5 (Gr\u00e5)<\/span>, <span>RAL 7015 Skiffergr\u00e5 (Gr\u00e5)<\/span>, <span>RAL 7016 Antracitgr\u00e5 (Gr\u00e5)<\/span>, <span>RAL 7021 Svartgr\u00e5 (Svart)<\/span>, <span>RAL 7024 Grafitgr\u00e5 (Gr\u00e5)<\/span>, <span>RAL 7032 Gr\u00e5sten (Gr\u00e5)<\/span>, <span>RAL 7035 Ljusgr\u00e5 (Gr\u00e5)<\/span>, <span>RAL 7040 F\u00f6nstergr\u00e5 (Gr\u00e5)<\/span>, <span>RAL 7042 Trafikgr\u00e5 A (Gr\u00e5)<\/span>, <span>RAL 8017 Chokladbrun (Brun)<\/span>, <span>RAL 9005 Jet svart (Svart)<\/span>, <span>RAL 9006 Vit aluminium (Silver)<\/span>, <span>RAL 9007 Gr\u00e5 aluminium (Silver)<\/span>, <span>RAL 9010 Ren vit (Vit)<\/span>, <span>RAL 9016 Trafikvit (Vit)<\/span><\/div>\r\n\t<\/div><\/p>\n","protected":false},"excerpt":{"rendered":"<p>Uppt\u00e4ck <b>Elegant Ornamental Metalld\u00f6rr<\/b>, tillverkad av h\u00f6gkvalitativt <b>st\u00e5l<\/b> eller <b>j\u00e4rn<\/b>. Med sin sofistikerade design och h\u00e5llbara konstruktion garanterar den f\u00f6rb\u00e4ttrad s\u00e4kerhet och estetisk attraktion f\u00f6r b\u00e5de bostads- och kommersiella fastigheter. Finns i olika storlekar och avslutad i metallisk gr\u00e5 f\u00f6r o\u00f6vertr\u00e4ffad elegans och motst\u00e5ndskraft.<\/p>\n","protected":false},"featured_media":4358,"template":"","meta":[],"product_cat":[26682],"product_tag":[7863,8226,7821,8431,8406],"class_list":{"0":"post-13203","1":"product","2":"type-product","3":"status-publish","4":"has-post-thumbnail","6":"product_cat-staket-och-grindar","7":"product_tag-kommerciell-metallgrind","8":"product_tag-metal-grind","9":"product_tag-metallsakerhetsgrind","10":"product_tag-ornamental-metalldorr","11":"product_tag-privat-metallgrind","13":"first","14":"instock","15":"shipping-taxable","16":"product-type-simple"},"yoast_head":"<!-- This site is optimized with the Yoast SEO plugin v23.1 - https:\/\/yoast.com\/wordpress\/plugins\/seo\/ -->\n<title>Elegant Ornamental Metalld\u00f6rr - ABR Home - Metallic constructions since 2010<\/title>\n<meta name=\"robots\" content=\"index, follow, max-snippet:-1, max-image-preview:large, max-video-preview:-1\" \/>\n<link rel=\"canonical\" href=\"https:\/\/abrhome.eu\/produkt\/elegant-ornamental-metal-gate-2\/\" \/>\n<meta property=\"og:locale\" content=\"sv_SE\" \/>\n<meta property=\"og:type\" content=\"article\" \/>\n<meta property=\"og:title\" content=\"Elegant Ornamental Metalld\u00f6rr - ABR Home - Metallic constructions since 2010\" \/>\n<meta property=\"og:description\" content=\"Uppt\u00e4ck Elegant Ornamental Metalld\u00f6rr, tillverkad av h\u00f6gkvalitativt st\u00e5l eller j\u00e4rn. Med sin sofistikerade design och h\u00e5llbara konstruktion garanterar den f\u00f6rb\u00e4ttrad s\u00e4kerhet och estetisk attraktion f\u00f6r b\u00e5de bostads- och kommersiella fastigheter. Finns i olika storlekar och avslutad i metallisk gr\u00e5 f\u00f6r o\u00f6vertr\u00e4ffad elegans och motst\u00e5ndskraft.\" \/>\n<meta property=\"og:url\" content=\"https:\/\/abrhome.eu\/produkt\/elegant-ornamental-metal-gate-2\/\" \/>\n<meta property=\"og:site_name\" content=\"ABR Home - Metallic constructions since 2010\" \/>\n<meta property=\"article:modified_time\" content=\"2024-06-04T20:39:25+00:00\" \/>\n<meta property=\"og:image\" content=\"https:\/\/abrhome.eu\/wp-content\/uploads\/2024\/06\/Z18-scaled.jpg\" \/>\n\t<meta property=\"og:image:width\" content=\"2560\" \/>\n\t<meta property=\"og:image:height\" content=\"1920\" \/>\n\t<meta property=\"og:image:type\" content=\"image\/jpeg\" \/>\n<meta name=\"twitter:card\" content=\"summary_large_image\" \/>\n<meta name=\"twitter:label1\" content=\"Ber\u00e4knad l\u00e4stid\" \/>\n\t<meta name=\"twitter:data1\" content=\"1 minut\" \/>\n<script type=\"application\/ld+json\" class=\"yoast-schema-graph\">{\"@context\":\"https:\/\/schema.org\",\"@graph\":[{\"@type\":\"WebPage\",\"@id\":\"https:\/\/abrhome.eu\/produkt\/elegant-ornamental-metal-gate-2\/\",\"url\":\"https:\/\/abrhome.eu\/produkt\/elegant-ornamental-metal-gate-2\/\",\"name\":\"Elegant Ornamental Metalld\u00f6rr - ABR Home - Metallic constructions since 2010\",\"isPartOf\":{\"@id\":\"https:\/\/abrhome.eu\/#website\"},\"primaryImageOfPage\":{\"@id\":\"https:\/\/abrhome.eu\/produkt\/elegant-ornamental-metal-gate-2\/#primaryimage\"},\"image\":{\"@id\":\"https:\/\/abrhome.eu\/produkt\/elegant-ornamental-metal-gate-2\/#primaryimage\"},\"thumbnailUrl\":\"https:\/\/abrhome.eu\/wp-content\/uploads\/2024\/06\/Z18-scaled.jpg\",\"datePublished\":\"2024-06-04T15:15:32+00:00\",\"dateModified\":\"2024-06-04T20:39:25+00:00\",\"breadcrumb\":{\"@id\":\"https:\/\/abrhome.eu\/produkt\/elegant-ornamental-metal-gate-2\/#breadcrumb\"},\"inLanguage\":\"sv-SE\",\"potentialAction\":[{\"@type\":\"ReadAction\",\"target\":[\"https:\/\/abrhome.eu\/produkt\/elegant-ornamental-metal-gate-2\/\"]}]},{\"@type\":\"ImageObject\",\"inLanguage\":\"sv-SE\",\"@id\":\"https:\/\/abrhome.eu\/produkt\/elegant-ornamental-metal-gate-2\/#primaryimage\",\"url\":\"https:\/\/abrhome.eu\/wp-content\/uploads\/2024\/06\/Z18-scaled.jpg\",\"contentUrl\":\"https:\/\/abrhome.eu\/wp-content\/uploads\/2024\/06\/Z18-scaled.jpg\",\"width\":2560,\"height\":1920,\"caption\":\"Tyylik\u00e4s Koristeellinen Metalliporrti\"},{\"@type\":\"BreadcrumbList\",\"@id\":\"https:\/\/abrhome.eu\/produkt\/elegant-ornamental-metal-gate-2\/#breadcrumb\",\"itemListElement\":[{\"@type\":\"ListItem\",\"position\":1,\"name\":\"Home\",\"item\":\"https:\/\/abrhome.eu\/sv\/\"},{\"@type\":\"ListItem\",\"position\":2,\"name\":\"Produkter\",\"item\":\"https:\/\/abrhome.eu\/sv\/produkter\/\"},{\"@type\":\"ListItem\",\"position\":3,\"name\":\"Elegant Ornamental Metalld\u00f6rr\"}]},{\"@type\":\"WebSite\",\"@id\":\"https:\/\/abrhome.eu\/#website\",\"url\":\"https:\/\/abrhome.eu\/\",\"name\":\"ABR Home - Metallic constructions since 2010\",\"description\":\"\",\"publisher\":{\"@id\":\"https:\/\/abrhome.eu\/#organization\"},\"potentialAction\":[{\"@type\":\"SearchAction\",\"target\":{\"@type\":\"EntryPoint\",\"urlTemplate\":\"https:\/\/abrhome.eu\/?s={search_term_string}\"},\"query-input\":\"required name=search_term_string\"}],\"inLanguage\":\"sv-SE\"},{\"@type\":\"Organization\",\"@id\":\"https:\/\/abrhome.eu\/#organization\",\"name\":\"ABR Home - Metallic constructions since 2010\",\"url\":\"https:\/\/abrhome.eu\/\",\"logo\":{\"@type\":\"ImageObject\",\"inLanguage\":\"sv-SE\",\"@id\":\"https:\/\/abrhome.eu\/#\/schema\/logo\/image\/\",\"url\":\"https:\/\/abrhome.eu\/wp-content\/uploads\/2023\/12\/logo-10.png\",\"contentUrl\":\"https:\/\/abrhome.eu\/wp-content\/uploads\/2023\/12\/logo-10.png\",\"width\":300,\"height\":139,\"caption\":\"ABR Home - Metallic constructions since 2010\"},\"image\":{\"@id\":\"https:\/\/abrhome.eu\/#\/schema\/logo\/image\/\"}}]}<\/script>\n<!-- \/ Yoast SEO plugin. -->","yoast_head_json":{"title":"Elegant Ornamental Metalld\u00f6rr - ABR Home - Metallic constructions since 2010","robots":{"index":"index","follow":"follow","max-snippet":"max-snippet:-1","max-image-preview":"max-image-preview:large","max-video-preview":"max-video-preview:-1"},"canonical":"https:\/\/abrhome.eu\/produkt\/elegant-ornamental-metal-gate-2\/","og_locale":"sv_SE","og_type":"article","og_title":"Elegant Ornamental Metalld\u00f6rr - ABR Home - Metallic constructions since 2010","og_description":"Uppt\u00e4ck Elegant Ornamental Metalld\u00f6rr, tillverkad av h\u00f6gkvalitativt st\u00e5l eller j\u00e4rn. Med sin sofistikerade design och h\u00e5llbara konstruktion garanterar den f\u00f6rb\u00e4ttrad s\u00e4kerhet och estetisk attraktion f\u00f6r b\u00e5de bostads- och kommersiella fastigheter. Finns i olika storlekar och avslutad i metallisk gr\u00e5 f\u00f6r o\u00f6vertr\u00e4ffad elegans och motst\u00e5ndskraft.","og_url":"https:\/\/abrhome.eu\/produkt\/elegant-ornamental-metal-gate-2\/","og_site_name":"ABR Home - Metallic constructions since 2010","article_modified_time":"2024-06-04T20:39:25+00:00","og_image":[{"width":2560,"height":1920,"url":"https:\/\/abrhome.eu\/wp-content\/uploads\/2024\/06\/Z18-scaled.jpg","type":"image\/jpeg"}],"twitter_card":"summary_large_image","twitter_misc":{"Ber\u00e4knad l\u00e4stid":"1 minut"},"schema":{"@context":"https:\/\/schema.org","@graph":[{"@type":"WebPage","@id":"https:\/\/abrhome.eu\/produkt\/elegant-ornamental-metal-gate-2\/","url":"https:\/\/abrhome.eu\/produkt\/elegant-ornamental-metal-gate-2\/","name":"Elegant Ornamental Metalld\u00f6rr - ABR Home - Metallic constructions since 2010","isPartOf":{"@id":"https:\/\/abrhome.eu\/#website"},"primaryImageOfPage":{"@id":"https:\/\/abrhome.eu\/produkt\/elegant-ornamental-metal-gate-2\/#primaryimage"},"image":{"@id":"https:\/\/abrhome.eu\/produkt\/elegant-ornamental-metal-gate-2\/#primaryimage"},"thumbnailUrl":"https:\/\/abrhome.eu\/wp-content\/uploads\/2024\/06\/Z18-scaled.jpg","datePublished":"2024-06-04T15:15:32+00:00","dateModified":"2024-06-04T20:39:25+00:00","breadcrumb":{"@id":"https:\/\/abrhome.eu\/produkt\/elegant-ornamental-metal-gate-2\/#breadcrumb"},"inLanguage":"sv-SE","potentialAction":[{"@type":"ReadAction","target":["https:\/\/abrhome.eu\/produkt\/elegant-ornamental-metal-gate-2\/"]}]},{"@type":"ImageObject","inLanguage":"sv-SE","@id":"https:\/\/abrhome.eu\/produkt\/elegant-ornamental-metal-gate-2\/#primaryimage","url":"https:\/\/abrhome.eu\/wp-content\/uploads\/2024\/06\/Z18-scaled.jpg","contentUrl":"https:\/\/abrhome.eu\/wp-content\/uploads\/2024\/06\/Z18-scaled.jpg","width":2560,"height":1920,"caption":"Tyylik\u00e4s Koristeellinen Metalliporrti"},{"@type":"BreadcrumbList","@id":"https:\/\/abrhome.eu\/produkt\/elegant-ornamental-metal-gate-2\/#breadcrumb","itemListElement":[{"@type":"ListItem","position":1,"name":"Home","item":"https:\/\/abrhome.eu\/sv\/"},{"@type":"ListItem","position":2,"name":"Produkter","item":"https:\/\/abrhome.eu\/sv\/produkter\/"},{"@type":"ListItem","position":3,"name":"Elegant Ornamental Metalld\u00f6rr"}]},{"@type":"WebSite","@id":"https:\/\/abrhome.eu\/#website","url":"https:\/\/abrhome.eu\/","name":"ABR Home - Metallic constructions since 2010","description":"","publisher":{"@id":"https:\/\/abrhome.eu\/#organization"},"potentialAction":[{"@type":"SearchAction","target":{"@type":"EntryPoint","urlTemplate":"https:\/\/abrhome.eu\/?s={search_term_string}"},"query-input":"required name=search_term_string"}],"inLanguage":"sv-SE"},{"@type":"Organization","@id":"https:\/\/abrhome.eu\/#organization","name":"ABR Home - Metallic constructions since 2010","url":"https:\/\/abrhome.eu\/","logo":{"@type":"ImageObject","inLanguage":"sv-SE","@id":"https:\/\/abrhome.eu\/#\/schema\/logo\/image\/","url":"https:\/\/abrhome.eu\/wp-content\/uploads\/2023\/12\/logo-10.png","contentUrl":"https:\/\/abrhome.eu\/wp-content\/uploads\/2023\/12\/logo-10.png","width":300,"height":139,"caption":"ABR Home - Metallic constructions since 2010"},"image":{"@id":"https:\/\/abrhome.eu\/#\/schema\/logo\/image\/"}}]}},"_links":{"self":[{"href":"https:\/\/abrhome.eu\/sv\/wp-json\/wp\/v2\/product\/13203","targetHints":{"allow":["GET"]}}],"collection":[{"href":"https:\/\/abrhome.eu\/sv\/wp-json\/wp\/v2\/product"}],"about":[{"href":"https:\/\/abrhome.eu\/sv\/wp-json\/wp\/v2\/types\/product"}],"version-history":[{"count":0,"href":"https:\/\/abrhome.eu\/sv\/wp-json\/wp\/v2\/product\/13203\/revisions"}],"wp:featuredmedia":[{"embeddable":true,"href":"https:\/\/abrhome.eu\/sv\/wp-json\/wp\/v2\/media\/4358"}],"wp:attachment":[{"href":"https:\/\/abrhome.eu\/sv\/wp-json\/wp\/v2\/media?parent=13203"}],"wp:term":[{"taxonomy":"product_cat","embeddable":true,"href":"https:\/\/abrhome.eu\/sv\/wp-json\/wp\/v2\/product_cat?post=13203"},{"taxonomy":"product_tag","embeddable":true,"href":"https:\/\/abrhome.eu\/sv\/wp-json\/wp\/v2\/product_tag?post=13203"}],"curies":[{"name":"wp","href":"https:\/\/api.w.org\/{rel}","templated":true}]}}